{"id":85194,"date":"2019-03-06T09:06:51","date_gmt":"2019-03-06T08:06:51","guid":{"rendered":"https:\/\/tstwebgpi01.gpi.it\/?page_id=56297"},"modified":"2023-04-15T12:13:56","modified_gmt":"2023-04-15T10:13:56","slug":"lentreprise","status":"publish","type":"page","link":"https:\/\/www.gpigroup.com\/fr\/lentreprise\/","title":{"rendered":"L&#8217;entreprise"},"content":{"rendered":"<div class=\"wpb-content-wrapper\"><p>[vc_row full_width=&#8221;stretch_row&#8221; equal_height=&#8221;yes&#8221; el_class=&#8221;hero-text-block&#8221; css=&#8221;.vc_custom_1681553627947{padding-top: 140px !important;padding-bottom: 140px !important;background-image: url(https:\/\/www.gpigroup.com\/app\/uploads\/2023\/02\/istock-474947522-DT-1.jpg?id=97128) !important;background-position: center !important;background-repeat: no-repeat !important;background-size: cover !important;}&#8221;][vc_column][vc_column_text]<\/p>\n<h1>GPI &#8211; Innovation for<br \/>\nsustainable healthcare<\/h1>\n<p>[\/vc_column_text][\/vc_column][\/vc_row][vc_row full_width=&#8221;stretch_row&#8221; equal_height=&#8221;yes&#8221; css=&#8221;.vc_custom_1677070497736{background-color: #82027e !important;}&#8221; el_class=&#8221;vision py-0&#8243;][vc_column width=&#8221;1\/4&#8243;][vc_column_text]<\/p>\n<h2>360 M\u20ac<\/h2>\n<p>CHIFFRE D&#8217;AFFAIRES 2022[\/vc_column_text][\/vc_column][vc_column width=&#8221;1\/4&#8243;][vc_column_text]<\/p>\n<h2>+7100<\/h2>\n<p>EMPLOYES 2022[\/vc_column_text][\/vc_column][vc_column width=&#8221;1\/4&#8243;][vc_column_text]<\/p>\n<h2>+3000<\/h2>\n<p>CLIENTS[\/vc_column_text][\/vc_column][vc_column width=&#8221;1\/4&#8243;][vc_column_text]<\/p>\n<h2>+70<\/h2>\n<p>PAYS[\/vc_column_text][\/vc_column][\/vc_row][vc_row][vc_column][vc_column_text el_class=&#8221;gpi_signature_title_human&#8221;]<\/p>\n<h2>L&#8217;entreprise<\/h2>\n<p>[\/vc_column_text][vc_row_inner][vc_column_inner width=&#8221;2\/3&#8243; offset=&#8221;vc_col-sm-offset-4&#8243;][vc_column_text]Nous sommes un groupe multinational qui cr\u00e9e des solutions logicielles, des services et des technologies de pointe pour faciliter la transformation num\u00e9rique des soins de sant\u00e9. Nous sommes en constante \u00e9volution, cot\u00e9s en bourse depuis 2016, avec plus de 3000 clients r\u00e9partis dans plus de 70 pays.<\/p>\n<p>Devenir un acteur majeur de la transformation technologique et durable des processus de pr\u00e9vention, de soins et de sant\u00e9 pour le bien-\u00eatre des individus est notre vision.<\/p>\n<p>Notre mission est d&#8217;offrir des connaissances et des comp\u00e9tences pour l&#8217;am\u00e9lioration continue des processus socio-sanitaires, \u00e0 travers des logiciels, des services et des technologies pour les professionnels de la sant\u00e9 et les patients.[\/vc_column_text][\/vc_column_inner][\/vc_row_inner][\/vc_column][\/vc_row][vc_row][vc_column][vc_column_text el_class=&#8221;gpi_signature_title_tech&#8221;]<\/p>\n<h2>Nos valeurs<\/h2>\n<p>[\/vc_column_text][\/vc_column][\/vc_row][vc_row full_width=&#8221;stretch_row&#8221; gap=&#8221;10&#8243; equal_height=&#8221;yes&#8221; content_placement=&#8221;top&#8221; css=&#8221;.vc_custom_1677229535182{background-color: #82027e !important;}&#8221; el_class=&#8221;vision&#8221;][vc_column width=&#8221;1\/4&#8243;][vc_single_image image=&#8221;98544&#8243; alignment=&#8221;center&#8221; style=&#8221;vc_box_border_circle_2&#8243; border_color=&#8221;white&#8221; el_class=&#8221;gpi-image-circle&#8221;][vc_column_text el_class=&#8221;misure&#8221; css=&#8221;.vc_custom_1678880043307{margin-top: 0px !important;border-top-width: 0px !important;padding-top: 0px !important;}&#8221;]<\/p>\n<h4 style=\"text-align: center;\">\u00c9THIQUE<\/h4>\n<hr style=\"border-top: 4px solid white; width: 50px;\" \/>\n<p style=\"text-align: center;\">Notre r\u00e9putation est<br \/>\nla pierre angulaire de notre<br \/>\nd\u00e9veloppement. Dans le contexte<br \/>\ndans lequel nous op\u00e9rons<br \/>\nl&#8217;\u00e9thique est une<br \/>\nvaleur indispensable.<\/p>\n<p>[\/vc_column_text][\/vc_column][vc_column width=&#8221;1\/4&#8243;][vc_single_image image=&#8221;98556&#8243; alignment=&#8221;center&#8221; style=&#8221;vc_box_border_circle&#8221; border_color=&#8221;white&#8221; el_class=&#8221;gpi-image-circle&#8221;][vc_column_text el_class=&#8221;misure&#8221;]<\/p>\n<h4 style=\"text-align: center;\">RESPONSABILIT\u00c9<\/h4>\n<hr style=\"border-top: 4px solid white; width: 50px;\" \/>\n<p style=\"text-align: center;\">Nous sommes conscients<br \/>\nde la responsabilit\u00e9<br \/>\nde notre travail et<br \/>\nde l&#8217;impact qu&#8217;il a sur<br \/>\nle bien-\u00eatre des personnes.<\/p>\n<p>[\/vc_column_text][\/vc_column][vc_column width=&#8221;1\/4&#8243;][vc_single_image image=&#8221;98567&#8243; alignment=&#8221;center&#8221; style=&#8221;vc_box_border_circle&#8221; border_color=&#8221;white&#8221; el_class=&#8221;gpi-image-circle&#8221;][vc_column_text el_class=&#8221;misure&#8221;]<\/p>\n<h4 style=\"text-align: center;\">SOINS PERSONNELS<\/h4>\n<hr style=\"border-top: 4px solid white; width: 50px;\" \/>\n<p class=\"grid-detail\" style=\"text-align: center;\">Les personnes sont<br \/>\nau centre de nos actions:<br \/>\nemploy\u00e9s, clients, patients&#8230;<br \/>\npour les aider \u00e0 construire<br \/>\nun avenir meilleur.<\/p>\n<p>[\/vc_column_text][\/vc_column][vc_column width=&#8221;1\/4&#8243;][vc_single_image image=&#8221;98578&#8243; alignment=&#8221;center&#8221; style=&#8221;vc_box_border_circle&#8221; border_color=&#8221;white&#8221; el_class=&#8221;gpi-image-circle&#8221;][vc_column_text el_class=&#8221;misure&#8221;]<\/p>\n<h4 style=\"text-align: center;\">PASSION<\/h4>\n<hr style=\"border-top: 4px solid white; width: 50px;\" \/>\n<p class=\"grid-detail\" style=\"text-align: center;\">La passion que<br \/>\nnous mettons dans<br \/>\ntout ce que nous faisons<br \/>\nnous donne l&#8217;\u00e9nergie<br \/>\npour grandir et donner<br \/>\nle meilleur chaque jour.<\/p>\n<p>[\/vc_column_text][\/vc_column][\/vc_row][vc_row disable_element=&#8221;yes&#8221;][vc_column][vc_column_text el_class=&#8221;gpi_signature_title_human&#8221; css=&#8221;.vc_custom_1677504997290{padding-bottom: 50px !important;}&#8221;]<\/p>\n<h2>La nostra Storia<\/h2>\n<p>[\/vc_column_text][\/vc_column][\/vc_row][vc_row full_width=&#8221;stretch_row_content_no_spaces&#8221; disable_element=&#8221;yes&#8221;][vc_column]<div class=\"gpi-dots-post-slider gpi-slider-no-button gpi-slider-azienda lay-image-right\" data-interval=\"5\"><\/div>[\/vc_column][\/vc_row][vc_row disable_element=&#8221;yes&#8221;][vc_column][vc_column_text el_class=&#8221;gpi_signature_title_human&#8221;]<\/p>\n<h2>Le societ\u00e0 del Gruppo GPI<\/h2>\n<p>[\/vc_column_text][vc_row_inner][vc_column_inner width=&#8221;2\/3&#8243; offset=&#8221;vc_col-sm-offset-4&#8243;][vc_column_text el_class=&#8221;mb-0&#8243;]Elenco aggiornato al 14 settembre 2022[\/vc_column_text][vc_column_text]<button class=\"btn btn-underlined ml-auto collapsed\" type=\"button\" data-toggle=\"collapse\" data-target=\"#groupSociety\">Mostra tutte<\/button><\/p>\n<div id=\"groupSociety\" class=\"collapse\">\n<div class=\"row line-height-small\">\n<div class=\"col-12 col-md-6 font-weight-bold\">\n<p>GPI SpA<br \/>\n<small>Capogruppo<\/small><\/p>\n<p>ACCURA srl<\/p>\n<p>ARGENTEA srl<\/p>\n<p>BIM ITALIA srl<\/p>\n<p>CLINICHE DELLA BASILICATA srl<\/p>\n<p>CONSORZIO STABILE CENTO ORIZZONTI scarl<\/p>\n<p>CONTACT CARE SOLUTIONS srl<\/p>\n<p>DO.MI.NO srl<\/p>\n<p>ESAKON ITALIA srl<\/p>\n<p>GBIM srl<\/p>\n<p>GPI CYBERDEFENCE srl<\/p>\n<p>GPI LATAM<\/p>\n<p>GPI USA INC.<\/p>\n<p>GPI POLSKA SP. Z.O.O.<\/p>\n<p>GTT &#8211; GRUPPO PER INFORMATICA TECHNOLOGIE<\/p>\n<p>GUYOT-WALSER INFORMATIQUE S.A.S.<\/p>\n<p>HEALTHECH srl<\/p>\n<p>HEMASOFT SL<\/p>\n<p>HEMASOFT AMERICA CORP.<\/p>\n<p>INFORMATICA GROUP OOO<\/p>\n<p>IOP srl<\/p>\n<p>MEDINFO INTERNATIONAL HEMOSERVICE<\/p>\n<p>OSLO ITALIA srl<\/p>\n<p>PEOPLENAV srl<\/p>\n<p>PROFESSIONAL CLINIC SOFTWARE (PCS) GmbH<\/p>\n<p>RIEDL GmbH<\/p>\n<p>UMANA MEDICAL TECHNOLOGIES Ltd.<\/p>\n<p>XIDERA srl<\/p>\n<p>&nbsp;<\/p><\/div>\n<\/div>\n<div class=\"row\"><button class=\"btn btn-underlined mb-4 mt-4 ml-auto hide-collapsable\" type=\"button\" data-toggle=\"collapse\" data-target=\"#groupSociety\">Nascondi<\/button><\/div>\n<\/div>\n<p>[\/vc_column_text][\/vc_column_inner][\/vc_row_inner][\/vc_column][\/vc_row][vc_row full_width=&#8221;stretch_row&#8221; css=&#8221;.vc_custom_1553345660118{background-color: #ff6600 !important;}&#8221; el_class=&#8221;vision my-0&#8243;][vc_column width=&#8221;7\/12&#8243;][vc_column_text el_class=&#8221;gpi_signature_title_human_hovered&#8221;]<\/p>\n<h2>Les clients de GPI<\/h2>\n<p>[\/vc_column_text][\/vc_column][vc_column width=&#8221;5\/12&#8243;][\/vc_column][\/vc_row][vc_row][vc_column width=&#8221;1\/2&#8243;][vc_single_image image=&#8221;98825&#8243; img_size=&#8221;full&#8221;][\/vc_column][vc_column width=&#8221;1\/2&#8243;][vc_single_image image=&#8221;98770&#8243; img_size=&#8221;full&#8221;][\/vc_column][\/vc_row]<\/p>\n<\/div>","protected":false},"excerpt":{"rendered":"<p>[vc_row full_width=&#8221;stretch_row&#8221; equal_height=&#8221;yes&#8221; el_class=&#8221;hero-text-block&#8221; css=&#8221;.vc_custom_1681553627947{padding-top: 140px !important;padding-bottom: 140px !important;background-image: url(https:\/\/www.gpigroup.com\/app\/uploads\/2023\/02\/istock-474947522-DT-1.jpg?id=97128) !important;background-position: center !important;background-repeat: no-repeat !important;background-size: cover !important;}&#8221;][vc_column][vc_column_text] GPI &#8211; Innovation for sustainable healthcare [\/vc_column_text][\/vc_column][\/vc_row][vc_row full_width=&#8221;stretch_row&#8221; equal_height=&#8221;yes&#8221; css=&#8221;.vc_custom_1677070497736{background-color: #82027e !important;}&#8221; el_class=&#8221;vision py-0&#8243;][vc_column width=&#8221;1\/4&#8243;][vc_column_text] 360 M\u20ac CHIFFRE D&#8217;AFFAIRES 2022[\/vc_column_text][\/vc_column][vc_column width=&#8221;1\/4&#8243;][vc_column_text] +7100 EMPLOYES 2022[\/vc_column_text][\/vc_column][vc_column width=&#8221;1\/4&#8243;][vc_column_text] +3000 CLIENTS[\/vc_column_text][\/vc_column][vc_column width=&#8221;1\/4&#8243;][vc_column_text] +70 PAYS[\/vc_column_text][\/vc_column][\/vc_row][vc_row][vc_column][vc_column_text el_class=&#8221;gpi_signature_title_human&#8221;] L&#8217;entreprise [\/vc_column_text][vc_row_inner][vc_column_inner width=&#8221;2\/3&#8243; offset=&#8221;vc_col-sm-offset-4&#8243;][vc_column_text]Nous sommes un groupe<\/p>\n","protected":false},"author":1,"featured_media":68627,"parent":0,"menu_order":0,"comment_status":"closed","ping_status":"closed","template":"","meta":{"footnotes":""},"class_list":["post-85194","page","type-page","status-publish","has-post-thumbnail","hentry","section-chi-siamo"],"yoast_head":"<!-- This site is optimized with the Yoast SEO plugin v27.1.1 - https:\/\/yoast.com\/product\/yoast-seo-wordpress\/ -->\n<title>L&#039;enterprise | GPI<\/title>\n<meta name=\"description\" content=\"Nous sommes un groupe multinational qui cr\u00e9e des solutions logicielles, des services et des technologies de pointe pour faciliter la transformation num\u00e9rique des soins de sant\u00e9. Nous sommes en constante \u00e9volution, cot\u00e9s en bourse depuis 2016, avec plus de 2700 clients r\u00e9partis dans plus de 70 pays.\" \/>\n<meta name=\"robots\" content=\"index, follow, max-snippet:-1, max-image-preview:large, max-video-preview:-1\" \/>\n<link rel=\"canonical\" href=\"https:\/\/www.gpigroup.com\/fr\/lentreprise\/\" \/>\n<meta property=\"og:locale\" content=\"fr_FR\" \/>\n<meta property=\"og:type\" content=\"article\" \/>\n<meta property=\"og:title\" content=\"L&#039;enterprise | GPI\" \/>\n<meta property=\"og:description\" content=\"Nous sommes un groupe multinational qui cr\u00e9e des solutions logicielles, des services et des technologies de pointe pour faciliter la transformation num\u00e9rique des soins de sant\u00e9. Nous sommes en constante \u00e9volution, cot\u00e9s en bourse depuis 2016, avec plus de 2700 clients r\u00e9partis dans plus de 70 pays.\" \/>\n<meta property=\"og:url\" content=\"https:\/\/www.gpigroup.com\/fr\/lentreprise\/\" \/>\n<meta property=\"og:site_name\" content=\"GPI\" \/>\n<meta property=\"article:publisher\" content=\"https:\/\/www.facebook.com\/GruppoGPI\/\" \/>\n<meta property=\"article:modified_time\" content=\"2023-04-15T10:13:56+00:00\" \/>\n<meta property=\"og:image\" content=\"https:\/\/www.gpigroup.com\/app\/uploads\/2019\/04\/og-link-preview-1.png\" \/>\n\t<meta property=\"og:image:width\" content=\"1366\" \/>\n\t<meta property=\"og:image:height\" content=\"768\" \/>\n\t<meta property=\"og:image:type\" content=\"image\/png\" \/>\n<meta name=\"twitter:card\" content=\"summary_large_image\" \/>\n<meta name=\"twitter:label1\" content=\"Est. reading time\" \/>\n\t<meta name=\"twitter:data1\" content=\"3 minutes\" \/>\n<script type=\"application\/ld+json\" class=\"yoast-schema-graph\">{\"@context\":\"https:\/\/schema.org\",\"@graph\":[{\"@type\":\"WebPage\",\"@id\":\"https:\/\/www.gpigroup.com\/fr\/lentreprise\/\",\"url\":\"https:\/\/www.gpigroup.com\/fr\/lentreprise\/\",\"name\":\"L'enterprise | GPI\",\"isPartOf\":{\"@id\":\"https:\/\/www.gpigroup.com\/fr\/#website\"},\"primaryImageOfPage\":{\"@id\":\"https:\/\/www.gpigroup.com\/fr\/lentreprise\/#primaryimage\"},\"image\":{\"@id\":\"https:\/\/www.gpigroup.com\/fr\/lentreprise\/#primaryimage\"},\"thumbnailUrl\":\"https:\/\/www.gpigroup.com\/app\/uploads\/2019\/04\/og-link-preview-1.png\",\"datePublished\":\"2019-03-06T08:06:51+00:00\",\"dateModified\":\"2023-04-15T10:13:56+00:00\",\"description\":\"Nous sommes un groupe multinational qui cr\u00e9e des solutions logicielles, des services et des technologies de pointe pour faciliter la transformation num\u00e9rique des soins de sant\u00e9. Nous sommes en constante \u00e9volution, cot\u00e9s en bourse depuis 2016, avec plus de 2700 clients r\u00e9partis dans plus de 70 pays.\",\"breadcrumb\":{\"@id\":\"https:\/\/www.gpigroup.com\/fr\/lentreprise\/#breadcrumb\"},\"inLanguage\":\"fr-FR\",\"potentialAction\":[{\"@type\":\"ReadAction\",\"target\":[\"https:\/\/www.gpigroup.com\/fr\/lentreprise\/\"]}]},{\"@type\":\"ImageObject\",\"inLanguage\":\"fr-FR\",\"@id\":\"https:\/\/www.gpigroup.com\/fr\/lentreprise\/#primaryimage\",\"url\":\"https:\/\/www.gpigroup.com\/app\/uploads\/2019\/04\/og-link-preview-1.png\",\"contentUrl\":\"https:\/\/www.gpigroup.com\/app\/uploads\/2019\/04\/og-link-preview-1.png\",\"width\":1366,\"height\":768},{\"@type\":\"BreadcrumbList\",\"@id\":\"https:\/\/www.gpigroup.com\/fr\/lentreprise\/#breadcrumb\",\"itemListElement\":[{\"@type\":\"ListItem\",\"position\":1,\"name\":\"Home\",\"item\":\"https:\/\/www.gpigroup.com\/fr\/\"},{\"@type\":\"ListItem\",\"position\":2,\"name\":\"L&#8217;entreprise\"}]},{\"@type\":\"WebSite\",\"@id\":\"https:\/\/www.gpigroup.com\/fr\/#website\",\"url\":\"https:\/\/www.gpigroup.com\/fr\/\",\"name\":\"GPI\",\"description\":\"The Healthcare Partner\",\"publisher\":{\"@id\":\"https:\/\/www.gpigroup.com\/fr\/#organization\"},\"potentialAction\":[{\"@type\":\"SearchAction\",\"target\":{\"@type\":\"EntryPoint\",\"urlTemplate\":\"https:\/\/www.gpigroup.com\/fr\/?s={search_term_string}\"},\"query-input\":{\"@type\":\"PropertyValueSpecification\",\"valueRequired\":true,\"valueName\":\"search_term_string\"}}],\"inLanguage\":\"fr-FR\"},{\"@type\":\"Organization\",\"@id\":\"https:\/\/www.gpigroup.com\/fr\/#organization\",\"name\":\"GPI S.p.A.\",\"url\":\"https:\/\/www.gpigroup.com\/fr\/\",\"logo\":{\"@type\":\"ImageObject\",\"inLanguage\":\"fr-FR\",\"@id\":\"https:\/\/www.gpigroup.com\/fr\/#\/schema\/logo\/image\/\",\"url\":\"https:\/\/www.gpigroup.com\/app\/uploads\/2023\/03\/logo-GPI-2019-1.jpg\",\"contentUrl\":\"https:\/\/www.gpigroup.com\/app\/uploads\/2023\/03\/logo-GPI-2019-1.jpg\",\"width\":1946,\"height\":1945,\"caption\":\"GPI S.p.A.\"},\"image\":{\"@id\":\"https:\/\/www.gpigroup.com\/fr\/#\/schema\/logo\/image\/\"},\"sameAs\":[\"https:\/\/www.facebook.com\/GruppoGPI\/\",\"https:\/\/www.linkedin.com\/company\/gpi-spa\",\"http:\/\/www.youtube.com\/user\/GruppoGPI\"]}]}<\/script>\n<!-- \/ Yoast SEO plugin. -->","yoast_head_json":{"title":"L'enterprise | GPI","description":"Nous sommes un groupe multinational qui cr\u00e9e des solutions logicielles, des services et des technologies de pointe pour faciliter la transformation num\u00e9rique des soins de sant\u00e9. Nous sommes en constante \u00e9volution, cot\u00e9s en bourse depuis 2016, avec plus de 2700 clients r\u00e9partis dans plus de 70 pays.","robots":{"index":"index","follow":"follow","max-snippet":"max-snippet:-1","max-image-preview":"max-image-preview:large","max-video-preview":"max-video-preview:-1"},"canonical":"https:\/\/www.gpigroup.com\/fr\/lentreprise\/","og_locale":"fr_FR","og_type":"article","og_title":"L'enterprise | GPI","og_description":"Nous sommes un groupe multinational qui cr\u00e9e des solutions logicielles, des services et des technologies de pointe pour faciliter la transformation num\u00e9rique des soins de sant\u00e9. Nous sommes en constante \u00e9volution, cot\u00e9s en bourse depuis 2016, avec plus de 2700 clients r\u00e9partis dans plus de 70 pays.","og_url":"https:\/\/www.gpigroup.com\/fr\/lentreprise\/","og_site_name":"GPI","article_publisher":"https:\/\/www.facebook.com\/GruppoGPI\/","article_modified_time":"2023-04-15T10:13:56+00:00","og_image":[{"width":1366,"height":768,"url":"https:\/\/www.gpigroup.com\/app\/uploads\/2019\/04\/og-link-preview-1.png","type":"image\/png"}],"twitter_card":"summary_large_image","twitter_misc":{"Est. reading time":"3 minutes"},"schema":{"@context":"https:\/\/schema.org","@graph":[{"@type":"WebPage","@id":"https:\/\/www.gpigroup.com\/fr\/lentreprise\/","url":"https:\/\/www.gpigroup.com\/fr\/lentreprise\/","name":"L'enterprise | GPI","isPartOf":{"@id":"https:\/\/www.gpigroup.com\/fr\/#website"},"primaryImageOfPage":{"@id":"https:\/\/www.gpigroup.com\/fr\/lentreprise\/#primaryimage"},"image":{"@id":"https:\/\/www.gpigroup.com\/fr\/lentreprise\/#primaryimage"},"thumbnailUrl":"https:\/\/www.gpigroup.com\/app\/uploads\/2019\/04\/og-link-preview-1.png","datePublished":"2019-03-06T08:06:51+00:00","dateModified":"2023-04-15T10:13:56+00:00","description":"Nous sommes un groupe multinational qui cr\u00e9e des solutions logicielles, des services et des technologies de pointe pour faciliter la transformation num\u00e9rique des soins de sant\u00e9. Nous sommes en constante \u00e9volution, cot\u00e9s en bourse depuis 2016, avec plus de 2700 clients r\u00e9partis dans plus de 70 pays.","breadcrumb":{"@id":"https:\/\/www.gpigroup.com\/fr\/lentreprise\/#breadcrumb"},"inLanguage":"fr-FR","potentialAction":[{"@type":"ReadAction","target":["https:\/\/www.gpigroup.com\/fr\/lentreprise\/"]}]},{"@type":"ImageObject","inLanguage":"fr-FR","@id":"https:\/\/www.gpigroup.com\/fr\/lentreprise\/#primaryimage","url":"https:\/\/www.gpigroup.com\/app\/uploads\/2019\/04\/og-link-preview-1.png","contentUrl":"https:\/\/www.gpigroup.com\/app\/uploads\/2019\/04\/og-link-preview-1.png","width":1366,"height":768},{"@type":"BreadcrumbList","@id":"https:\/\/www.gpigroup.com\/fr\/lentreprise\/#breadcrumb","itemListElement":[{"@type":"ListItem","position":1,"name":"Home","item":"https:\/\/www.gpigroup.com\/fr\/"},{"@type":"ListItem","position":2,"name":"L&#8217;entreprise"}]},{"@type":"WebSite","@id":"https:\/\/www.gpigroup.com\/fr\/#website","url":"https:\/\/www.gpigroup.com\/fr\/","name":"GPI","description":"The Healthcare Partner","publisher":{"@id":"https:\/\/www.gpigroup.com\/fr\/#organization"},"potentialAction":[{"@type":"SearchAction","target":{"@type":"EntryPoint","urlTemplate":"https:\/\/www.gpigroup.com\/fr\/?s={search_term_string}"},"query-input":{"@type":"PropertyValueSpecification","valueRequired":true,"valueName":"search_term_string"}}],"inLanguage":"fr-FR"},{"@type":"Organization","@id":"https:\/\/www.gpigroup.com\/fr\/#organization","name":"GPI S.p.A.","url":"https:\/\/www.gpigroup.com\/fr\/","logo":{"@type":"ImageObject","inLanguage":"fr-FR","@id":"https:\/\/www.gpigroup.com\/fr\/#\/schema\/logo\/image\/","url":"https:\/\/www.gpigroup.com\/app\/uploads\/2023\/03\/logo-GPI-2019-1.jpg","contentUrl":"https:\/\/www.gpigroup.com\/app\/uploads\/2023\/03\/logo-GPI-2019-1.jpg","width":1946,"height":1945,"caption":"GPI S.p.A."},"image":{"@id":"https:\/\/www.gpigroup.com\/fr\/#\/schema\/logo\/image\/"},"sameAs":["https:\/\/www.facebook.com\/GruppoGPI\/","https:\/\/www.linkedin.com\/company\/gpi-spa","http:\/\/www.youtube.com\/user\/GruppoGPI"]}]}},"_links":{"self":[{"href":"https:\/\/www.gpigroup.com\/fr\/wp-json\/wp\/v2\/pages\/85194","targetHints":{"allow":["GET"]}}],"collection":[{"href":"https:\/\/www.gpigroup.com\/fr\/wp-json\/wp\/v2\/pages"}],"about":[{"href":"https:\/\/www.gpigroup.com\/fr\/wp-json\/wp\/v2\/types\/page"}],"author":[{"embeddable":true,"href":"https:\/\/www.gpigroup.com\/fr\/wp-json\/wp\/v2\/users\/1"}],"replies":[{"embeddable":true,"href":"https:\/\/www.gpigroup.com\/fr\/wp-json\/wp\/v2\/comments?post=85194"}],"version-history":[{"count":10,"href":"https:\/\/www.gpigroup.com\/fr\/wp-json\/wp\/v2\/pages\/85194\/revisions"}],"predecessor-version":[{"id":100984,"href":"https:\/\/www.gpigroup.com\/fr\/wp-json\/wp\/v2\/pages\/85194\/revisions\/100984"}],"wp:featuredmedia":[{"embeddable":true,"href":"https:\/\/www.gpigroup.com\/fr\/wp-json\/wp\/v2\/media\/68627"}],"wp:attachment":[{"href":"https:\/\/www.gpigroup.com\/fr\/wp-json\/wp\/v2\/media?parent=85194"}],"curies":[{"name":"wp","href":"https:\/\/api.w.org\/{rel}","templated":true}]}}