{"id":85193,"date":"2019-01-22T09:30:39","date_gmt":"2019-01-22T08:30:39","guid":{"rendered":"https:\/\/tstwebgpi01.gpi.it\/home\/"},"modified":"2025-05-29T13:44:29","modified_gmt":"2025-05-29T11:44:29","slug":"home","status":"publish","type":"page","link":"https:\/\/www.gpigroup.com\/fr\/","title":{"rendered":"Innovation For Suistanable Healthcare |"},"content":{"rendered":"<div class=\"wpb-content-wrapper\"><p>[vc_row full_width=&#8221;stretch_row_content_no_spaces&#8221; equal_height=&#8221;yes&#8221; el_class=&#8221;post-carousel-row my-0&#8243; css=&#8221;.vc_custom_1677151527257{background-color: #82027E !important;}&#8221;][vc_column]<div class=\"gpi-fw-post-slider gpi-fw-lines-post-slider  lay-image-right\" data-interval=\"3\"><div class=\"gpi-post-slide  \" style=\"background: #f07d00\" ><div class=\"row no-gutters\"><div class=\"gpi-post-slide__image d-flex order-1 col-12 justify-content-center    order-md-2\"><img loading=\"lazy\" decoding=\"async\" width=\"1920\" height=\"1105\" src=\"https:\/\/www.gpigroup.com\/app\/uploads\/2024\/05\/Gpi4Med_slider.jpg\" class=\"attachment-full size-full\" alt=\"Gpi4Med the Global Suite\" srcset=\"https:\/\/www.gpigroup.com\/app\/uploads\/2024\/05\/Gpi4Med_slider.jpg 1920w, https:\/\/www.gpigroup.com\/app\/uploads\/2024\/05\/Gpi4Med_slider-300x173.jpg 300w, https:\/\/www.gpigroup.com\/app\/uploads\/2024\/05\/Gpi4Med_slider-1024x589.jpg 1024w, https:\/\/www.gpigroup.com\/app\/uploads\/2024\/05\/Gpi4Med_slider-768x442.jpg 768w, https:\/\/www.gpigroup.com\/app\/uploads\/2024\/05\/Gpi4Med_slider-1536x884.jpg 1536w\" sizes=\"auto, (max-width: 1920px) 100vw, 1920px\" \/><\/div><!-- post-slide__image --><div class=\"gpi-post-slide__content my-md-auto d-flex flex-column justify-content-around align-items-left-end  col-12 col-md-12 order-md-1 order-2\"><div class=\"gpi-post-slide__content__text__wrapper d-flex flex-column order-2 order-md-1 mt-md-auto overflow-auto\"><div class=\"gpi-post-slide__content__text \"><h1>D\u00e9couvrez la nouvelle suite Gpi4Med !<\/h1>\n<p>La Suite Globale de Logiciels pour Dispositifs M\u00e9dicaux pour tous les services de diagnostic, la gestion du sang, les soins intensifs et la t\u00e9l\u00e9m\u00e9decine.<\/p>\n<p style=\"text-align: right;\"><a class=\"btn call-to-action ml-auto\" href=\"https:\/\/www.gpigroup.com\/fr\/gpi4med-medical-software-suite\/\" target=\"_blank\" rel=\"noopener noreferrer\">En savoir plus<\/a><\/p>\n<p>&nbsp;<\/p>\n<\/div><\/div><div class=\"gpi-post-slide__content__arrows order-1 order-md-2 mt-md-auto\"><div class=\"gpi-post-slider-prev\"><span class=\"ion-ios-arrow-back\"><\/span><\/div><div class=\"gpi-post-slide__content__indicator\"><span class=\"gpi-post-slide__content__arrows_current_slide\"><\/span>\/<span class=\"gpi-post-slide__content__arrows_total_slides\"><\/span><\/div><div class=\"gpi-post-slider-next\"><span class=\"ion-ios-arrow-forward\"><\/span><\/div><\/div><\/div><!-- post-slide__content --><\/div><!-- row --><\/div><!-- post-slide -->0<\/div>[\/vc_column][\/vc_row][vc_row full_width=&#8221;stretch_row_content_no_spaces&#8221; equal_height=&#8221;yes&#8221; disable_element=&#8221;yes&#8221; el_class=&#8221;post-carousel-row my-0&#8243;][vc_column]<div class=\"gpi-fw-post-slider  fill-bg lay-image-right\" data-interval=\"3\"><div class=\"gpi-post-slide  \" style=\"background: #f07d00\" ><div class=\"row no-gutters\"><div class=\"gpi-post-slide__image d-flex order-1 col-12 justify-content-center    order-md-2\"><img loading=\"lazy\" decoding=\"async\" width=\"1920\" height=\"1105\" src=\"https:\/\/www.gpigroup.com\/app\/uploads\/2024\/05\/Gpi4Med_slider.jpg\" class=\"attachment-full size-full\" alt=\"Gpi4Med the Global Suite\" srcset=\"https:\/\/www.gpigroup.com\/app\/uploads\/2024\/05\/Gpi4Med_slider.jpg 1920w, https:\/\/www.gpigroup.com\/app\/uploads\/2024\/05\/Gpi4Med_slider-300x173.jpg 300w, https:\/\/www.gpigroup.com\/app\/uploads\/2024\/05\/Gpi4Med_slider-1024x589.jpg 1024w, https:\/\/www.gpigroup.com\/app\/uploads\/2024\/05\/Gpi4Med_slider-768x442.jpg 768w, https:\/\/www.gpigroup.com\/app\/uploads\/2024\/05\/Gpi4Med_slider-1536x884.jpg 1536w\" sizes=\"auto, (max-width: 1920px) 100vw, 1920px\" \/><\/div><!-- post-slide__image --><div class=\"gpi-post-slide__content my-md-auto d-flex flex-column justify-content-around align-items-left-end  col-12 offset-md-6 col-md-6 order-md-1 order-2\"><div class=\"gpi-post-slide__content__text__wrapper d-flex flex-column order-2 order-md-1 mt-md-auto overflow-auto\"><div class=\"gpi-post-slide__content__text order-3 order-md-3\"><h1>D\u00e9couvrez la nouvelle suite Gpi4Med !<\/h1>\n<p>La Suite Globale de Logiciels pour Dispositifs M\u00e9dicaux pour tous les services de diagnostic, la gestion du sang, les soins intensifs et la t\u00e9l\u00e9m\u00e9decine.<\/p>\n<p style=\"text-align: right;\"><a class=\"btn call-to-action ml-auto\" href=\"https:\/\/www.gpigroup.com\/fr\/gpi4med-medical-software-suite\/\" target=\"_blank\" rel=\"noopener noreferrer\">En savoir plus<\/a><\/p>\n<p>&nbsp;<\/p>\n<\/div><\/div><div class=\"gpi-post-slide__content__arrows order-1 order-md-2 mt-md-auto\"><div class=\"gpi-post-slider-prev\"><span class=\"ion-ios-arrow-back\"><\/span><\/div><div class=\"gpi-post-slide__content__indicator\"><span class=\"gpi-post-slide__content__arrows_current_slide\"><\/span>\/<span class=\"gpi-post-slide__content__arrows_total_slides\"><\/span><\/div><div class=\"gpi-post-slider-next\"><span class=\"ion-ios-arrow-forward\"><\/span><\/div><\/div><\/div><!-- post-slide__content --><\/div><!-- row --><\/div><!-- post-slide -->0<\/div>[\/vc_column][\/vc_row][vc_row full_width=&#8221;stretch_row&#8221; css=&#8221;.vc_custom_1568629498083{background-color: rgba(221,221,221,0.27) !important;*background-color: rgb(221,221,221) !important;}&#8221; el_class=&#8221;news-grid-row&#8221;][vc_column][vc_basic_grid post_type=&#8221;post&#8221; max_items=&#8221;3&#8243; gap=&#8221;10&#8243; item=&#8221;1077&#8243; grid_id=&#8221;vc_gid:1748519055261-38258006-6f03-3&#8243;][vc_column_text]<\/p>\n<p style=\"text-align: right;\"><a class=\"btn call-to-action\" href=\"https:\/\/www.gpigroup.com\/fr\/nouvelles\/\">Nouvelles<\/a><\/p>\n<p>[\/vc_column_text][\/vc_column][\/vc_row][vc_row full_width=&#8221;stretch_row_content_no_spaces&#8221; css=&#8221;.vc_custom_1676641745494{background-color: #ffffff !important;}&#8221;][vc_column][vc_raw_html css=&#8221;&#8221;]JTNDZGl2JTIwaWQlM0QlMjJob21lLWZlYXR1cmUtdmlkZW8lMjIlMjBjbGFzcyUzRCUyMmhvbWUtdmlkZW8taWZyYW1lJTIwZ3BpLXZpbWVvLXZpZGVvJTIyJTIwZGF0YS12aWRlby1pZCUzRCUyMjEwODg3MjM3MTIlMjIlMjBkYXRhLWJnY29sb3IlM0QlMjIlMjIlMjBkYXRhLXBsYXktYWZ0ZXIlM0QlMjIyMDAlMjIlM0UlM0MlMkZkaXYlM0U=[\/vc_raw_html][\/vc_column][\/vc_row][vc_row full_width=&#8221;stretch_row_content_no_spaces&#8221;][vc_column css=&#8221;.vc_custom_1568629484874{padding-top: 0px !important;}&#8221;]<div class=\"gpi-dots-post-slider  lay-image-right\" ><div class=\"gpi-post-slide  \"  ><div class=\"container\"><div class=\"row no-gutters\"><div class=\"gpi-post-slide__image d-flex order-1 col-12 justify-content-center   col-md-8 order-md-2\"><img loading=\"lazy\" decoding=\"async\" width=\"1024\" height=\"576\" src=\"https:\/\/www.gpigroup.com\/app\/uploads\/2019\/05\/asa_automation.jpg\" class=\"attachment-full size-full\" alt=\"\" srcset=\"https:\/\/www.gpigroup.com\/app\/uploads\/2019\/05\/asa_automation.jpg 1024w, https:\/\/www.gpigroup.com\/app\/uploads\/2019\/05\/asa_automation-300x169.jpg 300w, https:\/\/www.gpigroup.com\/app\/uploads\/2019\/05\/asa_automation-768x432.jpg 768w\" sizes=\"auto, (max-width: 1024px) 100vw, 1024px\" \/><\/div><!-- post-slide__image --><div class=\"gpi-post-slide__content mb-md-auto d-flex flex-column justify-content-around align-items-left-end  col-12 col-md-4 order-md-1 order-2\"><div class=\"gpi-post-slide__content__text__wrapper d-flex flex-column order-2 order-md-1 overflow-auto\"><div class=\"gpi-post-slide__content__text order-3 order-md-3\"><h4 >Entrepot pharmaceutique automatis\u00e9<\/h4><p>Rapide et fiable: Riedl Phasys r\u00e9duit les stocks et renouvelle le travail des pharmaciens.<\/p>\n<a class=\"btn call-to-action mr-auto\" href=\"https:\/\/www.gpigroup.com\/fr\/entrepot-pharmaceutique-automatise\/\">Apprendre encore plus<\/a><\/div><\/div><div class=\"gpi-post-slide__content__arrows order-1 order-md-2 mt-md-auto\"><\/div><\/div><!-- post-slide__content --><\/div><!-- row --><\/div><!-- container --><\/div><!-- post-slide -->0<div class=\"gpi-post-slide  \"  ><div class=\"container\"><div class=\"row no-gutters\"><div class=\"gpi-post-slide__image d-flex order-1 col-12 justify-content-center   col-md-8 order-md-2\"><img loading=\"lazy\" decoding=\"async\" width=\"1920\" height=\"1080\" src=\"https:\/\/www.gpigroup.com\/app\/uploads\/2019\/04\/slide-Blood_Tissue-Bank.jpg\" class=\"attachment-full size-full\" alt=\"\" srcset=\"https:\/\/www.gpigroup.com\/app\/uploads\/2019\/04\/slide-Blood_Tissue-Bank.jpg 1920w, https:\/\/www.gpigroup.com\/app\/uploads\/2019\/04\/slide-Blood_Tissue-Bank-300x169.jpg 300w, https:\/\/www.gpigroup.com\/app\/uploads\/2019\/04\/slide-Blood_Tissue-Bank-768x432.jpg 768w, https:\/\/www.gpigroup.com\/app\/uploads\/2019\/04\/slide-Blood_Tissue-Bank-1024x576.jpg 1024w\" sizes=\"auto, (max-width: 1920px) 100vw, 1920px\" \/><\/div><!-- post-slide__image --><div class=\"gpi-post-slide__content mb-md-auto d-flex flex-column justify-content-around align-items-left-end  col-12 col-md-4 order-md-1 order-2\"><div class=\"gpi-post-slide__content__text__wrapper d-flex flex-column order-2 order-md-1 overflow-auto\"><div class=\"gpi-post-slide__content__text order-3 order-md-3\"><h4 >Gestion de L&#8217;Ecosysteme Sang<\/h4><p>Une gestion et une tra\u00e7abilit\u00e9 flexibles, simples et s\u00fbres de tous les processus de transfusion, du lait maternel et des tissus<\/p>\n<a class=\"btn call-to-action mr-auto\" href=\"https:\/\/www.gpigroup.com\/fr\/banque-de-sang-et-de-tissus\/\">Apprendre encore plus<\/a><\/div><\/div><div class=\"gpi-post-slide__content__arrows order-1 order-md-2 mt-md-auto\"><\/div><\/div><!-- post-slide__content --><\/div><!-- row --><\/div><!-- container --><\/div><!-- post-slide -->1<\/div>[\/vc_column][\/vc_row][vc_row full_width=&#8221;stretch_row&#8221; css=&#8221;.vc_custom_1553680368630{background-color: #82027e !important;}&#8221; el_class=&#8221;vision mb-0&#8243;][vc_column width=&#8221;7\/12&#8243;][vc_column_text el_class=&#8221;gpi_signature_title_tech_hovered&#8221;]<\/p>\n<h2>des solutions innovantes pour la sant\u00e9 et le bien-\u00eatre : une valeur durable pour nos actionnaires.<\/h2>\n<p>[\/vc_column_text][\/vc_column][vc_column width=&#8221;5\/12&#8243;][vc_column_text]<\/p>\n<p style=\"text-align: right;\"><a class=\"btn call-to-action\" href=\"https:\/\/www.gpigroup.com\/en\/investors\/\">Votre investissement dans GPI<\/a><\/p>\n<p>[\/vc_column_text][\/vc_column][\/vc_row][vc_row][vc_column][vc_column_text el_class=&#8221;gpi_signature_title_human my-5&#8243;]<\/p>\n<h2>Nos r\u00e9ussites<\/h2>\n<p>[\/vc_column_text][vc_basic_grid post_type=&#8221;business_case&#8221; max_items=&#8221;3&#8243; item=&#8221;904&#8243; grid_id=&#8221;vc_gid:1748519055262-623c8603-a301-1&#8243; el_class=&#8221;orange&#8221;][vc_column_text]<\/p>\n<p style=\"text-align: right;\"><a class=\"btn call-to-action\" href=\"https:\/\/www.gpi.it\/backup\/fr\/cas-de-reussite\/\">En savoir plus <\/a><\/p>\n<p>[\/vc_column_text][\/vc_column][\/vc_row]<\/p>\n<\/div>","protected":false},"excerpt":{"rendered":"<p>[vc_row full_width=&#8221;stretch_row_content_no_spaces&#8221; equal_height=&#8221;yes&#8221; el_class=&#8221;post-carousel-row my-0&#8243; css=&#8221;.vc_custom_1677151527257{background-color: #82027E !important;}&#8221;][vc_column][\/vc_column][\/vc_row][vc_row full_width=&#8221;stretch_row_content_no_spaces&#8221; equal_height=&#8221;yes&#8221; disable_element=&#8221;yes&#8221; el_class=&#8221;post-carousel-row my-0&#8243;][vc_column][\/vc_column][\/vc_row][vc_row full_width=&#8221;stretch_row&#8221; css=&#8221;.vc_custom_1568629498083{background-color: rgba(221,221,221,0.27) !important;*background-color: rgb(221,221,221) !important;}&#8221; el_class=&#8221;news-grid-row&#8221;][vc_column][vc_basic_grid post_type=&#8221;post&#8221; max_items=&#8221;3&#8243; gap=&#8221;10&#8243; item=&#8221;1077&#8243; grid_id=&#8221;vc_gid:1748519055261-38258006-6f03-3&#8243;][vc_column_text] Nouvelles [\/vc_column_text][\/vc_column][\/vc_row][vc_row full_width=&#8221;stretch_row_content_no_spaces&#8221; css=&#8221;.vc_custom_1676641745494{background-color: #ffffff !important;}&#8221;][vc_column][vc_raw_html css=&#8221;&#8221;]JTNDZGl2JTIwaWQlM0QlMjJob21lLWZlYXR1cmUtdmlkZW8lMjIlMjBjbGFzcyUzRCUyMmhvbWUtdmlkZW8taWZyYW1lJTIwZ3BpLXZpbWVvLXZpZGVvJTIyJTIwZGF0YS12aWRlby1pZCUzRCUyMjEwODg3MjM3MTIlMjIlMjBkYXRhLWJnY29sb3IlM0QlMjIlMjIlMjBkYXRhLXBsYXktYWZ0ZXIlM0QlMjIyMDAlMjIlM0UlM0MlMkZkaXYlM0U=[\/vc_raw_html][\/vc_column][\/vc_row][vc_row full_width=&#8221;stretch_row_content_no_spaces&#8221;][vc_column css=&#8221;.vc_custom_1568629484874{padding-top: 0px !important;}&#8221;][\/vc_column][\/vc_row][vc_row full_width=&#8221;stretch_row&#8221; css=&#8221;.vc_custom_1553680368630{background-color: #82027e !important;}&#8221; el_class=&#8221;vision mb-0&#8243;][vc_column width=&#8221;7\/12&#8243;][vc_column_text el_class=&#8221;gpi_signature_title_tech_hovered&#8221;] des solutions innovantes pour la sant\u00e9 et le bien-\u00eatre : une<\/p>\n","protected":false},"author":1,"featured_media":68627,"parent":0,"menu_order":0,"comment_status":"closed","ping_status":"closed","template":"page-templates\/home.php","meta":{"footnotes":""},"class_list":["post-85193","page","type-page","status-publish","has-post-thumbnail","hentry"],"yoast_head":"<!-- This site is optimized with the Yoast SEO plugin v27.1.1 - https:\/\/yoast.com\/product\/yoast-seo-wordpress\/ -->\n<title>GPI: The Healthcare Partner<\/title>\n<meta name=\"description\" content=\"GPI est le partenaire des acteurs du secteur de la sant\u00e9 gr\u00e2ce \u00e0 une offre int\u00e9grant des solutions innovantes et des comp\u00e9tences sp\u00e9cifiques. Contactez-nous.\" \/>\n<meta name=\"robots\" content=\"index, follow, max-snippet:-1, max-image-preview:large, max-video-preview:-1\" \/>\n<link rel=\"canonical\" href=\"https:\/\/www.gpigroup.com\/fr\/\" \/>\n<meta property=\"og:locale\" content=\"fr_FR\" \/>\n<meta property=\"og:type\" content=\"article\" \/>\n<meta property=\"og:title\" content=\"GPI: The Healthcare Partner\" \/>\n<meta property=\"og:description\" content=\"GPI est le partenaire des acteurs du secteur de la sant\u00e9 gr\u00e2ce \u00e0 une offre int\u00e9grant des solutions innovantes et des comp\u00e9tences sp\u00e9cifiques. Contactez-nous.\" \/>\n<meta property=\"og:url\" content=\"https:\/\/www.gpigroup.com\/fr\/\" \/>\n<meta property=\"og:site_name\" content=\"GPI\" \/>\n<meta property=\"article:publisher\" content=\"https:\/\/www.facebook.com\/GruppoGPI\/\" \/>\n<meta property=\"article:modified_time\" content=\"2025-05-29T11:44:29+00:00\" \/>\n<meta property=\"og:image\" content=\"https:\/\/www.gpigroup.com\/app\/uploads\/2019\/04\/og-link-preview-1.png\" \/>\n\t<meta property=\"og:image:width\" content=\"1366\" \/>\n\t<meta property=\"og:image:height\" content=\"768\" \/>\n\t<meta property=\"og:image:type\" content=\"image\/png\" \/>\n<meta name=\"twitter:card\" content=\"summary_large_image\" \/>\n<meta name=\"twitter:label1\" content=\"Est. reading time\" \/>\n\t<meta name=\"twitter:data1\" content=\"1 minute\" \/>\n<script type=\"application\/ld+json\" class=\"yoast-schema-graph\">{\"@context\":\"https:\/\/schema.org\",\"@graph\":[{\"@type\":\"WebPage\",\"@id\":\"https:\/\/www.gpigroup.com\/fr\/\",\"url\":\"https:\/\/www.gpigroup.com\/fr\/\",\"name\":\"GPI: The Healthcare Partner\",\"isPartOf\":{\"@id\":\"https:\/\/www.gpigroup.com\/fr\/#website\"},\"primaryImageOfPage\":{\"@id\":\"https:\/\/www.gpigroup.com\/fr\/#primaryimage\"},\"image\":{\"@id\":\"https:\/\/www.gpigroup.com\/fr\/#primaryimage\"},\"thumbnailUrl\":\"https:\/\/www.gpigroup.com\/app\/uploads\/2019\/04\/og-link-preview-1.png\",\"datePublished\":\"2019-01-22T08:30:39+00:00\",\"dateModified\":\"2025-05-29T11:44:29+00:00\",\"description\":\"GPI est le partenaire des acteurs du secteur de la sant\u00e9 gr\u00e2ce \u00e0 une offre int\u00e9grant des solutions innovantes et des comp\u00e9tences sp\u00e9cifiques. Contactez-nous.\",\"breadcrumb\":{\"@id\":\"https:\/\/www.gpigroup.com\/fr\/#breadcrumb\"},\"inLanguage\":\"fr-FR\",\"potentialAction\":[{\"@type\":\"ReadAction\",\"target\":[\"https:\/\/www.gpigroup.com\/fr\/\"]}]},{\"@type\":\"ImageObject\",\"inLanguage\":\"fr-FR\",\"@id\":\"https:\/\/www.gpigroup.com\/fr\/#primaryimage\",\"url\":\"https:\/\/www.gpigroup.com\/app\/uploads\/2019\/04\/og-link-preview-1.png\",\"contentUrl\":\"https:\/\/www.gpigroup.com\/app\/uploads\/2019\/04\/og-link-preview-1.png\",\"width\":1366,\"height\":768},{\"@type\":\"BreadcrumbList\",\"@id\":\"https:\/\/www.gpigroup.com\/fr\/#breadcrumb\",\"itemListElement\":[{\"@type\":\"ListItem\",\"position\":1,\"name\":\"Home\",\"item\":\"https:\/\/www.gpigroup.com\/fr\/\"},{\"@type\":\"ListItem\",\"position\":2,\"name\":\"Innovation For Suistanable Healthcare |\"}]},{\"@type\":\"WebSite\",\"@id\":\"https:\/\/www.gpigroup.com\/fr\/#website\",\"url\":\"https:\/\/www.gpigroup.com\/fr\/\",\"name\":\"GPI\",\"description\":\"The Healthcare Partner\",\"publisher\":{\"@id\":\"https:\/\/www.gpigroup.com\/fr\/#organization\"},\"potentialAction\":[{\"@type\":\"SearchAction\",\"target\":{\"@type\":\"EntryPoint\",\"urlTemplate\":\"https:\/\/www.gpigroup.com\/fr\/?s={search_term_string}\"},\"query-input\":{\"@type\":\"PropertyValueSpecification\",\"valueRequired\":true,\"valueName\":\"search_term_string\"}}],\"inLanguage\":\"fr-FR\"},{\"@type\":\"Organization\",\"@id\":\"https:\/\/www.gpigroup.com\/fr\/#organization\",\"name\":\"GPI S.p.A.\",\"url\":\"https:\/\/www.gpigroup.com\/fr\/\",\"logo\":{\"@type\":\"ImageObject\",\"inLanguage\":\"fr-FR\",\"@id\":\"https:\/\/www.gpigroup.com\/fr\/#\/schema\/logo\/image\/\",\"url\":\"https:\/\/www.gpigroup.com\/app\/uploads\/2023\/03\/logo-GPI-2019-1.jpg\",\"contentUrl\":\"https:\/\/www.gpigroup.com\/app\/uploads\/2023\/03\/logo-GPI-2019-1.jpg\",\"width\":1946,\"height\":1945,\"caption\":\"GPI S.p.A.\"},\"image\":{\"@id\":\"https:\/\/www.gpigroup.com\/fr\/#\/schema\/logo\/image\/\"},\"sameAs\":[\"https:\/\/www.facebook.com\/GruppoGPI\/\",\"https:\/\/www.linkedin.com\/company\/gpi-spa\",\"http:\/\/www.youtube.com\/user\/GruppoGPI\"]}]}<\/script>\n<!-- \/ Yoast SEO plugin. -->","yoast_head_json":{"title":"GPI: The Healthcare Partner","description":"GPI est le partenaire des acteurs du secteur de la sant\u00e9 gr\u00e2ce \u00e0 une offre int\u00e9grant des solutions innovantes et des comp\u00e9tences sp\u00e9cifiques. Contactez-nous.","robots":{"index":"index","follow":"follow","max-snippet":"max-snippet:-1","max-image-preview":"max-image-preview:large","max-video-preview":"max-video-preview:-1"},"canonical":"https:\/\/www.gpigroup.com\/fr\/","og_locale":"fr_FR","og_type":"article","og_title":"GPI: The Healthcare Partner","og_description":"GPI est le partenaire des acteurs du secteur de la sant\u00e9 gr\u00e2ce \u00e0 une offre int\u00e9grant des solutions innovantes et des comp\u00e9tences sp\u00e9cifiques. Contactez-nous.","og_url":"https:\/\/www.gpigroup.com\/fr\/","og_site_name":"GPI","article_publisher":"https:\/\/www.facebook.com\/GruppoGPI\/","article_modified_time":"2025-05-29T11:44:29+00:00","og_image":[{"width":1366,"height":768,"url":"https:\/\/www.gpigroup.com\/app\/uploads\/2019\/04\/og-link-preview-1.png","type":"image\/png"}],"twitter_card":"summary_large_image","twitter_misc":{"Est. reading time":"1 minute"},"schema":{"@context":"https:\/\/schema.org","@graph":[{"@type":"WebPage","@id":"https:\/\/www.gpigroup.com\/fr\/","url":"https:\/\/www.gpigroup.com\/fr\/","name":"GPI: The Healthcare Partner","isPartOf":{"@id":"https:\/\/www.gpigroup.com\/fr\/#website"},"primaryImageOfPage":{"@id":"https:\/\/www.gpigroup.com\/fr\/#primaryimage"},"image":{"@id":"https:\/\/www.gpigroup.com\/fr\/#primaryimage"},"thumbnailUrl":"https:\/\/www.gpigroup.com\/app\/uploads\/2019\/04\/og-link-preview-1.png","datePublished":"2019-01-22T08:30:39+00:00","dateModified":"2025-05-29T11:44:29+00:00","description":"GPI est le partenaire des acteurs du secteur de la sant\u00e9 gr\u00e2ce \u00e0 une offre int\u00e9grant des solutions innovantes et des comp\u00e9tences sp\u00e9cifiques. Contactez-nous.","breadcrumb":{"@id":"https:\/\/www.gpigroup.com\/fr\/#breadcrumb"},"inLanguage":"fr-FR","potentialAction":[{"@type":"ReadAction","target":["https:\/\/www.gpigroup.com\/fr\/"]}]},{"@type":"ImageObject","inLanguage":"fr-FR","@id":"https:\/\/www.gpigroup.com\/fr\/#primaryimage","url":"https:\/\/www.gpigroup.com\/app\/uploads\/2019\/04\/og-link-preview-1.png","contentUrl":"https:\/\/www.gpigroup.com\/app\/uploads\/2019\/04\/og-link-preview-1.png","width":1366,"height":768},{"@type":"BreadcrumbList","@id":"https:\/\/www.gpigroup.com\/fr\/#breadcrumb","itemListElement":[{"@type":"ListItem","position":1,"name":"Home","item":"https:\/\/www.gpigroup.com\/fr\/"},{"@type":"ListItem","position":2,"name":"Innovation For Suistanable Healthcare |"}]},{"@type":"WebSite","@id":"https:\/\/www.gpigroup.com\/fr\/#website","url":"https:\/\/www.gpigroup.com\/fr\/","name":"GPI","description":"The Healthcare Partner","publisher":{"@id":"https:\/\/www.gpigroup.com\/fr\/#organization"},"potentialAction":[{"@type":"SearchAction","target":{"@type":"EntryPoint","urlTemplate":"https:\/\/www.gpigroup.com\/fr\/?s={search_term_string}"},"query-input":{"@type":"PropertyValueSpecification","valueRequired":true,"valueName":"search_term_string"}}],"inLanguage":"fr-FR"},{"@type":"Organization","@id":"https:\/\/www.gpigroup.com\/fr\/#organization","name":"GPI S.p.A.","url":"https:\/\/www.gpigroup.com\/fr\/","logo":{"@type":"ImageObject","inLanguage":"fr-FR","@id":"https:\/\/www.gpigroup.com\/fr\/#\/schema\/logo\/image\/","url":"https:\/\/www.gpigroup.com\/app\/uploads\/2023\/03\/logo-GPI-2019-1.jpg","contentUrl":"https:\/\/www.gpigroup.com\/app\/uploads\/2023\/03\/logo-GPI-2019-1.jpg","width":1946,"height":1945,"caption":"GPI S.p.A."},"image":{"@id":"https:\/\/www.gpigroup.com\/fr\/#\/schema\/logo\/image\/"},"sameAs":["https:\/\/www.facebook.com\/GruppoGPI\/","https:\/\/www.linkedin.com\/company\/gpi-spa","http:\/\/www.youtube.com\/user\/GruppoGPI"]}]}},"_links":{"self":[{"href":"https:\/\/www.gpigroup.com\/fr\/wp-json\/wp\/v2\/pages\/85193","targetHints":{"allow":["GET"]}}],"collection":[{"href":"https:\/\/www.gpigroup.com\/fr\/wp-json\/wp\/v2\/pages"}],"about":[{"href":"https:\/\/www.gpigroup.com\/fr\/wp-json\/wp\/v2\/types\/page"}],"author":[{"embeddable":true,"href":"https:\/\/www.gpigroup.com\/fr\/wp-json\/wp\/v2\/users\/1"}],"replies":[{"embeddable":true,"href":"https:\/\/www.gpigroup.com\/fr\/wp-json\/wp\/v2\/comments?post=85193"}],"version-history":[{"count":23,"href":"https:\/\/www.gpigroup.com\/fr\/wp-json\/wp\/v2\/pages\/85193\/revisions"}],"predecessor-version":[{"id":175341,"href":"https:\/\/www.gpigroup.com\/fr\/wp-json\/wp\/v2\/pages\/85193\/revisions\/175341"}],"wp:featuredmedia":[{"embeddable":true,"href":"https:\/\/www.gpigroup.com\/fr\/wp-json\/wp\/v2\/media\/68627"}],"wp:attachment":[{"href":"https:\/\/www.gpigroup.com\/fr\/wp-json\/wp\/v2\/media?parent=85193"}],"curies":[{"name":"wp","href":"https:\/\/api.w.org\/{rel}","templated":true}]}}