{"id":85192,"date":"2021-04-23T13:43:16","date_gmt":"2021-04-23T11:43:16","guid":{"rendered":"https:\/\/tstwebgpi01.gpi.it\/soins-virtuels\/"},"modified":"2023-04-17T10:49:58","modified_gmt":"2023-04-17T08:49:58","slug":"soins-virtuels","status":"publish","type":"page","link":"https:\/\/www.gpigroup.com\/fr\/soins-virtuels\/","title":{"rendered":"Soins virtuels"},"content":{"rendered":"<div class=\"wpb-content-wrapper\"><p>[vc_row full_width=&#8221;stretch_row&#8221; css=&#8221;.vc_custom_1553766882955{padding-bottom: 30px !important;}&#8221; el_class=&#8221;text-row my-0&#8243;][vc_column][vc_row_inner][vc_column_inner][vc_column_text]<\/p>\n<div class=\"row asa-title\">\n<div class=\"col-12 col-md-6\">\n<img loading=\"lazy\" decoding=\"async\" width=\"1024\" height=\"576\" src=\"https:\/\/www.gpigroup.com\/app\/uploads\/2019\/05\/asa_care.jpg\" class=\"asa-image asa-image-mobile rounded-circle d-md-none d-inline\" alt=\"Gpi Care\" srcset=\"https:\/\/www.gpigroup.com\/app\/uploads\/2019\/05\/asa_care.jpg 1024w, https:\/\/www.gpigroup.com\/app\/uploads\/2019\/05\/asa_care-300x169.jpg 300w, https:\/\/www.gpigroup.com\/app\/uploads\/2019\/05\/asa_care-768x432.jpg 768w\" sizes=\"auto, (max-width: 1024px) 100vw, 1024px\" \/>\n<div class=\"gpi_signature_title_tech\">\n<h1>Solutions de soins virtuels GPI<\/h1>\n<\/div>\n<\/div>\n<div class=\"col-12 col-md-6\">\n<div class=\"asa-symbol\"><img loading=\"lazy\" decoding=\"async\" class=\"alignnone size-medium wp-image-3122\" role=\"img\" src=\"https:\/\/www.gpigroup.com\/app\/uploads\/\/2019\/03\/care-1.svg\" alt=\"\" width=\"24\" height=\"24\" \/>\u00a0CARE<\/div>\n<\/div>\n<\/div>\n<p>[\/vc_column_text][\/vc_column_inner][\/vc_row_inner][vc_row_inner el_class=&#8221;bl-body&#8221;][vc_column_inner width=&#8221;1\/3&#8243;][vc_column_text]<img loading=\"lazy\" decoding=\"async\" width=\"1024\" height=\"576\" src=\"https:\/\/www.gpigroup.com\/app\/uploads\/2019\/05\/asa_care.jpg\" class=\"asa-image rounded-circle d-md-inline d-none\" alt=\"Gpi Care\" srcset=\"https:\/\/www.gpigroup.com\/app\/uploads\/2019\/05\/asa_care.jpg 1024w, https:\/\/www.gpigroup.com\/app\/uploads\/2019\/05\/asa_care-300x169.jpg 300w, https:\/\/www.gpigroup.com\/app\/uploads\/2019\/05\/asa_care-768x432.jpg 768w\" sizes=\"auto, (max-width: 1024px) 100vw, 1024px\" \/>[\/vc_column_text][\/vc_column_inner][vc_column_inner width=&#8221;2\/3&#8243;][vc_column_text el_class=&#8221;entice&#8221;]<\/p>\n<h3>Soins Virtuels<\/h3>\n<p>[\/vc_column_text][vc_column_text]<span style=\"font-weight: 400;\">Les capteurs cutan\u00e9s intelligents peuvent grandement faciliter une surveillance compl\u00e8te de la sant\u00e9 \u00e0 long terme. Cette technologie est r\u00e9volutionnaire car elle peut surveiller les signes vitaux des patients au quotidien et fournir aux m\u00e9decins des donn\u00e9es pr\u00e9cises sur leurs patients.<\/span><\/p>\n<p><span style=\"font-weight: 400;\">Ces appareils enregistrent les signes vitaux \u00e0 l&#8217;aide d&#8217;un minuscule \u00e9metteur magn\u00e9tique qui transmet ces informations aux m\u00e9decins en temps r\u00e9el. Outre les avantages pour les m\u00e9decins et les patients, cette technologie permet \u00e9galement aux h\u00f4pitaux de mieux fonctionner en offrant une alternative de t\u00e9l\u00e9m\u00e9decine apr\u00e8s la sortie du patient, en \u00e9liminant la n\u00e9cessit\u00e9 de visites \u00e0 l&#8217;h\u00f4pital pour des tests de diagnostic et en lib\u00e9rant de la place pour d&#8217;autres patients, ce qui \u00e9tait important pendant la pand\u00e9mie de COVID.<\/span><\/p>\n<h4>Caract\u00e9ristiques :<\/h4>\n<ul>\n<li>50 microns d&#8217;\u00e9paisseur, comme une seconde peau<\/li>\n<li>Mat\u00e9riau ultra-conducteur et biocompatible<\/li>\n<li>Cet appareil reste sur une personne jusqu&#8217;\u00e0 5 jours et est un capteur jetable (consommable)<\/li>\n<li>Son \u00e9tanch\u00e9it\u00e9 permet \u00e0 l&#8217;utilisateur de se trouver dans diff\u00e9rents environnements pendant l&#8217;utilisation<\/li>\n<li>Facile \u00e0 appliquer et \u00e0 retirer, m\u00eame pour les utilisateurs \u00e0 la peau sensible<\/li>\n<li>Actuellement marqu\u00e9 CE pour une utilisation en cardiologie<\/li>\n<li>Un Smartphone avec 3G ou Wifi est n\u00e9cessaire pour la fonction \u00ab mode moniteur \u00bb<\/li>\n<li>Mesures de la fr\u00e9quence cardiaque, de la fr\u00e9quence respiratoire, de la pression sanguine et de la temp\u00e9rature corporelle<\/li>\n<li>D\u00e9tection de chute<\/li>\n<\/ul>\n<h4><span style=\"font-weight: 400;\">Vos avantages\u00a0:<\/span><\/h4>\n<ul>\n<li><span style=\"font-weight: 400;\">L\u00e9g\u00e8ret\u00e9<\/span><\/li>\n<li><span style=\"font-weight: 400;\">Une technologie ultra-fine et confortable \u00e0 porter<\/span><\/li>\n<li><span style=\"font-weight: 400;\">Int\u00e9gration de diff\u00e9rentes pi\u00e8ces \u00e9lectroniques<\/span><\/li>\n<li><span style=\"font-weight: 400;\">Flexible et adaptable<\/span><\/li>\n<li><span style=\"font-weight: 400;\">Un logiciel convivial<\/span><\/li>\n<\/ul>\n<p>[\/vc_column_text][\/vc_column_inner][\/vc_row_inner][\/vc_column][\/vc_row]<\/p>\n[vc_row full_width=\"stretch_row\" el_class=\"vision mb-0 gpi-orange-bg\"][vc_column offset=\"vc_col-lg-3 vc_col-xs-12\"][vc_column_text]\n<h4>Contact our sales team<\/h4>[\/vc_column_text][\/vc_column][vc_column width=\"3\/4\" offset=\"vc_col-lg-offset-0 vc_col-sm-offset-3 vc_col-xs-12\"][vc_raw_html]JTVCY29udGFjdC1mb3JtLTclMjBpZCUzRCUyMjg1NDc0JTIyJTIwdGl0bGUlM0QlMjJCdXNpbmVzcyUyMGxpbmUlMjBmb3JtJTIyJTIwaHRtbF9pZCUzRCUyMmdwaS1jb250YWN0LWZvcm0lMjIlNUQ=[\/vc_raw_html][\/vc_column][\/vc_row]<\/div>","protected":false},"excerpt":{"rendered":"<p>[vc_row full_width=&#8221;stretch_row&#8221; css=&#8221;.vc_custom_1553766882955{padding-bottom: 30px !important;}&#8221; el_class=&#8221;text-row my-0&#8243;][vc_column][vc_row_inner][vc_column_inner][vc_column_text] Solutions de soins virtuels GPI \u00a0CARE [\/vc_column_text][\/vc_column_inner][\/vc_row_inner][vc_row_inner el_class=&#8221;bl-body&#8221;][vc_column_inner width=&#8221;1\/3&#8243;][vc_column_text][\/vc_column_text][\/vc_column_inner][vc_column_inner width=&#8221;2\/3&#8243;][vc_column_text el_class=&#8221;entice&#8221;] Soins Virtuels [\/vc_column_text][vc_column_text]Les capteurs cutan\u00e9s intelligents peuvent grandement faciliter une surveillance compl\u00e8te de la sant\u00e9 \u00e0 long terme. Cette technologie est r\u00e9volutionnaire car elle peut surveiller les signes vitaux des patients au quotidien et fournir aux m\u00e9decins<\/p>\n","protected":false},"author":23,"featured_media":68627,"parent":0,"menu_order":0,"comment_status":"closed","ping_status":"closed","template":"","meta":{"footnotes":""},"class_list":["post-85192","page","type-page","status-publish","has-post-thumbnail","hentry","client_type-clinique-administrative-privee-de-sante","client_type-clinique-administrative-privee-de-sante-fr","client_type-sante-privee-clinique-et-administrative","client_type-sante-publique-clinique-et-administrative","page_category-gamme-de-produits","page_category-ligne-de-business","section-offerta","business_line-care"],"yoast_head":"<!-- This site is optimized with the Yoast SEO plugin v27.1.1 - https:\/\/yoast.com\/product\/yoast-seo-wordpress\/ -->\n<title>Solutions de soins virtuels pour la t\u00e9l\u00e9m\u00e9decine par GPI<\/title>\n<meta name=\"description\" content=\"Solutions innovantes de syst\u00e8mes virtuels pour soutenir des activit\u00e9s telles que la t\u00e9l\u00e9m\u00e9decine et l&#039;assistance \u00e0 distance.\" \/>\n<meta name=\"robots\" content=\"index, follow, max-snippet:-1, max-image-preview:large, max-video-preview:-1\" \/>\n<link rel=\"canonical\" href=\"https:\/\/www.gpigroup.com\/fr\/soins-virtuels\/\" \/>\n<meta property=\"og:locale\" content=\"fr_FR\" \/>\n<meta property=\"og:type\" content=\"article\" \/>\n<meta property=\"og:title\" content=\"Solutions de soins virtuels pour la t\u00e9l\u00e9m\u00e9decine par GPI\" \/>\n<meta property=\"og:description\" content=\"Solutions innovantes de syst\u00e8mes virtuels pour soutenir des activit\u00e9s telles que la t\u00e9l\u00e9m\u00e9decine et l&#039;assistance \u00e0 distance.\" \/>\n<meta property=\"og:url\" content=\"https:\/\/www.gpigroup.com\/fr\/soins-virtuels\/\" \/>\n<meta property=\"og:site_name\" content=\"GPI\" \/>\n<meta property=\"article:publisher\" content=\"https:\/\/www.facebook.com\/GruppoGPI\/\" \/>\n<meta property=\"article:modified_time\" content=\"2023-04-17T08:49:58+00:00\" \/>\n<meta property=\"og:image\" content=\"https:\/\/www.gpigroup.com\/app\/uploads\/2019\/04\/og-link-preview-1.png\" \/>\n\t<meta property=\"og:image:width\" content=\"1366\" \/>\n\t<meta property=\"og:image:height\" content=\"768\" \/>\n\t<meta property=\"og:image:type\" content=\"image\/png\" \/>\n<meta name=\"twitter:card\" content=\"summary_large_image\" \/>\n<meta name=\"twitter:label1\" content=\"Est. reading time\" \/>\n\t<meta name=\"twitter:data1\" content=\"2 minutes\" \/>\n<script type=\"application\/ld+json\" class=\"yoast-schema-graph\">{\"@context\":\"https:\/\/schema.org\",\"@graph\":[{\"@type\":\"WebPage\",\"@id\":\"https:\/\/www.gpigroup.com\/fr\/soins-virtuels\/\",\"url\":\"https:\/\/www.gpigroup.com\/fr\/soins-virtuels\/\",\"name\":\"Solutions de soins virtuels pour la t\u00e9l\u00e9m\u00e9decine par GPI\",\"isPartOf\":{\"@id\":\"https:\/\/www.gpigroup.com\/fr\/#website\"},\"primaryImageOfPage\":{\"@id\":\"https:\/\/www.gpigroup.com\/fr\/soins-virtuels\/#primaryimage\"},\"image\":{\"@id\":\"https:\/\/www.gpigroup.com\/fr\/soins-virtuels\/#primaryimage\"},\"thumbnailUrl\":\"https:\/\/www.gpigroup.com\/app\/uploads\/2019\/04\/og-link-preview-1.png\",\"datePublished\":\"2021-04-23T11:43:16+00:00\",\"dateModified\":\"2023-04-17T08:49:58+00:00\",\"description\":\"Solutions innovantes de syst\u00e8mes virtuels pour soutenir des activit\u00e9s telles que la t\u00e9l\u00e9m\u00e9decine et l'assistance \u00e0 distance.\",\"breadcrumb\":{\"@id\":\"https:\/\/www.gpigroup.com\/fr\/soins-virtuels\/#breadcrumb\"},\"inLanguage\":\"fr-FR\",\"potentialAction\":[{\"@type\":\"ReadAction\",\"target\":[\"https:\/\/www.gpigroup.com\/fr\/soins-virtuels\/\"]}]},{\"@type\":\"ImageObject\",\"inLanguage\":\"fr-FR\",\"@id\":\"https:\/\/www.gpigroup.com\/fr\/soins-virtuels\/#primaryimage\",\"url\":\"https:\/\/www.gpigroup.com\/app\/uploads\/2019\/04\/og-link-preview-1.png\",\"contentUrl\":\"https:\/\/www.gpigroup.com\/app\/uploads\/2019\/04\/og-link-preview-1.png\",\"width\":1366,\"height\":768},{\"@type\":\"BreadcrumbList\",\"@id\":\"https:\/\/www.gpigroup.com\/fr\/soins-virtuels\/#breadcrumb\",\"itemListElement\":[{\"@type\":\"ListItem\",\"position\":1,\"name\":\"Home\",\"item\":\"https:\/\/www.gpigroup.com\/fr\/\"},{\"@type\":\"ListItem\",\"position\":2,\"name\":\"Soins virtuels\"}]},{\"@type\":\"WebSite\",\"@id\":\"https:\/\/www.gpigroup.com\/fr\/#website\",\"url\":\"https:\/\/www.gpigroup.com\/fr\/\",\"name\":\"GPI\",\"description\":\"The Healthcare Partner\",\"publisher\":{\"@id\":\"https:\/\/www.gpigroup.com\/fr\/#organization\"},\"potentialAction\":[{\"@type\":\"SearchAction\",\"target\":{\"@type\":\"EntryPoint\",\"urlTemplate\":\"https:\/\/www.gpigroup.com\/fr\/?s={search_term_string}\"},\"query-input\":{\"@type\":\"PropertyValueSpecification\",\"valueRequired\":true,\"valueName\":\"search_term_string\"}}],\"inLanguage\":\"fr-FR\"},{\"@type\":\"Organization\",\"@id\":\"https:\/\/www.gpigroup.com\/fr\/#organization\",\"name\":\"GPI S.p.A.\",\"url\":\"https:\/\/www.gpigroup.com\/fr\/\",\"logo\":{\"@type\":\"ImageObject\",\"inLanguage\":\"fr-FR\",\"@id\":\"https:\/\/www.gpigroup.com\/fr\/#\/schema\/logo\/image\/\",\"url\":\"https:\/\/www.gpigroup.com\/app\/uploads\/2023\/03\/logo-GPI-2019-1.jpg\",\"contentUrl\":\"https:\/\/www.gpigroup.com\/app\/uploads\/2023\/03\/logo-GPI-2019-1.jpg\",\"width\":1946,\"height\":1945,\"caption\":\"GPI S.p.A.\"},\"image\":{\"@id\":\"https:\/\/www.gpigroup.com\/fr\/#\/schema\/logo\/image\/\"},\"sameAs\":[\"https:\/\/www.facebook.com\/GruppoGPI\/\",\"https:\/\/www.linkedin.com\/company\/gpi-spa\",\"http:\/\/www.youtube.com\/user\/GruppoGPI\"]}]}<\/script>\n<!-- \/ Yoast SEO plugin. -->","yoast_head_json":{"title":"Solutions de soins virtuels pour la t\u00e9l\u00e9m\u00e9decine par GPI","description":"Solutions innovantes de syst\u00e8mes virtuels pour soutenir des activit\u00e9s telles que la t\u00e9l\u00e9m\u00e9decine et l'assistance \u00e0 distance.","robots":{"index":"index","follow":"follow","max-snippet":"max-snippet:-1","max-image-preview":"max-image-preview:large","max-video-preview":"max-video-preview:-1"},"canonical":"https:\/\/www.gpigroup.com\/fr\/soins-virtuels\/","og_locale":"fr_FR","og_type":"article","og_title":"Solutions de soins virtuels pour la t\u00e9l\u00e9m\u00e9decine par GPI","og_description":"Solutions innovantes de syst\u00e8mes virtuels pour soutenir des activit\u00e9s telles que la t\u00e9l\u00e9m\u00e9decine et l'assistance \u00e0 distance.","og_url":"https:\/\/www.gpigroup.com\/fr\/soins-virtuels\/","og_site_name":"GPI","article_publisher":"https:\/\/www.facebook.com\/GruppoGPI\/","article_modified_time":"2023-04-17T08:49:58+00:00","og_image":[{"width":1366,"height":768,"url":"https:\/\/www.gpigroup.com\/app\/uploads\/2019\/04\/og-link-preview-1.png","type":"image\/png"}],"twitter_card":"summary_large_image","twitter_misc":{"Est. reading time":"2 minutes"},"schema":{"@context":"https:\/\/schema.org","@graph":[{"@type":"WebPage","@id":"https:\/\/www.gpigroup.com\/fr\/soins-virtuels\/","url":"https:\/\/www.gpigroup.com\/fr\/soins-virtuels\/","name":"Solutions de soins virtuels pour la t\u00e9l\u00e9m\u00e9decine par GPI","isPartOf":{"@id":"https:\/\/www.gpigroup.com\/fr\/#website"},"primaryImageOfPage":{"@id":"https:\/\/www.gpigroup.com\/fr\/soins-virtuels\/#primaryimage"},"image":{"@id":"https:\/\/www.gpigroup.com\/fr\/soins-virtuels\/#primaryimage"},"thumbnailUrl":"https:\/\/www.gpigroup.com\/app\/uploads\/2019\/04\/og-link-preview-1.png","datePublished":"2021-04-23T11:43:16+00:00","dateModified":"2023-04-17T08:49:58+00:00","description":"Solutions innovantes de syst\u00e8mes virtuels pour soutenir des activit\u00e9s telles que la t\u00e9l\u00e9m\u00e9decine et l'assistance \u00e0 distance.","breadcrumb":{"@id":"https:\/\/www.gpigroup.com\/fr\/soins-virtuels\/#breadcrumb"},"inLanguage":"fr-FR","potentialAction":[{"@type":"ReadAction","target":["https:\/\/www.gpigroup.com\/fr\/soins-virtuels\/"]}]},{"@type":"ImageObject","inLanguage":"fr-FR","@id":"https:\/\/www.gpigroup.com\/fr\/soins-virtuels\/#primaryimage","url":"https:\/\/www.gpigroup.com\/app\/uploads\/2019\/04\/og-link-preview-1.png","contentUrl":"https:\/\/www.gpigroup.com\/app\/uploads\/2019\/04\/og-link-preview-1.png","width":1366,"height":768},{"@type":"BreadcrumbList","@id":"https:\/\/www.gpigroup.com\/fr\/soins-virtuels\/#breadcrumb","itemListElement":[{"@type":"ListItem","position":1,"name":"Home","item":"https:\/\/www.gpigroup.com\/fr\/"},{"@type":"ListItem","position":2,"name":"Soins virtuels"}]},{"@type":"WebSite","@id":"https:\/\/www.gpigroup.com\/fr\/#website","url":"https:\/\/www.gpigroup.com\/fr\/","name":"GPI","description":"The Healthcare Partner","publisher":{"@id":"https:\/\/www.gpigroup.com\/fr\/#organization"},"potentialAction":[{"@type":"SearchAction","target":{"@type":"EntryPoint","urlTemplate":"https:\/\/www.gpigroup.com\/fr\/?s={search_term_string}"},"query-input":{"@type":"PropertyValueSpecification","valueRequired":true,"valueName":"search_term_string"}}],"inLanguage":"fr-FR"},{"@type":"Organization","@id":"https:\/\/www.gpigroup.com\/fr\/#organization","name":"GPI S.p.A.","url":"https:\/\/www.gpigroup.com\/fr\/","logo":{"@type":"ImageObject","inLanguage":"fr-FR","@id":"https:\/\/www.gpigroup.com\/fr\/#\/schema\/logo\/image\/","url":"https:\/\/www.gpigroup.com\/app\/uploads\/2023\/03\/logo-GPI-2019-1.jpg","contentUrl":"https:\/\/www.gpigroup.com\/app\/uploads\/2023\/03\/logo-GPI-2019-1.jpg","width":1946,"height":1945,"caption":"GPI S.p.A."},"image":{"@id":"https:\/\/www.gpigroup.com\/fr\/#\/schema\/logo\/image\/"},"sameAs":["https:\/\/www.facebook.com\/GruppoGPI\/","https:\/\/www.linkedin.com\/company\/gpi-spa","http:\/\/www.youtube.com\/user\/GruppoGPI"]}]}},"_links":{"self":[{"href":"https:\/\/www.gpigroup.com\/fr\/wp-json\/wp\/v2\/pages\/85192","targetHints":{"allow":["GET"]}}],"collection":[{"href":"https:\/\/www.gpigroup.com\/fr\/wp-json\/wp\/v2\/pages"}],"about":[{"href":"https:\/\/www.gpigroup.com\/fr\/wp-json\/wp\/v2\/types\/page"}],"author":[{"embeddable":true,"href":"https:\/\/www.gpigroup.com\/fr\/wp-json\/wp\/v2\/users\/23"}],"replies":[{"embeddable":true,"href":"https:\/\/www.gpigroup.com\/fr\/wp-json\/wp\/v2\/comments?post=85192"}],"version-history":[{"count":1,"href":"https:\/\/www.gpigroup.com\/fr\/wp-json\/wp\/v2\/pages\/85192\/revisions"}],"predecessor-version":[{"id":101259,"href":"https:\/\/www.gpigroup.com\/fr\/wp-json\/wp\/v2\/pages\/85192\/revisions\/101259"}],"wp:featuredmedia":[{"embeddable":true,"href":"https:\/\/www.gpigroup.com\/fr\/wp-json\/wp\/v2\/media\/68627"}],"wp:attachment":[{"href":"https:\/\/www.gpigroup.com\/fr\/wp-json\/wp\/v2\/media?parent=85192"}],"curies":[{"name":"wp","href":"https:\/\/api.w.org\/{rel}","templated":true}]}}