{"id":157114,"date":"2024-09-20T16:33:20","date_gmt":"2024-09-20T14:33:20","guid":{"rendered":"https:\/\/www.gpigroup.com\/?page_id=157114"},"modified":"2024-10-24T10:12:56","modified_gmt":"2024-10-24T08:12:56","slug":"gpi4med-pathology-24","status":"publish","type":"page","link":"https:\/\/www.gpigroup.com\/fr\/gpi4med-pathology-24\/","title":{"rendered":"Gpi4Med.PATHOLOGY"},"content":{"rendered":"<div class=\"wpb-content-wrapper\"><p>[vc_row full_width=&#8221;stretch_row&#8221; el_class=&#8221;text-row my-0&#8243;][vc_column][vc_row_inner][vc_column_inner][vc_column_text css=&#8221;&#8221;]<\/p>\n<div class=\"row asa-title\">\n<div class=\"col-12 col-md-6\">\n<img loading=\"lazy\" decoding=\"async\" width=\"1024\" height=\"576\" src=\"https:\/\/www.gpigroup.com\/app\/uploads\/2019\/05\/asa_software.jpg\" class=\"asa-image asa-image-mobile rounded-circle d-md-none d-inline\" alt=\"GPI Software\" srcset=\"https:\/\/www.gpigroup.com\/app\/uploads\/2019\/05\/asa_software.jpg 1024w, https:\/\/www.gpigroup.com\/app\/uploads\/2019\/05\/asa_software-300x169.jpg 300w, https:\/\/www.gpigroup.com\/app\/uploads\/2019\/05\/asa_software-768x432.jpg 768w\" sizes=\"auto, (max-width: 1024px) 100vw, 1024px\" \/>\n<div class=\"gpi_signature_title_tech\">\n<h1>Gpi4Med.PATHOLOGY<\/h1>\n<\/div>\n<\/div>\n<div class=\"col-12 col-md-6\">\n<div class=\"asa-symbol\"><img loading=\"lazy\" decoding=\"async\" class=\"alignnone size-medium wp-image-3055\" role=\"img\" src=\"https:\/\/www.gpigroup.com\/app\/uploads\/\/2019\/03\/Software-1.svg\" alt=\"\" width=\"24\" height=\"24\" \/>\u00a0SOFTWARE<\/div>\n<\/div>\n<\/div>\n<p>[\/vc_column_text][\/vc_column_inner][\/vc_row_inner][vc_row_inner el_class=&#8221;bl-body&#8221;][vc_column_inner width=&#8221;1\/3&#8243;][vc_column_text]<img loading=\"lazy\" decoding=\"async\" width=\"1024\" height=\"576\" src=\"https:\/\/www.gpigroup.com\/app\/uploads\/2019\/05\/asa_software.jpg\" class=\"asa-image rounded-circle d-md-inline d-none\" alt=\"GPI Software\" srcset=\"https:\/\/www.gpigroup.com\/app\/uploads\/2019\/05\/asa_software.jpg 1024w, https:\/\/www.gpigroup.com\/app\/uploads\/2019\/05\/asa_software-300x169.jpg 300w, https:\/\/www.gpigroup.com\/app\/uploads\/2019\/05\/asa_software-768x432.jpg 768w\" sizes=\"auto, (max-width: 1024px) 100vw, 1024px\" \/>[\/vc_column_text][\/vc_column_inner][vc_column_inner width=&#8221;2\/3&#8243;][vc_column_text css=&#8221;&#8221; el_class=&#8221;entice&#8221;]<span style=\"font-weight: 400;\">Gpi4Med.PATHOLOGY est un logiciel innovant pour des processus de laboratoire et de diagnostic s\u00fbrs et de haute qualit\u00e9 et pour la pathologie num\u00e9rique. Il permet la gestion int\u00e9gr\u00e9e des processus analytiques, administratifs et de gestion, ainsi que des images, \u00e0 la fois dans les h\u00f4pitaux et sur le terrain.<\/span>[\/vc_column_text][\/vc_column_inner][\/vc_row_inner][vc_row_inner][vc_column_inner width=&#8221;1\/3&#8243;][\/vc_column_inner][vc_column_inner width=&#8221;2\/3&#8243;][vc_column_text css=&#8221;&#8221;]Cette ligne de produits verticale de Gpi4Med Suite comprend:<\/p>\n<ul>\n<li><strong>PathoxWeb (LIS &amp; Digital Pathology)<\/strong> est un syst\u00e8me innovant qui permet la gestion compl\u00e8te (automatisation, int\u00e9gration et num\u00e9risation) de l&#8217;ensemble du flux de travail des services de pathologie anatomique et des laboratoires de g\u00e9n\u00e9tique.<span style=\"text-decoration: underline;\">Principales caract\u00e9ristiques:<\/span><\/li>\n<\/ul>\n<ul>\n<li style=\"list-style-type: none;\">\n<ul>\n<li>Gestion compl\u00e8te du processus de diagnostic<\/li>\n<li>Tra\u00e7abilit\u00e9 totale<\/li>\n<li>Fonctionnement enti\u00e8rement sans papier<\/li>\n<li>Interfa\u00e7age d&#8217;instruments (colorateurs, imprimantes de blocs\/diapositives, &#8230;)<\/li>\n<li>Acquisition d&#8217;images macroscopiques de phase<\/li>\n<li>Interfa\u00e7age de scanners pour l&#8217;acquisition de lames num\u00e9riques<\/li>\n<li>Interface avec les syst\u00e8mes d&#8217;IA pour le traitement des images<\/li>\n<li>Viewer pour la visualisation des images dans la phase de rapport<\/li>\n<li>Stockage des images (sur site ou dans le nuage)<span style=\"text-decoration: underline;\">Architecture:<\/span><\/li>\n<\/ul>\n<\/li>\n<\/ul>\n<ul>\n<li style=\"list-style-type: none;\">\n<ul>\n<li>Architecture WEB native<\/li>\n<li>Frontend Angular, Backend .NET 6<\/li>\n<li>Base de donn\u00e9es opensource PostgreSQL<\/li>\n<li>Utilisable dans le nuage ou sur site<\/li>\n<li>Disponible sur PC et appareils mobiles<\/li>\n<li>Enti\u00e8rement personnalisable et multilingue<\/li>\n<li>Gestion multicentrique sur l&#8217;ensemble du territoire<\/li>\n<\/ul>\n<\/li>\n<\/ul>\n<p>PathoxWeb est un dispositif m\u00e9dical de diagnostic in vitro certifi\u00e9, conform\u00e9ment \u00e0 la directive 98\/79\/CE du 27\/10\/1998.<\/p>\n<ul>\n<li><strong>MacroPathox Plus<\/strong> est un syst\u00e8me avanc\u00e9 d&#8217;acquisition d&#8217;images et de vid\u00e9os \u00e0 haute r\u00e9solution (mat\u00e9riel) con\u00e7u pour la documentation num\u00e9rique et la t\u00e9l\u00e9-pathologie, qui recueille des images macroscopiques de tissus \u00e0 un niveau macro. Le syst\u00e8me permet :\n<ul>\n<li>la capture, le traitement, le stockage et la transmission d&#8217;images et de vid\u00e9os<\/li>\n<li>Capture d&#8217;images<\/li>\n<li>la lecture de codes-barres pour l&#8217;identification des \u00e9chantillons<\/li>\n<li>Poste de contr\u00f4le<\/li>\n<\/ul>\n<\/li>\n<\/ul>\n<ul>\n<li><strong>TelePathox<\/strong> est un syst\u00e8me bas\u00e9 sur le web qui permet le partage d&#8217;informations num\u00e9riques, telles que des diapositives, avec des pathologistes hors r\u00e9seau pour des seconds avis, des consultations ou des diagnostics \u00e0 distance. Le syst\u00e8me permet:\n<ul>\n<li>la consultation et les seconds avis<\/li>\n<li>des initiatives de t\u00e9l\u00e9-\u00e9ducation<\/li>\n<li>l&#8217;examen de cas pour les r\u00e9unions multidisciplinaires.<\/li>\n<\/ul>\n<\/li>\n<\/ul>\n<p>TelePathox est un dispositif m\u00e9dical de diagnostic in vitro certifi\u00e9, conform\u00e9ment \u00e0 la directive 98\/79\/CE du 27\/10\/1998.<\/p>\n<ul>\n<li><strong>PathoxWeb AI<\/strong> est un outil externe (Aiforia Clinical Suite Viewer) d\u00e9j\u00e0 int\u00e9gr\u00e9 \u00e0 PathoxWeb qui aide les pathologistes \u00e0 recueillir des informations suppl\u00e9mentaires pour les diagnostics, avec l&#8217;aide d&#8217;algorithmes d&#8217;intelligence artificielle entra\u00een\u00e9s. L&#8217;outil permet de :\n<ul>\n<li>l&#8217;envoi d&#8217;images \u00e0 traiter<\/li>\n<li>Affichage des images trait\u00e9es<\/li>\n<li>Importer dans PathoxWeb les donn\u00e9es structur\u00e9es (num\u00e9rations, etc.) produites par le syst\u00e8me d&#8217;intelligence artificielle.<\/li>\n<\/ul>\n<\/li>\n<\/ul>\n<p>Aiforia Clinical Suite Viewer est un dispositif m\u00e9dical DIV certifi\u00e9, conform\u00e9ment \u00e0 la directive 98\/79\/CE du 27\/10\/1998.[\/vc_column_text][\/vc_column_inner][\/vc_row_inner][\/vc_column][\/vc_row][vc_row][vc_column width=&#8221;1\/3&#8243;][vc_column_text css=&#8221;&#8221; el_class=&#8221;entice&#8221;]<\/p>\n<div class=\"gpi_signature_title_tech\">Gpi4Med<\/div>\n<p>[\/vc_column_text][\/vc_column][vc_column width=&#8221;2\/3&#8243;][vc_column_text css=&#8221;&#8221;]<span style=\"text-decoration: underline;\">Approche globale en Sant\u00e9 Num\u00e9rique:<\/span><br \/>\nGpi4Med est une suite compl\u00e8te de Gpi, un groupe mondial avec 35 ans d&#8217;exp\u00e9rience en Sant\u00e9 Num\u00e9rique, qui facilite la voie vers la transformation technologique et des soins de sant\u00e9 durables.<br \/>\nToutes les solutions verticales sont multilingues et install\u00e9es dans plus de 70 pays \u00e0 travers le monde. Gr\u00e2ce \u00e0 nos bureaux locaux, partenaires et \u00e9quipes de support bas\u00e9es mondialement, nous nous effor\u00e7ons d&#8217;enrichir l&#8217;expertise et la maturit\u00e9 de nos clients dans leurs secteurs respectifs.<\/p>\n<p><span style=\"text-decoration: underline;\">Proposition de Valeur Unique:<\/span><\/p>\n<ul>\n<li>SUPPORT complet aux domaines m\u00e9dicaux, chirurgicaux, cliniques et diagnostiques<\/li>\n<li>Interface WEB pour faciliter les processus de d\u00e9ploiement, de support et de maintenance<\/li>\n<li>CO-CON\u00c7U avec des experts du secteur pour r\u00e9pondre \u00e0 leurs besoins sp\u00e9cifiques<\/li>\n<li>S\u2019INT\u00c8GRE avec une vari\u00e9t\u00e9 de dispositifs biom\u00e9dicaux et de logiciels tiers<\/li>\n<li>CERTIFI\u00c9\/APPROUV\u00c9 en tant que dispositif m\u00e9dical logiciel (MDR, CE, FDA, SFDA, entre autres)<\/li>\n<li>ENRICHIE avec des fonctionnalit\u00e9s innovantes et des algorithmes avanc\u00e9s bas\u00e9s sur l&#8217;IA<\/li>\n<\/ul>\n<p><span style=\"text-decoration: underline;\">Mission:<\/span><br \/>\nGr\u00e2ce \u00e0 Gpi4Med, le Groupe Gpi est pr\u00eat \u00e0 diriger la transformation technologique et durable des processus de pr\u00e9vention, de soins et de traitement de la sant\u00e9 et du bien-\u00eatre des personnes.<\/p>\n<p><span style=\"text-decoration: underline;\">Vision:<\/span><br \/>\n\u00c0 travers Gpi4Med, le Groupe Gpi vise \u00e0 fournir des connaissances et des comp\u00e9tences pour am\u00e9liorer les processus de pr\u00e9vention, d&#8217;assistance et de traitement gr\u00e2ce \u00e0 des logiciels, des services et des technologies pour permettre et responsabiliser les professionnels de sant\u00e9 et les patients.<\/p>\n<p><span style=\"text-decoration: underline;\">Quantifier Nos Succ\u00e8s:<\/span><\/p>\n<ul>\n<li>Plus de 9 000 clients dans plus de 70 pays<\/li>\n<li>Plus de 8 000 employ\u00e9s op\u00e9rant dans plus de 17 pays \u00e0 travers le monde<\/li>\n<li>N\u00b01 en IT Sant\u00e9 en Italie, parmi les leaders en Europe<\/li>\n<li>N\u00b01 en Italie pour l&#8217;acc\u00e8s multicanal aux traitements<\/li>\n<li>Un objectif final: am\u00e9liorer la qualit\u00e9 de vie des personnes<\/li>\n<\/ul>\n<p>[\/vc_column_text][\/vc_column][\/vc_row]<\/p>\n[vc_row full_width=\"stretch_row\" el_class=\"vision mb-0 gpi-orange-bg\"][vc_column offset=\"vc_col-lg-3 vc_col-xs-12\"][vc_column_text]\n<h4>Contact our sales team<\/h4>[\/vc_column_text][\/vc_column][vc_column width=\"3\/4\" offset=\"vc_col-lg-offset-0 vc_col-sm-offset-3 vc_col-xs-12\"][vc_raw_html]JTVCY29udGFjdC1mb3JtLTclMjBpZCUzRCUyMjg1NDc0JTIyJTIwdGl0bGUlM0QlMjJCdXNpbmVzcyUyMGxpbmUlMjBmb3JtJTIyJTIwaHRtbF9pZCUzRCUyMmdwaS1jb250YWN0LWZvcm0lMjIlNUQ=[\/vc_raw_html][\/vc_column][\/vc_row]<\/div>","protected":false},"excerpt":{"rendered":"<p>[vc_row full_width=&#8221;stretch_row&#8221; el_class=&#8221;text-row my-0&#8243;][vc_column][vc_row_inner][vc_column_inner][vc_column_text css=&#8221;&#8221;] Gpi4Med.PATHOLOGY \u00a0SOFTWARE [\/vc_column_text][\/vc_column_inner][\/vc_row_inner][vc_row_inner el_class=&#8221;bl-body&#8221;][vc_column_inner width=&#8221;1\/3&#8243;][vc_column_text][\/vc_column_text][\/vc_column_inner][vc_column_inner width=&#8221;2\/3&#8243;][vc_column_text css=&#8221;&#8221; el_class=&#8221;entice&#8221;]Gpi4Med.PATHOLOGY est un logiciel innovant pour des processus de laboratoire et de diagnostic s\u00fbrs et de haute qualit\u00e9 et pour la pathologie num\u00e9rique. Il permet la gestion int\u00e9gr\u00e9e des processus analytiques, administratifs et de gestion, ainsi que des images, \u00e0 la fois dans<\/p>\n","protected":false},"author":7,"featured_media":5153,"parent":0,"menu_order":0,"comment_status":"closed","ping_status":"closed","template":"","meta":{"footnotes":""},"class_list":["post-157114","page","type-page","status-publish","has-post-thumbnail","hentry","client_type-sante-privee-clinique-et-administrative","client_type-sante-publique-clinique-et-administrative","page_category-gamme-de-produits","section-offerta","business_line-software"],"yoast_head":"<!-- This site is optimized with the Yoast SEO plugin v27.1.1 - https:\/\/yoast.com\/product\/yoast-seo-wordpress\/ -->\n<title>Gpi4Med.PATHOLOGY | GPI<\/title>\n<meta name=\"description\" content=\"Gpi4Med.PATHOLOGY est un logiciel innovant pour des processus de laboratoire et de diagnostic s\u00fbrs et de haute qualit\u00e9 et pour la pathologie num\u00e9rique.\" \/>\n<meta name=\"robots\" content=\"index, follow, max-snippet:-1, max-image-preview:large, max-video-preview:-1\" \/>\n<link rel=\"canonical\" href=\"https:\/\/www.gpigroup.com\/fr\/gpi4med-pathology-24\/\" \/>\n<meta property=\"og:locale\" content=\"fr_FR\" \/>\n<meta property=\"og:type\" content=\"article\" \/>\n<meta property=\"og:title\" content=\"Gpi4Med.PATHOLOGY | GPI\" \/>\n<meta property=\"og:description\" content=\"Gpi4Med.PATHOLOGY est un logiciel innovant pour des processus de laboratoire et de diagnostic s\u00fbrs et de haute qualit\u00e9 et pour la pathologie num\u00e9rique.\" \/>\n<meta property=\"og:url\" content=\"https:\/\/www.gpigroup.com\/fr\/gpi4med-pathology-24\/\" \/>\n<meta property=\"og:site_name\" content=\"GPI\" \/>\n<meta property=\"article:publisher\" content=\"https:\/\/www.facebook.com\/GruppoGPI\/\" \/>\n<meta property=\"article:modified_time\" content=\"2024-10-24T08:12:56+00:00\" \/>\n<meta property=\"og:image\" content=\"https:\/\/www.gpigroup.com\/app\/uploads\/2019\/04\/og-link-preview-1.png\" \/>\n\t<meta property=\"og:image:width\" content=\"1366\" \/>\n\t<meta property=\"og:image:height\" content=\"768\" \/>\n\t<meta property=\"og:image:type\" content=\"image\/png\" \/>\n<meta name=\"twitter:card\" content=\"summary_large_image\" \/>\n<meta name=\"twitter:label1\" content=\"Est. reading time\" \/>\n\t<meta name=\"twitter:data1\" content=\"5 minutes\" \/>\n<script type=\"application\/ld+json\" class=\"yoast-schema-graph\">{\"@context\":\"https:\/\/schema.org\",\"@graph\":[{\"@type\":\"WebPage\",\"@id\":\"https:\/\/www.gpigroup.com\/fr\/gpi4med-pathology-24\/\",\"url\":\"https:\/\/www.gpigroup.com\/fr\/gpi4med-pathology-24\/\",\"name\":\"Gpi4Med.PATHOLOGY | GPI\",\"isPartOf\":{\"@id\":\"https:\/\/www.gpigroup.com\/fr\/#website\"},\"primaryImageOfPage\":{\"@id\":\"https:\/\/www.gpigroup.com\/fr\/gpi4med-pathology-24\/#primaryimage\"},\"image\":{\"@id\":\"https:\/\/www.gpigroup.com\/fr\/gpi4med-pathology-24\/#primaryimage\"},\"thumbnailUrl\":\"https:\/\/www.gpigroup.com\/app\/uploads\/2019\/04\/og-link-preview-1.png\",\"datePublished\":\"2024-09-20T14:33:20+00:00\",\"dateModified\":\"2024-10-24T08:12:56+00:00\",\"description\":\"Gpi4Med.PATHOLOGY est un logiciel innovant pour des processus de laboratoire et de diagnostic s\u00fbrs et de haute qualit\u00e9 et pour la pathologie num\u00e9rique.\",\"breadcrumb\":{\"@id\":\"https:\/\/www.gpigroup.com\/fr\/gpi4med-pathology-24\/#breadcrumb\"},\"inLanguage\":\"fr-FR\",\"potentialAction\":[{\"@type\":\"ReadAction\",\"target\":[\"https:\/\/www.gpigroup.com\/fr\/gpi4med-pathology-24\/\"]}]},{\"@type\":\"ImageObject\",\"inLanguage\":\"fr-FR\",\"@id\":\"https:\/\/www.gpigroup.com\/fr\/gpi4med-pathology-24\/#primaryimage\",\"url\":\"https:\/\/www.gpigroup.com\/app\/uploads\/2019\/04\/og-link-preview-1.png\",\"contentUrl\":\"https:\/\/www.gpigroup.com\/app\/uploads\/2019\/04\/og-link-preview-1.png\",\"width\":1366,\"height\":768,\"caption\":\"GPI link preview\"},{\"@type\":\"BreadcrumbList\",\"@id\":\"https:\/\/www.gpigroup.com\/fr\/gpi4med-pathology-24\/#breadcrumb\",\"itemListElement\":[{\"@type\":\"ListItem\",\"position\":1,\"name\":\"Home\",\"item\":\"https:\/\/www.gpigroup.com\/fr\/\"},{\"@type\":\"ListItem\",\"position\":2,\"name\":\"Gpi4Med.PATHOLOGY\"}]},{\"@type\":\"WebSite\",\"@id\":\"https:\/\/www.gpigroup.com\/fr\/#website\",\"url\":\"https:\/\/www.gpigroup.com\/fr\/\",\"name\":\"GPI\",\"description\":\"The Healthcare Partner\",\"publisher\":{\"@id\":\"https:\/\/www.gpigroup.com\/fr\/#organization\"},\"potentialAction\":[{\"@type\":\"SearchAction\",\"target\":{\"@type\":\"EntryPoint\",\"urlTemplate\":\"https:\/\/www.gpigroup.com\/fr\/?s={search_term_string}\"},\"query-input\":{\"@type\":\"PropertyValueSpecification\",\"valueRequired\":true,\"valueName\":\"search_term_string\"}}],\"inLanguage\":\"fr-FR\"},{\"@type\":\"Organization\",\"@id\":\"https:\/\/www.gpigroup.com\/fr\/#organization\",\"name\":\"GPI S.p.A.\",\"url\":\"https:\/\/www.gpigroup.com\/fr\/\",\"logo\":{\"@type\":\"ImageObject\",\"inLanguage\":\"fr-FR\",\"@id\":\"https:\/\/www.gpigroup.com\/fr\/#\/schema\/logo\/image\/\",\"url\":\"https:\/\/www.gpigroup.com\/app\/uploads\/2023\/03\/logo-GPI-2019-1.jpg\",\"contentUrl\":\"https:\/\/www.gpigroup.com\/app\/uploads\/2023\/03\/logo-GPI-2019-1.jpg\",\"width\":1946,\"height\":1945,\"caption\":\"GPI S.p.A.\"},\"image\":{\"@id\":\"https:\/\/www.gpigroup.com\/fr\/#\/schema\/logo\/image\/\"},\"sameAs\":[\"https:\/\/www.facebook.com\/GruppoGPI\/\",\"https:\/\/www.linkedin.com\/company\/gpi-spa\",\"http:\/\/www.youtube.com\/user\/GruppoGPI\"]}]}<\/script>\n<!-- \/ Yoast SEO plugin. -->","yoast_head_json":{"title":"Gpi4Med.PATHOLOGY | GPI","description":"Gpi4Med.PATHOLOGY est un logiciel innovant pour des processus de laboratoire et de diagnostic s\u00fbrs et de haute qualit\u00e9 et pour la pathologie num\u00e9rique.","robots":{"index":"index","follow":"follow","max-snippet":"max-snippet:-1","max-image-preview":"max-image-preview:large","max-video-preview":"max-video-preview:-1"},"canonical":"https:\/\/www.gpigroup.com\/fr\/gpi4med-pathology-24\/","og_locale":"fr_FR","og_type":"article","og_title":"Gpi4Med.PATHOLOGY | GPI","og_description":"Gpi4Med.PATHOLOGY est un logiciel innovant pour des processus de laboratoire et de diagnostic s\u00fbrs et de haute qualit\u00e9 et pour la pathologie num\u00e9rique.","og_url":"https:\/\/www.gpigroup.com\/fr\/gpi4med-pathology-24\/","og_site_name":"GPI","article_publisher":"https:\/\/www.facebook.com\/GruppoGPI\/","article_modified_time":"2024-10-24T08:12:56+00:00","og_image":[{"width":1366,"height":768,"url":"https:\/\/www.gpigroup.com\/app\/uploads\/2019\/04\/og-link-preview-1.png","type":"image\/png"}],"twitter_card":"summary_large_image","twitter_misc":{"Est. reading time":"5 minutes"},"schema":{"@context":"https:\/\/schema.org","@graph":[{"@type":"WebPage","@id":"https:\/\/www.gpigroup.com\/fr\/gpi4med-pathology-24\/","url":"https:\/\/www.gpigroup.com\/fr\/gpi4med-pathology-24\/","name":"Gpi4Med.PATHOLOGY | GPI","isPartOf":{"@id":"https:\/\/www.gpigroup.com\/fr\/#website"},"primaryImageOfPage":{"@id":"https:\/\/www.gpigroup.com\/fr\/gpi4med-pathology-24\/#primaryimage"},"image":{"@id":"https:\/\/www.gpigroup.com\/fr\/gpi4med-pathology-24\/#primaryimage"},"thumbnailUrl":"https:\/\/www.gpigroup.com\/app\/uploads\/2019\/04\/og-link-preview-1.png","datePublished":"2024-09-20T14:33:20+00:00","dateModified":"2024-10-24T08:12:56+00:00","description":"Gpi4Med.PATHOLOGY est un logiciel innovant pour des processus de laboratoire et de diagnostic s\u00fbrs et de haute qualit\u00e9 et pour la pathologie num\u00e9rique.","breadcrumb":{"@id":"https:\/\/www.gpigroup.com\/fr\/gpi4med-pathology-24\/#breadcrumb"},"inLanguage":"fr-FR","potentialAction":[{"@type":"ReadAction","target":["https:\/\/www.gpigroup.com\/fr\/gpi4med-pathology-24\/"]}]},{"@type":"ImageObject","inLanguage":"fr-FR","@id":"https:\/\/www.gpigroup.com\/fr\/gpi4med-pathology-24\/#primaryimage","url":"https:\/\/www.gpigroup.com\/app\/uploads\/2019\/04\/og-link-preview-1.png","contentUrl":"https:\/\/www.gpigroup.com\/app\/uploads\/2019\/04\/og-link-preview-1.png","width":1366,"height":768,"caption":"GPI link preview"},{"@type":"BreadcrumbList","@id":"https:\/\/www.gpigroup.com\/fr\/gpi4med-pathology-24\/#breadcrumb","itemListElement":[{"@type":"ListItem","position":1,"name":"Home","item":"https:\/\/www.gpigroup.com\/fr\/"},{"@type":"ListItem","position":2,"name":"Gpi4Med.PATHOLOGY"}]},{"@type":"WebSite","@id":"https:\/\/www.gpigroup.com\/fr\/#website","url":"https:\/\/www.gpigroup.com\/fr\/","name":"GPI","description":"The Healthcare Partner","publisher":{"@id":"https:\/\/www.gpigroup.com\/fr\/#organization"},"potentialAction":[{"@type":"SearchAction","target":{"@type":"EntryPoint","urlTemplate":"https:\/\/www.gpigroup.com\/fr\/?s={search_term_string}"},"query-input":{"@type":"PropertyValueSpecification","valueRequired":true,"valueName":"search_term_string"}}],"inLanguage":"fr-FR"},{"@type":"Organization","@id":"https:\/\/www.gpigroup.com\/fr\/#organization","name":"GPI S.p.A.","url":"https:\/\/www.gpigroup.com\/fr\/","logo":{"@type":"ImageObject","inLanguage":"fr-FR","@id":"https:\/\/www.gpigroup.com\/fr\/#\/schema\/logo\/image\/","url":"https:\/\/www.gpigroup.com\/app\/uploads\/2023\/03\/logo-GPI-2019-1.jpg","contentUrl":"https:\/\/www.gpigroup.com\/app\/uploads\/2023\/03\/logo-GPI-2019-1.jpg","width":1946,"height":1945,"caption":"GPI S.p.A."},"image":{"@id":"https:\/\/www.gpigroup.com\/fr\/#\/schema\/logo\/image\/"},"sameAs":["https:\/\/www.facebook.com\/GruppoGPI\/","https:\/\/www.linkedin.com\/company\/gpi-spa","http:\/\/www.youtube.com\/user\/GruppoGPI"]}]}},"_links":{"self":[{"href":"https:\/\/www.gpigroup.com\/fr\/wp-json\/wp\/v2\/pages\/157114","targetHints":{"allow":["GET"]}}],"collection":[{"href":"https:\/\/www.gpigroup.com\/fr\/wp-json\/wp\/v2\/pages"}],"about":[{"href":"https:\/\/www.gpigroup.com\/fr\/wp-json\/wp\/v2\/types\/page"}],"author":[{"embeddable":true,"href":"https:\/\/www.gpigroup.com\/fr\/wp-json\/wp\/v2\/users\/7"}],"replies":[{"embeddable":true,"href":"https:\/\/www.gpigroup.com\/fr\/wp-json\/wp\/v2\/comments?post=157114"}],"version-history":[{"count":4,"href":"https:\/\/www.gpigroup.com\/fr\/wp-json\/wp\/v2\/pages\/157114\/revisions"}],"predecessor-version":[{"id":157268,"href":"https:\/\/www.gpigroup.com\/fr\/wp-json\/wp\/v2\/pages\/157114\/revisions\/157268"}],"wp:featuredmedia":[{"embeddable":true,"href":"https:\/\/www.gpigroup.com\/fr\/wp-json\/wp\/v2\/media\/5153"}],"wp:attachment":[{"href":"https:\/\/www.gpigroup.com\/fr\/wp-json\/wp\/v2\/media?parent=157114"}],"curies":[{"name":"wp","href":"https:\/\/api.w.org\/{rel}","templated":true}]}}