{"id":157112,"date":"2024-09-20T16:09:30","date_gmt":"2024-09-20T14:09:30","guid":{"rendered":"https:\/\/www.gpigroup.com\/?page_id=157112"},"modified":"2024-10-24T10:12:50","modified_gmt":"2024-10-24T08:12:50","slug":"gpi4med-lis-24","status":"publish","type":"page","link":"https:\/\/www.gpigroup.com\/fr\/gpi4med-lis-24\/","title":{"rendered":"Gpi4Med.LIS"},"content":{"rendered":"<div class=\"wpb-content-wrapper\"><p>[vc_row full_width=&#8221;stretch_row&#8221; el_class=&#8221;text-row my-0&#8243;][vc_column][vc_row_inner][vc_column_inner][vc_column_text css=&#8221;&#8221;]<\/p>\n<div class=\"row asa-title\">\n<div class=\"col-12 col-md-6\">\n<img loading=\"lazy\" decoding=\"async\" width=\"1024\" height=\"576\" src=\"https:\/\/www.gpigroup.com\/app\/uploads\/2019\/05\/asa_software.jpg\" class=\"asa-image asa-image-mobile rounded-circle d-md-none d-inline\" alt=\"GPI Software\" srcset=\"https:\/\/www.gpigroup.com\/app\/uploads\/2019\/05\/asa_software.jpg 1024w, https:\/\/www.gpigroup.com\/app\/uploads\/2019\/05\/asa_software-300x169.jpg 300w, https:\/\/www.gpigroup.com\/app\/uploads\/2019\/05\/asa_software-768x432.jpg 768w\" sizes=\"auto, (max-width: 1024px) 100vw, 1024px\" \/>\n<div class=\"gpi_signature_title_tech\">\n<h1>Gpi4Med.LIS<\/h1>\n<\/div>\n<\/div>\n<div class=\"col-12 col-md-6\">\n<div class=\"asa-symbol\"><img loading=\"lazy\" decoding=\"async\" class=\"alignnone size-medium wp-image-3055\" role=\"img\" src=\"https:\/\/www.gpigroup.com\/app\/uploads\/\/2019\/03\/Software-1.svg\" alt=\"\" width=\"24\" height=\"24\" \/>\u00a0SOFTWARE<\/div>\n<\/div>\n<\/div>\n<p>[\/vc_column_text][\/vc_column_inner][\/vc_row_inner][vc_row_inner el_class=&#8221;bl-body&#8221;][vc_column_inner width=&#8221;1\/3&#8243;][vc_column_text]<img loading=\"lazy\" decoding=\"async\" width=\"1024\" height=\"576\" src=\"https:\/\/www.gpigroup.com\/app\/uploads\/2019\/05\/asa_software.jpg\" class=\"asa-image rounded-circle d-md-inline d-none\" alt=\"GPI Software\" srcset=\"https:\/\/www.gpigroup.com\/app\/uploads\/2019\/05\/asa_software.jpg 1024w, https:\/\/www.gpigroup.com\/app\/uploads\/2019\/05\/asa_software-300x169.jpg 300w, https:\/\/www.gpigroup.com\/app\/uploads\/2019\/05\/asa_software-768x432.jpg 768w\" sizes=\"auto, (max-width: 1024px) 100vw, 1024px\" \/>[\/vc_column_text][\/vc_column_inner][vc_column_inner width=&#8221;2\/3&#8243;][vc_column_text css=&#8221;&#8221; el_class=&#8221;entice&#8221;]<span style=\"font-weight: 400;\">Gpi4Med.LIS est un logiciel innovant pour des processus de laboratoire et de diagnostic s\u00fbrs et de haute qualit\u00e9. Il facilite la gestion int\u00e9gr\u00e9e des processus analytiques, manag\u00e9riaux et administratifs dans les h\u00f4pitaux et sur le territoire.\u00a0<\/span><\/p>\n<p><span style=\"font-weight: 400;\">Cette ligne de produits verticale de Gpi4Med Suite comprend :<\/span>[\/vc_column_text][\/vc_column_inner][\/vc_row_inner][vc_row_inner][vc_column_inner width=&#8221;1\/3&#8243;][\/vc_column_inner][vc_column_inner width=&#8221;2\/3&#8243;][vc_column_text css=&#8221;&#8221;]<\/p>\n<ul>\n<li><strong>WebLab.MDW (Middleware)<\/strong> est une application web qui permet l&#8217;interfa\u00e7age des instruments et qui est dot\u00e9e d&#8217;une interface utilisateur unique, simple et intuitive.<span style=\"text-decoration: underline;\">Principales caract\u00e9ristiques:<\/span><\/li>\n<\/ul>\n<ul>\n<li style=\"list-style-type: none;\">\n<ul>\n<li>Enregistrement et sortie des \u00e9chantillons<\/li>\n<li>Tableau de bord de contr\u00f4le en temps r\u00e9el<\/li>\n<li>Tra\u00e7abilit\u00e9 compl\u00e8te des \u00e9chantillons (suivi des \u00e9chantillons)<\/li>\n<li>Validation des r\u00e9sultats<\/li>\n<li>Syst\u00e8me expert de r\u00e8gles<\/li>\n<li>Rerun, reflex et dilutions<\/li>\n<li>Gestion des fiches de travail<\/li>\n<li>Acquisition de drapeaux instrumentaux et de tout type d&#8217;image<\/li>\n<li>Module de bact\u00e9riologie<\/li>\n<li>Gestionnaire de CQ int\u00e9gr\u00e9 et envoi automatique au CQ externe<\/li>\n<\/ul>\n<\/li>\n<\/ul>\n<ul>\n<li><strong>WebLab (LIS)<\/strong> poss\u00e8de une architecture Web native et une interface op\u00e9rateur simple et directe, conforme aux normes des navigateurs modernes et facilement utilisable en mode tactile.<span style=\"text-decoration: underline;\">Principales caract\u00e9ristiques:<\/span><\/li>\n<\/ul>\n<ul>\n<li style=\"list-style-type: none;\">\n<ul>\n<li>Acquisition des admissions \u00e0 partir de l&#8217;h\u00f4te (par exemple, saisie des commandes)<\/li>\n<li>Acquisition des r\u00e9sultats \u00e0 partir d&#8217;un logiciel interm\u00e9diaire instrumental<\/li>\n<li>Validation clinique : automatique avec syst\u00e8me expert<\/li>\n<li>G\u00e9n\u00e9ration automatique de rapports en PDF, CDA2, etc.<\/li>\n<li>Signature num\u00e9rique des rapports<\/li>\n<li>Publication automatique des rapports<\/li>\n<li>Archivage des r\u00e9sultats<span style=\"text-decoration: underline;\">Architecture (WebLab.MDW &amp; WebLab) :<\/span><\/li>\n<\/ul>\n<\/li>\n<\/ul>\n<ul>\n<li style=\"list-style-type: none;\">\n<ul>\n<li>Architecture WEB native HTML5<\/li>\n<li>Int\u00e9gr\u00e9 via les protocoles HL7 avec HIS, Clinical Repository, EPR, Order Entry, etc.<\/li>\n<li>Bases de donn\u00e9es compatibles : SQL Server et PostgreSQL (opensource)<\/li>\n<li>Utilisable dans le Cloud ou sur l&#8217;infrastructure du client<\/li>\n<li>Compatible avec de nombreux navigateurs et syst\u00e8mes op\u00e9rationnels<\/li>\n<li>Gestion multicentrique dans toute la r\u00e9gion du client<\/li>\n<\/ul>\n<\/li>\n<\/ul>\n<p>Les deux modules sont des dispositifs de DIV de classe A conform\u00e9ment au r\u00e8glement europ\u00e9en 2017\/746.<br \/>\nLes syst\u00e8mes sont conformes aux exigences r\u00e9glementaires du r\u00e8glement europ\u00e9en 2016\/679 GDPR sur la protection des donn\u00e9es.[\/vc_column_text][\/vc_column_inner][\/vc_row_inner][\/vc_column][\/vc_row][vc_row][vc_column width=&#8221;1\/3&#8243;][vc_column_text css=&#8221;&#8221; el_class=&#8221;entice&#8221;]<\/p>\n<div class=\"gpi_signature_title_tech\">Gpi4Med<\/div>\n<p>[\/vc_column_text][\/vc_column][vc_column width=&#8221;2\/3&#8243;][vc_column_text css=&#8221;&#8221;]<span style=\"text-decoration: underline;\">Approche globale en Sant\u00e9 Num\u00e9rique:<\/span><br \/>\nGpi4Med est une suite compl\u00e8te de Gpi, un groupe mondial avec 35 ans d&#8217;exp\u00e9rience en Sant\u00e9 Num\u00e9rique, qui facilite la voie vers la transformation technologique et des soins de sant\u00e9 durables.<br \/>\nToutes les solutions verticales sont multilingues et install\u00e9es dans plus de 70 pays \u00e0 travers le monde. Gr\u00e2ce \u00e0 nos bureaux locaux, partenaires et \u00e9quipes de support bas\u00e9es mondialement, nous nous effor\u00e7ons d&#8217;enrichir l&#8217;expertise et la maturit\u00e9 de nos clients dans leurs secteurs respectifs.<\/p>\n<p><span style=\"text-decoration: underline;\">Proposition de Valeur Unique:<\/span><\/p>\n<ul>\n<li>SUPPORT complet aux domaines m\u00e9dicaux, chirurgicaux, cliniques et diagnostiques<\/li>\n<li>Interface WEB pour faciliter les processus de d\u00e9ploiement, de support et de maintenance<\/li>\n<li>CO-CON\u00c7U avec des experts du secteur pour r\u00e9pondre \u00e0 leurs besoins sp\u00e9cifiques<\/li>\n<li>S\u2019INT\u00c8GRE avec une vari\u00e9t\u00e9 de dispositifs biom\u00e9dicaux et de logiciels tiers<\/li>\n<li>CERTIFI\u00c9\/APPROUV\u00c9 en tant que dispositif m\u00e9dical logiciel (MDR, CE, FDA, SFDA, entre autres)<\/li>\n<li>ENRICHIE avec des fonctionnalit\u00e9s innovantes et des algorithmes avanc\u00e9s bas\u00e9s sur l&#8217;IA<\/li>\n<\/ul>\n<p><span style=\"text-decoration: underline;\">Mission:<\/span><br \/>\nGr\u00e2ce \u00e0 Gpi4Med, le Groupe Gpi est pr\u00eat \u00e0 diriger la transformation technologique et durable des processus de pr\u00e9vention, de soins et de traitement de la sant\u00e9 et du bien-\u00eatre des personnes.<\/p>\n<p><span style=\"text-decoration: underline;\">Vision:<\/span><br \/>\n\u00c0 travers Gpi4Med, le Groupe Gpi vise \u00e0 fournir des connaissances et des comp\u00e9tences pour am\u00e9liorer les processus de pr\u00e9vention, d&#8217;assistance et de traitement gr\u00e2ce \u00e0 des logiciels, des services et des technologies pour permettre et responsabiliser les professionnels de sant\u00e9 et les patients.<\/p>\n<p><span style=\"text-decoration: underline;\">Quantifier Nos Succ\u00e8s:<\/span><\/p>\n<ul>\n<li>Plus de 9 000 clients dans plus de 70 pays<\/li>\n<li>Plus de 8 000 employ\u00e9s op\u00e9rant dans plus de 17 pays \u00e0 travers le monde<\/li>\n<li>N\u00b01 en IT Sant\u00e9 en Italie, parmi les leaders en Europe<\/li>\n<li>N\u00b01 en Italie pour l&#8217;acc\u00e8s multicanal aux traitements<\/li>\n<li>Un objectif final: am\u00e9liorer la qualit\u00e9 de vie des personnes<\/li>\n<\/ul>\n<p>[\/vc_column_text][\/vc_column][\/vc_row]<\/p>\n[vc_row full_width=\"stretch_row\" el_class=\"vision mb-0 gpi-orange-bg\"][vc_column offset=\"vc_col-lg-3 vc_col-xs-12\"][vc_column_text]\n<h4>Contact our sales team<\/h4>[\/vc_column_text][\/vc_column][vc_column width=\"3\/4\" offset=\"vc_col-lg-offset-0 vc_col-sm-offset-3 vc_col-xs-12\"][vc_raw_html]JTVCY29udGFjdC1mb3JtLTclMjBpZCUzRCUyMjg1NDc0JTIyJTIwdGl0bGUlM0QlMjJCdXNpbmVzcyUyMGxpbmUlMjBmb3JtJTIyJTIwaHRtbF9pZCUzRCUyMmdwaS1jb250YWN0LWZvcm0lMjIlNUQ=[\/vc_raw_html][\/vc_column][\/vc_row]<\/div>","protected":false},"excerpt":{"rendered":"<p>[vc_row full_width=&#8221;stretch_row&#8221; el_class=&#8221;text-row my-0&#8243;][vc_column][vc_row_inner][vc_column_inner][vc_column_text css=&#8221;&#8221;] Gpi4Med.LIS \u00a0SOFTWARE [\/vc_column_text][\/vc_column_inner][\/vc_row_inner][vc_row_inner el_class=&#8221;bl-body&#8221;][vc_column_inner width=&#8221;1\/3&#8243;][vc_column_text][\/vc_column_text][\/vc_column_inner][vc_column_inner width=&#8221;2\/3&#8243;][vc_column_text css=&#8221;&#8221; el_class=&#8221;entice&#8221;]Gpi4Med.LIS est un logiciel innovant pour des processus de laboratoire et de diagnostic s\u00fbrs et de haute qualit\u00e9. Il facilite la gestion int\u00e9gr\u00e9e des processus analytiques, manag\u00e9riaux et administratifs dans les h\u00f4pitaux et sur le territoire.\u00a0 Cette ligne de produits verticale de Gpi4Med<\/p>\n","protected":false},"author":7,"featured_media":5153,"parent":0,"menu_order":0,"comment_status":"closed","ping_status":"closed","template":"","meta":{"footnotes":""},"class_list":["post-157112","page","type-page","status-publish","has-post-thumbnail","hentry","client_type-sante-privee-clinique-et-administrative","client_type-sante-publique-clinique-et-administrative","page_category-gamme-de-produits","section-offerta","business_line-software"],"yoast_head":"<!-- This site is optimized with the Yoast SEO plugin v27.1.1 - https:\/\/yoast.com\/product\/yoast-seo-wordpress\/ -->\n<title>Gpi4Med.LIS<\/title>\n<meta name=\"description\" content=\"Gpi4Med.LIS est un logiciel innovant pour des processus de laboratoire et de diagnostic s\u00fbrs et de haute qualit\u00e9.\" \/>\n<meta name=\"robots\" content=\"index, follow, max-snippet:-1, max-image-preview:large, max-video-preview:-1\" \/>\n<link rel=\"canonical\" href=\"https:\/\/www.gpigroup.com\/fr\/gpi4med-lis-24\/\" \/>\n<meta property=\"og:locale\" content=\"fr_FR\" \/>\n<meta property=\"og:type\" content=\"article\" \/>\n<meta property=\"og:title\" content=\"Gpi4Med.LIS\" \/>\n<meta property=\"og:description\" content=\"Gpi4Med.LIS est un logiciel innovant pour des processus de laboratoire et de diagnostic s\u00fbrs et de haute qualit\u00e9.\" \/>\n<meta property=\"og:url\" content=\"https:\/\/www.gpigroup.com\/fr\/gpi4med-lis-24\/\" \/>\n<meta property=\"og:site_name\" content=\"GPI\" \/>\n<meta property=\"article:publisher\" content=\"https:\/\/www.facebook.com\/GruppoGPI\/\" \/>\n<meta property=\"article:modified_time\" content=\"2024-10-24T08:12:50+00:00\" \/>\n<meta property=\"og:image\" content=\"https:\/\/www.gpigroup.com\/app\/uploads\/2019\/04\/og-link-preview-1.png\" \/>\n\t<meta property=\"og:image:width\" content=\"1366\" \/>\n\t<meta property=\"og:image:height\" content=\"768\" \/>\n\t<meta property=\"og:image:type\" content=\"image\/png\" \/>\n<meta name=\"twitter:card\" content=\"summary_large_image\" \/>\n<meta name=\"twitter:label1\" content=\"Est. reading time\" \/>\n\t<meta name=\"twitter:data1\" content=\"4 minutes\" \/>\n<script type=\"application\/ld+json\" class=\"yoast-schema-graph\">{\"@context\":\"https:\/\/schema.org\",\"@graph\":[{\"@type\":\"WebPage\",\"@id\":\"https:\/\/www.gpigroup.com\/fr\/gpi4med-lis-24\/\",\"url\":\"https:\/\/www.gpigroup.com\/fr\/gpi4med-lis-24\/\",\"name\":\"Gpi4Med.LIS\",\"isPartOf\":{\"@id\":\"https:\/\/www.gpigroup.com\/fr\/#website\"},\"primaryImageOfPage\":{\"@id\":\"https:\/\/www.gpigroup.com\/fr\/gpi4med-lis-24\/#primaryimage\"},\"image\":{\"@id\":\"https:\/\/www.gpigroup.com\/fr\/gpi4med-lis-24\/#primaryimage\"},\"thumbnailUrl\":\"https:\/\/www.gpigroup.com\/app\/uploads\/2019\/04\/og-link-preview-1.png\",\"datePublished\":\"2024-09-20T14:09:30+00:00\",\"dateModified\":\"2024-10-24T08:12:50+00:00\",\"description\":\"Gpi4Med.LIS est un logiciel innovant pour des processus de laboratoire et de diagnostic s\u00fbrs et de haute qualit\u00e9.\",\"breadcrumb\":{\"@id\":\"https:\/\/www.gpigroup.com\/fr\/gpi4med-lis-24\/#breadcrumb\"},\"inLanguage\":\"fr-FR\",\"potentialAction\":[{\"@type\":\"ReadAction\",\"target\":[\"https:\/\/www.gpigroup.com\/fr\/gpi4med-lis-24\/\"]}]},{\"@type\":\"ImageObject\",\"inLanguage\":\"fr-FR\",\"@id\":\"https:\/\/www.gpigroup.com\/fr\/gpi4med-lis-24\/#primaryimage\",\"url\":\"https:\/\/www.gpigroup.com\/app\/uploads\/2019\/04\/og-link-preview-1.png\",\"contentUrl\":\"https:\/\/www.gpigroup.com\/app\/uploads\/2019\/04\/og-link-preview-1.png\",\"width\":1366,\"height\":768,\"caption\":\"GPI link preview\"},{\"@type\":\"BreadcrumbList\",\"@id\":\"https:\/\/www.gpigroup.com\/fr\/gpi4med-lis-24\/#breadcrumb\",\"itemListElement\":[{\"@type\":\"ListItem\",\"position\":1,\"name\":\"Home\",\"item\":\"https:\/\/www.gpigroup.com\/fr\/\"},{\"@type\":\"ListItem\",\"position\":2,\"name\":\"Gpi4Med.LIS\"}]},{\"@type\":\"WebSite\",\"@id\":\"https:\/\/www.gpigroup.com\/fr\/#website\",\"url\":\"https:\/\/www.gpigroup.com\/fr\/\",\"name\":\"GPI\",\"description\":\"The Healthcare Partner\",\"publisher\":{\"@id\":\"https:\/\/www.gpigroup.com\/fr\/#organization\"},\"potentialAction\":[{\"@type\":\"SearchAction\",\"target\":{\"@type\":\"EntryPoint\",\"urlTemplate\":\"https:\/\/www.gpigroup.com\/fr\/?s={search_term_string}\"},\"query-input\":{\"@type\":\"PropertyValueSpecification\",\"valueRequired\":true,\"valueName\":\"search_term_string\"}}],\"inLanguage\":\"fr-FR\"},{\"@type\":\"Organization\",\"@id\":\"https:\/\/www.gpigroup.com\/fr\/#organization\",\"name\":\"GPI S.p.A.\",\"url\":\"https:\/\/www.gpigroup.com\/fr\/\",\"logo\":{\"@type\":\"ImageObject\",\"inLanguage\":\"fr-FR\",\"@id\":\"https:\/\/www.gpigroup.com\/fr\/#\/schema\/logo\/image\/\",\"url\":\"https:\/\/www.gpigroup.com\/app\/uploads\/2023\/03\/logo-GPI-2019-1.jpg\",\"contentUrl\":\"https:\/\/www.gpigroup.com\/app\/uploads\/2023\/03\/logo-GPI-2019-1.jpg\",\"width\":1946,\"height\":1945,\"caption\":\"GPI S.p.A.\"},\"image\":{\"@id\":\"https:\/\/www.gpigroup.com\/fr\/#\/schema\/logo\/image\/\"},\"sameAs\":[\"https:\/\/www.facebook.com\/GruppoGPI\/\",\"https:\/\/www.linkedin.com\/company\/gpi-spa\",\"http:\/\/www.youtube.com\/user\/GruppoGPI\"]}]}<\/script>\n<!-- \/ Yoast SEO plugin. -->","yoast_head_json":{"title":"Gpi4Med.LIS","description":"Gpi4Med.LIS est un logiciel innovant pour des processus de laboratoire et de diagnostic s\u00fbrs et de haute qualit\u00e9.","robots":{"index":"index","follow":"follow","max-snippet":"max-snippet:-1","max-image-preview":"max-image-preview:large","max-video-preview":"max-video-preview:-1"},"canonical":"https:\/\/www.gpigroup.com\/fr\/gpi4med-lis-24\/","og_locale":"fr_FR","og_type":"article","og_title":"Gpi4Med.LIS","og_description":"Gpi4Med.LIS est un logiciel innovant pour des processus de laboratoire et de diagnostic s\u00fbrs et de haute qualit\u00e9.","og_url":"https:\/\/www.gpigroup.com\/fr\/gpi4med-lis-24\/","og_site_name":"GPI","article_publisher":"https:\/\/www.facebook.com\/GruppoGPI\/","article_modified_time":"2024-10-24T08:12:50+00:00","og_image":[{"width":1366,"height":768,"url":"https:\/\/www.gpigroup.com\/app\/uploads\/2019\/04\/og-link-preview-1.png","type":"image\/png"}],"twitter_card":"summary_large_image","twitter_misc":{"Est. reading time":"4 minutes"},"schema":{"@context":"https:\/\/schema.org","@graph":[{"@type":"WebPage","@id":"https:\/\/www.gpigroup.com\/fr\/gpi4med-lis-24\/","url":"https:\/\/www.gpigroup.com\/fr\/gpi4med-lis-24\/","name":"Gpi4Med.LIS","isPartOf":{"@id":"https:\/\/www.gpigroup.com\/fr\/#website"},"primaryImageOfPage":{"@id":"https:\/\/www.gpigroup.com\/fr\/gpi4med-lis-24\/#primaryimage"},"image":{"@id":"https:\/\/www.gpigroup.com\/fr\/gpi4med-lis-24\/#primaryimage"},"thumbnailUrl":"https:\/\/www.gpigroup.com\/app\/uploads\/2019\/04\/og-link-preview-1.png","datePublished":"2024-09-20T14:09:30+00:00","dateModified":"2024-10-24T08:12:50+00:00","description":"Gpi4Med.LIS est un logiciel innovant pour des processus de laboratoire et de diagnostic s\u00fbrs et de haute qualit\u00e9.","breadcrumb":{"@id":"https:\/\/www.gpigroup.com\/fr\/gpi4med-lis-24\/#breadcrumb"},"inLanguage":"fr-FR","potentialAction":[{"@type":"ReadAction","target":["https:\/\/www.gpigroup.com\/fr\/gpi4med-lis-24\/"]}]},{"@type":"ImageObject","inLanguage":"fr-FR","@id":"https:\/\/www.gpigroup.com\/fr\/gpi4med-lis-24\/#primaryimage","url":"https:\/\/www.gpigroup.com\/app\/uploads\/2019\/04\/og-link-preview-1.png","contentUrl":"https:\/\/www.gpigroup.com\/app\/uploads\/2019\/04\/og-link-preview-1.png","width":1366,"height":768,"caption":"GPI link preview"},{"@type":"BreadcrumbList","@id":"https:\/\/www.gpigroup.com\/fr\/gpi4med-lis-24\/#breadcrumb","itemListElement":[{"@type":"ListItem","position":1,"name":"Home","item":"https:\/\/www.gpigroup.com\/fr\/"},{"@type":"ListItem","position":2,"name":"Gpi4Med.LIS"}]},{"@type":"WebSite","@id":"https:\/\/www.gpigroup.com\/fr\/#website","url":"https:\/\/www.gpigroup.com\/fr\/","name":"GPI","description":"The Healthcare Partner","publisher":{"@id":"https:\/\/www.gpigroup.com\/fr\/#organization"},"potentialAction":[{"@type":"SearchAction","target":{"@type":"EntryPoint","urlTemplate":"https:\/\/www.gpigroup.com\/fr\/?s={search_term_string}"},"query-input":{"@type":"PropertyValueSpecification","valueRequired":true,"valueName":"search_term_string"}}],"inLanguage":"fr-FR"},{"@type":"Organization","@id":"https:\/\/www.gpigroup.com\/fr\/#organization","name":"GPI S.p.A.","url":"https:\/\/www.gpigroup.com\/fr\/","logo":{"@type":"ImageObject","inLanguage":"fr-FR","@id":"https:\/\/www.gpigroup.com\/fr\/#\/schema\/logo\/image\/","url":"https:\/\/www.gpigroup.com\/app\/uploads\/2023\/03\/logo-GPI-2019-1.jpg","contentUrl":"https:\/\/www.gpigroup.com\/app\/uploads\/2023\/03\/logo-GPI-2019-1.jpg","width":1946,"height":1945,"caption":"GPI S.p.A."},"image":{"@id":"https:\/\/www.gpigroup.com\/fr\/#\/schema\/logo\/image\/"},"sameAs":["https:\/\/www.facebook.com\/GruppoGPI\/","https:\/\/www.linkedin.com\/company\/gpi-spa","http:\/\/www.youtube.com\/user\/GruppoGPI"]}]}},"_links":{"self":[{"href":"https:\/\/www.gpigroup.com\/fr\/wp-json\/wp\/v2\/pages\/157112","targetHints":{"allow":["GET"]}}],"collection":[{"href":"https:\/\/www.gpigroup.com\/fr\/wp-json\/wp\/v2\/pages"}],"about":[{"href":"https:\/\/www.gpigroup.com\/fr\/wp-json\/wp\/v2\/types\/page"}],"author":[{"embeddable":true,"href":"https:\/\/www.gpigroup.com\/fr\/wp-json\/wp\/v2\/users\/7"}],"replies":[{"embeddable":true,"href":"https:\/\/www.gpigroup.com\/fr\/wp-json\/wp\/v2\/comments?post=157112"}],"version-history":[{"count":2,"href":"https:\/\/www.gpigroup.com\/fr\/wp-json\/wp\/v2\/pages\/157112\/revisions"}],"predecessor-version":[{"id":157123,"href":"https:\/\/www.gpigroup.com\/fr\/wp-json\/wp\/v2\/pages\/157112\/revisions\/157123"}],"wp:featuredmedia":[{"embeddable":true,"href":"https:\/\/www.gpigroup.com\/fr\/wp-json\/wp\/v2\/media\/5153"}],"wp:attachment":[{"href":"https:\/\/www.gpigroup.com\/fr\/wp-json\/wp\/v2\/media?parent=157112"}],"curies":[{"name":"wp","href":"https:\/\/api.w.org\/{rel}","templated":true}]}}