{"id":151146,"date":"2024-05-28T16:04:42","date_gmt":"2024-05-28T14:04:42","guid":{"rendered":"https:\/\/www.gpigroup.com\/gpi4med-medical-software-suite\/"},"modified":"2024-10-24T18:02:15","modified_gmt":"2024-10-24T16:02:15","slug":"gpi4med-medical-software-suite","status":"publish","type":"page","link":"https:\/\/www.gpigroup.com\/fr\/gpi4med-medical-software-suite\/","title":{"rendered":"Gpi4Med Suite"},"content":{"rendered":"<div class=\"wpb-content-wrapper\"><p>[vc_row full_width=&#8221;stretch_row&#8221; css=&#8221;.vc_custom_1553766882955{padding-bottom: 30px !important;}&#8221; el_class=&#8221;text-row my-0&#8243;][vc_column][vc_row_inner][vc_column_inner][vc_column_text]<\/p>\n<div class=\"row asa-title\">\n<div class=\"col-12 col-md-6\">\n<img loading=\"lazy\" decoding=\"async\" width=\"1024\" height=\"576\" src=\"https:\/\/www.gpigroup.com\/app\/uploads\/2019\/05\/asa_software.jpg\" class=\"asa-image asa-image-mobile rounded-circle d-md-none d-inline\" alt=\"GPI Software\" srcset=\"https:\/\/www.gpigroup.com\/app\/uploads\/2019\/05\/asa_software.jpg 1024w, https:\/\/www.gpigroup.com\/app\/uploads\/2019\/05\/asa_software-300x169.jpg 300w, https:\/\/www.gpigroup.com\/app\/uploads\/2019\/05\/asa_software-768x432.jpg 768w\" sizes=\"auto, (max-width: 1024px) 100vw, 1024px\" \/>\n<div class=\"gpi_signature_title_tech\">\n<h1>Gpi4Med &#8211; la suite globale de logiciels pour dispositifs m\u00e9dicaux<\/h1>\n<\/div>\n<\/div>\n<\/div>\n<p>[\/vc_column_text][\/vc_column_inner][\/vc_row_inner][vc_row_inner el_class=&#8221;bl-body&#8221;][vc_column_inner width=&#8221;1\/3&#8243;][vc_column_text]<img loading=\"lazy\" decoding=\"async\" width=\"1024\" height=\"576\" src=\"https:\/\/www.gpigroup.com\/app\/uploads\/2019\/05\/asa_software.jpg\" class=\"asa-image rounded-circle d-md-inline d-none\" alt=\"GPI Software\" srcset=\"https:\/\/www.gpigroup.com\/app\/uploads\/2019\/05\/asa_software.jpg 1024w, https:\/\/www.gpigroup.com\/app\/uploads\/2019\/05\/asa_software-300x169.jpg 300w, https:\/\/www.gpigroup.com\/app\/uploads\/2019\/05\/asa_software-768x432.jpg 768w\" sizes=\"auto, (max-width: 1024px) 100vw, 1024px\" \/>[\/vc_column_text][\/vc_column_inner][vc_column_inner width=&#8221;2\/3&#8243;][vc_column_text el_class=&#8221;entice&#8221;]<\/p>\n<h2>Bienvenue dans la Gpi4Med Suite : la suite globale de logiciels pour dispositifs m\u00e9dicaux pour tous les services de diagnostic, la gestion du sang, les soins intensifs et la t\u00e9l\u00e9m\u00e9decine.<\/h2>\n<p>[\/vc_column_text][vc_column_text css=&#8221;&#8221;]<img loading=\"lazy\" decoding=\"async\" class=\"wp-image-150981 size-medium alignnone\" src=\"https:\/\/www.gpigroup.com\/app\/uploads\/2024\/05\/Logo-Gpi-Med-Suite-RGB-300x91.jpg\" alt=\"Gpi4Med SUITE\" width=\"300\" height=\"91\" srcset=\"https:\/\/www.gpigroup.com\/app\/uploads\/2024\/05\/Logo-Gpi-Med-Suite-RGB-300x91.jpg 300w, https:\/\/www.gpigroup.com\/app\/uploads\/2024\/05\/Logo-Gpi-Med-Suite-RGB-1024x312.jpg 1024w, https:\/\/www.gpigroup.com\/app\/uploads\/2024\/05\/Logo-Gpi-Med-Suite-RGB-768x234.jpg 768w, https:\/\/www.gpigroup.com\/app\/uploads\/2024\/05\/Logo-Gpi-Med-Suite-RGB-1536x468.jpg 1536w, https:\/\/www.gpigroup.com\/app\/uploads\/2024\/05\/Logo-Gpi-Med-Suite-RGB-2048x624.jpg 2048w\" sizes=\"auto, (max-width: 300px) 100vw, 300px\" \/><\/p>\n<p>Gpi4MedUne suite logicielle m\u00e9dicale unique. GPI4Med est une suite logicielle m\u00e9dicale int\u00e9gr\u00e9e, <strong>enti\u00e8rement produite et maintenue par le groupe GPI<\/strong>, qui prend en charge un large \u00e9ventail de domaines diagnostiques et th\u00e9rapeutiques hautement sp\u00e9cialis\u00e9s.<\/p>\n<p>D\u00e9velopp\u00e9e par le r\u00e9seau mondial de divisions logicielles de GPI, un groupe qui compte plus de 35 ans d&#8217;exp\u00e9rience dans le domaine de la sant\u00e9 num\u00e9rique, la suite <strong>GPI4Med facilite la voie vers la transformation num\u00e9rique et les soins de sant\u00e9 durables<\/strong>.<\/p>\n<p>La solution verticale couvre tous les domaines du diagnostic, y compris le LIS et la pathologie num\u00e9rique, la radiologie et l&#8217;imagerie clinique, ainsi que les domaines du sang, des SoHO \/ MPHO et des soins intensifs.<\/p>\n<p>Toutes les solutions verticales sont <strong>multilingues et install\u00e9es dans plus de 70 pays<\/strong>. Gr\u00e2ce \u00e0 nos bureaux locaux, \u00e0 nos partenaires et \u00e0 nos \u00e9quipes d&#8217;assistance bas\u00e9es dans le monde entier, nous nous effor\u00e7ons de renforcer l&#8217;expertise et la maturit\u00e9 de nos clients dans leurs secteurs respectifs.<\/p>\n<h4>Proposition de valeur unique<\/h4>\n<p>La suite GPI4Med pr\u00e9sente un ensemble de fonctionnalit\u00e9s avanc\u00e9es, repr\u00e9sentant une proposition unique sur le march\u00e9 de l&#8217;informatique de sant\u00e9 :<\/p>\n<ul>\n<li>Support COMPLET pour les domaines m\u00e9dicaux, chirurgicaux, cliniques et diagnostiques<\/li>\n<li>TECHNOLOGIE WEB ET CLOUD, pour faciliter les processus de d\u00e9ploiement, de support et de maintenance<\/li>\n<li>INT\u00c9GRATION AVEC UNE VARI\u00c9T\u00c9 D&#8217;APPAREILS BIOM\u00c9DICAUX et de logiciels tiers<\/li>\n<li>CERTIFI\u00c9\/VALID\u00c9 en tant que dispositif m\u00e9dical logiciel (MDR, CE, FDA, SFDA, entre autres)<\/li>\n<li>ENRICHI de fonctionnalit\u00e9s innovantes et d&#8217;algorithmes avanc\u00e9s bas\u00e9s sur l&#8217;IA<\/li>\n<li>CODESIGN\u00c9S avec des experts cliniques pour r\u00e9pondre \u00e0 leurs besoins sp\u00e9cifiques.<\/li>\n<\/ul>\n<h4>Extension HIS et EMR<\/h4>\n<p>Dans certaines zones g\u00e9ographiques, la suite GPI4Med <strong>comprend une solution HIS\/DPI<\/strong> prenant en charge l&#8217;administration des patients et les fonctionnalit\u00e9s du dossier m\u00e9dical \u00e9lectronique. Ces composants \u00e9tendent les capacit\u00e9s de la suite pour couvrir les nombreuses solutions logicielles n\u00e9cessaires dans un h\u00f4pital.[\/vc_column_text][\/vc_column_inner][\/vc_row_inner][\/vc_column][\/vc_row][vc_row full_width=&#8221;stretch_row&#8221; el_class=&#8221;text-row bl-body bg-purple-to-orange&#8221;][vc_column width=&#8221;1\/3&#8243;][\/vc_column][vc_column width=&#8221;2\/3&#8243;][vc_column_text el_class=&#8221;text-on-bg-gradient-row&#8221;]<\/p>\n<h2><a href=\"https:\/\/www.gpigroup.com\/fr\/gpi4med-criticalcare\/\"><img loading=\"lazy\" decoding=\"async\" class=\"wp-image-151056 size-medium alignnone\" src=\"https:\/\/www.gpigroup.com\/app\/uploads\/2024\/05\/Logo-Gpi-Med-Critical-Bianco.svg\" alt=\"\" width=\"300\" height=\"300\" \/><\/a><\/h2>\n<p>Un ensemble de logiciels pour la gestion optimis\u00e9e et s\u00e9curis\u00e9e de l&#8217;anesth\u00e9sie, des soins intensifs et des salles d&#8217;op\u00e9ration.<\/p>\n<p>&nbsp;<\/p>\n<h2><a href=\"https:\/\/www.gpigroup.com\/fr\/gpi4med-pathology\/\"><img loading=\"lazy\" decoding=\"async\" class=\"wp-image-151020 size-medium alignnone\" src=\"https:\/\/www.gpigroup.com\/app\/uploads\/2024\/05\/Logo-Gpi-Med-Pathology-Bianco.svg\" alt=\"\" width=\"300\" height=\"300\" \/><\/a><\/h2>\n<p>Le logiciel innovant pour des processus de laboratoire et de diagnostic s\u00fbrs et de haute qualit\u00e9, ainsi que pour la pathologie num\u00e9rique. Il assure la gestion int\u00e9gr\u00e9e des processus analytiques, organisationnels et administratifs, ainsi que des images tant dans les h\u00f4pitaux que sur le territoire.<\/p>\n<p>&nbsp;<\/p>\n<h2><a href=\"https:\/\/www.gpigroup.com\/fr\/gpi4med-lis\/\"><img loading=\"lazy\" decoding=\"async\" class=\"wp-image-151080 size-medium alignnone\" src=\"https:\/\/www.gpigroup.com\/app\/uploads\/2024\/05\/Logo-Gpi-Med-Blood-Bianco.svg\" alt=\"\" width=\"300\" height=\"300\" \/><\/a><\/h2>\n<p>La suite d\u00e9di\u00e9e \u00e0 la gestion s\u00fbre et efficace de toute la cha\u00eene d&#8217;approvisionnement, de la donation \u00e0 la transfusion et \u00e0 la transplantation de sang et de toutes les substances d&#8217;origine humaine (SoHO) : organes, tissus, lait maternel, cellules souches.<\/p>\n<p>&nbsp;<\/p>\n<h2><a href=\"https:\/\/www.gpigroup.com\/fr\/gpi4med-lis\/\"><img loading=\"lazy\" decoding=\"async\" class=\"wp-image-151008 size-medium alignnone\" src=\"https:\/\/www.gpigroup.com\/app\/uploads\/2024\/05\/Logo-Gpi-Med-LIS-Banco.svg\" alt=\"\" width=\"300\" height=\"300\" \/><\/a><\/h2>\n<p>Le logiciel innovant pour des processus de laboratoire et de diagnostic s\u00fbrs et de haute qualit\u00e9. Il assure la gestion int\u00e9gr\u00e9e des processus analytiques, organisationnels et administratifs, tant dans les h\u00f4pitaux que sur le territoire.<\/p>\n<p>&nbsp;<\/p>\n<h2><a href=\"https:\/\/www.gpigroup.com\/fr\/gpi4med-imaging\/\"><img loading=\"lazy\" decoding=\"async\" class=\"wp-image-151068 size-medium alignnone\" src=\"https:\/\/www.gpigroup.com\/app\/uploads\/2024\/05\/Logo-Gpi-Med-Imaging-Bianco.svg\" alt=\"\" width=\"300\" height=\"300\" \/><\/a><\/h2>\n<p>Le syst\u00e8me d&#8217;imagerie clinique pour la gestion de tous les types d&#8217;images hospitali\u00e8res, y compris les rapports de donn\u00e9es des patients.<\/p>\n<p>&nbsp;<\/p>\n<h2><a href=\"https:\/\/www.gpigroup.com\/fr\/gpi4med-imaging\/\"><img loading=\"lazy\" decoding=\"async\" class=\"wp-image-151044 size-medium alignnone\" src=\"https:\/\/www.gpigroup.com\/app\/uploads\/2024\/05\/Logo-Gpi-Med-Telemed-Banco.svg\" alt=\"\" width=\"300\" height=\"300\" \/><\/a><\/h2>\n<p>Gpi4Med.TELEMED se compose de produits logiciels et mat\u00e9riels pour la t\u00e9l\u00e9m\u00e9decine, la t\u00e9l\u00e9surveillance et l&#8217;assistance \u00e0 distance, y compris la d\u00e9tection \u00e0 distance des signes vitaux.[\/vc_column_text][\/vc_column][\/vc_row]<\/p>\n[vc_row full_width=\"stretch_row\" el_class=\"vision mb-0 gpi-orange-bg\"][vc_column offset=\"vc_col-lg-3 vc_col-xs-12\"][vc_column_text]\n<h4>Contact our sales team<\/h4>[\/vc_column_text][\/vc_column][vc_column width=\"3\/4\" offset=\"vc_col-lg-offset-0 vc_col-sm-offset-3 vc_col-xs-12\"][vc_raw_html]JTVCY29udGFjdC1mb3JtLTclMjBpZCUzRCUyMjg1NDc0JTIyJTIwdGl0bGUlM0QlMjJCdXNpbmVzcyUyMGxpbmUlMjBmb3JtJTIyJTIwaHRtbF9pZCUzRCUyMmdwaS1jb250YWN0LWZvcm0lMjIlNUQ=[\/vc_raw_html][\/vc_column][\/vc_row]<\/div>","protected":false},"excerpt":{"rendered":"<p>[vc_row full_width=&#8221;stretch_row&#8221; css=&#8221;.vc_custom_1553766882955{padding-bottom: 30px !important;}&#8221; el_class=&#8221;text-row my-0&#8243;][vc_column][vc_row_inner][vc_column_inner][vc_column_text] Gpi4Med &#8211; la suite globale de logiciels pour dispositifs m\u00e9dicaux [\/vc_column_text][\/vc_column_inner][\/vc_row_inner][vc_row_inner el_class=&#8221;bl-body&#8221;][vc_column_inner width=&#8221;1\/3&#8243;][vc_column_text][\/vc_column_text][\/vc_column_inner][vc_column_inner width=&#8221;2\/3&#8243;][vc_column_text el_class=&#8221;entice&#8221;] Bienvenue dans la Gpi4Med Suite : la suite globale de logiciels pour dispositifs m\u00e9dicaux pour tous les services de diagnostic, la gestion du sang, les soins intensifs et la t\u00e9l\u00e9m\u00e9decine. [\/vc_column_text][vc_column_text css=&#8221;&#8221;] Gpi4MedUne<\/p>\n","protected":false},"author":7,"featured_media":68627,"parent":0,"menu_order":0,"comment_status":"closed","ping_status":"closed","template":"","meta":{"footnotes":""},"class_list":["post-151146","page","type-page","status-publish","has-post-thumbnail","hentry","client_type-sante-privee-clinique-et-administrative","client_type-sante-publique-clinique-et-administrative","page_category-ligne-de-business","section-offerta","business_line-software"],"yoast_head":"<!-- This site is optimized with the Yoast SEO plugin v27.1.1 - https:\/\/yoast.com\/product\/yoast-seo-wordpress\/ -->\n<title>Gpi4Med Suite | GPI<\/title>\n<meta name=\"description\" content=\"Gpi4Med Suite : la suite globale de logiciels pour dispositifs m\u00e9dicaux pour tous les services de diagnostic, la gestion du sang, les soins intensifs et la t\u00e9l\u00e9m\u00e9decine.\" \/>\n<meta name=\"robots\" content=\"index, follow, max-snippet:-1, max-image-preview:large, max-video-preview:-1\" \/>\n<link rel=\"canonical\" href=\"https:\/\/www.gpigroup.com\/fr\/gpi4med-medical-software-suite\/\" \/>\n<meta property=\"og:locale\" content=\"fr_FR\" \/>\n<meta property=\"og:type\" content=\"article\" \/>\n<meta property=\"og:title\" content=\"Gpi4Med Suite | GPI\" \/>\n<meta property=\"og:description\" content=\"Gpi4Med Suite : la suite globale de logiciels pour dispositifs m\u00e9dicaux pour tous les services de diagnostic, la gestion du sang, les soins intensifs et la t\u00e9l\u00e9m\u00e9decine.\" \/>\n<meta property=\"og:url\" content=\"https:\/\/www.gpigroup.com\/fr\/gpi4med-medical-software-suite\/\" \/>\n<meta property=\"og:site_name\" content=\"GPI\" \/>\n<meta property=\"article:publisher\" content=\"https:\/\/www.facebook.com\/GruppoGPI\/\" \/>\n<meta property=\"article:modified_time\" content=\"2024-10-24T16:02:15+00:00\" \/>\n<meta property=\"og:image\" content=\"https:\/\/www.gpigroup.com\/app\/uploads\/2019\/04\/og-link-preview-1.png\" \/>\n\t<meta property=\"og:image:width\" content=\"1366\" \/>\n\t<meta property=\"og:image:height\" content=\"768\" \/>\n\t<meta property=\"og:image:type\" content=\"image\/png\" \/>\n<meta name=\"twitter:card\" content=\"summary_large_image\" \/>\n<meta name=\"twitter:label1\" content=\"Est. reading time\" \/>\n\t<meta name=\"twitter:data1\" content=\"5 minutes\" \/>\n<script type=\"application\/ld+json\" class=\"yoast-schema-graph\">{\"@context\":\"https:\/\/schema.org\",\"@graph\":[{\"@type\":\"WebPage\",\"@id\":\"https:\/\/www.gpigroup.com\/fr\/gpi4med-medical-software-suite\/\",\"url\":\"https:\/\/www.gpigroup.com\/fr\/gpi4med-medical-software-suite\/\",\"name\":\"Gpi4Med Suite | GPI\",\"isPartOf\":{\"@id\":\"https:\/\/www.gpigroup.com\/fr\/#website\"},\"primaryImageOfPage\":{\"@id\":\"https:\/\/www.gpigroup.com\/fr\/gpi4med-medical-software-suite\/#primaryimage\"},\"image\":{\"@id\":\"https:\/\/www.gpigroup.com\/fr\/gpi4med-medical-software-suite\/#primaryimage\"},\"thumbnailUrl\":\"https:\/\/www.gpigroup.com\/app\/uploads\/2019\/04\/og-link-preview-1.png\",\"datePublished\":\"2024-05-28T14:04:42+00:00\",\"dateModified\":\"2024-10-24T16:02:15+00:00\",\"description\":\"Gpi4Med Suite : la suite globale de logiciels pour dispositifs m\u00e9dicaux pour tous les services de diagnostic, la gestion du sang, les soins intensifs et la t\u00e9l\u00e9m\u00e9decine.\",\"breadcrumb\":{\"@id\":\"https:\/\/www.gpigroup.com\/fr\/gpi4med-medical-software-suite\/#breadcrumb\"},\"inLanguage\":\"fr-FR\",\"potentialAction\":[{\"@type\":\"ReadAction\",\"target\":[\"https:\/\/www.gpigroup.com\/fr\/gpi4med-medical-software-suite\/\"]}]},{\"@type\":\"ImageObject\",\"inLanguage\":\"fr-FR\",\"@id\":\"https:\/\/www.gpigroup.com\/fr\/gpi4med-medical-software-suite\/#primaryimage\",\"url\":\"https:\/\/www.gpigroup.com\/app\/uploads\/2019\/04\/og-link-preview-1.png\",\"contentUrl\":\"https:\/\/www.gpigroup.com\/app\/uploads\/2019\/04\/og-link-preview-1.png\",\"width\":1366,\"height\":768},{\"@type\":\"BreadcrumbList\",\"@id\":\"https:\/\/www.gpigroup.com\/fr\/gpi4med-medical-software-suite\/#breadcrumb\",\"itemListElement\":[{\"@type\":\"ListItem\",\"position\":1,\"name\":\"Home\",\"item\":\"https:\/\/www.gpigroup.com\/fr\/\"},{\"@type\":\"ListItem\",\"position\":2,\"name\":\"Gpi4Med Suite\"}]},{\"@type\":\"WebSite\",\"@id\":\"https:\/\/www.gpigroup.com\/fr\/#website\",\"url\":\"https:\/\/www.gpigroup.com\/fr\/\",\"name\":\"GPI\",\"description\":\"The Healthcare Partner\",\"publisher\":{\"@id\":\"https:\/\/www.gpigroup.com\/fr\/#organization\"},\"potentialAction\":[{\"@type\":\"SearchAction\",\"target\":{\"@type\":\"EntryPoint\",\"urlTemplate\":\"https:\/\/www.gpigroup.com\/fr\/?s={search_term_string}\"},\"query-input\":{\"@type\":\"PropertyValueSpecification\",\"valueRequired\":true,\"valueName\":\"search_term_string\"}}],\"inLanguage\":\"fr-FR\"},{\"@type\":\"Organization\",\"@id\":\"https:\/\/www.gpigroup.com\/fr\/#organization\",\"name\":\"GPI S.p.A.\",\"url\":\"https:\/\/www.gpigroup.com\/fr\/\",\"logo\":{\"@type\":\"ImageObject\",\"inLanguage\":\"fr-FR\",\"@id\":\"https:\/\/www.gpigroup.com\/fr\/#\/schema\/logo\/image\/\",\"url\":\"https:\/\/www.gpigroup.com\/app\/uploads\/2023\/03\/logo-GPI-2019-1.jpg\",\"contentUrl\":\"https:\/\/www.gpigroup.com\/app\/uploads\/2023\/03\/logo-GPI-2019-1.jpg\",\"width\":1946,\"height\":1945,\"caption\":\"GPI S.p.A.\"},\"image\":{\"@id\":\"https:\/\/www.gpigroup.com\/fr\/#\/schema\/logo\/image\/\"},\"sameAs\":[\"https:\/\/www.facebook.com\/GruppoGPI\/\",\"https:\/\/www.linkedin.com\/company\/gpi-spa\",\"http:\/\/www.youtube.com\/user\/GruppoGPI\"]}]}<\/script>\n<!-- \/ Yoast SEO plugin. -->","yoast_head_json":{"title":"Gpi4Med Suite | GPI","description":"Gpi4Med Suite : la suite globale de logiciels pour dispositifs m\u00e9dicaux pour tous les services de diagnostic, la gestion du sang, les soins intensifs et la t\u00e9l\u00e9m\u00e9decine.","robots":{"index":"index","follow":"follow","max-snippet":"max-snippet:-1","max-image-preview":"max-image-preview:large","max-video-preview":"max-video-preview:-1"},"canonical":"https:\/\/www.gpigroup.com\/fr\/gpi4med-medical-software-suite\/","og_locale":"fr_FR","og_type":"article","og_title":"Gpi4Med Suite | GPI","og_description":"Gpi4Med Suite : la suite globale de logiciels pour dispositifs m\u00e9dicaux pour tous les services de diagnostic, la gestion du sang, les soins intensifs et la t\u00e9l\u00e9m\u00e9decine.","og_url":"https:\/\/www.gpigroup.com\/fr\/gpi4med-medical-software-suite\/","og_site_name":"GPI","article_publisher":"https:\/\/www.facebook.com\/GruppoGPI\/","article_modified_time":"2024-10-24T16:02:15+00:00","og_image":[{"width":1366,"height":768,"url":"https:\/\/www.gpigroup.com\/app\/uploads\/2019\/04\/og-link-preview-1.png","type":"image\/png"}],"twitter_card":"summary_large_image","twitter_misc":{"Est. reading time":"5 minutes"},"schema":{"@context":"https:\/\/schema.org","@graph":[{"@type":"WebPage","@id":"https:\/\/www.gpigroup.com\/fr\/gpi4med-medical-software-suite\/","url":"https:\/\/www.gpigroup.com\/fr\/gpi4med-medical-software-suite\/","name":"Gpi4Med Suite | GPI","isPartOf":{"@id":"https:\/\/www.gpigroup.com\/fr\/#website"},"primaryImageOfPage":{"@id":"https:\/\/www.gpigroup.com\/fr\/gpi4med-medical-software-suite\/#primaryimage"},"image":{"@id":"https:\/\/www.gpigroup.com\/fr\/gpi4med-medical-software-suite\/#primaryimage"},"thumbnailUrl":"https:\/\/www.gpigroup.com\/app\/uploads\/2019\/04\/og-link-preview-1.png","datePublished":"2024-05-28T14:04:42+00:00","dateModified":"2024-10-24T16:02:15+00:00","description":"Gpi4Med Suite : la suite globale de logiciels pour dispositifs m\u00e9dicaux pour tous les services de diagnostic, la gestion du sang, les soins intensifs et la t\u00e9l\u00e9m\u00e9decine.","breadcrumb":{"@id":"https:\/\/www.gpigroup.com\/fr\/gpi4med-medical-software-suite\/#breadcrumb"},"inLanguage":"fr-FR","potentialAction":[{"@type":"ReadAction","target":["https:\/\/www.gpigroup.com\/fr\/gpi4med-medical-software-suite\/"]}]},{"@type":"ImageObject","inLanguage":"fr-FR","@id":"https:\/\/www.gpigroup.com\/fr\/gpi4med-medical-software-suite\/#primaryimage","url":"https:\/\/www.gpigroup.com\/app\/uploads\/2019\/04\/og-link-preview-1.png","contentUrl":"https:\/\/www.gpigroup.com\/app\/uploads\/2019\/04\/og-link-preview-1.png","width":1366,"height":768},{"@type":"BreadcrumbList","@id":"https:\/\/www.gpigroup.com\/fr\/gpi4med-medical-software-suite\/#breadcrumb","itemListElement":[{"@type":"ListItem","position":1,"name":"Home","item":"https:\/\/www.gpigroup.com\/fr\/"},{"@type":"ListItem","position":2,"name":"Gpi4Med Suite"}]},{"@type":"WebSite","@id":"https:\/\/www.gpigroup.com\/fr\/#website","url":"https:\/\/www.gpigroup.com\/fr\/","name":"GPI","description":"The Healthcare Partner","publisher":{"@id":"https:\/\/www.gpigroup.com\/fr\/#organization"},"potentialAction":[{"@type":"SearchAction","target":{"@type":"EntryPoint","urlTemplate":"https:\/\/www.gpigroup.com\/fr\/?s={search_term_string}"},"query-input":{"@type":"PropertyValueSpecification","valueRequired":true,"valueName":"search_term_string"}}],"inLanguage":"fr-FR"},{"@type":"Organization","@id":"https:\/\/www.gpigroup.com\/fr\/#organization","name":"GPI S.p.A.","url":"https:\/\/www.gpigroup.com\/fr\/","logo":{"@type":"ImageObject","inLanguage":"fr-FR","@id":"https:\/\/www.gpigroup.com\/fr\/#\/schema\/logo\/image\/","url":"https:\/\/www.gpigroup.com\/app\/uploads\/2023\/03\/logo-GPI-2019-1.jpg","contentUrl":"https:\/\/www.gpigroup.com\/app\/uploads\/2023\/03\/logo-GPI-2019-1.jpg","width":1946,"height":1945,"caption":"GPI S.p.A."},"image":{"@id":"https:\/\/www.gpigroup.com\/fr\/#\/schema\/logo\/image\/"},"sameAs":["https:\/\/www.facebook.com\/GruppoGPI\/","https:\/\/www.linkedin.com\/company\/gpi-spa","http:\/\/www.youtube.com\/user\/GruppoGPI"]}]}},"_links":{"self":[{"href":"https:\/\/www.gpigroup.com\/fr\/wp-json\/wp\/v2\/pages\/151146","targetHints":{"allow":["GET"]}}],"collection":[{"href":"https:\/\/www.gpigroup.com\/fr\/wp-json\/wp\/v2\/pages"}],"about":[{"href":"https:\/\/www.gpigroup.com\/fr\/wp-json\/wp\/v2\/types\/page"}],"author":[{"embeddable":true,"href":"https:\/\/www.gpigroup.com\/fr\/wp-json\/wp\/v2\/users\/7"}],"replies":[{"embeddable":true,"href":"https:\/\/www.gpigroup.com\/fr\/wp-json\/wp\/v2\/comments?post=151146"}],"version-history":[{"count":6,"href":"https:\/\/www.gpigroup.com\/fr\/wp-json\/wp\/v2\/pages\/151146\/revisions"}],"predecessor-version":[{"id":157568,"href":"https:\/\/www.gpigroup.com\/fr\/wp-json\/wp\/v2\/pages\/151146\/revisions\/157568"}],"wp:featuredmedia":[{"embeddable":true,"href":"https:\/\/www.gpigroup.com\/fr\/wp-json\/wp\/v2\/media\/68627"}],"wp:attachment":[{"href":"https:\/\/www.gpigroup.com\/fr\/wp-json\/wp\/v2\/media?parent=151146"}],"curies":[{"name":"wp","href":"https:\/\/api.w.org\/{rel}","templated":true}]}}