{"id":150334,"date":"2024-05-20T22:44:41","date_gmt":"2024-05-20T20:44:41","guid":{"rendered":"https:\/\/www.gpigroup.com\/?page_id=150334"},"modified":"2024-10-22T11:04:40","modified_gmt":"2024-10-22T09:04:40","slug":"gpi4med-telemed","status":"publish","type":"page","link":"https:\/\/www.gpigroup.com\/fr\/gpi4med-telemed\/","title":{"rendered":"OLD_Gpi4Med.TELEMED"},"content":{"rendered":"<div class=\"wpb-content-wrapper\"><p>[vc_row full_width=&#8221;stretch_row&#8221; el_class=&#8221;text-row my-0&#8243;][vc_column][vc_row_inner][vc_column_inner][vc_column_text]<\/p>\n<div class=\"row asa-title\">\n<div class=\"col-12 col-md-6\">\n<img loading=\"lazy\" decoding=\"async\" width=\"1024\" height=\"576\" src=\"https:\/\/www.gpigroup.com\/app\/uploads\/2019\/05\/asa_software.jpg\" class=\"asa-image asa-image-mobile rounded-circle d-md-none d-inline\" alt=\"GPI Software\" srcset=\"https:\/\/www.gpigroup.com\/app\/uploads\/2019\/05\/asa_software.jpg 1024w, https:\/\/www.gpigroup.com\/app\/uploads\/2019\/05\/asa_software-300x169.jpg 300w, https:\/\/www.gpigroup.com\/app\/uploads\/2019\/05\/asa_software-768x432.jpg 768w\" sizes=\"auto, (max-width: 1024px) 100vw, 1024px\" \/>\n<div class=\"gpi_signature_title_tech\">\n<h1>Gpi4Med.TELEMED<\/h1>\n<\/div>\n<\/div>\n<div class=\"col-12 col-md-6\">\n<div class=\"asa-symbol\"><img loading=\"lazy\" decoding=\"async\" class=\"alignnone size-medium wp-image-3055\" role=\"img\" src=\"https:\/\/www.gpigroup.com\/app\/uploads\/\/2019\/03\/Software-1.svg\" alt=\"\" width=\"24\" height=\"24\" \/>\u00a0SOFTWARE<\/div>\n<\/div>\n<\/div>\n<p>[\/vc_column_text][\/vc_column_inner][\/vc_row_inner][vc_row_inner el_class=&#8221;bl-body&#8221;][vc_column_inner width=&#8221;1\/3&#8243;][vc_column_text]<\/p>\n<img loading=\"lazy\" decoding=\"async\" width=\"1024\" height=\"576\" src=\"https:\/\/www.gpigroup.com\/app\/uploads\/2019\/05\/asa_software.jpg\" class=\"asa-image rounded-circle d-md-inline d-none\" alt=\"GPI Software\" srcset=\"https:\/\/www.gpigroup.com\/app\/uploads\/2019\/05\/asa_software.jpg 1024w, https:\/\/www.gpigroup.com\/app\/uploads\/2019\/05\/asa_software-300x169.jpg 300w, https:\/\/www.gpigroup.com\/app\/uploads\/2019\/05\/asa_software-768x432.jpg 768w\" sizes=\"auto, (max-width: 1024px) 100vw, 1024px\" \/>\n<p>[\/vc_column_text][\/vc_column_inner][vc_column_inner width=&#8221;2\/3&#8243;][vc_column_text el_class=&#8221;entice&#8221;]<\/p>\n<h2>Gpi4Med.TELEMED est compos\u00e9 de produits logiciels et mat\u00e9riels pour la t\u00e9l\u00e9m\u00e9decine, le t\u00e9l\u00e9monitoring et la t\u00e9l\u00e9assistance, y compris la d\u00e9tection \u00e0 distance des signes vitaux.<\/h2>\n<p>[\/vc_column_text][\/vc_column_inner][\/vc_row_inner][vc_row_inner][vc_column_inner width=&#8221;1\/3&#8243;][\/vc_column_inner][vc_column_inner width=&#8221;2\/3&#8243;][vc_column_text]<span style=\"font-weight: 400;\"><strong>Gpi4Med.TELEMED<\/strong> est une ligne de produits verticale de Gpi4Med Suite, la suite de logiciels pour dispositifs m\u00e9dicaux pour tous les services diagnostiques, la gestion du sang, les soins critiques et la t\u00e9l\u00e9m\u00e9decine, mise en place par Gpi en fonction de la strat\u00e9gie globale du groupe, offrant les meilleures fonctionnalit\u00e9s et technologies dans le cadre de la sant\u00e9 num\u00e9rique.<\/span><\/p>\n<h3>WEB &amp; CLOUD<\/h3>\n<p>Toutes les solutions sont bas\u00e9es sur le web et activ\u00e9es dans le cloud, permettant ainsi :<\/p>\n<ul>\n<li>haute \u00e9volutivit\u00e9<\/li>\n<li>cybers\u00e9curit\u00e9<\/li>\n<li>continuit\u00e9 des affaires<\/li>\n<li>facilit\u00e9 d&#8217;utilisation<\/li>\n<li>ouverture et interop\u00e9rabilit\u00e9<\/li>\n<\/ul>\n<h3>APPROCHE GLOBALE ET EXPERTISE EN SANT\u00c9 NUM\u00c9RIQUE<\/h3>\n<p>Toutes les solutions sont multilingues et install\u00e9es dans plus de 70 pays dans le monde entier. Cela nous permet d&#8217;assurer \u00e0 nos clients une expertise et une maturit\u00e9 globales ainsi qu&#8217;une proximit\u00e9 gr\u00e2ce \u00e0 nos partenaires locaux et \u00e9quipes de support bas\u00e9es dans le monde entier.<\/p>\n<h3>CERTIFICATION MD &amp; INT\u00c9GRATION<\/h3>\n<p>En plus d&#8217;\u00eatre certifi\u00e9es MD, toutes les solutions de la suite Gpi4Med peuvent \u00eatre int\u00e9gr\u00e9es \u00e0 tout type de dispositif m\u00e9dical. Nos processus et produits certifi\u00e9s, y compris nos usines de logiciels certifi\u00e9es, garantissent une grande fiabilit\u00e9, notamment en termes de minimisation des risques cliniques.<\/p>\n<h3>FONCTIONNALIT\u00c9S INT\u00c9GR\u00c9ES \u00c0 L&#8217;IA<\/h3>\n<p>La suite Gpi4Med repose sur une technologie de pointe et des fonctionnalit\u00e9s int\u00e9gr\u00e9es d&#8217;IA pour le traitement avanc\u00e9 des images 3D, l&#8217;analyse d&#8217;images et le support diagnostique, la pr\u00e9diction et la gestion de la population.[\/vc_column_text][\/vc_column_inner][\/vc_row_inner][\/vc_column][\/vc_row]<\/p>\n[vc_row full_width=\"stretch_row\" el_class=\"vision mb-0 gpi-orange-bg\"][vc_column offset=\"vc_col-lg-3 vc_col-xs-12\"][vc_column_text]\n<h4>Contact our sales team<\/h4>[\/vc_column_text][\/vc_column][vc_column width=\"3\/4\" offset=\"vc_col-lg-offset-0 vc_col-sm-offset-3 vc_col-xs-12\"][vc_raw_html]JTVCY29udGFjdC1mb3JtLTclMjBpZCUzRCUyMjg1NDc0JTIyJTIwdGl0bGUlM0QlMjJCdXNpbmVzcyUyMGxpbmUlMjBmb3JtJTIyJTIwaHRtbF9pZCUzRCUyMmdwaS1jb250YWN0LWZvcm0lMjIlNUQ=[\/vc_raw_html][\/vc_column][\/vc_row]<\/div>","protected":false},"excerpt":{"rendered":"<p>[vc_row full_width=&#8221;stretch_row&#8221; el_class=&#8221;text-row my-0&#8243;][vc_column][vc_row_inner][vc_column_inner][vc_column_text] Gpi4Med.TELEMED \u00a0SOFTWARE [\/vc_column_text][\/vc_column_inner][\/vc_row_inner][vc_row_inner el_class=&#8221;bl-body&#8221;][vc_column_inner width=&#8221;1\/3&#8243;][vc_column_text] [\/vc_column_text][\/vc_column_inner][vc_column_inner width=&#8221;2\/3&#8243;][vc_column_text el_class=&#8221;entice&#8221;] Gpi4Med.TELEMED est compos\u00e9 de produits logiciels et mat\u00e9riels pour la t\u00e9l\u00e9m\u00e9decine, le t\u00e9l\u00e9monitoring et la t\u00e9l\u00e9assistance, y compris la d\u00e9tection \u00e0 distance des signes vitaux. [\/vc_column_text][\/vc_column_inner][\/vc_row_inner][vc_row_inner][vc_column_inner width=&#8221;1\/3&#8243;][\/vc_column_inner][vc_column_inner width=&#8221;2\/3&#8243;][vc_column_text]Gpi4Med.TELEMED est une ligne de produits verticale de Gpi4Med Suite, la suite de logiciels pour dispositifs<\/p>\n","protected":false},"author":7,"featured_media":68627,"parent":0,"menu_order":0,"comment_status":"closed","ping_status":"closed","template":"","meta":{"footnotes":""},"class_list":["post-150334","page","type-page","status-publish","has-post-thumbnail","hentry","section-offerta","business_line-software"],"yoast_head":"<!-- This site is optimized with the Yoast SEO plugin v27.1.1 - https:\/\/yoast.com\/product\/yoast-seo-wordpress\/ -->\n<title>Gpi4Med.TELEMED<\/title>\n<meta name=\"description\" content=\"Gpi4Med.TELEMED est compos\u00e9 de produits logiciels et mat\u00e9riels pour la t\u00e9l\u00e9m\u00e9decine, le t\u00e9l\u00e9monitoring et la t\u00e9l\u00e9assistance, y compris la d\u00e9tection \u00e0 distance des signes vitaux.\" \/>\n<meta name=\"robots\" content=\"index, follow, max-snippet:-1, max-image-preview:large, max-video-preview:-1\" \/>\n<link rel=\"canonical\" href=\"https:\/\/www.gpigroup.com\/fr\/gpi4med-telemed\/\" \/>\n<meta property=\"og:locale\" content=\"fr_FR\" \/>\n<meta property=\"og:type\" content=\"article\" \/>\n<meta property=\"og:title\" content=\"Gpi4Med.TELEMED\" \/>\n<meta property=\"og:description\" content=\"Gpi4Med.TELEMED est compos\u00e9 de produits logiciels et mat\u00e9riels pour la t\u00e9l\u00e9m\u00e9decine, le t\u00e9l\u00e9monitoring et la t\u00e9l\u00e9assistance, y compris la d\u00e9tection \u00e0 distance des signes vitaux.\" \/>\n<meta property=\"og:url\" content=\"https:\/\/www.gpigroup.com\/fr\/gpi4med-telemed\/\" \/>\n<meta property=\"og:site_name\" content=\"GPI\" \/>\n<meta property=\"article:publisher\" content=\"https:\/\/www.facebook.com\/GruppoGPI\/\" \/>\n<meta property=\"article:modified_time\" content=\"2024-10-22T09:04:40+00:00\" \/>\n<meta property=\"og:image\" content=\"https:\/\/www.gpigroup.com\/app\/uploads\/2019\/04\/og-link-preview-1.png\" \/>\n\t<meta property=\"og:image:width\" content=\"1366\" \/>\n\t<meta property=\"og:image:height\" content=\"768\" \/>\n\t<meta property=\"og:image:type\" content=\"image\/png\" \/>\n<meta name=\"twitter:card\" content=\"summary_large_image\" \/>\n<meta name=\"twitter:label1\" content=\"Est. reading time\" \/>\n\t<meta name=\"twitter:data1\" content=\"2 minutes\" \/>\n<script type=\"application\/ld+json\" class=\"yoast-schema-graph\">{\"@context\":\"https:\/\/schema.org\",\"@graph\":[{\"@type\":\"WebPage\",\"@id\":\"https:\/\/www.gpigroup.com\/fr\/gpi4med-telemed\/\",\"url\":\"https:\/\/www.gpigroup.com\/fr\/gpi4med-telemed\/\",\"name\":\"Gpi4Med.TELEMED\",\"isPartOf\":{\"@id\":\"https:\/\/www.gpigroup.com\/fr\/#website\"},\"primaryImageOfPage\":{\"@id\":\"https:\/\/www.gpigroup.com\/fr\/gpi4med-telemed\/#primaryimage\"},\"image\":{\"@id\":\"https:\/\/www.gpigroup.com\/fr\/gpi4med-telemed\/#primaryimage\"},\"thumbnailUrl\":\"https:\/\/www.gpigroup.com\/app\/uploads\/2019\/04\/og-link-preview-1.png\",\"datePublished\":\"2024-05-20T20:44:41+00:00\",\"dateModified\":\"2024-10-22T09:04:40+00:00\",\"description\":\"Gpi4Med.TELEMED est compos\u00e9 de produits logiciels et mat\u00e9riels pour la t\u00e9l\u00e9m\u00e9decine, le t\u00e9l\u00e9monitoring et la t\u00e9l\u00e9assistance, y compris la d\u00e9tection \u00e0 distance des signes vitaux.\",\"breadcrumb\":{\"@id\":\"https:\/\/www.gpigroup.com\/fr\/gpi4med-telemed\/#breadcrumb\"},\"inLanguage\":\"fr-FR\",\"potentialAction\":[{\"@type\":\"ReadAction\",\"target\":[\"https:\/\/www.gpigroup.com\/fr\/gpi4med-telemed\/\"]}]},{\"@type\":\"ImageObject\",\"inLanguage\":\"fr-FR\",\"@id\":\"https:\/\/www.gpigroup.com\/fr\/gpi4med-telemed\/#primaryimage\",\"url\":\"https:\/\/www.gpigroup.com\/app\/uploads\/2019\/04\/og-link-preview-1.png\",\"contentUrl\":\"https:\/\/www.gpigroup.com\/app\/uploads\/2019\/04\/og-link-preview-1.png\",\"width\":1366,\"height\":768},{\"@type\":\"BreadcrumbList\",\"@id\":\"https:\/\/www.gpigroup.com\/fr\/gpi4med-telemed\/#breadcrumb\",\"itemListElement\":[{\"@type\":\"ListItem\",\"position\":1,\"name\":\"Home\",\"item\":\"https:\/\/www.gpigroup.com\/fr\/\"},{\"@type\":\"ListItem\",\"position\":2,\"name\":\"OLD_Gpi4Med.TELEMED\"}]},{\"@type\":\"WebSite\",\"@id\":\"https:\/\/www.gpigroup.com\/fr\/#website\",\"url\":\"https:\/\/www.gpigroup.com\/fr\/\",\"name\":\"GPI\",\"description\":\"The Healthcare Partner\",\"publisher\":{\"@id\":\"https:\/\/www.gpigroup.com\/fr\/#organization\"},\"potentialAction\":[{\"@type\":\"SearchAction\",\"target\":{\"@type\":\"EntryPoint\",\"urlTemplate\":\"https:\/\/www.gpigroup.com\/fr\/?s={search_term_string}\"},\"query-input\":{\"@type\":\"PropertyValueSpecification\",\"valueRequired\":true,\"valueName\":\"search_term_string\"}}],\"inLanguage\":\"fr-FR\"},{\"@type\":\"Organization\",\"@id\":\"https:\/\/www.gpigroup.com\/fr\/#organization\",\"name\":\"GPI S.p.A.\",\"url\":\"https:\/\/www.gpigroup.com\/fr\/\",\"logo\":{\"@type\":\"ImageObject\",\"inLanguage\":\"fr-FR\",\"@id\":\"https:\/\/www.gpigroup.com\/fr\/#\/schema\/logo\/image\/\",\"url\":\"https:\/\/www.gpigroup.com\/app\/uploads\/2023\/03\/logo-GPI-2019-1.jpg\",\"contentUrl\":\"https:\/\/www.gpigroup.com\/app\/uploads\/2023\/03\/logo-GPI-2019-1.jpg\",\"width\":1946,\"height\":1945,\"caption\":\"GPI S.p.A.\"},\"image\":{\"@id\":\"https:\/\/www.gpigroup.com\/fr\/#\/schema\/logo\/image\/\"},\"sameAs\":[\"https:\/\/www.facebook.com\/GruppoGPI\/\",\"https:\/\/www.linkedin.com\/company\/gpi-spa\",\"http:\/\/www.youtube.com\/user\/GruppoGPI\"]}]}<\/script>\n<!-- \/ Yoast SEO plugin. -->","yoast_head_json":{"title":"Gpi4Med.TELEMED","description":"Gpi4Med.TELEMED est compos\u00e9 de produits logiciels et mat\u00e9riels pour la t\u00e9l\u00e9m\u00e9decine, le t\u00e9l\u00e9monitoring et la t\u00e9l\u00e9assistance, y compris la d\u00e9tection \u00e0 distance des signes vitaux.","robots":{"index":"index","follow":"follow","max-snippet":"max-snippet:-1","max-image-preview":"max-image-preview:large","max-video-preview":"max-video-preview:-1"},"canonical":"https:\/\/www.gpigroup.com\/fr\/gpi4med-telemed\/","og_locale":"fr_FR","og_type":"article","og_title":"Gpi4Med.TELEMED","og_description":"Gpi4Med.TELEMED est compos\u00e9 de produits logiciels et mat\u00e9riels pour la t\u00e9l\u00e9m\u00e9decine, le t\u00e9l\u00e9monitoring et la t\u00e9l\u00e9assistance, y compris la d\u00e9tection \u00e0 distance des signes vitaux.","og_url":"https:\/\/www.gpigroup.com\/fr\/gpi4med-telemed\/","og_site_name":"GPI","article_publisher":"https:\/\/www.facebook.com\/GruppoGPI\/","article_modified_time":"2024-10-22T09:04:40+00:00","og_image":[{"width":1366,"height":768,"url":"https:\/\/www.gpigroup.com\/app\/uploads\/2019\/04\/og-link-preview-1.png","type":"image\/png"}],"twitter_card":"summary_large_image","twitter_misc":{"Est. reading time":"2 minutes"},"schema":{"@context":"https:\/\/schema.org","@graph":[{"@type":"WebPage","@id":"https:\/\/www.gpigroup.com\/fr\/gpi4med-telemed\/","url":"https:\/\/www.gpigroup.com\/fr\/gpi4med-telemed\/","name":"Gpi4Med.TELEMED","isPartOf":{"@id":"https:\/\/www.gpigroup.com\/fr\/#website"},"primaryImageOfPage":{"@id":"https:\/\/www.gpigroup.com\/fr\/gpi4med-telemed\/#primaryimage"},"image":{"@id":"https:\/\/www.gpigroup.com\/fr\/gpi4med-telemed\/#primaryimage"},"thumbnailUrl":"https:\/\/www.gpigroup.com\/app\/uploads\/2019\/04\/og-link-preview-1.png","datePublished":"2024-05-20T20:44:41+00:00","dateModified":"2024-10-22T09:04:40+00:00","description":"Gpi4Med.TELEMED est compos\u00e9 de produits logiciels et mat\u00e9riels pour la t\u00e9l\u00e9m\u00e9decine, le t\u00e9l\u00e9monitoring et la t\u00e9l\u00e9assistance, y compris la d\u00e9tection \u00e0 distance des signes vitaux.","breadcrumb":{"@id":"https:\/\/www.gpigroup.com\/fr\/gpi4med-telemed\/#breadcrumb"},"inLanguage":"fr-FR","potentialAction":[{"@type":"ReadAction","target":["https:\/\/www.gpigroup.com\/fr\/gpi4med-telemed\/"]}]},{"@type":"ImageObject","inLanguage":"fr-FR","@id":"https:\/\/www.gpigroup.com\/fr\/gpi4med-telemed\/#primaryimage","url":"https:\/\/www.gpigroup.com\/app\/uploads\/2019\/04\/og-link-preview-1.png","contentUrl":"https:\/\/www.gpigroup.com\/app\/uploads\/2019\/04\/og-link-preview-1.png","width":1366,"height":768},{"@type":"BreadcrumbList","@id":"https:\/\/www.gpigroup.com\/fr\/gpi4med-telemed\/#breadcrumb","itemListElement":[{"@type":"ListItem","position":1,"name":"Home","item":"https:\/\/www.gpigroup.com\/fr\/"},{"@type":"ListItem","position":2,"name":"OLD_Gpi4Med.TELEMED"}]},{"@type":"WebSite","@id":"https:\/\/www.gpigroup.com\/fr\/#website","url":"https:\/\/www.gpigroup.com\/fr\/","name":"GPI","description":"The Healthcare Partner","publisher":{"@id":"https:\/\/www.gpigroup.com\/fr\/#organization"},"potentialAction":[{"@type":"SearchAction","target":{"@type":"EntryPoint","urlTemplate":"https:\/\/www.gpigroup.com\/fr\/?s={search_term_string}"},"query-input":{"@type":"PropertyValueSpecification","valueRequired":true,"valueName":"search_term_string"}}],"inLanguage":"fr-FR"},{"@type":"Organization","@id":"https:\/\/www.gpigroup.com\/fr\/#organization","name":"GPI S.p.A.","url":"https:\/\/www.gpigroup.com\/fr\/","logo":{"@type":"ImageObject","inLanguage":"fr-FR","@id":"https:\/\/www.gpigroup.com\/fr\/#\/schema\/logo\/image\/","url":"https:\/\/www.gpigroup.com\/app\/uploads\/2023\/03\/logo-GPI-2019-1.jpg","contentUrl":"https:\/\/www.gpigroup.com\/app\/uploads\/2023\/03\/logo-GPI-2019-1.jpg","width":1946,"height":1945,"caption":"GPI S.p.A."},"image":{"@id":"https:\/\/www.gpigroup.com\/fr\/#\/schema\/logo\/image\/"},"sameAs":["https:\/\/www.facebook.com\/GruppoGPI\/","https:\/\/www.linkedin.com\/company\/gpi-spa","http:\/\/www.youtube.com\/user\/GruppoGPI"]}]}},"_links":{"self":[{"href":"https:\/\/www.gpigroup.com\/fr\/wp-json\/wp\/v2\/pages\/150334","targetHints":{"allow":["GET"]}}],"collection":[{"href":"https:\/\/www.gpigroup.com\/fr\/wp-json\/wp\/v2\/pages"}],"about":[{"href":"https:\/\/www.gpigroup.com\/fr\/wp-json\/wp\/v2\/types\/page"}],"author":[{"embeddable":true,"href":"https:\/\/www.gpigroup.com\/fr\/wp-json\/wp\/v2\/users\/7"}],"replies":[{"embeddable":true,"href":"https:\/\/www.gpigroup.com\/fr\/wp-json\/wp\/v2\/comments?post=150334"}],"version-history":[{"count":6,"href":"https:\/\/www.gpigroup.com\/fr\/wp-json\/wp\/v2\/pages\/150334\/revisions"}],"predecessor-version":[{"id":157246,"href":"https:\/\/www.gpigroup.com\/fr\/wp-json\/wp\/v2\/pages\/150334\/revisions\/157246"}],"wp:featuredmedia":[{"embeddable":true,"href":"https:\/\/www.gpigroup.com\/fr\/wp-json\/wp\/v2\/media\/68627"}],"wp:attachment":[{"href":"https:\/\/www.gpigroup.com\/fr\/wp-json\/wp\/v2\/media?parent=150334"}],"curies":[{"name":"wp","href":"https:\/\/api.w.org\/{rel}","templated":true}]}}