{"id":99144,"date":"2021-04-23T13:43:16","date_gmt":"2021-04-23T11:43:16","guid":{"rendered":"https:\/\/www.gpi.it\/backup\/soins-virtuel-gpi\/"},"modified":"2023-04-17T10:53:53","modified_gmt":"2023-04-17T08:53:53","slug":"soins-virtuel-gpi","status":"publish","type":"page","link":"https:\/\/www.gpigroup.com\/fr-na\/soins-virtuel-gpi\/","title":{"rendered":"Soins Virtuel"},"content":{"rendered":"<div class=\"wpb-content-wrapper\"><p>[vc_row full_width=&#8221;stretch_row&#8221; css=&#8221;.vc_custom_1553766882955{padding-bottom: 30px !important;}&#8221; el_class=&#8221;text-row my-0&#8243;][vc_column][vc_row_inner][vc_column_inner][vc_column_text]<\/p>\n<div class=\"row asa-title\">\n<div class=\"col-12 col-md-6\">\n<img loading=\"lazy\" decoding=\"async\" width=\"1024\" height=\"576\" src=\"https:\/\/www.gpigroup.com\/app\/uploads\/2019\/05\/asa_care.jpg\" class=\"asa-image asa-image-mobile rounded-circle d-md-none d-inline\" alt=\"Gpi Care\" srcset=\"https:\/\/www.gpigroup.com\/app\/uploads\/2019\/05\/asa_care.jpg 1024w, https:\/\/www.gpigroup.com\/app\/uploads\/2019\/05\/asa_care-300x169.jpg 300w, https:\/\/www.gpigroup.com\/app\/uploads\/2019\/05\/asa_care-768x432.jpg 768w\" sizes=\"auto, (max-width: 1024px) 100vw, 1024px\" \/>\n<div class=\"gpi_signature_title_tech\">\n<h1>Soins Virtuel<\/h1>\n<\/div>\n<\/div>\n<div class=\"col-12 col-md-6\">\n<div class=\"asa-symbol\"><img loading=\"lazy\" decoding=\"async\" class=\"alignnone size-medium wp-image-3122\" role=\"img\" src=\"https:\/\/www.gpigroup.com\/app\/uploads\/\/2019\/03\/care-1.svg\" alt=\"\" width=\"24\" height=\"24\" \/>\u00a0CARE<\/div>\n<\/div>\n<\/div>\n<p>[\/vc_column_text][\/vc_column_inner][\/vc_row_inner][vc_row_inner el_class=&#8221;bl-body&#8221;][vc_column_inner width=&#8221;1\/3&#8243;][vc_column_text]<img loading=\"lazy\" decoding=\"async\" width=\"1024\" height=\"576\" src=\"https:\/\/www.gpigroup.com\/app\/uploads\/2019\/05\/asa_care.jpg\" class=\"asa-image rounded-circle d-md-inline d-none\" alt=\"Gpi Care\" srcset=\"https:\/\/www.gpigroup.com\/app\/uploads\/2019\/05\/asa_care.jpg 1024w, https:\/\/www.gpigroup.com\/app\/uploads\/2019\/05\/asa_care-300x169.jpg 300w, https:\/\/www.gpigroup.com\/app\/uploads\/2019\/05\/asa_care-768x432.jpg 768w\" sizes=\"auto, (max-width: 1024px) 100vw, 1024px\" \/>[\/vc_column_text][\/vc_column_inner][vc_column_inner width=&#8221;2\/3&#8243;][vc_column_text el_class=&#8221;entice&#8221;]<\/p>\n<h3>Pohema, la solution modulaire et fiable pour la nouvelle demande de sant\u00e9.<\/h3>\n<p>[\/vc_column_text][vc_column_text]<strong>POHEMA<\/strong> est la nouvelle solution modulaire de BPC (Business Package Capabilities) pour la sant\u00e9 num\u00e9rique qui s&#8217;adapte aux sc\u00e9narios d&#8217;un avenir en constante \u00e9volution. Un syst\u00e8me harmonique de microservices applicatifs, technologiques et bas\u00e9s sur l&#8217;humain capable de g\u00e9rer tous les aspects de l&#8217;assistance \u00e0 distance.<\/p>\n<p>La force de POHEMA r\u00e9side dans sa polyvalence : un ensemble d&#8217;outils combinables qui permet de soutenir des flux de travail technologiquement innombrables et donc de r\u00e9aliser des architectures sur mesure pour tout type de contexte, dans un cadre g\u00e9n\u00e9ral de ma\u00eetrise des co\u00fbts.<\/p>\n<p>M\u00eame en cas d&#8217;urgence, il am\u00e9liore la qualit\u00e9 de vie du patient et facilite le travail des professionnels de sant\u00e9.<\/p>\n<p>D\u00e9j\u00e0 en mars 2020, Pohema a r\u00e9pondu aux diff\u00e9rents besoins des structures sanitaires r\u00e9gionales et locales pour mieux g\u00e9rer l&#8217;urgence Covid. \u00c0 travers :<\/p>\n<ul>\n<li>la stratification et la g\u00e9olocalisation de la population en fonction du risque<\/li>\n<li>la plateforme de prise en charge et de gestion du PAI<\/li>\n<li>la plateforme de t\u00e9l\u00e9m\u00e9decine et de t\u00e9l\u00e9consultation<\/li>\n<li>le portail patient et les services de visioconf\u00e9rence<\/li>\n<li>les dispositifs intelligents et les tableaux de bord de surveillance<\/li>\n<li>les centres de services de sp\u00e9cialistes pour soutenir l&#8217;ensemble du r\u00e9seau de soignants<\/li>\n<li>les analyses \u00e9volu\u00e9es pour mettre en \u00e9vidence les zones de vuln\u00e9rabilit\u00e9<\/li>\n<\/ul>\n<p>Il a \u00e9t\u00e9 possible de redessiner rapidement les processus et les mod\u00e8les organisationnels, de permettre des parcours de soins et d&#8217;assistance num\u00e9riques appropri\u00e9s et de r\u00e9pondre \u00e0 la nouvelle demande de sant\u00e9, dans un contexte de collaboration entre tous les acteurs du syst\u00e8me.<\/p>\n<p>La solution est conforme aux normes de confidentialit\u00e9 et de GDPR, et assure le plus haut niveau d&#8217;interop\u00e9rabilit\u00e9 avec les syst\u00e8mes existants.[\/vc_column_text][\/vc_column_inner][\/vc_row_inner][vc_row_inner disable_element=&#8221;yes&#8221; el_class=&#8221;bl-body&#8221;][vc_column_inner width=&#8221;1\/3&#8243;][\/vc_column_inner][vc_column_inner width=&#8221;2\/3&#8243;][vc_column_text el_class=&#8221;entice&#8221;]<\/p>\n<h2>Am\u00e9liore la qualit\u00e9 de vie du patient, facilite et optimise le travail des m\u00e9decins et des professionnels de sant\u00e9.<\/h2>\n<p>[\/vc_column_text][vc_column_text]<\/p>\n<p class=\"western\">PHEBO\u00ae \u00e8 L\u2019innovativo sistema di e-Health Care a supporto delle molteplici attivit\u00e0 di telemedicina e teleassistenza che contribuisce sostanzialmente al miglioramento della qualit\u00e0 della vita per una vasta fascia di popolazione, in un quadro generale di contenimento dei costi.<\/p>\n<p class=\"western\">La piattaforma PHEBO\u00ae coniuga tecnologie informatiche di ultima generazione e dispositivi portatili evoluti per offrire servizi sanitari a distanza che consentono di gestire l\u2019acquisizione dei parametri fisiologici vitali, la videocomunicazione, i questionari ed i file multimediali.<\/p>\n<p class=\"western\">Lo scambio di dati sicuro e tempestivo rispetta gli standard di sicurezza richiesti per gli ambienti sanitari, in conformit\u00e0 con le norme di tutela della privacy dei pazienti.<\/p>\n<p class=\"western\">Certificato ISO 13485 e 93\/42\/CEE<\/p>\n<p>[\/vc_column_text][vc_column_text]<button class=\"btn btn-underlined mb-4 ml-auto collapsed\" type=\"button\" data-toggle=\"collapse\" data-target=\"#show_more\" aria-expanded=\"false\" aria-controls=\"show_more\">Scopri di pi\u00f9<\/button><\/p>\n<div id=\"show_more\" class=\"collapse\">\n<div class=\"row line-height-small\">\n<div class=\"col-12\">\n<p>PHEBO\u00ae (Platform for Hi-tech \/ Hi-touch Evaluation of Biometrics Observation) \u00e8 un affidabile strumento di ausilio di cui il personale sanitario pu\u00f2 avvalersi, per la gestione di pazienti affetti da varie patologie, quali ad esempio scompenso cardiaco, diabete e BPCO. E grazie alla raccolta delle informazioni \u00e8 in grado di pianificare, modificare rapidamente una terapia farmacologica, oppure programmare nuovi interventi.<\/p>\n<p>La piattaforma \u00e8 composta da moduli software cooperanti e interoperabili che garantiscono soluzioni personalizzate di telemedicina e teleassistenza, adattabili ai vari scenari del settore sanitario.<\/p>\n<h3>eVoDroid<\/h3>\n<p class=\"lead\">APP su smartphone a supporto delle attivit\u00e0 domiciliari del paziente.<\/p>\n<h3>eVoNurse<\/h3>\n<p class=\"lead\">APP su tablet a supporto delle attivit\u00e0 del personale infermieristico.<\/p>\n<h3>eVoMed<\/h3>\n<p class=\"lead\">Portale del personale sanitario: WEBAPP per le attivit\u00e0 di parametrizzazione, monitoraggio e controllo.<\/p>\n<h3>eVoCore<\/h3>\n<p class=\"lead\">Componente tecnologica che governa in modalit\u00e0 centralizzata il funzionamento della piattaforma, in particolare le transazioni tra le Stazioni Intelligenti di Monitoraggio (SIM) dedicate ai pazienti e la Centrale d\u2019ascolto.<\/p>\n<h3>eVoCam<\/h3>\n<p class=\"lead\">Software per la gestione delle comunicazioni audio-video.<\/p>\n<h3>eVo@HOME<\/h3>\n<p class=\"lead\">Applicazione che permette al paziente di accedere ai servizi, presso il proprio domicilio.<\/p>\n<h3>eVoCall<\/h3>\n<p class=\"lead\">Applicazione per l\u2019accesso ai servizi, dedicata agli operatori della Sala Operativa Centrale e ai medici di Reparto.<\/p>\n<h3>eVoGate<\/h3>\n<p class=\"lead\">Modulo di integrazione con sistemi di terze parti (es. cartelle cliniche, SIO, ecc..).<\/p>\n<\/div>\n<\/div>\n<div class=\"row\">\n<div class=\"col-12\"><button class=\"btn btn-underlined mb-4 mt-4 ml-auto hide-collapsable\" type=\"button\" data-toggle=\"collapse\" data-target=\"#show_more\" aria-expanded=\"false\" aria-controls=\"show_more\">Nascondi<\/button><\/div>\n<\/div>\n<\/div>\n<p>[\/vc_column_text][\/vc_column_inner][\/vc_row_inner][\/vc_column][\/vc_row]<\/p>\n[vc_row full_width=\"stretch_row\" el_class=\"vision mb-0 gpi-orange-bg\"][vc_column offset=\"vc_col-lg-3 vc_col-xs-12\"][vc_column_text]\n<h4>Contact our sales team<\/h4>[\/vc_column_text][\/vc_column][vc_column width=\"3\/4\" offset=\"vc_col-lg-offset-0 vc_col-sm-offset-3 vc_col-xs-12\"][vc_raw_html]JTVCY29udGFjdC1mb3JtLTclMjBpZCUzRCUyMjY3MTIlMjIlMjB0aXRsZSUzRCUyMkJ1c2luZXNzJTIwbGluZSUyMGZvcm0lMjIlMjBodG1sX2lkJTNEJTIyZ3BpLWNvbnRhY3QtZm9ybSUyMiU1RA==[\/vc_raw_html][\/vc_column][\/vc_row]<\/div>","protected":false},"excerpt":{"rendered":"<p>[vc_row full_width=&#8221;stretch_row&#8221; css=&#8221;.vc_custom_1553766882955{padding-bottom: 30px !important;}&#8221; el_class=&#8221;text-row my-0&#8243;][vc_column][vc_row_inner][vc_column_inner][vc_column_text] Soins Virtuel \u00a0CARE [\/vc_column_text][\/vc_column_inner][\/vc_row_inner][vc_row_inner el_class=&#8221;bl-body&#8221;][vc_column_inner width=&#8221;1\/3&#8243;][vc_column_text][\/vc_column_text][\/vc_column_inner][vc_column_inner width=&#8221;2\/3&#8243;][vc_column_text el_class=&#8221;entice&#8221;] Pohema, la solution modulaire et fiable pour la nouvelle demande de sant\u00e9. [\/vc_column_text][vc_column_text]POHEMA est la nouvelle solution modulaire de BPC (Business Package Capabilities) pour la sant\u00e9 num\u00e9rique qui s&#8217;adapte aux sc\u00e9narios d&#8217;un avenir en constante \u00e9volution. Un syst\u00e8me harmonique de<\/p>\n","protected":false},"author":23,"featured_media":68632,"parent":0,"menu_order":0,"comment_status":"closed","ping_status":"closed","template":"","meta":{"footnotes":""},"class_list":["post-99144","page","type-page","status-publish","has-post-thumbnail","hentry","client_type-sante-privee-clinique-administrative","client_type-sante-privee-clinique-administrative-fr-na","page_category-gamme-de-produits-fr-na","page_category-les-solutions","section-offerta","business_line-care"],"yoast_head":"<!-- This site is optimized with the Yoast SEO plugin v27.1.1 - https:\/\/yoast.com\/product\/yoast-seo-wordpress\/ -->\n<title>Les solutions de soins virtuels pour la t\u00e9l\u00e9m\u00e9decine propos\u00e9es par GPI.<\/title>\n<meta name=\"description\" content=\"Les solutions de soins virtuels pour la t\u00e9l\u00e9m\u00e9decine propos\u00e9es par GPI.\" \/>\n<meta name=\"robots\" content=\"index, follow, max-snippet:-1, max-image-preview:large, max-video-preview:-1\" \/>\n<link rel=\"canonical\" href=\"https:\/\/www.gpigroup.com\/fr-na\/soins-virtuel-gpi\/\" \/>\n<meta property=\"og:locale\" content=\"fr_FR\" \/>\n<meta property=\"og:type\" content=\"article\" \/>\n<meta property=\"og:title\" content=\"Les solutions de soins virtuels pour la t\u00e9l\u00e9m\u00e9decine propos\u00e9es par GPI.\" \/>\n<meta property=\"og:description\" content=\"Les solutions de soins virtuels pour la t\u00e9l\u00e9m\u00e9decine propos\u00e9es par GPI.\" \/>\n<meta property=\"og:url\" content=\"https:\/\/www.gpigroup.com\/fr-na\/soins-virtuel-gpi\/\" \/>\n<meta property=\"og:site_name\" content=\"GPI\" \/>\n<meta property=\"article:publisher\" content=\"https:\/\/www.facebook.com\/GruppoGPI\/\" \/>\n<meta property=\"article:modified_time\" content=\"2023-04-17T08:53:53+00:00\" \/>\n<meta property=\"og:image\" content=\"https:\/\/www.gpigroup.com\/app\/uploads\/2019\/04\/og-link-preview-1.png\" \/>\n\t<meta property=\"og:image:width\" content=\"1366\" \/>\n\t<meta property=\"og:image:height\" content=\"768\" \/>\n\t<meta property=\"og:image:type\" content=\"image\/png\" \/>\n<meta name=\"twitter:card\" content=\"summary_large_image\" \/>\n<meta name=\"twitter:label1\" content=\"Est. reading time\" \/>\n\t<meta name=\"twitter:data1\" content=\"4 minutes\" \/>\n<script type=\"application\/ld+json\" class=\"yoast-schema-graph\">{\"@context\":\"https:\/\/schema.org\",\"@graph\":[{\"@type\":\"WebPage\",\"@id\":\"https:\/\/www.gpigroup.com\/fr-na\/soins-virtuel-gpi\/\",\"url\":\"https:\/\/www.gpigroup.com\/fr-na\/soins-virtuel-gpi\/\",\"name\":\"Les solutions de soins virtuels pour la t\u00e9l\u00e9m\u00e9decine propos\u00e9es par GPI.\",\"isPartOf\":{\"@id\":\"https:\/\/www.gpigroup.com\/fr-na\/#website\"},\"primaryImageOfPage\":{\"@id\":\"https:\/\/www.gpigroup.com\/fr-na\/soins-virtuel-gpi\/#primaryimage\"},\"image\":{\"@id\":\"https:\/\/www.gpigroup.com\/fr-na\/soins-virtuel-gpi\/#primaryimage\"},\"thumbnailUrl\":\"https:\/\/www.gpigroup.com\/app\/uploads\/2019\/04\/og-link-preview-1.png\",\"datePublished\":\"2021-04-23T11:43:16+00:00\",\"dateModified\":\"2023-04-17T08:53:53+00:00\",\"description\":\"Les solutions de soins virtuels pour la t\u00e9l\u00e9m\u00e9decine propos\u00e9es par GPI.\",\"breadcrumb\":{\"@id\":\"https:\/\/www.gpigroup.com\/fr-na\/soins-virtuel-gpi\/#breadcrumb\"},\"inLanguage\":\"fr-NA\",\"potentialAction\":[{\"@type\":\"ReadAction\",\"target\":[\"https:\/\/www.gpigroup.com\/fr-na\/soins-virtuel-gpi\/\"]}]},{\"@type\":\"ImageObject\",\"inLanguage\":\"fr-NA\",\"@id\":\"https:\/\/www.gpigroup.com\/fr-na\/soins-virtuel-gpi\/#primaryimage\",\"url\":\"https:\/\/www.gpigroup.com\/app\/uploads\/2019\/04\/og-link-preview-1.png\",\"contentUrl\":\"https:\/\/www.gpigroup.com\/app\/uploads\/2019\/04\/og-link-preview-1.png\",\"width\":1366,\"height\":768},{\"@type\":\"BreadcrumbList\",\"@id\":\"https:\/\/www.gpigroup.com\/fr-na\/soins-virtuel-gpi\/#breadcrumb\",\"itemListElement\":[{\"@type\":\"ListItem\",\"position\":1,\"name\":\"Home\",\"item\":\"https:\/\/www.gpigroup.com\/fr-na\/\"},{\"@type\":\"ListItem\",\"position\":2,\"name\":\"Soins Virtuel\"}]},{\"@type\":\"WebSite\",\"@id\":\"https:\/\/www.gpigroup.com\/fr-na\/#website\",\"url\":\"https:\/\/www.gpigroup.com\/fr-na\/\",\"name\":\"GPI\",\"description\":\"The Healthcare Partner\",\"publisher\":{\"@id\":\"https:\/\/www.gpigroup.com\/fr-na\/#organization\"},\"potentialAction\":[{\"@type\":\"SearchAction\",\"target\":{\"@type\":\"EntryPoint\",\"urlTemplate\":\"https:\/\/www.gpigroup.com\/fr-na\/?s={search_term_string}\"},\"query-input\":{\"@type\":\"PropertyValueSpecification\",\"valueRequired\":true,\"valueName\":\"search_term_string\"}}],\"inLanguage\":\"fr-NA\"},{\"@type\":\"Organization\",\"@id\":\"https:\/\/www.gpigroup.com\/fr-na\/#organization\",\"name\":\"GPI S.p.A.\",\"url\":\"https:\/\/www.gpigroup.com\/fr-na\/\",\"logo\":{\"@type\":\"ImageObject\",\"inLanguage\":\"fr-NA\",\"@id\":\"https:\/\/www.gpigroup.com\/fr-na\/#\/schema\/logo\/image\/\",\"url\":\"https:\/\/www.gpigroup.com\/app\/uploads\/2023\/03\/logo-GPI-2019-1.jpg\",\"contentUrl\":\"https:\/\/www.gpigroup.com\/app\/uploads\/2023\/03\/logo-GPI-2019-1.jpg\",\"width\":1946,\"height\":1945,\"caption\":\"GPI S.p.A.\"},\"image\":{\"@id\":\"https:\/\/www.gpigroup.com\/fr-na\/#\/schema\/logo\/image\/\"},\"sameAs\":[\"https:\/\/www.facebook.com\/GruppoGPI\/\",\"https:\/\/www.linkedin.com\/company\/gpi-spa\",\"http:\/\/www.youtube.com\/user\/GruppoGPI\"]}]}<\/script>\n<!-- \/ Yoast SEO plugin. -->","yoast_head_json":{"title":"Les solutions de soins virtuels pour la t\u00e9l\u00e9m\u00e9decine propos\u00e9es par GPI.","description":"Les solutions de soins virtuels pour la t\u00e9l\u00e9m\u00e9decine propos\u00e9es par GPI.","robots":{"index":"index","follow":"follow","max-snippet":"max-snippet:-1","max-image-preview":"max-image-preview:large","max-video-preview":"max-video-preview:-1"},"canonical":"https:\/\/www.gpigroup.com\/fr-na\/soins-virtuel-gpi\/","og_locale":"fr_FR","og_type":"article","og_title":"Les solutions de soins virtuels pour la t\u00e9l\u00e9m\u00e9decine propos\u00e9es par GPI.","og_description":"Les solutions de soins virtuels pour la t\u00e9l\u00e9m\u00e9decine propos\u00e9es par GPI.","og_url":"https:\/\/www.gpigroup.com\/fr-na\/soins-virtuel-gpi\/","og_site_name":"GPI","article_publisher":"https:\/\/www.facebook.com\/GruppoGPI\/","article_modified_time":"2023-04-17T08:53:53+00:00","og_image":[{"width":1366,"height":768,"url":"https:\/\/www.gpigroup.com\/app\/uploads\/2019\/04\/og-link-preview-1.png","type":"image\/png"}],"twitter_card":"summary_large_image","twitter_misc":{"Est. reading time":"4 minutes"},"schema":{"@context":"https:\/\/schema.org","@graph":[{"@type":"WebPage","@id":"https:\/\/www.gpigroup.com\/fr-na\/soins-virtuel-gpi\/","url":"https:\/\/www.gpigroup.com\/fr-na\/soins-virtuel-gpi\/","name":"Les solutions de soins virtuels pour la t\u00e9l\u00e9m\u00e9decine propos\u00e9es par GPI.","isPartOf":{"@id":"https:\/\/www.gpigroup.com\/fr-na\/#website"},"primaryImageOfPage":{"@id":"https:\/\/www.gpigroup.com\/fr-na\/soins-virtuel-gpi\/#primaryimage"},"image":{"@id":"https:\/\/www.gpigroup.com\/fr-na\/soins-virtuel-gpi\/#primaryimage"},"thumbnailUrl":"https:\/\/www.gpigroup.com\/app\/uploads\/2019\/04\/og-link-preview-1.png","datePublished":"2021-04-23T11:43:16+00:00","dateModified":"2023-04-17T08:53:53+00:00","description":"Les solutions de soins virtuels pour la t\u00e9l\u00e9m\u00e9decine propos\u00e9es par GPI.","breadcrumb":{"@id":"https:\/\/www.gpigroup.com\/fr-na\/soins-virtuel-gpi\/#breadcrumb"},"inLanguage":"fr-NA","potentialAction":[{"@type":"ReadAction","target":["https:\/\/www.gpigroup.com\/fr-na\/soins-virtuel-gpi\/"]}]},{"@type":"ImageObject","inLanguage":"fr-NA","@id":"https:\/\/www.gpigroup.com\/fr-na\/soins-virtuel-gpi\/#primaryimage","url":"https:\/\/www.gpigroup.com\/app\/uploads\/2019\/04\/og-link-preview-1.png","contentUrl":"https:\/\/www.gpigroup.com\/app\/uploads\/2019\/04\/og-link-preview-1.png","width":1366,"height":768},{"@type":"BreadcrumbList","@id":"https:\/\/www.gpigroup.com\/fr-na\/soins-virtuel-gpi\/#breadcrumb","itemListElement":[{"@type":"ListItem","position":1,"name":"Home","item":"https:\/\/www.gpigroup.com\/fr-na\/"},{"@type":"ListItem","position":2,"name":"Soins Virtuel"}]},{"@type":"WebSite","@id":"https:\/\/www.gpigroup.com\/fr-na\/#website","url":"https:\/\/www.gpigroup.com\/fr-na\/","name":"GPI","description":"The Healthcare Partner","publisher":{"@id":"https:\/\/www.gpigroup.com\/fr-na\/#organization"},"potentialAction":[{"@type":"SearchAction","target":{"@type":"EntryPoint","urlTemplate":"https:\/\/www.gpigroup.com\/fr-na\/?s={search_term_string}"},"query-input":{"@type":"PropertyValueSpecification","valueRequired":true,"valueName":"search_term_string"}}],"inLanguage":"fr-NA"},{"@type":"Organization","@id":"https:\/\/www.gpigroup.com\/fr-na\/#organization","name":"GPI S.p.A.","url":"https:\/\/www.gpigroup.com\/fr-na\/","logo":{"@type":"ImageObject","inLanguage":"fr-NA","@id":"https:\/\/www.gpigroup.com\/fr-na\/#\/schema\/logo\/image\/","url":"https:\/\/www.gpigroup.com\/app\/uploads\/2023\/03\/logo-GPI-2019-1.jpg","contentUrl":"https:\/\/www.gpigroup.com\/app\/uploads\/2023\/03\/logo-GPI-2019-1.jpg","width":1946,"height":1945,"caption":"GPI S.p.A."},"image":{"@id":"https:\/\/www.gpigroup.com\/fr-na\/#\/schema\/logo\/image\/"},"sameAs":["https:\/\/www.facebook.com\/GruppoGPI\/","https:\/\/www.linkedin.com\/company\/gpi-spa","http:\/\/www.youtube.com\/user\/GruppoGPI"]}]}},"_links":{"self":[{"href":"https:\/\/www.gpigroup.com\/fr-na\/wp-json\/wp\/v2\/pages\/99144","targetHints":{"allow":["GET"]}}],"collection":[{"href":"https:\/\/www.gpigroup.com\/fr-na\/wp-json\/wp\/v2\/pages"}],"about":[{"href":"https:\/\/www.gpigroup.com\/fr-na\/wp-json\/wp\/v2\/types\/page"}],"author":[{"embeddable":true,"href":"https:\/\/www.gpigroup.com\/fr-na\/wp-json\/wp\/v2\/users\/23"}],"replies":[{"embeddable":true,"href":"https:\/\/www.gpigroup.com\/fr-na\/wp-json\/wp\/v2\/comments?post=99144"}],"version-history":[{"count":4,"href":"https:\/\/www.gpigroup.com\/fr-na\/wp-json\/wp\/v2\/pages\/99144\/revisions"}],"predecessor-version":[{"id":101264,"href":"https:\/\/www.gpigroup.com\/fr-na\/wp-json\/wp\/v2\/pages\/99144\/revisions\/101264"}],"wp:featuredmedia":[{"embeddable":true,"href":"https:\/\/www.gpigroup.com\/fr-na\/wp-json\/wp\/v2\/media\/68632"}],"wp:attachment":[{"href":"https:\/\/www.gpigroup.com\/fr-na\/wp-json\/wp\/v2\/media?parent=99144"}],"curies":[{"name":"wp","href":"https:\/\/api.w.org\/{rel}","templated":true}]}}