{"id":87628,"date":"2019-03-28T15:22:00","date_gmt":"2019-03-28T14:22:00","guid":{"rendered":"https:\/\/www.gpi.it\/backup\/entrepot-automatise-de-lhopital\/"},"modified":"2025-01-08T09:32:00","modified_gmt":"2025-01-08T08:32:00","slug":"entrepot-automatise-de-lhopital","status":"publish","type":"page","link":"https:\/\/www.gpigroup.com\/fr-na\/entrepot-automatise-de-lhopital\/","title":{"rendered":"Automatisation Hospitali\u00e8re"},"content":{"rendered":"<div class=\"wpb-content-wrapper\"><p>[vc_row full_width=&#8221;stretch_row&#8221; css=&#8221;.vc_custom_1715597338752{padding-bottom: 30px !important;}&#8221; el_class=&#8221;text-row my-0&#8243;][vc_column][vc_row_inner][vc_column_inner][vc_column_text]<\/p>\n<div class=\"row asa-title\">\n<div class=\"col-12 col-md-6\">\n<img loading=\"lazy\" decoding=\"async\" width=\"1024\" height=\"576\" src=\"https:\/\/www.gpigroup.com\/app\/uploads\/2019\/05\/asa_automation.jpg\" class=\"asa-image asa-image-mobile rounded-circle d-md-none d-inline\" alt=\"GPI Automation\" srcset=\"https:\/\/www.gpigroup.com\/app\/uploads\/2019\/05\/asa_automation.jpg 1024w, https:\/\/www.gpigroup.com\/app\/uploads\/2019\/05\/asa_automation-300x169.jpg 300w, https:\/\/www.gpigroup.com\/app\/uploads\/2019\/05\/asa_automation-768x432.jpg 768w\" sizes=\"auto, (max-width: 1024px) 100vw, 1024px\" \/>\n<div class=\"gpi_signature_title_tech\">\n<h1>Automatisation Hospitali\u00e8re<\/h1>\n<\/div>\n<\/div>\n<div class=\"col-12 col-md-6\">\n<div class=\"asa-symbol\"><img loading=\"lazy\" decoding=\"async\" class=\"alignnone size-medium wp-image-3114\" role=\"img\" src=\"https:\/\/www.gpigroup.com\/app\/uploads\/\/2019\/03\/Automation-1.svg\" alt=\"\" width=\"24\" height=\"24\" \/> AUTOMATION<\/div>\n<\/div>\n<\/div>\n<p>[\/vc_column_text][\/vc_column_inner][\/vc_row_inner][\/vc_column][\/vc_row][vc_row full_width=&#8221;stretch_row&#8221; css=&#8221;.vc_custom_1553766882955{padding-bottom: 30px !important;}&#8221; el_class=&#8221;text-row my-0&#8243;][vc_column width=&#8221;1\/3&#8243;][vc_column_text]<img loading=\"lazy\" decoding=\"async\" width=\"1024\" height=\"576\" src=\"https:\/\/www.gpigroup.com\/app\/uploads\/2019\/05\/asa_automation.jpg\" class=\"asa-image rounded-circle d-md-inline d-none\" alt=\"GPI Automation\" srcset=\"https:\/\/www.gpigroup.com\/app\/uploads\/2019\/05\/asa_automation.jpg 1024w, https:\/\/www.gpigroup.com\/app\/uploads\/2019\/05\/asa_automation-300x169.jpg 300w, https:\/\/www.gpigroup.com\/app\/uploads\/2019\/05\/asa_automation-768x432.jpg 768w\" sizes=\"auto, (max-width: 1024px) 100vw, 1024px\" \/>[\/vc_column_text][\/vc_column][vc_column width=&#8221;2\/3&#8243;][vc_column_text el_class=&#8221;entice&#8221;]La solution compl\u00e8te pour la logistique des m\u00e9dicaments qui r\u00e9duit les erreurs th\u00e9rapeutiques et optimise les co\u00fbts de gestion.[\/vc_column_text][vc_column_text]&#8221;Une fusion sophistiqu\u00e9e de logiciels et de mat\u00e9riel, soigneusement con\u00e7ue pour r\u00e9volutionner l&#8217;identification et la tra\u00e7abilit\u00e9 des m\u00e9dicaments dans l&#8217;\u00e9cosyst\u00e8me pharmaceutique.<\/p>\n<p>Un meilleur contr\u00f4le des stocks, une efficacit\u00e9 accrue dans la dispensation et une tra\u00e7abilit\u00e9 compl\u00e8te de tous les \u00e9l\u00e9ments sont des r\u00e9sultats obtenus gr\u00e2ce \u00e0 l&#8217;impl\u00e9mentation de notre suite de produits.&#8221;[\/vc_column_text][\/vc_column][\/vc_row][vc_row full_width=&#8221;stretch_row&#8221; css=&#8221;.vc_custom_1553766882955{padding-bottom: 30px !important;}&#8221; el_class=&#8221;text-row my-0&#8243;][vc_column width=&#8221;1\/3&#8243;][vc_column_text el_class=&#8221;entice&#8221;]<\/p>\n<div class=\"gpi_signature_title_tech\">RIEDL Phasys ADS<\/div>\n<p>[\/vc_column_text][\/vc_column][vc_column width=&#8221;2\/3&#8243;][vc_column_text]<strong>Pionniers de l&#8217;automatisation des pharmacies hospitali\u00e8res<\/strong><\/p>\n<p>Entrez dans une nouvelle \u00e8re de l&#8217;automatisation pharmaceutique avec RIEDL Phasys (PHarmacy Automation SYStem), con\u00e7u sp\u00e9cifiquement pour les pharmacies hospitali\u00e8res. Con\u00e7u pour r\u00e9volutionner la distribution des m\u00e9dicaments, RIEDL Phasys offre une flexibilit\u00e9 et une efficacit\u00e9 in\u00e9gal\u00e9es, garantissant une int\u00e9gration fluide dans les flux de travail hospitaliers, avec une attention particuli\u00e8re aux soins aux patients.<\/p>\n<p>Au c\u0153ur de RIEDL Phasys, l&#8217;optimisation de l&#8217;utilisation de l&#8217;espace et l&#8217;am\u00e9lioration de l&#8217;exp\u00e9rience des utilisateurs sont essentielles. En combinant de mani\u00e8re transparente des technologies de pointe avec un design intuitif, notre syst\u00e8me acc\u00e9l\u00e8re la gestion des m\u00e9dicaments avec une vitesse et une pr\u00e9cision sans pr\u00e9c\u00e9dent.<\/p>\n<p>L&#8217;\u00e9l\u00e9ment cl\u00e9 des performances de RIEDL Phasys est sa technologie de prise de pointe, soigneusement con\u00e7ue pour \u00e9tablir de nouveaux standards en termes de pr\u00e9cision et de fiabilit\u00e9. Int\u00e9gr\u00e9 avec des axes de mouvement avanc\u00e9s et connect\u00e9 via des r\u00e9seaux Wi-Fi d\u00e9di\u00e9s, notre syst\u00e8me de prise garantit une communication et une op\u00e9ration fluides, permettant aux pharmacies hospitali\u00e8res de r\u00e9pondre aux besoins de la sant\u00e9 moderne.[\/vc_column_text][vc_images_carousel images=&#8221;147709,147721,147697,147733,147745,147757,147610&#8243; img_size=&#8221;full&#8221; onclick=&#8221;link_no&#8221; speed=&#8221;2000&#8243; autoplay=&#8221;yes&#8221; wrap=&#8221;yes&#8221;][vc_column_text]<strong>D\u00e9couvrez les principales caract\u00e9ristiques de RIEDL Phasys pour les pharmacies hospitali\u00e8res :<\/strong><\/p>\n<ul>\n<li><strong>Performances exceptionnelles<\/strong> : garantit une dispensation rapide et pr\u00e9cise des m\u00e9dicaments.<\/li>\n<li><strong>Haute fiabilit\u00e9<\/strong> : minimise les temps d&#8217;arr\u00eat pour un service ininterrompu.<\/li>\n<li><strong>Chargement efficace<\/strong> : options de chargement automatique et semi-automatique.<\/li>\n<li><strong>Gestion polyvalente des emballages<\/strong> : g\u00e8re facilement diff\u00e9rentes formes d&#8217;emballages.<\/li>\n<li><strong>Dispensation rapide<\/strong> : sert rapidement les services hospitaliers et les patients externes avec pr\u00e9cision.<\/li>\n<li><strong>Gestion flexible des emballages<\/strong> : facilite la gestion des emballages internes et partiels.<\/li>\n<li><strong>Int\u00e9gration transparente<\/strong> : s&#8217;int\u00e8gre solidement aux syst\u00e8mes d&#8217;information hospitaliers pour des op\u00e9rations optimis\u00e9es.<\/li>\n<\/ul>\n<p>D\u00e9couvrez l&#8217;efficacit\u00e9 et la fiabilit\u00e9 de RIEDL Phasys, transformant les op\u00e9rations des pharmacies hospitali\u00e8res avec pr\u00e9cision et rapidit\u00e9.[\/vc_column_text][\/vc_column][\/vc_row][vc_row full_width=&#8221;stretch_row&#8221; css=&#8221;.vc_custom_1553766882955{padding-bottom: 30px !important;}&#8221; el_class=&#8221;text-row my-0&#8243;][vc_column width=&#8221;1\/3&#8243;][vc_column_text el_class=&#8221;entice&#8221;]<\/p>\n<div class=\"gpi_signature_title_tech\">Phasys WMS<\/div>\n<p>[\/vc_column_text][\/vc_column][vc_column width=&#8221;2\/3&#8243;][vc_column_text]<strong>R\u00e9volutionner la gestion des entrep\u00f4ts<\/strong><\/p>\n<p>Entrez dans une nouvelle \u00e8re d&#8217;efficacit\u00e9 des entrep\u00f4ts avec Phasys WMS \u2013 le syst\u00e8me de gestion des entrep\u00f4ts qui s&#8217;int\u00e8gre facilement aux processus de gestion existants pour optimiser chaque aspect de la logistique des entrep\u00f4ts. De la gestion des stocks aux op\u00e9rations de pr\u00e9l\u00e8vement et de placement robotis\u00e9es et m\u00e9canis\u00e9es, Phasys WMS est con\u00e7u pour am\u00e9liorer les op\u00e9rations des entrep\u00f4ts \u00e0 des niveaux d&#8217;efficacit\u00e9 et de productivit\u00e9 in\u00e9gal\u00e9s.[\/vc_column_text][vc_column_text]<strong>Caract\u00e9ristiques principales de Phasys WMS :<\/strong><\/p>\n<ul>\n<li>Gestion avanc\u00e9e des stocks : obtenez une visibilit\u00e9 en temps r\u00e9el sur les niveaux de stocks, les positions et les mouvements, garantissant des stocks pr\u00e9cis et minimisant les ruptures ou les exc\u00e9dents.<\/li>\n<li>Op\u00e9rations robotis\u00e9es et m\u00e9canis\u00e9es : int\u00e8gre des syst\u00e8mes robotis\u00e9s et m\u00e9canis\u00e9s pour les op\u00e9rations de pr\u00e9l\u00e8vement et de placement, optimisant les flux de travail et r\u00e9duisant les exigences en main-d&#8217;\u0153uvre manuelle, tout en augmentant la pr\u00e9cision et la vitesse.<\/li>\n<li>Int\u00e9gration transparente : Phasys WMS s&#8217;int\u00e8gre facilement aux plateformes administratives, comptables et logistiques existantes, offrant une solution unifi\u00e9e qui am\u00e9liore l&#8217;efficacit\u00e9 op\u00e9rationnelle et la pr\u00e9cision des donn\u00e9es.<\/li>\n<\/ul>\n<p>[\/vc_column_text][vc_column_text]<strong>Application Mobile<\/strong><\/p>\n<p>Avec Phasys WMS Mobile, la gestion des produits externes devient simple, permettant de maintenir constamment une performance optimale de l&#8217;entrep\u00f4t. Notre solution mobile est con\u00e7ue pour am\u00e9liorer l&#8217;efficacit\u00e9 et la pr\u00e9cision de la gestion des produits externes, garantissant une int\u00e9gration sans faille avec les op\u00e9rations de l&#8217;entrep\u00f4t.<\/p>\n<p>[\/vc_column_text][\/vc_column][\/vc_row][vc_row full_width=&#8221;stretch_row&#8221; css=&#8221;.vc_custom_1553766882955{padding-bottom: 30px !important;}&#8221; el_class=&#8221;text-row my-0&#8243;][vc_column width=&#8221;1\/3&#8243;][vc_column_text el_class=&#8221;entice&#8221;]<\/p>\n<div class=\"gpi_signature_title_tech\">Ward Phasys<\/div>\n<p>[\/vc_column_text][\/vc_column][vc_column width=&#8221;2\/3&#8243;][vc_column_text]\u00c0 venir&#8230;<\/p>\n<p>[\/vc_column_text][\/vc_column][\/vc_row][vc_row full_width=&#8221;stretch_row&#8221; css=&#8221;.vc_custom_1553766882955{padding-bottom: 30px !important;}&#8221; el_class=&#8221;text-row my-0&#8243;][vc_column width=&#8221;1\/3&#8243;][vc_column_text el_class=&#8221;entice&#8221;]<\/p>\n<div class=\"gpi_signature_title_tech\">Phasys Smart Room<\/div>\n<p>[\/vc_column_text][\/vc_column][vc_column width=&#8221;2\/3&#8243;][vc_column_text]<strong>Tra\u00e7abilit\u00e9 et contr\u00f4le des dispositifs m\u00e9dicaux<\/strong><\/p>\n<p>Phasys Smart Room est un syst\u00e8me compos\u00e9 d&#8217;\u00e9l\u00e9ments mat\u00e9riels et logiciels, qui peut \u00eatre int\u00e9gr\u00e9 aux syst\u00e8mes d&#8217;information et aux processus existants pour g\u00e9rer les dispositifs m\u00e9dicaux et autres produits de mani\u00e8re simple et efficace.<\/p>\n<p>La technologie RFID permet une gestion hautement contr\u00f4l\u00e9e, facilitant les op\u00e9rations du personnel et optimisant les processus.<\/p>\n<p>&#8220;Phasys Smart Room permet des am\u00e9liorations dans les domaines suivants :<\/p>\n<ul>\n<li>Logistique ;<\/li>\n<li>Administratif ;<\/li>\n<li>Sanitaire.<\/li>\n<\/ul>\n<p>Le syst\u00e8me est con\u00e7u pour la gestion de tous les produits, en particulier des mat\u00e9riaux et des dispositifs m\u00e9dicaux d&#8217;importance clinique et de co\u00fbt \u00e9lev\u00e9. L&#8217;analyse des processus ex\u00e9cut\u00e9s, les \u00e9valuations statistiques et l&#8217;exp\u00e9rience nous am\u00e8nent \u00e0 affirmer qu&#8217;en tra\u00e7ant une quantit\u00e9 modeste de produits de mani\u00e8re ponctuelle, il est possible de surveiller un montant repr\u00e9sentant entre 70% et 80% des d\u00e9penses totales.&#8221;[\/vc_column_text][\/vc_column][\/vc_row]<\/p>\n[vc_row full_width=\"stretch_row\" el_class=\"text-row my-0\"][vc_column][vc_row_inner][vc_column_inner width=\"1\/3\"][\/vc_column_inner][vc_column_inner width=\"1\/3\"][vc_column_text el_class=\"text-right text-md-left\"][\/vc_column_text][\/vc_column_inner][vc_column_inner width=\"1\/3\"][vc_column_text el_class=\"text-right\"]<a class=\"btn call-to-action\" href=\"https:\/\/riedlautomation.com\/it\" target=\"_blank\" rel=\"noopener noreferrer\">Visit the website<\/a>[\/vc_column_text][\/vc_column_inner][\/vc_row_inner][vc_row_inner][vc_column_inner][vc_raw_html]JTVCY29udGFjdC1mb3JtLTclMjBpZCUzRCUyMjcwODklMjIlMjB0aXRsZSUzRCUyMkRvd25sb2FkJTIwYnJvY2h1cmUlMjBmb3JtJTIwSVQlMjIlMjBodG1sX2lkJTNEJTIyZ3BpLWRvd25sb2FkLWZvcm0lMjIlNUQ=[\/vc_raw_html][\/vc_column_inner][\/vc_row_inner][\/vc_column][\/vc_row][vc_row full_width=\"stretch_row\" el_class=\"vision mb-0 gpi-orange-bg\"][vc_column offset=\"vc_col-lg-3 vc_col-xs-12\"][vc_column_text]\n<h4>Contact our sales team<\/h4>[\/vc_column_text][\/vc_column][vc_column width=\"3\/4\" offset=\"vc_col-lg-offset-0 vc_col-sm-offset-3 vc_col-xs-12\"][vc_raw_html]JTVCY29udGFjdC1mb3JtLTclMjBpZCUzRCUyMjY3MTIlMjIlMjB0aXRsZSUzRCUyMkJ1c2luZXNzJTIwbGluZSUyMGZvcm0lMjIlMjBodG1sX2lkJTNEJTIyZ3BpLWNvbnRhY3QtZm9ybSUyMiU1RA==[\/vc_raw_html][\/vc_column][\/vc_row]<\/div>","protected":false},"excerpt":{"rendered":"<p>[vc_row full_width=&#8221;stretch_row&#8221; css=&#8221;.vc_custom_1715597338752{padding-bottom: 30px !important;}&#8221; el_class=&#8221;text-row my-0&#8243;][vc_column][vc_row_inner][vc_column_inner][vc_column_text] Automatisation Hospitali\u00e8re AUTOMATION [\/vc_column_text][\/vc_column_inner][\/vc_row_inner][\/vc_column][\/vc_row][vc_row full_width=&#8221;stretch_row&#8221; css=&#8221;.vc_custom_1553766882955{padding-bottom: 30px !important;}&#8221; el_class=&#8221;text-row my-0&#8243;][vc_column width=&#8221;1\/3&#8243;][vc_column_text][\/vc_column_text][\/vc_column][vc_column width=&#8221;2\/3&#8243;][vc_column_text el_class=&#8221;entice&#8221;]La solution compl\u00e8te pour la logistique des m\u00e9dicaments qui r\u00e9duit les erreurs th\u00e9rapeutiques et optimise les co\u00fbts de gestion.[\/vc_column_text][vc_column_text]&#8221;Une fusion sophistiqu\u00e9e de logiciels et de mat\u00e9riel, soigneusement con\u00e7ue pour r\u00e9volutionner l&#8217;identification et la tra\u00e7abilit\u00e9 des m\u00e9dicaments<\/p>\n","protected":false},"author":23,"featured_media":68632,"parent":0,"menu_order":0,"comment_status":"closed","ping_status":"closed","template":"","meta":{"footnotes":""},"class_list":["post-87628","page","type-page","status-publish","has-post-thumbnail","hentry","page_category-gamme-de-produits-fr-na","section-offerta","business_line-automation"],"yoast_head":"<!-- This site is optimized with the Yoast SEO plugin v27.1.1 - https:\/\/yoast.com\/product\/yoast-seo-wordpress\/ -->\n<title>Entrep\u00f4t automatis\u00e9 de l&#039;h\u00f4pital<\/title>\n<meta name=\"description\" content=\"La solution compl\u00e8te pour la logistique des m\u00e9dicaments qui \u00e9vite les erreurs de traitement et optimise les co\u00fbts de gestion.\" \/>\n<meta name=\"robots\" content=\"index, follow, max-snippet:-1, max-image-preview:large, max-video-preview:-1\" \/>\n<link rel=\"canonical\" href=\"https:\/\/www.gpigroup.com\/fr-na\/entrepot-automatise-de-lhopital\/\" \/>\n<meta property=\"og:locale\" content=\"fr_FR\" \/>\n<meta property=\"og:type\" content=\"article\" \/>\n<meta property=\"og:title\" content=\"Entrep\u00f4t automatis\u00e9 de l&#039;h\u00f4pital\" \/>\n<meta property=\"og:description\" content=\"La solution compl\u00e8te pour la logistique des m\u00e9dicaments qui \u00e9vite les erreurs de traitement et optimise les co\u00fbts de gestion.\" \/>\n<meta property=\"og:url\" content=\"https:\/\/www.gpigroup.com\/fr-na\/entrepot-automatise-de-lhopital\/\" \/>\n<meta property=\"og:site_name\" content=\"GPI\" \/>\n<meta property=\"article:publisher\" content=\"https:\/\/www.facebook.com\/GruppoGPI\/\" \/>\n<meta property=\"article:modified_time\" content=\"2025-01-08T08:32:00+00:00\" \/>\n<meta property=\"og:image\" content=\"https:\/\/www.gpigroup.com\/app\/uploads\/2019\/04\/og-link-preview-1.png\" \/>\n\t<meta property=\"og:image:width\" content=\"1366\" \/>\n\t<meta property=\"og:image:height\" content=\"768\" \/>\n\t<meta property=\"og:image:type\" content=\"image\/png\" \/>\n<meta name=\"twitter:card\" content=\"summary_large_image\" \/>\n<meta name=\"twitter:label1\" content=\"Est. reading time\" \/>\n\t<meta name=\"twitter:data1\" content=\"6 minutes\" \/>\n<script type=\"application\/ld+json\" class=\"yoast-schema-graph\">{\"@context\":\"https:\/\/schema.org\",\"@graph\":[{\"@type\":\"WebPage\",\"@id\":\"https:\/\/www.gpigroup.com\/fr-na\/entrepot-automatise-de-lhopital\/\",\"url\":\"https:\/\/www.gpigroup.com\/fr-na\/entrepot-automatise-de-lhopital\/\",\"name\":\"Entrep\u00f4t automatis\u00e9 de l'h\u00f4pital\",\"isPartOf\":{\"@id\":\"https:\/\/www.gpigroup.com\/fr-na\/#website\"},\"primaryImageOfPage\":{\"@id\":\"https:\/\/www.gpigroup.com\/fr-na\/entrepot-automatise-de-lhopital\/#primaryimage\"},\"image\":{\"@id\":\"https:\/\/www.gpigroup.com\/fr-na\/entrepot-automatise-de-lhopital\/#primaryimage\"},\"thumbnailUrl\":\"https:\/\/www.gpigroup.com\/app\/uploads\/2019\/04\/og-link-preview-1.png\",\"datePublished\":\"2019-03-28T14:22:00+00:00\",\"dateModified\":\"2025-01-08T08:32:00+00:00\",\"description\":\"La solution compl\u00e8te pour la logistique des m\u00e9dicaments qui \u00e9vite les erreurs de traitement et optimise les co\u00fbts de gestion.\",\"breadcrumb\":{\"@id\":\"https:\/\/www.gpigroup.com\/fr-na\/entrepot-automatise-de-lhopital\/#breadcrumb\"},\"inLanguage\":\"fr-NA\",\"potentialAction\":[{\"@type\":\"ReadAction\",\"target\":[\"https:\/\/www.gpigroup.com\/fr-na\/entrepot-automatise-de-lhopital\/\"]}]},{\"@type\":\"ImageObject\",\"inLanguage\":\"fr-NA\",\"@id\":\"https:\/\/www.gpigroup.com\/fr-na\/entrepot-automatise-de-lhopital\/#primaryimage\",\"url\":\"https:\/\/www.gpigroup.com\/app\/uploads\/2019\/04\/og-link-preview-1.png\",\"contentUrl\":\"https:\/\/www.gpigroup.com\/app\/uploads\/2019\/04\/og-link-preview-1.png\",\"width\":1366,\"height\":768},{\"@type\":\"BreadcrumbList\",\"@id\":\"https:\/\/www.gpigroup.com\/fr-na\/entrepot-automatise-de-lhopital\/#breadcrumb\",\"itemListElement\":[{\"@type\":\"ListItem\",\"position\":1,\"name\":\"Home\",\"item\":\"https:\/\/www.gpigroup.com\/fr-na\/\"},{\"@type\":\"ListItem\",\"position\":2,\"name\":\"Automatisation Hospitali\u00e8re\"}]},{\"@type\":\"WebSite\",\"@id\":\"https:\/\/www.gpigroup.com\/fr-na\/#website\",\"url\":\"https:\/\/www.gpigroup.com\/fr-na\/\",\"name\":\"GPI\",\"description\":\"The Healthcare Partner\",\"publisher\":{\"@id\":\"https:\/\/www.gpigroup.com\/fr-na\/#organization\"},\"potentialAction\":[{\"@type\":\"SearchAction\",\"target\":{\"@type\":\"EntryPoint\",\"urlTemplate\":\"https:\/\/www.gpigroup.com\/fr-na\/?s={search_term_string}\"},\"query-input\":{\"@type\":\"PropertyValueSpecification\",\"valueRequired\":true,\"valueName\":\"search_term_string\"}}],\"inLanguage\":\"fr-NA\"},{\"@type\":\"Organization\",\"@id\":\"https:\/\/www.gpigroup.com\/fr-na\/#organization\",\"name\":\"GPI S.p.A.\",\"url\":\"https:\/\/www.gpigroup.com\/fr-na\/\",\"logo\":{\"@type\":\"ImageObject\",\"inLanguage\":\"fr-NA\",\"@id\":\"https:\/\/www.gpigroup.com\/fr-na\/#\/schema\/logo\/image\/\",\"url\":\"https:\/\/www.gpigroup.com\/app\/uploads\/2023\/03\/logo-GPI-2019-1.jpg\",\"contentUrl\":\"https:\/\/www.gpigroup.com\/app\/uploads\/2023\/03\/logo-GPI-2019-1.jpg\",\"width\":1946,\"height\":1945,\"caption\":\"GPI S.p.A.\"},\"image\":{\"@id\":\"https:\/\/www.gpigroup.com\/fr-na\/#\/schema\/logo\/image\/\"},\"sameAs\":[\"https:\/\/www.facebook.com\/GruppoGPI\/\",\"https:\/\/www.linkedin.com\/company\/gpi-spa\",\"http:\/\/www.youtube.com\/user\/GruppoGPI\"]}]}<\/script>\n<!-- \/ Yoast SEO plugin. -->","yoast_head_json":{"title":"Entrep\u00f4t automatis\u00e9 de l'h\u00f4pital","description":"La solution compl\u00e8te pour la logistique des m\u00e9dicaments qui \u00e9vite les erreurs de traitement et optimise les co\u00fbts de gestion.","robots":{"index":"index","follow":"follow","max-snippet":"max-snippet:-1","max-image-preview":"max-image-preview:large","max-video-preview":"max-video-preview:-1"},"canonical":"https:\/\/www.gpigroup.com\/fr-na\/entrepot-automatise-de-lhopital\/","og_locale":"fr_FR","og_type":"article","og_title":"Entrep\u00f4t automatis\u00e9 de l'h\u00f4pital","og_description":"La solution compl\u00e8te pour la logistique des m\u00e9dicaments qui \u00e9vite les erreurs de traitement et optimise les co\u00fbts de gestion.","og_url":"https:\/\/www.gpigroup.com\/fr-na\/entrepot-automatise-de-lhopital\/","og_site_name":"GPI","article_publisher":"https:\/\/www.facebook.com\/GruppoGPI\/","article_modified_time":"2025-01-08T08:32:00+00:00","og_image":[{"width":1366,"height":768,"url":"https:\/\/www.gpigroup.com\/app\/uploads\/2019\/04\/og-link-preview-1.png","type":"image\/png"}],"twitter_card":"summary_large_image","twitter_misc":{"Est. reading time":"6 minutes"},"schema":{"@context":"https:\/\/schema.org","@graph":[{"@type":"WebPage","@id":"https:\/\/www.gpigroup.com\/fr-na\/entrepot-automatise-de-lhopital\/","url":"https:\/\/www.gpigroup.com\/fr-na\/entrepot-automatise-de-lhopital\/","name":"Entrep\u00f4t automatis\u00e9 de l'h\u00f4pital","isPartOf":{"@id":"https:\/\/www.gpigroup.com\/fr-na\/#website"},"primaryImageOfPage":{"@id":"https:\/\/www.gpigroup.com\/fr-na\/entrepot-automatise-de-lhopital\/#primaryimage"},"image":{"@id":"https:\/\/www.gpigroup.com\/fr-na\/entrepot-automatise-de-lhopital\/#primaryimage"},"thumbnailUrl":"https:\/\/www.gpigroup.com\/app\/uploads\/2019\/04\/og-link-preview-1.png","datePublished":"2019-03-28T14:22:00+00:00","dateModified":"2025-01-08T08:32:00+00:00","description":"La solution compl\u00e8te pour la logistique des m\u00e9dicaments qui \u00e9vite les erreurs de traitement et optimise les co\u00fbts de gestion.","breadcrumb":{"@id":"https:\/\/www.gpigroup.com\/fr-na\/entrepot-automatise-de-lhopital\/#breadcrumb"},"inLanguage":"fr-NA","potentialAction":[{"@type":"ReadAction","target":["https:\/\/www.gpigroup.com\/fr-na\/entrepot-automatise-de-lhopital\/"]}]},{"@type":"ImageObject","inLanguage":"fr-NA","@id":"https:\/\/www.gpigroup.com\/fr-na\/entrepot-automatise-de-lhopital\/#primaryimage","url":"https:\/\/www.gpigroup.com\/app\/uploads\/2019\/04\/og-link-preview-1.png","contentUrl":"https:\/\/www.gpigroup.com\/app\/uploads\/2019\/04\/og-link-preview-1.png","width":1366,"height":768},{"@type":"BreadcrumbList","@id":"https:\/\/www.gpigroup.com\/fr-na\/entrepot-automatise-de-lhopital\/#breadcrumb","itemListElement":[{"@type":"ListItem","position":1,"name":"Home","item":"https:\/\/www.gpigroup.com\/fr-na\/"},{"@type":"ListItem","position":2,"name":"Automatisation Hospitali\u00e8re"}]},{"@type":"WebSite","@id":"https:\/\/www.gpigroup.com\/fr-na\/#website","url":"https:\/\/www.gpigroup.com\/fr-na\/","name":"GPI","description":"The Healthcare Partner","publisher":{"@id":"https:\/\/www.gpigroup.com\/fr-na\/#organization"},"potentialAction":[{"@type":"SearchAction","target":{"@type":"EntryPoint","urlTemplate":"https:\/\/www.gpigroup.com\/fr-na\/?s={search_term_string}"},"query-input":{"@type":"PropertyValueSpecification","valueRequired":true,"valueName":"search_term_string"}}],"inLanguage":"fr-NA"},{"@type":"Organization","@id":"https:\/\/www.gpigroup.com\/fr-na\/#organization","name":"GPI S.p.A.","url":"https:\/\/www.gpigroup.com\/fr-na\/","logo":{"@type":"ImageObject","inLanguage":"fr-NA","@id":"https:\/\/www.gpigroup.com\/fr-na\/#\/schema\/logo\/image\/","url":"https:\/\/www.gpigroup.com\/app\/uploads\/2023\/03\/logo-GPI-2019-1.jpg","contentUrl":"https:\/\/www.gpigroup.com\/app\/uploads\/2023\/03\/logo-GPI-2019-1.jpg","width":1946,"height":1945,"caption":"GPI S.p.A."},"image":{"@id":"https:\/\/www.gpigroup.com\/fr-na\/#\/schema\/logo\/image\/"},"sameAs":["https:\/\/www.facebook.com\/GruppoGPI\/","https:\/\/www.linkedin.com\/company\/gpi-spa","http:\/\/www.youtube.com\/user\/GruppoGPI"]}]}},"_links":{"self":[{"href":"https:\/\/www.gpigroup.com\/fr-na\/wp-json\/wp\/v2\/pages\/87628","targetHints":{"allow":["GET"]}}],"collection":[{"href":"https:\/\/www.gpigroup.com\/fr-na\/wp-json\/wp\/v2\/pages"}],"about":[{"href":"https:\/\/www.gpigroup.com\/fr-na\/wp-json\/wp\/v2\/types\/page"}],"author":[{"embeddable":true,"href":"https:\/\/www.gpigroup.com\/fr-na\/wp-json\/wp\/v2\/users\/23"}],"replies":[{"embeddable":true,"href":"https:\/\/www.gpigroup.com\/fr-na\/wp-json\/wp\/v2\/comments?post=87628"}],"version-history":[{"count":3,"href":"https:\/\/www.gpigroup.com\/fr-na\/wp-json\/wp\/v2\/pages\/87628\/revisions"}],"predecessor-version":[{"id":162407,"href":"https:\/\/www.gpigroup.com\/fr-na\/wp-json\/wp\/v2\/pages\/87628\/revisions\/162407"}],"wp:featuredmedia":[{"embeddable":true,"href":"https:\/\/www.gpigroup.com\/fr-na\/wp-json\/wp\/v2\/media\/68632"}],"wp:attachment":[{"href":"https:\/\/www.gpigroup.com\/fr-na\/wp-json\/wp\/v2\/media?parent=87628"}],"curies":[{"name":"wp","href":"https:\/\/api.w.org\/{rel}","templated":true}]}}