{"id":87627,"date":"2019-03-28T15:22:34","date_gmt":"2019-03-28T14:22:34","guid":{"rendered":"https:\/\/www.gpi.it\/backup\/entrepot-pharmaceutique-automatise\/"},"modified":"2025-01-29T16:21:59","modified_gmt":"2025-01-29T15:21:59","slug":"automatisation-des-officines-pharmaceutiques","status":"publish","type":"page","link":"https:\/\/www.gpigroup.com\/fr-na\/automatisation-des-officines-pharmaceutiques\/","title":{"rendered":"Automatisation des Officines Pharmaceutiques"},"content":{"rendered":"<div class=\"wpb-content-wrapper\"><p>[vc_row full_width=&#8221;stretch_row&#8221; css=&#8221;.vc_custom_1715597422046{padding-bottom: 30px !important;}&#8221; el_class=&#8221;text-row my-0&#8243;][vc_column][vc_row_inner][vc_column_inner][vc_column_text]<\/p>\n<div class=\"row asa-title\">\n<div class=\"col-12 col-md-6\">\n<img loading=\"lazy\" decoding=\"async\" width=\"1024\" height=\"576\" src=\"https:\/\/www.gpigroup.com\/app\/uploads\/2019\/05\/asa_automation.jpg\" class=\"asa-image asa-image-mobile rounded-circle d-md-none d-inline\" alt=\"GPI Automation\" srcset=\"https:\/\/www.gpigroup.com\/app\/uploads\/2019\/05\/asa_automation.jpg 1024w, https:\/\/www.gpigroup.com\/app\/uploads\/2019\/05\/asa_automation-300x169.jpg 300w, https:\/\/www.gpigroup.com\/app\/uploads\/2019\/05\/asa_automation-768x432.jpg 768w\" sizes=\"auto, (max-width: 1024px) 100vw, 1024px\" \/>\n<div class=\"gpi_signature_title_tech\">\n<h1>Automatisation des Officines Pharmaceutiques<\/h1>\n<\/div>\n<\/div>\n<div class=\"col-12 col-md-6\">\n<div class=\"asa-symbol\"><img loading=\"lazy\" decoding=\"async\" class=\"alignnone size-medium wp-image-3114\" role=\"img\" src=\"https:\/\/www.gpigroup.com\/app\/uploads\/\/2019\/03\/Automation-1.svg\" alt=\"\" width=\"24\" height=\"24\" \/> AUTOMATION<\/div>\n<\/div>\n<\/div>\n<p>[\/vc_column_text][\/vc_column_inner][\/vc_row_inner][\/vc_column][\/vc_row][vc_row full_width=&#8221;stretch_row&#8221; css=&#8221;.vc_custom_1553766882955{padding-bottom: 30px !important;}&#8221; el_class=&#8221;text-row my-0&#8243;][vc_column width=&#8221;1\/3&#8243;][vc_column_text]<img loading=\"lazy\" decoding=\"async\" width=\"1024\" height=\"576\" src=\"https:\/\/www.gpigroup.com\/app\/uploads\/2019\/05\/asa_automation.jpg\" class=\"asa-image rounded-circle d-md-inline d-none\" alt=\"GPI Automation\" srcset=\"https:\/\/www.gpigroup.com\/app\/uploads\/2019\/05\/asa_automation.jpg 1024w, https:\/\/www.gpigroup.com\/app\/uploads\/2019\/05\/asa_automation-300x169.jpg 300w, https:\/\/www.gpigroup.com\/app\/uploads\/2019\/05\/asa_automation-768x432.jpg 768w\" sizes=\"auto, (max-width: 1024px) 100vw, 1024px\" \/>[\/vc_column_text][\/vc_column][vc_column width=&#8221;2\/3&#8243;][vc_column_text el_class=&#8221;entice&#8221;]<br \/>\nRapide, fiable et polyvalent : RIEDL Phasys r\u00e9duit les gaspillages et modernise le travail des pharmaciens<br \/>\n[\/vc_column_text][vc_column_text]<strong>R\u00e9volutionner l&#8217;Automatisation Pharmaceutique<\/strong><\/p>\n<p>En inaugurant une nouvelle \u00e8re dans l&#8217;automatisation des pharmacies, RIEDL Phasys (PHarmacy Automation SYStem) incarne l&#8217;excellence en termes de flexibilit\u00e9 et d&#8217;efficacit\u00e9. Il vise \u00e0 r\u00e9volutionner la distribution des m\u00e9dicaments, en combinant une utilisation optimale de l&#8217;espace avec une exp\u00e9rience client am\u00e9lior\u00e9e, tout en acc\u00e9l\u00e9rant le service au comptoir \u00e0 des vitesses sans pr\u00e9c\u00e9dent.<\/p>\n<p>Le c\u0153ur technologique de RIEDL Phasys r\u00e9side dans sa technologie avanc\u00e9e de prise, qui \u00e9tablit une nouvelle norme en termes de performance, de pr\u00e9cision et de fiabilit\u00e9 sur le march\u00e9 actuel. Aliment\u00e9 par des axes de d\u00e9placement \u00e0 la pointe de la technologie, le syst\u00e8me de prise s&#8217;int\u00e8gre parfaitement au syst\u00e8me de contr\u00f4le via un r\u00e9seau Wi-Fi d\u00e9di\u00e9, garantissant ainsi une communication et un fonctionnement sans interruption.<\/p>\n<p>D\u00e9couvrez l&#8217;avenir de l&#8217;automatisation pharmaceutique avec RIEDL Phasys : o\u00f9 l&#8217;innovation et l&#8217;efficacit\u00e9 se rencontrent, transformant la mani\u00e8re dont les pharmacies fonctionnent, une ordonnance \u00e0 la fois.<br \/>\n[\/vc_column_text][\/vc_column][\/vc_row][vc_row full_width=&#8221;stretch_row&#8221; css=&#8221;.vc_custom_1553766882955{padding-bottom: 30px !important;}&#8221; el_class=&#8221;text-row my-0&#8243;][vc_column width=&#8221;1\/3&#8243;][vc_column_text el_class=&#8221;entice&#8221;]<\/p>\n<div class=\"gpi_signature_title_tech\">RIEDL Phasys<\/div>\n<p>[\/vc_column_text][\/vc_column][vc_column width=&#8221;2\/3&#8243;][vc_column_text]<strong>Con\u00e7u sur mesure : RIEDL Phasys est personnalisable<\/strong><\/p>\n<p>Au c\u0153ur de chaque syst\u00e8me RIEDL Phasys se trouve une adaptabilit\u00e9 sans compromis. Con\u00e7u pour r\u00e9pondre aux besoins d&#8217;espace et de gestion, chaque unit\u00e9 Phasys est minutieusement d\u00e9velopp\u00e9e pour s&#8217;int\u00e9grer parfaitement \u00e0 l&#8217;agencement de votre pharmacie sans n\u00e9cessiter de modifications structurelles.<\/p>\n<p>Mais la personnalisation ne s&#8217;arr\u00eate pas l\u00e0. Avec une gamme de couleurs personnalisables et des panneaux ext\u00e9rieurs en verre en option, chaque RIEDL Phasys devient un reflet unique de l&#8217;identit\u00e9 de votre pharmacie. Des styles modernes et \u00e9l\u00e9gants aux plus classiques et accueillants, les possibilit\u00e9s esth\u00e9tiques sont infinies, garantissant \u00e0 votre pharmacie de se distinguer, tout en offrant efficacit\u00e9 et service sans \u00e9gal.<\/p>\n<p>Vivez la combinaison parfaite de forme et de fonction avec RIEDL Phasys : l\u00e0 o\u00f9 flexibilit\u00e9 et style se rencontrent, transformant votre pharmacie en un phare d&#8217;innovation et de service personnalis\u00e9.<br \/>\n[\/vc_column_text][vc_images_carousel images=&#8221;147586,147598,147610,147622,147634,147646,147658&#8243; img_size=&#8221;full&#8221; speed=&#8221;3000&#8243; autoplay=&#8221;yes&#8221; wrap=&#8221;yes&#8221;][vc_column_text css=&#8221;&#8221; el_class=&#8221;mb-0&#8243;]<\/p>\n<p style=\"text-align: right;\"><a class=\"btn call-to-action\" href=\"https:\/\/www.gpigroup.com\/app\/uploads\/2025\/01\/2025-Brochure-RIEDL-Phasys_ENG_vision_V6.pdf\" target=\"_blank\" rel=\"noopener\">T\u00e9l\u00e9chargez la brochure de RIEDL Phasys<\/a><\/p>\n<p>[\/vc_column_text][\/vc_column][\/vc_row][vc_row full_width=&#8221;stretch_row&#8221; css=&#8221;.vc_custom_1553766882955{padding-bottom: 30px !important;}&#8221; el_class=&#8221;text-row my-0&#8243;][vc_column width=&#8221;1\/3&#8243;][vc_column_text el_class=&#8221;entice&#8221;]<\/p>\n<div class=\"gpi_signature_title_tech\">Easy Phasys<\/div>\n<p>[\/vc_column_text][\/vc_column][vc_column width=&#8221;2\/3&#8243;][vc_column_text]<strong>Vitesse, fiabilit\u00e9 et pr\u00e9cision dans un format standard<\/strong><\/p>\n<p>Easy Phasys est la solution id\u00e9ale pour automatiser rapidement et simplement la gestion des m\u00e9dicaments dans votre pharmacie. Bas\u00e9 sur la technologie \u00e9prouv\u00e9e de RIEDL Phasys, il h\u00e9rite du m\u00eame syst\u00e8me de prise haute performance, garantissant des niveaux optimaux de vitesse et de pr\u00e9cision.<\/p>\n<p>Comme son grand fr\u00e8re, Easy Phasys est le fruit de la collaboration entre une \u00e9quipe d&#8217;ing\u00e9nieurs allemands avec plus de deux d\u00e9cennies d&#8217;exp\u00e9rience dans l&#8217;automatisation pharmaceutique et le groupe GPI, leader dans la cr\u00e9ation de solutions num\u00e9riques pour le secteur de la sant\u00e9.<\/p>\n<p>Disponible en 10 mod\u00e8les de diff\u00e9rentes tailles, Easy Phasys est le choix parfait pour ceux qui recherchent une automatisation de qualit\u00e9, accessible et sans compromis.<br \/>\n[\/vc_column_text][vc_single_image image=&#8221;150088&#8243; img_size=&#8221;full&#8221;][vc_column_text css=&#8221;&#8221; el_class=&#8221;mb-0&#8243;]<\/p>\n<p style=\"text-align: right;\"><a class=\"btn call-to-action\" href=\"https:\/\/www.gpigroup.com\/app\/uploads\/2025\/01\/2025-Brochure-Easy-Phasys_FR_vision_v2.pdf\" target=\"_blank\" rel=\"noopener\">T\u00e9l\u00e9chargez la brochure de Easy Phasys<\/a><\/p>\n<p>[\/vc_column_text][\/vc_column][\/vc_row]<\/p>\n[vc_row full_width=\"stretch_row\" el_class=\"text-row my-0\"][vc_column][vc_row_inner][vc_column_inner width=\"1\/3\"][\/vc_column_inner][vc_column_inner width=\"1\/3\"][vc_column_text el_class=\"text-right text-md-left\"][\/vc_column_text][\/vc_column_inner][vc_column_inner width=\"1\/3\"][vc_column_text el_class=\"text-right\"]<a class=\"btn call-to-action\" href=\"https:\/\/riedlautomation.com\/\" target=\"_blank\" rel=\"noopener noreferrer\">Visit the website<\/a>[\/vc_column_text][\/vc_column_inner][\/vc_row_inner][vc_row_inner][vc_column_inner][vc_raw_html]JTVCY29udGFjdC1mb3JtLTclMjBpZCUzRCUyMjcwODklMjIlMjB0aXRsZSUzRCUyMkRvd25sb2FkJTIwYnJvY2h1cmUlMjBmb3JtJTIwSVQlMjIlMjBodG1sX2lkJTNEJTIyZ3BpLWRvd25sb2FkLWZvcm0lMjIlNUQ=[\/vc_raw_html][\/vc_column_inner][\/vc_row_inner][\/vc_column][\/vc_row][vc_row full_width=\"stretch_row\" el_class=\"vision mb-0 gpi-orange-bg\"][vc_column offset=\"vc_col-lg-3 vc_col-xs-12\"][vc_column_text]\n<h4>Contact our sales team<\/h4>[\/vc_column_text][\/vc_column][vc_column width=\"3\/4\" offset=\"vc_col-lg-offset-0 vc_col-sm-offset-3 vc_col-xs-12\"][vc_raw_html]JTVCY29udGFjdC1mb3JtLTclMjBpZCUzRCUyMjY3MTIlMjIlMjB0aXRsZSUzRCUyMkJ1c2luZXNzJTIwbGluZSUyMGZvcm0lMjIlMjBodG1sX2lkJTNEJTIyZ3BpLWNvbnRhY3QtZm9ybSUyMiU1RA==[\/vc_raw_html][\/vc_column][\/vc_row]<\/div>","protected":false},"excerpt":{"rendered":"<p>[vc_row full_width=&#8221;stretch_row&#8221; css=&#8221;.vc_custom_1715597422046{padding-bottom: 30px !important;}&#8221; el_class=&#8221;text-row my-0&#8243;][vc_column][vc_row_inner][vc_column_inner][vc_column_text] Automatisation des Officines Pharmaceutiques AUTOMATION [\/vc_column_text][\/vc_column_inner][\/vc_row_inner][\/vc_column][\/vc_row][vc_row full_width=&#8221;stretch_row&#8221; css=&#8221;.vc_custom_1553766882955{padding-bottom: 30px !important;}&#8221; el_class=&#8221;text-row my-0&#8243;][vc_column width=&#8221;1\/3&#8243;][vc_column_text][\/vc_column_text][\/vc_column][vc_column width=&#8221;2\/3&#8243;][vc_column_text el_class=&#8221;entice&#8221;] Rapide, fiable et polyvalent : RIEDL Phasys r\u00e9duit les gaspillages et modernise le travail des pharmaciens [\/vc_column_text][vc_column_text]R\u00e9volutionner l&#8217;Automatisation Pharmaceutique En inaugurant une nouvelle \u00e8re dans l&#8217;automatisation des pharmacies, RIEDL Phasys (PHarmacy Automation SYStem)<\/p>\n","protected":false},"author":23,"featured_media":68632,"parent":0,"menu_order":0,"comment_status":"closed","ping_status":"closed","template":"","meta":{"footnotes":""},"class_list":["post-87627","page","type-page","status-publish","has-post-thumbnail","hentry","client_type-pharmacies-privees-fr-na","page_category-gamme-de-produits-fr-na","section-offerta","business_line-automation"],"yoast_head":"<!-- This site is optimized with the Yoast SEO plugin v27.1.1 - https:\/\/yoast.com\/product\/yoast-seo-wordpress\/ -->\n<title>Automatisation des Officines Pharmaceutiques<\/title>\n<meta name=\"description\" content=\"Riedl Phasys est le syst\u00e8me automatis\u00e9 de gestion logistique des m\u00e9dicaments dans les pharmacies. D\u00e9couvrez comment r\u00e9duire les stocks et renouveler le travail des pharmaciens.\" \/>\n<meta name=\"robots\" content=\"index, follow, max-snippet:-1, max-image-preview:large, max-video-preview:-1\" \/>\n<link rel=\"canonical\" href=\"https:\/\/www.gpigroup.com\/fr-na\/automatisation-des-officines-pharmaceutiques\/\" \/>\n<meta property=\"og:locale\" content=\"fr_FR\" \/>\n<meta property=\"og:type\" content=\"article\" \/>\n<meta property=\"og:title\" content=\"Automatisation des Officines Pharmaceutiques\" \/>\n<meta property=\"og:description\" content=\"Riedl Phasys est le syst\u00e8me automatis\u00e9 de gestion logistique des m\u00e9dicaments dans les pharmacies. D\u00e9couvrez comment r\u00e9duire les stocks et renouveler le travail des pharmaciens.\" \/>\n<meta property=\"og:url\" content=\"https:\/\/www.gpigroup.com\/fr-na\/automatisation-des-officines-pharmaceutiques\/\" \/>\n<meta property=\"og:site_name\" content=\"GPI\" \/>\n<meta property=\"article:publisher\" content=\"https:\/\/www.facebook.com\/GruppoGPI\/\" \/>\n<meta property=\"article:modified_time\" content=\"2025-01-29T15:21:59+00:00\" \/>\n<meta property=\"og:image\" content=\"https:\/\/www.gpigroup.com\/app\/uploads\/2019\/04\/og-link-preview-1.png\" \/>\n\t<meta property=\"og:image:width\" content=\"1366\" \/>\n\t<meta property=\"og:image:height\" content=\"768\" \/>\n\t<meta property=\"og:image:type\" content=\"image\/png\" \/>\n<meta name=\"twitter:card\" content=\"summary_large_image\" \/>\n<meta name=\"twitter:label1\" content=\"Est. reading time\" \/>\n\t<meta name=\"twitter:data1\" content=\"5 minutes\" \/>\n<script type=\"application\/ld+json\" class=\"yoast-schema-graph\">{\"@context\":\"https:\/\/schema.org\",\"@graph\":[{\"@type\":\"WebPage\",\"@id\":\"https:\/\/www.gpigroup.com\/fr-na\/automatisation-des-officines-pharmaceutiques\/\",\"url\":\"https:\/\/www.gpigroup.com\/fr-na\/automatisation-des-officines-pharmaceutiques\/\",\"name\":\"Automatisation des Officines Pharmaceutiques\",\"isPartOf\":{\"@id\":\"https:\/\/www.gpigroup.com\/fr-na\/#website\"},\"primaryImageOfPage\":{\"@id\":\"https:\/\/www.gpigroup.com\/fr-na\/automatisation-des-officines-pharmaceutiques\/#primaryimage\"},\"image\":{\"@id\":\"https:\/\/www.gpigroup.com\/fr-na\/automatisation-des-officines-pharmaceutiques\/#primaryimage\"},\"thumbnailUrl\":\"https:\/\/www.gpigroup.com\/app\/uploads\/2019\/04\/og-link-preview-1.png\",\"datePublished\":\"2019-03-28T14:22:34+00:00\",\"dateModified\":\"2025-01-29T15:21:59+00:00\",\"description\":\"Riedl Phasys est le syst\u00e8me automatis\u00e9 de gestion logistique des m\u00e9dicaments dans les pharmacies. D\u00e9couvrez comment r\u00e9duire les stocks et renouveler le travail des pharmaciens.\",\"breadcrumb\":{\"@id\":\"https:\/\/www.gpigroup.com\/fr-na\/automatisation-des-officines-pharmaceutiques\/#breadcrumb\"},\"inLanguage\":\"fr-NA\",\"potentialAction\":[{\"@type\":\"ReadAction\",\"target\":[\"https:\/\/www.gpigroup.com\/fr-na\/automatisation-des-officines-pharmaceutiques\/\"]}]},{\"@type\":\"ImageObject\",\"inLanguage\":\"fr-NA\",\"@id\":\"https:\/\/www.gpigroup.com\/fr-na\/automatisation-des-officines-pharmaceutiques\/#primaryimage\",\"url\":\"https:\/\/www.gpigroup.com\/app\/uploads\/2019\/04\/og-link-preview-1.png\",\"contentUrl\":\"https:\/\/www.gpigroup.com\/app\/uploads\/2019\/04\/og-link-preview-1.png\",\"width\":1366,\"height\":768},{\"@type\":\"BreadcrumbList\",\"@id\":\"https:\/\/www.gpigroup.com\/fr-na\/automatisation-des-officines-pharmaceutiques\/#breadcrumb\",\"itemListElement\":[{\"@type\":\"ListItem\",\"position\":1,\"name\":\"Home\",\"item\":\"https:\/\/www.gpigroup.com\/fr-na\/\"},{\"@type\":\"ListItem\",\"position\":2,\"name\":\"Automatisation des Officines Pharmaceutiques\"}]},{\"@type\":\"WebSite\",\"@id\":\"https:\/\/www.gpigroup.com\/fr-na\/#website\",\"url\":\"https:\/\/www.gpigroup.com\/fr-na\/\",\"name\":\"GPI\",\"description\":\"The Healthcare Partner\",\"publisher\":{\"@id\":\"https:\/\/www.gpigroup.com\/fr-na\/#organization\"},\"potentialAction\":[{\"@type\":\"SearchAction\",\"target\":{\"@type\":\"EntryPoint\",\"urlTemplate\":\"https:\/\/www.gpigroup.com\/fr-na\/?s={search_term_string}\"},\"query-input\":{\"@type\":\"PropertyValueSpecification\",\"valueRequired\":true,\"valueName\":\"search_term_string\"}}],\"inLanguage\":\"fr-NA\"},{\"@type\":\"Organization\",\"@id\":\"https:\/\/www.gpigroup.com\/fr-na\/#organization\",\"name\":\"GPI S.p.A.\",\"url\":\"https:\/\/www.gpigroup.com\/fr-na\/\",\"logo\":{\"@type\":\"ImageObject\",\"inLanguage\":\"fr-NA\",\"@id\":\"https:\/\/www.gpigroup.com\/fr-na\/#\/schema\/logo\/image\/\",\"url\":\"https:\/\/www.gpigroup.com\/app\/uploads\/2023\/03\/logo-GPI-2019-1.jpg\",\"contentUrl\":\"https:\/\/www.gpigroup.com\/app\/uploads\/2023\/03\/logo-GPI-2019-1.jpg\",\"width\":1946,\"height\":1945,\"caption\":\"GPI S.p.A.\"},\"image\":{\"@id\":\"https:\/\/www.gpigroup.com\/fr-na\/#\/schema\/logo\/image\/\"},\"sameAs\":[\"https:\/\/www.facebook.com\/GruppoGPI\/\",\"https:\/\/www.linkedin.com\/company\/gpi-spa\",\"http:\/\/www.youtube.com\/user\/GruppoGPI\"]}]}<\/script>\n<!-- \/ Yoast SEO plugin. -->","yoast_head_json":{"title":"Automatisation des Officines Pharmaceutiques","description":"Riedl Phasys est le syst\u00e8me automatis\u00e9 de gestion logistique des m\u00e9dicaments dans les pharmacies. D\u00e9couvrez comment r\u00e9duire les stocks et renouveler le travail des pharmaciens.","robots":{"index":"index","follow":"follow","max-snippet":"max-snippet:-1","max-image-preview":"max-image-preview:large","max-video-preview":"max-video-preview:-1"},"canonical":"https:\/\/www.gpigroup.com\/fr-na\/automatisation-des-officines-pharmaceutiques\/","og_locale":"fr_FR","og_type":"article","og_title":"Automatisation des Officines Pharmaceutiques","og_description":"Riedl Phasys est le syst\u00e8me automatis\u00e9 de gestion logistique des m\u00e9dicaments dans les pharmacies. D\u00e9couvrez comment r\u00e9duire les stocks et renouveler le travail des pharmaciens.","og_url":"https:\/\/www.gpigroup.com\/fr-na\/automatisation-des-officines-pharmaceutiques\/","og_site_name":"GPI","article_publisher":"https:\/\/www.facebook.com\/GruppoGPI\/","article_modified_time":"2025-01-29T15:21:59+00:00","og_image":[{"width":1366,"height":768,"url":"https:\/\/www.gpigroup.com\/app\/uploads\/2019\/04\/og-link-preview-1.png","type":"image\/png"}],"twitter_card":"summary_large_image","twitter_misc":{"Est. reading time":"5 minutes"},"schema":{"@context":"https:\/\/schema.org","@graph":[{"@type":"WebPage","@id":"https:\/\/www.gpigroup.com\/fr-na\/automatisation-des-officines-pharmaceutiques\/","url":"https:\/\/www.gpigroup.com\/fr-na\/automatisation-des-officines-pharmaceutiques\/","name":"Automatisation des Officines Pharmaceutiques","isPartOf":{"@id":"https:\/\/www.gpigroup.com\/fr-na\/#website"},"primaryImageOfPage":{"@id":"https:\/\/www.gpigroup.com\/fr-na\/automatisation-des-officines-pharmaceutiques\/#primaryimage"},"image":{"@id":"https:\/\/www.gpigroup.com\/fr-na\/automatisation-des-officines-pharmaceutiques\/#primaryimage"},"thumbnailUrl":"https:\/\/www.gpigroup.com\/app\/uploads\/2019\/04\/og-link-preview-1.png","datePublished":"2019-03-28T14:22:34+00:00","dateModified":"2025-01-29T15:21:59+00:00","description":"Riedl Phasys est le syst\u00e8me automatis\u00e9 de gestion logistique des m\u00e9dicaments dans les pharmacies. D\u00e9couvrez comment r\u00e9duire les stocks et renouveler le travail des pharmaciens.","breadcrumb":{"@id":"https:\/\/www.gpigroup.com\/fr-na\/automatisation-des-officines-pharmaceutiques\/#breadcrumb"},"inLanguage":"fr-NA","potentialAction":[{"@type":"ReadAction","target":["https:\/\/www.gpigroup.com\/fr-na\/automatisation-des-officines-pharmaceutiques\/"]}]},{"@type":"ImageObject","inLanguage":"fr-NA","@id":"https:\/\/www.gpigroup.com\/fr-na\/automatisation-des-officines-pharmaceutiques\/#primaryimage","url":"https:\/\/www.gpigroup.com\/app\/uploads\/2019\/04\/og-link-preview-1.png","contentUrl":"https:\/\/www.gpigroup.com\/app\/uploads\/2019\/04\/og-link-preview-1.png","width":1366,"height":768},{"@type":"BreadcrumbList","@id":"https:\/\/www.gpigroup.com\/fr-na\/automatisation-des-officines-pharmaceutiques\/#breadcrumb","itemListElement":[{"@type":"ListItem","position":1,"name":"Home","item":"https:\/\/www.gpigroup.com\/fr-na\/"},{"@type":"ListItem","position":2,"name":"Automatisation des Officines Pharmaceutiques"}]},{"@type":"WebSite","@id":"https:\/\/www.gpigroup.com\/fr-na\/#website","url":"https:\/\/www.gpigroup.com\/fr-na\/","name":"GPI","description":"The Healthcare Partner","publisher":{"@id":"https:\/\/www.gpigroup.com\/fr-na\/#organization"},"potentialAction":[{"@type":"SearchAction","target":{"@type":"EntryPoint","urlTemplate":"https:\/\/www.gpigroup.com\/fr-na\/?s={search_term_string}"},"query-input":{"@type":"PropertyValueSpecification","valueRequired":true,"valueName":"search_term_string"}}],"inLanguage":"fr-NA"},{"@type":"Organization","@id":"https:\/\/www.gpigroup.com\/fr-na\/#organization","name":"GPI S.p.A.","url":"https:\/\/www.gpigroup.com\/fr-na\/","logo":{"@type":"ImageObject","inLanguage":"fr-NA","@id":"https:\/\/www.gpigroup.com\/fr-na\/#\/schema\/logo\/image\/","url":"https:\/\/www.gpigroup.com\/app\/uploads\/2023\/03\/logo-GPI-2019-1.jpg","contentUrl":"https:\/\/www.gpigroup.com\/app\/uploads\/2023\/03\/logo-GPI-2019-1.jpg","width":1946,"height":1945,"caption":"GPI S.p.A."},"image":{"@id":"https:\/\/www.gpigroup.com\/fr-na\/#\/schema\/logo\/image\/"},"sameAs":["https:\/\/www.facebook.com\/GruppoGPI\/","https:\/\/www.linkedin.com\/company\/gpi-spa","http:\/\/www.youtube.com\/user\/GruppoGPI"]}]}},"_links":{"self":[{"href":"https:\/\/www.gpigroup.com\/fr-na\/wp-json\/wp\/v2\/pages\/87627","targetHints":{"allow":["GET"]}}],"collection":[{"href":"https:\/\/www.gpigroup.com\/fr-na\/wp-json\/wp\/v2\/pages"}],"about":[{"href":"https:\/\/www.gpigroup.com\/fr-na\/wp-json\/wp\/v2\/types\/page"}],"author":[{"embeddable":true,"href":"https:\/\/www.gpigroup.com\/fr-na\/wp-json\/wp\/v2\/users\/23"}],"replies":[{"embeddable":true,"href":"https:\/\/www.gpigroup.com\/fr-na\/wp-json\/wp\/v2\/comments?post=87627"}],"version-history":[{"count":6,"href":"https:\/\/www.gpigroup.com\/fr-na\/wp-json\/wp\/v2\/pages\/87627\/revisions"}],"predecessor-version":[{"id":164109,"href":"https:\/\/www.gpigroup.com\/fr-na\/wp-json\/wp\/v2\/pages\/87627\/revisions\/164109"}],"wp:featuredmedia":[{"embeddable":true,"href":"https:\/\/www.gpigroup.com\/fr-na\/wp-json\/wp\/v2\/media\/68632"}],"wp:attachment":[{"href":"https:\/\/www.gpigroup.com\/fr-na\/wp-json\/wp\/v2\/media?parent=87627"}],"curies":[{"name":"wp","href":"https:\/\/api.w.org\/{rel}","templated":true}]}}