{"id":85579,"date":"2019-03-28T16:08:04","date_gmt":"2019-03-28T15:08:04","guid":{"rendered":"https:\/\/www.gpi.it\/backup\/banque-de-sang-et-de-tissus\/"},"modified":"2022-11-11T11:35:16","modified_gmt":"2022-11-11T10:35:16","slug":"banque-de-sang-et-de-tissus","status":"publish","type":"page","link":"https:\/\/www.gpigroup.com\/fr-na\/banque-de-sang-et-de-tissus\/","title":{"rendered":"Gestion de l\u2019\u00c9cosyst\u00e8me Sang : Banque de sang et de tissus"},"content":{"rendered":"<div class=\"wpb-content-wrapper\"><p>[vc_row full_width=&#8221;stretch_row&#8221; css=&#8221;.vc_custom_1553766882955{padding-bottom: 30px !important;}&#8221; el_class=&#8221;text-row my-0&#8243;][vc_column][vc_row_inner][vc_column_inner][vc_column_text]<\/p>\n<div class=\"row asa-title\">\n<div class=\"col-12 col-md-6\">\n<img loading=\"lazy\" decoding=\"async\" width=\"1024\" height=\"576\" src=\"https:\/\/www.gpigroup.com\/app\/uploads\/2019\/05\/asa_software.jpg\" class=\"asa-image asa-image-mobile rounded-circle d-md-none d-inline\" alt=\"GPI Software\" srcset=\"https:\/\/www.gpigroup.com\/app\/uploads\/2019\/05\/asa_software.jpg 1024w, https:\/\/www.gpigroup.com\/app\/uploads\/2019\/05\/asa_software-300x169.jpg 300w, https:\/\/www.gpigroup.com\/app\/uploads\/2019\/05\/asa_software-768x432.jpg 768w\" sizes=\"auto, (max-width: 1024px) 100vw, 1024px\" \/>\n<div class=\"gpi_signature_title_tech\">\n<h1>Gestion de l\u2019\u00c9cosyst\u00e8me Sang<\/h1>\n<\/div>\n<\/div>\n<div class=\"col-12 col-md-6\">\n<div class=\"asa-symbol\"><img loading=\"lazy\" decoding=\"async\" class=\"alignnone size-medium wp-image-3055\" role=\"img\" src=\"https:\/\/www.gpi.it\/app\/uploads\/\/2019\/03\/Software-1.svg\" alt=\"\" width=\"24\" height=\"24\" \/>\u00a0SOFTWARE<\/div>\n<\/div>\n<\/div>\n<p>[\/vc_column_text][\/vc_column_inner][\/vc_row_inner][vc_row_inner el_class=&#8221;bl-body&#8221;][vc_column_inner width=&#8221;1\/3&#8243;][vc_column_text]<img loading=\"lazy\" decoding=\"async\" width=\"1024\" height=\"576\" src=\"https:\/\/www.gpigroup.com\/app\/uploads\/2019\/05\/asa_software.jpg\" class=\"asa-image rounded-circle d-md-inline d-none\" alt=\"GPI Software\" srcset=\"https:\/\/www.gpigroup.com\/app\/uploads\/2019\/05\/asa_software.jpg 1024w, https:\/\/www.gpigroup.com\/app\/uploads\/2019\/05\/asa_software-300x169.jpg 300w, https:\/\/www.gpigroup.com\/app\/uploads\/2019\/05\/asa_software-768x432.jpg 768w\" sizes=\"auto, (max-width: 1024px) 100vw, 1024px\" \/>[\/vc_column_text][\/vc_column_inner][vc_column_inner width=&#8221;2\/3&#8243;][vc_column_text el_class=&#8221;entice&#8221;]<\/p>\n<h2>Gestion compl\u00e8te et s\u00e9curis\u00e9e de l&#8217;\u00e9cosyst\u00e8me du sang, des tissus et du lait maternel.<\/h2>\n<p>[\/vc_column_text][vc_column_text]<br \/>\nUne gestion et une tra\u00e7abilit\u00e9 flexibles, simples et s\u00fbres de tous les processus de transfusion, du lait maternel et des tissus, combinant une exp\u00e9rience internationale et une connaissance approfondie du march\u00e9 italien. La Banque du sang et des tissus est con\u00e7ue pour offrir \u00e0 la cha\u00eene d&#8217;approvisionnement transfusionnelle des solutions intelligentes et proactives, gr\u00e2ce \u00e0 l&#8217;adoption de m\u00e9thodologies et de technologies innovantes et faciles \u00e0 utiliser, conformes aux normes nationales et internationales du secteur.<\/p>\n<p>Les modules\u00a0:<\/p>\n<h3>Don<\/h3>\n<p>G\u00e8re l&#8217;ensemble du parcours du don, du recrutement des donneurs \u00e0 l&#8217;envoi final du sang, y compris les tests, le traitement des composants, l&#8217;assurance qualit\u00e9 et le suivi des stocks.<\/p>\n<h3>Transfusions<\/h3>\n<p>Prend en charge les commandes de sang via un portail web pour les h\u00f4pitaux, le traitement des \u00e9chantillons de sang des patients, la compatibilit\u00e9 et l&#8217;approvisionnement en toute s\u00e9curit\u00e9.<br \/>\nTh\u00e9rapie cellulaire et banque de sang ombilical<br \/>\nSoutient la collecte, le traitement, le stockage, la distribution et la gestion des produits destin\u00e9s \u00e0 la th\u00e9rapie cellulaire de haute qualit\u00e9.<\/p>\n<h3>Banque de tissus<\/h3>\n<p>Offre une gestion totale des tissus depuis le don et des \u00e9chantillons de tissus jusqu&#8217;\u00e0 la destination finale et l&#8217;implant.<\/p>\n<h3>Banque de lait maternel<\/h3>\n<p>Offre la meilleure gestion, s\u00e9curit\u00e9, efficacit\u00e9 et tra\u00e7abilit\u00e9 du lait et des produits laitiers dans la banque de sang et les unit\u00e9s n\u00e9onatales o\u00f9 les doses sont distribu\u00e9es.<\/p>\n<h3>LIS<\/h3>\n<p>Offre un flux de travail intuitif et efficace pour l&#8217;automatisation des processus de laboratoire \u00e0 tous les niveaux.<br \/>\n[\/vc_column_text][\/vc_column_inner][\/vc_row_inner][\/vc_column][\/vc_row][vc_row full_width=&#8221;stretch_row&#8221; css=&#8221;.vc_custom_1558428414827{padding-bottom: 30px !important;}&#8221; el_class=&#8221;text-row my-0 bl-body features&#8221;][vc_column][vc_row_inner][vc_column_inner width=&#8221;1\/3&#8243;][\/vc_column_inner][vc_column_inner width=&#8221;2\/3&#8243;][vc_column_text]<\/p>\n<h3>Pourquoi choisir nos solutions pour le sang et les tissus\u00a0:<\/h3>\n<p>&nbsp;<\/p>\n<ul>\n<li>Elles sont COMMUNICATIVES\u00a0: une exp\u00e9rience utilisateur simple et intuitive, facile \u00e0 int\u00e9grer gr\u00e2ce aux protocoles de communication standard &#8211; HL7 et XML<\/li>\n<li>Elles sont ADAPTATIVES\u00a0: elles incluent des modules pour une configuration simple \u00e0 utiliser.<\/li>\n<li>Elles sont S\u00c9CURIS\u00c9ES\u00a0: La s\u00e9curit\u00e9 et l&#8217;acc\u00e8s peuvent \u00eatre configur\u00e9s en fonction des r\u00f4les des utilisateurs. L&#8217;acc\u00e8s \u00e0 toutes les options est contr\u00f4l\u00e9 par des mots de passe personnels crypt\u00e9s, conform\u00e9ment aux directives europ\u00e9ennes sur la protection de la vie priv\u00e9e (RGPD).<\/li>\n<li>Elles sont DURABLES\u00a0: ces solutions enti\u00e8rement bas\u00e9es sur le web peuvent \u00eatre install\u00e9es dans les locaux ou dans un cloud, elles permettent un d\u00e9ploiement progressif, une formation r\u00e9duite des utilisateurs, de faibles co\u00fbts de maintenance et la sauvegarde des actifs informationnels existants.<\/li>\n<\/ul>\n<p>[\/vc_column_text][\/vc_column_inner][\/vc_row_inner][\/vc_column][\/vc_row]<\/p>\n[vc_row full_width=\"stretch_row\" el_class=\"vision mb-0 gpi-orange-bg\"][vc_column offset=\"vc_col-lg-3 vc_col-xs-12\"][vc_column_text]\n<h4>Contact our sales team<\/h4>[\/vc_column_text][\/vc_column][vc_column width=\"3\/4\" offset=\"vc_col-lg-offset-0 vc_col-sm-offset-3 vc_col-xs-12\"][vc_raw_html]JTVCY29udGFjdC1mb3JtLTclMjBpZCUzRCUyMjY3MTIlMjIlMjB0aXRsZSUzRCUyMkJ1c2luZXNzJTIwbGluZSUyMGZvcm0lMjIlMjBodG1sX2lkJTNEJTIyZ3BpLWNvbnRhY3QtZm9ybSUyMiU1RA==[\/vc_raw_html][\/vc_column][\/vc_row]<\/div>","protected":false},"excerpt":{"rendered":"<p>[vc_row full_width=&#8221;stretch_row&#8221; css=&#8221;.vc_custom_1553766882955{padding-bottom: 30px !important;}&#8221; el_class=&#8221;text-row my-0&#8243;][vc_column][vc_row_inner][vc_column_inner][vc_column_text] Gestion de l\u2019\u00c9cosyst\u00e8me Sang \u00a0SOFTWARE [\/vc_column_text][\/vc_column_inner][\/vc_row_inner][vc_row_inner el_class=&#8221;bl-body&#8221;][vc_column_inner width=&#8221;1\/3&#8243;][vc_column_text][\/vc_column_text][\/vc_column_inner][vc_column_inner width=&#8221;2\/3&#8243;][vc_column_text el_class=&#8221;entice&#8221;] Gestion compl\u00e8te et s\u00e9curis\u00e9e de l&#8217;\u00e9cosyst\u00e8me du sang, des tissus et du lait maternel. [\/vc_column_text][vc_column_text] Une gestion et une tra\u00e7abilit\u00e9 flexibles, simples et s\u00fbres de tous les processus de transfusion, du lait maternel et des tissus, combinant une<\/p>\n","protected":false},"author":23,"featured_media":68632,"parent":0,"menu_order":0,"comment_status":"closed","ping_status":"closed","template":"","meta":{"footnotes":""},"class_list":["post-85579","page","type-page","status-publish","has-post-thumbnail","hentry","section-offerta","business_line-software"],"yoast_head":"<!-- This site is optimized with the Yoast SEO plugin v27.1.1 - https:\/\/yoast.com\/product\/yoast-seo-wordpress\/ -->\n<title>Gestion de l\u2019\u00c9cosyst\u00e8me Sang : Banque de sang et de tissus | GPI<\/title>\n<meta name=\"description\" content=\"La gestion compl\u00e8te et s\u00fbre de l\u2019\u00e9cosyst\u00e8me du sang, des tissus et du lait maternel.\" \/>\n<meta name=\"robots\" content=\"index, follow, max-snippet:-1, max-image-preview:large, max-video-preview:-1\" \/>\n<link rel=\"canonical\" href=\"https:\/\/www.gpigroup.com\/fr-na\/banque-de-sang-et-de-tissus\/\" \/>\n<meta property=\"og:locale\" content=\"fr_FR\" \/>\n<meta property=\"og:type\" content=\"article\" \/>\n<meta property=\"og:title\" content=\"Gestion de l\u2019\u00c9cosyst\u00e8me Sang : Banque de sang et de tissus | GPI\" \/>\n<meta property=\"og:description\" content=\"La gestion compl\u00e8te et s\u00fbre de l\u2019\u00e9cosyst\u00e8me du sang, des tissus et du lait maternel.\" \/>\n<meta property=\"og:url\" content=\"https:\/\/www.gpigroup.com\/fr-na\/banque-de-sang-et-de-tissus\/\" \/>\n<meta property=\"og:site_name\" content=\"GPI\" \/>\n<meta property=\"article:publisher\" content=\"https:\/\/www.facebook.com\/GruppoGPI\/\" \/>\n<meta property=\"article:modified_time\" content=\"2022-11-11T10:35:16+00:00\" \/>\n<meta property=\"og:image\" content=\"https:\/\/www.gpigroup.com\/app\/uploads\/2019\/04\/og-link-preview-1.png\" \/>\n\t<meta property=\"og:image:width\" content=\"1366\" \/>\n\t<meta property=\"og:image:height\" content=\"768\" \/>\n\t<meta property=\"og:image:type\" content=\"image\/png\" \/>\n<meta name=\"twitter:card\" content=\"summary_large_image\" \/>\n<meta name=\"twitter:label1\" content=\"Est. reading time\" \/>\n\t<meta name=\"twitter:data1\" content=\"3 minutes\" \/>\n<script type=\"application\/ld+json\" class=\"yoast-schema-graph\">{\"@context\":\"https:\/\/schema.org\",\"@graph\":[{\"@type\":\"WebPage\",\"@id\":\"https:\/\/www.gpigroup.com\/fr-na\/banque-de-sang-et-de-tissus\/\",\"url\":\"https:\/\/www.gpigroup.com\/fr-na\/banque-de-sang-et-de-tissus\/\",\"name\":\"Gestion de l\u2019\u00c9cosyst\u00e8me Sang : Banque de sang et de tissus | GPI\",\"isPartOf\":{\"@id\":\"https:\/\/www.gpigroup.com\/fr-na\/#website\"},\"primaryImageOfPage\":{\"@id\":\"https:\/\/www.gpigroup.com\/fr-na\/banque-de-sang-et-de-tissus\/#primaryimage\"},\"image\":{\"@id\":\"https:\/\/www.gpigroup.com\/fr-na\/banque-de-sang-et-de-tissus\/#primaryimage\"},\"thumbnailUrl\":\"https:\/\/www.gpigroup.com\/app\/uploads\/2019\/04\/og-link-preview-1.png\",\"datePublished\":\"2019-03-28T15:08:04+00:00\",\"dateModified\":\"2022-11-11T10:35:16+00:00\",\"description\":\"La gestion compl\u00e8te et s\u00fbre de l\u2019\u00e9cosyst\u00e8me du sang, des tissus et du lait maternel.\",\"breadcrumb\":{\"@id\":\"https:\/\/www.gpigroup.com\/fr-na\/banque-de-sang-et-de-tissus\/#breadcrumb\"},\"inLanguage\":\"fr-NA\",\"potentialAction\":[{\"@type\":\"ReadAction\",\"target\":[\"https:\/\/www.gpigroup.com\/fr-na\/banque-de-sang-et-de-tissus\/\"]}]},{\"@type\":\"ImageObject\",\"inLanguage\":\"fr-NA\",\"@id\":\"https:\/\/www.gpigroup.com\/fr-na\/banque-de-sang-et-de-tissus\/#primaryimage\",\"url\":\"https:\/\/www.gpigroup.com\/app\/uploads\/2019\/04\/og-link-preview-1.png\",\"contentUrl\":\"https:\/\/www.gpigroup.com\/app\/uploads\/2019\/04\/og-link-preview-1.png\",\"width\":1366,\"height\":768},{\"@type\":\"BreadcrumbList\",\"@id\":\"https:\/\/www.gpigroup.com\/fr-na\/banque-de-sang-et-de-tissus\/#breadcrumb\",\"itemListElement\":[{\"@type\":\"ListItem\",\"position\":1,\"name\":\"Home\",\"item\":\"https:\/\/www.gpigroup.com\/fr-na\/\"},{\"@type\":\"ListItem\",\"position\":2,\"name\":\"Gestion de l\u2019\u00c9cosyst\u00e8me Sang : Banque de sang et de tissus\"}]},{\"@type\":\"WebSite\",\"@id\":\"https:\/\/www.gpigroup.com\/fr-na\/#website\",\"url\":\"https:\/\/www.gpigroup.com\/fr-na\/\",\"name\":\"GPI\",\"description\":\"The Healthcare Partner\",\"publisher\":{\"@id\":\"https:\/\/www.gpigroup.com\/fr-na\/#organization\"},\"potentialAction\":[{\"@type\":\"SearchAction\",\"target\":{\"@type\":\"EntryPoint\",\"urlTemplate\":\"https:\/\/www.gpigroup.com\/fr-na\/?s={search_term_string}\"},\"query-input\":{\"@type\":\"PropertyValueSpecification\",\"valueRequired\":true,\"valueName\":\"search_term_string\"}}],\"inLanguage\":\"fr-NA\"},{\"@type\":\"Organization\",\"@id\":\"https:\/\/www.gpigroup.com\/fr-na\/#organization\",\"name\":\"GPI S.p.A.\",\"url\":\"https:\/\/www.gpigroup.com\/fr-na\/\",\"logo\":{\"@type\":\"ImageObject\",\"inLanguage\":\"fr-NA\",\"@id\":\"https:\/\/www.gpigroup.com\/fr-na\/#\/schema\/logo\/image\/\",\"url\":\"https:\/\/www.gpigroup.com\/app\/uploads\/2023\/03\/logo-GPI-2019-1.jpg\",\"contentUrl\":\"https:\/\/www.gpigroup.com\/app\/uploads\/2023\/03\/logo-GPI-2019-1.jpg\",\"width\":1946,\"height\":1945,\"caption\":\"GPI S.p.A.\"},\"image\":{\"@id\":\"https:\/\/www.gpigroup.com\/fr-na\/#\/schema\/logo\/image\/\"},\"sameAs\":[\"https:\/\/www.facebook.com\/GruppoGPI\/\",\"https:\/\/www.linkedin.com\/company\/gpi-spa\",\"http:\/\/www.youtube.com\/user\/GruppoGPI\"]}]}<\/script>\n<!-- \/ Yoast SEO plugin. -->","yoast_head_json":{"title":"Gestion de l\u2019\u00c9cosyst\u00e8me Sang : Banque de sang et de tissus | GPI","description":"La gestion compl\u00e8te et s\u00fbre de l\u2019\u00e9cosyst\u00e8me du sang, des tissus et du lait maternel.","robots":{"index":"index","follow":"follow","max-snippet":"max-snippet:-1","max-image-preview":"max-image-preview:large","max-video-preview":"max-video-preview:-1"},"canonical":"https:\/\/www.gpigroup.com\/fr-na\/banque-de-sang-et-de-tissus\/","og_locale":"fr_FR","og_type":"article","og_title":"Gestion de l\u2019\u00c9cosyst\u00e8me Sang : Banque de sang et de tissus | GPI","og_description":"La gestion compl\u00e8te et s\u00fbre de l\u2019\u00e9cosyst\u00e8me du sang, des tissus et du lait maternel.","og_url":"https:\/\/www.gpigroup.com\/fr-na\/banque-de-sang-et-de-tissus\/","og_site_name":"GPI","article_publisher":"https:\/\/www.facebook.com\/GruppoGPI\/","article_modified_time":"2022-11-11T10:35:16+00:00","og_image":[{"width":1366,"height":768,"url":"https:\/\/www.gpigroup.com\/app\/uploads\/2019\/04\/og-link-preview-1.png","type":"image\/png"}],"twitter_card":"summary_large_image","twitter_misc":{"Est. reading time":"3 minutes"},"schema":{"@context":"https:\/\/schema.org","@graph":[{"@type":"WebPage","@id":"https:\/\/www.gpigroup.com\/fr-na\/banque-de-sang-et-de-tissus\/","url":"https:\/\/www.gpigroup.com\/fr-na\/banque-de-sang-et-de-tissus\/","name":"Gestion de l\u2019\u00c9cosyst\u00e8me Sang : Banque de sang et de tissus | GPI","isPartOf":{"@id":"https:\/\/www.gpigroup.com\/fr-na\/#website"},"primaryImageOfPage":{"@id":"https:\/\/www.gpigroup.com\/fr-na\/banque-de-sang-et-de-tissus\/#primaryimage"},"image":{"@id":"https:\/\/www.gpigroup.com\/fr-na\/banque-de-sang-et-de-tissus\/#primaryimage"},"thumbnailUrl":"https:\/\/www.gpigroup.com\/app\/uploads\/2019\/04\/og-link-preview-1.png","datePublished":"2019-03-28T15:08:04+00:00","dateModified":"2022-11-11T10:35:16+00:00","description":"La gestion compl\u00e8te et s\u00fbre de l\u2019\u00e9cosyst\u00e8me du sang, des tissus et du lait maternel.","breadcrumb":{"@id":"https:\/\/www.gpigroup.com\/fr-na\/banque-de-sang-et-de-tissus\/#breadcrumb"},"inLanguage":"fr-NA","potentialAction":[{"@type":"ReadAction","target":["https:\/\/www.gpigroup.com\/fr-na\/banque-de-sang-et-de-tissus\/"]}]},{"@type":"ImageObject","inLanguage":"fr-NA","@id":"https:\/\/www.gpigroup.com\/fr-na\/banque-de-sang-et-de-tissus\/#primaryimage","url":"https:\/\/www.gpigroup.com\/app\/uploads\/2019\/04\/og-link-preview-1.png","contentUrl":"https:\/\/www.gpigroup.com\/app\/uploads\/2019\/04\/og-link-preview-1.png","width":1366,"height":768},{"@type":"BreadcrumbList","@id":"https:\/\/www.gpigroup.com\/fr-na\/banque-de-sang-et-de-tissus\/#breadcrumb","itemListElement":[{"@type":"ListItem","position":1,"name":"Home","item":"https:\/\/www.gpigroup.com\/fr-na\/"},{"@type":"ListItem","position":2,"name":"Gestion de l\u2019\u00c9cosyst\u00e8me Sang : Banque de sang et de tissus"}]},{"@type":"WebSite","@id":"https:\/\/www.gpigroup.com\/fr-na\/#website","url":"https:\/\/www.gpigroup.com\/fr-na\/","name":"GPI","description":"The Healthcare Partner","publisher":{"@id":"https:\/\/www.gpigroup.com\/fr-na\/#organization"},"potentialAction":[{"@type":"SearchAction","target":{"@type":"EntryPoint","urlTemplate":"https:\/\/www.gpigroup.com\/fr-na\/?s={search_term_string}"},"query-input":{"@type":"PropertyValueSpecification","valueRequired":true,"valueName":"search_term_string"}}],"inLanguage":"fr-NA"},{"@type":"Organization","@id":"https:\/\/www.gpigroup.com\/fr-na\/#organization","name":"GPI S.p.A.","url":"https:\/\/www.gpigroup.com\/fr-na\/","logo":{"@type":"ImageObject","inLanguage":"fr-NA","@id":"https:\/\/www.gpigroup.com\/fr-na\/#\/schema\/logo\/image\/","url":"https:\/\/www.gpigroup.com\/app\/uploads\/2023\/03\/logo-GPI-2019-1.jpg","contentUrl":"https:\/\/www.gpigroup.com\/app\/uploads\/2023\/03\/logo-GPI-2019-1.jpg","width":1946,"height":1945,"caption":"GPI S.p.A."},"image":{"@id":"https:\/\/www.gpigroup.com\/fr-na\/#\/schema\/logo\/image\/"},"sameAs":["https:\/\/www.facebook.com\/GruppoGPI\/","https:\/\/www.linkedin.com\/company\/gpi-spa","http:\/\/www.youtube.com\/user\/GruppoGPI"]}]}},"_links":{"self":[{"href":"https:\/\/www.gpigroup.com\/fr-na\/wp-json\/wp\/v2\/pages\/85579","targetHints":{"allow":["GET"]}}],"collection":[{"href":"https:\/\/www.gpigroup.com\/fr-na\/wp-json\/wp\/v2\/pages"}],"about":[{"href":"https:\/\/www.gpigroup.com\/fr-na\/wp-json\/wp\/v2\/types\/page"}],"author":[{"embeddable":true,"href":"https:\/\/www.gpigroup.com\/fr-na\/wp-json\/wp\/v2\/users\/23"}],"replies":[{"embeddable":true,"href":"https:\/\/www.gpigroup.com\/fr-na\/wp-json\/wp\/v2\/comments?post=85579"}],"version-history":[{"count":1,"href":"https:\/\/www.gpigroup.com\/fr-na\/wp-json\/wp\/v2\/pages\/85579\/revisions"}],"predecessor-version":[{"id":86298,"href":"https:\/\/www.gpigroup.com\/fr-na\/wp-json\/wp\/v2\/pages\/85579\/revisions\/86298"}],"wp:featuredmedia":[{"embeddable":true,"href":"https:\/\/www.gpigroup.com\/fr-na\/wp-json\/wp\/v2\/media\/68632"}],"wp:attachment":[{"href":"https:\/\/www.gpigroup.com\/fr-na\/wp-json\/wp\/v2\/media?parent=85579"}],"curies":[{"name":"wp","href":"https:\/\/api.w.org\/{rel}","templated":true}]}}