{"id":160927,"date":"2024-07-27T08:16:24","date_gmt":"2024-07-27T06:16:24","guid":{"rendered":"https:\/\/www.gpigroup.com\/?page_id=160927"},"modified":"2025-01-17T10:27:46","modified_gmt":"2025-01-17T09:27:46","slug":"automatisation-pour-les-pharmacies","status":"publish","type":"page","link":"https:\/\/www.gpigroup.com\/fr-na\/automatisation-pour-les-pharmacies\/","title":{"rendered":"Automatisation pour les Pharmacies"},"content":{"rendered":"<div class=\"wpb-content-wrapper\"><p>[vc_row full_width=&#8221;stretch_row&#8221; css=&#8221;.vc_custom_1553766882955{padding-bottom: 30px !important;}&#8221; el_class=&#8221;text-row my-0&#8243;][vc_column][vc_row_inner][vc_column_inner][vc_column_text css=&#8221;&#8221;]<\/p>\n<div class=\"row asa-title\">\n<div class=\"col-12 col-md-6\">\n<img loading=\"lazy\" decoding=\"async\" width=\"1024\" height=\"576\" src=\"https:\/\/www.gpigroup.com\/app\/uploads\/2019\/05\/asa_automation.jpg\" class=\"asa-image asa-image-mobile rounded-circle d-md-none d-inline\" alt=\"GPI Automation\" srcset=\"https:\/\/www.gpigroup.com\/app\/uploads\/2019\/05\/asa_automation.jpg 1024w, https:\/\/www.gpigroup.com\/app\/uploads\/2019\/05\/asa_automation-300x169.jpg 300w, https:\/\/www.gpigroup.com\/app\/uploads\/2019\/05\/asa_automation-768x432.jpg 768w\" sizes=\"auto, (max-width: 1024px) 100vw, 1024px\" \/>\n<div class=\"gpi_signature_title_tech\">\n<h1>Automatisation pour les Pharmacies<\/h1>\n<h3>Gamme de produits et solutions<\/h3>\n<\/div>\n<\/div>\n<\/div>\n<p>[\/vc_column_text][\/vc_column_inner][\/vc_row_inner][vc_row_inner][vc_column_inner width=&#8221;1\/3&#8243;][vc_column_text]<img loading=\"lazy\" decoding=\"async\" width=\"1024\" height=\"576\" src=\"https:\/\/www.gpigroup.com\/app\/uploads\/2019\/05\/asa_automation.jpg\" class=\"asa-image rounded-circle d-md-inline d-none\" alt=\"GPI Automation\" srcset=\"https:\/\/www.gpigroup.com\/app\/uploads\/2019\/05\/asa_automation.jpg 1024w, https:\/\/www.gpigroup.com\/app\/uploads\/2019\/05\/asa_automation-300x169.jpg 300w, https:\/\/www.gpigroup.com\/app\/uploads\/2019\/05\/asa_automation-768x432.jpg 768w\" sizes=\"auto, (max-width: 1024px) 100vw, 1024px\" \/>[\/vc_column_text][\/vc_column_inner][vc_column_inner width=&#8221;2\/3&#8243;][vc_column_text css=&#8221;&#8221;]La solution compl\u00e8te pour la logistique des m\u00e9dicaments qui r\u00e9duit les erreurs de traitement, optimise les co\u00fbts, modernise le travail des pharmaciens et am\u00e9liore l&#8217;efficacit\u00e9 de la dispensation pharmaceutique.<\/p>\n<p>Le Groupe GPI propose des solutions d&#8217;automatisation de haut niveau pour la gestion pharmaceutique, \u00e9tablissant ainsi un r\u00e9f\u00e9rentiel dans le secteur.<\/p>\n<p>Nos syst\u00e8mes avanc\u00e9s s&#8217;adressent \u00e0 trois principales cat\u00e9gories de clients : les pharmacies \u00e0 usage int\u00e9rieur hospitali\u00e8res, les officines pharmaceutiques et les grossistes r\u00e9partiteurs.<\/p>\n<p>Con\u00e7ues pour optimiser les op\u00e9rations, am\u00e9liorer la pr\u00e9cision et garantir un contr\u00f4le optimal des stocks, nos solutions offrent une fiabilit\u00e9 et une efficacit\u00e9 in\u00e9gal\u00e9es.<\/p>\n<p>Avec la technologie de pointe de GPI, les pharmacies peuvent se concentrer sur la fourniture d&#8217;un service de qualit\u00e9 sup\u00e9rieure aux patients, en minimisant les complexit\u00e9s op\u00e9rationnelles.<\/p>\n<p>Rejoignez les leaders de la gestion pharmaceutique et d\u00e9couvrez comment GPI peut transformer votre activit\u00e9.<\/p>\n<p>Explorez nos solutions et portez votre pharmacie \u00e0 un niveau sup\u00e9rieur. Le Groupe GPI propose des solutions d&#8217;automatisation de haut niveau pour la gestion pharmaceutique, \u00e9tablissant ainsi un r\u00e9f\u00e9rentiel dans le secteur.<br \/>\n[\/vc_column_text][vc_single_image image=&#8221;147604&#8243; img_size=&#8221;full&#8221; css=&#8221;&#8221;][\/vc_column_inner][\/vc_row_inner][\/vc_column][\/vc_row][vc_row full_width=&#8221;stretch_row&#8221; disable_element=&#8221;yes&#8221; el_class=&#8221;text-row bl-body vision mb-0 frame-row&#8221;][vc_column el_class=&#8221;frame-column&#8221;][vc_column_text css=&#8221;.vc_custom_1722065292074{margin-bottom: 0px !important;}&#8221;]<\/p>\n<ul>\n<li><strong>UNIQUE<\/strong> &#8211; Comme votre pharmacieNous concevons et r\u00e9alisons votre RIEDL Phasys, selon vos besoins sp\u00e9cifiques.<\/li>\n<li><strong>RAPIDE<\/strong> &#8211; Parce que votre temps est pr\u00e9cieuxDes performances exceptionnelles garantissent une dispensation rapide et pr\u00e9cise des m\u00e9dicaments (emballages entiers et partiels), avec une gestion de la charge efficace (automatique et semi-automatique).<\/li>\n<li><strong>FIABLE<\/strong> &#8211; Il ne se fatigue jamaisLa pr\u00e9cision dans la gestion des emballages garantit une haute continuit\u00e9 de service, \u00e9liminant les inefficacit\u00e9s et les temps d&#8217;arr\u00eat des machines.<\/li>\n<li><strong>\u00c9CONOMIE D&#8217;ENERGIE<\/strong> &#8211; Un robot avec une consommation &#8220;domestique&#8221;La pince l\u00e9g\u00e8re, la friction r\u00e9duite et la technologie KERS int\u00e9gr\u00e9e rendent le syst\u00e8me RIEDL Phasys extr\u00eamement \u00e9conomique (consomme moins de 0,5 kWh, comme un appareil \u00e9lectrom\u00e9nager ordinaire).<\/li>\n<li><strong>SANS FIL<\/strong> &#8211; Pas de c\u00e2bles = plus de libert\u00e9Gr\u00e2ce \u00e0 la connexion de la pince au syst\u00e8me via un r\u00e9seau Wi-Fi d\u00e9di\u00e9, le syst\u00e8me est plus rapide, plus \u00e9conome en \u00e9nergie, plus rapide \u00e0 installer, plus facile \u00e0 utiliser et \u00e0 entretenir.<\/li>\n<li><strong>ROND OU CARR\u00c9<\/strong> &#8211; Peu importeIl prend en charge diff\u00e9rentes formes et produits : c&#8217;est vous qui choisissez ce que vous chargez dans votre RIEDL Phasys.<\/li>\n<\/ul>\n<p>[\/vc_column_text][\/vc_column][\/vc_row][vc_row full_width=&#8221;stretch_row&#8221; el_class=&#8221;color-white bg-purple pt-55&#8243;][vc_column][vc_column_text css=&#8221;&#8221;]<\/p>\n<h2 style=\"text-align: center;\">Key features<\/h2>\n<p>[\/vc_column_text][\/vc_column][\/vc_row][vc_row full_width=&#8221;stretch_row&#8221; el_class=&#8221;mb-0 pt-55 bg-purple color-white&#8221; css=&#8221;.vc_custom_1736352269512{margin-bottom: 0px !important;}&#8221;][vc_column width=&#8221;1\/3&#8243;][vc_single_image image=&#8221;153159&#8243; img_size=&#8221;large&#8221; alignment=&#8221;center&#8221; style=&#8221;vc_box_border_circle&#8221; border_color=&#8221;white&#8221; css=&#8221;&#8221; el_class=&#8221;gpi-image-circle-200&#8243;][vc_column_text css=&#8221;&#8221;]<\/p>\n<h4 style=\"text-align: center;\">Unique<\/h4>\n<p>[\/vc_column_text][vc_column_text css=&#8221;&#8221;]<\/p>\n<p style=\"text-align: center;\"><strong>Tout comme votre pharmacie<\/strong><\/p>\n<p>[\/vc_column_text][vc_column_text css=&#8221;&#8221;]<\/p>\n<p style=\"text-align: center;\">Nous concevons et r\u00e9alisons votre RIEDL Phasys, selon vos besoins sp\u00e9cifiques.<\/p>\n<p>[\/vc_column_text][\/vc_column][vc_column width=&#8221;1\/3&#8243;][vc_single_image image=&#8221;153147&#8243; alignment=&#8221;center&#8221; style=&#8221;vc_box_border_circle&#8221; border_color=&#8221;white&#8221; css=&#8221;&#8221; el_class=&#8221;gpi-image-circle-200&#8243;][vc_column_text css=&#8221;&#8221;]<\/p>\n<h4 style=\"text-align: center;\">Rapide<\/h4>\n<p>[\/vc_column_text][vc_column_text css=&#8221;&#8221;]<\/p>\n<p style=\"text-align: center;\"><strong>Parce que votre temps est pr\u00e9cieux<\/strong><\/p>\n<p>[\/vc_column_text][vc_column_text css=&#8221;&#8221;]<\/p>\n<p style=\"text-align: center;\">Des performances exceptionnelles garantissent une dispensation rapide et pr\u00e9cise des m\u00e9dicaments (emballages entiers et partiels), avec une gestion de la charge efficace (automatique et semi-automatique).<\/p>\n<p>[\/vc_column_text][\/vc_column][vc_column width=&#8221;1\/3&#8243;][vc_single_image image=&#8221;153135&#8243; alignment=&#8221;center&#8221; style=&#8221;vc_box_border_circle&#8221; border_color=&#8221;white&#8221; css=&#8221;&#8221; el_class=&#8221;gpi-image-circle-200&#8243;][vc_column_text css=&#8221;&#8221;]<\/p>\n<h4 style=\"text-align: center;\">Fiable<\/h4>\n<p>[\/vc_column_text][vc_column_text css=&#8221;&#8221;]<\/p>\n<p style=\"text-align: center;\"><strong>Il ne se fatigue jamais<\/strong><\/p>\n<p>[\/vc_column_text][vc_column_text css=&#8221;&#8221;]<\/p>\n<p style=\"text-align: center;\">La pr\u00e9cision dans la gestion des emballages garantit une haute continuit\u00e9 de service, \u00e9liminant les inefficacit\u00e9s et les temps d&#8217;arr\u00eat des machines.<\/p>\n<p>[\/vc_column_text][\/vc_column][\/vc_row][vc_row full_width=&#8221;stretch_row&#8221; el_class=&#8221;mb-0 pt-55 bg-purple color-white&#8221; css=&#8221;.vc_custom_1736352277764{margin-bottom: 30px !important;padding-bottom: 30px !important;}&#8221;][vc_column width=&#8221;1\/3&#8243;][vc_single_image image=&#8221;153123&#8243; alignment=&#8221;center&#8221; style=&#8221;vc_box_border_circle&#8221; border_color=&#8221;white&#8221; css=&#8221;&#8221; el_class=&#8221;gpi-image-circle-200&#8243;][vc_column_text css=&#8221;&#8221;]<\/p>\n<h4 style=\"text-align: center;\">\u00c9conomie d&#8217;\u00c9nergie<\/h4>\n<p>[\/vc_column_text][vc_column_text css=&#8221;&#8221;]<\/p>\n<p style=\"text-align: center;\"><strong>Un robot avec une consommation &#8220;domestique&#8221;<\/strong><\/p>\n<p>[\/vc_column_text][vc_column_text css=&#8221;&#8221;]<\/p>\n<p style=\"text-align: center;\">La pince l\u00e9g\u00e8re, la friction r\u00e9duite et la technologie KERS int\u00e9gr\u00e9e rendent le syst\u00e8me RIEDL Phasys extr\u00eamement \u00e9conomique (consomme moins de 0,5 kWh, comme un appareil \u00e9lectrom\u00e9nager ordinaire).<\/p>\n<p>[\/vc_column_text][\/vc_column][vc_column width=&#8221;1\/3&#8243;][vc_single_image image=&#8221;153111&#8243; img_size=&#8221;large&#8221; alignment=&#8221;center&#8221; style=&#8221;vc_box_border_circle&#8221; border_color=&#8221;white&#8221; css=&#8221;&#8221; el_class=&#8221;gpi-image-circle-200&#8243;][vc_column_text css=&#8221;&#8221;]<\/p>\n<h4 style=\"text-align: center;\">Wireless<\/h4>\n<p>[\/vc_column_text][vc_column_text css=&#8221;&#8221;]<\/p>\n<p style=\"text-align: center;\"><strong>Pas de c\u00e2bles = plus de libert\u00e9<\/strong><\/p>\n<p>[\/vc_column_text][vc_column_text css=&#8221;&#8221;]<\/p>\n<p style=\"text-align: center;\">Gr\u00e2ce \u00e0 la connexion de la pince au syst\u00e8me via un r\u00e9seau Wi-Fi d\u00e9di\u00e9, le syst\u00e8me est plus rapide, plus \u00e9conome en \u00e9nergie, plus rapide \u00e0 installer, plus facile \u00e0 utiliser et \u00e0 entretenir.<\/p>\n<p>[\/vc_column_text][\/vc_column][vc_column width=&#8221;1\/3&#8243;][vc_single_image image=&#8221;153075&#8243; alignment=&#8221;center&#8221; style=&#8221;vc_box_border_circle&#8221; border_color=&#8221;white&#8221; css=&#8221;&#8221; el_class=&#8221;gpi-image-circle-200&#8243;][vc_column_text css=&#8221;&#8221;]<\/p>\n<h4 style=\"text-align: center;\">Rond ou carr\u00e9<\/h4>\n<p>[\/vc_column_text][vc_column_text css=&#8221;&#8221;]<\/p>\n<p style=\"text-align: center;\"><strong>Cela ne fait aucune diff\u00e9rence<\/strong><\/p>\n<p>[\/vc_column_text][vc_column_text css=&#8221;&#8221;]<\/p>\n<p style=\"text-align: center;\">Il prend en charge diff\u00e9rentes formes et produits : c&#8217;est vous qui choisissez ce que vous chargez dans votre RIEDL Phasys.<\/p>\n<p>[\/vc_column_text][\/vc_column][\/vc_row][vc_row full_width=&#8221;stretch_row&#8221; css=&#8221;.vc_custom_1736352522122{margin-top: 30px !important;}&#8221; el_class=&#8221;mb-0 pt-55 bg-purple color-white&#8221;][vc_column][vc_column_text css=&#8221;.vc_custom_1735821246164{margin-bottom: 0px !important;}&#8221;]<\/p>\n<h2><span style=\"color: #ffffff;\">Choisissez le syst\u00e8me qui vous convient<\/span><\/h2>\n<p>[\/vc_column_text][\/vc_column][\/vc_row][vc_row full_width=&#8221;stretch_row&#8221; el_class=&#8221;mb-0 pt-55 bg-purple color-white&#8221; css=&#8221;.vc_custom_1730050156690{margin-bottom: 30px !important;padding-bottom: 30px !important;}&#8221;][vc_column width=&#8221;1\/3&#8243;][vc_single_image image=&#8221;157784&#8243; alignment=&#8221;center&#8221; style=&#8221;vc_box_border_circle&#8221; border_color=&#8221;white&#8221; onclick=&#8221;custom_link&#8221; css=&#8221;&#8221; el_class=&#8221;gpi-image-circle-200&#8243; link=&#8221;https:\/\/www.gpigroup.com\/en-uk\/hospital-automation\/&#8221;][vc_column_text css=&#8221;&#8221;]<\/p>\n<p class=\"title-button\" style=\"text-align: center;\"><a class=\"btn call-to-action ml-auto call-to-action purple-bg-white\" href=\"https:\/\/www.gpigroup.com\/fr-na\/entrepot-automatise-de-lhopital\/\" rel=\"noopener noreferrer\">Pharmacie \u00e0 usage int\u00e9rieur<\/a><\/p>\n<p>[\/vc_column_text][\/vc_column][vc_column width=&#8221;1\/3&#8243;][vc_single_image image=&#8221;157772&#8243; img_size=&#8221;large&#8221; alignment=&#8221;center&#8221; style=&#8221;vc_box_border_circle&#8221; border_color=&#8221;white&#8221; onclick=&#8221;custom_link&#8221; css=&#8221;&#8221; el_class=&#8221;gpi-image-circle-200&#8243; link=&#8221;https:\/\/www.gpigroup.com\/en-uk\/community-pharmacy-automation\/&#8221;][vc_column_text css=&#8221;&#8221;]<\/p>\n<p class=\"title-button\" style=\"text-align: center;\"><a class=\"btn call-to-action ml-auto call-to-action purple-bg-white\" href=\"https:\/\/www.gpigroup.com\/fr-na\/automatisation-des-officines-pharmaceutiques\/\" rel=\"noopener noreferrer\">Pharmacie d&#8217;officine<\/a><\/p>\n<p>[\/vc_column_text][\/vc_column][vc_column width=&#8221;1\/3&#8243;][vc_single_image image=&#8221;157760&#8243; alignment=&#8221;center&#8221; style=&#8221;vc_box_border_circle&#8221; border_color=&#8221;white&#8221; onclick=&#8221;custom_link&#8221; css=&#8221;&#8221; el_class=&#8221;gpi-image-circle-200&#8243; link=&#8221;https:\/\/www.gpigroup.com\/en-uk\/wholesalers-and-hubs-automation\/&#8221;][vc_column_text css=&#8221;&#8221;]<\/p>\n<p class=\"title-button\" style=\"text-align: center;\"><a class=\"btn call-to-action ml-auto call-to-action purple-bg-white\" href=\"https:\/\/www.gpigroup.com\/fr-na\/automatisation-pour-grossistes-et-plateformes-logistiques\/\" rel=\"noopener noreferrer\">Grossiste &amp; Plateforme<\/a><\/p>\n<p>[\/vc_column_text][\/vc_column][\/vc_row][vc_row css=&#8221;.vc_custom_1722257953881{margin-top: 30px !important;}&#8221; el_class=&#8221;entice&#8221;][vc_column][vc_column_text css=&#8221;&#8221; el_class=&#8221;entice&#8221;][\/vc_column_text][\/vc_column][\/vc_row]<\/p>\n[vc_row full_width=\"stretch_row\" el_class=\"vision mb-0 gpi-orange-bg\"][vc_column offset=\"vc_col-lg-3 vc_col-xs-12\"][vc_column_text]\n<h4>Contact our sales team<\/h4>[\/vc_column_text][\/vc_column][vc_column width=\"3\/4\" offset=\"vc_col-lg-offset-0 vc_col-sm-offset-3 vc_col-xs-12\"][vc_raw_html]JTVCY29udGFjdC1mb3JtLTclMjBpZCUzRCUyMjY3MTIlMjIlMjB0aXRsZSUzRCUyMkJ1c2luZXNzJTIwbGluZSUyMGZvcm0lMjIlMjBodG1sX2lkJTNEJTIyZ3BpLWNvbnRhY3QtZm9ybSUyMiU1RA==[\/vc_raw_html][\/vc_column][\/vc_row]<\/div>","protected":false},"excerpt":{"rendered":"<p>[vc_row full_width=&#8221;stretch_row&#8221; css=&#8221;.vc_custom_1553766882955{padding-bottom: 30px !important;}&#8221; el_class=&#8221;text-row my-0&#8243;][vc_column][vc_row_inner][vc_column_inner][vc_column_text css=&#8221;&#8221;] Automatisation pour les Pharmacies Gamme de produits et solutions [\/vc_column_text][\/vc_column_inner][\/vc_row_inner][vc_row_inner][vc_column_inner width=&#8221;1\/3&#8243;][vc_column_text][\/vc_column_text][\/vc_column_inner][vc_column_inner width=&#8221;2\/3&#8243;][vc_column_text css=&#8221;&#8221;]La solution compl\u00e8te pour la logistique des m\u00e9dicaments qui r\u00e9duit les erreurs de traitement, optimise les co\u00fbts, modernise le travail des pharmaciens et am\u00e9liore l&#8217;efficacit\u00e9 de la dispensation pharmaceutique. Le Groupe GPI propose des solutions<\/p>\n","protected":false},"author":23,"featured_media":68632,"parent":0,"menu_order":0,"comment_status":"closed","ping_status":"closed","template":"","meta":{"footnotes":""},"class_list":["post-160927","page","type-page","status-publish","has-post-thumbnail","hentry","client_type-sante-privee-clinique-administrative","client_type-sante-privee-clinique-administrative-fr-na","page_category-les-solutions","section-offerta","business_line-automation"],"yoast_head":"<!-- This site is optimized with the Yoast SEO plugin v27.1.1 - https:\/\/yoast.com\/product\/yoast-seo-wordpress\/ -->\n<title>Automatisation pour les Pharmacies | GPI<\/title>\n<meta name=\"description\" content=\"Une solution compl\u00e8te pour la logistique des m\u00e9dicaments qui r\u00e9duit les erreurs de traitement, optimise les co\u00fbts, modernise le flux de travail des pharmaciens et am\u00e9liore l&#039;efficacit\u00e9 dans la distribution pharmaceutique.\" \/>\n<meta name=\"robots\" content=\"index, follow, max-snippet:-1, max-image-preview:large, max-video-preview:-1\" \/>\n<link rel=\"canonical\" href=\"https:\/\/www.gpigroup.com\/fr-na\/automatisation-pour-les-pharmacies\/\" \/>\n<meta property=\"og:locale\" content=\"fr_FR\" \/>\n<meta property=\"og:type\" content=\"article\" \/>\n<meta property=\"og:title\" content=\"Automatisation pour les Pharmacies | GPI\" \/>\n<meta property=\"og:description\" content=\"Une solution compl\u00e8te pour la logistique des m\u00e9dicaments qui r\u00e9duit les erreurs de traitement, optimise les co\u00fbts, modernise le flux de travail des pharmaciens et am\u00e9liore l&#039;efficacit\u00e9 dans la distribution pharmaceutique.\" \/>\n<meta property=\"og:url\" content=\"https:\/\/www.gpigroup.com\/fr-na\/automatisation-pour-les-pharmacies\/\" \/>\n<meta property=\"og:site_name\" content=\"GPI\" \/>\n<meta property=\"article:publisher\" content=\"https:\/\/www.facebook.com\/GruppoGPI\/\" \/>\n<meta property=\"article:modified_time\" content=\"2025-01-17T09:27:46+00:00\" \/>\n<meta property=\"og:image\" content=\"https:\/\/www.gpigroup.com\/app\/uploads\/2019\/04\/og-link-preview-1.png\" \/>\n\t<meta property=\"og:image:width\" content=\"1366\" \/>\n\t<meta property=\"og:image:height\" content=\"768\" \/>\n\t<meta property=\"og:image:type\" content=\"image\/png\" \/>\n<meta name=\"twitter:card\" content=\"summary_large_image\" \/>\n<script type=\"application\/ld+json\" class=\"yoast-schema-graph\">{\"@context\":\"https:\/\/schema.org\",\"@graph\":[{\"@type\":\"WebPage\",\"@id\":\"https:\/\/www.gpigroup.com\/fr-na\/automatisation-pour-les-pharmacies\/\",\"url\":\"https:\/\/www.gpigroup.com\/fr-na\/automatisation-pour-les-pharmacies\/\",\"name\":\"Automatisation pour les Pharmacies | GPI\",\"isPartOf\":{\"@id\":\"https:\/\/www.gpigroup.com\/fr-na\/#website\"},\"primaryImageOfPage\":{\"@id\":\"https:\/\/www.gpigroup.com\/fr-na\/automatisation-pour-les-pharmacies\/#primaryimage\"},\"image\":{\"@id\":\"https:\/\/www.gpigroup.com\/fr-na\/automatisation-pour-les-pharmacies\/#primaryimage\"},\"thumbnailUrl\":\"https:\/\/www.gpigroup.com\/app\/uploads\/2019\/04\/og-link-preview-1.png\",\"datePublished\":\"2024-07-27T06:16:24+00:00\",\"dateModified\":\"2025-01-17T09:27:46+00:00\",\"description\":\"Une solution compl\u00e8te pour la logistique des m\u00e9dicaments qui r\u00e9duit les erreurs de traitement, optimise les co\u00fbts, modernise le flux de travail des pharmaciens et am\u00e9liore l'efficacit\u00e9 dans la distribution pharmaceutique.\",\"breadcrumb\":{\"@id\":\"https:\/\/www.gpigroup.com\/fr-na\/automatisation-pour-les-pharmacies\/#breadcrumb\"},\"inLanguage\":\"fr-NA\",\"potentialAction\":[{\"@type\":\"ReadAction\",\"target\":[\"https:\/\/www.gpigroup.com\/fr-na\/automatisation-pour-les-pharmacies\/\"]}]},{\"@type\":\"ImageObject\",\"inLanguage\":\"fr-NA\",\"@id\":\"https:\/\/www.gpigroup.com\/fr-na\/automatisation-pour-les-pharmacies\/#primaryimage\",\"url\":\"https:\/\/www.gpigroup.com\/app\/uploads\/2019\/04\/og-link-preview-1.png\",\"contentUrl\":\"https:\/\/www.gpigroup.com\/app\/uploads\/2019\/04\/og-link-preview-1.png\",\"width\":1366,\"height\":768},{\"@type\":\"BreadcrumbList\",\"@id\":\"https:\/\/www.gpigroup.com\/fr-na\/automatisation-pour-les-pharmacies\/#breadcrumb\",\"itemListElement\":[{\"@type\":\"ListItem\",\"position\":1,\"name\":\"Home\",\"item\":\"https:\/\/www.gpigroup.com\/fr-na\/\"},{\"@type\":\"ListItem\",\"position\":2,\"name\":\"Automatisation pour les Pharmacies\"}]},{\"@type\":\"WebSite\",\"@id\":\"https:\/\/www.gpigroup.com\/fr-na\/#website\",\"url\":\"https:\/\/www.gpigroup.com\/fr-na\/\",\"name\":\"GPI\",\"description\":\"The Healthcare Partner\",\"publisher\":{\"@id\":\"https:\/\/www.gpigroup.com\/fr-na\/#organization\"},\"potentialAction\":[{\"@type\":\"SearchAction\",\"target\":{\"@type\":\"EntryPoint\",\"urlTemplate\":\"https:\/\/www.gpigroup.com\/fr-na\/?s={search_term_string}\"},\"query-input\":{\"@type\":\"PropertyValueSpecification\",\"valueRequired\":true,\"valueName\":\"search_term_string\"}}],\"inLanguage\":\"fr-NA\"},{\"@type\":\"Organization\",\"@id\":\"https:\/\/www.gpigroup.com\/fr-na\/#organization\",\"name\":\"GPI S.p.A.\",\"url\":\"https:\/\/www.gpigroup.com\/fr-na\/\",\"logo\":{\"@type\":\"ImageObject\",\"inLanguage\":\"fr-NA\",\"@id\":\"https:\/\/www.gpigroup.com\/fr-na\/#\/schema\/logo\/image\/\",\"url\":\"https:\/\/www.gpigroup.com\/app\/uploads\/2023\/03\/logo-GPI-2019-1.jpg\",\"contentUrl\":\"https:\/\/www.gpigroup.com\/app\/uploads\/2023\/03\/logo-GPI-2019-1.jpg\",\"width\":1946,\"height\":1945,\"caption\":\"GPI S.p.A.\"},\"image\":{\"@id\":\"https:\/\/www.gpigroup.com\/fr-na\/#\/schema\/logo\/image\/\"},\"sameAs\":[\"https:\/\/www.facebook.com\/GruppoGPI\/\",\"https:\/\/www.linkedin.com\/company\/gpi-spa\",\"http:\/\/www.youtube.com\/user\/GruppoGPI\"]}]}<\/script>\n<!-- \/ Yoast SEO plugin. -->","yoast_head_json":{"title":"Automatisation pour les Pharmacies | GPI","description":"Une solution compl\u00e8te pour la logistique des m\u00e9dicaments qui r\u00e9duit les erreurs de traitement, optimise les co\u00fbts, modernise le flux de travail des pharmaciens et am\u00e9liore l'efficacit\u00e9 dans la distribution pharmaceutique.","robots":{"index":"index","follow":"follow","max-snippet":"max-snippet:-1","max-image-preview":"max-image-preview:large","max-video-preview":"max-video-preview:-1"},"canonical":"https:\/\/www.gpigroup.com\/fr-na\/automatisation-pour-les-pharmacies\/","og_locale":"fr_FR","og_type":"article","og_title":"Automatisation pour les Pharmacies | GPI","og_description":"Une solution compl\u00e8te pour la logistique des m\u00e9dicaments qui r\u00e9duit les erreurs de traitement, optimise les co\u00fbts, modernise le flux de travail des pharmaciens et am\u00e9liore l'efficacit\u00e9 dans la distribution pharmaceutique.","og_url":"https:\/\/www.gpigroup.com\/fr-na\/automatisation-pour-les-pharmacies\/","og_site_name":"GPI","article_publisher":"https:\/\/www.facebook.com\/GruppoGPI\/","article_modified_time":"2025-01-17T09:27:46+00:00","og_image":[{"width":1366,"height":768,"url":"https:\/\/www.gpigroup.com\/app\/uploads\/2019\/04\/og-link-preview-1.png","type":"image\/png"}],"twitter_card":"summary_large_image","schema":{"@context":"https:\/\/schema.org","@graph":[{"@type":"WebPage","@id":"https:\/\/www.gpigroup.com\/fr-na\/automatisation-pour-les-pharmacies\/","url":"https:\/\/www.gpigroup.com\/fr-na\/automatisation-pour-les-pharmacies\/","name":"Automatisation pour les Pharmacies | GPI","isPartOf":{"@id":"https:\/\/www.gpigroup.com\/fr-na\/#website"},"primaryImageOfPage":{"@id":"https:\/\/www.gpigroup.com\/fr-na\/automatisation-pour-les-pharmacies\/#primaryimage"},"image":{"@id":"https:\/\/www.gpigroup.com\/fr-na\/automatisation-pour-les-pharmacies\/#primaryimage"},"thumbnailUrl":"https:\/\/www.gpigroup.com\/app\/uploads\/2019\/04\/og-link-preview-1.png","datePublished":"2024-07-27T06:16:24+00:00","dateModified":"2025-01-17T09:27:46+00:00","description":"Une solution compl\u00e8te pour la logistique des m\u00e9dicaments qui r\u00e9duit les erreurs de traitement, optimise les co\u00fbts, modernise le flux de travail des pharmaciens et am\u00e9liore l'efficacit\u00e9 dans la distribution pharmaceutique.","breadcrumb":{"@id":"https:\/\/www.gpigroup.com\/fr-na\/automatisation-pour-les-pharmacies\/#breadcrumb"},"inLanguage":"fr-NA","potentialAction":[{"@type":"ReadAction","target":["https:\/\/www.gpigroup.com\/fr-na\/automatisation-pour-les-pharmacies\/"]}]},{"@type":"ImageObject","inLanguage":"fr-NA","@id":"https:\/\/www.gpigroup.com\/fr-na\/automatisation-pour-les-pharmacies\/#primaryimage","url":"https:\/\/www.gpigroup.com\/app\/uploads\/2019\/04\/og-link-preview-1.png","contentUrl":"https:\/\/www.gpigroup.com\/app\/uploads\/2019\/04\/og-link-preview-1.png","width":1366,"height":768},{"@type":"BreadcrumbList","@id":"https:\/\/www.gpigroup.com\/fr-na\/automatisation-pour-les-pharmacies\/#breadcrumb","itemListElement":[{"@type":"ListItem","position":1,"name":"Home","item":"https:\/\/www.gpigroup.com\/fr-na\/"},{"@type":"ListItem","position":2,"name":"Automatisation pour les Pharmacies"}]},{"@type":"WebSite","@id":"https:\/\/www.gpigroup.com\/fr-na\/#website","url":"https:\/\/www.gpigroup.com\/fr-na\/","name":"GPI","description":"The Healthcare Partner","publisher":{"@id":"https:\/\/www.gpigroup.com\/fr-na\/#organization"},"potentialAction":[{"@type":"SearchAction","target":{"@type":"EntryPoint","urlTemplate":"https:\/\/www.gpigroup.com\/fr-na\/?s={search_term_string}"},"query-input":{"@type":"PropertyValueSpecification","valueRequired":true,"valueName":"search_term_string"}}],"inLanguage":"fr-NA"},{"@type":"Organization","@id":"https:\/\/www.gpigroup.com\/fr-na\/#organization","name":"GPI S.p.A.","url":"https:\/\/www.gpigroup.com\/fr-na\/","logo":{"@type":"ImageObject","inLanguage":"fr-NA","@id":"https:\/\/www.gpigroup.com\/fr-na\/#\/schema\/logo\/image\/","url":"https:\/\/www.gpigroup.com\/app\/uploads\/2023\/03\/logo-GPI-2019-1.jpg","contentUrl":"https:\/\/www.gpigroup.com\/app\/uploads\/2023\/03\/logo-GPI-2019-1.jpg","width":1946,"height":1945,"caption":"GPI S.p.A."},"image":{"@id":"https:\/\/www.gpigroup.com\/fr-na\/#\/schema\/logo\/image\/"},"sameAs":["https:\/\/www.facebook.com\/GruppoGPI\/","https:\/\/www.linkedin.com\/company\/gpi-spa","http:\/\/www.youtube.com\/user\/GruppoGPI"]}]}},"_links":{"self":[{"href":"https:\/\/www.gpigroup.com\/fr-na\/wp-json\/wp\/v2\/pages\/160927","targetHints":{"allow":["GET"]}}],"collection":[{"href":"https:\/\/www.gpigroup.com\/fr-na\/wp-json\/wp\/v2\/pages"}],"about":[{"href":"https:\/\/www.gpigroup.com\/fr-na\/wp-json\/wp\/v2\/types\/page"}],"author":[{"embeddable":true,"href":"https:\/\/www.gpigroup.com\/fr-na\/wp-json\/wp\/v2\/users\/23"}],"replies":[{"embeddable":true,"href":"https:\/\/www.gpigroup.com\/fr-na\/wp-json\/wp\/v2\/comments?post=160927"}],"version-history":[{"count":22,"href":"https:\/\/www.gpigroup.com\/fr-na\/wp-json\/wp\/v2\/pages\/160927\/revisions"}],"predecessor-version":[{"id":163224,"href":"https:\/\/www.gpigroup.com\/fr-na\/wp-json\/wp\/v2\/pages\/160927\/revisions\/163224"}],"wp:featuredmedia":[{"embeddable":true,"href":"https:\/\/www.gpigroup.com\/fr-na\/wp-json\/wp\/v2\/media\/68632"}],"wp:attachment":[{"href":"https:\/\/www.gpigroup.com\/fr-na\/wp-json\/wp\/v2\/media?parent=160927"}],"curies":[{"name":"wp","href":"https:\/\/api.w.org\/{rel}","templated":true}]}}