{"id":157273,"date":"2024-09-20T17:27:16","date_gmt":"2024-09-20T15:27:16","guid":{"rendered":"https:\/\/www.gpigroup.com\/?page_id=157273"},"modified":"2024-10-24T10:26:31","modified_gmt":"2024-10-24T08:26:31","slug":"gpi4med-telemed-24","status":"publish","type":"page","link":"https:\/\/www.gpigroup.com\/fr-na\/gpi4med-telemed-24\/","title":{"rendered":"Gpi4Med.TELEMED"},"content":{"rendered":"<div class=\"wpb-content-wrapper\"><p>[vc_row full_width=&#8221;stretch_row&#8221; el_class=&#8221;text-row my-0&#8243;][vc_column][vc_row_inner][vc_column_inner][vc_column_text css=&#8221;&#8221;]<\/p>\n<div class=\"row asa-title\">\n<div class=\"col-12 col-md-6\">\n<img loading=\"lazy\" decoding=\"async\" width=\"1024\" height=\"576\" src=\"https:\/\/www.gpigroup.com\/app\/uploads\/2019\/05\/asa_software.jpg\" class=\"asa-image asa-image-mobile rounded-circle d-md-none d-inline\" alt=\"GPI Software\" srcset=\"https:\/\/www.gpigroup.com\/app\/uploads\/2019\/05\/asa_software.jpg 1024w, https:\/\/www.gpigroup.com\/app\/uploads\/2019\/05\/asa_software-300x169.jpg 300w, https:\/\/www.gpigroup.com\/app\/uploads\/2019\/05\/asa_software-768x432.jpg 768w\" sizes=\"auto, (max-width: 1024px) 100vw, 1024px\" \/>\n<div class=\"gpi_signature_title_tech\">\n<h1>Gpi4Med.TELEMED<\/h1>\n<\/div>\n<\/div>\n<div class=\"col-12 col-md-6\">\n<div class=\"asa-symbol\"><img loading=\"lazy\" decoding=\"async\" class=\"alignnone size-medium wp-image-3055\" role=\"img\" src=\"https:\/\/www.gpigroup.com\/app\/uploads\/\/2019\/03\/Software-1.svg\" alt=\"\" width=\"24\" height=\"24\" \/>\u00a0SOFTWARE<\/div>\n<\/div>\n<\/div>\n<p>[\/vc_column_text][\/vc_column_inner][\/vc_row_inner][vc_row_inner el_class=&#8221;bl-body&#8221;][vc_column_inner width=&#8221;1\/3&#8243;][vc_column_text]<img loading=\"lazy\" decoding=\"async\" width=\"1024\" height=\"576\" src=\"https:\/\/www.gpigroup.com\/app\/uploads\/2019\/05\/asa_software.jpg\" class=\"asa-image rounded-circle d-md-inline d-none\" alt=\"GPI Software\" srcset=\"https:\/\/www.gpigroup.com\/app\/uploads\/2019\/05\/asa_software.jpg 1024w, https:\/\/www.gpigroup.com\/app\/uploads\/2019\/05\/asa_software-300x169.jpg 300w, https:\/\/www.gpigroup.com\/app\/uploads\/2019\/05\/asa_software-768x432.jpg 768w\" sizes=\"auto, (max-width: 1024px) 100vw, 1024px\" \/>[\/vc_column_text][\/vc_column_inner][vc_column_inner width=&#8221;2\/3&#8243;][vc_column_text css=&#8221;&#8221; el_class=&#8221;entice&#8221;]<span style=\"font-weight: 400;\">Gpi4Med.TELEMED est une suite de produits logiciels et mat\u00e9riels pour la t\u00e9l\u00e9m\u00e9decine, la t\u00e9l\u00e9surveillance et la t\u00e9l\u00e9assistance, y compris la d\u00e9tection \u00e0 distance des signes vitaux.<\/span>[\/vc_column_text][\/vc_column_inner][\/vc_row_inner][vc_row_inner][vc_column_inner width=&#8221;1\/3&#8243;][\/vc_column_inner][vc_column_inner width=&#8221;2\/3&#8243;][vc_column_text css=&#8221;&#8221;]Cette ligne de produits verticale de la suite Gpi4Med comprend:<\/p>\n<ul>\n<li><strong>POHEMA<\/strong> est une solution compl\u00e8te et modulaire pour les soins num\u00e9riques qui peut s&#8217;int\u00e9grer aux syst\u00e8mes d&#8217;information hospitaliers et r\u00e9gionaux, aux solutions de dossiers m\u00e9dicaux des m\u00e9decins g\u00e9n\u00e9ralistes et \u00e0 une vari\u00e9t\u00e9 de dispositifs de surveillance. Un syst\u00e8me modulaire de BPC (Business Package Capabilities) qui s&#8217;adapte aux sc\u00e9narios d&#8217;un avenir en constante \u00e9volution, capable d&#8217;orchestrer et de r\u00e9aliser une nouvelle exp\u00e9rience num\u00e9rique, pour le patient et le personnel de sant\u00e9.<span style=\"text-decoration: underline;\">Principales caract\u00e9ristiques :<\/span><\/li>\n<\/ul>\n<ul>\n<li style=\"list-style-type: none;\">\n<ul>\n<li>Gestion du recrutement et de la programmation des patients<\/li>\n<li>G\u00e9rer les phases d&#8217;\u00e9volution de la population<\/li>\n<li>Acquisition et envoi de donn\u00e9es et d&#8217;informations vitales \u00e0 un centre de services<\/li>\n<li>\u00c9tablir des interfaces bidirectionnelles avec les parties prenantes concern\u00e9es<\/li>\n<li>Traiter les informations pour mettre en \u00e9vidence et signaler toute anomalie<\/li>\n<li>T\u00e9l\u00e9charger les donn\u00e9es acquises par les biocapteurs mobiles.<\/li>\n<li>S&#8217;assurer que la dimension plateforme ouverte est conforme aux derni\u00e8res normes internationales (IHE\/HL7\/FHIR).<\/li>\n<\/ul>\n<\/li>\n<\/ul>\n<ul>\n<li><strong>T1 Heart Monitor<\/strong> (en partenariat avec Umana) est un mat\u00e9riel ultrafin dot\u00e9 d&#8217;un logiciel avanc\u00e9 pour assurer la mesure, la transmission et l&#8217;analyse de l&#8217;activit\u00e9 cardiaque et d&#8217;autres signes vitaux, aliment\u00e9 par des plateformes d&#8217;IA et de ML.<span style=\"text-decoration: underline;\">Principales caract\u00e9ristiques:<\/span><\/li>\n<\/ul>\n<ul>\n<li style=\"list-style-type: none;\">\n<ul>\n<li>ECG de qualit\u00e9 clinique<\/li>\n<li>Suivi de la fr\u00e9quence cardiaque<\/li>\n<li>Systolique, diastolique et MAP<\/li>\n<li>Suivi de la fr\u00e9quence respiratoire<\/li>\n<li>Alertes configurables bas\u00e9es sur les donn\u00e9es en temps r\u00e9el<span style=\"text-decoration: underline;\">Types d&#8217;utilisation:<\/span><\/li>\n<\/ul>\n<\/li>\n<\/ul>\n<ul>\n<li style=\"list-style-type: none;\">\n<ul>\n<li>Mode de surveillance en direct: La solution id\u00e9ale pour la surveillance continue en temps r\u00e9el des signaux ECG et d&#8217;autres signes importants, tels que la fr\u00e9quence cardiaque, la fr\u00e9quence respiratoire et la pression art\u00e9rielle. Gr\u00e2ce au syst\u00e8me d&#8217;alerte en direct et au tableau de bord en ligne, les professionnels de sant\u00e9 peuvent imm\u00e9diatement prendre les mesures n\u00e9cessaires.<\/li>\n<li>Mode Holter: La solution id\u00e9ale pour les enregistrements ECG jusqu&#8217;\u00e0 24 heures. Il n&#8217;est pas n\u00e9cessaire d&#8217;avoir un t\u00e9l\u00e9phone \u00e0 proximit\u00e9, car les donn\u00e9es ECG sont stock\u00e9es localement sur le moniteur cardiaque T1. Les donn\u00e9es enregistr\u00e9es sont t\u00e9l\u00e9charg\u00e9es au format EDF standard et les analyses et rapports de donn\u00e9es sont g\u00e9n\u00e9r\u00e9s \u00e0 l&#8217;aide de l&#8217;analyseur de donn\u00e9es EDF, accessible via un tableau de bord en ligne.<\/li>\n<\/ul>\n<\/li>\n<\/ul>\n<p>T1 Heart Monitor est un dispositif m\u00e9dical de haute pr\u00e9cision de classe IIa pour la t\u00e9l\u00e9surveillance de l&#8217;ECG, de la fr\u00e9quence cardiaque, de la fr\u00e9quence respiratoire et de la pression art\u00e9rielle. Il associe un capteur ultrafin \u00e0 un transmetteur qui alimente le tableau de bord en temps r\u00e9el.<\/p>\n<ul>\n<li><strong>c-med\u00b0 alpha<\/strong> (en partenariat avec cosinuss\u00b0) est un capteur intra-auriculaire multiparam\u00e9trique portable qui permet la surveillance continue de trois signes vitaux importants, tels que la temp\u00e9rature corporelle centrale, la fr\u00e9quence cardiaque et la saturation en oxyg\u00e8ne du sang (SpO2). Il est consid\u00e9r\u00e9 comme une combinaison de deux appareils de mesure m\u00e9dicale fr\u00e9quemment utilis\u00e9s: le thermom\u00e8tre et l&#8217;oxym\u00e8tre de pouls.<span style=\"text-decoration: underline;\">Caract\u00e9ristiques principales:<\/span><\/li>\n<\/ul>\n<ul>\n<li style=\"list-style-type: none;\">\n<ul>\n<li>Acquisition des signes vitaux<\/li>\n<li>Flux de donn\u00e9es continu<\/li>\n<li>Facilit\u00e9 d&#8217;int\u00e9gration<\/li>\n<li>Capacit\u00e9s de mise \u00e0 jour<\/li>\n<li>Petit et l\u00e9ger<\/li>\n<\/ul>\n<\/li>\n<\/ul>\n<p>Le c-med\u00b0 alpha est un capteur intra-auriculaire multiparam\u00e9trique de classe IIa de cosinuss\u00b0 qui fournit des donn\u00e9es continues de temp\u00e9rature corporelle, de saturation en oxyg\u00e8ne, de fr\u00e9quence cardiaque.[\/vc_column_text][\/vc_column_inner][\/vc_row_inner][\/vc_column][\/vc_row][vc_row][vc_column width=&#8221;1\/3&#8243;][vc_column_text css=&#8221;&#8221; el_class=&#8221;entice&#8221;]<\/p>\n<div class=\"gpi_signature_title_tech\">Gpi4Med<\/div>\n<p>[\/vc_column_text][\/vc_column][vc_column width=&#8221;2\/3&#8243;][vc_column_text css=&#8221;&#8221;]<span style=\"text-decoration: underline;\">Approche globale en Sant\u00e9 Num\u00e9rique:<\/span><br \/>\nGpi4Med est une suite compl\u00e8te de Gpi, un groupe mondial avec 35 ans d&#8217;exp\u00e9rience en Sant\u00e9 Num\u00e9rique, qui facilite la voie vers la transformation technologique et des soins de sant\u00e9 durables.<br \/>\nToutes les solutions verticales sont multilingues et install\u00e9es dans plus de 70 pays \u00e0 travers le monde. Gr\u00e2ce \u00e0 nos bureaux locaux, partenaires et \u00e9quipes de support bas\u00e9es mondialement, nous nous effor\u00e7ons d&#8217;enrichir l&#8217;expertise et la maturit\u00e9 de nos clients dans leurs secteurs respectifs.<\/p>\n<p><span style=\"text-decoration: underline;\">Proposition de Valeur Unique:<\/span><\/p>\n<ul>\n<li>SUPPORT complet aux domaines m\u00e9dicaux, chirurgicaux, cliniques et diagnostiques<\/li>\n<li>Interface WEB pour faciliter les processus de d\u00e9ploiement, de support et de maintenance<\/li>\n<li>CO-CON\u00c7U avec des experts du secteur pour r\u00e9pondre \u00e0 leurs besoins sp\u00e9cifiques<\/li>\n<li>S\u2019INT\u00c8GRE avec une vari\u00e9t\u00e9 de dispositifs biom\u00e9dicaux et de logiciels tiers<\/li>\n<li>CERTIFI\u00c9\/APPROUV\u00c9 en tant que dispositif m\u00e9dical logiciel (MDR, CE, FDA, SFDA, entre autres)<\/li>\n<li>ENRICHIE avec des fonctionnalit\u00e9s innovantes et des algorithmes avanc\u00e9s bas\u00e9s sur l&#8217;IA<\/li>\n<\/ul>\n<p><span style=\"text-decoration: underline;\">Mission:<\/span><br \/>\nGr\u00e2ce \u00e0 Gpi4Med, le Groupe Gpi est pr\u00eat \u00e0 diriger la transformation technologique et durable des processus de pr\u00e9vention, de soins et de traitement de la sant\u00e9 et du bien-\u00eatre des personnes.<\/p>\n<p><span style=\"text-decoration: underline;\">Vision:<\/span><br \/>\n\u00c0 travers Gpi4Med, le Groupe Gpi vise \u00e0 fournir des connaissances et des comp\u00e9tences pour am\u00e9liorer les processus de pr\u00e9vention, d&#8217;assistance et de traitement gr\u00e2ce \u00e0 des logiciels, des services et des technologies pour permettre et responsabiliser les professionnels de sant\u00e9 et les patients.<\/p>\n<p><span style=\"text-decoration: underline;\">Quantifier Nos Succ\u00e8s:<\/span><\/p>\n<ul>\n<li>Plus de 9 000 clients dans plus de 70 pays<\/li>\n<li>Plus de 8 000 employ\u00e9s op\u00e9rant dans plus de 17 pays \u00e0 travers le monde<\/li>\n<li>N\u00b01 en IT Sant\u00e9 en Italie, parmi les leaders en Europe<\/li>\n<li>N\u00b01 en Italie pour l&#8217;acc\u00e8s multicanal aux traitements<\/li>\n<li>Un objectif final: am\u00e9liorer la qualit\u00e9 de vie des personnes<\/li>\n<\/ul>\n<p>[\/vc_column_text][\/vc_column][\/vc_row]<\/p>\n[vc_row full_width=\"stretch_row\" el_class=\"vision mb-0 gpi-orange-bg\"][vc_column offset=\"vc_col-lg-3 vc_col-xs-12\"][vc_column_text]\n<h4>Contact our sales team<\/h4>[\/vc_column_text][\/vc_column][vc_column width=\"3\/4\" offset=\"vc_col-lg-offset-0 vc_col-sm-offset-3 vc_col-xs-12\"][vc_raw_html]JTVCY29udGFjdC1mb3JtLTclMjBpZCUzRCUyMjY3MTIlMjIlMjB0aXRsZSUzRCUyMkJ1c2luZXNzJTIwbGluZSUyMGZvcm0lMjIlMjBodG1sX2lkJTNEJTIyZ3BpLWNvbnRhY3QtZm9ybSUyMiU1RA==[\/vc_raw_html][\/vc_column][\/vc_row]<\/div>","protected":false},"excerpt":{"rendered":"<p>[vc_row full_width=&#8221;stretch_row&#8221; el_class=&#8221;text-row my-0&#8243;][vc_column][vc_row_inner][vc_column_inner][vc_column_text css=&#8221;&#8221;] Gpi4Med.TELEMED \u00a0SOFTWARE [\/vc_column_text][\/vc_column_inner][\/vc_row_inner][vc_row_inner el_class=&#8221;bl-body&#8221;][vc_column_inner width=&#8221;1\/3&#8243;][vc_column_text][\/vc_column_text][\/vc_column_inner][vc_column_inner width=&#8221;2\/3&#8243;][vc_column_text css=&#8221;&#8221; el_class=&#8221;entice&#8221;]Gpi4Med.TELEMED est une suite de produits logiciels et mat\u00e9riels pour la t\u00e9l\u00e9m\u00e9decine, la t\u00e9l\u00e9surveillance et la t\u00e9l\u00e9assistance, y compris la d\u00e9tection \u00e0 distance des signes vitaux.[\/vc_column_text][\/vc_column_inner][\/vc_row_inner][vc_row_inner][vc_column_inner width=&#8221;1\/3&#8243;][\/vc_column_inner][vc_column_inner width=&#8221;2\/3&#8243;][vc_column_text css=&#8221;&#8221;]Cette ligne de produits verticale de la suite Gpi4Med comprend: POHEMA est une solution compl\u00e8te<\/p>\n","protected":false},"author":7,"featured_media":5153,"parent":0,"menu_order":0,"comment_status":"closed","ping_status":"closed","template":"","meta":{"footnotes":""},"class_list":["post-157273","page","type-page","status-publish","has-post-thumbnail","hentry","client_type-sante-privee-clinique-administrative","client_type-sante-privee-clinique-administrative-fr-na","page_category-gamme-de-produits-fr-na","page_category-les-solutions","section-offerta","business_line-software"],"yoast_head":"<!-- This site is optimized with the Yoast SEO plugin v27.1.1 - https:\/\/yoast.com\/product\/yoast-seo-wordpress\/ -->\n<title>Gpi4Med.TELEMED<\/title>\n<meta name=\"description\" content=\"Gpi4Med.TELEMED est une suite de produits logiciels et mat\u00e9riels pour la t\u00e9l\u00e9m\u00e9decine, la t\u00e9l\u00e9surveillance et la t\u00e9l\u00e9assistance, y compris la d\u00e9tection \u00e0 distance des signes vitaux.\" \/>\n<meta name=\"robots\" content=\"index, follow, max-snippet:-1, max-image-preview:large, max-video-preview:-1\" \/>\n<link rel=\"canonical\" href=\"https:\/\/www.gpigroup.com\/fr-na\/gpi4med-telemed-24\/\" \/>\n<meta property=\"og:locale\" content=\"fr_FR\" \/>\n<meta property=\"og:type\" content=\"article\" \/>\n<meta property=\"og:title\" content=\"Gpi4Med.TELEMED\" \/>\n<meta property=\"og:description\" content=\"Gpi4Med.TELEMED est une suite de produits logiciels et mat\u00e9riels pour la t\u00e9l\u00e9m\u00e9decine, la t\u00e9l\u00e9surveillance et la t\u00e9l\u00e9assistance, y compris la d\u00e9tection \u00e0 distance des signes vitaux.\" \/>\n<meta property=\"og:url\" content=\"https:\/\/www.gpigroup.com\/fr-na\/gpi4med-telemed-24\/\" \/>\n<meta property=\"og:site_name\" content=\"GPI\" \/>\n<meta property=\"article:publisher\" content=\"https:\/\/www.facebook.com\/GruppoGPI\/\" \/>\n<meta property=\"article:modified_time\" content=\"2024-10-24T08:26:31+00:00\" \/>\n<meta property=\"og:image\" content=\"https:\/\/www.gpigroup.com\/app\/uploads\/2019\/04\/og-link-preview-1.png\" \/>\n\t<meta property=\"og:image:width\" content=\"1366\" \/>\n\t<meta property=\"og:image:height\" content=\"768\" \/>\n\t<meta property=\"og:image:type\" content=\"image\/png\" \/>\n<meta name=\"twitter:card\" content=\"summary_large_image\" \/>\n<meta name=\"twitter:label1\" content=\"Est. reading time\" \/>\n\t<meta name=\"twitter:data1\" content=\"5 minutes\" \/>\n<script type=\"application\/ld+json\" class=\"yoast-schema-graph\">{\"@context\":\"https:\/\/schema.org\",\"@graph\":[{\"@type\":\"WebPage\",\"@id\":\"https:\/\/www.gpigroup.com\/fr-na\/gpi4med-telemed-24\/\",\"url\":\"https:\/\/www.gpigroup.com\/fr-na\/gpi4med-telemed-24\/\",\"name\":\"Gpi4Med.TELEMED\",\"isPartOf\":{\"@id\":\"https:\/\/www.gpigroup.com\/fr-na\/#website\"},\"primaryImageOfPage\":{\"@id\":\"https:\/\/www.gpigroup.com\/fr-na\/gpi4med-telemed-24\/#primaryimage\"},\"image\":{\"@id\":\"https:\/\/www.gpigroup.com\/fr-na\/gpi4med-telemed-24\/#primaryimage\"},\"thumbnailUrl\":\"https:\/\/www.gpigroup.com\/app\/uploads\/2019\/04\/og-link-preview-1.png\",\"datePublished\":\"2024-09-20T15:27:16+00:00\",\"dateModified\":\"2024-10-24T08:26:31+00:00\",\"description\":\"Gpi4Med.TELEMED est une suite de produits logiciels et mat\u00e9riels pour la t\u00e9l\u00e9m\u00e9decine, la t\u00e9l\u00e9surveillance et la t\u00e9l\u00e9assistance, y compris la d\u00e9tection \u00e0 distance des signes vitaux.\",\"breadcrumb\":{\"@id\":\"https:\/\/www.gpigroup.com\/fr-na\/gpi4med-telemed-24\/#breadcrumb\"},\"inLanguage\":\"fr-NA\",\"potentialAction\":[{\"@type\":\"ReadAction\",\"target\":[\"https:\/\/www.gpigroup.com\/fr-na\/gpi4med-telemed-24\/\"]}]},{\"@type\":\"ImageObject\",\"inLanguage\":\"fr-NA\",\"@id\":\"https:\/\/www.gpigroup.com\/fr-na\/gpi4med-telemed-24\/#primaryimage\",\"url\":\"https:\/\/www.gpigroup.com\/app\/uploads\/2019\/04\/og-link-preview-1.png\",\"contentUrl\":\"https:\/\/www.gpigroup.com\/app\/uploads\/2019\/04\/og-link-preview-1.png\",\"width\":1366,\"height\":768,\"caption\":\"GPI link preview\"},{\"@type\":\"BreadcrumbList\",\"@id\":\"https:\/\/www.gpigroup.com\/fr-na\/gpi4med-telemed-24\/#breadcrumb\",\"itemListElement\":[{\"@type\":\"ListItem\",\"position\":1,\"name\":\"Home\",\"item\":\"https:\/\/www.gpigroup.com\/fr-na\/\"},{\"@type\":\"ListItem\",\"position\":2,\"name\":\"Gpi4Med.TELEMED\"}]},{\"@type\":\"WebSite\",\"@id\":\"https:\/\/www.gpigroup.com\/fr-na\/#website\",\"url\":\"https:\/\/www.gpigroup.com\/fr-na\/\",\"name\":\"GPI\",\"description\":\"The Healthcare Partner\",\"publisher\":{\"@id\":\"https:\/\/www.gpigroup.com\/fr-na\/#organization\"},\"potentialAction\":[{\"@type\":\"SearchAction\",\"target\":{\"@type\":\"EntryPoint\",\"urlTemplate\":\"https:\/\/www.gpigroup.com\/fr-na\/?s={search_term_string}\"},\"query-input\":{\"@type\":\"PropertyValueSpecification\",\"valueRequired\":true,\"valueName\":\"search_term_string\"}}],\"inLanguage\":\"fr-NA\"},{\"@type\":\"Organization\",\"@id\":\"https:\/\/www.gpigroup.com\/fr-na\/#organization\",\"name\":\"GPI S.p.A.\",\"url\":\"https:\/\/www.gpigroup.com\/fr-na\/\",\"logo\":{\"@type\":\"ImageObject\",\"inLanguage\":\"fr-NA\",\"@id\":\"https:\/\/www.gpigroup.com\/fr-na\/#\/schema\/logo\/image\/\",\"url\":\"https:\/\/www.gpigroup.com\/app\/uploads\/2023\/03\/logo-GPI-2019-1.jpg\",\"contentUrl\":\"https:\/\/www.gpigroup.com\/app\/uploads\/2023\/03\/logo-GPI-2019-1.jpg\",\"width\":1946,\"height\":1945,\"caption\":\"GPI S.p.A.\"},\"image\":{\"@id\":\"https:\/\/www.gpigroup.com\/fr-na\/#\/schema\/logo\/image\/\"},\"sameAs\":[\"https:\/\/www.facebook.com\/GruppoGPI\/\",\"https:\/\/www.linkedin.com\/company\/gpi-spa\",\"http:\/\/www.youtube.com\/user\/GruppoGPI\"]}]}<\/script>\n<!-- \/ Yoast SEO plugin. -->","yoast_head_json":{"title":"Gpi4Med.TELEMED","description":"Gpi4Med.TELEMED est une suite de produits logiciels et mat\u00e9riels pour la t\u00e9l\u00e9m\u00e9decine, la t\u00e9l\u00e9surveillance et la t\u00e9l\u00e9assistance, y compris la d\u00e9tection \u00e0 distance des signes vitaux.","robots":{"index":"index","follow":"follow","max-snippet":"max-snippet:-1","max-image-preview":"max-image-preview:large","max-video-preview":"max-video-preview:-1"},"canonical":"https:\/\/www.gpigroup.com\/fr-na\/gpi4med-telemed-24\/","og_locale":"fr_FR","og_type":"article","og_title":"Gpi4Med.TELEMED","og_description":"Gpi4Med.TELEMED est une suite de produits logiciels et mat\u00e9riels pour la t\u00e9l\u00e9m\u00e9decine, la t\u00e9l\u00e9surveillance et la t\u00e9l\u00e9assistance, y compris la d\u00e9tection \u00e0 distance des signes vitaux.","og_url":"https:\/\/www.gpigroup.com\/fr-na\/gpi4med-telemed-24\/","og_site_name":"GPI","article_publisher":"https:\/\/www.facebook.com\/GruppoGPI\/","article_modified_time":"2024-10-24T08:26:31+00:00","og_image":[{"width":1366,"height":768,"url":"https:\/\/www.gpigroup.com\/app\/uploads\/2019\/04\/og-link-preview-1.png","type":"image\/png"}],"twitter_card":"summary_large_image","twitter_misc":{"Est. reading time":"5 minutes"},"schema":{"@context":"https:\/\/schema.org","@graph":[{"@type":"WebPage","@id":"https:\/\/www.gpigroup.com\/fr-na\/gpi4med-telemed-24\/","url":"https:\/\/www.gpigroup.com\/fr-na\/gpi4med-telemed-24\/","name":"Gpi4Med.TELEMED","isPartOf":{"@id":"https:\/\/www.gpigroup.com\/fr-na\/#website"},"primaryImageOfPage":{"@id":"https:\/\/www.gpigroup.com\/fr-na\/gpi4med-telemed-24\/#primaryimage"},"image":{"@id":"https:\/\/www.gpigroup.com\/fr-na\/gpi4med-telemed-24\/#primaryimage"},"thumbnailUrl":"https:\/\/www.gpigroup.com\/app\/uploads\/2019\/04\/og-link-preview-1.png","datePublished":"2024-09-20T15:27:16+00:00","dateModified":"2024-10-24T08:26:31+00:00","description":"Gpi4Med.TELEMED est une suite de produits logiciels et mat\u00e9riels pour la t\u00e9l\u00e9m\u00e9decine, la t\u00e9l\u00e9surveillance et la t\u00e9l\u00e9assistance, y compris la d\u00e9tection \u00e0 distance des signes vitaux.","breadcrumb":{"@id":"https:\/\/www.gpigroup.com\/fr-na\/gpi4med-telemed-24\/#breadcrumb"},"inLanguage":"fr-NA","potentialAction":[{"@type":"ReadAction","target":["https:\/\/www.gpigroup.com\/fr-na\/gpi4med-telemed-24\/"]}]},{"@type":"ImageObject","inLanguage":"fr-NA","@id":"https:\/\/www.gpigroup.com\/fr-na\/gpi4med-telemed-24\/#primaryimage","url":"https:\/\/www.gpigroup.com\/app\/uploads\/2019\/04\/og-link-preview-1.png","contentUrl":"https:\/\/www.gpigroup.com\/app\/uploads\/2019\/04\/og-link-preview-1.png","width":1366,"height":768,"caption":"GPI link preview"},{"@type":"BreadcrumbList","@id":"https:\/\/www.gpigroup.com\/fr-na\/gpi4med-telemed-24\/#breadcrumb","itemListElement":[{"@type":"ListItem","position":1,"name":"Home","item":"https:\/\/www.gpigroup.com\/fr-na\/"},{"@type":"ListItem","position":2,"name":"Gpi4Med.TELEMED"}]},{"@type":"WebSite","@id":"https:\/\/www.gpigroup.com\/fr-na\/#website","url":"https:\/\/www.gpigroup.com\/fr-na\/","name":"GPI","description":"The Healthcare Partner","publisher":{"@id":"https:\/\/www.gpigroup.com\/fr-na\/#organization"},"potentialAction":[{"@type":"SearchAction","target":{"@type":"EntryPoint","urlTemplate":"https:\/\/www.gpigroup.com\/fr-na\/?s={search_term_string}"},"query-input":{"@type":"PropertyValueSpecification","valueRequired":true,"valueName":"search_term_string"}}],"inLanguage":"fr-NA"},{"@type":"Organization","@id":"https:\/\/www.gpigroup.com\/fr-na\/#organization","name":"GPI S.p.A.","url":"https:\/\/www.gpigroup.com\/fr-na\/","logo":{"@type":"ImageObject","inLanguage":"fr-NA","@id":"https:\/\/www.gpigroup.com\/fr-na\/#\/schema\/logo\/image\/","url":"https:\/\/www.gpigroup.com\/app\/uploads\/2023\/03\/logo-GPI-2019-1.jpg","contentUrl":"https:\/\/www.gpigroup.com\/app\/uploads\/2023\/03\/logo-GPI-2019-1.jpg","width":1946,"height":1945,"caption":"GPI S.p.A."},"image":{"@id":"https:\/\/www.gpigroup.com\/fr-na\/#\/schema\/logo\/image\/"},"sameAs":["https:\/\/www.facebook.com\/GruppoGPI\/","https:\/\/www.linkedin.com\/company\/gpi-spa","http:\/\/www.youtube.com\/user\/GruppoGPI"]}]}},"_links":{"self":[{"href":"https:\/\/www.gpigroup.com\/fr-na\/wp-json\/wp\/v2\/pages\/157273","targetHints":{"allow":["GET"]}}],"collection":[{"href":"https:\/\/www.gpigroup.com\/fr-na\/wp-json\/wp\/v2\/pages"}],"about":[{"href":"https:\/\/www.gpigroup.com\/fr-na\/wp-json\/wp\/v2\/types\/page"}],"author":[{"embeddable":true,"href":"https:\/\/www.gpigroup.com\/fr-na\/wp-json\/wp\/v2\/users\/7"}],"replies":[{"embeddable":true,"href":"https:\/\/www.gpigroup.com\/fr-na\/wp-json\/wp\/v2\/comments?post=157273"}],"version-history":[{"count":1,"href":"https:\/\/www.gpigroup.com\/fr-na\/wp-json\/wp\/v2\/pages\/157273\/revisions"}],"predecessor-version":[{"id":157274,"href":"https:\/\/www.gpigroup.com\/fr-na\/wp-json\/wp\/v2\/pages\/157273\/revisions\/157274"}],"wp:featuredmedia":[{"embeddable":true,"href":"https:\/\/www.gpigroup.com\/fr-na\/wp-json\/wp\/v2\/media\/5153"}],"wp:attachment":[{"href":"https:\/\/www.gpigroup.com\/fr-na\/wp-json\/wp\/v2\/media?parent=157273"}],"curies":[{"name":"wp","href":"https:\/\/api.w.org\/{rel}","templated":true}]}}