{"id":157261,"date":"2024-09-20T17:23:19","date_gmt":"2024-09-20T15:23:19","guid":{"rendered":"https:\/\/www.gpigroup.com\/?page_id=157261"},"modified":"2024-10-24T10:24:02","modified_gmt":"2024-10-24T08:24:02","slug":"gpi4med-criticalcare-24","status":"publish","type":"page","link":"https:\/\/www.gpigroup.com\/fr-na\/gpi4med-criticalcare-24\/","title":{"rendered":"Gpi4Med.CRITICALCARE"},"content":{"rendered":"<div class=\"wpb-content-wrapper\"><p>[vc_row full_width=&#8221;stretch_row&#8221; el_class=&#8221;text-row my-0&#8243;][vc_column][vc_row_inner][vc_column_inner][vc_column_text]<\/p>\n<div class=\"row asa-title\">\n<div class=\"col-12 col-md-6\">\n<img loading=\"lazy\" decoding=\"async\" width=\"1024\" height=\"576\" src=\"https:\/\/www.gpigroup.com\/app\/uploads\/2019\/05\/asa_software.jpg\" class=\"asa-image asa-image-mobile rounded-circle d-md-none d-inline\" alt=\"GPI Software\" srcset=\"https:\/\/www.gpigroup.com\/app\/uploads\/2019\/05\/asa_software.jpg 1024w, https:\/\/www.gpigroup.com\/app\/uploads\/2019\/05\/asa_software-300x169.jpg 300w, https:\/\/www.gpigroup.com\/app\/uploads\/2019\/05\/asa_software-768x432.jpg 768w\" sizes=\"auto, (max-width: 1024px) 100vw, 1024px\" \/>\n<div class=\"gpi_signature_title_tech\">\n<h1>Gpi4Med.CRITICALCARE<\/h1>\n<\/div>\n<\/div>\n<div class=\"col-12 col-md-6\">\n<div class=\"asa-symbol\"><img loading=\"lazy\" decoding=\"async\" class=\"alignnone size-medium wp-image-3055\" role=\"img\" src=\"https:\/\/www.gpigroup.com\/app\/uploads\/\/2019\/03\/Software-1.svg\" alt=\"\" width=\"24\" height=\"24\" \/>\u00a0SOFTWARE<\/div>\n<\/div>\n<\/div>\n<p>[\/vc_column_text][\/vc_column_inner][\/vc_row_inner][vc_row_inner el_class=&#8221;bl-body&#8221;][vc_column_inner width=&#8221;1\/3&#8243;][vc_column_text]<img loading=\"lazy\" decoding=\"async\" width=\"1024\" height=\"576\" src=\"https:\/\/www.gpigroup.com\/app\/uploads\/2019\/05\/asa_software.jpg\" class=\"asa-image rounded-circle d-md-inline d-none\" alt=\"GPI Software\" srcset=\"https:\/\/www.gpigroup.com\/app\/uploads\/2019\/05\/asa_software.jpg 1024w, https:\/\/www.gpigroup.com\/app\/uploads\/2019\/05\/asa_software-300x169.jpg 300w, https:\/\/www.gpigroup.com\/app\/uploads\/2019\/05\/asa_software-768x432.jpg 768w\" sizes=\"auto, (max-width: 1024px) 100vw, 1024px\" \/>[\/vc_column_text][\/vc_column_inner][vc_column_inner width=&#8221;2\/3&#8243;][vc_column_text css=&#8221;&#8221; el_class=&#8221;entice&#8221;]<span style=\"font-weight: 400;\">Gpi4Med.CRITICALCARE est une suite logicielle d\u00e9velopp\u00e9e pour la gestion optimis\u00e9e et s\u00e9curis\u00e9e de l&#8217;anesth\u00e9sie, des soins intensifs et des blocs op\u00e9ratoires.<\/span>[\/vc_column_text][\/vc_column_inner][\/vc_row_inner][vc_row_inner][vc_column_inner width=&#8221;1\/3&#8243;][\/vc_column_inner][vc_column_inner width=&#8221;2\/3&#8243;][vc_column_text css=&#8221;&#8221;]Cette ligne de produits verticaux de la suite Gpi4Med comprend:<\/p>\n<ul>\n<li><strong>Intensive+<\/strong>: une solution sp\u00e9cialis\u00e9e qui contribue \u00e0 am\u00e9liorer la qualit\u00e9 des soins, \u00e0 r\u00e9duire les risques d&#8217;erreurs cliniques, \u00e0 optimiser le temps et \u00e0 mieux g\u00e9rer les co\u00fbts dans les unit\u00e9s de soins intensifs.<span style=\"text-decoration: underline;\">Principales fonctionnalit\u00e9s:<\/span><\/li>\n<\/ul>\n<ul>\n<li style=\"list-style-type: none;\">\n<ul>\n<li>Prescription et planification graphique<\/li>\n<li>Vues r\u00e9trospectives par organe<\/li>\n<li>Surveillance de la dialyse et de l&#8217;h\u00e9mofiltration<\/li>\n<li>Transmissions cibl\u00e9es et ouvertes<\/li>\n<li>Dossiers multidisciplinaires (kin\u00e9sith\u00e9rapeute, di\u00e9t\u00e9ticien, etc.)<\/li>\n<li>Tra\u00e7abilit\u00e9 et audit des actions<\/li>\n<\/ul>\n<\/li>\n<\/ul>\n<ul>\n<li><strong>Anesthesia<\/strong>: une solution pour la gestion int\u00e9gr\u00e9e des processus d&#8217;anesth\u00e9sie. Le logiciel rationalise le flux de travail de l&#8217;anesth\u00e9sie, avant, pendant et apr\u00e8s l&#8217;op\u00e9ration, aide \u00e0 r\u00e9duire les risques d&#8217;erreurs m\u00e9dicamenteuses et contribue \u00e0 contr\u00f4ler les co\u00fbts pharmaceutiques.<\/li>\n<\/ul>\n<p><span style=\"text-decoration: underline;\">Principales fonctionnalit\u00e9s:<\/span><\/p>\n<ul>\n<li style=\"list-style-type: none;\">\n<ul>\n<li>Num\u00e9risation de la fiche de consultation pr\u00e9-anesth\u00e9sique (ant\u00e9c\u00e9dents, traitements, examen, \u2026)<\/li>\n<li>Num\u00e9risation de la fiche de surveillance en phases pr\u00e9 et post-anesth\u00e9sie<\/li>\n<li>R\u00e9cup\u00e9ration automatique des donn\u00e9es vitals<\/li>\n<li>Solution interop\u00e9rable, int\u00e9gr\u00e9e dans le SIH et connect\u00e9e aux dispositifs biom\u00e9dicaux<\/li>\n<li>Syst\u00e8me d&#8217;alerte automatis\u00e9 et personnalisable<\/li>\n<\/ul>\n<\/li>\n<\/ul>\n<p><span style=\"text-decoration: underline;\">Fonctions:<\/span><\/p>\n<ul>\n<li style=\"list-style-type: none;\">\n<ul>\n<li>Consultation et visite pr\u00e9-anesth\u00e9sique<\/li>\n<li>Intra-op\u00e9ratoire pendant le temps op\u00e9ratoire<\/li>\n<li>Ambulatoire<\/li>\n<li>Unit\u00e9 de soins intensifs<\/li>\n<li>Connectivit\u00e9 \/ Statistiques<\/li>\n<\/ul>\n<\/li>\n<\/ul>\n<ul>\n<li><strong>OpRoom<\/strong> est une solution logicielle pour organiser et optimiser le processus chirurgical. Son objectif est d&#8217;am\u00e9liorer l&#8217;efficacit\u00e9 de la gestion des blocs op\u00e9ratoires. C&#8217;est une solution modulaire, con\u00e7ue avec et pour les \u00e9quipes chirurgicales, en collaboration avec plusieurs h\u00f4pitaux universitaires et centres hospitaliers.<span style=\"text-decoration: underline;\">Principales fonctionnalit\u00e9s:<\/span><\/li>\n<li style=\"list-style-type: none;\">\n<ul>\n<li>Gestion de la consultation et de la phase pr\u00e9-op\u00e9ratoire<\/li>\n<li>Planification et organisation de la salle d&#8217;op\u00e9ration, des \u00e9quipes m\u00e9dicales et du mat\u00e9riel<\/li>\n<li>V\u00e9rification des check-lists et organisation du parcours du patient<\/li>\n<li>Gestion des rapports et des statistiques<span style=\"text-decoration: underline;\">Fonctions:<\/span><\/li>\n<\/ul>\n<\/li>\n<\/ul>\n<ul>\n<li style=\"list-style-type: none;\">\n<ul>\n<li>Consultation et pr\u00e9-op\u00e9ration<\/li>\n<li>Planification tactile et gestion intraop\u00e9ratoire tactile<\/li>\n<li>Configuration et rapports<\/li>\n<\/ul>\n<\/li>\n<\/ul>\n<ul>\n<li><strong>ImageSI<\/strong> est un syst\u00e8me de haute technologie con\u00e7u et d\u00e9velopp\u00e9 pour r\u00e9pondre aux besoins sp\u00e9cifiques des diff\u00e9rents types de blocs op\u00e9ratoires et pour soutenir les activit\u00e9s chirurgicales, d&#8217;enseignement et de formation.<span style=\"text-decoration: underline;\">Principales fonctionnalit\u00e9s:<\/span><\/li>\n<li style=\"list-style-type: none;\">\n<ul>\n<li>Routage des vid\u00e9os, images et donn\u00e9es acquises \u00e0 partir des \u00e9quipements int\u00e9gr\u00e9s<\/li>\n<li>Modules d&#8217;int\u00e9gration et d&#8217;\u00e9change de donn\u00e9es avec les syst\u00e8mes d&#8217;information hospitaliers<\/li>\n<li>Archive multim\u00e9dia web pour les activit\u00e9s p\u00e9dagogiques<\/li>\n<\/ul>\n<\/li>\n<\/ul>\n<p>[\/vc_column_text][\/vc_column_inner][\/vc_row_inner][\/vc_column][\/vc_row][vc_row][vc_column width=&#8221;1\/3&#8243;][vc_column_text css=&#8221;&#8221; el_class=&#8221;entice&#8221;]<\/p>\n<div class=\"gpi_signature_title_tech\">Gpi4Med<\/div>\n<p>[\/vc_column_text][\/vc_column][vc_column width=&#8221;2\/3&#8243;][vc_column_text css=&#8221;&#8221;]<span style=\"text-decoration: underline;\">Approche globale en Sant\u00e9 Num\u00e9rique:<\/span><br \/>\nGpi4Med est une suite compl\u00e8te de Gpi, un groupe mondial avec 35 ans d&#8217;exp\u00e9rience en Sant\u00e9 Num\u00e9rique, qui facilite la voie vers la transformation technologique et des soins de sant\u00e9 durables.<br \/>\nToutes les solutions verticales sont multilingues et install\u00e9es dans plus de 70 pays \u00e0 travers le monde. Gr\u00e2ce \u00e0 nos bureaux locaux, partenaires et \u00e9quipes de support bas\u00e9es mondialement, nous nous effor\u00e7ons d&#8217;enrichir l&#8217;expertise et la maturit\u00e9 de nos clients dans leurs secteurs respectifs.<\/p>\n<p><span style=\"text-decoration: underline;\">Proposition de Valeur Unique:<\/span><\/p>\n<ul>\n<li>SUPPORT complet aux domaines m\u00e9dicaux, chirurgicaux, cliniques et diagnostiques<\/li>\n<li>Interface WEB pour faciliter les processus de d\u00e9ploiement, de support et de maintenance<\/li>\n<li>CO-CON\u00c7U avec des experts du secteur pour r\u00e9pondre \u00e0 leurs besoins sp\u00e9cifiques<\/li>\n<li>S\u2019INT\u00c8GRE avec une vari\u00e9t\u00e9 de dispositifs biom\u00e9dicaux et de logiciels tiers<\/li>\n<li>CERTIFI\u00c9\/APPROUV\u00c9 en tant que dispositif m\u00e9dical logiciel (MDR, CE, FDA, SFDA, entre autres)<\/li>\n<li>ENRICHIE avec des fonctionnalit\u00e9s innovantes et des algorithmes avanc\u00e9s bas\u00e9s sur l&#8217;IA<\/li>\n<\/ul>\n<p><span style=\"text-decoration: underline;\">Mission:<\/span><br \/>\nGr\u00e2ce \u00e0 Gpi4Med, le Groupe Gpi est pr\u00eat \u00e0 diriger la transformation technologique et durable des processus de pr\u00e9vention, de soins et de traitement de la sant\u00e9 et du bien-\u00eatre des personnes.<\/p>\n<p><span style=\"text-decoration: underline;\">Vision:<\/span><br \/>\n\u00c0 travers Gpi4Med, le Groupe Gpi vise \u00e0 fournir des connaissances et des comp\u00e9tences pour am\u00e9liorer les processus de pr\u00e9vention, d&#8217;assistance et de traitement gr\u00e2ce \u00e0 des logiciels, des services et des technologies pour permettre et responsabiliser les professionnels de sant\u00e9 et les patients.<\/p>\n<p><span style=\"text-decoration: underline;\">Quantifier Nos Succ\u00e8s:<\/span><\/p>\n<ul>\n<li>Plus de 9 000 clients dans plus de 70 pays<\/li>\n<li>Plus de 8 000 employ\u00e9s op\u00e9rant dans plus de 17 pays \u00e0 travers le monde<\/li>\n<li>N\u00b01 en IT Sant\u00e9 en Italie, parmi les leaders en Europe<\/li>\n<li>N\u00b01 en Italie pour l&#8217;acc\u00e8s multicanal aux traitements<\/li>\n<li>Un objectif final: am\u00e9liorer la qualit\u00e9 de vie des personnes<\/li>\n<\/ul>\n<p>[\/vc_column_text][\/vc_column][\/vc_row]<\/p>\n[vc_row full_width=\"stretch_row\" el_class=\"vision mb-0 gpi-orange-bg\"][vc_column offset=\"vc_col-lg-3 vc_col-xs-12\"][vc_column_text]\n<h4>Contact our sales team<\/h4>[\/vc_column_text][\/vc_column][vc_column width=\"3\/4\" offset=\"vc_col-lg-offset-0 vc_col-sm-offset-3 vc_col-xs-12\"][vc_raw_html]JTVCY29udGFjdC1mb3JtLTclMjBpZCUzRCUyMjY3MTIlMjIlMjB0aXRsZSUzRCUyMkJ1c2luZXNzJTIwbGluZSUyMGZvcm0lMjIlMjBodG1sX2lkJTNEJTIyZ3BpLWNvbnRhY3QtZm9ybSUyMiU1RA==[\/vc_raw_html][\/vc_column][\/vc_row]<\/div>","protected":false},"excerpt":{"rendered":"<p>[vc_row full_width=&#8221;stretch_row&#8221; el_class=&#8221;text-row my-0&#8243;][vc_column][vc_row_inner][vc_column_inner][vc_column_text] Gpi4Med.CRITICALCARE \u00a0SOFTWARE [\/vc_column_text][\/vc_column_inner][\/vc_row_inner][vc_row_inner el_class=&#8221;bl-body&#8221;][vc_column_inner width=&#8221;1\/3&#8243;][vc_column_text][\/vc_column_text][\/vc_column_inner][vc_column_inner width=&#8221;2\/3&#8243;][vc_column_text css=&#8221;&#8221; el_class=&#8221;entice&#8221;]Gpi4Med.CRITICALCARE est une suite logicielle d\u00e9velopp\u00e9e pour la gestion optimis\u00e9e et s\u00e9curis\u00e9e de l&#8217;anesth\u00e9sie, des soins intensifs et des blocs op\u00e9ratoires.[\/vc_column_text][\/vc_column_inner][\/vc_row_inner][vc_row_inner][vc_column_inner width=&#8221;1\/3&#8243;][\/vc_column_inner][vc_column_inner width=&#8221;2\/3&#8243;][vc_column_text css=&#8221;&#8221;]Cette ligne de produits verticaux de la suite Gpi4Med comprend: Intensive+: une solution sp\u00e9cialis\u00e9e qui contribue \u00e0 am\u00e9liorer la qualit\u00e9 des<\/p>\n","protected":false},"author":7,"featured_media":5153,"parent":0,"menu_order":0,"comment_status":"closed","ping_status":"closed","template":"","meta":{"footnotes":""},"class_list":["post-157261","page","type-page","status-publish","has-post-thumbnail","hentry","client_type-sante-privee-clinique-administrative","client_type-sante-privee-clinique-administrative-fr-na","page_category-gamme-de-produits-fr-na","section-offerta","business_line-software"],"yoast_head":"<!-- This site is optimized with the Yoast SEO plugin v27.1.1 - https:\/\/yoast.com\/product\/yoast-seo-wordpress\/ -->\n<title>Gpi4Med.CRITICALCARE<\/title>\n<meta name=\"description\" content=\"Gpi4Med.CRITICALCARE est une suite logicielle d\u00e9velopp\u00e9e pour la gestion optimis\u00e9e et s\u00e9curis\u00e9e de l&#039;anesth\u00e9sie, des soins intensifs et des blocs op\u00e9ratoires.\" \/>\n<meta name=\"robots\" content=\"index, follow, max-snippet:-1, max-image-preview:large, max-video-preview:-1\" \/>\n<link rel=\"canonical\" href=\"https:\/\/www.gpigroup.com\/fr-na\/gpi4med-criticalcare-24\/\" \/>\n<meta property=\"og:locale\" content=\"fr_FR\" \/>\n<meta property=\"og:type\" content=\"article\" \/>\n<meta property=\"og:title\" content=\"Gpi4Med.CRITICALCARE\" \/>\n<meta property=\"og:description\" content=\"Gpi4Med.CRITICALCARE est une suite logicielle d\u00e9velopp\u00e9e pour la gestion optimis\u00e9e et s\u00e9curis\u00e9e de l&#039;anesth\u00e9sie, des soins intensifs et des blocs op\u00e9ratoires.\" \/>\n<meta property=\"og:url\" content=\"https:\/\/www.gpigroup.com\/fr-na\/gpi4med-criticalcare-24\/\" \/>\n<meta property=\"og:site_name\" content=\"GPI\" \/>\n<meta property=\"article:publisher\" content=\"https:\/\/www.facebook.com\/GruppoGPI\/\" \/>\n<meta property=\"article:modified_time\" content=\"2024-10-24T08:24:02+00:00\" \/>\n<meta property=\"og:image\" content=\"https:\/\/www.gpigroup.com\/app\/uploads\/2019\/04\/og-link-preview-1.png\" \/>\n\t<meta property=\"og:image:width\" content=\"1366\" \/>\n\t<meta property=\"og:image:height\" content=\"768\" \/>\n\t<meta property=\"og:image:type\" content=\"image\/png\" \/>\n<meta name=\"twitter:card\" content=\"summary_large_image\" \/>\n<meta name=\"twitter:label1\" content=\"Est. reading time\" \/>\n\t<meta name=\"twitter:data1\" content=\"4 minutes\" \/>\n<script type=\"application\/ld+json\" class=\"yoast-schema-graph\">{\"@context\":\"https:\/\/schema.org\",\"@graph\":[{\"@type\":\"WebPage\",\"@id\":\"https:\/\/www.gpigroup.com\/fr-na\/gpi4med-criticalcare-24\/\",\"url\":\"https:\/\/www.gpigroup.com\/fr-na\/gpi4med-criticalcare-24\/\",\"name\":\"Gpi4Med.CRITICALCARE\",\"isPartOf\":{\"@id\":\"https:\/\/www.gpigroup.com\/fr-na\/#website\"},\"primaryImageOfPage\":{\"@id\":\"https:\/\/www.gpigroup.com\/fr-na\/gpi4med-criticalcare-24\/#primaryimage\"},\"image\":{\"@id\":\"https:\/\/www.gpigroup.com\/fr-na\/gpi4med-criticalcare-24\/#primaryimage\"},\"thumbnailUrl\":\"https:\/\/www.gpigroup.com\/app\/uploads\/2019\/04\/og-link-preview-1.png\",\"datePublished\":\"2024-09-20T15:23:19+00:00\",\"dateModified\":\"2024-10-24T08:24:02+00:00\",\"description\":\"Gpi4Med.CRITICALCARE est une suite logicielle d\u00e9velopp\u00e9e pour la gestion optimis\u00e9e et s\u00e9curis\u00e9e de l'anesth\u00e9sie, des soins intensifs et des blocs op\u00e9ratoires.\",\"breadcrumb\":{\"@id\":\"https:\/\/www.gpigroup.com\/fr-na\/gpi4med-criticalcare-24\/#breadcrumb\"},\"inLanguage\":\"fr-NA\",\"potentialAction\":[{\"@type\":\"ReadAction\",\"target\":[\"https:\/\/www.gpigroup.com\/fr-na\/gpi4med-criticalcare-24\/\"]}]},{\"@type\":\"ImageObject\",\"inLanguage\":\"fr-NA\",\"@id\":\"https:\/\/www.gpigroup.com\/fr-na\/gpi4med-criticalcare-24\/#primaryimage\",\"url\":\"https:\/\/www.gpigroup.com\/app\/uploads\/2019\/04\/og-link-preview-1.png\",\"contentUrl\":\"https:\/\/www.gpigroup.com\/app\/uploads\/2019\/04\/og-link-preview-1.png\",\"width\":1366,\"height\":768,\"caption\":\"GPI link preview\"},{\"@type\":\"BreadcrumbList\",\"@id\":\"https:\/\/www.gpigroup.com\/fr-na\/gpi4med-criticalcare-24\/#breadcrumb\",\"itemListElement\":[{\"@type\":\"ListItem\",\"position\":1,\"name\":\"Home\",\"item\":\"https:\/\/www.gpigroup.com\/fr-na\/\"},{\"@type\":\"ListItem\",\"position\":2,\"name\":\"Gpi4Med.CRITICALCARE\"}]},{\"@type\":\"WebSite\",\"@id\":\"https:\/\/www.gpigroup.com\/fr-na\/#website\",\"url\":\"https:\/\/www.gpigroup.com\/fr-na\/\",\"name\":\"GPI\",\"description\":\"The Healthcare Partner\",\"publisher\":{\"@id\":\"https:\/\/www.gpigroup.com\/fr-na\/#organization\"},\"potentialAction\":[{\"@type\":\"SearchAction\",\"target\":{\"@type\":\"EntryPoint\",\"urlTemplate\":\"https:\/\/www.gpigroup.com\/fr-na\/?s={search_term_string}\"},\"query-input\":{\"@type\":\"PropertyValueSpecification\",\"valueRequired\":true,\"valueName\":\"search_term_string\"}}],\"inLanguage\":\"fr-NA\"},{\"@type\":\"Organization\",\"@id\":\"https:\/\/www.gpigroup.com\/fr-na\/#organization\",\"name\":\"GPI S.p.A.\",\"url\":\"https:\/\/www.gpigroup.com\/fr-na\/\",\"logo\":{\"@type\":\"ImageObject\",\"inLanguage\":\"fr-NA\",\"@id\":\"https:\/\/www.gpigroup.com\/fr-na\/#\/schema\/logo\/image\/\",\"url\":\"https:\/\/www.gpigroup.com\/app\/uploads\/2023\/03\/logo-GPI-2019-1.jpg\",\"contentUrl\":\"https:\/\/www.gpigroup.com\/app\/uploads\/2023\/03\/logo-GPI-2019-1.jpg\",\"width\":1946,\"height\":1945,\"caption\":\"GPI S.p.A.\"},\"image\":{\"@id\":\"https:\/\/www.gpigroup.com\/fr-na\/#\/schema\/logo\/image\/\"},\"sameAs\":[\"https:\/\/www.facebook.com\/GruppoGPI\/\",\"https:\/\/www.linkedin.com\/company\/gpi-spa\",\"http:\/\/www.youtube.com\/user\/GruppoGPI\"]}]}<\/script>\n<!-- \/ Yoast SEO plugin. -->","yoast_head_json":{"title":"Gpi4Med.CRITICALCARE","description":"Gpi4Med.CRITICALCARE est une suite logicielle d\u00e9velopp\u00e9e pour la gestion optimis\u00e9e et s\u00e9curis\u00e9e de l'anesth\u00e9sie, des soins intensifs et des blocs op\u00e9ratoires.","robots":{"index":"index","follow":"follow","max-snippet":"max-snippet:-1","max-image-preview":"max-image-preview:large","max-video-preview":"max-video-preview:-1"},"canonical":"https:\/\/www.gpigroup.com\/fr-na\/gpi4med-criticalcare-24\/","og_locale":"fr_FR","og_type":"article","og_title":"Gpi4Med.CRITICALCARE","og_description":"Gpi4Med.CRITICALCARE est une suite logicielle d\u00e9velopp\u00e9e pour la gestion optimis\u00e9e et s\u00e9curis\u00e9e de l'anesth\u00e9sie, des soins intensifs et des blocs op\u00e9ratoires.","og_url":"https:\/\/www.gpigroup.com\/fr-na\/gpi4med-criticalcare-24\/","og_site_name":"GPI","article_publisher":"https:\/\/www.facebook.com\/GruppoGPI\/","article_modified_time":"2024-10-24T08:24:02+00:00","og_image":[{"width":1366,"height":768,"url":"https:\/\/www.gpigroup.com\/app\/uploads\/2019\/04\/og-link-preview-1.png","type":"image\/png"}],"twitter_card":"summary_large_image","twitter_misc":{"Est. reading time":"4 minutes"},"schema":{"@context":"https:\/\/schema.org","@graph":[{"@type":"WebPage","@id":"https:\/\/www.gpigroup.com\/fr-na\/gpi4med-criticalcare-24\/","url":"https:\/\/www.gpigroup.com\/fr-na\/gpi4med-criticalcare-24\/","name":"Gpi4Med.CRITICALCARE","isPartOf":{"@id":"https:\/\/www.gpigroup.com\/fr-na\/#website"},"primaryImageOfPage":{"@id":"https:\/\/www.gpigroup.com\/fr-na\/gpi4med-criticalcare-24\/#primaryimage"},"image":{"@id":"https:\/\/www.gpigroup.com\/fr-na\/gpi4med-criticalcare-24\/#primaryimage"},"thumbnailUrl":"https:\/\/www.gpigroup.com\/app\/uploads\/2019\/04\/og-link-preview-1.png","datePublished":"2024-09-20T15:23:19+00:00","dateModified":"2024-10-24T08:24:02+00:00","description":"Gpi4Med.CRITICALCARE est une suite logicielle d\u00e9velopp\u00e9e pour la gestion optimis\u00e9e et s\u00e9curis\u00e9e de l'anesth\u00e9sie, des soins intensifs et des blocs op\u00e9ratoires.","breadcrumb":{"@id":"https:\/\/www.gpigroup.com\/fr-na\/gpi4med-criticalcare-24\/#breadcrumb"},"inLanguage":"fr-NA","potentialAction":[{"@type":"ReadAction","target":["https:\/\/www.gpigroup.com\/fr-na\/gpi4med-criticalcare-24\/"]}]},{"@type":"ImageObject","inLanguage":"fr-NA","@id":"https:\/\/www.gpigroup.com\/fr-na\/gpi4med-criticalcare-24\/#primaryimage","url":"https:\/\/www.gpigroup.com\/app\/uploads\/2019\/04\/og-link-preview-1.png","contentUrl":"https:\/\/www.gpigroup.com\/app\/uploads\/2019\/04\/og-link-preview-1.png","width":1366,"height":768,"caption":"GPI link preview"},{"@type":"BreadcrumbList","@id":"https:\/\/www.gpigroup.com\/fr-na\/gpi4med-criticalcare-24\/#breadcrumb","itemListElement":[{"@type":"ListItem","position":1,"name":"Home","item":"https:\/\/www.gpigroup.com\/fr-na\/"},{"@type":"ListItem","position":2,"name":"Gpi4Med.CRITICALCARE"}]},{"@type":"WebSite","@id":"https:\/\/www.gpigroup.com\/fr-na\/#website","url":"https:\/\/www.gpigroup.com\/fr-na\/","name":"GPI","description":"The Healthcare Partner","publisher":{"@id":"https:\/\/www.gpigroup.com\/fr-na\/#organization"},"potentialAction":[{"@type":"SearchAction","target":{"@type":"EntryPoint","urlTemplate":"https:\/\/www.gpigroup.com\/fr-na\/?s={search_term_string}"},"query-input":{"@type":"PropertyValueSpecification","valueRequired":true,"valueName":"search_term_string"}}],"inLanguage":"fr-NA"},{"@type":"Organization","@id":"https:\/\/www.gpigroup.com\/fr-na\/#organization","name":"GPI S.p.A.","url":"https:\/\/www.gpigroup.com\/fr-na\/","logo":{"@type":"ImageObject","inLanguage":"fr-NA","@id":"https:\/\/www.gpigroup.com\/fr-na\/#\/schema\/logo\/image\/","url":"https:\/\/www.gpigroup.com\/app\/uploads\/2023\/03\/logo-GPI-2019-1.jpg","contentUrl":"https:\/\/www.gpigroup.com\/app\/uploads\/2023\/03\/logo-GPI-2019-1.jpg","width":1946,"height":1945,"caption":"GPI S.p.A."},"image":{"@id":"https:\/\/www.gpigroup.com\/fr-na\/#\/schema\/logo\/image\/"},"sameAs":["https:\/\/www.facebook.com\/GruppoGPI\/","https:\/\/www.linkedin.com\/company\/gpi-spa","http:\/\/www.youtube.com\/user\/GruppoGPI"]}]}},"_links":{"self":[{"href":"https:\/\/www.gpigroup.com\/fr-na\/wp-json\/wp\/v2\/pages\/157261","targetHints":{"allow":["GET"]}}],"collection":[{"href":"https:\/\/www.gpigroup.com\/fr-na\/wp-json\/wp\/v2\/pages"}],"about":[{"href":"https:\/\/www.gpigroup.com\/fr-na\/wp-json\/wp\/v2\/types\/page"}],"author":[{"embeddable":true,"href":"https:\/\/www.gpigroup.com\/fr-na\/wp-json\/wp\/v2\/users\/7"}],"replies":[{"embeddable":true,"href":"https:\/\/www.gpigroup.com\/fr-na\/wp-json\/wp\/v2\/comments?post=157261"}],"version-history":[{"count":1,"href":"https:\/\/www.gpigroup.com\/fr-na\/wp-json\/wp\/v2\/pages\/157261\/revisions"}],"predecessor-version":[{"id":157262,"href":"https:\/\/www.gpigroup.com\/fr-na\/wp-json\/wp\/v2\/pages\/157261\/revisions\/157262"}],"wp:featuredmedia":[{"embeddable":true,"href":"https:\/\/www.gpigroup.com\/fr-na\/wp-json\/wp\/v2\/media\/5153"}],"wp:attachment":[{"href":"https:\/\/www.gpigroup.com\/fr-na\/wp-json\/wp\/v2\/media?parent=157261"}],"curies":[{"name":"wp","href":"https:\/\/api.w.org\/{rel}","templated":true}]}}