{"id":144785,"date":"2024-02-19T17:20:34","date_gmt":"2024-02-19T16:20:34","guid":{"rendered":"https:\/\/www.gpigroup.com\/contacter-gpi\/"},"modified":"2025-04-08T12:47:34","modified_gmt":"2025-04-08T10:47:34","slug":"contacter-gpi","status":"publish","type":"page","link":"https:\/\/www.gpigroup.com\/fr-na\/contacter-gpi\/","title":{"rendered":"Contacter GPI"},"content":{"rendered":"<div class=\"wpb-content-wrapper\"><p>[vc_row el_class=&#8221;text-row&#8221;][vc_column][vc_column_text el_class=&#8221;gpi_signature_title_tech mb-3&#8243;]<\/p>\n<h1>Contactez-nous<\/h1>\n<p>[\/vc_column_text][vc_row_inner disable_element=&#8221;yes&#8221;][vc_column_inner width=&#8221;1\/4&#8243;][\/vc_column_inner][vc_column_inner width=&#8221;3\/4&#8243;][vc_column_text el_class=&#8221;entice&#8221;]Lorem ipsum dolor sit amet, consetetur sadipscing elitr, sed diam nonumy eirmod tempor invidunt ut labore et.[\/vc_column_text][\/vc_column_inner][\/vc_row_inner][\/vc_column][\/vc_row][vc_row el_class=&#8221;text-row&#8221;][vc_column][vc_row_inner css=&#8221;.vc_custom_1699445535451{padding-left: 16px !important;}&#8221;][vc_column_inner width=&#8221;1\/3&#8243; offset=&#8221;vc_col-sm-offset-0&#8243;][vc_column_text css=&#8221;&#8221;]<b>Media Relations<br \/>\n<\/b><a class=\"mailto\" href=\"mailto:media.relations@gpi.it\">media.relations@gpi.it<\/a><\/p>\n<p><b>Investor Relations<\/b><br \/>\n<a class=\"mailto\" href=\"mailto:investor.relations@gpi.it\">investor.relations@gpi.it<\/a>[\/vc_column_text][\/vc_column_inner][vc_column_inner width=&#8221;1\/3&#8243;][vc_column_text css=&#8221;&#8221;]<b>D\u00e9l\u00e9gu\u00e9 \u00e0 la protection des donn\u00e9es (DPD)<\/b><br \/>\n<a class=\"mailto\" href=\"mailto:dpo@gpifrance.fr\">dpo@gpifrance.fr<\/a><\/p>\n<p><b>Information<\/b><br \/>\n<a class=\"mailto\" href=\"mailto:info@gpi.it\">info@gpi.it<\/a>[\/vc_column_text][\/vc_column_inner][vc_column_inner width=&#8221;1\/3&#8243;][vc_column_text css=&#8221;&#8221;]<b>Commercial<\/b><br \/>\n<a class=\"mailto\" href=\"mailto:commercial@gpifrance.fr\">commercial@gpifrance.fr<\/a>[\/vc_column_text][vc_column_text el_class=&#8221;mb-0&#8243;]<b>Social media<\/b>[\/vc_column_text][vc_icon icon_fontawesome=&#8221;fab fa-linkedin-in&#8221; color=&#8221;custom&#8221; size=&#8221;sm&#8221; css=&#8221;&#8221; custom_color=&#8221;#82027e&#8221; link=&#8221;url:https%3A%2F%2Ffr.linkedin.com%2Fcompany%2Fgpi-france|target:_blank&#8221; el_class=&#8221;inline-icons&#8221;][vc_icon icon_fontawesome=&#8221;fab fa-youtube&#8221; color=&#8221;custom&#8221; custom_color=&#8221;#82027e&#8221; link=&#8221;url:http%3A%2F%2Fwww.youtube.com%2Fuser%2FGruppoGPI|target:_blank&#8221; el_class=&#8221;inline-icons&#8221;][\/vc_column_inner][\/vc_row_inner][vc_row_inner css=&#8221;.vc_custom_1699445535451{padding-left: 16px !important;}&#8221;][vc_column_inner width=&#8221;1\/3&#8243; offset=&#8221;vc_col-sm-offset-0&#8243;][vc_column_text css=&#8221;&#8221;]<b>T\u00e9l\u00e9phone<\/b><br \/>\n+33 3 26 02 02 69[\/vc_column_text][\/vc_column_inner][vc_column_inner width=&#8221;1\/3&#8243;][\/vc_column_inner][vc_column_inner width=&#8221;1\/3&#8243;][\/vc_column_inner][\/vc_row_inner][\/vc_column][\/vc_row][vc_row full_width=&#8221;stretch_row&#8221; css=&#8221;.vc_custom_1707900509295{background-color: #f6f6f6 !important;background-position: center !important;background-repeat: no-repeat !important;background-size: cover !important;}&#8221;][vc_column][vc_column_text el_class=&#8221;gpi_signature_title_tech mb-3 my-5&#8243;]<\/p>\n<h1>O\u00f9 nous trouver<\/h1>\n<p>[\/vc_column_text][vc_row_inner css=&#8221;.vc_custom_1708360479187{padding-left: 16px !important;}&#8221;][vc_column_inner el_class=&#8221;address-box&#8221; width=&#8221;1\/3&#8243;][vc_single_image image=&#8221;139601&#8243; el_class=&#8221;video-box-top-icon&#8221;][vc_column_text el_class=&#8221;gpi-address-item&#8221;]<\/p>\n<div class=\"gpi-address-item-title\">GPI France<\/div>\n<div style=\"height: 165px;\">PariSant\u00e9 Campus<br \/>\n10 rue d\u2019Oradour-sur-Glane<br \/>\n75015 PARIS<\/div>\n<p>[\/vc_column_text][\/vc_column_inner][vc_column_inner el_class=&#8221;address-box&#8221; width=&#8221;1\/3&#8243;][vc_single_image image=&#8221;139601&#8243; el_class=&#8221;video-box-top-icon&#8221;][vc_column_text el_class=&#8221;gpi-address-item&#8221;]<\/p>\n<div class=\"gpi-address-item-title\">Evolucare<\/div>\n<div style=\"height: 165px;\">166 Rue de l&#8217;Universit\u00e9<br \/>\n75007 PARIS<\/div>\n<p>[\/vc_column_text][\/vc_column_inner][vc_column_inner el_class=&#8221;address-box&#8221; width=&#8221;1\/3&#8243;][vc_single_image image=&#8221;139601&#8243; el_class=&#8221;video-box-top-icon&#8221;][vc_column_text el_class=&#8221;gpi-address-item&#8221;]<\/p>\n<div class=\"gpi-address-item-title\">GTT Tunisie<\/div>\n<div>Rue du Lac Leman &#8211; Immeuble Omrane<br \/>\nBloc B &#8211; 2\u00e8me \u00e9tage &#8211; 1053<br \/>\nLes Berges du Lac<br \/>\nTunis &#8211; TUNISIE<\/div>\n<p>[\/vc_column_text][\/vc_column_inner][\/vc_row_inner][\/vc_column][\/vc_row][vc_row full_width=&#8221;stretch_row&#8221; disable_element=&#8221;yes&#8221; el_class=&#8221;bg-purple&#8221;][vc_column width=&#8221;2\/3&#8243;][vc_column_text el_class=&#8221;gpi_signature_title_tech_hovered my-5 color-white&#8221;]<\/p>\n<h1>Siamo un grande gruppo diffuso in tutto il mondo<\/h1>\n<p>[\/vc_column_text][\/vc_column][vc_column width=&#8221;1\/3&#8243; el_class=&#8221;my-5&#8243;][vc_column_text]<\/p>\n<p style=\"text-align: right;\"><a class=\"btn call-to-action\" href=\"https:\/\/www.gpigroup.com\/fr-na\/cas-de-reussite\/\">Dove siamo<\/a><\/p>\n<p>[\/vc_column_text][\/vc_column][\/vc_row]<\/p>\n<\/div>","protected":false},"excerpt":{"rendered":"<p>[vc_row el_class=&#8221;text-row&#8221;][vc_column][vc_column_text el_class=&#8221;gpi_signature_title_tech mb-3&#8243;] Contactez-nous [\/vc_column_text][vc_row_inner disable_element=&#8221;yes&#8221;][vc_column_inner width=&#8221;1\/4&#8243;][\/vc_column_inner][vc_column_inner width=&#8221;3\/4&#8243;][vc_column_text el_class=&#8221;entice&#8221;]Lorem ipsum dolor sit amet, consetetur sadipscing elitr, sed diam nonumy eirmod tempor invidunt ut labore et.[\/vc_column_text][\/vc_column_inner][\/vc_row_inner][\/vc_column][\/vc_row][vc_row el_class=&#8221;text-row&#8221;][vc_column][vc_row_inner css=&#8221;.vc_custom_1699445535451{padding-left: 16px !important;}&#8221;][vc_column_inner width=&#8221;1\/3&#8243; offset=&#8221;vc_col-sm-offset-0&#8243;][vc_column_text css=&#8221;&#8221;]Media Relations media.relations@gpi.it Investor Relations investor.relations@gpi.it[\/vc_column_text][\/vc_column_inner][vc_column_inner width=&#8221;1\/3&#8243;][vc_column_text css=&#8221;&#8221;]D\u00e9l\u00e9gu\u00e9 \u00e0 la protection des donn\u00e9es (DPD) dpo@gpifrance.fr Information info@gpi.it[\/vc_column_text][\/vc_column_inner][vc_column_inner width=&#8221;1\/3&#8243;][vc_column_text css=&#8221;&#8221;]Commercial commercial@gpifrance.fr[\/vc_column_text][vc_column_text el_class=&#8221;mb-0&#8243;]Social media[\/vc_column_text][vc_icon icon_fontawesome=&#8221;fab<\/p>\n","protected":false},"author":7,"featured_media":68632,"parent":0,"menu_order":0,"comment_status":"closed","ping_status":"closed","template":"","meta":{"footnotes":""},"class_list":["post-144785","page","type-page","status-publish","has-post-thumbnail","hentry","section-servizi"],"yoast_head":"<!-- This site is optimized with the Yoast SEO plugin v27.1.1 - https:\/\/yoast.com\/product\/yoast-seo-wordpress\/ -->\n<title>Contacter GPI | GPI<\/title>\n<meta name=\"robots\" content=\"index, follow, max-snippet:-1, max-image-preview:large, max-video-preview:-1\" \/>\n<link rel=\"canonical\" href=\"https:\/\/www.gpigroup.com\/fr-na\/contacter-gpi\/\" \/>\n<meta property=\"og:locale\" content=\"fr_FR\" \/>\n<meta property=\"og:type\" content=\"article\" \/>\n<meta property=\"og:title\" content=\"Contacter GPI | GPI\" \/>\n<meta property=\"og:description\" content=\"[vc_row el_class=&#8221;text-row&#8221;][vc_column][vc_column_text el_class=&#8221;gpi_signature_title_tech mb-3&#8243;] Contactez-nous [\/vc_column_text][vc_row_inner disable_element=&#8221;yes&#8221;][vc_column_inner width=&#8221;1\/4&#8243;][\/vc_column_inner][vc_column_inner width=&#8221;3\/4&#8243;][vc_column_text el_class=&#8221;entice&#8221;]Lorem ipsum dolor sit amet, consetetur sadipscing elitr, sed diam nonumy eirmod tempor invidunt ut labore et.[\/vc_column_text][\/vc_column_inner][\/vc_row_inner][\/vc_column][\/vc_row][vc_row el_class=&#8221;text-row&#8221;][vc_column][vc_row_inner css=&#8221;.vc_custom_1699445535451{padding-left: 16px !important;}&#8221;][vc_column_inner width=&#8221;1\/3&#8243; offset=&#8221;vc_col-sm-offset-0&#8243;][vc_column_text css=&#8221;&#8221;]Media Relations media.relations@gpi.it Investor Relations investor.relations@gpi.it[\/vc_column_text][\/vc_column_inner][vc_column_inner width=&#8221;1\/3&#8243;][vc_column_text css=&#8221;&#8221;]D\u00e9l\u00e9gu\u00e9 \u00e0 la protection des donn\u00e9es (DPD) dpo@gpifrance.fr Information info@gpi.it[\/vc_column_text][\/vc_column_inner][vc_column_inner width=&#8221;1\/3&#8243;][vc_column_text css=&#8221;&#8221;]Commercial commercial@gpifrance.fr[\/vc_column_text][vc_column_text el_class=&#8221;mb-0&#8243;]Social media[\/vc_column_text][vc_icon icon_fontawesome=&#8221;fab\" \/>\n<meta property=\"og:url\" content=\"https:\/\/www.gpigroup.com\/fr-na\/contacter-gpi\/\" \/>\n<meta property=\"og:site_name\" content=\"GPI\" \/>\n<meta property=\"article:publisher\" content=\"https:\/\/www.facebook.com\/GruppoGPI\/\" \/>\n<meta property=\"article:modified_time\" content=\"2025-04-08T10:47:34+00:00\" \/>\n<meta property=\"og:image\" content=\"https:\/\/www.gpigroup.com\/app\/uploads\/2019\/04\/og-link-preview-1.png\" \/>\n\t<meta property=\"og:image:width\" content=\"1366\" \/>\n\t<meta property=\"og:image:height\" content=\"768\" \/>\n\t<meta property=\"og:image:type\" content=\"image\/png\" \/>\n<meta name=\"twitter:card\" content=\"summary_large_image\" \/>\n<meta name=\"twitter:label1\" content=\"Est. reading time\" \/>\n\t<meta name=\"twitter:data1\" content=\"3 minutes\" \/>\n<script type=\"application\/ld+json\" class=\"yoast-schema-graph\">{\"@context\":\"https:\/\/schema.org\",\"@graph\":[{\"@type\":\"WebPage\",\"@id\":\"https:\/\/www.gpigroup.com\/fr-na\/contacter-gpi\/\",\"url\":\"https:\/\/www.gpigroup.com\/fr-na\/contacter-gpi\/\",\"name\":\"Contacter GPI | GPI\",\"isPartOf\":{\"@id\":\"https:\/\/www.gpigroup.com\/fr-na\/#website\"},\"primaryImageOfPage\":{\"@id\":\"https:\/\/www.gpigroup.com\/fr-na\/contacter-gpi\/#primaryimage\"},\"image\":{\"@id\":\"https:\/\/www.gpigroup.com\/fr-na\/contacter-gpi\/#primaryimage\"},\"thumbnailUrl\":\"https:\/\/www.gpigroup.com\/app\/uploads\/2019\/04\/og-link-preview-1.png\",\"datePublished\":\"2024-02-19T16:20:34+00:00\",\"dateModified\":\"2025-04-08T10:47:34+00:00\",\"breadcrumb\":{\"@id\":\"https:\/\/www.gpigroup.com\/fr-na\/contacter-gpi\/#breadcrumb\"},\"inLanguage\":\"fr-NA\",\"potentialAction\":[{\"@type\":\"ReadAction\",\"target\":[\"https:\/\/www.gpigroup.com\/fr-na\/contacter-gpi\/\"]}]},{\"@type\":\"ImageObject\",\"inLanguage\":\"fr-NA\",\"@id\":\"https:\/\/www.gpigroup.com\/fr-na\/contacter-gpi\/#primaryimage\",\"url\":\"https:\/\/www.gpigroup.com\/app\/uploads\/2019\/04\/og-link-preview-1.png\",\"contentUrl\":\"https:\/\/www.gpigroup.com\/app\/uploads\/2019\/04\/og-link-preview-1.png\",\"width\":1366,\"height\":768},{\"@type\":\"BreadcrumbList\",\"@id\":\"https:\/\/www.gpigroup.com\/fr-na\/contacter-gpi\/#breadcrumb\",\"itemListElement\":[{\"@type\":\"ListItem\",\"position\":1,\"name\":\"Home\",\"item\":\"https:\/\/www.gpigroup.com\/fr-na\/\"},{\"@type\":\"ListItem\",\"position\":2,\"name\":\"Contacter GPI\"}]},{\"@type\":\"WebSite\",\"@id\":\"https:\/\/www.gpigroup.com\/fr-na\/#website\",\"url\":\"https:\/\/www.gpigroup.com\/fr-na\/\",\"name\":\"GPI\",\"description\":\"The Healthcare Partner\",\"publisher\":{\"@id\":\"https:\/\/www.gpigroup.com\/fr-na\/#organization\"},\"potentialAction\":[{\"@type\":\"SearchAction\",\"target\":{\"@type\":\"EntryPoint\",\"urlTemplate\":\"https:\/\/www.gpigroup.com\/fr-na\/?s={search_term_string}\"},\"query-input\":{\"@type\":\"PropertyValueSpecification\",\"valueRequired\":true,\"valueName\":\"search_term_string\"}}],\"inLanguage\":\"fr-NA\"},{\"@type\":\"Organization\",\"@id\":\"https:\/\/www.gpigroup.com\/fr-na\/#organization\",\"name\":\"GPI S.p.A.\",\"url\":\"https:\/\/www.gpigroup.com\/fr-na\/\",\"logo\":{\"@type\":\"ImageObject\",\"inLanguage\":\"fr-NA\",\"@id\":\"https:\/\/www.gpigroup.com\/fr-na\/#\/schema\/logo\/image\/\",\"url\":\"https:\/\/www.gpigroup.com\/app\/uploads\/2023\/03\/logo-GPI-2019-1.jpg\",\"contentUrl\":\"https:\/\/www.gpigroup.com\/app\/uploads\/2023\/03\/logo-GPI-2019-1.jpg\",\"width\":1946,\"height\":1945,\"caption\":\"GPI S.p.A.\"},\"image\":{\"@id\":\"https:\/\/www.gpigroup.com\/fr-na\/#\/schema\/logo\/image\/\"},\"sameAs\":[\"https:\/\/www.facebook.com\/GruppoGPI\/\",\"https:\/\/www.linkedin.com\/company\/gpi-spa\",\"http:\/\/www.youtube.com\/user\/GruppoGPI\"]}]}<\/script>\n<!-- \/ Yoast SEO plugin. -->","yoast_head_json":{"title":"Contacter GPI | GPI","robots":{"index":"index","follow":"follow","max-snippet":"max-snippet:-1","max-image-preview":"max-image-preview:large","max-video-preview":"max-video-preview:-1"},"canonical":"https:\/\/www.gpigroup.com\/fr-na\/contacter-gpi\/","og_locale":"fr_FR","og_type":"article","og_title":"Contacter GPI | GPI","og_description":"[vc_row el_class=&#8221;text-row&#8221;][vc_column][vc_column_text el_class=&#8221;gpi_signature_title_tech mb-3&#8243;] Contactez-nous [\/vc_column_text][vc_row_inner disable_element=&#8221;yes&#8221;][vc_column_inner width=&#8221;1\/4&#8243;][\/vc_column_inner][vc_column_inner width=&#8221;3\/4&#8243;][vc_column_text el_class=&#8221;entice&#8221;]Lorem ipsum dolor sit amet, consetetur sadipscing elitr, sed diam nonumy eirmod tempor invidunt ut labore et.[\/vc_column_text][\/vc_column_inner][\/vc_row_inner][\/vc_column][\/vc_row][vc_row el_class=&#8221;text-row&#8221;][vc_column][vc_row_inner css=&#8221;.vc_custom_1699445535451{padding-left: 16px !important;}&#8221;][vc_column_inner width=&#8221;1\/3&#8243; offset=&#8221;vc_col-sm-offset-0&#8243;][vc_column_text css=&#8221;&#8221;]Media Relations media.relations@gpi.it Investor Relations investor.relations@gpi.it[\/vc_column_text][\/vc_column_inner][vc_column_inner width=&#8221;1\/3&#8243;][vc_column_text css=&#8221;&#8221;]D\u00e9l\u00e9gu\u00e9 \u00e0 la protection des donn\u00e9es (DPD) dpo@gpifrance.fr Information info@gpi.it[\/vc_column_text][\/vc_column_inner][vc_column_inner width=&#8221;1\/3&#8243;][vc_column_text css=&#8221;&#8221;]Commercial commercial@gpifrance.fr[\/vc_column_text][vc_column_text el_class=&#8221;mb-0&#8243;]Social media[\/vc_column_text][vc_icon icon_fontawesome=&#8221;fab","og_url":"https:\/\/www.gpigroup.com\/fr-na\/contacter-gpi\/","og_site_name":"GPI","article_publisher":"https:\/\/www.facebook.com\/GruppoGPI\/","article_modified_time":"2025-04-08T10:47:34+00:00","og_image":[{"width":1366,"height":768,"url":"https:\/\/www.gpigroup.com\/app\/uploads\/2019\/04\/og-link-preview-1.png","type":"image\/png"}],"twitter_card":"summary_large_image","twitter_misc":{"Est. reading time":"3 minutes"},"schema":{"@context":"https:\/\/schema.org","@graph":[{"@type":"WebPage","@id":"https:\/\/www.gpigroup.com\/fr-na\/contacter-gpi\/","url":"https:\/\/www.gpigroup.com\/fr-na\/contacter-gpi\/","name":"Contacter GPI | GPI","isPartOf":{"@id":"https:\/\/www.gpigroup.com\/fr-na\/#website"},"primaryImageOfPage":{"@id":"https:\/\/www.gpigroup.com\/fr-na\/contacter-gpi\/#primaryimage"},"image":{"@id":"https:\/\/www.gpigroup.com\/fr-na\/contacter-gpi\/#primaryimage"},"thumbnailUrl":"https:\/\/www.gpigroup.com\/app\/uploads\/2019\/04\/og-link-preview-1.png","datePublished":"2024-02-19T16:20:34+00:00","dateModified":"2025-04-08T10:47:34+00:00","breadcrumb":{"@id":"https:\/\/www.gpigroup.com\/fr-na\/contacter-gpi\/#breadcrumb"},"inLanguage":"fr-NA","potentialAction":[{"@type":"ReadAction","target":["https:\/\/www.gpigroup.com\/fr-na\/contacter-gpi\/"]}]},{"@type":"ImageObject","inLanguage":"fr-NA","@id":"https:\/\/www.gpigroup.com\/fr-na\/contacter-gpi\/#primaryimage","url":"https:\/\/www.gpigroup.com\/app\/uploads\/2019\/04\/og-link-preview-1.png","contentUrl":"https:\/\/www.gpigroup.com\/app\/uploads\/2019\/04\/og-link-preview-1.png","width":1366,"height":768},{"@type":"BreadcrumbList","@id":"https:\/\/www.gpigroup.com\/fr-na\/contacter-gpi\/#breadcrumb","itemListElement":[{"@type":"ListItem","position":1,"name":"Home","item":"https:\/\/www.gpigroup.com\/fr-na\/"},{"@type":"ListItem","position":2,"name":"Contacter GPI"}]},{"@type":"WebSite","@id":"https:\/\/www.gpigroup.com\/fr-na\/#website","url":"https:\/\/www.gpigroup.com\/fr-na\/","name":"GPI","description":"The Healthcare Partner","publisher":{"@id":"https:\/\/www.gpigroup.com\/fr-na\/#organization"},"potentialAction":[{"@type":"SearchAction","target":{"@type":"EntryPoint","urlTemplate":"https:\/\/www.gpigroup.com\/fr-na\/?s={search_term_string}"},"query-input":{"@type":"PropertyValueSpecification","valueRequired":true,"valueName":"search_term_string"}}],"inLanguage":"fr-NA"},{"@type":"Organization","@id":"https:\/\/www.gpigroup.com\/fr-na\/#organization","name":"GPI S.p.A.","url":"https:\/\/www.gpigroup.com\/fr-na\/","logo":{"@type":"ImageObject","inLanguage":"fr-NA","@id":"https:\/\/www.gpigroup.com\/fr-na\/#\/schema\/logo\/image\/","url":"https:\/\/www.gpigroup.com\/app\/uploads\/2023\/03\/logo-GPI-2019-1.jpg","contentUrl":"https:\/\/www.gpigroup.com\/app\/uploads\/2023\/03\/logo-GPI-2019-1.jpg","width":1946,"height":1945,"caption":"GPI S.p.A."},"image":{"@id":"https:\/\/www.gpigroup.com\/fr-na\/#\/schema\/logo\/image\/"},"sameAs":["https:\/\/www.facebook.com\/GruppoGPI\/","https:\/\/www.linkedin.com\/company\/gpi-spa","http:\/\/www.youtube.com\/user\/GruppoGPI"]}]}},"_links":{"self":[{"href":"https:\/\/www.gpigroup.com\/fr-na\/wp-json\/wp\/v2\/pages\/144785","targetHints":{"allow":["GET"]}}],"collection":[{"href":"https:\/\/www.gpigroup.com\/fr-na\/wp-json\/wp\/v2\/pages"}],"about":[{"href":"https:\/\/www.gpigroup.com\/fr-na\/wp-json\/wp\/v2\/types\/page"}],"author":[{"embeddable":true,"href":"https:\/\/www.gpigroup.com\/fr-na\/wp-json\/wp\/v2\/users\/7"}],"replies":[{"embeddable":true,"href":"https:\/\/www.gpigroup.com\/fr-na\/wp-json\/wp\/v2\/comments?post=144785"}],"version-history":[{"count":14,"href":"https:\/\/www.gpigroup.com\/fr-na\/wp-json\/wp\/v2\/pages\/144785\/revisions"}],"predecessor-version":[{"id":169942,"href":"https:\/\/www.gpigroup.com\/fr-na\/wp-json\/wp\/v2\/pages\/144785\/revisions\/169942"}],"wp:featuredmedia":[{"embeddable":true,"href":"https:\/\/www.gpigroup.com\/fr-na\/wp-json\/wp\/v2\/media\/68632"}],"wp:attachment":[{"href":"https:\/\/www.gpigroup.com\/fr-na\/wp-json\/wp\/v2\/media?parent=144785"}],"curies":[{"name":"wp","href":"https:\/\/api.w.org\/{rel}","templated":true}]}}