{"id":87740,"date":"2021-04-23T13:43:16","date_gmt":"2021-04-23T11:43:16","guid":{"rendered":"https:\/\/www.gpi.it\/backup\/atencion-sanitaria-virtual\/"},"modified":"2023-04-17T10:52:23","modified_gmt":"2023-04-17T08:52:23","slug":"atencion-sanitaria-virtual","status":"publish","type":"page","link":"https:\/\/www.gpigroup.com\/es\/atencion-sanitaria-virtual\/","title":{"rendered":"Atenci\u00f3n sanitaria virtual"},"content":{"rendered":"<div class=\"wpb-content-wrapper\"><p>[vc_row full_width=&#8221;stretch_row&#8221; css=&#8221;.vc_custom_1553766882955{padding-bottom: 30px !important;}&#8221; el_class=&#8221;text-row my-0&#8243;][vc_column][vc_row_inner][vc_column_inner][vc_column_text]<\/p>\n<div class=\"row asa-title\">\n<div class=\"col-12 col-md-6\">\n<img loading=\"lazy\" decoding=\"async\" width=\"1024\" height=\"576\" src=\"https:\/\/www.gpigroup.com\/app\/uploads\/2019\/05\/asa_care.jpg\" class=\"asa-image asa-image-mobile rounded-circle d-md-none d-inline\" alt=\"Gpi Care\" srcset=\"https:\/\/www.gpigroup.com\/app\/uploads\/2019\/05\/asa_care.jpg 1024w, https:\/\/www.gpigroup.com\/app\/uploads\/2019\/05\/asa_care-300x169.jpg 300w, https:\/\/www.gpigroup.com\/app\/uploads\/2019\/05\/asa_care-768x432.jpg 768w\" sizes=\"auto, (max-width: 1024px) 100vw, 1024px\" \/>\n<div class=\"gpi_signature_title_tech\">\n<h1>Soluciones de<\/h1>\n<h1>Atenci\u00f3n Virtual<\/h1>\n<\/div>\n<\/div>\n<div class=\"col-12 col-md-6\">\n<div class=\"asa-symbol\"><img loading=\"lazy\" decoding=\"async\" class=\"alignnone size-medium wp-image-3122\" role=\"img\" src=\"https:\/\/www.gpigroup.com\/app\/uploads\/\/2019\/03\/care-1.svg\" alt=\"\" width=\"24\" height=\"24\" \/>\u00a0CARE<\/div>\n<\/div>\n<\/div>\n<p>[\/vc_column_text][\/vc_column_inner][\/vc_row_inner][vc_row_inner el_class=&#8221;bl-body&#8221;][vc_column_inner width=&#8221;1\/3&#8243;][vc_column_text]<img loading=\"lazy\" decoding=\"async\" width=\"1024\" height=\"576\" src=\"https:\/\/www.gpigroup.com\/app\/uploads\/2019\/05\/asa_care.jpg\" class=\"asa-image rounded-circle d-md-inline d-none\" alt=\"Gpi Care\" srcset=\"https:\/\/www.gpigroup.com\/app\/uploads\/2019\/05\/asa_care.jpg 1024w, https:\/\/www.gpigroup.com\/app\/uploads\/2019\/05\/asa_care-300x169.jpg 300w, https:\/\/www.gpigroup.com\/app\/uploads\/2019\/05\/asa_care-768x432.jpg 768w\" sizes=\"auto, (max-width: 1024px) 100vw, 1024px\" \/>[\/vc_column_text][\/vc_column_inner][vc_column_inner width=&#8221;2\/3&#8243;][vc_column_text el_class=&#8221;entice&#8221;]<\/p>\n<h3>Pohema, la soluci\u00f3n modular y fiable para la nueva demanda sanitaria<\/h3>\n<p>[\/vc_column_text][vc_column_text]<strong>POHEMA<\/strong> es la nueva soluci\u00f3n modular BPC (Business Package Capabilities) de atenci\u00f3n sanitaria virtual que se adapta a los escenarios de un futuro en constante cambio. Un sistema de microservicios aplicativos, tecnol\u00f3gicos y humanos para gestionar todos los aspectos de la atenci\u00f3n virtual.<\/p>\n<p><img loading=\"lazy\" decoding=\"async\" class=\"wp-image-99724 size-large\" src=\"https:\/\/www.gpigroup.com\/app\/uploads\/2023\/03\/immagine-composizione-Pohema-ENG-1-1024x865.jpg\" alt=\"GPI Virtual Care Solutions - POHEMA\" width=\"640\" height=\"541\" srcset=\"https:\/\/www.gpigroup.com\/app\/uploads\/2023\/03\/immagine-composizione-Pohema-ENG-1-1024x865.jpg 1024w, https:\/\/www.gpigroup.com\/app\/uploads\/2023\/03\/immagine-composizione-Pohema-ENG-1-300x254.jpg 300w, https:\/\/www.gpigroup.com\/app\/uploads\/2023\/03\/immagine-composizione-Pohema-ENG-1-768x649.jpg 768w, https:\/\/www.gpigroup.com\/app\/uploads\/2023\/03\/immagine-composizione-Pohema-ENG-1-1536x1298.jpg 1536w, https:\/\/www.gpigroup.com\/app\/uploads\/2023\/03\/immagine-composizione-Pohema-ENG-1-2048x1731.jpg 2048w\" sizes=\"auto, (max-width: 640px) 100vw, 640px\" \/><\/p>\n<p>La fuerza de POHEMA radica en su versatilidad: un conjunto de herramientas que pueden combinarse para soportar innumerables tipos de flujo de trabajo, adapt\u00e1ndose a cualquier tipo de contexto, dentro de un marco general de contenci\u00f3n de costes.<\/p>\n<p><em><strong>Incluso en caso de urgencia, mejora la calidad de vida del paciente y facilita la labor del personal sanitario.<\/strong><\/em><\/p>\n<p>El sistema puede configurarse de infinitas maneras: los componentes pueden seleccionarse e implementarse progresivamente, en funci\u00f3n de los requisitos del territorio y\/o la patolog\u00eda espec\u00edficos:<\/p>\n<ul>\n<li>Monitorizaci\u00f3n y geolocalizaci\u00f3n de pacientes en funci\u00f3n del riesgo<\/li>\n<li>Portal del paciente<\/li>\n<li>Plataforma de telemedicina y telesalud<\/li>\n<li>Interacci\u00f3n con el paciente por videochat<\/li>\n<li>Tele-rehabilitaci\u00f3n<\/li>\n<li>D<span style=\"background-color: var(--bs-body-bg); color: var(--bs-body-color); font-family: var(--bs-body-font-family); font-size: var(--bs-body-font-size); font-weight: var(--bs-body-font-weight); text-align: var(--bs-body-text-align);\">ispositivos inteligentes y paneles de control<\/span><\/li>\n<li><span style=\"background-color: var(--bs-body-bg); color: var(--bs-body-color); font-family: var(--bs-body-font-family); font-size: var(--bs-body-font-size); font-weight: var(--bs-body-font-weight); text-align: var(--bs-body-text-align);\">Centros de servicios especializados para apoyar a toda la red de cuidadores<\/span><\/li>\n<li>Algoritmos de I.A.<\/li>\n<li>Terap\u00e9utica digital<\/li>\n<\/ul>\n<p>Se han redise\u00f1ado los procesos y los modelos organizativos para ayudar a nuestros clientes a conseguir un proyecto sanitario a medida que posibilite unos itinerarios asistenciales y de cuidados digitales adecuados. Podemos ofrecer consultor\u00eda operativa y metodol\u00f3gica para responder a la nueva demanda de salud, en un contexto de colaboraci\u00f3n entre todos los agentes del sistema.[\/vc_column_text][\/vc_column_inner][\/vc_row_inner][vc_row_inner disable_element=&#8221;yes&#8221; el_class=&#8221;bl-body&#8221;][vc_column_inner width=&#8221;1\/3&#8243;][\/vc_column_inner][vc_column_inner width=&#8221;2\/3&#8243;][vc_column_text el_class=&#8221;entice&#8221;]<\/p>\n<h2>Migliora la qualit\u00e0 di vita del paziente, agevola e ottimizza il lavoro di medici e operatori sanitari.<\/h2>\n<p>[\/vc_column_text][vc_column_text]<\/p>\n<p class=\"western\">PHEBO\u00ae \u00e8 L\u2019innovativo sistema di e-Health Care a supporto delle molteplici attivit\u00e0 di telemedicina e teleassistenza che contribuisce sostanzialmente al miglioramento della qualit\u00e0 della vita per una vasta fascia di popolazione, in un quadro generale di contenimento dei costi.<\/p>\n<p class=\"western\">La piattaforma PHEBO\u00ae coniuga tecnologie informatiche di ultima generazione e dispositivi portatili evoluti per offrire servizi sanitari a distanza che consentono di gestire l\u2019acquisizione dei parametri fisiologici vitali, la videocomunicazione, i questionari ed i file multimediali.<\/p>\n<p class=\"western\">Lo scambio di dati sicuro e tempestivo rispetta gli standard di sicurezza richiesti per gli ambienti sanitari, in conformit\u00e0 con le norme di tutela della privacy dei pazienti.<\/p>\n<p class=\"western\">Certificato ISO 13485 e 93\/42\/CEE<\/p>\n<p>[\/vc_column_text][vc_column_text]<button class=\"btn btn-underlined mb-4 ml-auto collapsed\" type=\"button\" data-toggle=\"collapse\" data-target=\"#show_more\" aria-expanded=\"false\" aria-controls=\"show_more\">Scopri di pi\u00f9<\/button><\/p>\n<div id=\"show_more\" class=\"collapse\">\n<div class=\"row line-height-small\">\n<div class=\"col-12\">\n<p>PHEBO\u00ae (Platform for Hi-tech \/ Hi-touch Evaluation of Biometrics Observation) \u00e8 un affidabile strumento di ausilio di cui il personale sanitario pu\u00f2 avvalersi, per la gestione di pazienti affetti da varie patologie, quali ad esempio scompenso cardiaco, diabete e BPCO. E grazie alla raccolta delle informazioni \u00e8 in grado di pianificare, modificare rapidamente una terapia farmacologica, oppure programmare nuovi interventi.<\/p>\n<p>La piattaforma \u00e8 composta da moduli software cooperanti e interoperabili che garantiscono soluzioni personalizzate di telemedicina e teleassistenza, adattabili ai vari scenari del settore sanitario.<\/p>\n<h3>eVoDroid<\/h3>\n<p class=\"lead\">APP su smartphone a supporto delle attivit\u00e0 domiciliari del paziente.<\/p>\n<h3>eVoNurse<\/h3>\n<p class=\"lead\">APP su tablet a supporto delle attivit\u00e0 del personale infermieristico.<\/p>\n<h3>eVoMed<\/h3>\n<p class=\"lead\">Portale del personale sanitario: WEBAPP per le attivit\u00e0 di parametrizzazione, monitoraggio e controllo.<\/p>\n<h3>eVoCore<\/h3>\n<p class=\"lead\">Componente tecnologica che governa in modalit\u00e0 centralizzata il funzionamento della piattaforma, in particolare le transazioni tra le Stazioni Intelligenti di Monitoraggio (SIM) dedicate ai pazienti e la Centrale d\u2019ascolto.<\/p>\n<h3>eVoCam<\/h3>\n<p class=\"lead\">Software per la gestione delle comunicazioni audio-video.<\/p>\n<h3>eVo@HOME<\/h3>\n<p class=\"lead\">Applicazione che permette al paziente di accedere ai servizi, presso il proprio domicilio.<\/p>\n<h3>eVoCall<\/h3>\n<p class=\"lead\">Applicazione per l\u2019accesso ai servizi, dedicata agli operatori della Sala Operativa Centrale e ai medici di Reparto.<\/p>\n<h3>eVoGate<\/h3>\n<p class=\"lead\">Modulo di integrazione con sistemi di terze parti (es. cartelle cliniche, SIO, ecc..).<\/p>\n<\/div>\n<\/div>\n<div class=\"row\">\n<div class=\"col-12\"><button class=\"btn btn-underlined mb-4 mt-4 ml-auto hide-collapsable\" type=\"button\" data-toggle=\"collapse\" data-target=\"#show_more\" aria-expanded=\"false\" aria-controls=\"show_more\">Nascondi<\/button><\/div>\n<\/div>\n<\/div>\n<p>[\/vc_column_text][\/vc_column_inner][\/vc_row_inner][\/vc_column][\/vc_row]<\/p>\n[vc_row full_width=\"stretch_row\" el_class=\"vision mb-0 gpi-orange-bg\"][vc_column offset=\"vc_col-lg-3 vc_col-xs-12\"][vc_column_text]\n<h4>Contact our sales team<\/h4>[\/vc_column_text][\/vc_column][vc_column width=\"3\/4\" offset=\"vc_col-lg-offset-0 vc_col-sm-offset-3 vc_col-xs-12\"][vc_raw_html]JTVCY29udGFjdC1mb3JtLTclMjBpZCUzRCUyMjg1NDc5JTIyJTIwdGl0bGUlM0QlMjJCdXNpbmVzcyUyMGxpbmUlMjBmb3JtJTIyJTIwaHRtbF9pZCUzRCUyMmdwaS1jb250YWN0LWZvcm0lMjIlNUQ=[\/vc_raw_html][\/vc_column][\/vc_row]<\/div>","protected":false},"excerpt":{"rendered":"<p>[vc_row full_width=&#8221;stretch_row&#8221; css=&#8221;.vc_custom_1553766882955{padding-bottom: 30px !important;}&#8221; el_class=&#8221;text-row my-0&#8243;][vc_column][vc_row_inner][vc_column_inner][vc_column_text] Soluciones de Atenci\u00f3n Virtual \u00a0CARE [\/vc_column_text][\/vc_column_inner][\/vc_row_inner][vc_row_inner el_class=&#8221;bl-body&#8221;][vc_column_inner width=&#8221;1\/3&#8243;][vc_column_text][\/vc_column_text][\/vc_column_inner][vc_column_inner width=&#8221;2\/3&#8243;][vc_column_text el_class=&#8221;entice&#8221;] Pohema, la soluci\u00f3n modular y fiable para la nueva demanda sanitaria [\/vc_column_text][vc_column_text]POHEMA es la nueva soluci\u00f3n modular BPC (Business Package Capabilities) de atenci\u00f3n sanitaria virtual que se adapta a los escenarios de un futuro en constante cambio. Un<\/p>\n","protected":false},"author":23,"featured_media":68633,"parent":0,"menu_order":0,"comment_status":"closed","ping_status":"closed","template":"","meta":{"footnotes":""},"class_list":["post-87740","page","type-page","status-publish","has-post-thumbnail","hentry","client_type-sanidad-privada","client_type-sanidad-publica","page_category-line-of-business-es","section-offerta","business_line-care"],"yoast_head":"<!-- This site is optimized with the Yoast SEO plugin v27.1.1 - https:\/\/yoast.com\/product\/yoast-seo-wordpress\/ -->\n<title>Pohema, atenci\u00f3n sanitaria virtual y telemedicina de GPI<\/title>\n<meta name=\"description\" content=\"Soluciones de atenci\u00f3n virtual para dar soporte a actividades de telemedicina y teleasistencia.\" \/>\n<meta name=\"robots\" content=\"index, follow, max-snippet:-1, max-image-preview:large, max-video-preview:-1\" \/>\n<link rel=\"canonical\" href=\"https:\/\/www.gpigroup.com\/es\/atencion-sanitaria-virtual\/\" \/>\n<meta property=\"og:locale\" content=\"es_ES\" \/>\n<meta property=\"og:type\" content=\"article\" \/>\n<meta property=\"og:title\" content=\"Pohema, atenci\u00f3n sanitaria virtual y telemedicina de GPI\" \/>\n<meta property=\"og:description\" content=\"Soluciones de atenci\u00f3n virtual para dar soporte a actividades de telemedicina y teleasistencia.\" \/>\n<meta property=\"og:url\" content=\"https:\/\/www.gpigroup.com\/es\/atencion-sanitaria-virtual\/\" \/>\n<meta property=\"og:site_name\" content=\"GPI\" \/>\n<meta property=\"article:publisher\" content=\"https:\/\/www.facebook.com\/GruppoGPI\/\" \/>\n<meta property=\"article:modified_time\" content=\"2023-04-17T08:52:23+00:00\" \/>\n<meta property=\"og:image\" content=\"https:\/\/www.gpigroup.com\/app\/uploads\/2019\/04\/og-link-preview-1.png\" \/>\n\t<meta property=\"og:image:width\" content=\"1366\" \/>\n\t<meta property=\"og:image:height\" content=\"768\" \/>\n\t<meta property=\"og:image:type\" content=\"image\/png\" \/>\n<meta name=\"twitter:card\" content=\"summary_large_image\" \/>\n<meta name=\"twitter:label1\" content=\"Est. reading time\" \/>\n\t<meta name=\"twitter:data1\" content=\"4 minutes\" \/>\n<script type=\"application\/ld+json\" class=\"yoast-schema-graph\">{\"@context\":\"https:\/\/schema.org\",\"@graph\":[{\"@type\":\"WebPage\",\"@id\":\"https:\/\/www.gpigroup.com\/es\/atencion-sanitaria-virtual\/\",\"url\":\"https:\/\/www.gpigroup.com\/es\/atencion-sanitaria-virtual\/\",\"name\":\"Pohema, atenci\u00f3n sanitaria virtual y telemedicina de GPI\",\"isPartOf\":{\"@id\":\"https:\/\/www.gpigroup.com\/es\/#website\"},\"primaryImageOfPage\":{\"@id\":\"https:\/\/www.gpigroup.com\/es\/atencion-sanitaria-virtual\/#primaryimage\"},\"image\":{\"@id\":\"https:\/\/www.gpigroup.com\/es\/atencion-sanitaria-virtual\/#primaryimage\"},\"thumbnailUrl\":\"https:\/\/www.gpigroup.com\/app\/uploads\/2019\/04\/og-link-preview-1.png\",\"datePublished\":\"2021-04-23T11:43:16+00:00\",\"dateModified\":\"2023-04-17T08:52:23+00:00\",\"description\":\"Soluciones de atenci\u00f3n virtual para dar soporte a actividades de telemedicina y teleasistencia.\",\"breadcrumb\":{\"@id\":\"https:\/\/www.gpigroup.com\/es\/atencion-sanitaria-virtual\/#breadcrumb\"},\"inLanguage\":\"es-ES\",\"potentialAction\":[{\"@type\":\"ReadAction\",\"target\":[\"https:\/\/www.gpigroup.com\/es\/atencion-sanitaria-virtual\/\"]}]},{\"@type\":\"ImageObject\",\"inLanguage\":\"es-ES\",\"@id\":\"https:\/\/www.gpigroup.com\/es\/atencion-sanitaria-virtual\/#primaryimage\",\"url\":\"https:\/\/www.gpigroup.com\/app\/uploads\/2019\/04\/og-link-preview-1.png\",\"contentUrl\":\"https:\/\/www.gpigroup.com\/app\/uploads\/2019\/04\/og-link-preview-1.png\",\"width\":1366,\"height\":768},{\"@type\":\"BreadcrumbList\",\"@id\":\"https:\/\/www.gpigroup.com\/es\/atencion-sanitaria-virtual\/#breadcrumb\",\"itemListElement\":[{\"@type\":\"ListItem\",\"position\":1,\"name\":\"Home\",\"item\":\"https:\/\/www.gpigroup.com\/es\/\"},{\"@type\":\"ListItem\",\"position\":2,\"name\":\"Atenci\u00f3n sanitaria virtual\"}]},{\"@type\":\"WebSite\",\"@id\":\"https:\/\/www.gpigroup.com\/es\/#website\",\"url\":\"https:\/\/www.gpigroup.com\/es\/\",\"name\":\"GPI\",\"description\":\"The Healthcare Partner\",\"publisher\":{\"@id\":\"https:\/\/www.gpigroup.com\/es\/#organization\"},\"potentialAction\":[{\"@type\":\"SearchAction\",\"target\":{\"@type\":\"EntryPoint\",\"urlTemplate\":\"https:\/\/www.gpigroup.com\/es\/?s={search_term_string}\"},\"query-input\":{\"@type\":\"PropertyValueSpecification\",\"valueRequired\":true,\"valueName\":\"search_term_string\"}}],\"inLanguage\":\"es-ES\"},{\"@type\":\"Organization\",\"@id\":\"https:\/\/www.gpigroup.com\/es\/#organization\",\"name\":\"GPI S.p.A.\",\"url\":\"https:\/\/www.gpigroup.com\/es\/\",\"logo\":{\"@type\":\"ImageObject\",\"inLanguage\":\"es-ES\",\"@id\":\"https:\/\/www.gpigroup.com\/es\/#\/schema\/logo\/image\/\",\"url\":\"https:\/\/www.gpigroup.com\/app\/uploads\/2023\/03\/logo-GPI-2019-1.jpg\",\"contentUrl\":\"https:\/\/www.gpigroup.com\/app\/uploads\/2023\/03\/logo-GPI-2019-1.jpg\",\"width\":1946,\"height\":1945,\"caption\":\"GPI S.p.A.\"},\"image\":{\"@id\":\"https:\/\/www.gpigroup.com\/es\/#\/schema\/logo\/image\/\"},\"sameAs\":[\"https:\/\/www.facebook.com\/GruppoGPI\/\",\"https:\/\/www.linkedin.com\/company\/gpi-spa\",\"http:\/\/www.youtube.com\/user\/GruppoGPI\"]}]}<\/script>\n<!-- \/ Yoast SEO plugin. -->","yoast_head_json":{"title":"Pohema, atenci\u00f3n sanitaria virtual y telemedicina de GPI","description":"Soluciones de atenci\u00f3n virtual para dar soporte a actividades de telemedicina y teleasistencia.","robots":{"index":"index","follow":"follow","max-snippet":"max-snippet:-1","max-image-preview":"max-image-preview:large","max-video-preview":"max-video-preview:-1"},"canonical":"https:\/\/www.gpigroup.com\/es\/atencion-sanitaria-virtual\/","og_locale":"es_ES","og_type":"article","og_title":"Pohema, atenci\u00f3n sanitaria virtual y telemedicina de GPI","og_description":"Soluciones de atenci\u00f3n virtual para dar soporte a actividades de telemedicina y teleasistencia.","og_url":"https:\/\/www.gpigroup.com\/es\/atencion-sanitaria-virtual\/","og_site_name":"GPI","article_publisher":"https:\/\/www.facebook.com\/GruppoGPI\/","article_modified_time":"2023-04-17T08:52:23+00:00","og_image":[{"width":1366,"height":768,"url":"https:\/\/www.gpigroup.com\/app\/uploads\/2019\/04\/og-link-preview-1.png","type":"image\/png"}],"twitter_card":"summary_large_image","twitter_misc":{"Est. reading time":"4 minutes"},"schema":{"@context":"https:\/\/schema.org","@graph":[{"@type":"WebPage","@id":"https:\/\/www.gpigroup.com\/es\/atencion-sanitaria-virtual\/","url":"https:\/\/www.gpigroup.com\/es\/atencion-sanitaria-virtual\/","name":"Pohema, atenci\u00f3n sanitaria virtual y telemedicina de GPI","isPartOf":{"@id":"https:\/\/www.gpigroup.com\/es\/#website"},"primaryImageOfPage":{"@id":"https:\/\/www.gpigroup.com\/es\/atencion-sanitaria-virtual\/#primaryimage"},"image":{"@id":"https:\/\/www.gpigroup.com\/es\/atencion-sanitaria-virtual\/#primaryimage"},"thumbnailUrl":"https:\/\/www.gpigroup.com\/app\/uploads\/2019\/04\/og-link-preview-1.png","datePublished":"2021-04-23T11:43:16+00:00","dateModified":"2023-04-17T08:52:23+00:00","description":"Soluciones de atenci\u00f3n virtual para dar soporte a actividades de telemedicina y teleasistencia.","breadcrumb":{"@id":"https:\/\/www.gpigroup.com\/es\/atencion-sanitaria-virtual\/#breadcrumb"},"inLanguage":"es-ES","potentialAction":[{"@type":"ReadAction","target":["https:\/\/www.gpigroup.com\/es\/atencion-sanitaria-virtual\/"]}]},{"@type":"ImageObject","inLanguage":"es-ES","@id":"https:\/\/www.gpigroup.com\/es\/atencion-sanitaria-virtual\/#primaryimage","url":"https:\/\/www.gpigroup.com\/app\/uploads\/2019\/04\/og-link-preview-1.png","contentUrl":"https:\/\/www.gpigroup.com\/app\/uploads\/2019\/04\/og-link-preview-1.png","width":1366,"height":768},{"@type":"BreadcrumbList","@id":"https:\/\/www.gpigroup.com\/es\/atencion-sanitaria-virtual\/#breadcrumb","itemListElement":[{"@type":"ListItem","position":1,"name":"Home","item":"https:\/\/www.gpigroup.com\/es\/"},{"@type":"ListItem","position":2,"name":"Atenci\u00f3n sanitaria virtual"}]},{"@type":"WebSite","@id":"https:\/\/www.gpigroup.com\/es\/#website","url":"https:\/\/www.gpigroup.com\/es\/","name":"GPI","description":"The Healthcare Partner","publisher":{"@id":"https:\/\/www.gpigroup.com\/es\/#organization"},"potentialAction":[{"@type":"SearchAction","target":{"@type":"EntryPoint","urlTemplate":"https:\/\/www.gpigroup.com\/es\/?s={search_term_string}"},"query-input":{"@type":"PropertyValueSpecification","valueRequired":true,"valueName":"search_term_string"}}],"inLanguage":"es-ES"},{"@type":"Organization","@id":"https:\/\/www.gpigroup.com\/es\/#organization","name":"GPI S.p.A.","url":"https:\/\/www.gpigroup.com\/es\/","logo":{"@type":"ImageObject","inLanguage":"es-ES","@id":"https:\/\/www.gpigroup.com\/es\/#\/schema\/logo\/image\/","url":"https:\/\/www.gpigroup.com\/app\/uploads\/2023\/03\/logo-GPI-2019-1.jpg","contentUrl":"https:\/\/www.gpigroup.com\/app\/uploads\/2023\/03\/logo-GPI-2019-1.jpg","width":1946,"height":1945,"caption":"GPI S.p.A."},"image":{"@id":"https:\/\/www.gpigroup.com\/es\/#\/schema\/logo\/image\/"},"sameAs":["https:\/\/www.facebook.com\/GruppoGPI\/","https:\/\/www.linkedin.com\/company\/gpi-spa","http:\/\/www.youtube.com\/user\/GruppoGPI"]}]}},"_links":{"self":[{"href":"https:\/\/www.gpigroup.com\/es\/wp-json\/wp\/v2\/pages\/87740","targetHints":{"allow":["GET"]}}],"collection":[{"href":"https:\/\/www.gpigroup.com\/es\/wp-json\/wp\/v2\/pages"}],"about":[{"href":"https:\/\/www.gpigroup.com\/es\/wp-json\/wp\/v2\/types\/page"}],"author":[{"embeddable":true,"href":"https:\/\/www.gpigroup.com\/es\/wp-json\/wp\/v2\/users\/23"}],"replies":[{"embeddable":true,"href":"https:\/\/www.gpigroup.com\/es\/wp-json\/wp\/v2\/comments?post=87740"}],"version-history":[{"count":9,"href":"https:\/\/www.gpigroup.com\/es\/wp-json\/wp\/v2\/pages\/87740\/revisions"}],"predecessor-version":[{"id":101262,"href":"https:\/\/www.gpigroup.com\/es\/wp-json\/wp\/v2\/pages\/87740\/revisions\/101262"}],"wp:featuredmedia":[{"embeddable":true,"href":"https:\/\/www.gpigroup.com\/es\/wp-json\/wp\/v2\/media\/68633"}],"wp:attachment":[{"href":"https:\/\/www.gpigroup.com\/es\/wp-json\/wp\/v2\/media?parent=87740"}],"curies":[{"name":"wp","href":"https:\/\/api.w.org\/{rel}","templated":true}]}}