{"id":86657,"date":"2022-12-09T13:43:44","date_gmt":"2022-12-09T12:43:44","guid":{"rendered":"https:\/\/www.gpi.it\/backup\/?page_id=86657"},"modified":"2022-12-13T09:55:34","modified_gmt":"2022-12-13T08:55:34","slug":"laboratorio-midlleware","status":"publish","type":"page","link":"https:\/\/www.gpigroup.com\/es\/laboratorio-midlleware\/","title":{"rendered":"Laboratorio LIS"},"content":{"rendered":"<div class=\"wpb-content-wrapper\"><p>[vc_row full_width=&#8221;stretch_row&#8221; el_class=&#8221;text-row my-0&#8243;][vc_column][vc_row_inner][vc_column_inner][vc_column_text]<\/p>\n<div class=\"row asa-title\">\n<div class=\"col-12 col-md-6\">\n<img loading=\"lazy\" decoding=\"async\" width=\"1024\" height=\"576\" src=\"https:\/\/www.gpigroup.com\/app\/uploads\/2019\/05\/asa_software.jpg\" class=\"asa-image asa-image-mobile rounded-circle d-md-none d-inline\" alt=\"GPI Software\" srcset=\"https:\/\/www.gpigroup.com\/app\/uploads\/2019\/05\/asa_software.jpg 1024w, https:\/\/www.gpigroup.com\/app\/uploads\/2019\/05\/asa_software-300x169.jpg 300w, https:\/\/www.gpigroup.com\/app\/uploads\/2019\/05\/asa_software-768x432.jpg 768w\" sizes=\"auto, (max-width: 1024px) 100vw, 1024px\" \/>\n<div class=\"gpi_signature_title_tech\">\n<h1>Laboratorio y Middleware<\/h1>\n<\/div>\n<\/div>\n<div class=\"col-12 col-md-6\">\n<div class=\"asa-symbol\"><img loading=\"lazy\" decoding=\"async\" class=\"alignnone size-medium wp-image-3055\" role=\"img\" src=\"https:\/\/www.gpi.it\/app\/uploads\/\/2019\/03\/Software-1.svg\" alt=\"\" width=\"24\" height=\"24\" \/>\u00a0SOFTWARE<\/div>\n<\/div>\n<\/div>\n<p>[\/vc_column_text][\/vc_column_inner][\/vc_row_inner][vc_row_inner el_class=&#8221;bl-body&#8221;][vc_column_inner width=&#8221;1\/3&#8243;][vc_column_text]<img loading=\"lazy\" decoding=\"async\" width=\"1024\" height=\"576\" src=\"https:\/\/www.gpigroup.com\/app\/uploads\/2019\/05\/asa_software.jpg\" class=\"asa-image rounded-circle d-md-inline d-none\" alt=\"GPI Software\" srcset=\"https:\/\/www.gpigroup.com\/app\/uploads\/2019\/05\/asa_software.jpg 1024w, https:\/\/www.gpigroup.com\/app\/uploads\/2019\/05\/asa_software-300x169.jpg 300w, https:\/\/www.gpigroup.com\/app\/uploads\/2019\/05\/asa_software-768x432.jpg 768w\" sizes=\"auto, (max-width: 1024px) 100vw, 1024px\" \/>[\/vc_column_text][\/vc_column_inner][vc_column_inner width=&#8221;2\/3&#8243;][vc_column_text el_class=&#8221;entice&#8221;]<\/p>\n<h2>Soluciones inform\u00e1ticas para la gesti\u00f3n de laboratorio y conexiones con instrumentos<\/h2>\n<p>[\/vc_column_text][vc_column_text]Nuestro software para laboratorios c<span style=\"background-color: var(--bs-body-bg); color: var(--bs-body-color); font-family: var(--bs-body-font-family); font-size: var(--bs-body-font-size); text-align: var(--bs-body-text-align);\">ubre tanto las necesidades ligadas a la actividad del laboratorio, como las propias del negocio de los laboratorios actuales, proporcionando un <\/span>flujo de trabajo intuitivo y eficiente<span style=\"background-color: var(--bs-body-bg); color: var(--bs-body-color); font-family: var(--bs-body-font-family); font-size: var(--bs-body-font-size); text-align: var(--bs-body-text-align);\"> que hace posible una obtenci\u00f3n r\u00e1pida y precisa de los resultados.<\/span>[\/vc_column_text][\/vc_column_inner][\/vc_row_inner][vc_row_inner][vc_column_inner width=&#8221;1\/3&#8243;][\/vc_column_inner][vc_column_inner width=&#8221;2\/3&#8243;][vc_column_text]<\/p>\n<h3>Resultados r\u00e1pidos y precisos<\/h3>\n<p>Cubre tanto las necesidades ligadas a la actividad del laboratorio, como las propias del negocio de los laboratorios actuales, proporcionando un flujo de trabajo intuitivo y eficiente.<\/p>\n<p>Permite la automatizaci\u00f3n de todos los procesos del laboratorio, desde la fase pre-anal\u00edtica, hasta la anal\u00edtica y la post-anal\u00edtica, optimizando las actividades, maximizando la productividad y mejorando el control de calidad del laboratorio.<\/p>\n<h3>Comunicaci\u00f3n con equipos<\/h3>\n<p>Nuestras soluciones inform\u00e1ticas permiten conectar los equipos de laboratorio con cualquier software BBMS\/LIS en modo Host-query. Con acceso <em>online<\/em>, se gu\u00edan por un protocolo de comunicaciones ASTM mejorado.<\/p>\n<p>El interface de usuario permite revisar muestras, resultados y perfiles independientemente de la ubicaci\u00f3n de los mismos y disponer de un entorno \u00fanico para la gesti\u00f3n y control de la inmunohematolog\u00eda y serolog\u00eda.<\/p>\n<h3>Configuraci\u00f3n del sistema y sus informes<\/h3>\n<p>Las caracter\u00edsticas de arquitectura de software y las herramientas de configuraci\u00f3n, permiten a los usuarios adaptar el sistema a los laboratorios pudiendo customizar entre otros:<\/p>\n<ul>\n<li>Secciones de laboratorio.<\/li>\n<li>Listas de trabajo.<\/li>\n<li>Espec\u00edmenes y tipos de muestra.<\/li>\n<li>Test de laboratorio y pruebas anal\u00edticas.<\/li>\n<li>Resultados anal\u00edticos.<\/li>\n<li>Usuarios implicados.<\/li>\n<li>Etiquetas e informes.<\/li>\n<\/ul>\n<p>Incluye un potente motor de gesti\u00f3n de informes predefinidos pudiendo personalizarlos a medida en cualquier momento tanto en formato como en elementos. Tiene adem\u00e1s un Panel de Control KPI creado espec\u00edficamente para cada cliente en tiempo real. Estos informes pueden comunicar resultados directamente o proporcionando acceso v\u00eda Web a los Servidores de Resultados.[\/vc_column_text][vc_raw_html]JTNDcCUzRSUzQ2ElMjBjbGFzcyUzRCUyMmJ0biUyMGRvY3VtZW50JTIwYnRuLXB1cnBsZSUyMiUyMGhyZWYlM0QlMjJodHRwcyUzQSUyRiUyRnd3dy5ncGkuaXQlMkZiYWNrdXAlMkZhcHAlMkZ1cGxvYWRzJTJGMjAyMiUyRjEyJTJGZS1EZWxwaHluTElTX0E0LS5wZGYlMjIlMjB0YXJnZXQlM0QlMjJfYmxhbmslMjIlMjByZWwlM0QlMjJub29wZW5lciUyMG5vcmVmZXJyZXIlMjIlM0VDYXQlQzMlQTFsb2dvJTNDJTJGYSUzRSUzQyUyRnAlM0U=[\/vc_raw_html][\/vc_column_inner][\/vc_row_inner][\/vc_column][\/vc_row][vc_row full_width=&#8221;stretch_row&#8221; el_class=&#8221;text-row my-0 bl-body features&#8221;][vc_column][vc_row_inner][vc_column_inner width=&#8221;1\/3&#8243;][vc_column_text css=&#8221;.vc_custom_1668682597535{padding-right: 20px !important;}&#8221;]<\/p>\n<h1>Elige nuestras soluciones inform\u00e1ticas<\/h1>\n<p>[\/vc_column_text][\/vc_column_inner][vc_column_inner width=&#8221;2\/3&#8243;][vc_column_text]<\/p>\n<h3>COMPLETAS<\/h3>\n<ul>\n<li><span id=\"emoji-info-value\">C<\/span>ompatibles con HL7 y con cualquier Registro Electr\u00f3nico de Salud.<\/li>\n<li>Actualizaciones tiempo real, ahorrando tiempo y reduciendo los errores.<\/li>\n<li>Facilidad de integraci\u00f3n con conexiones uni y bidireccionales.<\/li>\n<li>Comunicabilidad con instrumentos de laboratorio.<\/li>\n<\/ul>\n<h3>SEGURAS<\/h3>\n<ul>\n<li>Control mediante contrase\u00f1as de acuerdo con las pautas m\u00e1s exigentes.<\/li>\n<li><span id=\"emoji-info-value\">Acceso configurable seg\u00fan los roles de los usuarios.<\/span><\/li>\n<li>Completa trazabilidad del proceso para el control completo de los resultados.<\/li>\n<li>Salvaguarda continua de los activos de informaci\u00f3n existentes.<\/li>\n<\/ul>\n<h3>EFICACES<\/h3>\n<ul>\n<li>Soluciones totalmente basadas en la web.<\/li>\n<li>Compatibles con todos los sistemas operativos y gestores de bases de datos.<\/li>\n<li><span id=\"emoji-info-value\">P<\/span>ermiten un despliegue gradual mediante la inclusi\u00f3n de diferentes m\u00f3dulos.<\/li>\n<li>Flexibilidad para adaptarse a cualquier formato organizativo.<\/li>\n<li>Configuraci\u00f3n y experiencia de usuario simple e intuitiva.<\/li>\n<\/ul>\n<p>&nbsp;<\/p>\n<p>[\/vc_column_text][\/vc_column_inner][\/vc_row_inner][\/vc_column][\/vc_row]<\/p>\n[vc_row full_width=\"stretch_row\" el_class=\"vision mb-0 gpi-orange-bg\"][vc_column offset=\"vc_col-lg-3 vc_col-xs-12\"][vc_column_text]\n<h4>Contact our sales team<\/h4>[\/vc_column_text][\/vc_column][vc_column width=\"3\/4\" offset=\"vc_col-lg-offset-0 vc_col-sm-offset-3 vc_col-xs-12\"][vc_raw_html]JTVCY29udGFjdC1mb3JtLTclMjBpZCUzRCUyMjg1NDc5JTIyJTIwdGl0bGUlM0QlMjJCdXNpbmVzcyUyMGxpbmUlMjBmb3JtJTIyJTIwaHRtbF9pZCUzRCUyMmdwaS1jb250YWN0LWZvcm0lMjIlNUQ=[\/vc_raw_html][\/vc_column][\/vc_row]<\/div>","protected":false},"excerpt":{"rendered":"<p>[vc_row full_width=&#8221;stretch_row&#8221; el_class=&#8221;text-row my-0&#8243;][vc_column][vc_row_inner][vc_column_inner][vc_column_text] Laboratorio y Middleware \u00a0SOFTWARE [\/vc_column_text][\/vc_column_inner][\/vc_row_inner][vc_row_inner el_class=&#8221;bl-body&#8221;][vc_column_inner width=&#8221;1\/3&#8243;][vc_column_text][\/vc_column_text][\/vc_column_inner][vc_column_inner width=&#8221;2\/3&#8243;][vc_column_text el_class=&#8221;entice&#8221;] Soluciones inform\u00e1ticas para la gesti\u00f3n de laboratorio y conexiones con instrumentos [\/vc_column_text][vc_column_text]Nuestro software para laboratorios cubre tanto las necesidades ligadas a la actividad del laboratorio, como las propias del negocio de los laboratorios actuales, proporcionando un flujo de trabajo intuitivo y eficiente<\/p>\n","protected":false},"author":31,"featured_media":5153,"parent":0,"menu_order":0,"comment_status":"closed","ping_status":"closed","template":"","meta":{"footnotes":""},"class_list":["post-86657","page","type-page","status-publish","has-post-thumbnail","hentry","section-offerta","business_line-software"],"yoast_head":"<!-- This site is optimized with the Yoast SEO plugin v27.1.1 - https:\/\/yoast.com\/product\/yoast-seo-wordpress\/ -->\n<title>Laboratorio y Middleware<\/title>\n<meta name=\"description\" content=\"Nuestro software para banco de sangre asegura todo el proceso de donaci\u00f3n y permite una transfusi\u00f3n segura.\" \/>\n<meta name=\"robots\" content=\"index, follow, max-snippet:-1, max-image-preview:large, max-video-preview:-1\" \/>\n<link rel=\"canonical\" href=\"https:\/\/www.gpigroup.com\/es\/laboratorio-midlleware\/\" \/>\n<meta property=\"og:locale\" content=\"es_ES\" \/>\n<meta property=\"og:type\" content=\"article\" \/>\n<meta property=\"og:title\" content=\"Laboratorio y Middleware\" \/>\n<meta property=\"og:description\" content=\"Nuestro software para banco de sangre asegura todo el proceso de donaci\u00f3n y permite una transfusi\u00f3n segura.\" \/>\n<meta property=\"og:url\" content=\"https:\/\/www.gpigroup.com\/es\/laboratorio-midlleware\/\" \/>\n<meta property=\"og:site_name\" content=\"GPI\" \/>\n<meta property=\"article:publisher\" content=\"https:\/\/www.facebook.com\/GruppoGPI\/\" \/>\n<meta property=\"article:modified_time\" content=\"2022-12-13T08:55:34+00:00\" \/>\n<meta property=\"og:image\" content=\"https:\/\/www.gpigroup.com\/app\/uploads\/2019\/04\/og-link-preview-1.png\" \/>\n\t<meta property=\"og:image:width\" content=\"1366\" \/>\n\t<meta property=\"og:image:height\" content=\"768\" \/>\n\t<meta property=\"og:image:type\" content=\"image\/png\" \/>\n<meta name=\"twitter:card\" content=\"summary_large_image\" \/>\n<meta name=\"twitter:label1\" content=\"Est. reading time\" \/>\n\t<meta name=\"twitter:data1\" content=\"3 minutes\" \/>\n<script type=\"application\/ld+json\" class=\"yoast-schema-graph\">{\"@context\":\"https:\/\/schema.org\",\"@graph\":[{\"@type\":\"WebPage\",\"@id\":\"https:\/\/www.gpigroup.com\/es\/laboratorio-midlleware\/\",\"url\":\"https:\/\/www.gpigroup.com\/es\/laboratorio-midlleware\/\",\"name\":\"Laboratorio y Middleware\",\"isPartOf\":{\"@id\":\"https:\/\/www.gpigroup.com\/es\/#website\"},\"primaryImageOfPage\":{\"@id\":\"https:\/\/www.gpigroup.com\/es\/laboratorio-midlleware\/#primaryimage\"},\"image\":{\"@id\":\"https:\/\/www.gpigroup.com\/es\/laboratorio-midlleware\/#primaryimage\"},\"thumbnailUrl\":\"https:\/\/www.gpigroup.com\/app\/uploads\/2019\/04\/og-link-preview-1.png\",\"datePublished\":\"2022-12-09T12:43:44+00:00\",\"dateModified\":\"2022-12-13T08:55:34+00:00\",\"description\":\"Nuestro software para banco de sangre asegura todo el proceso de donaci\u00f3n y permite una transfusi\u00f3n segura.\",\"breadcrumb\":{\"@id\":\"https:\/\/www.gpigroup.com\/es\/laboratorio-midlleware\/#breadcrumb\"},\"inLanguage\":\"es-ES\",\"potentialAction\":[{\"@type\":\"ReadAction\",\"target\":[\"https:\/\/www.gpigroup.com\/es\/laboratorio-midlleware\/\"]}]},{\"@type\":\"ImageObject\",\"inLanguage\":\"es-ES\",\"@id\":\"https:\/\/www.gpigroup.com\/es\/laboratorio-midlleware\/#primaryimage\",\"url\":\"https:\/\/www.gpigroup.com\/app\/uploads\/2019\/04\/og-link-preview-1.png\",\"contentUrl\":\"https:\/\/www.gpigroup.com\/app\/uploads\/2019\/04\/og-link-preview-1.png\",\"width\":1366,\"height\":768,\"caption\":\"GPI link preview\"},{\"@type\":\"BreadcrumbList\",\"@id\":\"https:\/\/www.gpigroup.com\/es\/laboratorio-midlleware\/#breadcrumb\",\"itemListElement\":[{\"@type\":\"ListItem\",\"position\":1,\"name\":\"Home\",\"item\":\"https:\/\/www.gpigroup.com\/es\/\"},{\"@type\":\"ListItem\",\"position\":2,\"name\":\"Laboratorio LIS\"}]},{\"@type\":\"WebSite\",\"@id\":\"https:\/\/www.gpigroup.com\/es\/#website\",\"url\":\"https:\/\/www.gpigroup.com\/es\/\",\"name\":\"GPI\",\"description\":\"The Healthcare Partner\",\"publisher\":{\"@id\":\"https:\/\/www.gpigroup.com\/es\/#organization\"},\"potentialAction\":[{\"@type\":\"SearchAction\",\"target\":{\"@type\":\"EntryPoint\",\"urlTemplate\":\"https:\/\/www.gpigroup.com\/es\/?s={search_term_string}\"},\"query-input\":{\"@type\":\"PropertyValueSpecification\",\"valueRequired\":true,\"valueName\":\"search_term_string\"}}],\"inLanguage\":\"es-ES\"},{\"@type\":\"Organization\",\"@id\":\"https:\/\/www.gpigroup.com\/es\/#organization\",\"name\":\"GPI S.p.A.\",\"url\":\"https:\/\/www.gpigroup.com\/es\/\",\"logo\":{\"@type\":\"ImageObject\",\"inLanguage\":\"es-ES\",\"@id\":\"https:\/\/www.gpigroup.com\/es\/#\/schema\/logo\/image\/\",\"url\":\"https:\/\/www.gpigroup.com\/app\/uploads\/2023\/03\/logo-GPI-2019-1.jpg\",\"contentUrl\":\"https:\/\/www.gpigroup.com\/app\/uploads\/2023\/03\/logo-GPI-2019-1.jpg\",\"width\":1946,\"height\":1945,\"caption\":\"GPI S.p.A.\"},\"image\":{\"@id\":\"https:\/\/www.gpigroup.com\/es\/#\/schema\/logo\/image\/\"},\"sameAs\":[\"https:\/\/www.facebook.com\/GruppoGPI\/\",\"https:\/\/www.linkedin.com\/company\/gpi-spa\",\"http:\/\/www.youtube.com\/user\/GruppoGPI\"]}]}<\/script>\n<!-- \/ Yoast SEO plugin. -->","yoast_head_json":{"title":"Laboratorio y Middleware","description":"Nuestro software para banco de sangre asegura todo el proceso de donaci\u00f3n y permite una transfusi\u00f3n segura.","robots":{"index":"index","follow":"follow","max-snippet":"max-snippet:-1","max-image-preview":"max-image-preview:large","max-video-preview":"max-video-preview:-1"},"canonical":"https:\/\/www.gpigroup.com\/es\/laboratorio-midlleware\/","og_locale":"es_ES","og_type":"article","og_title":"Laboratorio y Middleware","og_description":"Nuestro software para banco de sangre asegura todo el proceso de donaci\u00f3n y permite una transfusi\u00f3n segura.","og_url":"https:\/\/www.gpigroup.com\/es\/laboratorio-midlleware\/","og_site_name":"GPI","article_publisher":"https:\/\/www.facebook.com\/GruppoGPI\/","article_modified_time":"2022-12-13T08:55:34+00:00","og_image":[{"width":1366,"height":768,"url":"https:\/\/www.gpigroup.com\/app\/uploads\/2019\/04\/og-link-preview-1.png","type":"image\/png"}],"twitter_card":"summary_large_image","twitter_misc":{"Est. reading time":"3 minutes"},"schema":{"@context":"https:\/\/schema.org","@graph":[{"@type":"WebPage","@id":"https:\/\/www.gpigroup.com\/es\/laboratorio-midlleware\/","url":"https:\/\/www.gpigroup.com\/es\/laboratorio-midlleware\/","name":"Laboratorio y Middleware","isPartOf":{"@id":"https:\/\/www.gpigroup.com\/es\/#website"},"primaryImageOfPage":{"@id":"https:\/\/www.gpigroup.com\/es\/laboratorio-midlleware\/#primaryimage"},"image":{"@id":"https:\/\/www.gpigroup.com\/es\/laboratorio-midlleware\/#primaryimage"},"thumbnailUrl":"https:\/\/www.gpigroup.com\/app\/uploads\/2019\/04\/og-link-preview-1.png","datePublished":"2022-12-09T12:43:44+00:00","dateModified":"2022-12-13T08:55:34+00:00","description":"Nuestro software para banco de sangre asegura todo el proceso de donaci\u00f3n y permite una transfusi\u00f3n segura.","breadcrumb":{"@id":"https:\/\/www.gpigroup.com\/es\/laboratorio-midlleware\/#breadcrumb"},"inLanguage":"es-ES","potentialAction":[{"@type":"ReadAction","target":["https:\/\/www.gpigroup.com\/es\/laboratorio-midlleware\/"]}]},{"@type":"ImageObject","inLanguage":"es-ES","@id":"https:\/\/www.gpigroup.com\/es\/laboratorio-midlleware\/#primaryimage","url":"https:\/\/www.gpigroup.com\/app\/uploads\/2019\/04\/og-link-preview-1.png","contentUrl":"https:\/\/www.gpigroup.com\/app\/uploads\/2019\/04\/og-link-preview-1.png","width":1366,"height":768,"caption":"GPI link preview"},{"@type":"BreadcrumbList","@id":"https:\/\/www.gpigroup.com\/es\/laboratorio-midlleware\/#breadcrumb","itemListElement":[{"@type":"ListItem","position":1,"name":"Home","item":"https:\/\/www.gpigroup.com\/es\/"},{"@type":"ListItem","position":2,"name":"Laboratorio LIS"}]},{"@type":"WebSite","@id":"https:\/\/www.gpigroup.com\/es\/#website","url":"https:\/\/www.gpigroup.com\/es\/","name":"GPI","description":"The Healthcare Partner","publisher":{"@id":"https:\/\/www.gpigroup.com\/es\/#organization"},"potentialAction":[{"@type":"SearchAction","target":{"@type":"EntryPoint","urlTemplate":"https:\/\/www.gpigroup.com\/es\/?s={search_term_string}"},"query-input":{"@type":"PropertyValueSpecification","valueRequired":true,"valueName":"search_term_string"}}],"inLanguage":"es-ES"},{"@type":"Organization","@id":"https:\/\/www.gpigroup.com\/es\/#organization","name":"GPI S.p.A.","url":"https:\/\/www.gpigroup.com\/es\/","logo":{"@type":"ImageObject","inLanguage":"es-ES","@id":"https:\/\/www.gpigroup.com\/es\/#\/schema\/logo\/image\/","url":"https:\/\/www.gpigroup.com\/app\/uploads\/2023\/03\/logo-GPI-2019-1.jpg","contentUrl":"https:\/\/www.gpigroup.com\/app\/uploads\/2023\/03\/logo-GPI-2019-1.jpg","width":1946,"height":1945,"caption":"GPI S.p.A."},"image":{"@id":"https:\/\/www.gpigroup.com\/es\/#\/schema\/logo\/image\/"},"sameAs":["https:\/\/www.facebook.com\/GruppoGPI\/","https:\/\/www.linkedin.com\/company\/gpi-spa","http:\/\/www.youtube.com\/user\/GruppoGPI"]}]}},"_links":{"self":[{"href":"https:\/\/www.gpigroup.com\/es\/wp-json\/wp\/v2\/pages\/86657","targetHints":{"allow":["GET"]}}],"collection":[{"href":"https:\/\/www.gpigroup.com\/es\/wp-json\/wp\/v2\/pages"}],"about":[{"href":"https:\/\/www.gpigroup.com\/es\/wp-json\/wp\/v2\/types\/page"}],"author":[{"embeddable":true,"href":"https:\/\/www.gpigroup.com\/es\/wp-json\/wp\/v2\/users\/31"}],"replies":[{"embeddable":true,"href":"https:\/\/www.gpigroup.com\/es\/wp-json\/wp\/v2\/comments?post=86657"}],"version-history":[{"count":5,"href":"https:\/\/www.gpigroup.com\/es\/wp-json\/wp\/v2\/pages\/86657\/revisions"}],"predecessor-version":[{"id":87354,"href":"https:\/\/www.gpigroup.com\/es\/wp-json\/wp\/v2\/pages\/86657\/revisions\/87354"}],"wp:featuredmedia":[{"embeddable":true,"href":"https:\/\/www.gpigroup.com\/es\/wp-json\/wp\/v2\/media\/5153"}],"wp:attachment":[{"href":"https:\/\/www.gpigroup.com\/es\/wp-json\/wp\/v2\/media?parent=86657"}],"curies":[{"name":"wp","href":"https:\/\/api.w.org\/{rel}","templated":true}]}}