{"id":86470,"date":"2022-12-09T08:48:29","date_gmt":"2022-12-09T07:48:29","guid":{"rendered":"https:\/\/www.gpi.it\/backup\/?page_id=86470"},"modified":"2022-12-13T09:56:08","modified_gmt":"2022-12-13T08:56:08","slug":"banco-de-tejidos","status":"publish","type":"page","link":"https:\/\/www.gpigroup.com\/es\/banco-de-tejidos\/","title":{"rendered":"Banco de Tejidos"},"content":{"rendered":"<div class=\"wpb-content-wrapper\"><p>[vc_row full_width=&#8221;stretch_row&#8221; el_class=&#8221;text-row my-0&#8243;][vc_column][vc_row_inner][vc_column_inner][vc_column_text]<\/p>\n<div class=\"row asa-title\">\n<div class=\"col-12 col-md-6\">\n<img loading=\"lazy\" decoding=\"async\" width=\"1024\" height=\"576\" src=\"https:\/\/www.gpigroup.com\/app\/uploads\/2019\/05\/asa_software.jpg\" class=\"asa-image asa-image-mobile rounded-circle d-md-none d-inline\" alt=\"GPI Software\" srcset=\"https:\/\/www.gpigroup.com\/app\/uploads\/2019\/05\/asa_software.jpg 1024w, https:\/\/www.gpigroup.com\/app\/uploads\/2019\/05\/asa_software-300x169.jpg 300w, https:\/\/www.gpigroup.com\/app\/uploads\/2019\/05\/asa_software-768x432.jpg 768w\" sizes=\"auto, (max-width: 1024px) 100vw, 1024px\" \/>\n<div class=\"gpi_signature_title_tech\">\n<h1>Banco de Tejidos<\/h1>\n<\/div>\n<\/div>\n<div class=\"col-12 col-md-6\">\n<div class=\"asa-symbol\"><img loading=\"lazy\" decoding=\"async\" class=\"alignnone size-medium wp-image-3055\" role=\"img\" src=\"https:\/\/www.gpi.it\/app\/uploads\/\/2019\/03\/Software-1.svg\" alt=\"\" width=\"24\" height=\"24\" \/>\u00a0SOFTWARE<\/div>\n<\/div>\n<\/div>\n<p>[\/vc_column_text][\/vc_column_inner][\/vc_row_inner][vc_row_inner el_class=&#8221;bl-body&#8221;][vc_column_inner width=&#8221;1\/3&#8243;][vc_column_text]<img loading=\"lazy\" decoding=\"async\" width=\"1024\" height=\"576\" src=\"https:\/\/www.gpigroup.com\/app\/uploads\/2019\/05\/asa_software.jpg\" class=\"asa-image rounded-circle d-md-inline d-none\" alt=\"GPI Software\" srcset=\"https:\/\/www.gpigroup.com\/app\/uploads\/2019\/05\/asa_software.jpg 1024w, https:\/\/www.gpigroup.com\/app\/uploads\/2019\/05\/asa_software-300x169.jpg 300w, https:\/\/www.gpigroup.com\/app\/uploads\/2019\/05\/asa_software-768x432.jpg 768w\" sizes=\"auto, (max-width: 1024px) 100vw, 1024px\" \/>[\/vc_column_text][\/vc_column_inner][vc_column_inner width=&#8221;2\/3&#8243;][vc_column_text el_class=&#8221;entice&#8221;]<\/p>\n<h2>Soluciones inform\u00e1ticas para la gesti\u00f3n integral de tejidos y trasplantes<\/h2>\n<p>[\/vc_column_text][vc_column_text]Nuestro software para banco de tejidos optimiza todo el proceso de donaci\u00f3n y an\u00e1lisis del tejido con el fin de conseguir que sea lo m\u00e1s id\u00f3neo para el receptor.\u00a0 El control exhaustivo mediante pruebas anal\u00edticas y microbiol\u00f3gicas, as\u00ed como el procesado de los materiales tisulares y la \u00e1gil distribuci\u00f3n con control en tiempo real del stock, garantiza la seguridad del trasplante.[\/vc_column_text][\/vc_column_inner][\/vc_row_inner][vc_row_inner][vc_column_inner width=&#8221;1\/3&#8243;][\/vc_column_inner][vc_column_inner width=&#8221;2\/3&#8243;][vc_column_text]<\/p>\n<h3>Trazabilidad e idoneidad aseguradas<\/h3>\n<p>La compatibilidad de diferentes par\u00e1metros biol\u00f3gicos entre donante y receptor es la parte fundamental para dar inicio a un trasplante. El conjunto de reglas de validaci\u00f3n internas as\u00ed como la capacidad de centralizar y compartir informaci\u00f3n 100% trazable, hacen que como resultado final se obtenga el tejido m\u00e1s id\u00f3neo para el paciente.<\/p>\n<p>Permite el registro de datos del donante, ya sea en vida o tras fallecimiento. Posibilita la selecci\u00f3n del tipo de donaci\u00f3n: aut\u00f3loga, dirigida o alog\u00e9nica adaptando el proceso a cada una de ellas.<\/p>\n<p>Su adaptabilidad la capacita para admitir estructuras operativas de todos los tama\u00f1os: Bancos, Hospitales, Regiones&#8230; con un solo centro hasta organizaciones con m\u00faltiples instalaciones, pudiendo incluso agregar bancos de tejidos y hospitales sat\u00e9lite en cualquier momento.<\/p>\n<h3>Configuraci\u00f3n de tejidos y procesos<\/h3>\n<p>Junto con la alta capacidad de configuraci\u00f3n de datos demogr\u00e1ficos, usuarios, test y resultados de laboratorio, este aplicativo especializado ampl\u00eda sus caracter\u00edsticas.<\/p>\n<p>Con capacidad de configurar todo tipo de tejidos:<\/p>\n<ul>\n<li>\u00d3seos.<\/li>\n<li>Vasculares.<\/li>\n<li>Tendinosos.<\/li>\n<li>Oculares.<\/li>\n<li>Semen\u2026<\/li>\n<\/ul>\n<p>Y procesos a los que los tejidos pueden estar sujetos:<\/p>\n<ul>\n<li>Fragmentaci\u00f3n.<\/li>\n<li>Alicuotado.<\/li>\n<li>Deshidrataci\u00f3n.<\/li>\n<li>Liofilizaci\u00f3n&#8230;<\/li>\n<\/ul>\n<p>Tambi\u00e9n permite la creaci\u00f3n y configuraci\u00f3n de tantas pruebas anal\u00edticas y reflejas como sean necesarias para la aceptaci\u00f3n del tejido del donante y tantas pruebas microbiol\u00f3gicas como sean requeridas por el centro para la validaci\u00f3n de los tejidos antes de su distribuci\u00f3n.[\/vc_column_text][vc_raw_html]JTNDcCUzRSUzQ2ElMjBjbGFzcyUzRCUyMmJ0biUyMGRvY3VtZW50JTIwYnRuLXB1cnBsZSUyMiUyMGhyZWYlM0QlMjJodHRwcyUzQSUyRiUyRnd3dy5ncGkuaXQlMkZiYWNrdXAlMkZhcHAlMkZ1cGxvYWRzJTJGMjAyMiUyRjEyJTJGZS1EZWxwaHluVElTX0E0LnBkZiUyMiUyMHRhcmdldCUzRCUyMl9ibGFuayUyMiUyMHJlbCUzRCUyMm5vb3BlbmVyJTIwbm9yZWZlcnJlciUyMiUzRUNhdCVDMyVBMWxvZ28lM0MlMkZhJTNFJTNDJTJGcCUzRQ==[\/vc_raw_html][\/vc_column_inner][\/vc_row_inner][\/vc_column][\/vc_row][vc_row full_width=&#8221;stretch_row&#8221; el_class=&#8221;text-row my-0 bl-body features&#8221;][vc_column][vc_row_inner][vc_column_inner width=&#8221;1\/3&#8243; css=&#8221;.vc_custom_1668695097841{padding-right: 20px !important;}&#8221;][vc_column_text]<\/p>\n<h1>Elige nuestras soluciones inform\u00e1ticas<\/h1>\n<p>[\/vc_column_text][vc_column_text]<\/p>\n<p>[\/vc_column_text][\/vc_column_inner][vc_column_inner width=&#8221;2\/3&#8243;][vc_column_text]<\/p>\n<h3>COMPLETAS<\/h3>\n<ul>\n<li><span id=\"emoji-info-value\">C<\/span>ompatibles con HL7 y con cualquier Registro Electr\u00f3nico de Salud.<\/li>\n<li>Actualizaciones tiempo real, ahorrando tiempo y reduciendo los errores.<\/li>\n<li>Facilidad de integraci\u00f3n con conexiones uni y bidireccionales.<\/li>\n<li>Comunicabilidad con instrumentos de laboratorio.<\/li>\n<\/ul>\n<h3>SEGURAS<\/h3>\n<ul>\n<li>Control mediante contrase\u00f1as de acuerdo con las pautas m\u00e1s exigentes.<\/li>\n<li><span id=\"emoji-info-value\">Acceso configurable seg\u00fan los roles de los usuarios.<\/span><\/li>\n<li>Completa trazabilidad del proceso para el control completo de los resultados.<\/li>\n<li>Salvaguarda continua de los activos de informaci\u00f3n existentes.<\/li>\n<\/ul>\n<h3>EFICACES<\/h3>\n<ul>\n<li>Soluciones totalmente basadas en la web.<\/li>\n<li>Compatibles con todos los sistemas operativos y gestores de bases de datos.<\/li>\n<li><span id=\"emoji-info-value\">P<\/span>ermiten un despliegue gradual mediante la inclusi\u00f3n de diferentes m\u00f3dulos.<\/li>\n<li>Flexibilidad para adaptarse a cualquier formato organizativo.<\/li>\n<li>Configuraci\u00f3n y experiencia de usuario simple e intuitiva.<\/li>\n<\/ul>\n<p>&nbsp;<\/p>\n<p>[\/vc_column_text][\/vc_column_inner][\/vc_row_inner][\/vc_column][\/vc_row]<\/p>\n[vc_row full_width=\"stretch_row\" el_class=\"vision mb-0 gpi-orange-bg\"][vc_column offset=\"vc_col-lg-3 vc_col-xs-12\"][vc_column_text]\n<h4>Contact our sales team<\/h4>[\/vc_column_text][\/vc_column][vc_column width=\"3\/4\" offset=\"vc_col-lg-offset-0 vc_col-sm-offset-3 vc_col-xs-12\"][vc_raw_html]JTVCY29udGFjdC1mb3JtLTclMjBpZCUzRCUyMjg1NDc5JTIyJTIwdGl0bGUlM0QlMjJCdXNpbmVzcyUyMGxpbmUlMjBmb3JtJTIyJTIwaHRtbF9pZCUzRCUyMmdwaS1jb250YWN0LWZvcm0lMjIlNUQ=[\/vc_raw_html][\/vc_column][\/vc_row]<\/div>","protected":false},"excerpt":{"rendered":"<p>[vc_row full_width=&#8221;stretch_row&#8221; el_class=&#8221;text-row my-0&#8243;][vc_column][vc_row_inner][vc_column_inner][vc_column_text] Banco de Tejidos \u00a0SOFTWARE [\/vc_column_text][\/vc_column_inner][\/vc_row_inner][vc_row_inner el_class=&#8221;bl-body&#8221;][vc_column_inner width=&#8221;1\/3&#8243;][vc_column_text][\/vc_column_text][\/vc_column_inner][vc_column_inner width=&#8221;2\/3&#8243;][vc_column_text el_class=&#8221;entice&#8221;] Soluciones inform\u00e1ticas para la gesti\u00f3n integral de tejidos y trasplantes [\/vc_column_text][vc_column_text]Nuestro software para banco de tejidos optimiza todo el proceso de donaci\u00f3n y an\u00e1lisis del tejido con el fin de conseguir que sea lo m\u00e1s id\u00f3neo para el receptor.\u00a0 El control exhaustivo<\/p>\n","protected":false},"author":31,"featured_media":5153,"parent":0,"menu_order":0,"comment_status":"closed","ping_status":"closed","template":"","meta":{"footnotes":""},"class_list":["post-86470","page","type-page","status-publish","has-post-thumbnail","hentry","section-offerta","business_line-software"],"yoast_head":"<!-- This site is optimized with the Yoast SEO plugin v27.1.1 - https:\/\/yoast.com\/product\/yoast-seo-wordpress\/ -->\n<title>Banco de Tejidos<\/title>\n<meta name=\"description\" content=\"Nuestro software para banco de tejidos asegura todo el proceso de donaci\u00f3n y permite un trasplante seguro.\" \/>\n<meta name=\"robots\" content=\"index, follow, max-snippet:-1, max-image-preview:large, max-video-preview:-1\" \/>\n<link rel=\"canonical\" href=\"https:\/\/www.gpigroup.com\/es\/banco-de-tejidos\/\" \/>\n<meta property=\"og:locale\" content=\"es_ES\" \/>\n<meta property=\"og:type\" content=\"article\" \/>\n<meta property=\"og:title\" content=\"Banco de Tejidos\" \/>\n<meta property=\"og:description\" content=\"Nuestro software para banco de tejidos asegura todo el proceso de donaci\u00f3n y permite un trasplante seguro.\" \/>\n<meta property=\"og:url\" content=\"https:\/\/www.gpigroup.com\/es\/banco-de-tejidos\/\" \/>\n<meta property=\"og:site_name\" content=\"GPI\" \/>\n<meta property=\"article:publisher\" content=\"https:\/\/www.facebook.com\/GruppoGPI\/\" \/>\n<meta property=\"article:modified_time\" content=\"2022-12-13T08:56:08+00:00\" \/>\n<meta property=\"og:image\" content=\"https:\/\/www.gpigroup.com\/app\/uploads\/2019\/04\/og-link-preview-1.png\" \/>\n\t<meta property=\"og:image:width\" content=\"1366\" \/>\n\t<meta property=\"og:image:height\" content=\"768\" \/>\n\t<meta property=\"og:image:type\" content=\"image\/png\" \/>\n<meta name=\"twitter:card\" content=\"summary_large_image\" \/>\n<meta name=\"twitter:label1\" content=\"Est. reading time\" \/>\n\t<meta name=\"twitter:data1\" content=\"3 minutes\" \/>\n<script type=\"application\/ld+json\" class=\"yoast-schema-graph\">{\"@context\":\"https:\/\/schema.org\",\"@graph\":[{\"@type\":\"WebPage\",\"@id\":\"https:\/\/www.gpigroup.com\/es\/banco-de-tejidos\/\",\"url\":\"https:\/\/www.gpigroup.com\/es\/banco-de-tejidos\/\",\"name\":\"Banco de Tejidos\",\"isPartOf\":{\"@id\":\"https:\/\/www.gpigroup.com\/es\/#website\"},\"primaryImageOfPage\":{\"@id\":\"https:\/\/www.gpigroup.com\/es\/banco-de-tejidos\/#primaryimage\"},\"image\":{\"@id\":\"https:\/\/www.gpigroup.com\/es\/banco-de-tejidos\/#primaryimage\"},\"thumbnailUrl\":\"https:\/\/www.gpigroup.com\/app\/uploads\/2019\/04\/og-link-preview-1.png\",\"datePublished\":\"2022-12-09T07:48:29+00:00\",\"dateModified\":\"2022-12-13T08:56:08+00:00\",\"description\":\"Nuestro software para banco de tejidos asegura todo el proceso de donaci\u00f3n y permite un trasplante seguro.\",\"breadcrumb\":{\"@id\":\"https:\/\/www.gpigroup.com\/es\/banco-de-tejidos\/#breadcrumb\"},\"inLanguage\":\"es-ES\",\"potentialAction\":[{\"@type\":\"ReadAction\",\"target\":[\"https:\/\/www.gpigroup.com\/es\/banco-de-tejidos\/\"]}]},{\"@type\":\"ImageObject\",\"inLanguage\":\"es-ES\",\"@id\":\"https:\/\/www.gpigroup.com\/es\/banco-de-tejidos\/#primaryimage\",\"url\":\"https:\/\/www.gpigroup.com\/app\/uploads\/2019\/04\/og-link-preview-1.png\",\"contentUrl\":\"https:\/\/www.gpigroup.com\/app\/uploads\/2019\/04\/og-link-preview-1.png\",\"width\":1366,\"height\":768,\"caption\":\"GPI link preview\"},{\"@type\":\"BreadcrumbList\",\"@id\":\"https:\/\/www.gpigroup.com\/es\/banco-de-tejidos\/#breadcrumb\",\"itemListElement\":[{\"@type\":\"ListItem\",\"position\":1,\"name\":\"Home\",\"item\":\"https:\/\/www.gpigroup.com\/es\/\"},{\"@type\":\"ListItem\",\"position\":2,\"name\":\"Banco de Tejidos\"}]},{\"@type\":\"WebSite\",\"@id\":\"https:\/\/www.gpigroup.com\/es\/#website\",\"url\":\"https:\/\/www.gpigroup.com\/es\/\",\"name\":\"GPI\",\"description\":\"The Healthcare Partner\",\"publisher\":{\"@id\":\"https:\/\/www.gpigroup.com\/es\/#organization\"},\"potentialAction\":[{\"@type\":\"SearchAction\",\"target\":{\"@type\":\"EntryPoint\",\"urlTemplate\":\"https:\/\/www.gpigroup.com\/es\/?s={search_term_string}\"},\"query-input\":{\"@type\":\"PropertyValueSpecification\",\"valueRequired\":true,\"valueName\":\"search_term_string\"}}],\"inLanguage\":\"es-ES\"},{\"@type\":\"Organization\",\"@id\":\"https:\/\/www.gpigroup.com\/es\/#organization\",\"name\":\"GPI S.p.A.\",\"url\":\"https:\/\/www.gpigroup.com\/es\/\",\"logo\":{\"@type\":\"ImageObject\",\"inLanguage\":\"es-ES\",\"@id\":\"https:\/\/www.gpigroup.com\/es\/#\/schema\/logo\/image\/\",\"url\":\"https:\/\/www.gpigroup.com\/app\/uploads\/2023\/03\/logo-GPI-2019-1.jpg\",\"contentUrl\":\"https:\/\/www.gpigroup.com\/app\/uploads\/2023\/03\/logo-GPI-2019-1.jpg\",\"width\":1946,\"height\":1945,\"caption\":\"GPI S.p.A.\"},\"image\":{\"@id\":\"https:\/\/www.gpigroup.com\/es\/#\/schema\/logo\/image\/\"},\"sameAs\":[\"https:\/\/www.facebook.com\/GruppoGPI\/\",\"https:\/\/www.linkedin.com\/company\/gpi-spa\",\"http:\/\/www.youtube.com\/user\/GruppoGPI\"]}]}<\/script>\n<!-- \/ Yoast SEO plugin. -->","yoast_head_json":{"title":"Banco de Tejidos","description":"Nuestro software para banco de tejidos asegura todo el proceso de donaci\u00f3n y permite un trasplante seguro.","robots":{"index":"index","follow":"follow","max-snippet":"max-snippet:-1","max-image-preview":"max-image-preview:large","max-video-preview":"max-video-preview:-1"},"canonical":"https:\/\/www.gpigroup.com\/es\/banco-de-tejidos\/","og_locale":"es_ES","og_type":"article","og_title":"Banco de Tejidos","og_description":"Nuestro software para banco de tejidos asegura todo el proceso de donaci\u00f3n y permite un trasplante seguro.","og_url":"https:\/\/www.gpigroup.com\/es\/banco-de-tejidos\/","og_site_name":"GPI","article_publisher":"https:\/\/www.facebook.com\/GruppoGPI\/","article_modified_time":"2022-12-13T08:56:08+00:00","og_image":[{"width":1366,"height":768,"url":"https:\/\/www.gpigroup.com\/app\/uploads\/2019\/04\/og-link-preview-1.png","type":"image\/png"}],"twitter_card":"summary_large_image","twitter_misc":{"Est. reading time":"3 minutes"},"schema":{"@context":"https:\/\/schema.org","@graph":[{"@type":"WebPage","@id":"https:\/\/www.gpigroup.com\/es\/banco-de-tejidos\/","url":"https:\/\/www.gpigroup.com\/es\/banco-de-tejidos\/","name":"Banco de Tejidos","isPartOf":{"@id":"https:\/\/www.gpigroup.com\/es\/#website"},"primaryImageOfPage":{"@id":"https:\/\/www.gpigroup.com\/es\/banco-de-tejidos\/#primaryimage"},"image":{"@id":"https:\/\/www.gpigroup.com\/es\/banco-de-tejidos\/#primaryimage"},"thumbnailUrl":"https:\/\/www.gpigroup.com\/app\/uploads\/2019\/04\/og-link-preview-1.png","datePublished":"2022-12-09T07:48:29+00:00","dateModified":"2022-12-13T08:56:08+00:00","description":"Nuestro software para banco de tejidos asegura todo el proceso de donaci\u00f3n y permite un trasplante seguro.","breadcrumb":{"@id":"https:\/\/www.gpigroup.com\/es\/banco-de-tejidos\/#breadcrumb"},"inLanguage":"es-ES","potentialAction":[{"@type":"ReadAction","target":["https:\/\/www.gpigroup.com\/es\/banco-de-tejidos\/"]}]},{"@type":"ImageObject","inLanguage":"es-ES","@id":"https:\/\/www.gpigroup.com\/es\/banco-de-tejidos\/#primaryimage","url":"https:\/\/www.gpigroup.com\/app\/uploads\/2019\/04\/og-link-preview-1.png","contentUrl":"https:\/\/www.gpigroup.com\/app\/uploads\/2019\/04\/og-link-preview-1.png","width":1366,"height":768,"caption":"GPI link preview"},{"@type":"BreadcrumbList","@id":"https:\/\/www.gpigroup.com\/es\/banco-de-tejidos\/#breadcrumb","itemListElement":[{"@type":"ListItem","position":1,"name":"Home","item":"https:\/\/www.gpigroup.com\/es\/"},{"@type":"ListItem","position":2,"name":"Banco de Tejidos"}]},{"@type":"WebSite","@id":"https:\/\/www.gpigroup.com\/es\/#website","url":"https:\/\/www.gpigroup.com\/es\/","name":"GPI","description":"The Healthcare Partner","publisher":{"@id":"https:\/\/www.gpigroup.com\/es\/#organization"},"potentialAction":[{"@type":"SearchAction","target":{"@type":"EntryPoint","urlTemplate":"https:\/\/www.gpigroup.com\/es\/?s={search_term_string}"},"query-input":{"@type":"PropertyValueSpecification","valueRequired":true,"valueName":"search_term_string"}}],"inLanguage":"es-ES"},{"@type":"Organization","@id":"https:\/\/www.gpigroup.com\/es\/#organization","name":"GPI S.p.A.","url":"https:\/\/www.gpigroup.com\/es\/","logo":{"@type":"ImageObject","inLanguage":"es-ES","@id":"https:\/\/www.gpigroup.com\/es\/#\/schema\/logo\/image\/","url":"https:\/\/www.gpigroup.com\/app\/uploads\/2023\/03\/logo-GPI-2019-1.jpg","contentUrl":"https:\/\/www.gpigroup.com\/app\/uploads\/2023\/03\/logo-GPI-2019-1.jpg","width":1946,"height":1945,"caption":"GPI S.p.A."},"image":{"@id":"https:\/\/www.gpigroup.com\/es\/#\/schema\/logo\/image\/"},"sameAs":["https:\/\/www.facebook.com\/GruppoGPI\/","https:\/\/www.linkedin.com\/company\/gpi-spa","http:\/\/www.youtube.com\/user\/GruppoGPI"]}]}},"_links":{"self":[{"href":"https:\/\/www.gpigroup.com\/es\/wp-json\/wp\/v2\/pages\/86470","targetHints":{"allow":["GET"]}}],"collection":[{"href":"https:\/\/www.gpigroup.com\/es\/wp-json\/wp\/v2\/pages"}],"about":[{"href":"https:\/\/www.gpigroup.com\/es\/wp-json\/wp\/v2\/types\/page"}],"author":[{"embeddable":true,"href":"https:\/\/www.gpigroup.com\/es\/wp-json\/wp\/v2\/users\/31"}],"replies":[{"embeddable":true,"href":"https:\/\/www.gpigroup.com\/es\/wp-json\/wp\/v2\/comments?post=86470"}],"version-history":[{"count":17,"href":"https:\/\/www.gpigroup.com\/es\/wp-json\/wp\/v2\/pages\/86470\/revisions"}],"predecessor-version":[{"id":87559,"href":"https:\/\/www.gpigroup.com\/es\/wp-json\/wp\/v2\/pages\/86470\/revisions\/87559"}],"wp:featuredmedia":[{"embeddable":true,"href":"https:\/\/www.gpigroup.com\/es\/wp-json\/wp\/v2\/media\/5153"}],"wp:attachment":[{"href":"https:\/\/www.gpigroup.com\/es\/wp-json\/wp\/v2\/media?parent=86470"}],"curies":[{"name":"wp","href":"https:\/\/api.w.org\/{rel}","templated":true}]}}