{"id":85183,"date":"2019-03-28T16:08:04","date_gmt":"2019-03-28T15:08:04","guid":{"rendered":"https:\/\/tstwebgpi01.gpi.it\/banco-de-sangre-laboratorio\/"},"modified":"2023-05-12T12:23:12","modified_gmt":"2023-05-12T10:23:12","slug":"banco-de-sangre","status":"publish","type":"page","link":"https:\/\/www.gpigroup.com\/es\/banco-de-sangre\/","title":{"rendered":"Banco de Sangre"},"content":{"rendered":"<div class=\"wpb-content-wrapper\"><p>[vc_row full_width=&#8221;stretch_row&#8221; css=&#8221;.vc_custom_1553766882955{padding-bottom: 30px !important;}&#8221; el_class=&#8221;text-row my-0&#8243;][vc_column][vc_row_inner][vc_column_inner][vc_column_text]<\/p>\n<div class=\"row asa-title\">\n<div class=\"col-12 col-md-6\">\n<img loading=\"lazy\" decoding=\"async\" width=\"1024\" height=\"576\" src=\"https:\/\/www.gpigroup.com\/app\/uploads\/2019\/05\/asa_software.jpg\" class=\"asa-image asa-image-mobile rounded-circle d-md-none d-inline\" alt=\"GPI Software\" srcset=\"https:\/\/www.gpigroup.com\/app\/uploads\/2019\/05\/asa_software.jpg 1024w, https:\/\/www.gpigroup.com\/app\/uploads\/2019\/05\/asa_software-300x169.jpg 300w, https:\/\/www.gpigroup.com\/app\/uploads\/2019\/05\/asa_software-768x432.jpg 768w\" sizes=\"auto, (max-width: 1024px) 100vw, 1024px\" \/>\n<div class=\"gpi_signature_title_tech\">\n<h1>Banco de Sangre<\/h1>\n<\/div>\n<\/div>\n<div class=\"col-12 col-md-6\">\n<div class=\"asa-symbol\"><img loading=\"lazy\" decoding=\"async\" class=\"alignnone wp-image-63726\" role=\"img\" src=\"https:\/\/www.gpigroup.com\/app\/uploads\/\/2019\/03\/Software-1.svg\" alt=\"\" width=\"24\" height=\"22\" \/>\u00a0SOFTWARE<\/div>\n<\/div>\n<\/div>\n<p>[\/vc_column_text][\/vc_column_inner][\/vc_row_inner][vc_row_inner el_class=&#8221;bl-body&#8221;][vc_column_inner width=&#8221;1\/3&#8243;][vc_column_text]<img loading=\"lazy\" decoding=\"async\" width=\"1024\" height=\"576\" src=\"https:\/\/www.gpigroup.com\/app\/uploads\/2019\/05\/asa_software.jpg\" class=\"asa-image rounded-circle d-md-inline d-none\" alt=\"GPI Software\" srcset=\"https:\/\/www.gpigroup.com\/app\/uploads\/2019\/05\/asa_software.jpg 1024w, https:\/\/www.gpigroup.com\/app\/uploads\/2019\/05\/asa_software-300x169.jpg 300w, https:\/\/www.gpigroup.com\/app\/uploads\/2019\/05\/asa_software-768x432.jpg 768w\" sizes=\"auto, (max-width: 1024px) 100vw, 1024px\" \/>[\/vc_column_text][\/vc_column_inner][vc_column_inner width=&#8221;2\/3&#8243;][vc_column_text el_class=&#8221;entice&#8221;]<\/p>\n<h2>Soluciones inform\u00e1ticas para la gesti\u00f3n integral de la hemodonaci\u00f3n y la hemoterapia<\/h2>\n<p>[\/vc_column_text][vc_column_text]<\/p>\n<p>Nuestro software para banco de sangre asegura todo el proceso de donaci\u00f3n con el fin de brindar al donante una mejor experiencia.\u00a0 La calidad de las pruebas anal\u00edticas, del procesado de hemocomponentes, la gesti\u00f3n del almac\u00e9n en tiempo real y la monitorizaci\u00f3n de la distribuci\u00f3n, controlan la entrega de productos sangu\u00edneos seguros a los pacientes.[\/vc_column_text][\/vc_column_inner][\/vc_row_inner][vc_row_inner][vc_column_inner width=&#8221;1\/3&#8243;][\/vc_column_inner][vc_column_inner width=&#8221;2\/3&#8243;][vc_column_text]<\/p>\n<h3>Calidad en todos los pasos<\/h3>\n<p>Las capacidades t\u00e9cnicas de an\u00e1lisis cl\u00ednico de esta soluci\u00f3n son punteras y la completa trazabilidad de la misma permite el registro de todos los datos y actividades para una mayor garant\u00eda.<\/p>\n<p>Su interfaz f\u00e1cil de usar ayuda a los centros a aumentar la eficiencia y reducir los costos mediante la ayuda en la gesti\u00f3n de los procesos administrativos.<\/p>\n<p>Su capacidad para crear diferentes perfiles de usuarios asociados al personal sanitario mejoran tanto la seguridad cl\u00ednica y la actividad general del Banco de Sangre.<\/p>\n<h3>Configuraci\u00f3n completa del software<\/h3>\n<p>Las caracter\u00edsticas de arquitectura de software de nuestra soluci\u00f3n inform\u00e1tica le aportan la capacidad de adaptarse a cualquier tipo de infraestructura o regi\u00f3n. Asimismo, las herramientas de configuraci\u00f3n, permiten a los usuarios adaptar el sistema a las particularidades espec\u00edficas de cada centro dentro de la misma instalaci\u00f3n. La amplia adaptabilidad de este software lo capacitan para poder customizar entre otros:<\/p>\n<ul>\n<li>Datos demogr\u00e1ficos de donantes y pacientes.<\/li>\n<li>Tipolog\u00eda de donaciones y peticiones.<\/li>\n<li>Componentes sangu\u00edneos.<\/li>\n<li>Test de laboratorio y pruebas anal\u00edticas.<\/li>\n<li>Resultados anal\u00edticos.<\/li>\n<li>Procesos de modificaci\u00f3n de componentes.<\/li>\n<li>Usuarios implicados.<\/li>\n<li>Etiquetas e informes.<\/li>\n<\/ul>\n<p>En definitiva, nuestra soluci\u00f3n inform\u00e1tica cubre todas las necesidades de un banco de sangre, garantizando la seguridad transfusional mediante la monitorizaci\u00f3n y <span style=\"font-weight: 400;\">completa trazabilidad de todos los procesos desde el donante hasta el paciente.<\/span>[\/vc_column_text][vc_raw_html]JTNDcCUzRSUzQ2ElMjBjbGFzcyUzRCUyMmJ0biUyMGRvY3VtZW50JTIwYnRuLXB1cnBsZSUyMiUyMGhyZWYlM0RodHRwcyUzQSUyRiUyRnd3dy5ncGlncm91cC5jb20lMkZhcHAlMkZ1cGxvYWRzJTJGMjAyMiUyRjEyJTJGZS1EZWxwaHluQkJfQTQtMS5wZGYlMjIlMjB0YXJnZXQlM0QlMjJfYmxhbmslMjIlMjByZWwlM0QlMjJub29wZW5lciUyMG5vcmVmZXJyZXIlMjIlM0VDYXQlQzMlQTFsb2dvJTNDJTJGYSUzRSUzQyUyRnAlM0U=[\/vc_raw_html][vc_column_text]<\/p>\n<h3>Mucho m\u00e1s&#8230;<\/h3>\n<p><span style=\"background-color: var(--bs-body-bg); color: var(--bs-body-color); font-family: var(--bs-body-font-family); font-size: var(--bs-body-font-size); font-weight: var(--bs-body-font-weight); text-align: var(--bs-body-text-align);\">Adem\u00e1s de la gesti\u00f3n de los procesos de donaci\u00f3n y transfusi\u00f3n de componentes sangu\u00edneos, nuestras soluciones tienen la capacidad de proporcionar servicios para muchos m\u00e1s sectores sanitarios.<\/span><\/p>\n<h3>Terapia Celular Avanzada<\/h3>\n<p><span style=\"background-color: var(--bs-body-bg); color: var(--bs-body-color); font-family: var(--bs-body-font-family); font-size: var(--bs-body-font-size); text-align: var(--bs-body-text-align);\">Nuestra soluci\u00f3n inform\u00e1tica de Terapia Celular Avanzada y Cord\u00f3n Umbilical <\/span>permite la gesti\u00f3n integral de los procesos y productos que van desde el donante hasta el paciente. Dota de seguridad adicional y proporciona una trazabilidad completa a los centros y organizaciones, cumpliendo as\u00ed las Buenas Pr\u00e1cticas de Manipulaci\u00f3n (consumibles, reactivos, equipos\u2026) para Productos de Terapia Celular. Las caracter\u00edsticas de completa trazabilidad y controles de procesos ayudan a las organizaciones y centros hospitalarios a cumplir con los est\u00e1ndares internacionales FACT &amp; JACIE.<\/p>\n<p>Permite el registro de donantes y la clasificaci\u00f3n anal\u00edtica de los mismos para que las colectas puedan servir tanto a pacientes del propio centro como de centros externos. La capacidad de estandarizaci\u00f3n de c\u00f3digos de donantes e identificadores GRID facilita la inclusi\u00f3n de los donantes en redes nacionales e internacionales, como por ejemplo la espa\u00f1ola REDMO.<\/p>\n<p>La gesti\u00f3n de pacientes incluye adem\u00e1s de las Pruebas Anal\u00edticas propias de cualquier laboratorio hematol\u00f3gico, la prueba de HLA. Las Peticiones de Progenitores, tienen la capacidad de control de la Infusi\u00f3n y seguimiento del Injerto mediante especificaciones que cumplen con las \u00faltimas regulaciones.[\/vc_column_text][vc_raw_html]JTNDcCUzRSUzQ2ElMjBjbGFzcyUzRCUyMmJ0biUyMGRvY3VtZW50JTIwYnRuLXB1cnBsZSUyMiUyMGhyZWYlM0QlMjJodHRwcyUzQSUyRiUyRnd3dy5ncGlncm91cC5jb20lMkZhcHAlMkZ1cGxvYWRzJTJGMjAyMiUyRjEyJTJGZS1EZWxwaHluQ1RfQTQtMS5wZGYlMjIlMjB0YXJnZXQlM0QlMjJfYmxhbmslMjIlMjByZWwlM0QlMjJub29wZW5lciUyMG5vcmVmZXJyZXIlMjIlM0VDYXQlQzMlQTFsb2dvJTIwQ1QlM0MlMkZhJTNFJTNDJTJGcCUzRQ==[\/vc_raw_html][vc_column_text]<\/p>\n<h3>Banco de Leche Materna<\/h3>\n<p>Desarrollada en colaboraci\u00f3n con los profesionales de los Bancos de Leche, est\u00e1 dise\u00f1ada para mejorar la seguridad, eficiencia y trazabilidad de la administraci\u00f3n de leche y productos de leche en Bancos de Leche y Unidades de Neonatos, que suministran las tomas de leche.<\/p>\n<p>Garantiza la seguridad del neonato a trav\u00e9s de un proceso riguroso de aprobaci\u00f3n de la donante. El proceso de etiquetado previo y definitivo de las unidades, elimina los errores que pueden ocurrir en la identificaci\u00f3n y preparaci\u00f3n de la leche.<\/p>\n<p>La funcionalidad del seguimiento de unidades permite la trazabilidad de la leche, desde el donante, pasando por el procesado y la distribuci\u00f3n de la leche, hasta la recepci\u00f3n final. Esta trazabilidad completa asegura asimismo el uso eficiente de la leche pudiendo elegir las unidades m\u00e1s id\u00f3neas en cada momento. La compatibilidad con diferentes sistemas de c\u00f3digos de barras para los productos de leche de donante, incluidos Eurocode e ISBT 128 facilita el proceso de distribuci\u00f3n centralizada de Leche de Donante.<\/p>\n<p>La configuraci\u00f3n del tipo de petici\u00f3n seg\u00fan las necesidades del beb\u00e9 dan inicio al proceso, pudiendo configurar peticiones con diferentes procesos internos:<\/p>\n<ul>\n<li>Leche de donante.<\/li>\n<li>Leche de la madre.<\/li>\n<li>Leche de f\u00f3rmula.<\/li>\n<\/ul>\n<p>La administraci\u00f3n a los neonatos est\u00e1 adaptada en cantidad y calidad gracias al procesado, alicuotado y fortificaci\u00f3n de la leche, as\u00ed como a su riguroso an\u00e1lisis nutricional. Adem\u00e1s incluye un sistema basado en un dispositivo port\u00e1til a pie de cama para realizar peticiones de leche y proporcionar seguridad en la administraci\u00f3n.[\/vc_column_text][vc_raw_html]JTNDcCUzRSUzQ2ElMjBjbGFzcyUzRCUyMmJ0biUyMGRvY3VtZW50JTIwYnRuLXB1cnBsZSUyMiUyMGhyZWYlM0QlMjJodHRwcyUzQSUyRiUyRnd3dy5ncGlncm91cC5jb20lMkZhcHAlMkZ1cGxvYWRzJTJGMjAyMiUyRjEyJTJGZS1EZWxwaHluSE1CX0E0LTEucGRmJTIyJTIwdGFyZ2V0JTNEJTIyX2JsYW5rJTIyJTIwcmVsJTNEJTIybm9vcGVuZXIlMjBub3JlZmVycmVyJTIyJTNFQ2F0JUMzJUExbG9nbyUyMEhNQiUzQyUyRmElM0UlM0MlMkZwJTNF[\/vc_raw_html][vc_column_text]<\/p>\n<h3>Banco de Tejidos<\/h3>\n<p>Nuestro software para banco de tejidos optimiza todo el proceso de donaci\u00f3n y an\u00e1lisis del tejido con el fin de conseguir que sea lo m\u00e1s id\u00f3neo para el receptor.\u00a0 El control exhaustivo mediante pruebas anal\u00edticas y microbiol\u00f3gicas, as\u00ed como el procesado de los materiales tisulares y la \u00e1gil distribuci\u00f3n con control en tiempo real del stock, garantiza la seguridad del trasplante.<\/p>\n<p>La compatibilidad de diferentes par\u00e1metros biol\u00f3gicos entre donante y receptor es la parte fundamental para dar inicio a un trasplante. El conjunto de reglas de validaci\u00f3n internas as\u00ed como la capacidad de centralizar y compartir informaci\u00f3n 100% trazable, hacen que como resultado final se obtenga el tejido m\u00e1s id\u00f3neo para el paciente.<\/p>\n<p>Permite el registro de datos del donante, ya sea en vida o tras fallecimiento. Posibilita la selecci\u00f3n del tipo de donaci\u00f3n: aut\u00f3loga, dirigida o alog\u00e9nica adaptando el proceso a cada una de ellas.\u00a0Su adaptabilidad la capacita para admitir estructuras operativas de todos los tama\u00f1os: Bancos, Hospitales, Regiones&#8230; con un solo centro hasta organizaciones con m\u00faltiples instalaciones, pudiendo incluso agregar bancos de tejidos y hospitales sat\u00e9lite en cualquier momento.[\/vc_column_text][vc_raw_html]JTNDcCUzRSUzQ2ElMjBjbGFzcyUzRCUyMmJ0biUyMGRvY3VtZW50JTIwYnRuLXB1cnBsZSUyMiUyMGhyZWYlM0QlMjJodHRwcyUzQSUyRiUyRnd3dy5ncGlncm91cC5jb20lMkZhcHAlMkZ1cGxvYWRzJTJGMjAyMiUyRjEyJTJGZS1EZWxwaHluVElTX0E0LnBkZiUyMiUyMHRhcmdldCUzRCUyMl9ibGFuayUyMiUyMHJlbCUzRCUyMm5vb3BlbmVyJTIwbm9yZWZlcnJlciUyMiUzRUNhdCVDMyVBMWxvZ28lMjBUSVMlM0MlMkZhJTNFJTNDJTJGcCUzRQ==[\/vc_raw_html][vc_column_text]<\/p>\n<h3>Laboratorio y Middleware<\/h3>\n<p>Nuestro software para laboratorios c<span style=\"background-color: var(--bs-body-bg); color: var(--bs-body-color); font-family: var(--bs-body-font-family); font-size: var(--bs-body-font-size); text-align: var(--bs-body-text-align);\">ubre tanto las necesidades ligadas a la actividad del laboratorio, como las propias del negocio de los laboratorios actuales, proporcionando un <\/span>flujo de trabajo intuitivo y eficiente<span style=\"background-color: var(--bs-body-bg); color: var(--bs-body-color); font-family: var(--bs-body-font-family); font-size: var(--bs-body-font-size); text-align: var(--bs-body-text-align);\"> que hace posible una obtenci\u00f3n r\u00e1pida y precisa de los resultados.\u00a0<\/span>Permite la automatizaci\u00f3n de todos los procesos del laboratorio, desde la fase pre-anal\u00edtica, hasta la anal\u00edtica y la post-anal\u00edtica, optimizando las actividades, maximizando la productividad y mejorando el control de calidad del laboratorio.<\/p>\n<p>Nuestras soluciones inform\u00e1ticas permiten conectar los equipos de laboratorio con cualquier software BBMS\/LIS en modo Host-query. Con acceso <em>online<\/em>, se gu\u00edan por un protocolo de comunicaciones ASTM mejorado.<\/p>\n<p>Las caracter\u00edsticas de arquitectura de software y las herramientas de configuraci\u00f3n, permiten a los usuarios adaptar el sistema a los laboratorios pudiendo customizar entre otros:<\/p>\n<ul>\n<li>Secciones de laboratorio.<\/li>\n<li>Listas de trabajo.<\/li>\n<li>Espec\u00edmenes y tipos de muestra.<\/li>\n<li>Test de laboratorio y pruebas anal\u00edticas.<\/li>\n<li>Resultados anal\u00edticos.<\/li>\n<li>Usuarios implicados.<\/li>\n<li>Etiquetas e informes.<\/li>\n<\/ul>\n<p>Incluye un potente motor de gesti\u00f3n de informes predefinidos pudiendo personalizarlos a medida en cualquier momento tanto en formato como en elementos. Tiene adem\u00e1s un Panel de Control KPI creado espec\u00edficamente para cada cliente en tiempo real. Estos informes pueden comunicar resultados directamente o proporcionando acceso v\u00eda Web a los Servidores de Resultados.[\/vc_column_text][vc_raw_html]JTNDcCUzRSUzQ2ElMjBjbGFzcyUzRCUyMmJ0biUyMGRvY3VtZW50JTIwYnRuLXB1cnBsZSUyMiUyMGhyZWYlM0QlMjJodHRwcyUzQSUyRiUyRnd3dy5ncGlncm91cC5jb20lMkZhcHAlMkZ1cGxvYWRzJTJGMjAyMiUyRjEyJTJGZS1EZWxwaHluTElTX0E0LS5wZGYlMjIlMjB0YXJnZXQlM0QlMjJfYmxhbmslMjIlMjByZWwlM0QlMjJub29wZW5lciUyMG5vcmVmZXJyZXIlMjIlM0VDYXQlQzMlQTFsb2dvJTIwTElTJTNDJTJGYSUzRSUzQyUyRnAlM0U=[\/vc_raw_html][\/vc_column_inner][\/vc_row_inner][\/vc_column][\/vc_row][vc_row full_width=&#8221;stretch_row&#8221; el_class=&#8221;text-row my-0 bl-body features&#8221;][vc_column][vc_row_inner][vc_column_inner width=&#8221;1\/3&#8243;][vc_column_text css=&#8221;.vc_custom_1668682597535{padding-right: 20px !important;}&#8221;]<\/p>\n<h1>Elige nuestras soluciones inform\u00e1ticas<\/h1>\n<p>[\/vc_column_text][\/vc_column_inner][vc_column_inner width=&#8221;2\/3&#8243;][vc_column_text]<\/p>\n<h3>COMPLETAS<\/h3>\n<ul>\n<li><span id=\"emoji-info-value\">C<\/span>ompatibles con HL7 y con cualquier Registro Electr\u00f3nico de Salud.<\/li>\n<li>Actualizaciones tiempo real, ahorrando tiempo y reduciendo los errores.<\/li>\n<li>Facilidad de integraci\u00f3n con conexiones uni y bidireccionales.<\/li>\n<li>Comunicabilidad con instrumentos de laboratorio.<\/li>\n<\/ul>\n<h3>SEGURAS<\/h3>\n<ul>\n<li>Control mediante contrase\u00f1as de acuerdo con las pautas m\u00e1s exigentes.<\/li>\n<li><span id=\"emoji-info-value\">Acceso configurable seg\u00fan los roles de los usuarios.<\/span><\/li>\n<li>Completa trazabilidad del proceso para el control completo de los resultados.<\/li>\n<li>Salvaguarda continua de los activos de informaci\u00f3n existentes.<\/li>\n<\/ul>\n<h3>EFICACES<\/h3>\n<ul>\n<li>Soluciones totalmente basadas en la web.<\/li>\n<li>Compatibles con todos los sistemas operativos y gestores de bases de datos.<\/li>\n<li><span id=\"emoji-info-value\">P<\/span>ermiten un despliegue gradual mediante la inclusi\u00f3n de diferentes m\u00f3dulos.<\/li>\n<li>Flexibilidad para adaptarse a cualquier formato organizativo.<\/li>\n<li>Configuraci\u00f3n y experiencia de usuario simple e intuitiva.<\/li>\n<\/ul>\n<p>&nbsp;<\/p>\n<p>[\/vc_column_text][\/vc_column_inner][\/vc_row_inner][\/vc_column][\/vc_row]<\/p>\n[vc_row full_width=\"stretch_row\" el_class=\"vision mb-0 gpi-orange-bg\"][vc_column offset=\"vc_col-lg-3 vc_col-xs-12\"][vc_column_text]\n<h4>Contact our sales team<\/h4>[\/vc_column_text][\/vc_column][vc_column width=\"3\/4\" offset=\"vc_col-lg-offset-0 vc_col-sm-offset-3 vc_col-xs-12\"][vc_raw_html]JTVCY29udGFjdC1mb3JtLTclMjBpZCUzRCUyMjg1NDc5JTIyJTIwdGl0bGUlM0QlMjJCdXNpbmVzcyUyMGxpbmUlMjBmb3JtJTIyJTIwaHRtbF9pZCUzRCUyMmdwaS1jb250YWN0LWZvcm0lMjIlNUQ=[\/vc_raw_html][\/vc_column][\/vc_row]<\/div>","protected":false},"excerpt":{"rendered":"<p>[vc_row full_width=&#8221;stretch_row&#8221; css=&#8221;.vc_custom_1553766882955{padding-bottom: 30px !important;}&#8221; el_class=&#8221;text-row my-0&#8243;][vc_column][vc_row_inner][vc_column_inner][vc_column_text] Banco de Sangre \u00a0SOFTWARE [\/vc_column_text][\/vc_column_inner][\/vc_row_inner][vc_row_inner el_class=&#8221;bl-body&#8221;][vc_column_inner width=&#8221;1\/3&#8243;][vc_column_text][\/vc_column_text][\/vc_column_inner][vc_column_inner width=&#8221;2\/3&#8243;][vc_column_text el_class=&#8221;entice&#8221;] Soluciones inform\u00e1ticas para la gesti\u00f3n integral de la hemodonaci\u00f3n y la hemoterapia [\/vc_column_text][vc_column_text] Nuestro software para banco de sangre asegura todo el proceso de donaci\u00f3n con el fin de brindar al donante una mejor experiencia.\u00a0 La calidad de las<\/p>\n","protected":false},"author":1,"featured_media":68633,"parent":0,"menu_order":0,"comment_status":"closed","ping_status":"closed","template":"","meta":{"footnotes":""},"class_list":["post-85183","page","type-page","status-publish","has-post-thumbnail","hentry","section-offerta","business_line-software"],"yoast_head":"<!-- This site is optimized with the Yoast SEO plugin v27.1.1 - https:\/\/yoast.com\/product\/yoast-seo-wordpress\/ -->\n<title>Gesti\u00f3n de hemoterapia y hemodonaci\u00f3n: Banco de sangre | GPI<\/title>\n<meta name=\"description\" content=\"Gesti\u00f3n de hemoterapia y hemodonaci\u00f3n: Banco de sangre.\" \/>\n<meta name=\"robots\" content=\"index, follow, max-snippet:-1, max-image-preview:large, max-video-preview:-1\" \/>\n<link rel=\"canonical\" href=\"https:\/\/www.gpigroup.com\/es\/banco-de-sangre\/\" \/>\n<meta property=\"og:locale\" content=\"es_ES\" \/>\n<meta property=\"og:type\" content=\"article\" \/>\n<meta property=\"og:title\" content=\"Gesti\u00f3n de hemoterapia y hemodonaci\u00f3n: Banco de sangre | GPI\" \/>\n<meta property=\"og:description\" content=\"Gesti\u00f3n de hemoterapia y hemodonaci\u00f3n: Banco de sangre.\" \/>\n<meta property=\"og:url\" content=\"https:\/\/www.gpigroup.com\/es\/banco-de-sangre\/\" \/>\n<meta property=\"og:site_name\" content=\"GPI\" \/>\n<meta property=\"article:publisher\" content=\"https:\/\/www.facebook.com\/GruppoGPI\/\" \/>\n<meta property=\"article:modified_time\" content=\"2023-05-12T10:23:12+00:00\" \/>\n<meta property=\"og:image\" content=\"https:\/\/www.gpigroup.com\/app\/uploads\/2019\/04\/og-link-preview-1.png\" \/>\n\t<meta property=\"og:image:width\" content=\"1366\" \/>\n\t<meta property=\"og:image:height\" content=\"768\" \/>\n\t<meta property=\"og:image:type\" content=\"image\/png\" \/>\n<meta name=\"twitter:card\" content=\"summary_large_image\" \/>\n<meta name=\"twitter:label1\" content=\"Est. reading time\" \/>\n\t<meta name=\"twitter:data1\" content=\"6 minutes\" \/>\n<script type=\"application\/ld+json\" class=\"yoast-schema-graph\">{\"@context\":\"https:\/\/schema.org\",\"@graph\":[{\"@type\":\"WebPage\",\"@id\":\"https:\/\/www.gpigroup.com\/es\/banco-de-sangre\/\",\"url\":\"https:\/\/www.gpigroup.com\/es\/banco-de-sangre\/\",\"name\":\"Gesti\u00f3n de hemoterapia y hemodonaci\u00f3n: Banco de sangre | GPI\",\"isPartOf\":{\"@id\":\"https:\/\/www.gpigroup.com\/es\/#website\"},\"primaryImageOfPage\":{\"@id\":\"https:\/\/www.gpigroup.com\/es\/banco-de-sangre\/#primaryimage\"},\"image\":{\"@id\":\"https:\/\/www.gpigroup.com\/es\/banco-de-sangre\/#primaryimage\"},\"thumbnailUrl\":\"https:\/\/www.gpigroup.com\/app\/uploads\/2019\/04\/og-link-preview-1.png\",\"datePublished\":\"2019-03-28T15:08:04+00:00\",\"dateModified\":\"2023-05-12T10:23:12+00:00\",\"description\":\"Gesti\u00f3n de hemoterapia y hemodonaci\u00f3n: Banco de sangre.\",\"breadcrumb\":{\"@id\":\"https:\/\/www.gpigroup.com\/es\/banco-de-sangre\/#breadcrumb\"},\"inLanguage\":\"es-ES\",\"potentialAction\":[{\"@type\":\"ReadAction\",\"target\":[\"https:\/\/www.gpigroup.com\/es\/banco-de-sangre\/\"]}]},{\"@type\":\"ImageObject\",\"inLanguage\":\"es-ES\",\"@id\":\"https:\/\/www.gpigroup.com\/es\/banco-de-sangre\/#primaryimage\",\"url\":\"https:\/\/www.gpigroup.com\/app\/uploads\/2019\/04\/og-link-preview-1.png\",\"contentUrl\":\"https:\/\/www.gpigroup.com\/app\/uploads\/2019\/04\/og-link-preview-1.png\",\"width\":1366,\"height\":768},{\"@type\":\"BreadcrumbList\",\"@id\":\"https:\/\/www.gpigroup.com\/es\/banco-de-sangre\/#breadcrumb\",\"itemListElement\":[{\"@type\":\"ListItem\",\"position\":1,\"name\":\"Home\",\"item\":\"https:\/\/www.gpigroup.com\/es\/\"},{\"@type\":\"ListItem\",\"position\":2,\"name\":\"Banco de Sangre\"}]},{\"@type\":\"WebSite\",\"@id\":\"https:\/\/www.gpigroup.com\/es\/#website\",\"url\":\"https:\/\/www.gpigroup.com\/es\/\",\"name\":\"GPI\",\"description\":\"The Healthcare Partner\",\"publisher\":{\"@id\":\"https:\/\/www.gpigroup.com\/es\/#organization\"},\"potentialAction\":[{\"@type\":\"SearchAction\",\"target\":{\"@type\":\"EntryPoint\",\"urlTemplate\":\"https:\/\/www.gpigroup.com\/es\/?s={search_term_string}\"},\"query-input\":{\"@type\":\"PropertyValueSpecification\",\"valueRequired\":true,\"valueName\":\"search_term_string\"}}],\"inLanguage\":\"es-ES\"},{\"@type\":\"Organization\",\"@id\":\"https:\/\/www.gpigroup.com\/es\/#organization\",\"name\":\"GPI S.p.A.\",\"url\":\"https:\/\/www.gpigroup.com\/es\/\",\"logo\":{\"@type\":\"ImageObject\",\"inLanguage\":\"es-ES\",\"@id\":\"https:\/\/www.gpigroup.com\/es\/#\/schema\/logo\/image\/\",\"url\":\"https:\/\/www.gpigroup.com\/app\/uploads\/2023\/03\/logo-GPI-2019-1.jpg\",\"contentUrl\":\"https:\/\/www.gpigroup.com\/app\/uploads\/2023\/03\/logo-GPI-2019-1.jpg\",\"width\":1946,\"height\":1945,\"caption\":\"GPI S.p.A.\"},\"image\":{\"@id\":\"https:\/\/www.gpigroup.com\/es\/#\/schema\/logo\/image\/\"},\"sameAs\":[\"https:\/\/www.facebook.com\/GruppoGPI\/\",\"https:\/\/www.linkedin.com\/company\/gpi-spa\",\"http:\/\/www.youtube.com\/user\/GruppoGPI\"]}]}<\/script>\n<!-- \/ Yoast SEO plugin. -->","yoast_head_json":{"title":"Gesti\u00f3n de hemoterapia y hemodonaci\u00f3n: Banco de sangre | GPI","description":"Gesti\u00f3n de hemoterapia y hemodonaci\u00f3n: Banco de sangre.","robots":{"index":"index","follow":"follow","max-snippet":"max-snippet:-1","max-image-preview":"max-image-preview:large","max-video-preview":"max-video-preview:-1"},"canonical":"https:\/\/www.gpigroup.com\/es\/banco-de-sangre\/","og_locale":"es_ES","og_type":"article","og_title":"Gesti\u00f3n de hemoterapia y hemodonaci\u00f3n: Banco de sangre | GPI","og_description":"Gesti\u00f3n de hemoterapia y hemodonaci\u00f3n: Banco de sangre.","og_url":"https:\/\/www.gpigroup.com\/es\/banco-de-sangre\/","og_site_name":"GPI","article_publisher":"https:\/\/www.facebook.com\/GruppoGPI\/","article_modified_time":"2023-05-12T10:23:12+00:00","og_image":[{"width":1366,"height":768,"url":"https:\/\/www.gpigroup.com\/app\/uploads\/2019\/04\/og-link-preview-1.png","type":"image\/png"}],"twitter_card":"summary_large_image","twitter_misc":{"Est. reading time":"6 minutes"},"schema":{"@context":"https:\/\/schema.org","@graph":[{"@type":"WebPage","@id":"https:\/\/www.gpigroup.com\/es\/banco-de-sangre\/","url":"https:\/\/www.gpigroup.com\/es\/banco-de-sangre\/","name":"Gesti\u00f3n de hemoterapia y hemodonaci\u00f3n: Banco de sangre | GPI","isPartOf":{"@id":"https:\/\/www.gpigroup.com\/es\/#website"},"primaryImageOfPage":{"@id":"https:\/\/www.gpigroup.com\/es\/banco-de-sangre\/#primaryimage"},"image":{"@id":"https:\/\/www.gpigroup.com\/es\/banco-de-sangre\/#primaryimage"},"thumbnailUrl":"https:\/\/www.gpigroup.com\/app\/uploads\/2019\/04\/og-link-preview-1.png","datePublished":"2019-03-28T15:08:04+00:00","dateModified":"2023-05-12T10:23:12+00:00","description":"Gesti\u00f3n de hemoterapia y hemodonaci\u00f3n: Banco de sangre.","breadcrumb":{"@id":"https:\/\/www.gpigroup.com\/es\/banco-de-sangre\/#breadcrumb"},"inLanguage":"es-ES","potentialAction":[{"@type":"ReadAction","target":["https:\/\/www.gpigroup.com\/es\/banco-de-sangre\/"]}]},{"@type":"ImageObject","inLanguage":"es-ES","@id":"https:\/\/www.gpigroup.com\/es\/banco-de-sangre\/#primaryimage","url":"https:\/\/www.gpigroup.com\/app\/uploads\/2019\/04\/og-link-preview-1.png","contentUrl":"https:\/\/www.gpigroup.com\/app\/uploads\/2019\/04\/og-link-preview-1.png","width":1366,"height":768},{"@type":"BreadcrumbList","@id":"https:\/\/www.gpigroup.com\/es\/banco-de-sangre\/#breadcrumb","itemListElement":[{"@type":"ListItem","position":1,"name":"Home","item":"https:\/\/www.gpigroup.com\/es\/"},{"@type":"ListItem","position":2,"name":"Banco de Sangre"}]},{"@type":"WebSite","@id":"https:\/\/www.gpigroup.com\/es\/#website","url":"https:\/\/www.gpigroup.com\/es\/","name":"GPI","description":"The Healthcare Partner","publisher":{"@id":"https:\/\/www.gpigroup.com\/es\/#organization"},"potentialAction":[{"@type":"SearchAction","target":{"@type":"EntryPoint","urlTemplate":"https:\/\/www.gpigroup.com\/es\/?s={search_term_string}"},"query-input":{"@type":"PropertyValueSpecification","valueRequired":true,"valueName":"search_term_string"}}],"inLanguage":"es-ES"},{"@type":"Organization","@id":"https:\/\/www.gpigroup.com\/es\/#organization","name":"GPI S.p.A.","url":"https:\/\/www.gpigroup.com\/es\/","logo":{"@type":"ImageObject","inLanguage":"es-ES","@id":"https:\/\/www.gpigroup.com\/es\/#\/schema\/logo\/image\/","url":"https:\/\/www.gpigroup.com\/app\/uploads\/2023\/03\/logo-GPI-2019-1.jpg","contentUrl":"https:\/\/www.gpigroup.com\/app\/uploads\/2023\/03\/logo-GPI-2019-1.jpg","width":1946,"height":1945,"caption":"GPI S.p.A."},"image":{"@id":"https:\/\/www.gpigroup.com\/es\/#\/schema\/logo\/image\/"},"sameAs":["https:\/\/www.facebook.com\/GruppoGPI\/","https:\/\/www.linkedin.com\/company\/gpi-spa","http:\/\/www.youtube.com\/user\/GruppoGPI"]}]}},"_links":{"self":[{"href":"https:\/\/www.gpigroup.com\/es\/wp-json\/wp\/v2\/pages\/85183","targetHints":{"allow":["GET"]}}],"collection":[{"href":"https:\/\/www.gpigroup.com\/es\/wp-json\/wp\/v2\/pages"}],"about":[{"href":"https:\/\/www.gpigroup.com\/es\/wp-json\/wp\/v2\/types\/page"}],"author":[{"embeddable":true,"href":"https:\/\/www.gpigroup.com\/es\/wp-json\/wp\/v2\/users\/1"}],"replies":[{"embeddable":true,"href":"https:\/\/www.gpigroup.com\/es\/wp-json\/wp\/v2\/comments?post=85183"}],"version-history":[{"count":32,"href":"https:\/\/www.gpigroup.com\/es\/wp-json\/wp\/v2\/pages\/85183\/revisions"}],"predecessor-version":[{"id":120393,"href":"https:\/\/www.gpigroup.com\/es\/wp-json\/wp\/v2\/pages\/85183\/revisions\/120393"}],"wp:featuredmedia":[{"embeddable":true,"href":"https:\/\/www.gpigroup.com\/es\/wp-json\/wp\/v2\/media\/68633"}],"wp:attachment":[{"href":"https:\/\/www.gpigroup.com\/es\/wp-json\/wp\/v2\/media?parent=85183"}],"curies":[{"name":"wp","href":"https:\/\/api.w.org\/{rel}","templated":true}]}}