{"id":85181,"date":"2019-03-06T08:43:34","date_gmt":"2019-03-06T07:43:34","guid":{"rendered":"https:\/\/tstwebgpi01.gpi.it\/notiz\/"},"modified":"2022-11-11T16:33:52","modified_gmt":"2022-11-11T15:33:52","slug":"notiz","status":"publish","type":"page","link":"https:\/\/www.gpigroup.com\/es\/notiz\/","title":{"rendered":"Noticias"},"content":{"rendered":"<div class=\"wpb-content-wrapper\"><p>[vc_row full_width=&#8221;stretch_row&#8221; css=&#8221;.vc_custom_1553645573274{background-color: #f2f2f2 !important;}&#8221; el_class=&#8221;text-row my-0&#8243;][vc_column][vc_column_text el_class=&#8221;gpi-news-header-title gpi_signature_title_tech&#8221;]<\/p>\n<h1> Todas nuestras noticias y eventos <\/h1>\n<p>[\/vc_column_text][vc_row_inner][vc_column_inner width=&#8221;2\/3&#8243; offset=&#8221;vc_col-sm-offset-4&#8243;][vc_column_text el_class=&#8221;entice&#8221;]D\u00eda a d\u00eda, todas las novedades sobre ofertas, mercados, estrategias, eventos y actividades de grupos.[\/vc_column_text][\/vc_column_inner][\/vc_row_inner][\/vc_column][\/vc_row][vc_row full_width=&#8221;stretch_row&#8221; css=&#8221;.vc_custom_1554800089561{background-color: #f2f2f2 !important;}&#8221; el_class=&#8221;mt-0&#8243;][vc_column][vc_basic_grid post_type=&#8221;post&#8221; max_items=&#8221;3&#8243; gap=&#8221;10&#8243; item=&#8221;1077&#8243; initial_loading_animation=&#8221;none&#8221; grid_id=&#8221;vc_gid:1623396421163-e607a16e-50d4-4&#8243;][\/vc_column][\/vc_row][vc_row full_width=&#8221;stretch_row_content_no_spaces&#8221; disable_element=&#8221;yes&#8221; el_class=&#8221;mt-3&#8243;][vc_column][vc_basic_grid post_type=&#8221;post&#8221; max_items=&#8221;-1&#8243; style=&#8221;load-more&#8221; items_per_page=&#8221;4&#8243; show_filter=&#8221;yes&#8221; element_width=&#8221;12&#8243; gap=&#8221;0&#8243; filter_style=&#8221;dropdown&#8221; filter_default_title=&#8221;Todas las noticias&#8221; item=&#8221;968&#8243; initial_loading_animation=&#8221;slideInUp&#8221; btn_title=&#8221;Sube m\u00e1s noticias&#8221; grid_id=&#8221;vc_gid:1623396421164-d813df00-1d60-6&#8243; filter_source=&#8221;category&#8221;][\/vc_column][\/vc_row][vc_row el_class=&#8221;mt-3&#8243;][vc_column][vc_column_text]<div class='asp_shortcodes_container'><div style='flex-basis: 100%;' class='asp_shortcode_column'><div id='wpdreams_asp_settings_23'><\/div><\/div><div style='flex-basis: 100%;' class='asp_shortcode_column'><div class=\"asp_w_container asp_w_container_23 asp_w_container_23_1\" data-id=\"23\" data-instance=\"1\"><div class='asp_w asp_m asp_m_23 asp_m_23_1 wpdreams_asp_sc wpdreams_asp_sc-23 ajaxsearchpro asp_main_container asp_non_compact hiddend' data-id=\"23\" data-name=\"News Imported\" data-instance=\"1\" id='ajaxsearchpro23_1'><div class=\"probox\"><div class='prosettings' data-opened=0><div class='innericon'><svg xmlns=\"http:\/\/www.w3.org\/2000\/svg\" width=\"22\" height=\"22\" viewBox=\"0 0 512 512\"><polygon transform=\"rotate(90 256 256)\" points=\"142.332,104.886 197.48,50 402.5,256 197.48,462 142.332,407.113 292.727,256\"\/><\/svg><\/div><\/div><div class='proinput'><form role=\"search\" action='#' autocomplete=\"off\" aria-label=\"Search form\"><input type='search' class='orig' placeholder='Search here...' name='phrase' value='' aria-label=\"Search input\" autocomplete=\"off\"\/><input type='text' class='autocomplete' name='phrase' value='' aria-label=\"Search autocomplete input\" aria-hidden=\"true\" tabindex=\"-1\" autocomplete=\"off\" disabled\/><\/form><\/div><button class='promagnifier' aria-label=\"Search magnifier button\"><span class='asp_text_button hiddend'> Search <\/span><span class='innericon hiddend'><svg xmlns=\"http:\/\/www.w3.org\/2000\/svg\" width=\"22\" height=\"22\" viewBox=\"0 0 512 512\"><path d=\"M460.355 421.59l-106.51-106.512c20.04-27.553 31.884-61.437 31.884-98.037C385.73 124.935 310.792 50 218.685 50c-92.106 0-167.04 74.934-167.04 167.04 0 92.107 74.935 167.042 167.04 167.042 34.912 0 67.352-10.773 94.184-29.158L419.945 462l40.41-40.41zM100.63 217.04c0-65.095 52.96-118.055 118.056-118.055 65.098 0 118.057 52.96 118.057 118.056 0 65.097-52.96 118.057-118.057 118.057-65.096 0-118.055-52.96-118.055-118.056z\"\/><\/svg><\/span><span class=\"asp_clear\"><\/span><\/button><div class='proloading'><div class=\"asp_loader\"><div class=\"asp_loader-inner asp_simple-circle\"><\/div><\/div><\/div><div class='proclose'><svg version=\"1.1\" xmlns=\"http:\/\/www.w3.org\/2000\/svg\" xmlns:xlink=\"http:\/\/www.w3.org\/1999\/xlink\" x=\"0px\" y=\"0px\" width=\"512px\" height=\"512px\" viewBox=\"0 0 512 512\" enable-background=\"new 0 0 512 512\" xml:space=\"preserve\"><polygon points=\"438.393,374.595 319.757,255.977 438.378,137.348 374.595,73.607 255.995,192.225 137.375,73.622 73.607,137.352 192.246,255.983 73.622,374.625 137.352,438.393 256.002,319.734 374.652,438.378 \"\/><\/svg><\/div><\/div><\/div><div class='asp_data_container' style=\"display:none !important;\"><div class=\"asp_init_data\" style=\"display:none !important;\" id=\"asp_init_id_23_1\" data-asp-id=\"23\" data-asp-instance=\"1\" data-settings=\"{&quot;animations&quot;:{&quot;pc&quot;:{&quot;settings&quot;:{&quot;anim&quot;:&quot;fadedrop&quot;,&quot;dur&quot;:300},&quot;results&quot;:{&quot;anim&quot;:&quot;fadedrop&quot;,&quot;dur&quot;:300},&quot;items&quot;:&quot;fadeInDown&quot;},&quot;mob&quot;:{&quot;settings&quot;:{&quot;anim&quot;:&quot;fadedrop&quot;,&quot;dur&quot;:&quot;300&quot;},&quot;results&quot;:{&quot;anim&quot;:&quot;fadedrop&quot;,&quot;dur&quot;:&quot;300&quot;},&quot;items&quot;:&quot;voidanim&quot;}},&quot;autocomplete&quot;:{&quot;enabled&quot;:0,&quot;trigger_charcount&quot;:0,&quot;googleOnly&quot;:1,&quot;lang&quot;:&quot;en&quot;,&quot;mobile&quot;:0},&quot;autop&quot;:{&quot;state&quot;:&quot;latest&quot;,&quot;phrase&quot;:&quot;&quot;,&quot;count&quot;:10},&quot;charcount&quot;:0,&quot;closeOnDocClick&quot;:0,&quot;compact&quot;:{&quot;enabled&quot;:0,&quot;focus&quot;:1,&quot;width&quot;:&quot;100%&quot;,&quot;width_tablet&quot;:&quot;480px&quot;,&quot;width_phone&quot;:&quot;320px&quot;,&quot;closeOnMagnifier&quot;:1,&quot;closeOnDocument&quot;:0,&quot;position&quot;:&quot;static&quot;,&quot;overlay&quot;:0},&quot;cptArchive&quot;:{&quot;useAjax&quot;:0,&quot;selector&quot;:&quot;#main&quot;,&quot;url&quot;:&quot;&quot;},&quot;detectVisibility&quot;:0,&quot;divi&quot;:{&quot;bodycommerce&quot;:0},&quot;focusOnPageload&quot;:1,&quot;fss_layout&quot;:&quot;flex&quot;,&quot;highlight&quot;:0,&quot;highlightWholewords&quot;:1,&quot;homeurl&quot;:&quot;https:\\\/\\\/www.gpigroup.com\\\/es\\\/&quot;,&quot;is_results_page&quot;:0,&quot;isotopic&quot;:{&quot;itemWidth&quot;:&quot;200px&quot;,&quot;itemWidthTablet&quot;:&quot;200px&quot;,&quot;itemWidthPhone&quot;:&quot;200px&quot;,&quot;itemHeight&quot;:&quot;200px&quot;,&quot;itemHeightTablet&quot;:&quot;200px&quot;,&quot;itemHeightPhone&quot;:&quot;200px&quot;,&quot;pagination&quot;:1,&quot;rows&quot;:2,&quot;gutter&quot;:5,&quot;showOverlay&quot;:1,&quot;blurOverlay&quot;:1,&quot;hideContent&quot;:1},&quot;itemscount&quot;:4,&quot;loaderLocation&quot;:&quot;auto&quot;,&quot;mobile&quot;:{&quot;trigger_on_type&quot;:1,&quot;click_action&quot;:&quot;ajax_search&quot;,&quot;return_action&quot;:&quot;ajax_search&quot;,&quot;click_action_location&quot;:&quot;same&quot;,&quot;return_action_location&quot;:&quot;same&quot;,&quot;redirect_url&quot;:&quot;?s={phrase}&quot;,&quot;elementor_url&quot;:&quot;https:\\\/\\\/www.gpigroup.com\\\/es\\\/?asp_ls={phrase}&quot;,&quot;menu_selector&quot;:&quot;#menu-toggle&quot;,&quot;hide_keyboard&quot;:1,&quot;force_res_hover&quot;:0,&quot;force_sett_hover&quot;:0,&quot;force_sett_state&quot;:&quot;none&quot;},&quot;override_method&quot;:&quot;get&quot;,&quot;overridewpdefault&quot;:0,&quot;prescontainerheight&quot;:&quot;400px&quot;,&quot;preventBodyScroll&quot;:0,&quot;preventEvents&quot;:0,&quot;rb&quot;:{&quot;action&quot;:&quot;live&quot;},&quot;resPage&quot;:{&quot;useAjax&quot;:0,&quot;selector&quot;:&quot;#main&quot;,&quot;trigger_type&quot;:1,&quot;trigger_facet&quot;:1,&quot;trigger_magnifier&quot;:0,&quot;trigger_return&quot;:0},&quot;results&quot;:{&quot;width&quot;:&quot;auto&quot;,&quot;width_tablet&quot;:&quot;auto&quot;,&quot;width_phone&quot;:&quot;auto&quot;,&quot;disableClick&quot;:false},&quot;resultsSnapTo&quot;:&quot;center&quot;,&quot;resultsposition&quot;:&quot;block&quot;,&quot;resultstype&quot;:&quot;vertical&quot;,&quot;sb&quot;:{&quot;redirect_action&quot;:&quot;ajax_search&quot;,&quot;redirect_location&quot;:&quot;same&quot;,&quot;redirect_url&quot;:&quot;?s={phrase}&quot;,&quot;elementor_url&quot;:&quot;https:\\\/\\\/www.gpigroup.com\\\/es\\\/?asp_ls={phrase}&quot;},&quot;scrollBar&quot;:{&quot;horizontal&quot;:{&quot;enabled&quot;:1}},&quot;scrollToResults&quot;:{&quot;enabled&quot;:0,&quot;offset&quot;:0},&quot;select2&quot;:{&quot;nores&quot;:&quot;No results match&quot;},&quot;settings&quot;:{&quot;unselectChildren&quot;:1,&quot;unselectParent&quot;:0,&quot;hideChildren&quot;:0},&quot;settingsHideOnRes&quot;:0,&quot;settingsimagepos&quot;:&quot;right&quot;,&quot;settingsVisible&quot;:1,&quot;show_more&quot;:{&quot;enabled&quot;:1,&quot;url&quot;:&quot;?s={phrase}&quot;,&quot;elementor_url&quot;:&quot;https:\\\/\\\/www.gpigroup.com\\\/es\\\/?asp_ls={phrase}&quot;,&quot;action&quot;:&quot;ajax&quot;,&quot;location&quot;:&quot;same&quot;,&quot;infinite&quot;:0},&quot;singleHighlight&quot;:0,&quot;taxArchive&quot;:{&quot;useAjax&quot;:0,&quot;selector&quot;:&quot;#main&quot;,&quot;url&quot;:&quot;&quot;},&quot;lightbox&quot;:{&quot;overlay&quot;:true,&quot;overlayOpacity&quot;:0.7,&quot;overlayColor&quot;:&quot;#FFFFFF&quot;,&quot;nav&quot;:true,&quot;disableRightClick&quot;:true,&quot;close&quot;:true,&quot;animationSpeed&quot;:250,&quot;docClose&quot;:true,&quot;disableScroll&quot;:true,&quot;enableKeyboard&quot;:true},&quot;trigger&quot;:{&quot;delay&quot;:300,&quot;autocomplete_delay&quot;:310,&quot;update_href&quot;:0,&quot;facet&quot;:1,&quot;type&quot;:1,&quot;click&quot;:&quot;ajax_search&quot;,&quot;click_location&quot;:&quot;same&quot;,&quot;return&quot;:&quot;ajax_search&quot;,&quot;return_location&quot;:&quot;same&quot;,&quot;redirect_url&quot;:&quot;?s={phrase}&quot;,&quot;elementor_url&quot;:&quot;https:\\\/\\\/www.gpigroup.com\\\/es\\\/?asp_ls={phrase}&quot;,&quot;minWordLength&quot;:2,&quot;charcount_magnifier_enter&quot;:0,&quot;charcount&quot;:0},&quot;close_icon&quot;:{&quot;action&quot;:&quot;clear&quot;,&quot;close_results&quot;:true},&quot;wooShop&quot;:{&quot;useAjax&quot;:0,&quot;selector&quot;:&quot;#main&quot;,&quot;url&quot;:&quot;&quot;}}\"><\/div><div class='asp_hidden_data' style=\"display:none !important;\"><div class='asp_item_overlay'><div class='asp_item_inner'><svg xmlns=\"http:\/\/www.w3.org\/2000\/svg\" width=\"22\" height=\"22\" viewBox=\"0 0 512 512\"><path d=\"M448.225 394.243l-85.387-85.385c16.55-26.08 26.146-56.986 26.146-90.094 0-92.99-75.652-168.64-168.643-168.64-92.988 0-168.64 75.65-168.64 168.64s75.65 168.64 168.64 168.64c31.466 0 60.94-8.67 86.176-23.734l86.14 86.142c36.755 36.754 92.355-18.783 55.57-55.57zm-344.233-175.48c0-64.155 52.192-116.35 116.35-116.35s116.353 52.194 116.353 116.35S284.5 335.117 220.342 335.117s-116.35-52.196-116.35-116.352zm34.463-30.26c34.057-78.9 148.668-69.75 170.248 12.863-43.482-51.037-119.984-56.532-170.248-12.862z\"\/><\/svg><\/div><\/div><\/div><\/div><div id='__original__ajaxsearchprores23_1' class='asp_w asp_r asp_r_23 asp_r_23_1 vertical ajaxsearchpro wpdreams_asp_sc wpdreams_asp_sc-23' data-id=\"23\" data-instance=\"1\"><div class=\"results\"><div class=\"resdrg\"><\/div><\/div><!-- This is another asp_showmore_container that add custom GPI style to 'load more' button --><div class='gpi_showmore_container'><div class=\"asp_showmore_container\"><p class='showmore'><a class='asp_showmore' role=\"button\" href=\"https:\/\/www.gpigroup.com\/wp\">Carica altri documenti <span><\/span><\/a><\/p><div class=\"asp_moreres_loader\" style=\"display: none;\"><div class=\"asp_moreres_loader-inner\"><\/div><\/div><\/div><\/div><div class=\"asp_res_loader hiddend\"><div class=\"asp_loader\"><div class=\"asp_loader-inner asp_simple-circle\"><\/div><\/div><\/div><\/div><div id='__original__ajaxsearchprobsettings23_1' class=\"asp_w asp_ss asp_ss_23 asp_sb asp_sb_23 asp_sb_23_1 asp_sb wpdreams_asp_sc wpdreams_asp_sc-23 ajaxsearchpro searchsettings\" data-id=\"23\" data-instance=\"1\"><form name='options' class=\"asp-fss-flex\" aria-label=\"Search settings form\" autocomplete = 'off'><fieldset class=\"any-date-container\"><div class=\"any-date checked\">Cualquier fecha<\/div><\/fieldset><input type=\"hidden\" name=\"current_page_id\" value=\"85181\"><input type='hidden' name='qtranslate_lang' value='0'\/><input type='hidden' name='wpml_lang' value='es'\/><input type=\"hidden\" name=\"filters_changed\" value=\"0\"><input type=\"hidden\" name=\"filters_initial\" value=\"1\"><input type=\"hidden\" name=\"device\" value=\"1\"><fieldset data-asp_invalid_msg=\"This field is required!\" class=\"asp_filter_tax asp_filter_tax_category asp_radio_filter_box asp_filter_id_1 asp_filter_n_0\"><legend>Filter by Categories<\/legend><div class='category_filter_box categoryfilter'><div class='term_filter_box asp_sett_scroll'><label class=\"asp_label\"><input type=\"radio\" class=\"asp_radio\" name=\"termset[category][]\" data-origvalue=\"1\" checked='checked' value=\"-1\"><span>Todo<\/span><\/label><br><label class=\"asp_label\"><input type=\"radio\" class=\"asp_radio\" value=\"923\" name=\"termset[category][]\" ><span>Eventos<\/span><\/label><br><label class=\"asp_label\"><input type=\"radio\" class=\"asp_radio\" value=\"927\" name=\"termset[category][]\" ><span>inversionistas<\/span><\/label><br><label class=\"asp_label\"><input type=\"radio\" class=\"asp_radio\" value=\"353\" name=\"termset[category][]\" ><span>Noticias<\/span><\/label><br><\/div><\/div><\/fieldset><fieldset data-asp_invalid_msg=\"Please select a date!\" class=\"asp_filter_date\"><div class=\"asp_post_date_from\"><legend>Data inizio<\/legend><textarea class=\"asp_datepicker_format\" aria-hidden=\"true\" aria-label=\"Data inizio\" style=\"display:none !important;\">dd-mm-yy<\/textarea><input type=\"text\" aria-label=\"Data inizio\" placeholder=\"Choose date\" class=\"asp_datepicker\" name=\"post_date_from_real\" data-origvalue=\"2010-01-01\" value=\"2010-01-01\"><input type=\"hidden\" class=\"asp_datepicker_hidden\" name=\"post_date_from\" value=\"\"><\/div><div class=\"asp_post_date_to\"><legend>Data fine<\/legend><textarea class=\"asp_datepicker_format\" aria-hidden=\"true\" aria-label=\"Data fine\" style=\"display:none !important;\">dd-mm-yy<\/textarea><input type=\"text\" aria-label=\"Data fine\" placeholder=\"Choose date\" class=\"asp_datepicker\" name=\"post_date_to_real\" data-origvalue=\"-0y -0m -0d\" value=\"-0y -0m -0d\"><input type=\"hidden\" class=\"asp_datepicker_hidden\" name=\"post_date_to\" value=\"\"><\/div><\/fieldset><div style=\"clear:both;\"><\/div><\/form><\/div><\/div><\/div><\/div>[\/vc_column_text][\/vc_column][\/vc_row][vc_row full_width=&#8221;stretch_row_content_no_spaces&#8221; el_class=&#8221;mt-3&#8243;][vc_column][vc_column_text]<div id='wpdreams_asp_results_23'><\/div>[\/vc_column_text][\/vc_column][\/vc_row]<\/p>\n<\/div>","protected":false},"excerpt":{"rendered":"<p>[vc_row full_width=&#8221;stretch_row&#8221; css=&#8221;.vc_custom_1553645573274{background-color: #f2f2f2 !important;}&#8221; el_class=&#8221;text-row my-0&#8243;][vc_column][vc_column_text el_class=&#8221;gpi-news-header-title gpi_signature_title_tech&#8221;] Todas nuestras noticias y eventos [\/vc_column_text][vc_row_inner][vc_column_inner width=&#8221;2\/3&#8243; offset=&#8221;vc_col-sm-offset-4&#8243;][vc_column_text el_class=&#8221;entice&#8221;]D\u00eda a d\u00eda, todas las novedades sobre ofertas, mercados, estrategias, eventos y actividades de grupos.[\/vc_column_text][\/vc_column_inner][\/vc_row_inner][\/vc_column][\/vc_row][vc_row full_width=&#8221;stretch_row&#8221; css=&#8221;.vc_custom_1554800089561{background-color: #f2f2f2 !important;}&#8221; el_class=&#8221;mt-0&#8243;][vc_column][vc_basic_grid post_type=&#8221;post&#8221; max_items=&#8221;3&#8243; gap=&#8221;10&#8243; item=&#8221;1077&#8243; initial_loading_animation=&#8221;none&#8221; grid_id=&#8221;vc_gid:1623396421163-e607a16e-50d4-4&#8243;][\/vc_column][\/vc_row][vc_row full_width=&#8221;stretch_row_content_no_spaces&#8221; disable_element=&#8221;yes&#8221; el_class=&#8221;mt-3&#8243;][vc_column][vc_basic_grid post_type=&#8221;post&#8221; max_items=&#8221;-1&#8243; style=&#8221;load-more&#8221; items_per_page=&#8221;4&#8243; show_filter=&#8221;yes&#8221; element_width=&#8221;12&#8243; gap=&#8221;0&#8243; filter_style=&#8221;dropdown&#8221; filter_default_title=&#8221;Todas<\/p>\n","protected":false},"author":23,"featured_media":68633,"parent":0,"menu_order":0,"comment_status":"closed","ping_status":"closed","template":"","meta":{"footnotes":""},"class_list":["post-85181","page","type-page","status-publish","has-post-thumbnail","hentry"],"yoast_head":"<!-- This site is optimized with the Yoast SEO plugin v27.1.1 - https:\/\/yoast.com\/product\/yoast-seo-wordpress\/ -->\n<title>Noticias y eventos del mundo GPI<\/title>\n<meta name=\"description\" content=\"Novedades de GPI S.p.a.: soluciones de software, nuevos mercados, eventos, innovaci\u00f3n y tecnolog\u00edas para la sanidad, la administraci\u00f3n p\u00fablica y la empresa privada\" \/>\n<meta name=\"robots\" content=\"index, follow, max-snippet:-1, max-image-preview:large, max-video-preview:-1\" \/>\n<link rel=\"canonical\" href=\"https:\/\/www.gpigroup.com\/es\/notiz\/\" \/>\n<meta property=\"og:locale\" content=\"es_ES\" \/>\n<meta property=\"og:type\" content=\"article\" \/>\n<meta property=\"og:title\" content=\"Noticias y eventos del mundo GPI\" \/>\n<meta property=\"og:description\" content=\"Novedades de GPI S.p.a.: soluciones de software, nuevos mercados, eventos, innovaci\u00f3n y tecnolog\u00edas para la sanidad, la administraci\u00f3n p\u00fablica y la empresa privada\" \/>\n<meta property=\"og:url\" content=\"https:\/\/www.gpigroup.com\/es\/notiz\/\" \/>\n<meta property=\"og:site_name\" content=\"GPI\" \/>\n<meta property=\"article:publisher\" content=\"https:\/\/www.facebook.com\/GruppoGPI\/\" \/>\n<meta property=\"article:modified_time\" content=\"2022-11-11T15:33:52+00:00\" \/>\n<meta property=\"og:image\" content=\"https:\/\/www.gpigroup.com\/app\/uploads\/2019\/04\/og-link-preview-1.png\" \/>\n\t<meta property=\"og:image:width\" content=\"1366\" \/>\n\t<meta property=\"og:image:height\" content=\"768\" \/>\n\t<meta property=\"og:image:type\" content=\"image\/png\" \/>\n<meta name=\"twitter:card\" content=\"summary_large_image\" \/>\n<meta name=\"twitter:label1\" content=\"Est. reading time\" \/>\n\t<meta name=\"twitter:data1\" content=\"1 minute\" \/>\n<script type=\"application\/ld+json\" class=\"yoast-schema-graph\">{\"@context\":\"https:\/\/schema.org\",\"@graph\":[{\"@type\":\"WebPage\",\"@id\":\"https:\/\/www.gpigroup.com\/es\/notiz\/\",\"url\":\"https:\/\/www.gpigroup.com\/es\/notiz\/\",\"name\":\"Noticias y eventos del mundo GPI\",\"isPartOf\":{\"@id\":\"https:\/\/www.gpigroup.com\/es\/#website\"},\"primaryImageOfPage\":{\"@id\":\"https:\/\/www.gpigroup.com\/es\/notiz\/#primaryimage\"},\"image\":{\"@id\":\"https:\/\/www.gpigroup.com\/es\/notiz\/#primaryimage\"},\"thumbnailUrl\":\"https:\/\/www.gpigroup.com\/app\/uploads\/2019\/04\/og-link-preview-1.png\",\"datePublished\":\"2019-03-06T07:43:34+00:00\",\"dateModified\":\"2022-11-11T15:33:52+00:00\",\"description\":\"Novedades de GPI S.p.a.: soluciones de software, nuevos mercados, eventos, innovaci\u00f3n y tecnolog\u00edas para la sanidad, la administraci\u00f3n p\u00fablica y la empresa privada\",\"breadcrumb\":{\"@id\":\"https:\/\/www.gpigroup.com\/es\/notiz\/#breadcrumb\"},\"inLanguage\":\"es-ES\",\"potentialAction\":[{\"@type\":\"ReadAction\",\"target\":[\"https:\/\/www.gpigroup.com\/es\/notiz\/\"]}]},{\"@type\":\"ImageObject\",\"inLanguage\":\"es-ES\",\"@id\":\"https:\/\/www.gpigroup.com\/es\/notiz\/#primaryimage\",\"url\":\"https:\/\/www.gpigroup.com\/app\/uploads\/2019\/04\/og-link-preview-1.png\",\"contentUrl\":\"https:\/\/www.gpigroup.com\/app\/uploads\/2019\/04\/og-link-preview-1.png\",\"width\":1366,\"height\":768},{\"@type\":\"BreadcrumbList\",\"@id\":\"https:\/\/www.gpigroup.com\/es\/notiz\/#breadcrumb\",\"itemListElement\":[{\"@type\":\"ListItem\",\"position\":1,\"name\":\"Home\",\"item\":\"https:\/\/www.gpigroup.com\/es\/\"},{\"@type\":\"ListItem\",\"position\":2,\"name\":\"Noticias\"}]},{\"@type\":\"WebSite\",\"@id\":\"https:\/\/www.gpigroup.com\/es\/#website\",\"url\":\"https:\/\/www.gpigroup.com\/es\/\",\"name\":\"GPI\",\"description\":\"The Healthcare Partner\",\"publisher\":{\"@id\":\"https:\/\/www.gpigroup.com\/es\/#organization\"},\"potentialAction\":[{\"@type\":\"SearchAction\",\"target\":{\"@type\":\"EntryPoint\",\"urlTemplate\":\"https:\/\/www.gpigroup.com\/es\/?s={search_term_string}\"},\"query-input\":{\"@type\":\"PropertyValueSpecification\",\"valueRequired\":true,\"valueName\":\"search_term_string\"}}],\"inLanguage\":\"es-ES\"},{\"@type\":\"Organization\",\"@id\":\"https:\/\/www.gpigroup.com\/es\/#organization\",\"name\":\"GPI S.p.A.\",\"url\":\"https:\/\/www.gpigroup.com\/es\/\",\"logo\":{\"@type\":\"ImageObject\",\"inLanguage\":\"es-ES\",\"@id\":\"https:\/\/www.gpigroup.com\/es\/#\/schema\/logo\/image\/\",\"url\":\"https:\/\/www.gpigroup.com\/app\/uploads\/2023\/03\/logo-GPI-2019-1.jpg\",\"contentUrl\":\"https:\/\/www.gpigroup.com\/app\/uploads\/2023\/03\/logo-GPI-2019-1.jpg\",\"width\":1946,\"height\":1945,\"caption\":\"GPI S.p.A.\"},\"image\":{\"@id\":\"https:\/\/www.gpigroup.com\/es\/#\/schema\/logo\/image\/\"},\"sameAs\":[\"https:\/\/www.facebook.com\/GruppoGPI\/\",\"https:\/\/www.linkedin.com\/company\/gpi-spa\",\"http:\/\/www.youtube.com\/user\/GruppoGPI\"]}]}<\/script>\n<!-- \/ Yoast SEO plugin. -->","yoast_head_json":{"title":"Noticias y eventos del mundo GPI","description":"Novedades de GPI S.p.a.: soluciones de software, nuevos mercados, eventos, innovaci\u00f3n y tecnolog\u00edas para la sanidad, la administraci\u00f3n p\u00fablica y la empresa privada","robots":{"index":"index","follow":"follow","max-snippet":"max-snippet:-1","max-image-preview":"max-image-preview:large","max-video-preview":"max-video-preview:-1"},"canonical":"https:\/\/www.gpigroup.com\/es\/notiz\/","og_locale":"es_ES","og_type":"article","og_title":"Noticias y eventos del mundo GPI","og_description":"Novedades de GPI S.p.a.: soluciones de software, nuevos mercados, eventos, innovaci\u00f3n y tecnolog\u00edas para la sanidad, la administraci\u00f3n p\u00fablica y la empresa privada","og_url":"https:\/\/www.gpigroup.com\/es\/notiz\/","og_site_name":"GPI","article_publisher":"https:\/\/www.facebook.com\/GruppoGPI\/","article_modified_time":"2022-11-11T15:33:52+00:00","og_image":[{"width":1366,"height":768,"url":"https:\/\/www.gpigroup.com\/app\/uploads\/2019\/04\/og-link-preview-1.png","type":"image\/png"}],"twitter_card":"summary_large_image","twitter_misc":{"Est. reading time":"1 minute"},"schema":{"@context":"https:\/\/schema.org","@graph":[{"@type":"WebPage","@id":"https:\/\/www.gpigroup.com\/es\/notiz\/","url":"https:\/\/www.gpigroup.com\/es\/notiz\/","name":"Noticias y eventos del mundo GPI","isPartOf":{"@id":"https:\/\/www.gpigroup.com\/es\/#website"},"primaryImageOfPage":{"@id":"https:\/\/www.gpigroup.com\/es\/notiz\/#primaryimage"},"image":{"@id":"https:\/\/www.gpigroup.com\/es\/notiz\/#primaryimage"},"thumbnailUrl":"https:\/\/www.gpigroup.com\/app\/uploads\/2019\/04\/og-link-preview-1.png","datePublished":"2019-03-06T07:43:34+00:00","dateModified":"2022-11-11T15:33:52+00:00","description":"Novedades de GPI S.p.a.: soluciones de software, nuevos mercados, eventos, innovaci\u00f3n y tecnolog\u00edas para la sanidad, la administraci\u00f3n p\u00fablica y la empresa privada","breadcrumb":{"@id":"https:\/\/www.gpigroup.com\/es\/notiz\/#breadcrumb"},"inLanguage":"es-ES","potentialAction":[{"@type":"ReadAction","target":["https:\/\/www.gpigroup.com\/es\/notiz\/"]}]},{"@type":"ImageObject","inLanguage":"es-ES","@id":"https:\/\/www.gpigroup.com\/es\/notiz\/#primaryimage","url":"https:\/\/www.gpigroup.com\/app\/uploads\/2019\/04\/og-link-preview-1.png","contentUrl":"https:\/\/www.gpigroup.com\/app\/uploads\/2019\/04\/og-link-preview-1.png","width":1366,"height":768},{"@type":"BreadcrumbList","@id":"https:\/\/www.gpigroup.com\/es\/notiz\/#breadcrumb","itemListElement":[{"@type":"ListItem","position":1,"name":"Home","item":"https:\/\/www.gpigroup.com\/es\/"},{"@type":"ListItem","position":2,"name":"Noticias"}]},{"@type":"WebSite","@id":"https:\/\/www.gpigroup.com\/es\/#website","url":"https:\/\/www.gpigroup.com\/es\/","name":"GPI","description":"The Healthcare Partner","publisher":{"@id":"https:\/\/www.gpigroup.com\/es\/#organization"},"potentialAction":[{"@type":"SearchAction","target":{"@type":"EntryPoint","urlTemplate":"https:\/\/www.gpigroup.com\/es\/?s={search_term_string}"},"query-input":{"@type":"PropertyValueSpecification","valueRequired":true,"valueName":"search_term_string"}}],"inLanguage":"es-ES"},{"@type":"Organization","@id":"https:\/\/www.gpigroup.com\/es\/#organization","name":"GPI S.p.A.","url":"https:\/\/www.gpigroup.com\/es\/","logo":{"@type":"ImageObject","inLanguage":"es-ES","@id":"https:\/\/www.gpigroup.com\/es\/#\/schema\/logo\/image\/","url":"https:\/\/www.gpigroup.com\/app\/uploads\/2023\/03\/logo-GPI-2019-1.jpg","contentUrl":"https:\/\/www.gpigroup.com\/app\/uploads\/2023\/03\/logo-GPI-2019-1.jpg","width":1946,"height":1945,"caption":"GPI S.p.A."},"image":{"@id":"https:\/\/www.gpigroup.com\/es\/#\/schema\/logo\/image\/"},"sameAs":["https:\/\/www.facebook.com\/GruppoGPI\/","https:\/\/www.linkedin.com\/company\/gpi-spa","http:\/\/www.youtube.com\/user\/GruppoGPI"]}]}},"_links":{"self":[{"href":"https:\/\/www.gpigroup.com\/es\/wp-json\/wp\/v2\/pages\/85181","targetHints":{"allow":["GET"]}}],"collection":[{"href":"https:\/\/www.gpigroup.com\/es\/wp-json\/wp\/v2\/pages"}],"about":[{"href":"https:\/\/www.gpigroup.com\/es\/wp-json\/wp\/v2\/types\/page"}],"author":[{"embeddable":true,"href":"https:\/\/www.gpigroup.com\/es\/wp-json\/wp\/v2\/users\/23"}],"replies":[{"embeddable":true,"href":"https:\/\/www.gpigroup.com\/es\/wp-json\/wp\/v2\/comments?post=85181"}],"version-history":[{"count":2,"href":"https:\/\/www.gpigroup.com\/es\/wp-json\/wp\/v2\/pages\/85181\/revisions"}],"predecessor-version":[{"id":86356,"href":"https:\/\/www.gpigroup.com\/es\/wp-json\/wp\/v2\/pages\/85181\/revisions\/86356"}],"wp:featuredmedia":[{"embeddable":true,"href":"https:\/\/www.gpigroup.com\/es\/wp-json\/wp\/v2\/media\/68633"}],"wp:attachment":[{"href":"https:\/\/www.gpigroup.com\/es\/wp-json\/wp\/v2\/media?parent=85181"}],"curies":[{"name":"wp","href":"https:\/\/api.w.org\/{rel}","templated":true}]}}