{"id":162278,"date":"2019-03-28T15:22:00","date_gmt":"2019-03-28T14:22:00","guid":{"rendered":"https:\/\/www.gpigroup.com\/?page_id=162278"},"modified":"2025-01-08T08:39:56","modified_gmt":"2025-01-08T07:39:56","slug":"automatizacion-hospitalaria","status":"publish","type":"page","link":"https:\/\/www.gpigroup.com\/es\/automatizacion-hospitalaria\/","title":{"rendered":"Automatizaci\u00f3n Hospitalaria"},"content":{"rendered":"<div class=\"wpb-content-wrapper\"><p>[vc_row full_width=&#8221;stretch_row&#8221; css=&#8221;.vc_custom_1715597338752{padding-bottom: 30px !important;}&#8221; el_class=&#8221;text-row my-0&#8243;][vc_column][vc_row_inner][vc_column_inner][vc_column_text css=&#8221;&#8221;]<\/p>\n<div class=\"row asa-title\">\n<div class=\"col-12 col-md-6\">\n<img loading=\"lazy\" decoding=\"async\" width=\"1024\" height=\"576\" src=\"https:\/\/www.gpigroup.com\/app\/uploads\/2019\/05\/asa_automation.jpg\" class=\"asa-image asa-image-mobile rounded-circle d-md-none d-inline\" alt=\"GPI Automation\" srcset=\"https:\/\/www.gpigroup.com\/app\/uploads\/2019\/05\/asa_automation.jpg 1024w, https:\/\/www.gpigroup.com\/app\/uploads\/2019\/05\/asa_automation-300x169.jpg 300w, https:\/\/www.gpigroup.com\/app\/uploads\/2019\/05\/asa_automation-768x432.jpg 768w\" sizes=\"auto, (max-width: 1024px) 100vw, 1024px\" \/>\n<div class=\"gpi_signature_title_tech\">\n<h1>Automatizaci\u00f3n Hospitalaria<\/h1>\n<\/div>\n<\/div>\n<div class=\"col-12 col-md-6\">\n<div class=\"asa-symbol\"><img loading=\"lazy\" decoding=\"async\" class=\"alignnone size-medium wp-image-3114\" role=\"img\" src=\"https:\/\/www.gpigroup.com\/app\/uploads\/\/2019\/03\/Automation-1.svg\" alt=\"\" width=\"24\" height=\"24\" \/> AUTOMATION<\/div>\n<\/div>\n<\/div>\n<p>[\/vc_column_text][\/vc_column_inner][\/vc_row_inner][\/vc_column][\/vc_row][vc_row full_width=&#8221;stretch_row&#8221; css=&#8221;.vc_custom_1553766882955{padding-bottom: 30px !important;}&#8221; el_class=&#8221;text-row my-0&#8243;][vc_column width=&#8221;1\/3&#8243;][vc_column_text]<img loading=\"lazy\" decoding=\"async\" width=\"1024\" height=\"576\" src=\"https:\/\/www.gpigroup.com\/app\/uploads\/2019\/05\/asa_automation.jpg\" class=\"asa-image rounded-circle d-md-inline d-none\" alt=\"GPI Automation\" srcset=\"https:\/\/www.gpigroup.com\/app\/uploads\/2019\/05\/asa_automation.jpg 1024w, https:\/\/www.gpigroup.com\/app\/uploads\/2019\/05\/asa_automation-300x169.jpg 300w, https:\/\/www.gpigroup.com\/app\/uploads\/2019\/05\/asa_automation-768x432.jpg 768w\" sizes=\"auto, (max-width: 1024px) 100vw, 1024px\" \/>[\/vc_column_text][\/vc_column][vc_column width=&#8221;2\/3&#8243;][vc_column_text el_class=&#8221;entice&#8221;]La soluci\u00f3n completa para la log\u00edstica de medicamentos que reduce los errores terap\u00e9uticos y optimiza los costes de gesti\u00f3n[\/vc_column_text][vc_column_text]Una fusi\u00f3n sofisticada de software y hardware meticulosamente dise\u00f1ada para revolucionar la identificaci\u00f3n y el seguimiento de los medicamentos en el ecosistema farmac\u00e9utico.<\/p>\n<p>Un mejor control de inventarios, mayor eficiencia en la dispensaci\u00f3n y un completo seguimiento de todos los elementos son resultados alcanzados con la implementaci\u00f3n de nuestra suite de productos.[\/vc_column_text][\/vc_column][\/vc_row][vc_row full_width=&#8221;stretch_row&#8221; css=&#8221;.vc_custom_1553766882955{padding-bottom: 30px !important;}&#8221; el_class=&#8221;text-row my-0&#8243;][vc_column width=&#8221;1\/3&#8243;][vc_column_text el_class=&#8221;entice&#8221;]<\/p>\n<div class=\"gpi_signature_title_tech\">RIEDL Phasys ADS<\/div>\n<p>[\/vc_column_text][\/vc_column][vc_column width=&#8221;2\/3&#8243;][vc_column_text]<strong>Pioneros en la Automatizaci\u00f3n de Farmacias Hospitalarias<\/strong><\/p>\n<p>Da la bienvenida a una nueva era de automatizaci\u00f3n farmac\u00e9utica con RIEDL Phasys (PHarmacy Automation SYStem), dise\u00f1ado espec\u00edficamente para farmacias hospitalarias. Ideado para revolucionar la distribuci\u00f3n de medicamentos, RIEDL Phasys ofrece una flexibilidad y eficiencia sin igual, garantizando una integraci\u00f3n fluida en los flujos de trabajo hospitalarios, con un enfoque especial en el cuidado del paciente.<\/p>\n<p>En esencia, RIEDL Phasys se compromete a optimizar el uso del espacio y mejorar la experiencia de los usuarios. Combinando, sin interrupciones, tecnolog\u00edas de vanguardia con un dise\u00f1o intuitivo, nuestro sistema acelera la gesti\u00f3n de medicamentos con una velocidad y precisi\u00f3n sin precedentes.<\/p>\n<p>El elemento clave en el rendimiento de RIEDL Phasys es su avanzada tecnolog\u00eda de agarre, meticulosamente dise\u00f1ada para establecer nuevos est\u00e1ndares en cuanto a precisi\u00f3n y fiabilidad. Integrado con ejes de movimiento avanzados y conectado a trav\u00e9s de redes Wi-Fi dedicadas, nuestro sistema de agarre garantiza una comunicaci\u00f3n y operaci\u00f3n fluidas, permitiendo que las farmacias hospitalarias respondan a las necesidades de la sanidad moderna.[\/vc_column_text][vc_images_carousel images=&#8221;147710,147722,147698,147734,147746,147758,147611&#8243; img_size=&#8221;full&#8221; onclick=&#8221;link_no&#8221; speed=&#8221;2000&#8243; autoplay=&#8221;yes&#8221; wrap=&#8221;yes&#8221;][vc_column_text]<strong>Descubre las principales caracter\u00edsticas de RIEDL Phasys para farmacias hospitalarias:<\/strong><\/p>\n<ul>\n<li><strong>Rendimiento \u00f3ptimo<\/strong>: garantiza una dispensaci\u00f3n r\u00e1pida y precisa de los medicamentos.<\/li>\n<li><strong>Alta confiabilidad<\/strong>: minimiza los tiempos de inactividad para un servicio ininterrumpido.<\/li>\n<li><strong>Carga eficiente<\/strong>: opciones de carga autom\u00e1tica y semiautom\u00e1tica.<\/li>\n<li><strong>Gesti\u00f3n vers\u00e1til de paquetes<\/strong>: maneja f\u00e1cilmente diferentes formas de envases.<\/li>\n<li><strong>Dispensaci\u00f3n r\u00e1pida<\/strong>: sirve r\u00e1pidamente y con precisi\u00f3n tanto a los servicios hospitalarios como a los pacientes externos.<\/li>\n<li><strong>Gesti\u00f3n flexible de paquetes<\/strong>: facilita la gesti\u00f3n de envases internos y parciales.<\/li>\n<li><strong>Integraci\u00f3n sin interrupciones<\/strong>: se integra perfectamente con los sistemas inform\u00e1ticos hospitalarios para operaciones optimizadas.<\/li>\n<\/ul>\n<p>Experimenta la eficiencia y confiabilidad de RIEDL Phasys, transformando las operaciones de las farmacias hospitalarias con precisi\u00f3n y rapidez.[\/vc_column_text][\/vc_column][\/vc_row][vc_row full_width=&#8221;stretch_row&#8221; css=&#8221;.vc_custom_1553766882955{padding-bottom: 30px !important;}&#8221; el_class=&#8221;text-row my-0&#8243;][vc_column width=&#8221;1\/3&#8243;][vc_column_text el_class=&#8221;entice&#8221;]<\/p>\n<div class=\"gpi_signature_title_tech\">Phasys WMS<\/div>\n<p>[\/vc_column_text][\/vc_column][vc_column width=&#8221;2\/3&#8243;][vc_column_text]<strong>Revolucionando la gesti\u00f3n de almacenes<\/strong><\/p>\n<p>Entra en una nueva era de eficiencia en los almacenes con Phasys WMS, el Sistema de Gesti\u00f3n de Almacenes que se integra perfectamente en los procesos de gesti\u00f3n existentes para optimizar todos los aspectos de la log\u00edstica del almac\u00e9n. Desde la gesti\u00f3n de inventarios hasta las operaciones de extracci\u00f3n y colocaci\u00f3n robotizadas y mecanizadas, Phasys WMS est\u00e1 dise\u00f1ado para mejorar las operaciones del almac\u00e9n hasta niveles de eficiencia y productividad sin precedentes.[\/vc_column_text][vc_column_text]<strong>Caracter\u00edsticas principales de Phasys WMS:<\/strong><\/p>\n<ul>\n<li>Gesti\u00f3n avanzada de inventario: obt\u00e9n visibilidad en tiempo real de los niveles de existencias, ubicaciones y movimientos, garantizando niveles precisos de inventarios y minimizando las roturas de stock o los excedentes.<\/li>\n<li>Operaciones robotizadas y mecanizadas: integra sistemas robotizados y mecanizados para las operaciones de extracci\u00f3n y colocaci\u00f3n, optimizando los flujos de trabajo y reduciendo los requisitos de mano de obra manual, aumentando al mismo tiempo la precisi\u00f3n y velocidad.<\/li>\n<li>Integraci\u00f3n sin interrupciones: Phasys WMS se integra f\u00e1cilmente con las plataformas administrativas, contables y log\u00edsticas existentes, ofreciendo una soluci\u00f3n unificada que mejora la eficiencia operativa y la precisi\u00f3n de los datos.<\/li>\n<\/ul>\n<p>[\/vc_column_text][vc_column_text]<strong>Aplicaci\u00f3n m\u00f3vil<\/strong><\/p>\n<p>Con Phasys WMS Mobile, gestionar productos externos se vuelve sencillo, permitiendo mantener constantemente un rendimiento \u00f3ptimo del almac\u00e9n. Nuestra soluci\u00f3n m\u00f3vil est\u00e1 dise\u00f1ada para mejorar la eficiencia y precisi\u00f3n en la gesti\u00f3n de productos externos, garantizando una integraci\u00f3n fluida con las operaciones del almac\u00e9n.<\/p>\n<p>[\/vc_column_text][\/vc_column][\/vc_row][vc_row full_width=&#8221;stretch_row&#8221; css=&#8221;.vc_custom_1553766882955{padding-bottom: 30px !important;}&#8221; el_class=&#8221;text-row my-0&#8243;][vc_column width=&#8221;1\/3&#8243;][vc_column_text el_class=&#8221;entice&#8221;]<\/p>\n<div class=\"gpi_signature_title_tech\">Ward Phasys<\/div>\n<p>[\/vc_column_text][\/vc_column][vc_column width=&#8221;2\/3&#8243;][vc_column_text]Pr\u00f3ximamente&#8230;<\/p>\n<p>[\/vc_column_text][\/vc_column][\/vc_row][vc_row full_width=&#8221;stretch_row&#8221; css=&#8221;.vc_custom_1553766882955{padding-bottom: 30px !important;}&#8221; el_class=&#8221;text-row my-0&#8243;][vc_column width=&#8221;1\/3&#8243;][vc_column_text el_class=&#8221;entice&#8221;]<\/p>\n<div class=\"gpi_signature_title_tech\">Phasys Smart Room<\/div>\n<p>[\/vc_column_text][\/vc_column][vc_column width=&#8221;2\/3&#8243;][vc_column_text]<strong>Rastreo y control de dispositivos m\u00e9dicos<\/strong><\/p>\n<p>Phasys Smart Room es un sistema compuesto por elementos de hardware y software, que puede integrarse con sistemas y procesos inform\u00e1ticos existentes para gestionar productos sanitarios y otros productos de manera simple y eficaz.<\/p>\n<p>La tecnolog\u00eda RFID permite una gesti\u00f3n altamente controlada, facilitando las operaciones del personal y optimizando los procesos.<\/p>\n<p>Phasys Smart Room permite mejoras en los sectores:<\/p>\n<ul>\n<li>log\u00edstico;<\/li>\n<li>administrativo;<\/li>\n<li>sanitario.<\/li>\n<\/ul>\n<p>[\/vc_column_text][vc_single_image image=&#8221;147473&#8243; img_size=&#8221;full&#8221;][vc_column_text css=&#8221;&#8221;]El sistema est\u00e1 dise\u00f1ado para gestionar todos los productos, especialmente materiales y productos sanitarios cl\u00ednicamente relevantes y de alto coste. El an\u00e1lisis de los procesos realizados, las evaluaciones estad\u00edsticas y la experiencia nos llevan a afirmar que, haciendo un seguimiento puntual de una cantidad moderada de productos, es posible controlar entre el 70% y el 80% del gasto total.[\/vc_column_text][\/vc_column][\/vc_row]<\/p>\n[vc_row full_width=\"stretch_row\" el_class=\"text-row my-0\"][vc_column][vc_row_inner][vc_column_inner width=\"1\/3\"][\/vc_column_inner][vc_column_inner width=\"1\/3\"][vc_column_text el_class=\"text-right text-md-left\"][\/vc_column_text][\/vc_column_inner][vc_column_inner width=\"1\/3\"][vc_column_text el_class=\"text-right\"]<a class=\"btn call-to-action\" href=\"https:\/\/riedlautomation.com\/it\" target=\"_blank\" rel=\"noopener noreferrer\">Visit the website<\/a>[\/vc_column_text][\/vc_column_inner][\/vc_row_inner][vc_row_inner][vc_column_inner][vc_raw_html]JTVCY29udGFjdC1mb3JtLTclMjBpZCUzRCUyMjcwODklMjIlMjB0aXRsZSUzRCUyMkRvd25sb2FkJTIwYnJvY2h1cmUlMjBmb3JtJTIwSVQlMjIlMjBodG1sX2lkJTNEJTIyZ3BpLWRvd25sb2FkLWZvcm0lMjIlNUQ=[\/vc_raw_html][\/vc_column_inner][\/vc_row_inner][\/vc_column][\/vc_row][vc_row full_width=\"stretch_row\" el_class=\"vision mb-0 gpi-orange-bg\"][vc_column offset=\"vc_col-lg-3 vc_col-xs-12\"][vc_column_text]\n<h4>Contact our sales team<\/h4>[\/vc_column_text][\/vc_column][vc_column width=\"3\/4\" offset=\"vc_col-lg-offset-0 vc_col-sm-offset-3 vc_col-xs-12\"][vc_raw_html]JTVCY29udGFjdC1mb3JtLTclMjBpZCUzRCUyMjg1NDc5JTIyJTIwdGl0bGUlM0QlMjJCdXNpbmVzcyUyMGxpbmUlMjBmb3JtJTIyJTIwaHRtbF9pZCUzRCUyMmdwaS1jb250YWN0LWZvcm0lMjIlNUQ=[\/vc_raw_html][\/vc_column][\/vc_row]<\/div>","protected":false},"excerpt":{"rendered":"<p>[vc_row full_width=&#8221;stretch_row&#8221; css=&#8221;.vc_custom_1715597338752{padding-bottom: 30px !important;}&#8221; el_class=&#8221;text-row my-0&#8243;][vc_column][vc_row_inner][vc_column_inner][vc_column_text css=&#8221;&#8221;] Automatizaci\u00f3n Hospitalaria AUTOMATION [\/vc_column_text][\/vc_column_inner][\/vc_row_inner][\/vc_column][\/vc_row][vc_row full_width=&#8221;stretch_row&#8221; css=&#8221;.vc_custom_1553766882955{padding-bottom: 30px !important;}&#8221; el_class=&#8221;text-row my-0&#8243;][vc_column width=&#8221;1\/3&#8243;][vc_column_text][\/vc_column_text][\/vc_column][vc_column width=&#8221;2\/3&#8243;][vc_column_text el_class=&#8221;entice&#8221;]La soluci\u00f3n completa para la log\u00edstica de medicamentos que reduce los errores terap\u00e9uticos y optimiza los costes de gesti\u00f3n[\/vc_column_text][vc_column_text]Una fusi\u00f3n sofisticada de software y hardware meticulosamente dise\u00f1ada para revolucionar la identificaci\u00f3n y el seguimiento de<\/p>\n","protected":false},"author":23,"featured_media":68633,"parent":0,"menu_order":0,"comment_status":"closed","ping_status":"closed","template":"","meta":{"footnotes":""},"class_list":["post-162278","page","type-page","status-publish","has-post-thumbnail","hentry","section-offerta","business_line-automation"],"yoast_head":"<!-- This site is optimized with the Yoast SEO plugin v27.1.1 - https:\/\/yoast.com\/product\/yoast-seo-wordpress\/ -->\n<title>Automatizaci\u00f3n Hospitalaria | GPI<\/title>\n<meta name=\"description\" content=\"La soluci\u00f3n completa para la log\u00edstica de medicamentos que reduce los errores terap\u00e9uticos y optimiza los costes de gesti\u00f3n\" \/>\n<meta name=\"robots\" content=\"index, follow, max-snippet:-1, max-image-preview:large, max-video-preview:-1\" \/>\n<link rel=\"canonical\" href=\"https:\/\/www.gpigroup.com\/es\/automatizacion-hospitalaria\/\" \/>\n<meta property=\"og:locale\" content=\"es_ES\" \/>\n<meta property=\"og:type\" content=\"article\" \/>\n<meta property=\"og:title\" content=\"Automatizaci\u00f3n Hospitalaria | GPI\" \/>\n<meta property=\"og:description\" content=\"La soluci\u00f3n completa para la log\u00edstica de medicamentos que reduce los errores terap\u00e9uticos y optimiza los costes de gesti\u00f3n\" \/>\n<meta property=\"og:url\" content=\"https:\/\/www.gpigroup.com\/es\/automatizacion-hospitalaria\/\" \/>\n<meta property=\"og:site_name\" content=\"GPI\" \/>\n<meta property=\"article:publisher\" content=\"https:\/\/www.facebook.com\/GruppoGPI\/\" \/>\n<meta property=\"article:modified_time\" content=\"2025-01-08T07:39:56+00:00\" \/>\n<meta property=\"og:image\" content=\"https:\/\/www.gpigroup.com\/app\/uploads\/2019\/04\/og-link-preview-1.png\" \/>\n\t<meta property=\"og:image:width\" content=\"1366\" \/>\n\t<meta property=\"og:image:height\" content=\"768\" \/>\n\t<meta property=\"og:image:type\" content=\"image\/png\" \/>\n<meta name=\"twitter:card\" content=\"summary_large_image\" \/>\n<meta name=\"twitter:label1\" content=\"Est. reading time\" \/>\n\t<meta name=\"twitter:data1\" content=\"7 minutes\" \/>\n<script type=\"application\/ld+json\" class=\"yoast-schema-graph\">{\"@context\":\"https:\/\/schema.org\",\"@graph\":[{\"@type\":\"WebPage\",\"@id\":\"https:\/\/www.gpigroup.com\/es\/automatizacion-hospitalaria\/\",\"url\":\"https:\/\/www.gpigroup.com\/es\/automatizacion-hospitalaria\/\",\"name\":\"Automatizaci\u00f3n Hospitalaria | GPI\",\"isPartOf\":{\"@id\":\"https:\/\/www.gpigroup.com\/es\/#website\"},\"primaryImageOfPage\":{\"@id\":\"https:\/\/www.gpigroup.com\/es\/automatizacion-hospitalaria\/#primaryimage\"},\"image\":{\"@id\":\"https:\/\/www.gpigroup.com\/es\/automatizacion-hospitalaria\/#primaryimage\"},\"thumbnailUrl\":\"https:\/\/www.gpigroup.com\/app\/uploads\/2019\/04\/og-link-preview-1.png\",\"datePublished\":\"2019-03-28T14:22:00+00:00\",\"dateModified\":\"2025-01-08T07:39:56+00:00\",\"description\":\"La soluci\u00f3n completa para la log\u00edstica de medicamentos que reduce los errores terap\u00e9uticos y optimiza los costes de gesti\u00f3n\",\"breadcrumb\":{\"@id\":\"https:\/\/www.gpigroup.com\/es\/automatizacion-hospitalaria\/#breadcrumb\"},\"inLanguage\":\"es-ES\",\"potentialAction\":[{\"@type\":\"ReadAction\",\"target\":[\"https:\/\/www.gpigroup.com\/es\/automatizacion-hospitalaria\/\"]}]},{\"@type\":\"ImageObject\",\"inLanguage\":\"es-ES\",\"@id\":\"https:\/\/www.gpigroup.com\/es\/automatizacion-hospitalaria\/#primaryimage\",\"url\":\"https:\/\/www.gpigroup.com\/app\/uploads\/2019\/04\/og-link-preview-1.png\",\"contentUrl\":\"https:\/\/www.gpigroup.com\/app\/uploads\/2019\/04\/og-link-preview-1.png\",\"width\":1366,\"height\":768},{\"@type\":\"BreadcrumbList\",\"@id\":\"https:\/\/www.gpigroup.com\/es\/automatizacion-hospitalaria\/#breadcrumb\",\"itemListElement\":[{\"@type\":\"ListItem\",\"position\":1,\"name\":\"Home\",\"item\":\"https:\/\/www.gpigroup.com\/es\/\"},{\"@type\":\"ListItem\",\"position\":2,\"name\":\"Automatizaci\u00f3n Hospitalaria\"}]},{\"@type\":\"WebSite\",\"@id\":\"https:\/\/www.gpigroup.com\/es\/#website\",\"url\":\"https:\/\/www.gpigroup.com\/es\/\",\"name\":\"GPI\",\"description\":\"The Healthcare Partner\",\"publisher\":{\"@id\":\"https:\/\/www.gpigroup.com\/es\/#organization\"},\"potentialAction\":[{\"@type\":\"SearchAction\",\"target\":{\"@type\":\"EntryPoint\",\"urlTemplate\":\"https:\/\/www.gpigroup.com\/es\/?s={search_term_string}\"},\"query-input\":{\"@type\":\"PropertyValueSpecification\",\"valueRequired\":true,\"valueName\":\"search_term_string\"}}],\"inLanguage\":\"es-ES\"},{\"@type\":\"Organization\",\"@id\":\"https:\/\/www.gpigroup.com\/es\/#organization\",\"name\":\"GPI S.p.A.\",\"url\":\"https:\/\/www.gpigroup.com\/es\/\",\"logo\":{\"@type\":\"ImageObject\",\"inLanguage\":\"es-ES\",\"@id\":\"https:\/\/www.gpigroup.com\/es\/#\/schema\/logo\/image\/\",\"url\":\"https:\/\/www.gpigroup.com\/app\/uploads\/2023\/03\/logo-GPI-2019-1.jpg\",\"contentUrl\":\"https:\/\/www.gpigroup.com\/app\/uploads\/2023\/03\/logo-GPI-2019-1.jpg\",\"width\":1946,\"height\":1945,\"caption\":\"GPI S.p.A.\"},\"image\":{\"@id\":\"https:\/\/www.gpigroup.com\/es\/#\/schema\/logo\/image\/\"},\"sameAs\":[\"https:\/\/www.facebook.com\/GruppoGPI\/\",\"https:\/\/www.linkedin.com\/company\/gpi-spa\",\"http:\/\/www.youtube.com\/user\/GruppoGPI\"]}]}<\/script>\n<!-- \/ Yoast SEO plugin. -->","yoast_head_json":{"title":"Automatizaci\u00f3n Hospitalaria | GPI","description":"La soluci\u00f3n completa para la log\u00edstica de medicamentos que reduce los errores terap\u00e9uticos y optimiza los costes de gesti\u00f3n","robots":{"index":"index","follow":"follow","max-snippet":"max-snippet:-1","max-image-preview":"max-image-preview:large","max-video-preview":"max-video-preview:-1"},"canonical":"https:\/\/www.gpigroup.com\/es\/automatizacion-hospitalaria\/","og_locale":"es_ES","og_type":"article","og_title":"Automatizaci\u00f3n Hospitalaria | GPI","og_description":"La soluci\u00f3n completa para la log\u00edstica de medicamentos que reduce los errores terap\u00e9uticos y optimiza los costes de gesti\u00f3n","og_url":"https:\/\/www.gpigroup.com\/es\/automatizacion-hospitalaria\/","og_site_name":"GPI","article_publisher":"https:\/\/www.facebook.com\/GruppoGPI\/","article_modified_time":"2025-01-08T07:39:56+00:00","og_image":[{"width":1366,"height":768,"url":"https:\/\/www.gpigroup.com\/app\/uploads\/2019\/04\/og-link-preview-1.png","type":"image\/png"}],"twitter_card":"summary_large_image","twitter_misc":{"Est. reading time":"7 minutes"},"schema":{"@context":"https:\/\/schema.org","@graph":[{"@type":"WebPage","@id":"https:\/\/www.gpigroup.com\/es\/automatizacion-hospitalaria\/","url":"https:\/\/www.gpigroup.com\/es\/automatizacion-hospitalaria\/","name":"Automatizaci\u00f3n Hospitalaria | GPI","isPartOf":{"@id":"https:\/\/www.gpigroup.com\/es\/#website"},"primaryImageOfPage":{"@id":"https:\/\/www.gpigroup.com\/es\/automatizacion-hospitalaria\/#primaryimage"},"image":{"@id":"https:\/\/www.gpigroup.com\/es\/automatizacion-hospitalaria\/#primaryimage"},"thumbnailUrl":"https:\/\/www.gpigroup.com\/app\/uploads\/2019\/04\/og-link-preview-1.png","datePublished":"2019-03-28T14:22:00+00:00","dateModified":"2025-01-08T07:39:56+00:00","description":"La soluci\u00f3n completa para la log\u00edstica de medicamentos que reduce los errores terap\u00e9uticos y optimiza los costes de gesti\u00f3n","breadcrumb":{"@id":"https:\/\/www.gpigroup.com\/es\/automatizacion-hospitalaria\/#breadcrumb"},"inLanguage":"es-ES","potentialAction":[{"@type":"ReadAction","target":["https:\/\/www.gpigroup.com\/es\/automatizacion-hospitalaria\/"]}]},{"@type":"ImageObject","inLanguage":"es-ES","@id":"https:\/\/www.gpigroup.com\/es\/automatizacion-hospitalaria\/#primaryimage","url":"https:\/\/www.gpigroup.com\/app\/uploads\/2019\/04\/og-link-preview-1.png","contentUrl":"https:\/\/www.gpigroup.com\/app\/uploads\/2019\/04\/og-link-preview-1.png","width":1366,"height":768},{"@type":"BreadcrumbList","@id":"https:\/\/www.gpigroup.com\/es\/automatizacion-hospitalaria\/#breadcrumb","itemListElement":[{"@type":"ListItem","position":1,"name":"Home","item":"https:\/\/www.gpigroup.com\/es\/"},{"@type":"ListItem","position":2,"name":"Automatizaci\u00f3n Hospitalaria"}]},{"@type":"WebSite","@id":"https:\/\/www.gpigroup.com\/es\/#website","url":"https:\/\/www.gpigroup.com\/es\/","name":"GPI","description":"The Healthcare Partner","publisher":{"@id":"https:\/\/www.gpigroup.com\/es\/#organization"},"potentialAction":[{"@type":"SearchAction","target":{"@type":"EntryPoint","urlTemplate":"https:\/\/www.gpigroup.com\/es\/?s={search_term_string}"},"query-input":{"@type":"PropertyValueSpecification","valueRequired":true,"valueName":"search_term_string"}}],"inLanguage":"es-ES"},{"@type":"Organization","@id":"https:\/\/www.gpigroup.com\/es\/#organization","name":"GPI S.p.A.","url":"https:\/\/www.gpigroup.com\/es\/","logo":{"@type":"ImageObject","inLanguage":"es-ES","@id":"https:\/\/www.gpigroup.com\/es\/#\/schema\/logo\/image\/","url":"https:\/\/www.gpigroup.com\/app\/uploads\/2023\/03\/logo-GPI-2019-1.jpg","contentUrl":"https:\/\/www.gpigroup.com\/app\/uploads\/2023\/03\/logo-GPI-2019-1.jpg","width":1946,"height":1945,"caption":"GPI S.p.A."},"image":{"@id":"https:\/\/www.gpigroup.com\/es\/#\/schema\/logo\/image\/"},"sameAs":["https:\/\/www.facebook.com\/GruppoGPI\/","https:\/\/www.linkedin.com\/company\/gpi-spa","http:\/\/www.youtube.com\/user\/GruppoGPI"]}]}},"_links":{"self":[{"href":"https:\/\/www.gpigroup.com\/es\/wp-json\/wp\/v2\/pages\/162278","targetHints":{"allow":["GET"]}}],"collection":[{"href":"https:\/\/www.gpigroup.com\/es\/wp-json\/wp\/v2\/pages"}],"about":[{"href":"https:\/\/www.gpigroup.com\/es\/wp-json\/wp\/v2\/types\/page"}],"author":[{"embeddable":true,"href":"https:\/\/www.gpigroup.com\/es\/wp-json\/wp\/v2\/users\/23"}],"replies":[{"embeddable":true,"href":"https:\/\/www.gpigroup.com\/es\/wp-json\/wp\/v2\/comments?post=162278"}],"version-history":[{"count":6,"href":"https:\/\/www.gpigroup.com\/es\/wp-json\/wp\/v2\/pages\/162278\/revisions"}],"predecessor-version":[{"id":162371,"href":"https:\/\/www.gpigroup.com\/es\/wp-json\/wp\/v2\/pages\/162278\/revisions\/162371"}],"wp:featuredmedia":[{"embeddable":true,"href":"https:\/\/www.gpigroup.com\/es\/wp-json\/wp\/v2\/media\/68633"}],"wp:attachment":[{"href":"https:\/\/www.gpigroup.com\/es\/wp-json\/wp\/v2\/media?parent=162278"}],"curies":[{"name":"wp","href":"https:\/\/api.w.org\/{rel}","templated":true}]}}