{"id":161028,"date":"2024-04-27T12:01:59","date_gmt":"2024-04-27T10:01:59","guid":{"rendered":"https:\/\/www.gpigroup.com\/wholesalers-and-hubs-automation\/"},"modified":"2025-01-08T18:13:26","modified_gmt":"2025-01-08T17:13:26","slug":"automatizacion-para-distribuidores-y-hub","status":"publish","type":"page","link":"https:\/\/www.gpigroup.com\/es\/automatizacion-para-distribuidores-y-hub\/","title":{"rendered":"Automatizaci\u00f3n para Distribuidores y Hub"},"content":{"rendered":"<div class=\"wpb-content-wrapper\"><p>[vc_row full_width=&#8221;stretch_row&#8221; css=&#8221;.vc_custom_1553766882955{padding-bottom: 30px !important;}&#8221; el_class=&#8221;text-row my-0&#8243;][vc_column][vc_row_inner][vc_column_inner][vc_column_text css=&#8221;&#8221;]<\/p>\n<div class=\"row asa-title\">\n<div class=\"col-12 col-md-6\">\n<img loading=\"lazy\" decoding=\"async\" width=\"1024\" height=\"576\" src=\"https:\/\/www.gpigroup.com\/app\/uploads\/2019\/05\/asa_automation.jpg\" class=\"asa-image asa-image-mobile rounded-circle d-md-none d-inline\" alt=\"GPI Automation\" srcset=\"https:\/\/www.gpigroup.com\/app\/uploads\/2019\/05\/asa_automation.jpg 1024w, https:\/\/www.gpigroup.com\/app\/uploads\/2019\/05\/asa_automation-300x169.jpg 300w, https:\/\/www.gpigroup.com\/app\/uploads\/2019\/05\/asa_automation-768x432.jpg 768w\" sizes=\"auto, (max-width: 1024px) 100vw, 1024px\" \/>\n<div class=\"gpi_signature_title_tech\">\n<h1>Automatizaci\u00f3n para Distribuidores y Hub<\/h1>\n<\/div>\n<\/div>\n<div class=\"col-12 col-md-6\">\n<div class=\"asa-symbol\"><img loading=\"lazy\" decoding=\"async\" class=\"alignnone size-medium wp-image-3114\" role=\"img\" src=\"https:\/\/www.gpigroup.com\/app\/uploads\/\/2019\/03\/Automation-1.svg\" alt=\"\" width=\"24\" height=\"24\" \/> AUTOMATION<\/div>\n<\/div>\n<\/div>\n<p>[\/vc_column_text][\/vc_column_inner][\/vc_row_inner][\/vc_column][\/vc_row][vc_row full_width=&#8221;stretch_row&#8221; css=&#8221;.vc_custom_1553766882955{padding-bottom: 30px !important;}&#8221; el_class=&#8221;text-row my-0&#8243;][vc_column width=&#8221;1\/3&#8243;][vc_column_text]<img loading=\"lazy\" decoding=\"async\" width=\"1024\" height=\"576\" src=\"https:\/\/www.gpigroup.com\/app\/uploads\/2019\/05\/asa_automation.jpg\" class=\"asa-image rounded-circle d-md-inline d-none\" alt=\"GPI Automation\" srcset=\"https:\/\/www.gpigroup.com\/app\/uploads\/2019\/05\/asa_automation.jpg 1024w, https:\/\/www.gpigroup.com\/app\/uploads\/2019\/05\/asa_automation-300x169.jpg 300w, https:\/\/www.gpigroup.com\/app\/uploads\/2019\/05\/asa_automation-768x432.jpg 768w\" sizes=\"auto, (max-width: 1024px) 100vw, 1024px\" \/>[\/vc_column_text][\/vc_column][vc_column width=&#8221;2\/3&#8243;][vc_column_text css=&#8221;&#8221; el_class=&#8221;entice&#8221;]La soluci\u00f3n definitiva para eficiencia y precisi\u00f3n en la distribuci\u00f3n farmac\u00e9utica para mayoristas y hubs.[\/vc_column_text][vc_column_text css=&#8221;&#8221;]<strong>Revoluciona la Eficiencia en la Distribuci\u00f3n Farmac\u00e9utica con RIEDL Phasys<\/strong><\/p>\n<p>Entra en una nueva era de automatizaci\u00f3n para distribuidores farmac\u00e9uticos y hubs con RIEDL Phasys, el sistema a medida dise\u00f1ado para optimizar la identificaci\u00f3n y el rastreo de medicamentos dentro de tu entorno. Nuestra soluci\u00f3n integra un sofisticado software y hardware que mejora el control de las existencias, aumenta la eficacia de la dispensaci\u00f3n y garantiza la trazabilidad completa de todos los productos.<\/p>\n<p>El coraz\u00f3n del rendimiento de RIEDL Phasys reside en nuestra tecnolog\u00eda punta, meticulosamente dise\u00f1ada para establecer nuevos est\u00e1ndares de precisi\u00f3n y fiabilidad. Con componentes y configuraciones espec\u00edficos, el sistema est\u00e1 optimizado para satisfacer las necesidades espec\u00edficas de los distribuidores farmac\u00e9uticos, garantizando una integraci\u00f3n perfecta con los flujos de trabajo existentes.[\/vc_column_text][vc_images_carousel images=&#8221;148003,148015,148027,148039&#8243; img_size=&#8221;full&#8221; onclick=&#8221;link_no&#8221; speed=&#8221;3000&#8243; autoplay=&#8221;yes&#8221; wrap=&#8221;yes&#8221;][vc_column_text css=&#8221;&#8221;]<strong>Descubre las caracter\u00edsticas clave de RIEDL Phasys para distribuidores farmac\u00e9uticos:<\/strong><\/p>\n<ul>\n<li><strong>Rendimiento excepcional<\/strong>: garantiza una dispensaci\u00f3n r\u00e1pida y precisa de medicamentos.<\/li>\n<li><strong>M\u00e1xima fiabilidad<\/strong>: minimiza los tiempos de inactividad para un servicio ininterrumpido.<\/li>\n<li><strong>Gesti\u00f3n eficiente de carga<\/strong>: opciones de carga autom\u00e1tica y semiautom\u00e1tica para maximizar la eficiencia.<\/li>\n<li><strong>Gesti\u00f3n vers\u00e1til de paquetes<\/strong>: maneja f\u00e1cilmente diferentes formas de envases.<\/li>\n<li><strong>Dispensaci\u00f3n r\u00e1pida<\/strong>: sirve a tus clientes de manera r\u00e1pida y precisa.<\/li>\n<li><strong>Integraci\u00f3n sin interrupciones<\/strong>: se integra perfectamente con tus sistemas inform\u00e1ticos existentes para operaciones optimizadas.<\/li>\n<\/ul>\n<p>Experimenta la eficiencia y confiabilidad de RIEDL Phasys, transformando las operaciones de distribuci\u00f3n farmac\u00e9utica con velocidad y precisi\u00f3n. Revoluciona las actividades de tu empresa, un paso a la vez, con RIEDL Phasys.<br \/>\nVisitar el sitio web[\/vc_column_text][\/vc_column][\/vc_row]<\/p>\n[vc_row full_width=\"stretch_row\" el_class=\"text-row my-0\"][vc_column][vc_row_inner][vc_column_inner width=\"1\/3\"][\/vc_column_inner][vc_column_inner width=\"1\/3\"][vc_column_text el_class=\"text-right text-md-left\"][\/vc_column_text][\/vc_column_inner][vc_column_inner width=\"1\/3\"][vc_column_text el_class=\"text-right\"]<a class=\"btn call-to-action\" href=\"https:\/\/riedlautomation.com\/en\" target=\"_blank\" rel=\"noopener noreferrer\">Visit the website<\/a>[\/vc_column_text][\/vc_column_inner][\/vc_row_inner][vc_row_inner][vc_column_inner][vc_raw_html]JTVCY29udGFjdC1mb3JtLTclMjBpZCUzRCUyMjcwODklMjIlMjB0aXRsZSUzRCUyMkRvd25sb2FkJTIwYnJvY2h1cmUlMjBmb3JtJTIwSVQlMjIlMjBodG1sX2lkJTNEJTIyZ3BpLWRvd25sb2FkLWZvcm0lMjIlNUQ=[\/vc_raw_html][\/vc_column_inner][\/vc_row_inner][\/vc_column][\/vc_row][vc_row full_width=\"stretch_row\" el_class=\"vision mb-0 gpi-orange-bg\"][vc_column offset=\"vc_col-lg-3 vc_col-xs-12\"][vc_column_text]\n<h4>Contact our sales team<\/h4>[\/vc_column_text][\/vc_column][vc_column width=\"3\/4\" offset=\"vc_col-lg-offset-0 vc_col-sm-offset-3 vc_col-xs-12\"][vc_raw_html]JTVCY29udGFjdC1mb3JtLTclMjBpZCUzRCUyMjg1NDc5JTIyJTIwdGl0bGUlM0QlMjJCdXNpbmVzcyUyMGxpbmUlMjBmb3JtJTIyJTIwaHRtbF9pZCUzRCUyMmdwaS1jb250YWN0LWZvcm0lMjIlNUQ=[\/vc_raw_html][\/vc_column][\/vc_row]<\/div>","protected":false},"excerpt":{"rendered":"<p>[vc_row full_width=&#8221;stretch_row&#8221; css=&#8221;.vc_custom_1553766882955{padding-bottom: 30px !important;}&#8221; el_class=&#8221;text-row my-0&#8243;][vc_column][vc_row_inner][vc_column_inner][vc_column_text css=&#8221;&#8221;] Automatizaci\u00f3n para Distribuidores y Hub AUTOMATION [\/vc_column_text][\/vc_column_inner][\/vc_row_inner][\/vc_column][\/vc_row][vc_row full_width=&#8221;stretch_row&#8221; css=&#8221;.vc_custom_1553766882955{padding-bottom: 30px !important;}&#8221; el_class=&#8221;text-row my-0&#8243;][vc_column width=&#8221;1\/3&#8243;][vc_column_text][\/vc_column_text][\/vc_column][vc_column width=&#8221;2\/3&#8243;][vc_column_text css=&#8221;&#8221; el_class=&#8221;entice&#8221;]La soluci\u00f3n definitiva para eficiencia y precisi\u00f3n en la distribuci\u00f3n farmac\u00e9utica para mayoristas y hubs.[\/vc_column_text][vc_column_text css=&#8221;&#8221;]Revoluciona la Eficiencia en la Distribuci\u00f3n Farmac\u00e9utica con RIEDL Phasys Entra en una nueva era de<\/p>\n","protected":false},"author":41,"featured_media":68633,"parent":0,"menu_order":0,"comment_status":"closed","ping_status":"closed","template":"","meta":{"footnotes":""},"class_list":["post-161028","page","type-page","status-publish","has-post-thumbnail","hentry","client_type-clinical-administrative-private-healthcare-es","client_type-clinical-administrative-public-health-es","client_type-sanidad-privada","client_type-sanidad-publica","page_category-line-of-business-es","section-offerta","business_line-automation"],"yoast_head":"<!-- This site is optimized with the Yoast SEO plugin v27.1.1 - https:\/\/yoast.com\/product\/yoast-seo-wordpress\/ -->\n<title>Automatizaci\u00f3n para Distribuidores y Hub<\/title>\n<meta name=\"description\" content=\"La soluci\u00f3n definitiva para la eficiencia y precisi\u00f3n en la distribuci\u00f3n farmac\u00e9utica para mayoristas y plataformas log\u00edsticas\" \/>\n<meta name=\"robots\" content=\"index, follow, max-snippet:-1, max-image-preview:large, max-video-preview:-1\" \/>\n<link rel=\"canonical\" href=\"https:\/\/www.gpigroup.com\/es\/automatizacion-para-distribuidores-y-hub\/\" \/>\n<meta property=\"og:locale\" content=\"es_ES\" \/>\n<meta property=\"og:type\" content=\"article\" \/>\n<meta property=\"og:title\" content=\"Automatizaci\u00f3n para Distribuidores y Hub\" \/>\n<meta property=\"og:description\" content=\"La soluci\u00f3n definitiva para la eficiencia y precisi\u00f3n en la distribuci\u00f3n farmac\u00e9utica para mayoristas y plataformas log\u00edsticas\" \/>\n<meta property=\"og:url\" content=\"https:\/\/www.gpigroup.com\/es\/automatizacion-para-distribuidores-y-hub\/\" \/>\n<meta property=\"og:site_name\" content=\"GPI\" \/>\n<meta property=\"article:publisher\" content=\"https:\/\/www.facebook.com\/GruppoGPI\/\" \/>\n<meta property=\"article:modified_time\" content=\"2025-01-08T17:13:26+00:00\" \/>\n<meta property=\"og:image\" content=\"https:\/\/www.gpigroup.com\/app\/uploads\/2019\/04\/og-link-preview-1.png\" \/>\n\t<meta property=\"og:image:width\" content=\"1366\" \/>\n\t<meta property=\"og:image:height\" content=\"768\" \/>\n\t<meta property=\"og:image:type\" content=\"image\/png\" \/>\n<meta name=\"twitter:card\" content=\"summary_large_image\" \/>\n<meta name=\"twitter:label1\" content=\"Est. reading time\" \/>\n\t<meta name=\"twitter:data1\" content=\"3 minutes\" \/>\n<script type=\"application\/ld+json\" class=\"yoast-schema-graph\">{\"@context\":\"https:\/\/schema.org\",\"@graph\":[{\"@type\":\"WebPage\",\"@id\":\"https:\/\/www.gpigroup.com\/es\/automatizacion-para-distribuidores-y-hub\/\",\"url\":\"https:\/\/www.gpigroup.com\/es\/automatizacion-para-distribuidores-y-hub\/\",\"name\":\"Automatizaci\u00f3n para Distribuidores y Hub\",\"isPartOf\":{\"@id\":\"https:\/\/www.gpigroup.com\/es\/#website\"},\"primaryImageOfPage\":{\"@id\":\"https:\/\/www.gpigroup.com\/es\/automatizacion-para-distribuidores-y-hub\/#primaryimage\"},\"image\":{\"@id\":\"https:\/\/www.gpigroup.com\/es\/automatizacion-para-distribuidores-y-hub\/#primaryimage\"},\"thumbnailUrl\":\"https:\/\/www.gpigroup.com\/app\/uploads\/2019\/04\/og-link-preview-1.png\",\"datePublished\":\"2024-04-27T10:01:59+00:00\",\"dateModified\":\"2025-01-08T17:13:26+00:00\",\"description\":\"La soluci\u00f3n definitiva para la eficiencia y precisi\u00f3n en la distribuci\u00f3n farmac\u00e9utica para mayoristas y plataformas log\u00edsticas\",\"breadcrumb\":{\"@id\":\"https:\/\/www.gpigroup.com\/es\/automatizacion-para-distribuidores-y-hub\/#breadcrumb\"},\"inLanguage\":\"es-ES\",\"potentialAction\":[{\"@type\":\"ReadAction\",\"target\":[\"https:\/\/www.gpigroup.com\/es\/automatizacion-para-distribuidores-y-hub\/\"]}]},{\"@type\":\"ImageObject\",\"inLanguage\":\"es-ES\",\"@id\":\"https:\/\/www.gpigroup.com\/es\/automatizacion-para-distribuidores-y-hub\/#primaryimage\",\"url\":\"https:\/\/www.gpigroup.com\/app\/uploads\/2019\/04\/og-link-preview-1.png\",\"contentUrl\":\"https:\/\/www.gpigroup.com\/app\/uploads\/2019\/04\/og-link-preview-1.png\",\"width\":1366,\"height\":768},{\"@type\":\"BreadcrumbList\",\"@id\":\"https:\/\/www.gpigroup.com\/es\/automatizacion-para-distribuidores-y-hub\/#breadcrumb\",\"itemListElement\":[{\"@type\":\"ListItem\",\"position\":1,\"name\":\"Home\",\"item\":\"https:\/\/www.gpigroup.com\/es\/\"},{\"@type\":\"ListItem\",\"position\":2,\"name\":\"Automatizaci\u00f3n para Distribuidores y Hub\"}]},{\"@type\":\"WebSite\",\"@id\":\"https:\/\/www.gpigroup.com\/es\/#website\",\"url\":\"https:\/\/www.gpigroup.com\/es\/\",\"name\":\"GPI\",\"description\":\"The Healthcare Partner\",\"publisher\":{\"@id\":\"https:\/\/www.gpigroup.com\/es\/#organization\"},\"potentialAction\":[{\"@type\":\"SearchAction\",\"target\":{\"@type\":\"EntryPoint\",\"urlTemplate\":\"https:\/\/www.gpigroup.com\/es\/?s={search_term_string}\"},\"query-input\":{\"@type\":\"PropertyValueSpecification\",\"valueRequired\":true,\"valueName\":\"search_term_string\"}}],\"inLanguage\":\"es-ES\"},{\"@type\":\"Organization\",\"@id\":\"https:\/\/www.gpigroup.com\/es\/#organization\",\"name\":\"GPI S.p.A.\",\"url\":\"https:\/\/www.gpigroup.com\/es\/\",\"logo\":{\"@type\":\"ImageObject\",\"inLanguage\":\"es-ES\",\"@id\":\"https:\/\/www.gpigroup.com\/es\/#\/schema\/logo\/image\/\",\"url\":\"https:\/\/www.gpigroup.com\/app\/uploads\/2023\/03\/logo-GPI-2019-1.jpg\",\"contentUrl\":\"https:\/\/www.gpigroup.com\/app\/uploads\/2023\/03\/logo-GPI-2019-1.jpg\",\"width\":1946,\"height\":1945,\"caption\":\"GPI S.p.A.\"},\"image\":{\"@id\":\"https:\/\/www.gpigroup.com\/es\/#\/schema\/logo\/image\/\"},\"sameAs\":[\"https:\/\/www.facebook.com\/GruppoGPI\/\",\"https:\/\/www.linkedin.com\/company\/gpi-spa\",\"http:\/\/www.youtube.com\/user\/GruppoGPI\"]}]}<\/script>\n<!-- \/ Yoast SEO plugin. -->","yoast_head_json":{"title":"Automatizaci\u00f3n para Distribuidores y Hub","description":"La soluci\u00f3n definitiva para la eficiencia y precisi\u00f3n en la distribuci\u00f3n farmac\u00e9utica para mayoristas y plataformas log\u00edsticas","robots":{"index":"index","follow":"follow","max-snippet":"max-snippet:-1","max-image-preview":"max-image-preview:large","max-video-preview":"max-video-preview:-1"},"canonical":"https:\/\/www.gpigroup.com\/es\/automatizacion-para-distribuidores-y-hub\/","og_locale":"es_ES","og_type":"article","og_title":"Automatizaci\u00f3n para Distribuidores y Hub","og_description":"La soluci\u00f3n definitiva para la eficiencia y precisi\u00f3n en la distribuci\u00f3n farmac\u00e9utica para mayoristas y plataformas log\u00edsticas","og_url":"https:\/\/www.gpigroup.com\/es\/automatizacion-para-distribuidores-y-hub\/","og_site_name":"GPI","article_publisher":"https:\/\/www.facebook.com\/GruppoGPI\/","article_modified_time":"2025-01-08T17:13:26+00:00","og_image":[{"width":1366,"height":768,"url":"https:\/\/www.gpigroup.com\/app\/uploads\/2019\/04\/og-link-preview-1.png","type":"image\/png"}],"twitter_card":"summary_large_image","twitter_misc":{"Est. reading time":"3 minutes"},"schema":{"@context":"https:\/\/schema.org","@graph":[{"@type":"WebPage","@id":"https:\/\/www.gpigroup.com\/es\/automatizacion-para-distribuidores-y-hub\/","url":"https:\/\/www.gpigroup.com\/es\/automatizacion-para-distribuidores-y-hub\/","name":"Automatizaci\u00f3n para Distribuidores y Hub","isPartOf":{"@id":"https:\/\/www.gpigroup.com\/es\/#website"},"primaryImageOfPage":{"@id":"https:\/\/www.gpigroup.com\/es\/automatizacion-para-distribuidores-y-hub\/#primaryimage"},"image":{"@id":"https:\/\/www.gpigroup.com\/es\/automatizacion-para-distribuidores-y-hub\/#primaryimage"},"thumbnailUrl":"https:\/\/www.gpigroup.com\/app\/uploads\/2019\/04\/og-link-preview-1.png","datePublished":"2024-04-27T10:01:59+00:00","dateModified":"2025-01-08T17:13:26+00:00","description":"La soluci\u00f3n definitiva para la eficiencia y precisi\u00f3n en la distribuci\u00f3n farmac\u00e9utica para mayoristas y plataformas log\u00edsticas","breadcrumb":{"@id":"https:\/\/www.gpigroup.com\/es\/automatizacion-para-distribuidores-y-hub\/#breadcrumb"},"inLanguage":"es-ES","potentialAction":[{"@type":"ReadAction","target":["https:\/\/www.gpigroup.com\/es\/automatizacion-para-distribuidores-y-hub\/"]}]},{"@type":"ImageObject","inLanguage":"es-ES","@id":"https:\/\/www.gpigroup.com\/es\/automatizacion-para-distribuidores-y-hub\/#primaryimage","url":"https:\/\/www.gpigroup.com\/app\/uploads\/2019\/04\/og-link-preview-1.png","contentUrl":"https:\/\/www.gpigroup.com\/app\/uploads\/2019\/04\/og-link-preview-1.png","width":1366,"height":768},{"@type":"BreadcrumbList","@id":"https:\/\/www.gpigroup.com\/es\/automatizacion-para-distribuidores-y-hub\/#breadcrumb","itemListElement":[{"@type":"ListItem","position":1,"name":"Home","item":"https:\/\/www.gpigroup.com\/es\/"},{"@type":"ListItem","position":2,"name":"Automatizaci\u00f3n para Distribuidores y Hub"}]},{"@type":"WebSite","@id":"https:\/\/www.gpigroup.com\/es\/#website","url":"https:\/\/www.gpigroup.com\/es\/","name":"GPI","description":"The Healthcare Partner","publisher":{"@id":"https:\/\/www.gpigroup.com\/es\/#organization"},"potentialAction":[{"@type":"SearchAction","target":{"@type":"EntryPoint","urlTemplate":"https:\/\/www.gpigroup.com\/es\/?s={search_term_string}"},"query-input":{"@type":"PropertyValueSpecification","valueRequired":true,"valueName":"search_term_string"}}],"inLanguage":"es-ES"},{"@type":"Organization","@id":"https:\/\/www.gpigroup.com\/es\/#organization","name":"GPI S.p.A.","url":"https:\/\/www.gpigroup.com\/es\/","logo":{"@type":"ImageObject","inLanguage":"es-ES","@id":"https:\/\/www.gpigroup.com\/es\/#\/schema\/logo\/image\/","url":"https:\/\/www.gpigroup.com\/app\/uploads\/2023\/03\/logo-GPI-2019-1.jpg","contentUrl":"https:\/\/www.gpigroup.com\/app\/uploads\/2023\/03\/logo-GPI-2019-1.jpg","width":1946,"height":1945,"caption":"GPI S.p.A."},"image":{"@id":"https:\/\/www.gpigroup.com\/es\/#\/schema\/logo\/image\/"},"sameAs":["https:\/\/www.facebook.com\/GruppoGPI\/","https:\/\/www.linkedin.com\/company\/gpi-spa","http:\/\/www.youtube.com\/user\/GruppoGPI"]}]}},"_links":{"self":[{"href":"https:\/\/www.gpigroup.com\/es\/wp-json\/wp\/v2\/pages\/161028","targetHints":{"allow":["GET"]}}],"collection":[{"href":"https:\/\/www.gpigroup.com\/es\/wp-json\/wp\/v2\/pages"}],"about":[{"href":"https:\/\/www.gpigroup.com\/es\/wp-json\/wp\/v2\/types\/page"}],"author":[{"embeddable":true,"href":"https:\/\/www.gpigroup.com\/es\/wp-json\/wp\/v2\/users\/41"}],"replies":[{"embeddable":true,"href":"https:\/\/www.gpigroup.com\/es\/wp-json\/wp\/v2\/comments?post=161028"}],"version-history":[{"count":7,"href":"https:\/\/www.gpigroup.com\/es\/wp-json\/wp\/v2\/pages\/161028\/revisions"}],"predecessor-version":[{"id":162585,"href":"https:\/\/www.gpigroup.com\/es\/wp-json\/wp\/v2\/pages\/161028\/revisions\/162585"}],"wp:featuredmedia":[{"embeddable":true,"href":"https:\/\/www.gpigroup.com\/es\/wp-json\/wp\/v2\/media\/68633"}],"wp:attachment":[{"href":"https:\/\/www.gpigroup.com\/es\/wp-json\/wp\/v2\/media?parent=161028"}],"curies":[{"name":"wp","href":"https:\/\/api.w.org\/{rel}","templated":true}]}}