{"id":157228,"date":"2024-09-20T17:27:16","date_gmt":"2024-09-20T15:27:16","guid":{"rendered":"https:\/\/www.gpigroup.com\/?page_id=157228"},"modified":"2024-10-24T10:15:57","modified_gmt":"2024-10-24T08:15:57","slug":"gpi4med-telemed-24","status":"publish","type":"page","link":"https:\/\/www.gpigroup.com\/es\/gpi4med-telemed-24\/","title":{"rendered":"Gpi4Med.TELEMED"},"content":{"rendered":"<div class=\"wpb-content-wrapper\"><p>[vc_row full_width=&#8221;stretch_row&#8221; el_class=&#8221;text-row my-0&#8243;][vc_column][vc_row_inner][vc_column_inner][vc_column_text css=&#8221;&#8221;]<\/p>\n<div class=\"row asa-title\">\n<div class=\"col-12 col-md-6\">\n<img loading=\"lazy\" decoding=\"async\" width=\"1024\" height=\"576\" src=\"https:\/\/www.gpigroup.com\/app\/uploads\/2019\/05\/asa_software.jpg\" class=\"asa-image asa-image-mobile rounded-circle d-md-none d-inline\" alt=\"GPI Software\" srcset=\"https:\/\/www.gpigroup.com\/app\/uploads\/2019\/05\/asa_software.jpg 1024w, https:\/\/www.gpigroup.com\/app\/uploads\/2019\/05\/asa_software-300x169.jpg 300w, https:\/\/www.gpigroup.com\/app\/uploads\/2019\/05\/asa_software-768x432.jpg 768w\" sizes=\"auto, (max-width: 1024px) 100vw, 1024px\" \/>\n<div class=\"gpi_signature_title_tech\">\n<h1>Gpi4Med.TELEMED<\/h1>\n<\/div>\n<\/div>\n<div class=\"col-12 col-md-6\">\n<div class=\"asa-symbol\"><img loading=\"lazy\" decoding=\"async\" class=\"alignnone size-medium wp-image-3055\" role=\"img\" src=\"https:\/\/www.gpigroup.com\/app\/uploads\/\/2019\/03\/Software-1.svg\" alt=\"\" width=\"24\" height=\"24\" \/>\u00a0SOFTWARE<\/div>\n<\/div>\n<\/div>\n<p>[\/vc_column_text][\/vc_column_inner][\/vc_row_inner][vc_row_inner el_class=&#8221;bl-body&#8221;][vc_column_inner width=&#8221;1\/3&#8243;][vc_column_text]<img loading=\"lazy\" decoding=\"async\" width=\"1024\" height=\"576\" src=\"https:\/\/www.gpigroup.com\/app\/uploads\/2019\/05\/asa_software.jpg\" class=\"asa-image rounded-circle d-md-inline d-none\" alt=\"GPI Software\" srcset=\"https:\/\/www.gpigroup.com\/app\/uploads\/2019\/05\/asa_software.jpg 1024w, https:\/\/www.gpigroup.com\/app\/uploads\/2019\/05\/asa_software-300x169.jpg 300w, https:\/\/www.gpigroup.com\/app\/uploads\/2019\/05\/asa_software-768x432.jpg 768w\" sizes=\"auto, (max-width: 1024px) 100vw, 1024px\" \/>[\/vc_column_text][\/vc_column_inner][vc_column_inner width=&#8221;2\/3&#8243;][vc_column_text css=&#8221;&#8221; el_class=&#8221;entice&#8221;]Gpi4Med.TELEMED es un conjunto de productos de software y hardware para telemedicina, televigilancia y teleasistencia que incluye la detecci\u00f3n remota de constantes vitales.[\/vc_column_text][\/vc_column_inner][\/vc_row_inner][vc_row_inner][vc_column_inner width=&#8221;1\/3&#8243;][\/vc_column_inner][vc_column_inner width=&#8221;2\/3&#8243;][vc_column_text css=&#8221;&#8221;]Esta l\u00ednea vertical de productos de Gpi4Med Suite incluye:<\/p>\n<ul>\n<li><strong>POHEMA<\/strong> es una soluci\u00f3n completa y modular para la atenci\u00f3n digital que puede integrarse con sistemas de informaci\u00f3n hospitalarios, regionales, de m\u00e9dicos privados y con diversos dispositivos de monitorizaci\u00f3n. Un sistema modular de BPC (Business Package Capabilities) que se adapta a los escenarios de un futuro en constante cambio capaz de orquestar y hacer realidad una nueva experiencia digital, para el paciente y el personal sanitario.<span style=\"text-decoration: underline;\">Caracter\u00edsticas principales:<\/span>\n<ul>\n<li>Gestionar las citas y horarios de pacientes<\/li>\n<li>Gestionar indicadores demogr\u00e1ficos<\/li>\n<li>Recoger y enviar constantes vitales e informaci\u00f3n a centros sanitarios<\/li>\n<li>Establecer interfaces bidireccionales con los interesados<\/li>\n<li>Procesar la informaci\u00f3n para resaltar y notificar cualquier anomal\u00eda<\/li>\n<li>Cargar los datos recogidos de los biosensores m\u00f3viles<\/li>\n<li>Garantizar que la dimensi\u00f3n de plataforma abierta se ajuste a los \u00faltimos est\u00e1ndares internacionales (IHE\/HL7\/FHIR)<\/li>\n<\/ul>\n<\/li>\n<\/ul>\n<ul>\n<li><strong>T1 Heart Monitor<\/strong> (en colaboraci\u00f3n con Umana) es un hardware ultrafino con software avanzado para garantizar la medici\u00f3n, transmisi\u00f3n y an\u00e1lisis de la actividad card\u00edaca y otros signos vitales, impulsado por plataformas de AI y ML.<span style=\"text-decoration: underline;\">Caracter\u00edsticas principales:<\/span>\n<ul>\n<li>ECG de grado cl\u00ednico<\/li>\n<li>Seguimiento de la frecuencia cardiaca<\/li>\n<li>Sist\u00f3lica, diast\u00f3lica y PAM<\/li>\n<li>Seguimiento de la frecuencia respiratoria<\/li>\n<li>Alertas configurables basadas en datos en tiempo real<span style=\"text-decoration: underline;\">Tipos de usos:<\/span>&nbsp;<\/li>\n<li>Modo de monitorizaci\u00f3n en directo: La soluci\u00f3n ideal para la monitorizaci\u00f3n continua en tiempo real de las se\u00f1ales de ECG y otras constantes importantes, como la frecuencia cardiaca, la frecuencia respiratoria y la presi\u00f3n arterial. Gracias al sistema de alerta en directo y al panel de control en l\u00ednea, los profesionales m\u00e9dicos pueden tomar inmediatamente las medidas adecuadas cuando sea necesario.<\/li>\n<li>Modo Holter: La soluci\u00f3n ideal para grabaciones de ECG de hasta 24 horas. No es necesario tener un tel\u00e9fono cerca, ya que los datos del ECG se almacenan localmente en el Monitor Cardiaco T1. Los datos registrados se descargan en formato EDF est\u00e1ndar y los an\u00e1lisis de datos e informes se generan mediante el analizador de datos EDF, al que se puede acceder<\/li>\n<\/ul>\n<\/li>\n<\/ul>\n<ul>\n<li><strong>T1 Heart Monitor<\/strong> es un producto sanitario de alta precisi\u00f3n de clase IIa para la telemonitorizaci\u00f3n del ECG, la frecuencia cardiaca, la frecuencia respiratoria y la tensi\u00f3n arterial. Combina un sensor ultrafino con un transmisor que alimenta el cuadro de mandos en tiempo real.<\/li>\n<\/ul>\n<p>&nbsp;<\/p>\n<ul>\n<li><strong>c-med\u00a9 alpha<\/strong> (en colaboraci\u00f3n con Cosinuss\u00a9) es un sensor weareable multiparam\u00e9trico intraauricular que permite la monitorizaci\u00f3n continua de tres importantes constantes vitales, como la temperatura corporal central, la frecuencia cardiaca y la saturaci\u00f3n de ox\u00edgeno en sangre (SpO2). Se considera una combinaci\u00f3n de dos dispositivos de medici\u00f3n m\u00e9dica de uso frecuente: el term\u00f3metro y el pulsiox\u00edmetro.<span style=\"text-decoration: underline;\">Caracter\u00edsticas principales:<\/span>\n<ul>\n<li>Adquisici\u00f3n de constantes vitales<\/li>\n<li>Flujo continuo de datos<\/li>\n<li>Facilidad de integraci\u00f3n<\/li>\n<li>Capacidad de actualizaci\u00f3n<\/li>\n<li>Peque\u00f1o y ligero<\/li>\n<\/ul>\n<\/li>\n<\/ul>\n<p>c-med\u00a9 alpha es un sensor multiparam\u00e9trico intraauricular de clase IIa de cosinuss\u00b0 que proporciona flujos continuos de temperatura corporal, saturaci\u00f3n de ox\u00edgeno, frecuencia cardiaca, as\u00ed como perfusi\u00f3n y calidad.[\/vc_column_text][\/vc_column_inner][\/vc_row_inner][\/vc_column][\/vc_row][vc_row][vc_column width=&#8221;1\/3&#8243;][vc_column_text css=&#8221;&#8221; el_class=&#8221;entice&#8221;]<\/p>\n<div class=\"gpi_signature_title_tech\">Gpi4Med<\/div>\n<p>[\/vc_column_text][\/vc_column][vc_column width=&#8221;2\/3&#8243;][vc_column_text css=&#8221;&#8221;]<span style=\"text-decoration: underline;\">Enfoque global en Salud Digital:<\/span><br \/>\nGpi4Med es una suite integral de Gpi, un grupo global con m\u00e1s de 35 a\u00f1os de experiencia en Salud Digital, que facilita el camino hacia la transformaci\u00f3n digital y la atenci\u00f3n sanitaria sostenible.<\/p>\n<p>Todas las soluciones verticales son multiling\u00fces y est\u00e1n instaladas en m\u00e1s de 70 pa\u00edses de todo el mundo. A trav\u00e9s de nuestras oficinas locales, asociados y equipos de asistencia, con sede en todo el mundo, nos esforzamos por potenciar la experiencia y madurez de nuestros clientes en sus respectivos sectores.<\/p>\n<p><span style=\"text-decoration: underline;\">Propuesta de valor \u00fanica<\/span><br \/>\nSoporte INTEGRAL a las \u00e1reas m\u00e9dicas, quir\u00fargicas, cl\u00ednicas y de diagn\u00f3stico<br \/>\nTECNOLOG\u00cdA WEB Y EN LA NUBE, para facilitar los procesos de despliegue, soporte y mantenimiento<br \/>\nINTEGRADO CON UNA VARIEDAD DE DISPOSITIVOS BIOM\u00c9DICOS y softwares de terceros<br \/>\nCERTIFICADO \/ ACREDITADO como software de producto sanitario (MDR, CE, FDA, SFDA, entre otros)<br \/>\nENRIQUECIDO con funciones innovadoras y algoritmos avanzados basados en IA<\/p>\n<p><span style=\"text-decoration: underline;\">Misi\u00f3n<\/span><br \/>\nGracias a GPI4Med, el Grupo GPI aspira a desempe\u00f1ar un papel de liderazgo en la transformaci\u00f3n digital sostenible para la prevenci\u00f3n, el cuidado y el tratamiento de la salud y el bienestar de las personas.<\/p>\n<p><span style=\"text-decoration: underline;\">Visi\u00f3n<\/span><br \/>\nLa suite GPI4Med proporciona un enfoque hol\u00edstico en el \u00e1rea de soluciones de software altamente especializado e integrado en productos sanitarios. Gracias a la suite y a la amplia experiencia de GPI, los hospitales, socios e integradores de sistemas pueden confiar en una \u00fanica fuente para el suministro de soluciones de software de diagn\u00f3stico y cuidados cr\u00edticos.<\/p>\n<p><span style=\"text-decoration: underline;\">Cuantificaci\u00f3n de nuestros \u00e9xitos<\/span><\/p>\n<ul>\n<li style=\"list-style-type: none;\">\n<ul>\n<li>M\u00e1s de 9.000 clientes en m\u00e1s de 70 pa\u00edses<\/li>\n<li>M\u00e1s de 8.000 empleados, que operan en m\u00e1s de 17 pa\u00edses de todo el mundo<\/li>\n<li>N\u00famero 1 en Italia en tecnolog\u00edas de la informaci\u00f3n para el sector sanitario, entre los primeros de la UE.<\/li>\n<li>N\u00famero 1 en Italia en acceso multicanal a tratamientos<\/li>\n<li>Un objetivo final: mejorar la calidad de vida de las personas<\/li>\n<\/ul>\n<\/li>\n<\/ul>\n<p>[\/vc_column_text][\/vc_column][\/vc_row]<\/p>\n[vc_row full_width=\"stretch_row\" el_class=\"vision mb-0 gpi-orange-bg\"][vc_column offset=\"vc_col-lg-3 vc_col-xs-12\"][vc_column_text]\n<h4>Contact our sales team<\/h4>[\/vc_column_text][\/vc_column][vc_column width=\"3\/4\" offset=\"vc_col-lg-offset-0 vc_col-sm-offset-3 vc_col-xs-12\"][vc_raw_html]JTVCY29udGFjdC1mb3JtLTclMjBpZCUzRCUyMjg1NDc5JTIyJTIwdGl0bGUlM0QlMjJCdXNpbmVzcyUyMGxpbmUlMjBmb3JtJTIyJTIwaHRtbF9pZCUzRCUyMmdwaS1jb250YWN0LWZvcm0lMjIlNUQ=[\/vc_raw_html][\/vc_column][\/vc_row]<\/div>","protected":false},"excerpt":{"rendered":"<p>[vc_row full_width=&#8221;stretch_row&#8221; el_class=&#8221;text-row my-0&#8243;][vc_column][vc_row_inner][vc_column_inner][vc_column_text css=&#8221;&#8221;] Gpi4Med.TELEMED \u00a0SOFTWARE [\/vc_column_text][\/vc_column_inner][\/vc_row_inner][vc_row_inner el_class=&#8221;bl-body&#8221;][vc_column_inner width=&#8221;1\/3&#8243;][vc_column_text][\/vc_column_text][\/vc_column_inner][vc_column_inner width=&#8221;2\/3&#8243;][vc_column_text css=&#8221;&#8221; el_class=&#8221;entice&#8221;]Gpi4Med.TELEMED es un conjunto de productos de software y hardware para telemedicina, televigilancia y teleasistencia que incluye la detecci\u00f3n remota de constantes vitales.[\/vc_column_text][\/vc_column_inner][\/vc_row_inner][vc_row_inner][vc_column_inner width=&#8221;1\/3&#8243;][\/vc_column_inner][vc_column_inner width=&#8221;2\/3&#8243;][vc_column_text css=&#8221;&#8221;]Esta l\u00ednea vertical de productos de Gpi4Med Suite incluye: POHEMA es una soluci\u00f3n completa y modular para la<\/p>\n","protected":false},"author":7,"featured_media":5153,"parent":0,"menu_order":0,"comment_status":"closed","ping_status":"closed","template":"","meta":{"footnotes":""},"class_list":["post-157228","page","type-page","status-publish","has-post-thumbnail","hentry","client_type-sanidad-privada","client_type-sanidad-publica","page_category-soluciones-informaticas","section-offerta","business_line-software"],"yoast_head":"<!-- This site is optimized with the Yoast SEO plugin v27.1.1 - https:\/\/yoast.com\/product\/yoast-seo-wordpress\/ -->\n<title>Gpi4Med.TELEMED<\/title>\n<meta name=\"description\" content=\"Gpi4Med.TELEMED es un conjunto de productos de software y hardware para telemedicina, televigilancia y teleasistencia que incluye la detecci\u00f3n remota de constantes vitales.\" \/>\n<meta name=\"robots\" content=\"index, follow, max-snippet:-1, max-image-preview:large, max-video-preview:-1\" \/>\n<link rel=\"canonical\" href=\"https:\/\/www.gpigroup.com\/es\/gpi4med-telemed-24\/\" \/>\n<meta property=\"og:locale\" content=\"es_ES\" \/>\n<meta property=\"og:type\" content=\"article\" \/>\n<meta property=\"og:title\" content=\"Gpi4Med.TELEMED\" \/>\n<meta property=\"og:description\" content=\"Gpi4Med.TELEMED es un conjunto de productos de software y hardware para telemedicina, televigilancia y teleasistencia que incluye la detecci\u00f3n remota de constantes vitales.\" \/>\n<meta property=\"og:url\" content=\"https:\/\/www.gpigroup.com\/es\/gpi4med-telemed-24\/\" \/>\n<meta property=\"og:site_name\" content=\"GPI\" \/>\n<meta property=\"article:publisher\" content=\"https:\/\/www.facebook.com\/GruppoGPI\/\" \/>\n<meta property=\"article:modified_time\" content=\"2024-10-24T08:15:57+00:00\" \/>\n<meta property=\"og:image\" content=\"https:\/\/www.gpigroup.com\/app\/uploads\/2019\/04\/og-link-preview-1.png\" \/>\n\t<meta property=\"og:image:width\" content=\"1366\" \/>\n\t<meta property=\"og:image:height\" content=\"768\" \/>\n\t<meta property=\"og:image:type\" content=\"image\/png\" \/>\n<meta name=\"twitter:card\" content=\"summary_large_image\" \/>\n<meta name=\"twitter:label1\" content=\"Est. reading time\" \/>\n\t<meta name=\"twitter:data1\" content=\"5 minutes\" \/>\n<script type=\"application\/ld+json\" class=\"yoast-schema-graph\">{\"@context\":\"https:\/\/schema.org\",\"@graph\":[{\"@type\":\"WebPage\",\"@id\":\"https:\/\/www.gpigroup.com\/es\/gpi4med-telemed-24\/\",\"url\":\"https:\/\/www.gpigroup.com\/es\/gpi4med-telemed-24\/\",\"name\":\"Gpi4Med.TELEMED\",\"isPartOf\":{\"@id\":\"https:\/\/www.gpigroup.com\/es\/#website\"},\"primaryImageOfPage\":{\"@id\":\"https:\/\/www.gpigroup.com\/es\/gpi4med-telemed-24\/#primaryimage\"},\"image\":{\"@id\":\"https:\/\/www.gpigroup.com\/es\/gpi4med-telemed-24\/#primaryimage\"},\"thumbnailUrl\":\"https:\/\/www.gpigroup.com\/app\/uploads\/2019\/04\/og-link-preview-1.png\",\"datePublished\":\"2024-09-20T15:27:16+00:00\",\"dateModified\":\"2024-10-24T08:15:57+00:00\",\"description\":\"Gpi4Med.TELEMED es un conjunto de productos de software y hardware para telemedicina, televigilancia y teleasistencia que incluye la detecci\u00f3n remota de constantes vitales.\",\"breadcrumb\":{\"@id\":\"https:\/\/www.gpigroup.com\/es\/gpi4med-telemed-24\/#breadcrumb\"},\"inLanguage\":\"es-ES\",\"potentialAction\":[{\"@type\":\"ReadAction\",\"target\":[\"https:\/\/www.gpigroup.com\/es\/gpi4med-telemed-24\/\"]}]},{\"@type\":\"ImageObject\",\"inLanguage\":\"es-ES\",\"@id\":\"https:\/\/www.gpigroup.com\/es\/gpi4med-telemed-24\/#primaryimage\",\"url\":\"https:\/\/www.gpigroup.com\/app\/uploads\/2019\/04\/og-link-preview-1.png\",\"contentUrl\":\"https:\/\/www.gpigroup.com\/app\/uploads\/2019\/04\/og-link-preview-1.png\",\"width\":1366,\"height\":768,\"caption\":\"GPI link preview\"},{\"@type\":\"BreadcrumbList\",\"@id\":\"https:\/\/www.gpigroup.com\/es\/gpi4med-telemed-24\/#breadcrumb\",\"itemListElement\":[{\"@type\":\"ListItem\",\"position\":1,\"name\":\"Home\",\"item\":\"https:\/\/www.gpigroup.com\/es\/\"},{\"@type\":\"ListItem\",\"position\":2,\"name\":\"Gpi4Med.TELEMED\"}]},{\"@type\":\"WebSite\",\"@id\":\"https:\/\/www.gpigroup.com\/es\/#website\",\"url\":\"https:\/\/www.gpigroup.com\/es\/\",\"name\":\"GPI\",\"description\":\"The Healthcare Partner\",\"publisher\":{\"@id\":\"https:\/\/www.gpigroup.com\/es\/#organization\"},\"potentialAction\":[{\"@type\":\"SearchAction\",\"target\":{\"@type\":\"EntryPoint\",\"urlTemplate\":\"https:\/\/www.gpigroup.com\/es\/?s={search_term_string}\"},\"query-input\":{\"@type\":\"PropertyValueSpecification\",\"valueRequired\":true,\"valueName\":\"search_term_string\"}}],\"inLanguage\":\"es-ES\"},{\"@type\":\"Organization\",\"@id\":\"https:\/\/www.gpigroup.com\/es\/#organization\",\"name\":\"GPI S.p.A.\",\"url\":\"https:\/\/www.gpigroup.com\/es\/\",\"logo\":{\"@type\":\"ImageObject\",\"inLanguage\":\"es-ES\",\"@id\":\"https:\/\/www.gpigroup.com\/es\/#\/schema\/logo\/image\/\",\"url\":\"https:\/\/www.gpigroup.com\/app\/uploads\/2023\/03\/logo-GPI-2019-1.jpg\",\"contentUrl\":\"https:\/\/www.gpigroup.com\/app\/uploads\/2023\/03\/logo-GPI-2019-1.jpg\",\"width\":1946,\"height\":1945,\"caption\":\"GPI S.p.A.\"},\"image\":{\"@id\":\"https:\/\/www.gpigroup.com\/es\/#\/schema\/logo\/image\/\"},\"sameAs\":[\"https:\/\/www.facebook.com\/GruppoGPI\/\",\"https:\/\/www.linkedin.com\/company\/gpi-spa\",\"http:\/\/www.youtube.com\/user\/GruppoGPI\"]}]}<\/script>\n<!-- \/ Yoast SEO plugin. -->","yoast_head_json":{"title":"Gpi4Med.TELEMED","description":"Gpi4Med.TELEMED es un conjunto de productos de software y hardware para telemedicina, televigilancia y teleasistencia que incluye la detecci\u00f3n remota de constantes vitales.","robots":{"index":"index","follow":"follow","max-snippet":"max-snippet:-1","max-image-preview":"max-image-preview:large","max-video-preview":"max-video-preview:-1"},"canonical":"https:\/\/www.gpigroup.com\/es\/gpi4med-telemed-24\/","og_locale":"es_ES","og_type":"article","og_title":"Gpi4Med.TELEMED","og_description":"Gpi4Med.TELEMED es un conjunto de productos de software y hardware para telemedicina, televigilancia y teleasistencia que incluye la detecci\u00f3n remota de constantes vitales.","og_url":"https:\/\/www.gpigroup.com\/es\/gpi4med-telemed-24\/","og_site_name":"GPI","article_publisher":"https:\/\/www.facebook.com\/GruppoGPI\/","article_modified_time":"2024-10-24T08:15:57+00:00","og_image":[{"width":1366,"height":768,"url":"https:\/\/www.gpigroup.com\/app\/uploads\/2019\/04\/og-link-preview-1.png","type":"image\/png"}],"twitter_card":"summary_large_image","twitter_misc":{"Est. reading time":"5 minutes"},"schema":{"@context":"https:\/\/schema.org","@graph":[{"@type":"WebPage","@id":"https:\/\/www.gpigroup.com\/es\/gpi4med-telemed-24\/","url":"https:\/\/www.gpigroup.com\/es\/gpi4med-telemed-24\/","name":"Gpi4Med.TELEMED","isPartOf":{"@id":"https:\/\/www.gpigroup.com\/es\/#website"},"primaryImageOfPage":{"@id":"https:\/\/www.gpigroup.com\/es\/gpi4med-telemed-24\/#primaryimage"},"image":{"@id":"https:\/\/www.gpigroup.com\/es\/gpi4med-telemed-24\/#primaryimage"},"thumbnailUrl":"https:\/\/www.gpigroup.com\/app\/uploads\/2019\/04\/og-link-preview-1.png","datePublished":"2024-09-20T15:27:16+00:00","dateModified":"2024-10-24T08:15:57+00:00","description":"Gpi4Med.TELEMED es un conjunto de productos de software y hardware para telemedicina, televigilancia y teleasistencia que incluye la detecci\u00f3n remota de constantes vitales.","breadcrumb":{"@id":"https:\/\/www.gpigroup.com\/es\/gpi4med-telemed-24\/#breadcrumb"},"inLanguage":"es-ES","potentialAction":[{"@type":"ReadAction","target":["https:\/\/www.gpigroup.com\/es\/gpi4med-telemed-24\/"]}]},{"@type":"ImageObject","inLanguage":"es-ES","@id":"https:\/\/www.gpigroup.com\/es\/gpi4med-telemed-24\/#primaryimage","url":"https:\/\/www.gpigroup.com\/app\/uploads\/2019\/04\/og-link-preview-1.png","contentUrl":"https:\/\/www.gpigroup.com\/app\/uploads\/2019\/04\/og-link-preview-1.png","width":1366,"height":768,"caption":"GPI link preview"},{"@type":"BreadcrumbList","@id":"https:\/\/www.gpigroup.com\/es\/gpi4med-telemed-24\/#breadcrumb","itemListElement":[{"@type":"ListItem","position":1,"name":"Home","item":"https:\/\/www.gpigroup.com\/es\/"},{"@type":"ListItem","position":2,"name":"Gpi4Med.TELEMED"}]},{"@type":"WebSite","@id":"https:\/\/www.gpigroup.com\/es\/#website","url":"https:\/\/www.gpigroup.com\/es\/","name":"GPI","description":"The Healthcare Partner","publisher":{"@id":"https:\/\/www.gpigroup.com\/es\/#organization"},"potentialAction":[{"@type":"SearchAction","target":{"@type":"EntryPoint","urlTemplate":"https:\/\/www.gpigroup.com\/es\/?s={search_term_string}"},"query-input":{"@type":"PropertyValueSpecification","valueRequired":true,"valueName":"search_term_string"}}],"inLanguage":"es-ES"},{"@type":"Organization","@id":"https:\/\/www.gpigroup.com\/es\/#organization","name":"GPI S.p.A.","url":"https:\/\/www.gpigroup.com\/es\/","logo":{"@type":"ImageObject","inLanguage":"es-ES","@id":"https:\/\/www.gpigroup.com\/es\/#\/schema\/logo\/image\/","url":"https:\/\/www.gpigroup.com\/app\/uploads\/2023\/03\/logo-GPI-2019-1.jpg","contentUrl":"https:\/\/www.gpigroup.com\/app\/uploads\/2023\/03\/logo-GPI-2019-1.jpg","width":1946,"height":1945,"caption":"GPI S.p.A."},"image":{"@id":"https:\/\/www.gpigroup.com\/es\/#\/schema\/logo\/image\/"},"sameAs":["https:\/\/www.facebook.com\/GruppoGPI\/","https:\/\/www.linkedin.com\/company\/gpi-spa","http:\/\/www.youtube.com\/user\/GruppoGPI"]}]}},"_links":{"self":[{"href":"https:\/\/www.gpigroup.com\/es\/wp-json\/wp\/v2\/pages\/157228","targetHints":{"allow":["GET"]}}],"collection":[{"href":"https:\/\/www.gpigroup.com\/es\/wp-json\/wp\/v2\/pages"}],"about":[{"href":"https:\/\/www.gpigroup.com\/es\/wp-json\/wp\/v2\/types\/page"}],"author":[{"embeddable":true,"href":"https:\/\/www.gpigroup.com\/es\/wp-json\/wp\/v2\/users\/7"}],"replies":[{"embeddable":true,"href":"https:\/\/www.gpigroup.com\/es\/wp-json\/wp\/v2\/comments?post=157228"}],"version-history":[{"count":2,"href":"https:\/\/www.gpigroup.com\/es\/wp-json\/wp\/v2\/pages\/157228\/revisions"}],"predecessor-version":[{"id":157231,"href":"https:\/\/www.gpigroup.com\/es\/wp-json\/wp\/v2\/pages\/157228\/revisions\/157231"}],"wp:featuredmedia":[{"embeddable":true,"href":"https:\/\/www.gpigroup.com\/es\/wp-json\/wp\/v2\/media\/5153"}],"wp:attachment":[{"href":"https:\/\/www.gpigroup.com\/es\/wp-json\/wp\/v2\/media?parent=157228"}],"curies":[{"name":"wp","href":"https:\/\/api.w.org\/{rel}","templated":true}]}}