{"id":157222,"date":"2024-09-20T16:59:18","date_gmt":"2024-09-20T14:59:18","guid":{"rendered":"https:\/\/www.gpigroup.com\/?page_id=157222"},"modified":"2024-10-24T10:16:13","modified_gmt":"2024-10-24T08:16:13","slug":"gpi4med-imaging-24","status":"publish","type":"page","link":"https:\/\/www.gpigroup.com\/es\/gpi4med-imaging-24\/","title":{"rendered":"Gpi4Med.IMAGING"},"content":{"rendered":"<div class=\"wpb-content-wrapper\"><p>[vc_row full_width=&#8221;stretch_row&#8221; el_class=&#8221;text-row my-0&#8243;][vc_column][vc_row_inner][vc_column_inner][vc_column_text css=&#8221;&#8221;]<\/p>\n<div class=\"row asa-title\">\n<div class=\"col-12 col-md-6\">\n<img loading=\"lazy\" decoding=\"async\" width=\"1024\" height=\"576\" src=\"https:\/\/www.gpigroup.com\/app\/uploads\/2019\/05\/asa_software.jpg\" class=\"asa-image asa-image-mobile rounded-circle d-md-none d-inline\" alt=\"GPI Software\" srcset=\"https:\/\/www.gpigroup.com\/app\/uploads\/2019\/05\/asa_software.jpg 1024w, https:\/\/www.gpigroup.com\/app\/uploads\/2019\/05\/asa_software-300x169.jpg 300w, https:\/\/www.gpigroup.com\/app\/uploads\/2019\/05\/asa_software-768x432.jpg 768w\" sizes=\"auto, (max-width: 1024px) 100vw, 1024px\" \/>\n<div class=\"gpi_signature_title_tech\">\n<h1>Gpi4Med.IMAGING<\/h1>\n<\/div>\n<\/div>\n<div class=\"col-12 col-md-6\">\n<div class=\"asa-symbol\"><img loading=\"lazy\" decoding=\"async\" class=\"alignnone size-medium wp-image-3055\" role=\"img\" src=\"https:\/\/www.gpigroup.com\/app\/uploads\/\/2019\/03\/Software-1.svg\" alt=\"\" width=\"24\" height=\"24\" \/>\u00a0SOFTWARE<\/div>\n<\/div>\n<\/div>\n<p>[\/vc_column_text][\/vc_column_inner][\/vc_row_inner][vc_row_inner el_class=&#8221;bl-body&#8221;][vc_column_inner width=&#8221;1\/3&#8243;][vc_column_text]<img loading=\"lazy\" decoding=\"async\" width=\"1024\" height=\"576\" src=\"https:\/\/www.gpigroup.com\/app\/uploads\/2019\/05\/asa_software.jpg\" class=\"asa-image rounded-circle d-md-inline d-none\" alt=\"GPI Software\" srcset=\"https:\/\/www.gpigroup.com\/app\/uploads\/2019\/05\/asa_software.jpg 1024w, https:\/\/www.gpigroup.com\/app\/uploads\/2019\/05\/asa_software-300x169.jpg 300w, https:\/\/www.gpigroup.com\/app\/uploads\/2019\/05\/asa_software-768x432.jpg 768w\" sizes=\"auto, (max-width: 1024px) 100vw, 1024px\" \/>[\/vc_column_text][\/vc_column_inner][vc_column_inner width=&#8221;2\/3&#8243;][vc_column_text css=&#8221;&#8221; el_class=&#8221;entice&#8221;]Gpi4Med. IMAGING es la suite de diagn\u00f3stico por imagen digital para la gesti\u00f3n de todo tipo de im\u00e1genes hospitalarias, incluidos los informes de datos de pacientes.[\/vc_column_text][\/vc_column_inner][\/vc_row_inner][vc_row_inner][vc_column_inner width=&#8221;1\/3&#8243;][\/vc_column_inner][vc_column_inner width=&#8221;2\/3&#8243;][vc_column_text css=&#8221;&#8221;]Esta l\u00ednea vertical de productos de la suite Gpi4Med incluye:<\/p>\n<ul>\n<li><strong>Radiology Imaging<\/strong>: una plataforma web integrada para el almacenamiento, transmisi\u00f3n y visualizaci\u00f3n de todas las im\u00e1genes producidas en un centro m\u00e9dico. Incluye varios productos:\n<ul>\n<li>RIS: apoya a los radi\u00f3logos en su toma de decisiones y les ayuda a priorizar los ex\u00e1menes a trav\u00e9s del m\u00f3dulo de flujo de trabajo, satisfaciendo las necesidades de los radi\u00f3logos, optimizando el flujo de trabajo completo de un departamento de imagen o en el marco de proyectos de teleradiolog\u00eda.<\/li>\n<li>PACS: archiva im\u00e1genes, informes y todos los datos multimedia de forma segura para centros de radiolog\u00eda, centros de diagn\u00f3stico por imagen y otros servicios. Totalmente basado en web y ergon\u00f3mica, destaca por integrar todas las funcionalidades de un RIS dentro de un PACS.<\/li>\n<li>Teleradiology: es una soluci\u00f3n web que combina el telediagn\u00f3stico y la teleconsulta. El telediagn\u00f3stico consiste en transmitir las im\u00e1genes a un radi\u00f3logo que las interpreta a distancia antes de compartir un informe, mientras que la teleconsulta consiste en llamar a un radi\u00f3logo a distancia para que gu\u00ede la prueba, confirme un diagn\u00f3stico o comparta una segunda opini\u00f3n m\u00e9dica.<\/li>\n<\/ul>\n<\/li>\n<\/ul>\n<ul>\n<li><strong>Imaging Stack<\/strong> es una soluci\u00f3n integrada avanzada de tratamiento de im\u00e1genes m\u00e9dicas: RIS &#8211; PACS &#8211; Interpretaci\u00f3n &#8211; IA.<span style=\"text-decoration: underline;\">Principales caracter\u00edsticas:<\/span>\n<ul>\n<li>Optimizaci\u00f3n de la lista de trabajo (espera) mediante la visualizaci\u00f3n de las anotaciones preliminares de los ex\u00e1menes por IA.<\/li>\n<li>Interpretaci\u00f3n avanzada (diagn\u00f3stico guiado)<\/li>\n<li>Cribados \u00f3ptimizados mediante una detecci\u00f3n m\u00e1s temprana y r\u00e1pida<\/li>\n<li>IA y teleradiolog\u00eda<\/li>\n<\/ul>\n<\/li>\n<\/ul>\n<ul>\n<li><strong>Clinical Imaging:<\/strong> es una suite completa de softwares especializados para la gesti\u00f3n del flujo de trabajo y de im\u00e1genes en los servicios cl\u00ednicos. Incluye varios productos:\n<ul>\n<li>EndoxWeb (Endoscopia) Permite la gesti\u00f3n de los servicios que realizan procedimientos endosc\u00f3picos, ya sean de diagn\u00f3stico o de intervenci\u00f3n, como endoscopia digestiva, broncoscopia, urolog\u00eda o neumolog\u00eda.<\/li>\n<li>Dermox (Dermatolog\u00eda) Permite la adquisici\u00f3n de im\u00e1genes\/v\u00eddeos de dermatoscopios y otros dispositivos. Es posible extraer compilaciones de fotos de los resultados de para b\u00fasqueda\/comparaci\u00f3n.<\/li>\n<li>Optinet (Oftalmolog\u00eda) Ofrece una gesti\u00f3n completa de datos personales, privados, anamn\u00e9sicos y cl\u00ednicos. Tambi\u00e9n permite establecer sesiones de streaming y videoconferencia para teleconsultas.<\/li>\n<li>Decia (Obstetricia y Ginecolog\u00eda) permite mejorar la gesti\u00f3n de la informaci\u00f3n sobre la salud de la mujer en lo que respecta al cribado y las im\u00e1genes de colposcopia, histeroscopia, mamograf\u00eda y laparoscopia.<\/li>\n<\/ul>\n<\/li>\n<\/ul>\n<ul>\n<li><strong>OphtAI<\/strong> es una plataforma web basada en IA para el cribado de enfermedades oculares que acelera y asegura el diagn\u00f3stico de varias docenas de las enfermedades oculares m\u00e1s comunes (incluyendo retinopat\u00eda diab\u00e9tica, degeneraci\u00f3n macular, glaucoma, entre otras).<span style=\"text-decoration: underline;\">Principales caracter\u00edsticas:<\/span>\n<ul>\n<li>Optimizaci\u00f3n de la lista de trabajo (espera)<\/li>\n<li>Comprobaci\u00f3n de la calidad de la imagen para evitar que los pacientes tengan que volver a ser examinados<\/li>\n<li>Clasificaci\u00f3n preliminar automatizada de pacientes en funci\u00f3n de su criticidad<\/li>\n<li>Historial electr\u00f3nico centralizado de los pacientes<\/li>\n<li>Acceso multisitio<\/li>\n<\/ul>\n<\/li>\n<\/ul>\n<p>[\/vc_column_text][\/vc_column_inner][\/vc_row_inner][\/vc_column][\/vc_row][vc_row][vc_column width=&#8221;1\/3&#8243;][vc_column_text css=&#8221;&#8221; el_class=&#8221;entice&#8221;]<\/p>\n<div class=\"gpi_signature_title_tech\">Gpi4Med<\/div>\n<p>[\/vc_column_text][\/vc_column][vc_column width=&#8221;2\/3&#8243;][vc_column_text css=&#8221;&#8221;]<span style=\"text-decoration: underline;\">Enfoque global en Salud Digital:<\/span><br \/>\nGpi4Med es una suite integral de Gpi, un grupo global con m\u00e1s de 35 a\u00f1os de experiencia en Salud Digital, que facilita el camino hacia la transformaci\u00f3n digital y la atenci\u00f3n sanitaria sostenible.<\/p>\n<p>Todas las soluciones verticales son multiling\u00fces y est\u00e1n instaladas en m\u00e1s de 70 pa\u00edses de todo el mundo. A trav\u00e9s de nuestras oficinas locales, asociados y equipos de asistencia, con sede en todo el mundo, nos esforzamos por potenciar la experiencia y madurez de nuestros clientes en sus respectivos sectores.<\/p>\n<p><span style=\"text-decoration: underline;\">Propuesta de valor \u00fanica<\/span><br \/>\nSoporte INTEGRAL a las \u00e1reas m\u00e9dicas, quir\u00fargicas, cl\u00ednicas y de diagn\u00f3stico<br \/>\nTECNOLOG\u00cdA WEB Y EN LA NUBE, para facilitar los procesos de despliegue, soporte y mantenimiento<br \/>\nINTEGRADO CON UNA VARIEDAD DE DISPOSITIVOS BIOM\u00c9DICOS y softwares de terceros<br \/>\nCERTIFICADO \/ ACREDITADO como software de producto sanitario (MDR, CE, FDA, SFDA, entre otros)<br \/>\nENRIQUECIDO con funciones innovadoras y algoritmos avanzados basados en IA<\/p>\n<p><span style=\"text-decoration: underline;\">Misi\u00f3n<\/span><br \/>\nGracias a GPI4Med, el Grupo GPI aspira a desempe\u00f1ar un papel de liderazgo en la transformaci\u00f3n digital sostenible para la prevenci\u00f3n, el cuidado y el tratamiento de la salud y el bienestar de las personas.<\/p>\n<p><span style=\"text-decoration: underline;\">Visi\u00f3n<\/span><br \/>\nLa suite GPI4Med proporciona un enfoque hol\u00edstico en el \u00e1rea de soluciones de software altamente especializado e integrado en productos sanitarios. Gracias a la suite y a la amplia experiencia de GPI, los hospitales, socios e integradores de sistemas pueden confiar en una \u00fanica fuente para el suministro de soluciones de software de diagn\u00f3stico y cuidados cr\u00edticos.<\/p>\n<p><span style=\"text-decoration: underline;\">Cuantificaci\u00f3n de nuestros \u00e9xitos<\/span><\/p>\n<ul>\n<li style=\"list-style-type: none;\">\n<ul>\n<li>M\u00e1s de 9.000 clientes en m\u00e1s de 70 pa\u00edses<\/li>\n<li>M\u00e1s de 8.000 empleados, que operan en m\u00e1s de 17 pa\u00edses de todo el mundo<\/li>\n<li>N\u00famero 1 en Italia en tecnolog\u00edas de la informaci\u00f3n para el sector sanitario, entre los primeros de la UE.<\/li>\n<li>N\u00famero 1 en Italia en acceso multicanal a tratamientos<\/li>\n<li>Un objetivo final: mejorar la calidad de vida de las personas<\/li>\n<\/ul>\n<\/li>\n<\/ul>\n<p>[\/vc_column_text][\/vc_column][\/vc_row]<\/p>\n[vc_row full_width=\"stretch_row\" el_class=\"vision mb-0 gpi-orange-bg\"][vc_column offset=\"vc_col-lg-3 vc_col-xs-12\"][vc_column_text]\n<h4>Contact our sales team<\/h4>[\/vc_column_text][\/vc_column][vc_column width=\"3\/4\" offset=\"vc_col-lg-offset-0 vc_col-sm-offset-3 vc_col-xs-12\"][vc_raw_html]JTVCY29udGFjdC1mb3JtLTclMjBpZCUzRCUyMjg1NDc5JTIyJTIwdGl0bGUlM0QlMjJCdXNpbmVzcyUyMGxpbmUlMjBmb3JtJTIyJTIwaHRtbF9pZCUzRCUyMmdwaS1jb250YWN0LWZvcm0lMjIlNUQ=[\/vc_raw_html][\/vc_column][\/vc_row]<\/div>","protected":false},"excerpt":{"rendered":"<p>[vc_row full_width=&#8221;stretch_row&#8221; el_class=&#8221;text-row my-0&#8243;][vc_column][vc_row_inner][vc_column_inner][vc_column_text css=&#8221;&#8221;] Gpi4Med.IMAGING \u00a0SOFTWARE [\/vc_column_text][\/vc_column_inner][\/vc_row_inner][vc_row_inner el_class=&#8221;bl-body&#8221;][vc_column_inner width=&#8221;1\/3&#8243;][vc_column_text][\/vc_column_text][\/vc_column_inner][vc_column_inner width=&#8221;2\/3&#8243;][vc_column_text css=&#8221;&#8221; el_class=&#8221;entice&#8221;]Gpi4Med. IMAGING es la suite de diagn\u00f3stico por imagen digital para la gesti\u00f3n de todo tipo de im\u00e1genes hospitalarias, incluidos los informes de datos de pacientes.[\/vc_column_text][\/vc_column_inner][\/vc_row_inner][vc_row_inner][vc_column_inner width=&#8221;1\/3&#8243;][\/vc_column_inner][vc_column_inner width=&#8221;2\/3&#8243;][vc_column_text css=&#8221;&#8221;]Esta l\u00ednea vertical de productos de la suite Gpi4Med incluye: Radiology Imaging: una plataforma web<\/p>\n","protected":false},"author":7,"featured_media":5153,"parent":0,"menu_order":0,"comment_status":"closed","ping_status":"closed","template":"","meta":{"footnotes":""},"class_list":["post-157222","page","type-page","status-publish","has-post-thumbnail","hentry","client_type-sanidad-privada","client_type-sanidad-publica","page_category-soluciones-informaticas","section-offerta","business_line-software"],"yoast_head":"<!-- This site is optimized with the Yoast SEO plugin v27.1.1 - https:\/\/yoast.com\/product\/yoast-seo-wordpress\/ -->\n<title>Gpi4Med. IMAGING<\/title>\n<meta name=\"description\" content=\"Gpi4Med. IMAGING es la suite de diagn\u00f3stico por imagen digital para la gesti\u00f3n de todo tipo de im\u00e1genes hospitalarias, incluidos los informes de datos de pacientes.\" \/>\n<meta name=\"robots\" content=\"index, follow, max-snippet:-1, max-image-preview:large, max-video-preview:-1\" \/>\n<link rel=\"canonical\" href=\"https:\/\/www.gpigroup.com\/es\/gpi4med-imaging-24\/\" \/>\n<meta property=\"og:locale\" content=\"es_ES\" \/>\n<meta property=\"og:type\" content=\"article\" \/>\n<meta property=\"og:title\" content=\"Gpi4Med. IMAGING\" \/>\n<meta property=\"og:description\" content=\"Gpi4Med. IMAGING es la suite de diagn\u00f3stico por imagen digital para la gesti\u00f3n de todo tipo de im\u00e1genes hospitalarias, incluidos los informes de datos de pacientes.\" \/>\n<meta property=\"og:url\" content=\"https:\/\/www.gpigroup.com\/es\/gpi4med-imaging-24\/\" \/>\n<meta property=\"og:site_name\" content=\"GPI\" \/>\n<meta property=\"article:publisher\" content=\"https:\/\/www.facebook.com\/GruppoGPI\/\" \/>\n<meta property=\"article:modified_time\" content=\"2024-10-24T08:16:13+00:00\" \/>\n<meta property=\"og:image\" content=\"https:\/\/www.gpigroup.com\/app\/uploads\/2019\/04\/og-link-preview-1.png\" \/>\n\t<meta property=\"og:image:width\" content=\"1366\" \/>\n\t<meta property=\"og:image:height\" content=\"768\" \/>\n\t<meta property=\"og:image:type\" content=\"image\/png\" \/>\n<meta name=\"twitter:card\" content=\"summary_large_image\" \/>\n<meta name=\"twitter:label1\" content=\"Est. reading time\" \/>\n\t<meta name=\"twitter:data1\" content=\"5 minutes\" \/>\n<script type=\"application\/ld+json\" class=\"yoast-schema-graph\">{\"@context\":\"https:\/\/schema.org\",\"@graph\":[{\"@type\":\"WebPage\",\"@id\":\"https:\/\/www.gpigroup.com\/es\/gpi4med-imaging-24\/\",\"url\":\"https:\/\/www.gpigroup.com\/es\/gpi4med-imaging-24\/\",\"name\":\"Gpi4Med. IMAGING\",\"isPartOf\":{\"@id\":\"https:\/\/www.gpigroup.com\/es\/#website\"},\"primaryImageOfPage\":{\"@id\":\"https:\/\/www.gpigroup.com\/es\/gpi4med-imaging-24\/#primaryimage\"},\"image\":{\"@id\":\"https:\/\/www.gpigroup.com\/es\/gpi4med-imaging-24\/#primaryimage\"},\"thumbnailUrl\":\"https:\/\/www.gpigroup.com\/app\/uploads\/2019\/04\/og-link-preview-1.png\",\"datePublished\":\"2024-09-20T14:59:18+00:00\",\"dateModified\":\"2024-10-24T08:16:13+00:00\",\"description\":\"Gpi4Med. IMAGING es la suite de diagn\u00f3stico por imagen digital para la gesti\u00f3n de todo tipo de im\u00e1genes hospitalarias, incluidos los informes de datos de pacientes.\",\"breadcrumb\":{\"@id\":\"https:\/\/www.gpigroup.com\/es\/gpi4med-imaging-24\/#breadcrumb\"},\"inLanguage\":\"es-ES\",\"potentialAction\":[{\"@type\":\"ReadAction\",\"target\":[\"https:\/\/www.gpigroup.com\/es\/gpi4med-imaging-24\/\"]}]},{\"@type\":\"ImageObject\",\"inLanguage\":\"es-ES\",\"@id\":\"https:\/\/www.gpigroup.com\/es\/gpi4med-imaging-24\/#primaryimage\",\"url\":\"https:\/\/www.gpigroup.com\/app\/uploads\/2019\/04\/og-link-preview-1.png\",\"contentUrl\":\"https:\/\/www.gpigroup.com\/app\/uploads\/2019\/04\/og-link-preview-1.png\",\"width\":1366,\"height\":768,\"caption\":\"GPI link preview\"},{\"@type\":\"BreadcrumbList\",\"@id\":\"https:\/\/www.gpigroup.com\/es\/gpi4med-imaging-24\/#breadcrumb\",\"itemListElement\":[{\"@type\":\"ListItem\",\"position\":1,\"name\":\"Home\",\"item\":\"https:\/\/www.gpigroup.com\/es\/\"},{\"@type\":\"ListItem\",\"position\":2,\"name\":\"Gpi4Med.IMAGING\"}]},{\"@type\":\"WebSite\",\"@id\":\"https:\/\/www.gpigroup.com\/es\/#website\",\"url\":\"https:\/\/www.gpigroup.com\/es\/\",\"name\":\"GPI\",\"description\":\"The Healthcare Partner\",\"publisher\":{\"@id\":\"https:\/\/www.gpigroup.com\/es\/#organization\"},\"potentialAction\":[{\"@type\":\"SearchAction\",\"target\":{\"@type\":\"EntryPoint\",\"urlTemplate\":\"https:\/\/www.gpigroup.com\/es\/?s={search_term_string}\"},\"query-input\":{\"@type\":\"PropertyValueSpecification\",\"valueRequired\":true,\"valueName\":\"search_term_string\"}}],\"inLanguage\":\"es-ES\"},{\"@type\":\"Organization\",\"@id\":\"https:\/\/www.gpigroup.com\/es\/#organization\",\"name\":\"GPI S.p.A.\",\"url\":\"https:\/\/www.gpigroup.com\/es\/\",\"logo\":{\"@type\":\"ImageObject\",\"inLanguage\":\"es-ES\",\"@id\":\"https:\/\/www.gpigroup.com\/es\/#\/schema\/logo\/image\/\",\"url\":\"https:\/\/www.gpigroup.com\/app\/uploads\/2023\/03\/logo-GPI-2019-1.jpg\",\"contentUrl\":\"https:\/\/www.gpigroup.com\/app\/uploads\/2023\/03\/logo-GPI-2019-1.jpg\",\"width\":1946,\"height\":1945,\"caption\":\"GPI S.p.A.\"},\"image\":{\"@id\":\"https:\/\/www.gpigroup.com\/es\/#\/schema\/logo\/image\/\"},\"sameAs\":[\"https:\/\/www.facebook.com\/GruppoGPI\/\",\"https:\/\/www.linkedin.com\/company\/gpi-spa\",\"http:\/\/www.youtube.com\/user\/GruppoGPI\"]}]}<\/script>\n<!-- \/ Yoast SEO plugin. -->","yoast_head_json":{"title":"Gpi4Med. IMAGING","description":"Gpi4Med. IMAGING es la suite de diagn\u00f3stico por imagen digital para la gesti\u00f3n de todo tipo de im\u00e1genes hospitalarias, incluidos los informes de datos de pacientes.","robots":{"index":"index","follow":"follow","max-snippet":"max-snippet:-1","max-image-preview":"max-image-preview:large","max-video-preview":"max-video-preview:-1"},"canonical":"https:\/\/www.gpigroup.com\/es\/gpi4med-imaging-24\/","og_locale":"es_ES","og_type":"article","og_title":"Gpi4Med. IMAGING","og_description":"Gpi4Med. IMAGING es la suite de diagn\u00f3stico por imagen digital para la gesti\u00f3n de todo tipo de im\u00e1genes hospitalarias, incluidos los informes de datos de pacientes.","og_url":"https:\/\/www.gpigroup.com\/es\/gpi4med-imaging-24\/","og_site_name":"GPI","article_publisher":"https:\/\/www.facebook.com\/GruppoGPI\/","article_modified_time":"2024-10-24T08:16:13+00:00","og_image":[{"width":1366,"height":768,"url":"https:\/\/www.gpigroup.com\/app\/uploads\/2019\/04\/og-link-preview-1.png","type":"image\/png"}],"twitter_card":"summary_large_image","twitter_misc":{"Est. reading time":"5 minutes"},"schema":{"@context":"https:\/\/schema.org","@graph":[{"@type":"WebPage","@id":"https:\/\/www.gpigroup.com\/es\/gpi4med-imaging-24\/","url":"https:\/\/www.gpigroup.com\/es\/gpi4med-imaging-24\/","name":"Gpi4Med. IMAGING","isPartOf":{"@id":"https:\/\/www.gpigroup.com\/es\/#website"},"primaryImageOfPage":{"@id":"https:\/\/www.gpigroup.com\/es\/gpi4med-imaging-24\/#primaryimage"},"image":{"@id":"https:\/\/www.gpigroup.com\/es\/gpi4med-imaging-24\/#primaryimage"},"thumbnailUrl":"https:\/\/www.gpigroup.com\/app\/uploads\/2019\/04\/og-link-preview-1.png","datePublished":"2024-09-20T14:59:18+00:00","dateModified":"2024-10-24T08:16:13+00:00","description":"Gpi4Med. IMAGING es la suite de diagn\u00f3stico por imagen digital para la gesti\u00f3n de todo tipo de im\u00e1genes hospitalarias, incluidos los informes de datos de pacientes.","breadcrumb":{"@id":"https:\/\/www.gpigroup.com\/es\/gpi4med-imaging-24\/#breadcrumb"},"inLanguage":"es-ES","potentialAction":[{"@type":"ReadAction","target":["https:\/\/www.gpigroup.com\/es\/gpi4med-imaging-24\/"]}]},{"@type":"ImageObject","inLanguage":"es-ES","@id":"https:\/\/www.gpigroup.com\/es\/gpi4med-imaging-24\/#primaryimage","url":"https:\/\/www.gpigroup.com\/app\/uploads\/2019\/04\/og-link-preview-1.png","contentUrl":"https:\/\/www.gpigroup.com\/app\/uploads\/2019\/04\/og-link-preview-1.png","width":1366,"height":768,"caption":"GPI link preview"},{"@type":"BreadcrumbList","@id":"https:\/\/www.gpigroup.com\/es\/gpi4med-imaging-24\/#breadcrumb","itemListElement":[{"@type":"ListItem","position":1,"name":"Home","item":"https:\/\/www.gpigroup.com\/es\/"},{"@type":"ListItem","position":2,"name":"Gpi4Med.IMAGING"}]},{"@type":"WebSite","@id":"https:\/\/www.gpigroup.com\/es\/#website","url":"https:\/\/www.gpigroup.com\/es\/","name":"GPI","description":"The Healthcare Partner","publisher":{"@id":"https:\/\/www.gpigroup.com\/es\/#organization"},"potentialAction":[{"@type":"SearchAction","target":{"@type":"EntryPoint","urlTemplate":"https:\/\/www.gpigroup.com\/es\/?s={search_term_string}"},"query-input":{"@type":"PropertyValueSpecification","valueRequired":true,"valueName":"search_term_string"}}],"inLanguage":"es-ES"},{"@type":"Organization","@id":"https:\/\/www.gpigroup.com\/es\/#organization","name":"GPI S.p.A.","url":"https:\/\/www.gpigroup.com\/es\/","logo":{"@type":"ImageObject","inLanguage":"es-ES","@id":"https:\/\/www.gpigroup.com\/es\/#\/schema\/logo\/image\/","url":"https:\/\/www.gpigroup.com\/app\/uploads\/2023\/03\/logo-GPI-2019-1.jpg","contentUrl":"https:\/\/www.gpigroup.com\/app\/uploads\/2023\/03\/logo-GPI-2019-1.jpg","width":1946,"height":1945,"caption":"GPI S.p.A."},"image":{"@id":"https:\/\/www.gpigroup.com\/es\/#\/schema\/logo\/image\/"},"sameAs":["https:\/\/www.facebook.com\/GruppoGPI\/","https:\/\/www.linkedin.com\/company\/gpi-spa","http:\/\/www.youtube.com\/user\/GruppoGPI"]}]}},"_links":{"self":[{"href":"https:\/\/www.gpigroup.com\/es\/wp-json\/wp\/v2\/pages\/157222","targetHints":{"allow":["GET"]}}],"collection":[{"href":"https:\/\/www.gpigroup.com\/es\/wp-json\/wp\/v2\/pages"}],"about":[{"href":"https:\/\/www.gpigroup.com\/es\/wp-json\/wp\/v2\/types\/page"}],"author":[{"embeddable":true,"href":"https:\/\/www.gpigroup.com\/es\/wp-json\/wp\/v2\/users\/7"}],"replies":[{"embeddable":true,"href":"https:\/\/www.gpigroup.com\/es\/wp-json\/wp\/v2\/comments?post=157222"}],"version-history":[{"count":1,"href":"https:\/\/www.gpigroup.com\/es\/wp-json\/wp\/v2\/pages\/157222\/revisions"}],"predecessor-version":[{"id":157223,"href":"https:\/\/www.gpigroup.com\/es\/wp-json\/wp\/v2\/pages\/157222\/revisions\/157223"}],"wp:featuredmedia":[{"embeddable":true,"href":"https:\/\/www.gpigroup.com\/es\/wp-json\/wp\/v2\/media\/5153"}],"wp:attachment":[{"href":"https:\/\/www.gpigroup.com\/es\/wp-json\/wp\/v2\/media?parent=157222"}],"curies":[{"name":"wp","href":"https:\/\/api.w.org\/{rel}","templated":true}]}}