{"id":150308,"date":"2024-05-20T22:35:23","date_gmt":"2024-05-20T20:35:23","guid":{"rendered":"https:\/\/www.gpigroup.com\/?page_id=150308"},"modified":"2024-10-22T11:19:21","modified_gmt":"2024-10-22T09:19:21","slug":"gpi4med-criticalcare","status":"publish","type":"page","link":"https:\/\/www.gpigroup.com\/es\/gpi4med-criticalcare\/","title":{"rendered":"OLD_Gpi4Med.CRITICALCARE"},"content":{"rendered":"<div class=\"wpb-content-wrapper\"><p>[vc_row full_width=&#8221;stretch_row&#8221; el_class=&#8221;text-row my-0&#8243;][vc_column][vc_row_inner][vc_column_inner][vc_column_text]<\/p>\n<div class=\"row asa-title\">\n<div class=\"col-12 col-md-6\">\n<img loading=\"lazy\" decoding=\"async\" width=\"1024\" height=\"576\" src=\"https:\/\/www.gpigroup.com\/app\/uploads\/2019\/05\/asa_software.jpg\" class=\"asa-image asa-image-mobile rounded-circle d-md-none d-inline\" alt=\"GPI Software\" srcset=\"https:\/\/www.gpigroup.com\/app\/uploads\/2019\/05\/asa_software.jpg 1024w, https:\/\/www.gpigroup.com\/app\/uploads\/2019\/05\/asa_software-300x169.jpg 300w, https:\/\/www.gpigroup.com\/app\/uploads\/2019\/05\/asa_software-768x432.jpg 768w\" sizes=\"auto, (max-width: 1024px) 100vw, 1024px\" \/>\n<div class=\"gpi_signature_title_tech\">\n<h1>Gpi4Med.CRITICALCARE<\/h1>\n<\/div>\n<\/div>\n<div class=\"col-12 col-md-6\">\n<div class=\"asa-symbol\"><img loading=\"lazy\" decoding=\"async\" class=\"alignnone size-medium wp-image-3055\" role=\"img\" src=\"https:\/\/www.gpigroup.com\/app\/uploads\/\/2019\/03\/Software-1.svg\" alt=\"\" width=\"24\" height=\"24\" \/>\u00a0SOFTWARE<\/div>\n<\/div>\n<\/div>\n<p>[\/vc_column_text][\/vc_column_inner][\/vc_row_inner][vc_row_inner el_class=&#8221;bl-body&#8221;][vc_column_inner width=&#8221;1\/3&#8243;][vc_column_text]<img loading=\"lazy\" decoding=\"async\" width=\"1024\" height=\"576\" src=\"https:\/\/www.gpigroup.com\/app\/uploads\/2019\/05\/asa_software.jpg\" class=\"asa-image rounded-circle d-md-inline d-none\" alt=\"GPI Software\" srcset=\"https:\/\/www.gpigroup.com\/app\/uploads\/2019\/05\/asa_software.jpg 1024w, https:\/\/www.gpigroup.com\/app\/uploads\/2019\/05\/asa_software-300x169.jpg 300w, https:\/\/www.gpigroup.com\/app\/uploads\/2019\/05\/asa_software-768x432.jpg 768w\" sizes=\"auto, (max-width: 1024px) 100vw, 1024px\" \/>[\/vc_column_text][\/vc_column_inner][vc_column_inner width=&#8221;2\/3&#8243;][vc_column_text el_class=&#8221;entice&#8221;]<\/p>\n<h2>Gpi4Med.CRITICALCARE es un conjunto de software para la gesti\u00f3n optimizada y segura de la anestesia, cuidados intensivos y quir\u00f3fanos.<\/h2>\n<p>[\/vc_column_text][\/vc_column_inner][\/vc_row_inner][vc_row_inner][vc_column_inner width=&#8221;1\/3&#8243;][\/vc_column_inner][vc_column_inner width=&#8221;2\/3&#8243;][vc_column_text]<span style=\"font-weight: 400;\"><strong>Gpi4Med.CRITICALCARE<\/strong> incluye las siguientes soluciones de software:<\/span><\/p>\n<ul>\n<li><span style=\"font-weight: 400;\"><strong>Intensive<\/strong>: Soluci\u00f3n de software especializada para Unidades de Cuidados Intensivos: reanimaci\u00f3n, cuidados intensivos y servicios de cuidados continuos<\/span><\/li>\n<li><span style=\"font-weight: 400;\"><strong>Anesthesia<\/strong>: Sistema Integrado de Gesti\u00f3n de Informaci\u00f3n de Anestesia, desde la primera cita hasta el alta del paciente<\/span><\/li>\n<li><span style=\"font-weight: 400;\"><strong>OpRoom:<\/strong> Soluci\u00f3n modular para la gesti\u00f3n integral del proceso quir\u00fargico, incluida la planificaci\u00f3n de recursos, monitorizaci\u00f3n de pacientes, trazabilidad y sellado de tiempo, informes y estad\u00edsticas<\/span><\/li>\n<li><span style=\"font-weight: 400;\"><strong>ImageSI<\/strong>: El sistema de informaci\u00f3n innovador, completo y avanzado para la integraci\u00f3n digital del quir\u00f3fano<\/span><\/li>\n<\/ul>\n<p><span style=\"font-weight: 400;\"><strong>Gpi4Med.CRITICALCARE<\/strong> es una l\u00ednea de productos vertical de Gpi4Med Suite, la suite de software para dispositivos m\u00e9dicos para todos los servicios de diagn\u00f3stico, gesti\u00f3n de sangre, cuidados cr\u00edticos y telemedicina, establecida por Gpi basada en la estrategia global del Grupo, ofreciendo las mejores funcionalidades y tecnolog\u00edas en el marco de la Salud Digital.<\/span><\/p>\n<h3>WEB &amp; CLOUD<\/h3>\n<p>Todas las soluciones est\u00e1n basadas en la web y habilitadas en la nube, lo que permite<\/p>\n<ul>\n<li>alta escalabilidad<\/li>\n<li>ciberseguridad<\/li>\n<li>continuidad del negocio<\/li>\n<li>facilidad de uso<\/li>\n<li>apertura e interoperabilidad<\/li>\n<\/ul>\n<h3>ENFOQUE GLOBAL Y EXPERIENCIA EN SALUD DIGITAL<\/h3>\n<p>Todas las soluciones son multiling\u00fces y est\u00e1n instaladas en m\u00e1s de 70 pa\u00edses en todo el mundo. Esto nos ha permitido garantizar a nuestros clientes una experiencia y madurez globales, as\u00ed como proximidad a trav\u00e9s de nuestros socios locales y equipos de soporte en todo el mundo.<\/p>\n<h3>CERTIFICACI\u00d3N MD &amp; INTEGRACI\u00d3N<\/h3>\n<p>Adem\u00e1s de estar autorizadas por MD, todas las soluciones de la Suite Gpi4Med pueden integrarse con cualquier tipo de dispositivo m\u00e9dico. Nuestros procesos y productos certificados, incluidas las f\u00e1bricas de software certificadas, garantizan una alta fiabilidad, especialmente en t\u00e9rminos de minimizaci\u00f3n del riesgo cl\u00ednico.<\/p>\n<h3>CARACTER\u00cdSTICAS INTEGRADAS DE IA<\/h3>\n<p>Gpi4Med Suite se basa en la mejor tecnolog\u00eda de su clase y en caracter\u00edsticas integradas de IA para el procesamiento avanzado de im\u00e1genes 3D, an\u00e1lisis de im\u00e1genes y soporte diagn\u00f3stico, predicci\u00f3n y gesti\u00f3n de la poblaci\u00f3n.[\/vc_column_text][\/vc_column_inner][\/vc_row_inner][\/vc_column][\/vc_row]<\/p>\n[vc_row full_width=\"stretch_row\" el_class=\"vision mb-0 gpi-orange-bg\"][vc_column offset=\"vc_col-lg-3 vc_col-xs-12\"][vc_column_text]\n<h4>Contact our sales team<\/h4>[\/vc_column_text][\/vc_column][vc_column width=\"3\/4\" offset=\"vc_col-lg-offset-0 vc_col-sm-offset-3 vc_col-xs-12\"][vc_raw_html]JTVCY29udGFjdC1mb3JtLTclMjBpZCUzRCUyMjg1NDc5JTIyJTIwdGl0bGUlM0QlMjJCdXNpbmVzcyUyMGxpbmUlMjBmb3JtJTIyJTIwaHRtbF9pZCUzRCUyMmdwaS1jb250YWN0LWZvcm0lMjIlNUQ=[\/vc_raw_html][\/vc_column][\/vc_row]<\/div>","protected":false},"excerpt":{"rendered":"<p>[vc_row full_width=&#8221;stretch_row&#8221; el_class=&#8221;text-row my-0&#8243;][vc_column][vc_row_inner][vc_column_inner][vc_column_text] Gpi4Med.CRITICALCARE \u00a0SOFTWARE [\/vc_column_text][\/vc_column_inner][\/vc_row_inner][vc_row_inner el_class=&#8221;bl-body&#8221;][vc_column_inner width=&#8221;1\/3&#8243;][vc_column_text][\/vc_column_text][\/vc_column_inner][vc_column_inner width=&#8221;2\/3&#8243;][vc_column_text el_class=&#8221;entice&#8221;] Gpi4Med.CRITICALCARE es un conjunto de software para la gesti\u00f3n optimizada y segura de la anestesia, cuidados intensivos y quir\u00f3fanos. [\/vc_column_text][\/vc_column_inner][\/vc_row_inner][vc_row_inner][vc_column_inner width=&#8221;1\/3&#8243;][\/vc_column_inner][vc_column_inner width=&#8221;2\/3&#8243;][vc_column_text]Gpi4Med.CRITICALCARE incluye las siguientes soluciones de software: Intensive: Soluci\u00f3n de software especializada para Unidades de Cuidados Intensivos: reanimaci\u00f3n, cuidados intensivos y servicios de<\/p>\n","protected":false},"author":7,"featured_media":5153,"parent":0,"menu_order":0,"comment_status":"closed","ping_status":"closed","template":"","meta":{"footnotes":""},"class_list":["post-150308","page","type-page","status-publish","has-post-thumbnail","hentry","section-offerta","business_line-software"],"yoast_head":"<!-- This site is optimized with the Yoast SEO plugin v27.1.1 - https:\/\/yoast.com\/product\/yoast-seo-wordpress\/ -->\n<title>Gpi4Med.CRITICALCARE<\/title>\n<meta name=\"description\" content=\"Gpi4Med.CRITICALCARE es un conjunto de software para la gesti\u00f3n optimizada y segura de la anestesia, cuidados intensivos y quir\u00f3fanos.\" \/>\n<meta name=\"robots\" content=\"index, follow, max-snippet:-1, max-image-preview:large, max-video-preview:-1\" \/>\n<link rel=\"canonical\" href=\"https:\/\/www.gpigroup.com\/es\/gpi4med-criticalcare\/\" \/>\n<meta property=\"og:locale\" content=\"es_ES\" \/>\n<meta property=\"og:type\" content=\"article\" \/>\n<meta property=\"og:title\" content=\"Gpi4Med.CRITICALCARE\" \/>\n<meta property=\"og:description\" content=\"Gpi4Med.CRITICALCARE es un conjunto de software para la gesti\u00f3n optimizada y segura de la anestesia, cuidados intensivos y quir\u00f3fanos.\" \/>\n<meta property=\"og:url\" content=\"https:\/\/www.gpigroup.com\/es\/gpi4med-criticalcare\/\" \/>\n<meta property=\"og:site_name\" content=\"GPI\" \/>\n<meta property=\"article:publisher\" content=\"https:\/\/www.facebook.com\/GruppoGPI\/\" \/>\n<meta property=\"article:modified_time\" content=\"2024-10-22T09:19:21+00:00\" \/>\n<meta property=\"og:image\" content=\"https:\/\/www.gpigroup.com\/app\/uploads\/2019\/04\/og-link-preview-1.png\" \/>\n\t<meta property=\"og:image:width\" content=\"1366\" \/>\n\t<meta property=\"og:image:height\" content=\"768\" \/>\n\t<meta property=\"og:image:type\" content=\"image\/png\" \/>\n<meta name=\"twitter:card\" content=\"summary_large_image\" \/>\n<meta name=\"twitter:label1\" content=\"Est. reading time\" \/>\n\t<meta name=\"twitter:data1\" content=\"3 minutes\" \/>\n<script type=\"application\/ld+json\" class=\"yoast-schema-graph\">{\"@context\":\"https:\/\/schema.org\",\"@graph\":[{\"@type\":\"WebPage\",\"@id\":\"https:\/\/www.gpigroup.com\/es\/gpi4med-criticalcare\/\",\"url\":\"https:\/\/www.gpigroup.com\/es\/gpi4med-criticalcare\/\",\"name\":\"Gpi4Med.CRITICALCARE\",\"isPartOf\":{\"@id\":\"https:\/\/www.gpigroup.com\/es\/#website\"},\"primaryImageOfPage\":{\"@id\":\"https:\/\/www.gpigroup.com\/es\/gpi4med-criticalcare\/#primaryimage\"},\"image\":{\"@id\":\"https:\/\/www.gpigroup.com\/es\/gpi4med-criticalcare\/#primaryimage\"},\"thumbnailUrl\":\"https:\/\/www.gpigroup.com\/app\/uploads\/2019\/04\/og-link-preview-1.png\",\"datePublished\":\"2024-05-20T20:35:23+00:00\",\"dateModified\":\"2024-10-22T09:19:21+00:00\",\"description\":\"Gpi4Med.CRITICALCARE es un conjunto de software para la gesti\u00f3n optimizada y segura de la anestesia, cuidados intensivos y quir\u00f3fanos.\",\"breadcrumb\":{\"@id\":\"https:\/\/www.gpigroup.com\/es\/gpi4med-criticalcare\/#breadcrumb\"},\"inLanguage\":\"es-ES\",\"potentialAction\":[{\"@type\":\"ReadAction\",\"target\":[\"https:\/\/www.gpigroup.com\/es\/gpi4med-criticalcare\/\"]}]},{\"@type\":\"ImageObject\",\"inLanguage\":\"es-ES\",\"@id\":\"https:\/\/www.gpigroup.com\/es\/gpi4med-criticalcare\/#primaryimage\",\"url\":\"https:\/\/www.gpigroup.com\/app\/uploads\/2019\/04\/og-link-preview-1.png\",\"contentUrl\":\"https:\/\/www.gpigroup.com\/app\/uploads\/2019\/04\/og-link-preview-1.png\",\"width\":1366,\"height\":768,\"caption\":\"GPI link preview\"},{\"@type\":\"BreadcrumbList\",\"@id\":\"https:\/\/www.gpigroup.com\/es\/gpi4med-criticalcare\/#breadcrumb\",\"itemListElement\":[{\"@type\":\"ListItem\",\"position\":1,\"name\":\"Home\",\"item\":\"https:\/\/www.gpigroup.com\/es\/\"},{\"@type\":\"ListItem\",\"position\":2,\"name\":\"OLD_Gpi4Med.CRITICALCARE\"}]},{\"@type\":\"WebSite\",\"@id\":\"https:\/\/www.gpigroup.com\/es\/#website\",\"url\":\"https:\/\/www.gpigroup.com\/es\/\",\"name\":\"GPI\",\"description\":\"The Healthcare Partner\",\"publisher\":{\"@id\":\"https:\/\/www.gpigroup.com\/es\/#organization\"},\"potentialAction\":[{\"@type\":\"SearchAction\",\"target\":{\"@type\":\"EntryPoint\",\"urlTemplate\":\"https:\/\/www.gpigroup.com\/es\/?s={search_term_string}\"},\"query-input\":{\"@type\":\"PropertyValueSpecification\",\"valueRequired\":true,\"valueName\":\"search_term_string\"}}],\"inLanguage\":\"es-ES\"},{\"@type\":\"Organization\",\"@id\":\"https:\/\/www.gpigroup.com\/es\/#organization\",\"name\":\"GPI S.p.A.\",\"url\":\"https:\/\/www.gpigroup.com\/es\/\",\"logo\":{\"@type\":\"ImageObject\",\"inLanguage\":\"es-ES\",\"@id\":\"https:\/\/www.gpigroup.com\/es\/#\/schema\/logo\/image\/\",\"url\":\"https:\/\/www.gpigroup.com\/app\/uploads\/2023\/03\/logo-GPI-2019-1.jpg\",\"contentUrl\":\"https:\/\/www.gpigroup.com\/app\/uploads\/2023\/03\/logo-GPI-2019-1.jpg\",\"width\":1946,\"height\":1945,\"caption\":\"GPI S.p.A.\"},\"image\":{\"@id\":\"https:\/\/www.gpigroup.com\/es\/#\/schema\/logo\/image\/\"},\"sameAs\":[\"https:\/\/www.facebook.com\/GruppoGPI\/\",\"https:\/\/www.linkedin.com\/company\/gpi-spa\",\"http:\/\/www.youtube.com\/user\/GruppoGPI\"]}]}<\/script>\n<!-- \/ Yoast SEO plugin. -->","yoast_head_json":{"title":"Gpi4Med.CRITICALCARE","description":"Gpi4Med.CRITICALCARE es un conjunto de software para la gesti\u00f3n optimizada y segura de la anestesia, cuidados intensivos y quir\u00f3fanos.","robots":{"index":"index","follow":"follow","max-snippet":"max-snippet:-1","max-image-preview":"max-image-preview:large","max-video-preview":"max-video-preview:-1"},"canonical":"https:\/\/www.gpigroup.com\/es\/gpi4med-criticalcare\/","og_locale":"es_ES","og_type":"article","og_title":"Gpi4Med.CRITICALCARE","og_description":"Gpi4Med.CRITICALCARE es un conjunto de software para la gesti\u00f3n optimizada y segura de la anestesia, cuidados intensivos y quir\u00f3fanos.","og_url":"https:\/\/www.gpigroup.com\/es\/gpi4med-criticalcare\/","og_site_name":"GPI","article_publisher":"https:\/\/www.facebook.com\/GruppoGPI\/","article_modified_time":"2024-10-22T09:19:21+00:00","og_image":[{"width":1366,"height":768,"url":"https:\/\/www.gpigroup.com\/app\/uploads\/2019\/04\/og-link-preview-1.png","type":"image\/png"}],"twitter_card":"summary_large_image","twitter_misc":{"Est. reading time":"3 minutes"},"schema":{"@context":"https:\/\/schema.org","@graph":[{"@type":"WebPage","@id":"https:\/\/www.gpigroup.com\/es\/gpi4med-criticalcare\/","url":"https:\/\/www.gpigroup.com\/es\/gpi4med-criticalcare\/","name":"Gpi4Med.CRITICALCARE","isPartOf":{"@id":"https:\/\/www.gpigroup.com\/es\/#website"},"primaryImageOfPage":{"@id":"https:\/\/www.gpigroup.com\/es\/gpi4med-criticalcare\/#primaryimage"},"image":{"@id":"https:\/\/www.gpigroup.com\/es\/gpi4med-criticalcare\/#primaryimage"},"thumbnailUrl":"https:\/\/www.gpigroup.com\/app\/uploads\/2019\/04\/og-link-preview-1.png","datePublished":"2024-05-20T20:35:23+00:00","dateModified":"2024-10-22T09:19:21+00:00","description":"Gpi4Med.CRITICALCARE es un conjunto de software para la gesti\u00f3n optimizada y segura de la anestesia, cuidados intensivos y quir\u00f3fanos.","breadcrumb":{"@id":"https:\/\/www.gpigroup.com\/es\/gpi4med-criticalcare\/#breadcrumb"},"inLanguage":"es-ES","potentialAction":[{"@type":"ReadAction","target":["https:\/\/www.gpigroup.com\/es\/gpi4med-criticalcare\/"]}]},{"@type":"ImageObject","inLanguage":"es-ES","@id":"https:\/\/www.gpigroup.com\/es\/gpi4med-criticalcare\/#primaryimage","url":"https:\/\/www.gpigroup.com\/app\/uploads\/2019\/04\/og-link-preview-1.png","contentUrl":"https:\/\/www.gpigroup.com\/app\/uploads\/2019\/04\/og-link-preview-1.png","width":1366,"height":768,"caption":"GPI link preview"},{"@type":"BreadcrumbList","@id":"https:\/\/www.gpigroup.com\/es\/gpi4med-criticalcare\/#breadcrumb","itemListElement":[{"@type":"ListItem","position":1,"name":"Home","item":"https:\/\/www.gpigroup.com\/es\/"},{"@type":"ListItem","position":2,"name":"OLD_Gpi4Med.CRITICALCARE"}]},{"@type":"WebSite","@id":"https:\/\/www.gpigroup.com\/es\/#website","url":"https:\/\/www.gpigroup.com\/es\/","name":"GPI","description":"The Healthcare Partner","publisher":{"@id":"https:\/\/www.gpigroup.com\/es\/#organization"},"potentialAction":[{"@type":"SearchAction","target":{"@type":"EntryPoint","urlTemplate":"https:\/\/www.gpigroup.com\/es\/?s={search_term_string}"},"query-input":{"@type":"PropertyValueSpecification","valueRequired":true,"valueName":"search_term_string"}}],"inLanguage":"es-ES"},{"@type":"Organization","@id":"https:\/\/www.gpigroup.com\/es\/#organization","name":"GPI S.p.A.","url":"https:\/\/www.gpigroup.com\/es\/","logo":{"@type":"ImageObject","inLanguage":"es-ES","@id":"https:\/\/www.gpigroup.com\/es\/#\/schema\/logo\/image\/","url":"https:\/\/www.gpigroup.com\/app\/uploads\/2023\/03\/logo-GPI-2019-1.jpg","contentUrl":"https:\/\/www.gpigroup.com\/app\/uploads\/2023\/03\/logo-GPI-2019-1.jpg","width":1946,"height":1945,"caption":"GPI S.p.A."},"image":{"@id":"https:\/\/www.gpigroup.com\/es\/#\/schema\/logo\/image\/"},"sameAs":["https:\/\/www.facebook.com\/GruppoGPI\/","https:\/\/www.linkedin.com\/company\/gpi-spa","http:\/\/www.youtube.com\/user\/GruppoGPI"]}]}},"_links":{"self":[{"href":"https:\/\/www.gpigroup.com\/es\/wp-json\/wp\/v2\/pages\/150308","targetHints":{"allow":["GET"]}}],"collection":[{"href":"https:\/\/www.gpigroup.com\/es\/wp-json\/wp\/v2\/pages"}],"about":[{"href":"https:\/\/www.gpigroup.com\/es\/wp-json\/wp\/v2\/types\/page"}],"author":[{"embeddable":true,"href":"https:\/\/www.gpigroup.com\/es\/wp-json\/wp\/v2\/users\/7"}],"replies":[{"embeddable":true,"href":"https:\/\/www.gpigroup.com\/es\/wp-json\/wp\/v2\/comments?post=150308"}],"version-history":[{"count":2,"href":"https:\/\/www.gpigroup.com\/es\/wp-json\/wp\/v2\/pages\/150308\/revisions"}],"predecessor-version":[{"id":157284,"href":"https:\/\/www.gpigroup.com\/es\/wp-json\/wp\/v2\/pages\/150308\/revisions\/157284"}],"wp:featuredmedia":[{"embeddable":true,"href":"https:\/\/www.gpigroup.com\/es\/wp-json\/wp\/v2\/media\/5153"}],"wp:attachment":[{"href":"https:\/\/www.gpigroup.com\/es\/wp-json\/wp\/v2\/media?parent=150308"}],"curies":[{"name":"wp","href":"https:\/\/api.w.org\/{rel}","templated":true}]}}