{"id":145899,"date":"2023-07-28T14:00:03","date_gmt":"2023-07-28T12:00:03","guid":{"rendered":"https:\/\/www.gpigroup.com\/?page_id=145899"},"modified":"2024-04-15T09:36:00","modified_gmt":"2024-04-15T07:36:00","slug":"politica-certificacion","status":"publish","type":"page","link":"https:\/\/www.gpigroup.com\/es\/politica-certificacion\/","title":{"rendered":"Pol\u00edtica y certificaci\u00f3n"},"content":{"rendered":"<div class=\"wpb-content-wrapper\"><p>[vc_row full_width=&#8221;stretch_row&#8221; css=&#8221;.vc_custom_1681545277642{padding-top: 80px !important;padding-bottom: 200px !important;background-image: url(https:\/\/www.gpigroup.com\/app\/uploads\/2023\/02\/eventi_544211138-DT-1.jpg?id=95151) !important;background-position: center !important;background-repeat: no-repeat !important;background-size: cover !important;}&#8221; el_class=&#8221;governance-hs&#8221;][vc_column][vc_column_text el_class=&#8221;title-hero-sections&#8221;]<\/p>\n<h1>Pol\u00edtica y certificaci\u00f3n<\/h1>\n<p>[\/vc_column_text][vc_column_text el_class=&#8221;description-hero-sections&#8221;]El Grupo GPI y Gpi Iberia consideramos el compromiso con la Calidad a todos los niveles una piedra angular de nuestra estrategia. Operar de conformidad con las normas y respetar la legalidad es un valor fundamental, al igual que el aspecto social de la empresa y las responsabilidades que de ello se derivan.[\/vc_column_text][\/vc_column][\/vc_row][vc_row full_width=&#8221;stretch_row_content_no_spaces&#8221; el_class=&#8221;top-tabs-row events-page&#8221;][vc_column][vc_tta_tabs active_section=&#8221;1&#8243; el_class=&#8221;custom-tabs background-orange-transparent&#8221;][vc_tta_section title=&#8221;CERTIFICACI\u00d3N&#8221; tab_id=&#8221;1663938128807-b5e13881-d9eb&#8221; el_class=&#8221;tab-content&#8221;][vc_column_text]<\/p>\n<div class=\"icon_dot_orange\">\n<h4>Calidad<\/h4>\n<\/div>\n<p>[\/vc_column_text][vc_column_text]<\/p>\n<div class=\"collapsable-section collapsed\" data-toggle=\"collapse\" data-target=\"#qualita-content\">Gpi Iberia considera que el compromiso con la calidad a todos los niveles es una piedra angular de su estrategia. Uno de nuestros principios rectores es: &#8220;El \u00e9xito de la empresa y la satisfacci\u00f3n de sus clientes dependen de la calidad de los productos y servicios ofrecidos&#8221;. GPI Iberia ha obtenido la Certificaci\u00f3n de Calidad seg\u00fan la norma UNI EN ISO 9001:2015.<\/div>\n<p>[\/vc_column_text][vc_row_inner disable_element=&#8221;yes&#8221; el_class=&#8221;border-bottom pt-3&#8243; el_id=&#8221;qualita-content&#8221;][vc_column_inner][vc_basic_grid post_type=&#8221;document&#8221; max_items=&#8221;-1&#8243; style=&#8221;load-more&#8221; element_width=&#8221;12&#8243; gap=&#8221;0&#8243; item=&#8221;133389&#8243; btn_title=&#8221;Carica eventi precedenti&#8221; grid_id=&#8221;vc_gid:1713166486882-6356b20d-fe4d-6&#8243; taxonomies=&#8221;159&#8243; el_id=&#8221;qualita-content&#8221;][\/vc_column_inner][\/vc_row_inner][vc_column_text][\/vc_column_text][vc_row_inner disable_element=&#8221;yes&#8221; el_class=&#8221;collapse&#8221; el_id=&#8221;social-content&#8221;][vc_column_inner][vc_basic_grid post_type=&#8221;document&#8221; max_items=&#8221;-1&#8243; element_width=&#8221;12&#8243; gap=&#8221;0&#8243; item=&#8221;133389&#8243; grid_id=&#8221;vc_gid:1713166486883-a493fa5a-0caf-7&#8243; taxonomies=&#8221;324&#8243;][\/vc_column_inner][\/vc_row_inner][vc_row_inner disable_element=&#8221;yes&#8221; el_class=&#8221;collapse&#8221; el_id=&#8221;parit\u00e0-genere&#8221;][vc_column_inner][vc_basic_grid post_type=&#8221;document&#8221; max_items=&#8221;-1&#8243; element_width=&#8221;12&#8243; gap=&#8221;0&#8243; item=&#8221;133389&#8243; grid_id=&#8221;vc_gid:1713166486884-2f0dc443-e6bf-2&#8243; taxonomies=&#8221;2069&#8243;][\/vc_column_inner][\/vc_row_inner][vc_column_text el_class=&#8221;border-top pt-5&#8243;]<\/p>\n<div class=\"icon_dot_orange\">\n<h4>Antisoborno<\/h4>\n<\/div>\n<p>[\/vc_column_text][vc_column_text]<\/p>\n<div class=\"collapsable-section collapsed\" data-toggle=\"collapse\" data-target=\"#anticorruzione-content\">Operar de forma legal y conforme a la ley es un valor fundamental para el Grupo GPI y Gpi Iberia. Nuestros sistemas de gesti\u00f3n de procedimientos, tanto internos como externos, apoyan y fomentan la construcci\u00f3n de una cultura de integridad, transparencia y cumplimiento dirigida a prevenir y combatir la corrupci\u00f3n.<\/div>\n<p>[\/vc_column_text][vc_row_inner disable_element=&#8221;yes&#8221; el_id=&#8221;anticorruzione-content&#8221; el_class=&#8221;collapse&#8221;][vc_column_inner][vc_basic_grid post_type=&#8221;document&#8221; max_items=&#8221;-1&#8243; element_width=&#8221;12&#8243; gap=&#8221;0&#8243; item=&#8221;133389&#8243; grid_id=&#8221;vc_gid:1713166486884-08c2c718-75a1-7&#8243; taxonomies=&#8221;160&#8243;][\/vc_column_inner][\/vc_row_inner][vc_row_inner disable_element=&#8221;yes&#8221; el_class=&#8221;collapse&#8221; el_id=&#8221;family-content&#8221;][vc_column_inner][vc_basic_grid post_type=&#8221;document&#8221; max_items=&#8221;-1&#8243; element_width=&#8221;12&#8243; gap=&#8221;0&#8243; item=&#8221;133389&#8243; grid_id=&#8221;vc_gid:1713166486885-f3260cbe-f72b-0&#8243; taxonomies=&#8221;161&#8243;][\/vc_column_inner][\/vc_row_inner][vc_row_inner disable_element=&#8221;yes&#8221; el_id=&#8221;rating-content&#8221; el_class=&#8221;collapse&#8221;][vc_column_inner][vc_column_text]<a class=\"icon-link\" href=\"https:\/\/www.gpigroup.com\/news\/document\/cerved-rating-agency-conferma-il-rating-pubblico-di-gpi-a-a3-1-3\/\" target=\"_blank\" rel=\"noopener\">Vai alla sezione Rating<\/a>[\/vc_column_text][\/vc_column_inner][\/vc_row_inner][vc_row_inner disable_element=&#8221;yes&#8221; el_class=&#8221;collapse&#8221; el_id=&#8221;sicurezza-content&#8221;][vc_column_inner][vc_basic_grid post_type=&#8221;document&#8221; max_items=&#8221;-1&#8243; element_width=&#8221;12&#8243; gap=&#8221;0&#8243; item=&#8221;133389&#8243; grid_id=&#8221;vc_gid:1713166486885-deb97792-09f6-7&#8243; taxonomies=&#8221;162&#8243;][\/vc_column_inner][\/vc_row_inner][vc_row_inner disable_element=&#8221;yes&#8221; el_class=&#8221;collapse&#8221; el_id=&#8221;informazioni-content&#8221;][vc_column_inner][vc_basic_grid post_type=&#8221;document&#8221; max_items=&#8221;-1&#8243; element_width=&#8221;12&#8243; gap=&#8221;0&#8243; item=&#8221;133389&#8243; grid_id=&#8221;vc_gid:1713166486886-d3f6b439-ecf9-5&#8243; taxonomies=&#8221;163&#8243;][\/vc_column_inner][\/vc_row_inner][vc_row_inner disable_element=&#8221;yes&#8221; el_class=&#8221;collapse&#8221; el_id=&#8221;servizi-content&#8221;][vc_column_inner][vc_basic_grid post_type=&#8221;document&#8221; max_items=&#8221;-1&#8243; element_width=&#8221;12&#8243; gap=&#8221;0&#8243; item=&#8221;133389&#8243; grid_id=&#8221;vc_gid:1713166486887-9d34afb3-c094-5&#8243; taxonomies=&#8221;164&#8243;][\/vc_column_inner][\/vc_row_inner][vc_row_inner disable_element=&#8221;yes&#8221; el_class=&#8221;collapse&#8221; el_id=&#8221;center-content&#8221;][vc_column_inner][vc_basic_grid post_type=&#8221;document&#8221; max_items=&#8221;-1&#8243; element_width=&#8221;12&#8243; gap=&#8221;0&#8243; item=&#8221;133389&#8243; grid_id=&#8221;vc_gid:1713166486887-f6acc064-735a-10&#8243; taxonomies=&#8221;165&#8243;][\/vc_column_inner][\/vc_row_inner][vc_row_inner disable_element=&#8221;yes&#8221; el_class=&#8221;collapse&#8221; el_id=&#8221;dispositivi-content&#8221;][vc_column_inner][vc_basic_grid post_type=&#8221;document&#8221; max_items=&#8221;-1&#8243; element_width=&#8221;12&#8243; gap=&#8221;0&#8243; item=&#8221;133389&#8243; grid_id=&#8221;vc_gid:1713166486888-e8e303d4-78f1-10&#8243; taxonomies=&#8221;166&#8243;][\/vc_column_inner][\/vc_row_inner][vc_row_inner disable_element=&#8221;yes&#8221; el_class=&#8221;collapse&#8221; el_id=&#8221;operativa-content&#8221;][vc_column_inner][vc_basic_grid post_type=&#8221;document&#8221; max_items=&#8221;-1&#8243; element_width=&#8221;12&#8243; gap=&#8221;0&#8243; item=&#8221;133389&#8243; grid_id=&#8221;vc_gid:1713166486889-1544d41c-2dac-5&#8243; taxonomies=&#8221;559&#8243;][\/vc_column_inner][\/vc_row_inner][\/vc_tta_section][vc_tta_section title=&#8221;POL\u00cdTICA&#8221; tab_id=&#8221;1663938128810-57e9eece-63d5&#8243; el_class=&#8221;tab-content&#8221;][vc_column_text]<\/p>\n<div class=\"icon_dot_orange\">\n<h4>Pol\u00edtica<\/h4>\n<\/div>\n<p>[\/vc_column_text][vc_column_text el_class=&#8221;fs-14&#8243;]Pol\u00edtica de calidad y antisoborno.[\/vc_column_text][vc_basic_grid post_type=&#8221;document&#8221; max_items=&#8221;-1&#8243; element_width=&#8221;12&#8243; gap=&#8221;0&#8243; item=&#8221;133389&#8243; grid_id=&#8221;vc_gid:1713166486890-71b1d88f-828f-7&#8243; taxonomies=&#8221;339&#8243; el_class=&#8221;attachments-with-description button-events&#8221;][vc_column_text el_class=&#8221;fs-14&#8243;][\/vc_column_text][\/vc_tta_section][\/vc_tta_tabs][\/vc_column][\/vc_row][vc_row full_width=&#8221;stretch_row&#8221; disable_element=&#8221;yes&#8221; css=&#8221;.vc_custom_1690559727679{background-color: #82027e !important;}&#8221; el_class=&#8221;vision mb-0&#8243;][vc_column width=&#8221;7\/12&#8243;][\/vc_column][vc_column width=&#8221;5\/12&#8243;][vc_column_text]<\/p>\n<p style=\"text-align: right;\"><a class=\"btn call-to-action\" href=\"\/governance\">GPI Governance<\/a><\/p>\n<p>[\/vc_column_text][\/vc_column][\/vc_row]<\/p>\n<\/div>","protected":false},"excerpt":{"rendered":"<p>[vc_row full_width=&#8221;stretch_row&#8221; css=&#8221;.vc_custom_1681545277642{padding-top: 80px !important;padding-bottom: 200px !important;background-image: url(https:\/\/www.gpigroup.com\/app\/uploads\/2023\/02\/eventi_544211138-DT-1.jpg?id=95151) !important;background-position: center !important;background-repeat: no-repeat !important;background-size: cover !important;}&#8221; el_class=&#8221;governance-hs&#8221;][vc_column][vc_column_text el_class=&#8221;title-hero-sections&#8221;] Pol\u00edtica y certificaci\u00f3n [\/vc_column_text][vc_column_text el_class=&#8221;description-hero-sections&#8221;]El Grupo GPI y Gpi Iberia consideramos el compromiso con la Calidad a todos los niveles una piedra angular de nuestra estrategia. Operar de conformidad con las normas y respetar la legalidad es un<\/p>\n","protected":false},"author":7,"featured_media":68633,"parent":0,"menu_order":2,"comment_status":"closed","ping_status":"closed","template":"","meta":{"footnotes":""},"class_list":["post-145899","page","type-page","status-publish","has-post-thumbnail","hentry","section-chi-siamo"],"yoast_head":"<!-- This site is optimized with the Yoast SEO plugin v27.1.1 - https:\/\/yoast.com\/product\/yoast-seo-wordpress\/ -->\n<title>Pol\u00edtica y certificaci\u00f3n | GPI<\/title>\n<meta name=\"robots\" content=\"index, follow, max-snippet:-1, max-image-preview:large, max-video-preview:-1\" \/>\n<link rel=\"canonical\" href=\"https:\/\/www.gpigroup.com\/es\/politica-certificacion\/\" \/>\n<meta property=\"og:locale\" content=\"es_ES\" \/>\n<meta property=\"og:type\" content=\"article\" \/>\n<meta property=\"og:title\" content=\"Pol\u00edtica y certificaci\u00f3n | GPI\" \/>\n<meta property=\"og:description\" content=\"[vc_row full_width=&#8221;stretch_row&#8221; css=&#8221;.vc_custom_1681545277642{padding-top: 80px !important;padding-bottom: 200px !important;background-image: url(https:\/\/www.gpigroup.com\/app\/uploads\/2023\/02\/eventi_544211138-DT-1.jpg?id=95151) !important;background-position: center !important;background-repeat: no-repeat !important;background-size: cover !important;}&#8221; el_class=&#8221;governance-hs&#8221;][vc_column][vc_column_text el_class=&#8221;title-hero-sections&#8221;] Pol\u00edtica y certificaci\u00f3n [\/vc_column_text][vc_column_text el_class=&#8221;description-hero-sections&#8221;]El Grupo GPI y Gpi Iberia consideramos el compromiso con la Calidad a todos los niveles una piedra angular de nuestra estrategia. Operar de conformidad con las normas y respetar la legalidad es un\" \/>\n<meta property=\"og:url\" content=\"https:\/\/www.gpigroup.com\/es\/politica-certificacion\/\" \/>\n<meta property=\"og:site_name\" content=\"GPI\" \/>\n<meta property=\"article:publisher\" content=\"https:\/\/www.facebook.com\/GruppoGPI\/\" \/>\n<meta property=\"article:modified_time\" content=\"2024-04-15T07:36:00+00:00\" \/>\n<meta property=\"og:image\" content=\"https:\/\/www.gpigroup.com\/app\/uploads\/2019\/04\/og-link-preview-1.png\" \/>\n\t<meta property=\"og:image:width\" content=\"1366\" \/>\n\t<meta property=\"og:image:height\" content=\"768\" \/>\n\t<meta property=\"og:image:type\" content=\"image\/png\" \/>\n<meta name=\"twitter:card\" content=\"summary_large_image\" \/>\n<meta name=\"twitter:label1\" content=\"Est. reading time\" \/>\n\t<meta name=\"twitter:data1\" content=\"2 minutes\" \/>\n<script type=\"application\/ld+json\" class=\"yoast-schema-graph\">{\"@context\":\"https:\/\/schema.org\",\"@graph\":[{\"@type\":\"WebPage\",\"@id\":\"https:\/\/www.gpigroup.com\/es\/politica-certificacion\/\",\"url\":\"https:\/\/www.gpigroup.com\/es\/politica-certificacion\/\",\"name\":\"Pol\u00edtica y certificaci\u00f3n | GPI\",\"isPartOf\":{\"@id\":\"https:\/\/www.gpigroup.com\/es\/#website\"},\"primaryImageOfPage\":{\"@id\":\"https:\/\/www.gpigroup.com\/es\/politica-certificacion\/#primaryimage\"},\"image\":{\"@id\":\"https:\/\/www.gpigroup.com\/es\/politica-certificacion\/#primaryimage\"},\"thumbnailUrl\":\"https:\/\/www.gpigroup.com\/app\/uploads\/2019\/04\/og-link-preview-1.png\",\"datePublished\":\"2023-07-28T12:00:03+00:00\",\"dateModified\":\"2024-04-15T07:36:00+00:00\",\"breadcrumb\":{\"@id\":\"https:\/\/www.gpigroup.com\/es\/politica-certificacion\/#breadcrumb\"},\"inLanguage\":\"es-ES\",\"potentialAction\":[{\"@type\":\"ReadAction\",\"target\":[\"https:\/\/www.gpigroup.com\/es\/politica-certificacion\/\"]}]},{\"@type\":\"ImageObject\",\"inLanguage\":\"es-ES\",\"@id\":\"https:\/\/www.gpigroup.com\/es\/politica-certificacion\/#primaryimage\",\"url\":\"https:\/\/www.gpigroup.com\/app\/uploads\/2019\/04\/og-link-preview-1.png\",\"contentUrl\":\"https:\/\/www.gpigroup.com\/app\/uploads\/2019\/04\/og-link-preview-1.png\",\"width\":1366,\"height\":768},{\"@type\":\"BreadcrumbList\",\"@id\":\"https:\/\/www.gpigroup.com\/es\/politica-certificacion\/#breadcrumb\",\"itemListElement\":[{\"@type\":\"ListItem\",\"position\":1,\"name\":\"Home\",\"item\":\"https:\/\/www.gpigroup.com\/es\/\"},{\"@type\":\"ListItem\",\"position\":2,\"name\":\"Pol\u00edtica y certificaci\u00f3n\"}]},{\"@type\":\"WebSite\",\"@id\":\"https:\/\/www.gpigroup.com\/es\/#website\",\"url\":\"https:\/\/www.gpigroup.com\/es\/\",\"name\":\"GPI\",\"description\":\"The Healthcare Partner\",\"publisher\":{\"@id\":\"https:\/\/www.gpigroup.com\/es\/#organization\"},\"potentialAction\":[{\"@type\":\"SearchAction\",\"target\":{\"@type\":\"EntryPoint\",\"urlTemplate\":\"https:\/\/www.gpigroup.com\/es\/?s={search_term_string}\"},\"query-input\":{\"@type\":\"PropertyValueSpecification\",\"valueRequired\":true,\"valueName\":\"search_term_string\"}}],\"inLanguage\":\"es-ES\"},{\"@type\":\"Organization\",\"@id\":\"https:\/\/www.gpigroup.com\/es\/#organization\",\"name\":\"GPI S.p.A.\",\"url\":\"https:\/\/www.gpigroup.com\/es\/\",\"logo\":{\"@type\":\"ImageObject\",\"inLanguage\":\"es-ES\",\"@id\":\"https:\/\/www.gpigroup.com\/es\/#\/schema\/logo\/image\/\",\"url\":\"https:\/\/www.gpigroup.com\/app\/uploads\/2023\/03\/logo-GPI-2019-1.jpg\",\"contentUrl\":\"https:\/\/www.gpigroup.com\/app\/uploads\/2023\/03\/logo-GPI-2019-1.jpg\",\"width\":1946,\"height\":1945,\"caption\":\"GPI S.p.A.\"},\"image\":{\"@id\":\"https:\/\/www.gpigroup.com\/es\/#\/schema\/logo\/image\/\"},\"sameAs\":[\"https:\/\/www.facebook.com\/GruppoGPI\/\",\"https:\/\/www.linkedin.com\/company\/gpi-spa\",\"http:\/\/www.youtube.com\/user\/GruppoGPI\"]}]}<\/script>\n<!-- \/ Yoast SEO plugin. -->","yoast_head_json":{"title":"Pol\u00edtica y certificaci\u00f3n | GPI","robots":{"index":"index","follow":"follow","max-snippet":"max-snippet:-1","max-image-preview":"max-image-preview:large","max-video-preview":"max-video-preview:-1"},"canonical":"https:\/\/www.gpigroup.com\/es\/politica-certificacion\/","og_locale":"es_ES","og_type":"article","og_title":"Pol\u00edtica y certificaci\u00f3n | GPI","og_description":"[vc_row full_width=&#8221;stretch_row&#8221; css=&#8221;.vc_custom_1681545277642{padding-top: 80px !important;padding-bottom: 200px !important;background-image: url(https:\/\/www.gpigroup.com\/app\/uploads\/2023\/02\/eventi_544211138-DT-1.jpg?id=95151) !important;background-position: center !important;background-repeat: no-repeat !important;background-size: cover !important;}&#8221; el_class=&#8221;governance-hs&#8221;][vc_column][vc_column_text el_class=&#8221;title-hero-sections&#8221;] Pol\u00edtica y certificaci\u00f3n [\/vc_column_text][vc_column_text el_class=&#8221;description-hero-sections&#8221;]El Grupo GPI y Gpi Iberia consideramos el compromiso con la Calidad a todos los niveles una piedra angular de nuestra estrategia. Operar de conformidad con las normas y respetar la legalidad es un","og_url":"https:\/\/www.gpigroup.com\/es\/politica-certificacion\/","og_site_name":"GPI","article_publisher":"https:\/\/www.facebook.com\/GruppoGPI\/","article_modified_time":"2024-04-15T07:36:00+00:00","og_image":[{"width":1366,"height":768,"url":"https:\/\/www.gpigroup.com\/app\/uploads\/2019\/04\/og-link-preview-1.png","type":"image\/png"}],"twitter_card":"summary_large_image","twitter_misc":{"Est. reading time":"2 minutes"},"schema":{"@context":"https:\/\/schema.org","@graph":[{"@type":"WebPage","@id":"https:\/\/www.gpigroup.com\/es\/politica-certificacion\/","url":"https:\/\/www.gpigroup.com\/es\/politica-certificacion\/","name":"Pol\u00edtica y certificaci\u00f3n | GPI","isPartOf":{"@id":"https:\/\/www.gpigroup.com\/es\/#website"},"primaryImageOfPage":{"@id":"https:\/\/www.gpigroup.com\/es\/politica-certificacion\/#primaryimage"},"image":{"@id":"https:\/\/www.gpigroup.com\/es\/politica-certificacion\/#primaryimage"},"thumbnailUrl":"https:\/\/www.gpigroup.com\/app\/uploads\/2019\/04\/og-link-preview-1.png","datePublished":"2023-07-28T12:00:03+00:00","dateModified":"2024-04-15T07:36:00+00:00","breadcrumb":{"@id":"https:\/\/www.gpigroup.com\/es\/politica-certificacion\/#breadcrumb"},"inLanguage":"es-ES","potentialAction":[{"@type":"ReadAction","target":["https:\/\/www.gpigroup.com\/es\/politica-certificacion\/"]}]},{"@type":"ImageObject","inLanguage":"es-ES","@id":"https:\/\/www.gpigroup.com\/es\/politica-certificacion\/#primaryimage","url":"https:\/\/www.gpigroup.com\/app\/uploads\/2019\/04\/og-link-preview-1.png","contentUrl":"https:\/\/www.gpigroup.com\/app\/uploads\/2019\/04\/og-link-preview-1.png","width":1366,"height":768},{"@type":"BreadcrumbList","@id":"https:\/\/www.gpigroup.com\/es\/politica-certificacion\/#breadcrumb","itemListElement":[{"@type":"ListItem","position":1,"name":"Home","item":"https:\/\/www.gpigroup.com\/es\/"},{"@type":"ListItem","position":2,"name":"Pol\u00edtica y certificaci\u00f3n"}]},{"@type":"WebSite","@id":"https:\/\/www.gpigroup.com\/es\/#website","url":"https:\/\/www.gpigroup.com\/es\/","name":"GPI","description":"The Healthcare Partner","publisher":{"@id":"https:\/\/www.gpigroup.com\/es\/#organization"},"potentialAction":[{"@type":"SearchAction","target":{"@type":"EntryPoint","urlTemplate":"https:\/\/www.gpigroup.com\/es\/?s={search_term_string}"},"query-input":{"@type":"PropertyValueSpecification","valueRequired":true,"valueName":"search_term_string"}}],"inLanguage":"es-ES"},{"@type":"Organization","@id":"https:\/\/www.gpigroup.com\/es\/#organization","name":"GPI S.p.A.","url":"https:\/\/www.gpigroup.com\/es\/","logo":{"@type":"ImageObject","inLanguage":"es-ES","@id":"https:\/\/www.gpigroup.com\/es\/#\/schema\/logo\/image\/","url":"https:\/\/www.gpigroup.com\/app\/uploads\/2023\/03\/logo-GPI-2019-1.jpg","contentUrl":"https:\/\/www.gpigroup.com\/app\/uploads\/2023\/03\/logo-GPI-2019-1.jpg","width":1946,"height":1945,"caption":"GPI S.p.A."},"image":{"@id":"https:\/\/www.gpigroup.com\/es\/#\/schema\/logo\/image\/"},"sameAs":["https:\/\/www.facebook.com\/GruppoGPI\/","https:\/\/www.linkedin.com\/company\/gpi-spa","http:\/\/www.youtube.com\/user\/GruppoGPI"]}]}},"_links":{"self":[{"href":"https:\/\/www.gpigroup.com\/es\/wp-json\/wp\/v2\/pages\/145899","targetHints":{"allow":["GET"]}}],"collection":[{"href":"https:\/\/www.gpigroup.com\/es\/wp-json\/wp\/v2\/pages"}],"about":[{"href":"https:\/\/www.gpigroup.com\/es\/wp-json\/wp\/v2\/types\/page"}],"author":[{"embeddable":true,"href":"https:\/\/www.gpigroup.com\/es\/wp-json\/wp\/v2\/users\/7"}],"replies":[{"embeddable":true,"href":"https:\/\/www.gpigroup.com\/es\/wp-json\/wp\/v2\/comments?post=145899"}],"version-history":[{"count":8,"href":"https:\/\/www.gpigroup.com\/es\/wp-json\/wp\/v2\/pages\/145899\/revisions"}],"predecessor-version":[{"id":146600,"href":"https:\/\/www.gpigroup.com\/es\/wp-json\/wp\/v2\/pages\/145899\/revisions\/146600"}],"wp:featuredmedia":[{"embeddable":true,"href":"https:\/\/www.gpigroup.com\/es\/wp-json\/wp\/v2\/media\/68633"}],"wp:attachment":[{"href":"https:\/\/www.gpigroup.com\/es\/wp-json\/wp\/v2\/media?parent=145899"}],"curies":[{"name":"wp","href":"https:\/\/api.w.org\/{rel}","templated":true}]}}