{"id":86438,"date":"2022-12-09T08:48:34","date_gmt":"2022-12-09T07:48:34","guid":{"rendered":"https:\/\/www.gpi.it\/backup\/?page_id=86438"},"modified":"2022-12-12T11:48:46","modified_gmt":"2022-12-12T10:48:46","slug":"terapia-celular","status":"publish","type":"page","link":"https:\/\/www.gpigroup.com\/es-la\/terapia-celular\/","title":{"rendered":"Terapia Celular"},"content":{"rendered":"<div class=\"wpb-content-wrapper\"><p>[vc_row full_width=&#8221;stretch_row&#8221; css=&#8221;.vc_custom_1553766882955{padding-bottom: 30px !important;}&#8221; el_class=&#8221;text-row my-0&#8243;][vc_column][vc_row_inner][vc_column_inner][vc_column_text]<\/p>\n<div class=\"row asa-title\">\n<div class=\"col-12 col-md-6\">\n<img loading=\"lazy\" decoding=\"async\" width=\"1024\" height=\"576\" src=\"https:\/\/www.gpigroup.com\/app\/uploads\/2019\/05\/asa_software.jpg\" class=\"asa-image asa-image-mobile rounded-circle d-md-none d-inline\" alt=\"GPI Software\" srcset=\"https:\/\/www.gpigroup.com\/app\/uploads\/2019\/05\/asa_software.jpg 1024w, https:\/\/www.gpigroup.com\/app\/uploads\/2019\/05\/asa_software-300x169.jpg 300w, https:\/\/www.gpigroup.com\/app\/uploads\/2019\/05\/asa_software-768x432.jpg 768w\" sizes=\"auto, (max-width: 1024px) 100vw, 1024px\" \/>\n<div class=\"gpi_signature_title_tech\">\n<h1>Terapia Celular Avanzada<\/h1>\n<\/div>\n<\/div>\n<div class=\"col-12 col-md-6\">\n<div class=\"asa-symbol\"><img loading=\"lazy\" decoding=\"async\" class=\"alignnone size-medium wp-image-3055\" role=\"img\" src=\"https:\/\/www.gpi.it\/app\/uploads\/\/2019\/03\/Software-1.svg\" alt=\"\" width=\"24\" height=\"24\" \/>\u00a0SOFTWARE<\/div>\n<\/div>\n<\/div>\n<p>[\/vc_column_text][\/vc_column_inner][\/vc_row_inner][vc_row_inner el_class=&#8221;bl-body&#8221;][vc_column_inner width=&#8221;1\/3&#8243;][vc_column_text]<br \/>\n<img loading=\"lazy\" decoding=\"async\" width=\"1024\" height=\"576\" src=\"https:\/\/www.gpigroup.com\/app\/uploads\/2019\/05\/asa_software.jpg\" class=\"asa-image rounded-circle d-md-inline d-none\" alt=\"GPI Software\" srcset=\"https:\/\/www.gpigroup.com\/app\/uploads\/2019\/05\/asa_software.jpg 1024w, https:\/\/www.gpigroup.com\/app\/uploads\/2019\/05\/asa_software-300x169.jpg 300w, https:\/\/www.gpigroup.com\/app\/uploads\/2019\/05\/asa_software-768x432.jpg 768w\" sizes=\"auto, (max-width: 1024px) 100vw, 1024px\" \/><br \/>\n[\/vc_column_text][\/vc_column_inner][vc_column_inner width=&#8221;2\/3&#8243;][vc_column_text el_class=&#8221;entice&#8221;]<\/p>\n<h2>Soluci\u00f3n inform\u00e1tica para la gesti\u00f3n integral de Terapias Avanzadas<\/h2>\n<p>[\/vc_column_text][vc_column_text]<span style=\"background-color: var(--bs-body-bg); color: var(--bs-body-color); font-family: var(--bs-body-font-family); font-size: var(--bs-body-font-size); text-align: var(--bs-body-text-align);\">Nuestra soluci\u00f3n inform\u00e1tica de Terapia Celular Avanzada y Cord\u00f3n Umbilical <\/span>permite la gesti\u00f3n integral de los procesos y productos que van desde el donante hasta el paciente. Dota de seguridad adicional y proporciona una trazabilidad completa a los centros y organizaciones, cumpliendo as\u00ed las Buenas Pr\u00e1cticas de Manipulaci\u00f3n (consumibles, reactivos, equipos\u2026) para Productos de Terapia Celular.[\/vc_column_text][\/vc_column_inner][\/vc_row_inner][vc_row_inner][vc_column_inner width=&#8221;1\/3&#8243;][\/vc_column_inner][vc_column_inner width=&#8221;2\/3&#8243;][vc_column_text]<\/p>\n<h3>M\u00f3dulo espec\u00edfico para Terapia Celular<\/h3>\n<p>Est\u00e1 desarrollada particularmente para Laboratorios, Bancos de Cord\u00f3n Umbilical y Compa\u00f1\u00edas de Biotecnolog\u00eda que gestionan productos de Terapia Celular, Terapia G\u00e9nica, Inmunoterapia y Terapias Avanzadas. Las caracter\u00edsticas de completa trazabilidad y controles de procesos ayudan a las organizaciones y centros hospitalarios a cumplir con los est\u00e1ndares internacionales FACT &amp; JACIE.<\/p>\n<p>Permite el registro de donantes y la clasificaci\u00f3n anal\u00edtica de los mismos para que las colectas puedan servir tanto a pacientes del propio centro como de centros externos. La capacidad de estandarizaci\u00f3n de c\u00f3digos de donantes e identificadores GRID facilita la inclusi\u00f3n de los donantes en redes nacionales e internacionales, como por ejemplo la espa\u00f1ola REDMO.<\/p>\n<p>La gesti\u00f3n de pacientes incluye adem\u00e1s de las Pruebas Anal\u00edticas propias de cualquier laboratorio hematol\u00f3gico, la prueba de HLA. Las Peticiones de Progenitores, tienen la capacidad de control de la Infusi\u00f3n y seguimiento del Injerto mediante especificaciones que cumplen con las \u00faltimas regulaciones.<\/p>\n<h3>Amplia capacidad de configuraci\u00f3n<\/h3>\n<p>Dise\u00f1ado para gestionar colectas de diferentes tipos de progenitores, con caracter\u00edsticas espec\u00edficas y adapt\u00e1ndose a sus regulaciones particulares (internacionales y locales):<\/p>\n<ul>\n<li>Progenitores de af\u00e9resis<\/li>\n<li>Progenitores de m\u00e9dula \u00f3sea<\/li>\n<li>Sangre de cord\u00f3n umbilical.<\/li>\n<li>Productos g\u00e9nicos.<\/li>\n<\/ul>\n<p>El software se adapta a diferentes flujos de trabajo con formularios de control, env\u00edo y recepci\u00f3n<span style=\"background-color: var(--bs-body-bg); color: var(--bs-body-color); font-family: var(--bs-body-font-family); font-size: var(--bs-body-font-size); font-weight: var(--bs-body-font-weight); text-align: var(--bs-body-text-align);\"> que se pueden adaptar al cliente seg\u00fan sus necesidades propias y diferenciadas <\/span>para:<\/p>\n<ul>\n<li>Colectas e infusiones aut\u00f3logas.<\/li>\n<li>Colectas e infusiones alog\u00e9nicas dirigidas emparentadas.<\/li>\n<li>Colectas e infusiones alog\u00e9nicas dirigidas no emparentadas).<\/li>\n<\/ul>\n<p>[\/vc_column_text][vc_raw_html]PHA+PGEgY2xhc3M9ImJ0biBkb2N1bWVudCBidG4tcHVycGxlIiBocmVmPSJodHRwczovL3d3dy5ncGkuaXQvYmFja3VwL2FwcC91cGxvYWRzLzIwMjIvMTIvZS1EZWxwaHluQ1RfQTQtMS5wZGYiIHRhcmdldD0iX2JsYW5rIiByZWw9Im5vb3BlbmVyIG5vcmVmZXJyZXIiPkNhdMOhbG9nbzwvYT48L3A+DQoNCg==[\/vc_raw_html][\/vc_column_inner][\/vc_row_inner][\/vc_column][\/vc_row][vc_row full_width=&#8221;stretch_row&#8221; css=&#8221;.vc_custom_1558428414827{padding-bottom: 30px !important;}&#8221; el_class=&#8221;text-row my-0 bl-body features&#8221;][vc_column][vc_row_inner][vc_column_inner width=&#8221;1\/3&#8243;][vc_column_text]<br \/>\n[\/vc_column_text][vc_column_text css=&#8221;.vc_custom_1668765008862{padding-right: 20px !important;}&#8221;]<\/p>\n<h1>Elige nuestras soluciones inform\u00e1ticas<\/h1>\n<p>[\/vc_column_text][\/vc_column_inner][vc_column_inner width=&#8221;2\/3&#8243;][vc_column_text]<\/p>\n<h3>COMPLETAS<\/h3>\n<ul>\n<li><span id=\"emoji-info-value\">C<\/span>ompatibles con HL7 y con cualquier Registro Electr\u00f3nico de Salud.<\/li>\n<li>Actualizaciones tiempo real, ahorrando tiempo y reduciendo los errores.<\/li>\n<li>Facilidad de integraci\u00f3n con conexiones uni y bidireccionales.<\/li>\n<li>Comunicabilidad con instrumentos de laboratorio.<\/li>\n<\/ul>\n<h3>SEGURAS<\/h3>\n<ul>\n<li>Control mediante contrase\u00f1as de acuerdo con las pautas m\u00e1s exigentes.<\/li>\n<li><span id=\"emoji-info-value\">Acceso configurable seg\u00fan los roles de los usuarios.<\/span><\/li>\n<li>Completa trazabilidad del proceso para el control completo de los resultados.<\/li>\n<li>Salvaguarda continua de los activos de informaci\u00f3n existentes.<\/li>\n<\/ul>\n<h3>EFICACES<\/h3>\n<ul>\n<li>Soluciones totalmente basadas en la web.<\/li>\n<li>Compatibles con todos los sistemas operativos y gestores de bases de datos.<\/li>\n<li><span id=\"emoji-info-value\">P<\/span>ermiten un despliegue gradual mediante la inclusi\u00f3n de diferentes m\u00f3dulos.<\/li>\n<li>Flexibilidad para adaptarse a cualquier formato organizativo.<\/li>\n<li>Configuraci\u00f3n y experiencia de usuario simple e intuitiva.<\/li>\n<\/ul>\n<p>[\/vc_column_text][\/vc_column_inner][\/vc_row_inner][\/vc_column][\/vc_row]<\/p>\n[vc_row full_width=\"stretch_row\" el_class=\"vision mb-0 gpi-orange-bg\"][vc_column offset=\"vc_col-lg-3 vc_col-xs-12\"][vc_column_text]\n<h4>Contact our sales team<\/h4>[\/vc_column_text][\/vc_column][vc_column width=\"3\/4\" offset=\"vc_col-lg-offset-0 vc_col-sm-offset-3 vc_col-xs-12\"][vc_raw_html]JTVCY29udGFjdC1mb3JtLTclMjBpZCUzRCUyMjY3MTIlMjIlMjB0aXRsZSUzRCUyMkJ1c2luZXNzJTIwbGluZSUyMGZvcm0lMjIlMjBodG1sX2lkJTNEJTIyZ3BpLWNvbnRhY3QtZm9ybSUyMiU1RA==[\/vc_raw_html][\/vc_column][\/vc_row]<\/div>","protected":false},"excerpt":{"rendered":"<p>[vc_row full_width=&#8221;stretch_row&#8221; css=&#8221;.vc_custom_1553766882955{padding-bottom: 30px !important;}&#8221; el_class=&#8221;text-row my-0&#8243;][vc_column][vc_row_inner][vc_column_inner][vc_column_text] Terapia Celular Avanzada \u00a0SOFTWARE [\/vc_column_text][\/vc_column_inner][\/vc_row_inner][vc_row_inner el_class=&#8221;bl-body&#8221;][vc_column_inner width=&#8221;1\/3&#8243;][vc_column_text] [\/vc_column_text][\/vc_column_inner][vc_column_inner width=&#8221;2\/3&#8243;][vc_column_text el_class=&#8221;entice&#8221;] Soluci\u00f3n inform\u00e1tica para la gesti\u00f3n integral de Terapias Avanzadas [\/vc_column_text][vc_column_text]Nuestra soluci\u00f3n inform\u00e1tica de Terapia Celular Avanzada y Cord\u00f3n Umbilical permite la gesti\u00f3n integral de los procesos y productos que van desde el donante hasta el paciente. Dota de<\/p>\n","protected":false},"author":31,"featured_media":68629,"parent":0,"menu_order":0,"comment_status":"closed","ping_status":"closed","template":"","meta":{"footnotes":""},"class_list":["post-86438","page","type-page","status-publish","has-post-thumbnail","hentry","section-offerta","business_line-software"],"yoast_head":"<!-- This site is optimized with the Yoast SEO plugin v27.1.1 - https:\/\/yoast.com\/product\/yoast-seo-wordpress\/ -->\n<title>Terapia Celular Avanzada<\/title>\n<meta name=\"description\" content=\"Nuestro software de Terapia Celular Avanzada y Cord\u00f3n Umbilical permite la gesti\u00f3n integral de los todos procesos y productos.\" \/>\n<meta name=\"robots\" content=\"index, follow, max-snippet:-1, max-image-preview:large, max-video-preview:-1\" \/>\n<link rel=\"canonical\" href=\"https:\/\/www.gpigroup.com\/es-la\/terapia-celular\/\" \/>\n<meta property=\"og:locale\" content=\"es_ES\" \/>\n<meta property=\"og:type\" content=\"article\" \/>\n<meta property=\"og:title\" content=\"Terapia Celular Avanzada\" \/>\n<meta property=\"og:description\" content=\"Nuestro software de Terapia Celular Avanzada y Cord\u00f3n Umbilical permite la gesti\u00f3n integral de los todos procesos y productos.\" \/>\n<meta property=\"og:url\" content=\"https:\/\/www.gpigroup.com\/es-la\/terapia-celular\/\" \/>\n<meta property=\"og:site_name\" content=\"GPI\" \/>\n<meta property=\"article:publisher\" content=\"https:\/\/www.facebook.com\/GruppoGPI\/\" \/>\n<meta property=\"article:modified_time\" content=\"2022-12-12T10:48:46+00:00\" \/>\n<meta property=\"og:image\" content=\"https:\/\/www.gpigroup.com\/app\/uploads\/2019\/04\/og-link-preview-1.png\" \/>\n\t<meta property=\"og:image:width\" content=\"1366\" \/>\n\t<meta property=\"og:image:height\" content=\"768\" \/>\n\t<meta property=\"og:image:type\" content=\"image\/png\" \/>\n<meta name=\"twitter:card\" content=\"summary_large_image\" \/>\n<meta name=\"twitter:label1\" content=\"Est. reading time\" \/>\n\t<meta name=\"twitter:data1\" content=\"3 minutes\" \/>\n<script type=\"application\/ld+json\" class=\"yoast-schema-graph\">{\"@context\":\"https:\/\/schema.org\",\"@graph\":[{\"@type\":\"WebPage\",\"@id\":\"https:\/\/www.gpigroup.com\/es-la\/terapia-celular\/\",\"url\":\"https:\/\/www.gpigroup.com\/es-la\/terapia-celular\/\",\"name\":\"Terapia Celular Avanzada\",\"isPartOf\":{\"@id\":\"https:\/\/www.gpigroup.com\/es-la\/#website\"},\"primaryImageOfPage\":{\"@id\":\"https:\/\/www.gpigroup.com\/es-la\/terapia-celular\/#primaryimage\"},\"image\":{\"@id\":\"https:\/\/www.gpigroup.com\/es-la\/terapia-celular\/#primaryimage\"},\"thumbnailUrl\":\"https:\/\/www.gpigroup.com\/app\/uploads\/2019\/04\/og-link-preview-1.png\",\"datePublished\":\"2022-12-09T07:48:34+00:00\",\"dateModified\":\"2022-12-12T10:48:46+00:00\",\"description\":\"Nuestro software de Terapia Celular Avanzada y Cord\u00f3n Umbilical permite la gesti\u00f3n integral de los todos procesos y productos.\",\"breadcrumb\":{\"@id\":\"https:\/\/www.gpigroup.com\/es-la\/terapia-celular\/#breadcrumb\"},\"inLanguage\":\"es-LA\",\"potentialAction\":[{\"@type\":\"ReadAction\",\"target\":[\"https:\/\/www.gpigroup.com\/es-la\/terapia-celular\/\"]}]},{\"@type\":\"ImageObject\",\"inLanguage\":\"es-LA\",\"@id\":\"https:\/\/www.gpigroup.com\/es-la\/terapia-celular\/#primaryimage\",\"url\":\"https:\/\/www.gpigroup.com\/app\/uploads\/2019\/04\/og-link-preview-1.png\",\"contentUrl\":\"https:\/\/www.gpigroup.com\/app\/uploads\/2019\/04\/og-link-preview-1.png\",\"width\":1366,\"height\":768},{\"@type\":\"BreadcrumbList\",\"@id\":\"https:\/\/www.gpigroup.com\/es-la\/terapia-celular\/#breadcrumb\",\"itemListElement\":[{\"@type\":\"ListItem\",\"position\":1,\"name\":\"Home\",\"item\":\"https:\/\/www.gpigroup.com\/es-la\/\"},{\"@type\":\"ListItem\",\"position\":2,\"name\":\"Terapia Celular\"}]},{\"@type\":\"WebSite\",\"@id\":\"https:\/\/www.gpigroup.com\/es-la\/#website\",\"url\":\"https:\/\/www.gpigroup.com\/es-la\/\",\"name\":\"GPI\",\"description\":\"The Healthcare Partner\",\"publisher\":{\"@id\":\"https:\/\/www.gpigroup.com\/es-la\/#organization\"},\"potentialAction\":[{\"@type\":\"SearchAction\",\"target\":{\"@type\":\"EntryPoint\",\"urlTemplate\":\"https:\/\/www.gpigroup.com\/es-la\/?s={search_term_string}\"},\"query-input\":{\"@type\":\"PropertyValueSpecification\",\"valueRequired\":true,\"valueName\":\"search_term_string\"}}],\"inLanguage\":\"es-LA\"},{\"@type\":\"Organization\",\"@id\":\"https:\/\/www.gpigroup.com\/es-la\/#organization\",\"name\":\"GPI S.p.A.\",\"url\":\"https:\/\/www.gpigroup.com\/es-la\/\",\"logo\":{\"@type\":\"ImageObject\",\"inLanguage\":\"es-LA\",\"@id\":\"https:\/\/www.gpigroup.com\/es-la\/#\/schema\/logo\/image\/\",\"url\":\"https:\/\/www.gpigroup.com\/app\/uploads\/2023\/03\/logo-GPI-2019-1.jpg\",\"contentUrl\":\"https:\/\/www.gpigroup.com\/app\/uploads\/2023\/03\/logo-GPI-2019-1.jpg\",\"width\":1946,\"height\":1945,\"caption\":\"GPI S.p.A.\"},\"image\":{\"@id\":\"https:\/\/www.gpigroup.com\/es-la\/#\/schema\/logo\/image\/\"},\"sameAs\":[\"https:\/\/www.facebook.com\/GruppoGPI\/\",\"https:\/\/www.linkedin.com\/company\/gpi-spa\",\"http:\/\/www.youtube.com\/user\/GruppoGPI\"]}]}<\/script>\n<!-- \/ Yoast SEO plugin. -->","yoast_head_json":{"title":"Terapia Celular Avanzada","description":"Nuestro software de Terapia Celular Avanzada y Cord\u00f3n Umbilical permite la gesti\u00f3n integral de los todos procesos y productos.","robots":{"index":"index","follow":"follow","max-snippet":"max-snippet:-1","max-image-preview":"max-image-preview:large","max-video-preview":"max-video-preview:-1"},"canonical":"https:\/\/www.gpigroup.com\/es-la\/terapia-celular\/","og_locale":"es_ES","og_type":"article","og_title":"Terapia Celular Avanzada","og_description":"Nuestro software de Terapia Celular Avanzada y Cord\u00f3n Umbilical permite la gesti\u00f3n integral de los todos procesos y productos.","og_url":"https:\/\/www.gpigroup.com\/es-la\/terapia-celular\/","og_site_name":"GPI","article_publisher":"https:\/\/www.facebook.com\/GruppoGPI\/","article_modified_time":"2022-12-12T10:48:46+00:00","og_image":[{"width":1366,"height":768,"url":"https:\/\/www.gpigroup.com\/app\/uploads\/2019\/04\/og-link-preview-1.png","type":"image\/png"}],"twitter_card":"summary_large_image","twitter_misc":{"Est. reading time":"3 minutes"},"schema":{"@context":"https:\/\/schema.org","@graph":[{"@type":"WebPage","@id":"https:\/\/www.gpigroup.com\/es-la\/terapia-celular\/","url":"https:\/\/www.gpigroup.com\/es-la\/terapia-celular\/","name":"Terapia Celular Avanzada","isPartOf":{"@id":"https:\/\/www.gpigroup.com\/es-la\/#website"},"primaryImageOfPage":{"@id":"https:\/\/www.gpigroup.com\/es-la\/terapia-celular\/#primaryimage"},"image":{"@id":"https:\/\/www.gpigroup.com\/es-la\/terapia-celular\/#primaryimage"},"thumbnailUrl":"https:\/\/www.gpigroup.com\/app\/uploads\/2019\/04\/og-link-preview-1.png","datePublished":"2022-12-09T07:48:34+00:00","dateModified":"2022-12-12T10:48:46+00:00","description":"Nuestro software de Terapia Celular Avanzada y Cord\u00f3n Umbilical permite la gesti\u00f3n integral de los todos procesos y productos.","breadcrumb":{"@id":"https:\/\/www.gpigroup.com\/es-la\/terapia-celular\/#breadcrumb"},"inLanguage":"es-LA","potentialAction":[{"@type":"ReadAction","target":["https:\/\/www.gpigroup.com\/es-la\/terapia-celular\/"]}]},{"@type":"ImageObject","inLanguage":"es-LA","@id":"https:\/\/www.gpigroup.com\/es-la\/terapia-celular\/#primaryimage","url":"https:\/\/www.gpigroup.com\/app\/uploads\/2019\/04\/og-link-preview-1.png","contentUrl":"https:\/\/www.gpigroup.com\/app\/uploads\/2019\/04\/og-link-preview-1.png","width":1366,"height":768},{"@type":"BreadcrumbList","@id":"https:\/\/www.gpigroup.com\/es-la\/terapia-celular\/#breadcrumb","itemListElement":[{"@type":"ListItem","position":1,"name":"Home","item":"https:\/\/www.gpigroup.com\/es-la\/"},{"@type":"ListItem","position":2,"name":"Terapia Celular"}]},{"@type":"WebSite","@id":"https:\/\/www.gpigroup.com\/es-la\/#website","url":"https:\/\/www.gpigroup.com\/es-la\/","name":"GPI","description":"The Healthcare Partner","publisher":{"@id":"https:\/\/www.gpigroup.com\/es-la\/#organization"},"potentialAction":[{"@type":"SearchAction","target":{"@type":"EntryPoint","urlTemplate":"https:\/\/www.gpigroup.com\/es-la\/?s={search_term_string}"},"query-input":{"@type":"PropertyValueSpecification","valueRequired":true,"valueName":"search_term_string"}}],"inLanguage":"es-LA"},{"@type":"Organization","@id":"https:\/\/www.gpigroup.com\/es-la\/#organization","name":"GPI S.p.A.","url":"https:\/\/www.gpigroup.com\/es-la\/","logo":{"@type":"ImageObject","inLanguage":"es-LA","@id":"https:\/\/www.gpigroup.com\/es-la\/#\/schema\/logo\/image\/","url":"https:\/\/www.gpigroup.com\/app\/uploads\/2023\/03\/logo-GPI-2019-1.jpg","contentUrl":"https:\/\/www.gpigroup.com\/app\/uploads\/2023\/03\/logo-GPI-2019-1.jpg","width":1946,"height":1945,"caption":"GPI S.p.A."},"image":{"@id":"https:\/\/www.gpigroup.com\/es-la\/#\/schema\/logo\/image\/"},"sameAs":["https:\/\/www.facebook.com\/GruppoGPI\/","https:\/\/www.linkedin.com\/company\/gpi-spa","http:\/\/www.youtube.com\/user\/GruppoGPI"]}]}},"_links":{"self":[{"href":"https:\/\/www.gpigroup.com\/es-la\/wp-json\/wp\/v2\/pages\/86438","targetHints":{"allow":["GET"]}}],"collection":[{"href":"https:\/\/www.gpigroup.com\/es-la\/wp-json\/wp\/v2\/pages"}],"about":[{"href":"https:\/\/www.gpigroup.com\/es-la\/wp-json\/wp\/v2\/types\/page"}],"author":[{"embeddable":true,"href":"https:\/\/www.gpigroup.com\/es-la\/wp-json\/wp\/v2\/users\/31"}],"replies":[{"embeddable":true,"href":"https:\/\/www.gpigroup.com\/es-la\/wp-json\/wp\/v2\/comments?post=86438"}],"version-history":[{"count":4,"href":"https:\/\/www.gpigroup.com\/es-la\/wp-json\/wp\/v2\/pages\/86438\/revisions"}],"predecessor-version":[{"id":87259,"href":"https:\/\/www.gpigroup.com\/es-la\/wp-json\/wp\/v2\/pages\/86438\/revisions\/87259"}],"wp:featuredmedia":[{"embeddable":true,"href":"https:\/\/www.gpigroup.com\/es-la\/wp-json\/wp\/v2\/media\/68629"}],"wp:attachment":[{"href":"https:\/\/www.gpigroup.com\/es-la\/wp-json\/wp\/v2\/media?parent=86438"}],"curies":[{"name":"wp","href":"https:\/\/api.w.org\/{rel}","templated":true}]}}