{"id":85746,"date":"2019-03-06T09:06:51","date_gmt":"2019-03-06T08:06:51","guid":{"rendered":"https:\/\/www.gpi.it\/backup\/la-empresa\/"},"modified":"2023-04-15T12:20:34","modified_gmt":"2023-04-15T10:20:34","slug":"la-empresa","status":"publish","type":"page","link":"https:\/\/www.gpigroup.com\/es-la\/la-empresa\/","title":{"rendered":"La empresa"},"content":{"rendered":"<div class=\"wpb-content-wrapper\"><p>[vc_row full_width=&#8221;stretch_row&#8221; equal_height=&#8221;yes&#8221; el_class=&#8221;hero-text-block&#8221; css=&#8221;.vc_custom_1681554029936{padding-top: 140px !important;padding-bottom: 140px !important;background-image: url(https:\/\/www.gpigroup.com\/app\/uploads\/2023\/02\/istock-474947522-DT-1.jpg?id=97134) !important;background-position: center !important;background-repeat: no-repeat !important;background-size: cover !important;}&#8221;][vc_column][vc_column_text]<\/p>\n<h1>GPI &#8211; Innovation for sustainable healthcare<\/h1>\n<p>[\/vc_column_text][\/vc_column][\/vc_row][vc_row full_width=&#8221;stretch_row&#8221; css=&#8221;.vc_custom_1678897317736{background-color: #82027e !important;}&#8221; el_class=&#8221;vision py-0&#8243;][vc_column width=&#8221;1\/4&#8243;][vc_column_text el_class=&#8221;misure&#8221;]<\/p>\n<h2>360<\/h2>\n<p class=\"grid-detail\">INGRESOS 2022<\/p>\n<p>[\/vc_column_text][\/vc_column][vc_column width=&#8221;1\/4&#8243;][vc_column_text el_class=&#8221;misure&#8221;]<\/p>\n<h2>+7100<\/h2>\n<p class=\"grid-detail\">EMPLEADOS 2022<\/p>\n<p>[\/vc_column_text][\/vc_column][vc_column width=&#8221;1\/4&#8243;][vc_column_text el_class=&#8221;misure&#8221;]<\/p>\n<h2>+3000<\/h2>\n<p class=\"grid-detail\">CLIENTES<\/p>\n<p>[\/vc_column_text][\/vc_column][vc_column width=&#8221;1\/4&#8243;][vc_column_text el_class=&#8221;misure&#8221;]<\/p>\n<h2>+70<\/h2>\n<p class=\"grid-detail\">PAISES<\/p>\n<p>[\/vc_column_text][\/vc_column][\/vc_row][vc_row][vc_column][vc_column_text el_class=&#8221;gpi_signature_title_human&#8221;]<\/p>\n<h2>La empresa<\/h2>\n<p>[\/vc_column_text][vc_row_inner][vc_column_inner width=&#8221;2\/3&#8243; offset=&#8221;vc_col-sm-offset-4&#8243;][vc_column_text el_class=&#8221;entice&#8221;]Desde Gpi queremos que nuestros clientes sean m\u00e1s eficientes. Por ello, proporcionamos soluciones seguras y software de \u00faltima generaci\u00f3n con capacidad para integrarse en las infraestructuras existentes, sean del tipo que sean.[\/vc_column_text][vc_single_image image=&#8221;87238&#8243; img_size=&#8221;large&#8221;][vc_column_text]<\/p>\n<div class=\"sidebarSection contentSection\">\n<div class=\"sidebarSection contentSection\">\n<p>Gpi apuesta por el crecimiento continuado, por ello ha creado Gpi Latam, su representante en el mercado latinoamericano. Gpi Latam ofrece soluciones de software especializadas para organizaciones sanitarias como hospitales, bancos de sangre y grandes corporaciones p\u00fablicas y privadas.<\/p>\n<p>Llevamos trabajando desde 1987 con importantes clientes a nivel regional y nacional. Ahora estamos presentes en los 5 continentes y hemos tenemos en marcha m\u00e1s de 500 proyectos desarrollados en m\u00e1s de 60 pa\u00edses. Los valores compartidos por nuestro equipo tienen un objetivo: desarrollar e implementar iniciativas operativas para reducir costos, aumentar la rentabilidad y la eficiencia operativa.<\/p>\n<p>Nuestra experiencia de m\u00e1s de 35 a\u00f1os en la industria va de la mano de la innovaci\u00f3n continua. Estamos comprometidos con el \u00e9xito de nuestros clientes. Nuestras soluciones integran los \u00faltimos avances tecnol\u00f3gicos y funcionales con la mejora continua de la productividad, la eficacia y la calidad.<\/p><\/div>\n<\/div>\n<p>[\/vc_column_text][\/vc_column_inner][\/vc_row_inner][\/vc_column][\/vc_row][vc_row full_width=&#8221;stretch_row&#8221; css=&#8221;.vc_custom_1555075597626{background-color: #82027e !important;}&#8221; el_class=&#8221;vision&#8221;][vc_column width=&#8221;7\/12&#8243;][vc_column_text el_class=&#8221;gpi_signature_title_tech_hovered&#8221;]<\/p>\n<h2>Nuestra experiencia nos avala<\/h2>\n<p>[\/vc_column_text][\/vc_column][vc_column width=&#8221;5\/12&#8243;][vc_column_text]<\/p>\n<p style=\"text-align: right;\"><a class=\"btn call-to-action\" href=\"https:\/\/www.gpi.it\/backup\/es\/nuestras-historias-de-exito\/\">Nuestras historias de \u00e9xito<\/a><\/p>\n<p>[\/vc_column_text][\/vc_column][\/vc_row][vc_row][vc_column][vc_column_text el_class=&#8221;gpi_signature_title_human&#8221;]<\/p>\n<h2>Visi\u00f3n<\/h2>\n<p>[\/vc_column_text][vc_row_inner][vc_column_inner width=&#8221;2\/3&#8243; offset=&#8221;vc_col-sm-offset-4&#8243;][vc_column_text el_class=&#8221;entice&#8221;]<\/p>\n<div class=\"detailSections\">\n<div class=\"sidebarSection contentSection\">\n<p class=\"layerContent\">Somos el socio de referencia en el campo de la salud. Con la innovaci\u00f3n en soluciones inform\u00e1ticas y en modelos de atenci\u00f3n buscamos mejorar el bienestar de las personas.<\/p>\n<\/div>\n<\/div>\n<div class=\"extensionCodePanel codeSection\">\n<div class=\"codePanel extensionCode\"><\/div>\n<\/div>\n<p>[\/vc_column_text][\/vc_column_inner][\/vc_row_inner][\/vc_column][\/vc_row][vc_row][vc_column][\/vc_column][\/vc_row][vc_row][vc_column][vc_empty_space height=&#8221;100px&#8221;][vc_column_text el_class=&#8221;gpi_signature_title_tech&#8221;]<\/p>\n<h2>Misi\u00f3n<\/h2>\n<p>[\/vc_column_text][vc_row_inner][vc_column_inner width=&#8221;2\/3&#8243; offset=&#8221;vc_col-sm-offset-4&#8243;][vc_column_text el_class=&#8221;entice&#8221;]<\/p>\n<div class=\"detailSections\">\n<div class=\"sidebarSection contentSection\">\n<p class=\"layerContent\">Acompa\u00f1amos a las organizaciones sociosanitarias en la mejora continua de sus procesos internos. Nuestras soluciones, servicios y tecnolog\u00edas brindan a las empresas v\u00edas de atenci\u00f3n a medida, oportunas y eficientes.<\/p>\n<\/div>\n<\/div>\n<p>[\/vc_column_text][\/vc_column_inner][\/vc_row_inner][\/vc_column][\/vc_row][vc_row][vc_column][\/vc_column][\/vc_row][vc_row][vc_column][vc_column_text el_class=&#8221;gpi_signature_title_human&#8221;]<\/p>\n<h2>Gpi Latam es una empresa del Grupo GPI<\/h2>\n<p>[\/vc_column_text][vc_row_inner][vc_column_inner width=&#8221;2\/3&#8243; offset=&#8221;vc_col-sm-offset-4&#8243;][vc_column_text el_class=&#8221;entice&#8221;]Gpi es el socio de referencia para tecnolog\u00edas y servicios dedicados a la Salud, la Sociedad y la Administraci\u00f3n P\u00fablica. Ha crecido constantemente con el tiempo, tanto en tama\u00f1o como en experiencia. Actualmente cuenta con m\u00e1s de 7.200 empleados y cuenta con una presencia global con numerosas sucursales en todo el mundo.[\/vc_column_text][vc_raw_html css=&#8221;.vc_custom_1668413290101{margin-bottom: 90px !important;}&#8221;]JTNDcCUzRSUzQ2ElMjBjbGFzcyUzRCUyMmJ0biUyMGRvY3VtZW50JTIwYnRuLXB1cnBsZSUyMiUyMGhyZWYlM0QlMjJodHRwcyUzQSUyRiUyRnd3dy5ncGkuaXQlMkZhcHAlMkZ1cGxvYWRzJTJGMjAyMiUyRjA0JTJGR1BJLUNvbXBhbnktUHJvZmlsZS0yMDIyLUlUQS13ZWIucGRmJTIyJTIwdGFyZ2V0JTNEJTIyX2JsYW5rJTIyJTIwcmVsJTNEJTIybm9vcGVuZXIlMjBub3JlZmVycmVyJTIyJTNFTSVDMyVBMXMlMjBpbmZvcm1hY2klQzMlQjNuJTNDJTJGYSUzRSUzQyUyRnAlM0U=[\/vc_raw_html][vc_column_text]<\/p>\n<div class=\"sidebarSection contentSection\">\n<p>Gpi (Gruppo Per l\u2019Informatica \u2013 Grupo Para Inform\u00e1tica) fue fundado en 1988 en Trentino, Italia. Su fundador, el joven empresario Fausto Manzana, previ\u00f3 el papel emergente de las tecnolog\u00edas de la informaci\u00f3n en el desarrollo del Sistema Nacional de Salud y supo adaptarse a su continua transformaci\u00f3n.<\/p>\n<div class=\"sidebarSection contentSection\">\n<p>Gracias las soluciones y el know-how aportado por las empresas que han pasado a formar parte su ecosistema, el Grupo ha traducido magistralmente las necesidades de la industria sanitaria en soluciones punteras de alta tecnolog\u00eda y en modelos de servicio que optimizan los procesos de prevenci\u00f3n, diagn\u00f3stico y atenci\u00f3n, mejorando la vida de las personas.<\/p>\n<p>La oferta de GPI combina la experiencia en TI con una amplia capacidad de dise\u00f1o y asesoramiento. Le permiten operar en una variedad de \u00e1reas comerciales: software, atenci\u00f3n ciudadana, automatizaci\u00f3n, TIC y servicios de pago. Adem\u00e1s proporciona la capacidad de captar las necesidades de transformaci\u00f3n y los impulsos innovadores de los numerosos clientes del sector p\u00fablico y privado con los que cuenta.<\/p><\/div>\n<\/div>\n<p>[\/vc_column_text][\/vc_column_inner][\/vc_row_inner][\/vc_column][\/vc_row][vc_row][vc_column][vc_column_text]<\/p>\n<h2>Gpi en n\u00fameros<\/h2>\n<p>[\/vc_column_text][vc_row_inner][vc_column_inner width=&#8221;2\/3&#8243; offset=&#8221;vc_col-sm-offset-4&#8243;][vc_column_text]<\/p>\n<div class=\"sidebarSection contentSection\">\n<div class=\"sidebarSection contentSection\">\n<p>Gpi entr\u00f3 en la Bolsa de Valores de Italia en 2016 (segmento AIM) y se traslad\u00f3 al mercado MTA (hoy Euronext Milan, EXM) en diciembre de 2018.<\/p>\n<p>Los resultados confirman la rentabilidad y estabilidad del Grupo. En los \u00faltimos a\u00f1os ha visto crecer sus ingresos interanualmente a porcentajes de dos d\u00edgitos, pasando de 179,9 millones de euros en 2017 a 326,9 millones de euros en 2021.<\/p>\n<p>Las importantes inversiones en\u00a0 I+D, que lleva a cabo en colaboraci\u00f3n con los principales centros de investigaci\u00f3n y universidades italianas, permiten ampliar los conocimientos cient\u00edficos, tecnol\u00f3gicos y funcionales aplicados a los sectores de salud, bienestar y administraci\u00f3n digital.<\/p><\/div>\n<\/div>\n<p>[\/vc_column_text][\/vc_column_inner][\/vc_row_inner][\/vc_column][\/vc_row][vc_row][vc_column][vc_column_text el_class=&#8221;gpi_signature_title_human&#8221;]<\/p>\n<h2>Nuestros clientes<\/h2>\n<p>[\/vc_column_text][vc_row_inner][vc_column_inner width=&#8221;1\/2&#8243;][vc_single_image image=&#8221;98761&#8243; img_size=&#8221;full&#8221;][\/vc_column_inner][vc_column_inner width=&#8221;1\/2&#8243;][vc_single_image image=&#8221;98750&#8243; img_size=&#8221;full&#8221;][\/vc_column_inner][\/vc_row_inner][\/vc_column][\/vc_row]<\/p>\n<\/div>","protected":false},"excerpt":{"rendered":"<p>[vc_row full_width=&#8221;stretch_row&#8221; equal_height=&#8221;yes&#8221; el_class=&#8221;hero-text-block&#8221; css=&#8221;.vc_custom_1681554029936{padding-top: 140px !important;padding-bottom: 140px !important;background-image: url(https:\/\/www.gpigroup.com\/app\/uploads\/2023\/02\/istock-474947522-DT-1.jpg?id=97134) !important;background-position: center !important;background-repeat: no-repeat !important;background-size: cover !important;}&#8221;][vc_column][vc_column_text] GPI &#8211; Innovation for sustainable healthcare [\/vc_column_text][\/vc_column][\/vc_row][vc_row full_width=&#8221;stretch_row&#8221; css=&#8221;.vc_custom_1678897317736{background-color: #82027e !important;}&#8221; el_class=&#8221;vision py-0&#8243;][vc_column width=&#8221;1\/4&#8243;][vc_column_text el_class=&#8221;misure&#8221;] 360 INGRESOS 2022 [\/vc_column_text][\/vc_column][vc_column width=&#8221;1\/4&#8243;][vc_column_text el_class=&#8221;misure&#8221;] +7100 EMPLEADOS 2022 [\/vc_column_text][\/vc_column][vc_column width=&#8221;1\/4&#8243;][vc_column_text el_class=&#8221;misure&#8221;] +3000 CLIENTES [\/vc_column_text][\/vc_column][vc_column width=&#8221;1\/4&#8243;][vc_column_text el_class=&#8221;misure&#8221;] +70 PAISES [\/vc_column_text][\/vc_column][\/vc_row][vc_row][vc_column][vc_column_text el_class=&#8221;gpi_signature_title_human&#8221;] La empresa<\/p>\n","protected":false},"author":23,"featured_media":68629,"parent":0,"menu_order":0,"comment_status":"closed","ping_status":"closed","template":"","meta":{"footnotes":""},"class_list":["post-85746","page","type-page","status-publish","has-post-thumbnail","hentry"],"yoast_head":"<!-- This site is optimized with the Yoast SEO plugin v27.1.1 - https:\/\/yoast.com\/product\/yoast-seo-wordpress\/ -->\n<title>La empresa | GPI<\/title>\n<meta name=\"description\" content=\"Desde Gpi Iberia queremos que nuestros clientes sean m\u00e1s eficientes proporcionandoles soluciones de software de \u00faltima generaci\u00f3n.\" \/>\n<meta name=\"robots\" content=\"index, follow, max-snippet:-1, max-image-preview:large, max-video-preview:-1\" \/>\n<link rel=\"canonical\" href=\"https:\/\/www.gpigroup.com\/es-la\/la-empresa\/\" \/>\n<meta property=\"og:locale\" content=\"es_ES\" \/>\n<meta property=\"og:type\" content=\"article\" \/>\n<meta property=\"og:title\" content=\"La empresa | GPI\" \/>\n<meta property=\"og:description\" content=\"Desde Gpi Iberia queremos que nuestros clientes sean m\u00e1s eficientes proporcionandoles soluciones de software de \u00faltima generaci\u00f3n.\" \/>\n<meta property=\"og:url\" content=\"https:\/\/www.gpigroup.com\/es-la\/la-empresa\/\" \/>\n<meta property=\"og:site_name\" content=\"GPI\" \/>\n<meta property=\"article:publisher\" content=\"https:\/\/www.facebook.com\/GruppoGPI\/\" \/>\n<meta property=\"article:modified_time\" content=\"2023-04-15T10:20:34+00:00\" \/>\n<meta property=\"og:image\" content=\"https:\/\/www.gpigroup.com\/app\/uploads\/2019\/04\/og-link-preview-1.png\" \/>\n\t<meta property=\"og:image:width\" content=\"1366\" \/>\n\t<meta property=\"og:image:height\" content=\"768\" \/>\n\t<meta property=\"og:image:type\" content=\"image\/png\" \/>\n<meta name=\"twitter:card\" content=\"summary_large_image\" \/>\n<meta name=\"twitter:label1\" content=\"Est. reading time\" \/>\n\t<meta name=\"twitter:data1\" content=\"4 minutes\" \/>\n<script type=\"application\/ld+json\" class=\"yoast-schema-graph\">{\"@context\":\"https:\/\/schema.org\",\"@graph\":[{\"@type\":\"WebPage\",\"@id\":\"https:\/\/www.gpigroup.com\/es-la\/la-empresa\/\",\"url\":\"https:\/\/www.gpigroup.com\/es-la\/la-empresa\/\",\"name\":\"La empresa | GPI\",\"isPartOf\":{\"@id\":\"https:\/\/www.gpigroup.com\/es-la\/#website\"},\"primaryImageOfPage\":{\"@id\":\"https:\/\/www.gpigroup.com\/es-la\/la-empresa\/#primaryimage\"},\"image\":{\"@id\":\"https:\/\/www.gpigroup.com\/es-la\/la-empresa\/#primaryimage\"},\"thumbnailUrl\":\"https:\/\/www.gpigroup.com\/app\/uploads\/2019\/04\/og-link-preview-1.png\",\"datePublished\":\"2019-03-06T08:06:51+00:00\",\"dateModified\":\"2023-04-15T10:20:34+00:00\",\"description\":\"Desde Gpi Iberia queremos que nuestros clientes sean m\u00e1s eficientes proporcionandoles soluciones de software de \u00faltima generaci\u00f3n.\",\"breadcrumb\":{\"@id\":\"https:\/\/www.gpigroup.com\/es-la\/la-empresa\/#breadcrumb\"},\"inLanguage\":\"es-LA\",\"potentialAction\":[{\"@type\":\"ReadAction\",\"target\":[\"https:\/\/www.gpigroup.com\/es-la\/la-empresa\/\"]}]},{\"@type\":\"ImageObject\",\"inLanguage\":\"es-LA\",\"@id\":\"https:\/\/www.gpigroup.com\/es-la\/la-empresa\/#primaryimage\",\"url\":\"https:\/\/www.gpigroup.com\/app\/uploads\/2019\/04\/og-link-preview-1.png\",\"contentUrl\":\"https:\/\/www.gpigroup.com\/app\/uploads\/2019\/04\/og-link-preview-1.png\",\"width\":1366,\"height\":768},{\"@type\":\"BreadcrumbList\",\"@id\":\"https:\/\/www.gpigroup.com\/es-la\/la-empresa\/#breadcrumb\",\"itemListElement\":[{\"@type\":\"ListItem\",\"position\":1,\"name\":\"Home\",\"item\":\"https:\/\/www.gpigroup.com\/es-la\/\"},{\"@type\":\"ListItem\",\"position\":2,\"name\":\"La empresa\"}]},{\"@type\":\"WebSite\",\"@id\":\"https:\/\/www.gpigroup.com\/es-la\/#website\",\"url\":\"https:\/\/www.gpigroup.com\/es-la\/\",\"name\":\"GPI\",\"description\":\"The Healthcare Partner\",\"publisher\":{\"@id\":\"https:\/\/www.gpigroup.com\/es-la\/#organization\"},\"potentialAction\":[{\"@type\":\"SearchAction\",\"target\":{\"@type\":\"EntryPoint\",\"urlTemplate\":\"https:\/\/www.gpigroup.com\/es-la\/?s={search_term_string}\"},\"query-input\":{\"@type\":\"PropertyValueSpecification\",\"valueRequired\":true,\"valueName\":\"search_term_string\"}}],\"inLanguage\":\"es-LA\"},{\"@type\":\"Organization\",\"@id\":\"https:\/\/www.gpigroup.com\/es-la\/#organization\",\"name\":\"GPI S.p.A.\",\"url\":\"https:\/\/www.gpigroup.com\/es-la\/\",\"logo\":{\"@type\":\"ImageObject\",\"inLanguage\":\"es-LA\",\"@id\":\"https:\/\/www.gpigroup.com\/es-la\/#\/schema\/logo\/image\/\",\"url\":\"https:\/\/www.gpigroup.com\/app\/uploads\/2023\/03\/logo-GPI-2019-1.jpg\",\"contentUrl\":\"https:\/\/www.gpigroup.com\/app\/uploads\/2023\/03\/logo-GPI-2019-1.jpg\",\"width\":1946,\"height\":1945,\"caption\":\"GPI S.p.A.\"},\"image\":{\"@id\":\"https:\/\/www.gpigroup.com\/es-la\/#\/schema\/logo\/image\/\"},\"sameAs\":[\"https:\/\/www.facebook.com\/GruppoGPI\/\",\"https:\/\/www.linkedin.com\/company\/gpi-spa\",\"http:\/\/www.youtube.com\/user\/GruppoGPI\"]}]}<\/script>\n<!-- \/ Yoast SEO plugin. -->","yoast_head_json":{"title":"La empresa | GPI","description":"Desde Gpi Iberia queremos que nuestros clientes sean m\u00e1s eficientes proporcionandoles soluciones de software de \u00faltima generaci\u00f3n.","robots":{"index":"index","follow":"follow","max-snippet":"max-snippet:-1","max-image-preview":"max-image-preview:large","max-video-preview":"max-video-preview:-1"},"canonical":"https:\/\/www.gpigroup.com\/es-la\/la-empresa\/","og_locale":"es_ES","og_type":"article","og_title":"La empresa | GPI","og_description":"Desde Gpi Iberia queremos que nuestros clientes sean m\u00e1s eficientes proporcionandoles soluciones de software de \u00faltima generaci\u00f3n.","og_url":"https:\/\/www.gpigroup.com\/es-la\/la-empresa\/","og_site_name":"GPI","article_publisher":"https:\/\/www.facebook.com\/GruppoGPI\/","article_modified_time":"2023-04-15T10:20:34+00:00","og_image":[{"width":1366,"height":768,"url":"https:\/\/www.gpigroup.com\/app\/uploads\/2019\/04\/og-link-preview-1.png","type":"image\/png"}],"twitter_card":"summary_large_image","twitter_misc":{"Est. reading time":"4 minutes"},"schema":{"@context":"https:\/\/schema.org","@graph":[{"@type":"WebPage","@id":"https:\/\/www.gpigroup.com\/es-la\/la-empresa\/","url":"https:\/\/www.gpigroup.com\/es-la\/la-empresa\/","name":"La empresa | GPI","isPartOf":{"@id":"https:\/\/www.gpigroup.com\/es-la\/#website"},"primaryImageOfPage":{"@id":"https:\/\/www.gpigroup.com\/es-la\/la-empresa\/#primaryimage"},"image":{"@id":"https:\/\/www.gpigroup.com\/es-la\/la-empresa\/#primaryimage"},"thumbnailUrl":"https:\/\/www.gpigroup.com\/app\/uploads\/2019\/04\/og-link-preview-1.png","datePublished":"2019-03-06T08:06:51+00:00","dateModified":"2023-04-15T10:20:34+00:00","description":"Desde Gpi Iberia queremos que nuestros clientes sean m\u00e1s eficientes proporcionandoles soluciones de software de \u00faltima generaci\u00f3n.","breadcrumb":{"@id":"https:\/\/www.gpigroup.com\/es-la\/la-empresa\/#breadcrumb"},"inLanguage":"es-LA","potentialAction":[{"@type":"ReadAction","target":["https:\/\/www.gpigroup.com\/es-la\/la-empresa\/"]}]},{"@type":"ImageObject","inLanguage":"es-LA","@id":"https:\/\/www.gpigroup.com\/es-la\/la-empresa\/#primaryimage","url":"https:\/\/www.gpigroup.com\/app\/uploads\/2019\/04\/og-link-preview-1.png","contentUrl":"https:\/\/www.gpigroup.com\/app\/uploads\/2019\/04\/og-link-preview-1.png","width":1366,"height":768},{"@type":"BreadcrumbList","@id":"https:\/\/www.gpigroup.com\/es-la\/la-empresa\/#breadcrumb","itemListElement":[{"@type":"ListItem","position":1,"name":"Home","item":"https:\/\/www.gpigroup.com\/es-la\/"},{"@type":"ListItem","position":2,"name":"La empresa"}]},{"@type":"WebSite","@id":"https:\/\/www.gpigroup.com\/es-la\/#website","url":"https:\/\/www.gpigroup.com\/es-la\/","name":"GPI","description":"The Healthcare Partner","publisher":{"@id":"https:\/\/www.gpigroup.com\/es-la\/#organization"},"potentialAction":[{"@type":"SearchAction","target":{"@type":"EntryPoint","urlTemplate":"https:\/\/www.gpigroup.com\/es-la\/?s={search_term_string}"},"query-input":{"@type":"PropertyValueSpecification","valueRequired":true,"valueName":"search_term_string"}}],"inLanguage":"es-LA"},{"@type":"Organization","@id":"https:\/\/www.gpigroup.com\/es-la\/#organization","name":"GPI S.p.A.","url":"https:\/\/www.gpigroup.com\/es-la\/","logo":{"@type":"ImageObject","inLanguage":"es-LA","@id":"https:\/\/www.gpigroup.com\/es-la\/#\/schema\/logo\/image\/","url":"https:\/\/www.gpigroup.com\/app\/uploads\/2023\/03\/logo-GPI-2019-1.jpg","contentUrl":"https:\/\/www.gpigroup.com\/app\/uploads\/2023\/03\/logo-GPI-2019-1.jpg","width":1946,"height":1945,"caption":"GPI S.p.A."},"image":{"@id":"https:\/\/www.gpigroup.com\/es-la\/#\/schema\/logo\/image\/"},"sameAs":["https:\/\/www.facebook.com\/GruppoGPI\/","https:\/\/www.linkedin.com\/company\/gpi-spa","http:\/\/www.youtube.com\/user\/GruppoGPI"]}]}},"_links":{"self":[{"href":"https:\/\/www.gpigroup.com\/es-la\/wp-json\/wp\/v2\/pages\/85746","targetHints":{"allow":["GET"]}}],"collection":[{"href":"https:\/\/www.gpigroup.com\/es-la\/wp-json\/wp\/v2\/pages"}],"about":[{"href":"https:\/\/www.gpigroup.com\/es-la\/wp-json\/wp\/v2\/types\/page"}],"author":[{"embeddable":true,"href":"https:\/\/www.gpigroup.com\/es-la\/wp-json\/wp\/v2\/users\/23"}],"replies":[{"embeddable":true,"href":"https:\/\/www.gpigroup.com\/es-la\/wp-json\/wp\/v2\/comments?post=85746"}],"version-history":[{"count":30,"href":"https:\/\/www.gpigroup.com\/es-la\/wp-json\/wp\/v2\/pages\/85746\/revisions"}],"predecessor-version":[{"id":100987,"href":"https:\/\/www.gpigroup.com\/es-la\/wp-json\/wp\/v2\/pages\/85746\/revisions\/100987"}],"wp:featuredmedia":[{"embeddable":true,"href":"https:\/\/www.gpigroup.com\/es-la\/wp-json\/wp\/v2\/media\/68629"}],"wp:attachment":[{"href":"https:\/\/www.gpigroup.com\/es-la\/wp-json\/wp\/v2\/media?parent=85746"}],"curies":[{"name":"wp","href":"https:\/\/api.w.org\/{rel}","templated":true}]}}