{"id":85572,"date":"2020-04-06T15:01:21","date_gmt":"2020-04-06T13:01:21","guid":{"rendered":"https:\/\/www.gpi.it\/backup\/privacy-policy\/"},"modified":"2026-01-08T12:19:49","modified_gmt":"2026-01-08T11:19:49","slug":"privacy-policy","status":"publish","type":"page","link":"https:\/\/www.gpigroup.com\/es-la\/privacy-policy\/","title":{"rendered":"Privacy Policy"},"content":{"rendered":"<div class=\"wpb-content-wrapper\"><p>[vc_row full_width=&#8221;stretch_row&#8221; css=&#8221;.vc_custom_1553766882955{padding-bottom: 30px !important;}&#8221; el_class=&#8221;text-row my-0&#8243;][vc_column][vc_row_inner][vc_column_inner][vc_column_text css=&#8221;&#8221;]<\/p>\n<div class=\"row asa-title\">\n<div class=\"col-12 col-md-6\">\n<div class=\"gpi_signature_title_human\">\n<h1>INFORMACI\u00d3N SOBRE EL TRATAMIENTO DE DATOS PERSONALES CONFORME AL ART. 13 DEL REGLAMENTO UE 2016\/679 Edici\u00f3n noviembre de 2025 <\/h1>\n<\/div>\n<\/div>\n<\/div>\n<p>[\/vc_column_text][\/vc_column_inner][\/vc_row_inner][vc_row_inner][vc_column_inner width=&#8221;1\/3&#8243;][\/vc_column_inner][vc_column_inner width=&#8221;2\/3&#8243;][vc_column_text css=&#8221;&#8221;]<strong>Edizione novembre 2025<\/strong><\/p>\n<p>La presente nota informativa ha sido redactada como complemento de las anteriores y no constituye una sustituci\u00f3n de las mismas.<\/p>\n<p>De conformidad con el art. 13 del Reglamento (UE) 2016\/679 (RGPD), la presente informaci\u00f3n tiene por objeto sus datos personales, es decir, la informaci\u00f3n referida a usted, tratados por GPI S.p.A. en el \u00e1mbito del sitio web <a href=\"https:\/\/www.gpigroup.com\/es-la\/\" target=\"_blank\" rel=\"noopener\" data-saferedirecturl=\"https:\/\/www.google.com\/url?q=https:\/\/www.gpigroup.com\/es-la\/&amp;source=gmail&amp;ust=1767942859184000&amp;usg=AOvVaw1e3Xz-UBaq3AiaYMMKbZ75\">https:\/\/www.gpigroup.com\/.<\/a> <\/p>\n<h4>1. IDENTIDAD Y DATOS DE CONTACTO DEL RESPONSABLE DEL TRATAMIENTO<\/h4>\n<p>1.1. 1.1. El Responsable del Tratamiento es GPI S.p.A., con domicilio social en Via Ragazzi del \u201999 n. 13 \u2013 38123 Trento (TN), N.\u00ba IVA: 01944260221.<\/p>\n<p>1.2. Informaci\u00f3n de contacto: a) tel\u00e9fono: +39 0461381515; b) correo electr\u00f3nico: <a href=\"mailto:info@gpi.it\" target=\"_blank\" rel=\"noopener\">info@gpi.it.<\/a>    <\/p>\n<h4>2. DATOS TRATADOS, FINALIDADES Y BASE JUR\u00cdDICA DEL TRATAMIENTO, NATURALEZA DEL SUMINISTRO, PLAZO DE CONSERVACI\u00d3N<\/h4>\n<p>2.1. 2.1. En el presente apartado, en relaci\u00f3n con cada finalidad, se le indicar\u00e1n tambi\u00e9n: los datos personales tratados, la base jur\u00eddica del tratamiento, la naturaleza del suministro y el plazo de conservaci\u00f3n.<\/p>\n<p><strong>A. Navegaci\u00f3n sitio web.<\/strong> <u>Datos personales tratados:<\/u>datos personales transmitidos impl\u00edcitamente durante el uso de los protocolos de comunicaci\u00f3n de internet (IP, nombres de dominio de los ordenadores utilizados para la conexi\u00f3n al sitio, direcciones en notaci\u00f3n URI \u2013 Uniform Resource Identifier \u2013 de los recursos solicitados, la hora de la solicitud, el m\u00e9todo utilizado al enviar la solicitud al servidor, el tama\u00f1o del archivo obtenido como respuesta, el c\u00f3digo num\u00e9rico que indica el estado de la respuesta del servidor y otros par\u00e1metros relativos al sistema operativo y al entorno inform\u00e1tico del usuario). <u>Finalidad<\/u>permitir la navegaci\u00f3n y la consulta del sitio web. <u>Base jur\u00eddica:<\/u>art. 6.1 letra f) RGPD ya que el tratamiento es necesario para la satisfacci\u00f3n del inter\u00e9s leg\u00edtimo del responsable. <u>Naturaleza del suministro:<\/u>necesaria para poder navegar en el sitio web. <u>Plazo de conservaci\u00f3n:<\/u>toda la duraci\u00f3n de la sesi\u00f3n de navegaci\u00f3n en relaci\u00f3n con los datos recogidos durante la misma y durante un plazo no superior al estrictamente necesario para conseguir los fines para los que se han recogido, y en cualquier caso durante un periodo coherente con lo previsto por la normativa vigente en materia de seguridad de las redes y sistemas de informaci\u00f3n, incluidas las disposiciones nacionales de aplicaci\u00f3n de la Directiva (UE) 2022\/2555 (Directiva NIS2) y de la Directiva sobre Comunicaciones Electr\u00f3nicas (Directiva 2002\/58\/CE, conocida tambi\u00e9n como &#8220;directiva ePrivacy&#8221;), salvo un periodo ulterior si fuera necesario para la determinaci\u00f3n de la responsabilidad de eventuales delitos inform\u00e1ticos.<\/p>\n<p><strong>B. Solicitud de informaci\u00f3n. <\/strong><br \/>\nDatos personales tratados: nombre, apellido, direcci\u00f3n de correo electr\u00f3nico, as\u00ed como datos facultativos tales como la profesi\u00f3n, la entidad de referencia, el n\u00famero de tel\u00e9fono, el pa\u00eds de procedencia y otra informaci\u00f3n que usted proporcione voluntariamente.<\/p>\n<p>Finalidad: responder a las solicitudes de informaci\u00f3n.<\/p>\n<p>Base jur\u00eddica: art. 6.1 letra b) RGPD ya que el tratamiento es necesario para la ejecuci\u00f3n de un contrato en el que el interesado es parte o para la aplicaci\u00f3n a petici\u00f3n de este de medidas precontractuales.<\/p>\n<p>Naturaleza del suministro: necesaria para poder realizar solicitudes de informaci\u00f3n.<\/p>\n<p>Plazo de conservaci\u00f3n: durante todo el tiempo necesario para responder a sus solicitudes de informaci\u00f3n.<\/p>\n<p>C. Prevenci\u00f3n de fraudes. Datos personales tratados: comportamiento en el sitio web, incluidas tambi\u00e9n las direcciones IP.<\/p>\n<p>Finalidad: seguridad y prevenci\u00f3n de conductas fraudulentas, por lo que el responsable utiliza un sistema de control autom\u00e1tico que conlleva la detecci\u00f3n y el an\u00e1lisis de comportamientos de los usuarios en el sitio asociada al tratamiento de datos personales, incluida la direcci\u00f3n IP.<\/p>\n<p>Base jur\u00eddica: art. 6.1 letra f) RGPD ya que el tratamiento es necesario para la satisfacci\u00f3n del inter\u00e9s leg\u00edtimo del responsable.<\/p>\n<p>Naturaleza del suministro: necesaria para poder navegar en el sitio web.<\/p>\n<p>Plazo de conservaci\u00f3n: durante un plazo no superior al estrictamente necesario para conseguir los fines para los que se han recogido, y en cualquier caso durante un periodo coherente con lo previsto por la normativa vigente en materia de seguridad de las redes y sistemas de informaci\u00f3n, incluidas las disposiciones nacionales de aplicaci\u00f3n de la Directiva (UE) 2022\/2555 (Directiva NIS2) y de la Directiva sobre Comunicaciones Electr\u00f3nicas (Directiva 2002\/58\/CE, conocida tambi\u00e9n como &#8220;directiva ePrivacy&#8221;), salvo el caso en que se verifique una anomal\u00eda. En tal caso, los datos se conservar\u00e1n hasta que se determinen los comportamientos y, en caso de acci\u00f3n legal, hasta el t\u00e9rmino de la misma.<\/p>\n<p>2.2. 2.2. En relaci\u00f3n con la secci\u00f3n \u201cTrabaja con nosotros\u201d, se remite a la nota informativa espec\u00edfica contenida en la secci\u00f3n correspondiente.<\/p>\n<p>2.3. 2.3. En relaci\u00f3n con las cookies, se ruega consultar la pol\u00edtica de cookies disponible en la secci\u00f3n espec\u00edfica en el presente sitio web.<\/p>\n<p>2.4. 2.4. En relaci\u00f3n con la navegaci\u00f3n en los perfiles de las redes sociales del Responsable, se remite a la correspondiente secci\u00f3n de privacidad de los respectivos sitios web.<\/p>\n<p>2.5. 2.5. Sus datos personales podr\u00e1n ser tratados, si fuera necesario y posteriormente a su suministro para las finalidades indicadas anteriormente, para determinar, ejercer o defender un derecho en sede judicial, sobre la base del inter\u00e9s leg\u00edtimo del responsable del tratamiento (art. 6.1 letra f) RGPD).<\/p>\n<h4>3. POSIBLES DESTINATARIOS DE LOS DATOS<\/h4>\n<p>3.1. 3.1. Para prestar los servicios solicitados, el Responsable del tratamiento puede confiar sus datos personales a varios proveedores de servicios, con los que ha elaborado un contrato espec\u00edfico destinado a proteger sus datos personales y a respetar la normativa sobre protecci\u00f3n de datos personales. Se trata de sujetos identificados como Encargados del tratamiento, que podr\u00e1n tratar sus datos personales sobre la base de un encargo espec\u00edfico de conformidad con el art. 28 RGPD, siguiendo las instrucciones y las directrices proporcionadas por el Responsable. En particular, puede tratarse de: a) personas, sociedades o despachos profesionales que prestan actividades de asistencia y consultor\u00eda al Responsable; b) sujetos con los que es necesario interactuar para permitir la navegaci\u00f3n del sitio web, por ejemplo el proveedor del servicio de hosting; c) sujetos delegados para llevar a cabo actividades de asistencia y mantenimiento t\u00e9cnico de los aparatos de red y de las redes de comunicaci\u00f3n electr\u00f3nica. La lista completa de los encargados del tratamiento est\u00e1 disponible enviando una solicitud al Responsable a uno de los puntos de contacto indicados en la presente nota informativa.      <\/p>\n<p>3.2. 3.2. El Responsable podr\u00e1 comunicar sus datos personales a sujetos, entidades o autoridades a los que la comunicaci\u00f3n sea obligatoria en virtud de disposiciones legales o de \u00f3rdenes de las autoridades. Dichos sujetos operar\u00e1n como responsables aut\u00f3nomos del tratamiento. <\/p>\n<p>3.3. 3.3. Sus datos personales podr\u00e1n ser comunicados y tratados por personas autorizadas por el Responsable para el tratamiento de conformidad con el art. 29 RGPD, que se hayan comprometido a la confidencialidad o tengan una obligaci\u00f3n legal adecuada de confidencialidad, tales como los empleados de la Empresa. <\/p>\n<h4>4. TRANSFERENCIA DE DATOS A PA\u00cdSES EXTRA-UE Y\/U ORGANIZACIONES INTERNACIONALES<\/h4>\n<p>4.1. 4.1. Sus datos personales podr\u00e1n ser transferidos a Pa\u00edses Extra-UE sobre la base de las cl\u00e1usulas contractuales tipo a las que se refiere el art. 46 RGPD. <\/p>\n<p>4.2. 4.2. En relaci\u00f3n con las cookies, se ruega consultar la pol\u00edtica de cookies disponible en el presente sitio web.<\/p>\n<h4>5. DERECHOS DEL INTERESADO Y RECLAMACI\u00d3N<\/h4>\n<p>5.1. 5.1. En relaci\u00f3n con los datos mismos, el interesado, o un sujeto delegado por escrito, puede ejercer los siguientes derechos, tambi\u00e9n escribiendo a los puntos de contacto del responsable indicados en la presente nota informativa: a) el derecho de acceso de conformidad con el art. 15 RGPD; b) el derecho de rectificaci\u00f3n de conformidad con el art. 16 RGPD; c) el derecho al olvido de conformidad con el art. 17 RGPD; d) el derecho de limitaci\u00f3n del tratamiento cuando concurra una de las hip\u00f3tesis previstas por el art. 18 RGPD; e) el derecho a recibir la certificaci\u00f3n de que las operaciones efectuadas conforme a los arts. 16, 17 y 18 RGPD han sido puestas en conocimiento de aquellos a quienes se han comunicado los datos, salvo que ello resulte imposible o implique un esfuerzo desproporcionado (art. 19 RGPD); f) el derecho a la portabilidad de los datos de conformidad con el art. 20 RGPD; f) [sic] el derecho de oposici\u00f3n al tratamiento de los datos personales de conformidad con el art. 21 RGPD; g) el derecho a no ser objeto de una decisi\u00f3n basada \u00fanicamente en el tratamiento automatizado de conformidad con el art. 22 RGPD; g) [sic] el derecho de revocaci\u00f3n del consentimiento en cualquier momento de conformidad con el art. 7 RGPD; h) el derecho a presentar una reclamaci\u00f3n ante una autoridad de control de conformidad con el art. 77 RGPD.                  <\/p>\n<h4>6. INFORMACI\u00d3N ADICIONAL<\/h4>\n<p>6.1. 6.1. El Responsable del tratamiento queda a disposici\u00f3n para cualquier necesidad de aclaraci\u00f3n y, si el tratamiento debiera ser modificado con respecto al descrito en el presente documento, el responsable proporcionar\u00e1 una nota informativa espec\u00edfica actualizada.<br \/>\n<br \/>6.2. La protecci\u00f3n de los datos que le conciernen y el respeto de los principios previstos por la normativa, con particular referencia al principio de transparencia, son para nosotros valores de importancia primordial; le agradeceremos si quiere ayudarnos se\u00f1al\u00e1ndonos eventuales incomprensiones del presente documento o sugiriendo mejoras en las referencias del responsable como se indica anteriormente. <\/p>\n<h4>7. DELEGADO DE PROTECCI\u00d3N DE DATOS<\/h4>\n<p>7.1. 7.1. GPI S.p.A. ha nombrado al delegado de protecci\u00f3n de datos (RPD\/DPO\/DPD), que podr\u00e1 ser contactado en los siguientes datos para todas las cuestiones relativas al tratamiento de los datos personales y al ejercicio de los derechos derivados del RGPD: a) tel\u00e9fono: +39 055750808; b) correo electr\u00f3nico: <a href=\"mailto:dpo@gpi.it\" target=\"_blank\" rel=\"noopener\">dpo@gpi.it<\/a>.  [\/vc_column_text][\/vc_column_inner][\/vc_row_inner][\/vc_column][\/vc_row]<\/p>\n<\/div>","protected":false},"excerpt":{"rendered":"<p>[vc_row full_width=&#8221;stretch_row&#8221; css=&#8221;.vc_custom_1553766882955{padding-bottom: 30px !important;}&#8221; el_class=&#8221;text-row my-0&#8243;][vc_column][vc_row_inner][vc_column_inner][vc_column_text css=&#8221;&#8221;] INFORMACI\u00d3N SOBRE EL TRATAMIENTO DE DATOS PERSONALES CONFORME AL ART. 13 DEL REGLAMENTO UE 2016\/679 Edici\u00f3n noviembre de 2025 [\/vc_column_text][\/vc_column_inner][\/vc_row_inner][vc_row_inner][vc_column_inner width=&#8221;1\/3&#8243;][\/vc_column_inner][vc_column_inner width=&#8221;2\/3&#8243;][vc_column_text css=&#8221;&#8221;]Edizione novembre 2025 La presente nota informativa ha sido redactada como complemento de las anteriores y no constituye una sustituci\u00f3n de las mismas. De conformidad<\/p>\n","protected":false},"author":1,"featured_media":68629,"parent":0,"menu_order":0,"comment_status":"closed","ping_status":"closed","template":"","meta":{"footnotes":""},"class_list":["post-85572","page","type-page","status-publish","has-post-thumbnail","hentry"],"yoast_head":"<!-- This site is optimized with the Yoast SEO plugin v27.1.1 - https:\/\/yoast.com\/product\/yoast-seo-wordpress\/ -->\n<title>Privacy Policy | GPI<\/title>\n<meta name=\"robots\" content=\"index, follow, max-snippet:-1, max-image-preview:large, max-video-preview:-1\" \/>\n<link rel=\"canonical\" href=\"https:\/\/www.gpigroup.com\/es-la\/privacy-policy\/\" \/>\n<meta property=\"og:locale\" content=\"es_ES\" \/>\n<meta property=\"og:type\" content=\"article\" \/>\n<meta property=\"og:title\" content=\"Privacy Policy | GPI\" \/>\n<meta property=\"og:description\" content=\"[vc_row full_width=&#8221;stretch_row&#8221; css=&#8221;.vc_custom_1553766882955{padding-bottom: 30px !important;}&#8221; el_class=&#8221;text-row my-0&#8243;][vc_column][vc_row_inner][vc_column_inner][vc_column_text css=&#8221;&#8221;] INFORMACI\u00d3N SOBRE EL TRATAMIENTO DE DATOS PERSONALES CONFORME AL ART. 13 DEL REGLAMENTO UE 2016\/679 Edici\u00f3n noviembre de 2025 [\/vc_column_text][\/vc_column_inner][\/vc_row_inner][vc_row_inner][vc_column_inner width=&#8221;1\/3&#8243;][\/vc_column_inner][vc_column_inner width=&#8221;2\/3&#8243;][vc_column_text css=&#8221;&#8221;]Edizione novembre 2025 La presente nota informativa ha sido redactada como complemento de las anteriores y no constituye una sustituci\u00f3n de las mismas. De conformidad\" \/>\n<meta property=\"og:url\" content=\"https:\/\/www.gpigroup.com\/es-la\/privacy-policy\/\" \/>\n<meta property=\"og:site_name\" content=\"GPI\" \/>\n<meta property=\"article:publisher\" content=\"https:\/\/www.facebook.com\/GruppoGPI\/\" \/>\n<meta property=\"article:modified_time\" content=\"2026-01-08T11:19:49+00:00\" \/>\n<meta property=\"og:image\" content=\"https:\/\/www.gpigroup.com\/app\/uploads\/2019\/04\/og-link-preview-1.png\" \/>\n\t<meta property=\"og:image:width\" content=\"1366\" \/>\n\t<meta property=\"og:image:height\" content=\"768\" \/>\n\t<meta property=\"og:image:type\" content=\"image\/png\" \/>\n<meta name=\"twitter:card\" content=\"summary_large_image\" \/>\n<meta name=\"twitter:label1\" content=\"Est. reading time\" \/>\n\t<meta name=\"twitter:data1\" content=\"9 minutes\" \/>\n<script type=\"application\/ld+json\" class=\"yoast-schema-graph\">{\"@context\":\"https:\/\/schema.org\",\"@graph\":[{\"@type\":\"WebPage\",\"@id\":\"https:\/\/www.gpigroup.com\/es-la\/privacy-policy\/\",\"url\":\"https:\/\/www.gpigroup.com\/es-la\/privacy-policy\/\",\"name\":\"Privacy Policy | GPI\",\"isPartOf\":{\"@id\":\"https:\/\/www.gpigroup.com\/es-la\/#website\"},\"primaryImageOfPage\":{\"@id\":\"https:\/\/www.gpigroup.com\/es-la\/privacy-policy\/#primaryimage\"},\"image\":{\"@id\":\"https:\/\/www.gpigroup.com\/es-la\/privacy-policy\/#primaryimage\"},\"thumbnailUrl\":\"https:\/\/www.gpigroup.com\/app\/uploads\/2019\/04\/og-link-preview-1.png\",\"datePublished\":\"2020-04-06T13:01:21+00:00\",\"dateModified\":\"2026-01-08T11:19:49+00:00\",\"breadcrumb\":{\"@id\":\"https:\/\/www.gpigroup.com\/es-la\/privacy-policy\/#breadcrumb\"},\"inLanguage\":\"es-LA\",\"potentialAction\":[{\"@type\":\"ReadAction\",\"target\":[\"https:\/\/www.gpigroup.com\/es-la\/privacy-policy\/\"]}]},{\"@type\":\"ImageObject\",\"inLanguage\":\"es-LA\",\"@id\":\"https:\/\/www.gpigroup.com\/es-la\/privacy-policy\/#primaryimage\",\"url\":\"https:\/\/www.gpigroup.com\/app\/uploads\/2019\/04\/og-link-preview-1.png\",\"contentUrl\":\"https:\/\/www.gpigroup.com\/app\/uploads\/2019\/04\/og-link-preview-1.png\",\"width\":1366,\"height\":768},{\"@type\":\"BreadcrumbList\",\"@id\":\"https:\/\/www.gpigroup.com\/es-la\/privacy-policy\/#breadcrumb\",\"itemListElement\":[{\"@type\":\"ListItem\",\"position\":1,\"name\":\"Home\",\"item\":\"https:\/\/www.gpigroup.com\/es-la\/\"},{\"@type\":\"ListItem\",\"position\":2,\"name\":\"Privacy Policy\"}]},{\"@type\":\"WebSite\",\"@id\":\"https:\/\/www.gpigroup.com\/es-la\/#website\",\"url\":\"https:\/\/www.gpigroup.com\/es-la\/\",\"name\":\"GPI\",\"description\":\"The Healthcare Partner\",\"publisher\":{\"@id\":\"https:\/\/www.gpigroup.com\/es-la\/#organization\"},\"potentialAction\":[{\"@type\":\"SearchAction\",\"target\":{\"@type\":\"EntryPoint\",\"urlTemplate\":\"https:\/\/www.gpigroup.com\/es-la\/?s={search_term_string}\"},\"query-input\":{\"@type\":\"PropertyValueSpecification\",\"valueRequired\":true,\"valueName\":\"search_term_string\"}}],\"inLanguage\":\"es-LA\"},{\"@type\":\"Organization\",\"@id\":\"https:\/\/www.gpigroup.com\/es-la\/#organization\",\"name\":\"GPI S.p.A.\",\"url\":\"https:\/\/www.gpigroup.com\/es-la\/\",\"logo\":{\"@type\":\"ImageObject\",\"inLanguage\":\"es-LA\",\"@id\":\"https:\/\/www.gpigroup.com\/es-la\/#\/schema\/logo\/image\/\",\"url\":\"https:\/\/www.gpigroup.com\/app\/uploads\/2023\/03\/logo-GPI-2019-1.jpg\",\"contentUrl\":\"https:\/\/www.gpigroup.com\/app\/uploads\/2023\/03\/logo-GPI-2019-1.jpg\",\"width\":1946,\"height\":1945,\"caption\":\"GPI S.p.A.\"},\"image\":{\"@id\":\"https:\/\/www.gpigroup.com\/es-la\/#\/schema\/logo\/image\/\"},\"sameAs\":[\"https:\/\/www.facebook.com\/GruppoGPI\/\",\"https:\/\/www.linkedin.com\/company\/gpi-spa\",\"http:\/\/www.youtube.com\/user\/GruppoGPI\"]}]}<\/script>\n<!-- \/ Yoast SEO plugin. -->","yoast_head_json":{"title":"Privacy Policy | GPI","robots":{"index":"index","follow":"follow","max-snippet":"max-snippet:-1","max-image-preview":"max-image-preview:large","max-video-preview":"max-video-preview:-1"},"canonical":"https:\/\/www.gpigroup.com\/es-la\/privacy-policy\/","og_locale":"es_ES","og_type":"article","og_title":"Privacy Policy | GPI","og_description":"[vc_row full_width=&#8221;stretch_row&#8221; css=&#8221;.vc_custom_1553766882955{padding-bottom: 30px !important;}&#8221; el_class=&#8221;text-row my-0&#8243;][vc_column][vc_row_inner][vc_column_inner][vc_column_text css=&#8221;&#8221;] INFORMACI\u00d3N SOBRE EL TRATAMIENTO DE DATOS PERSONALES CONFORME AL ART. 13 DEL REGLAMENTO UE 2016\/679 Edici\u00f3n noviembre de 2025 [\/vc_column_text][\/vc_column_inner][\/vc_row_inner][vc_row_inner][vc_column_inner width=&#8221;1\/3&#8243;][\/vc_column_inner][vc_column_inner width=&#8221;2\/3&#8243;][vc_column_text css=&#8221;&#8221;]Edizione novembre 2025 La presente nota informativa ha sido redactada como complemento de las anteriores y no constituye una sustituci\u00f3n de las mismas. De conformidad","og_url":"https:\/\/www.gpigroup.com\/es-la\/privacy-policy\/","og_site_name":"GPI","article_publisher":"https:\/\/www.facebook.com\/GruppoGPI\/","article_modified_time":"2026-01-08T11:19:49+00:00","og_image":[{"width":1366,"height":768,"url":"https:\/\/www.gpigroup.com\/app\/uploads\/2019\/04\/og-link-preview-1.png","type":"image\/png"}],"twitter_card":"summary_large_image","twitter_misc":{"Est. reading time":"9 minutes"},"schema":{"@context":"https:\/\/schema.org","@graph":[{"@type":"WebPage","@id":"https:\/\/www.gpigroup.com\/es-la\/privacy-policy\/","url":"https:\/\/www.gpigroup.com\/es-la\/privacy-policy\/","name":"Privacy Policy | GPI","isPartOf":{"@id":"https:\/\/www.gpigroup.com\/es-la\/#website"},"primaryImageOfPage":{"@id":"https:\/\/www.gpigroup.com\/es-la\/privacy-policy\/#primaryimage"},"image":{"@id":"https:\/\/www.gpigroup.com\/es-la\/privacy-policy\/#primaryimage"},"thumbnailUrl":"https:\/\/www.gpigroup.com\/app\/uploads\/2019\/04\/og-link-preview-1.png","datePublished":"2020-04-06T13:01:21+00:00","dateModified":"2026-01-08T11:19:49+00:00","breadcrumb":{"@id":"https:\/\/www.gpigroup.com\/es-la\/privacy-policy\/#breadcrumb"},"inLanguage":"es-LA","potentialAction":[{"@type":"ReadAction","target":["https:\/\/www.gpigroup.com\/es-la\/privacy-policy\/"]}]},{"@type":"ImageObject","inLanguage":"es-LA","@id":"https:\/\/www.gpigroup.com\/es-la\/privacy-policy\/#primaryimage","url":"https:\/\/www.gpigroup.com\/app\/uploads\/2019\/04\/og-link-preview-1.png","contentUrl":"https:\/\/www.gpigroup.com\/app\/uploads\/2019\/04\/og-link-preview-1.png","width":1366,"height":768},{"@type":"BreadcrumbList","@id":"https:\/\/www.gpigroup.com\/es-la\/privacy-policy\/#breadcrumb","itemListElement":[{"@type":"ListItem","position":1,"name":"Home","item":"https:\/\/www.gpigroup.com\/es-la\/"},{"@type":"ListItem","position":2,"name":"Privacy Policy"}]},{"@type":"WebSite","@id":"https:\/\/www.gpigroup.com\/es-la\/#website","url":"https:\/\/www.gpigroup.com\/es-la\/","name":"GPI","description":"The Healthcare Partner","publisher":{"@id":"https:\/\/www.gpigroup.com\/es-la\/#organization"},"potentialAction":[{"@type":"SearchAction","target":{"@type":"EntryPoint","urlTemplate":"https:\/\/www.gpigroup.com\/es-la\/?s={search_term_string}"},"query-input":{"@type":"PropertyValueSpecification","valueRequired":true,"valueName":"search_term_string"}}],"inLanguage":"es-LA"},{"@type":"Organization","@id":"https:\/\/www.gpigroup.com\/es-la\/#organization","name":"GPI S.p.A.","url":"https:\/\/www.gpigroup.com\/es-la\/","logo":{"@type":"ImageObject","inLanguage":"es-LA","@id":"https:\/\/www.gpigroup.com\/es-la\/#\/schema\/logo\/image\/","url":"https:\/\/www.gpigroup.com\/app\/uploads\/2023\/03\/logo-GPI-2019-1.jpg","contentUrl":"https:\/\/www.gpigroup.com\/app\/uploads\/2023\/03\/logo-GPI-2019-1.jpg","width":1946,"height":1945,"caption":"GPI S.p.A."},"image":{"@id":"https:\/\/www.gpigroup.com\/es-la\/#\/schema\/logo\/image\/"},"sameAs":["https:\/\/www.facebook.com\/GruppoGPI\/","https:\/\/www.linkedin.com\/company\/gpi-spa","http:\/\/www.youtube.com\/user\/GruppoGPI"]}]}},"_links":{"self":[{"href":"https:\/\/www.gpigroup.com\/es-la\/wp-json\/wp\/v2\/pages\/85572","targetHints":{"allow":["GET"]}}],"collection":[{"href":"https:\/\/www.gpigroup.com\/es-la\/wp-json\/wp\/v2\/pages"}],"about":[{"href":"https:\/\/www.gpigroup.com\/es-la\/wp-json\/wp\/v2\/types\/page"}],"author":[{"embeddable":true,"href":"https:\/\/www.gpigroup.com\/es-la\/wp-json\/wp\/v2\/users\/1"}],"replies":[{"embeddable":true,"href":"https:\/\/www.gpigroup.com\/es-la\/wp-json\/wp\/v2\/comments?post=85572"}],"version-history":[{"count":3,"href":"https:\/\/www.gpigroup.com\/es-la\/wp-json\/wp\/v2\/pages\/85572\/revisions"}],"predecessor-version":[{"id":188163,"href":"https:\/\/www.gpigroup.com\/es-la\/wp-json\/wp\/v2\/pages\/85572\/revisions\/188163"}],"wp:featuredmedia":[{"embeddable":true,"href":"https:\/\/www.gpigroup.com\/es-la\/wp-json\/wp\/v2\/media\/68629"}],"wp:attachment":[{"href":"https:\/\/www.gpigroup.com\/es-la\/wp-json\/wp\/v2\/media?parent=85572"}],"curies":[{"name":"wp","href":"https:\/\/api.w.org\/{rel}","templated":true}]}}