{"id":162502,"date":"2019-03-28T15:22:34","date_gmt":"2019-03-28T14:22:34","guid":{"rendered":"https:\/\/www.gpigroup.com\/automatizacion-de-las-farmacias-comunitarias-2\/"},"modified":"2025-01-29T16:20:36","modified_gmt":"2025-01-29T15:20:36","slug":"automatizacion-de-las-farmacias-comunitarias","status":"publish","type":"page","link":"https:\/\/www.gpigroup.com\/es-la\/automatizacion-de-las-farmacias-comunitarias\/","title":{"rendered":"Automatizaci\u00f3n de las Farmacias Comunitarias"},"content":{"rendered":"<div class=\"wpb-content-wrapper\"><p>[vc_row full_width=&#8221;stretch_row&#8221; css=&#8221;.vc_custom_1715597422046{padding-bottom: 30px !important;}&#8221; el_class=&#8221;text-row my-0&#8243;][vc_column][vc_row_inner][vc_column_inner][vc_column_text]<\/p>\n<div class=\"row asa-title\">\n<div class=\"col-12 col-md-6\">\n<img loading=\"lazy\" decoding=\"async\" width=\"1024\" height=\"576\" src=\"https:\/\/www.gpigroup.com\/app\/uploads\/2019\/05\/asa_automation.jpg\" class=\"asa-image asa-image-mobile rounded-circle d-md-none d-inline\" alt=\"GPI Automation\" srcset=\"https:\/\/www.gpigroup.com\/app\/uploads\/2019\/05\/asa_automation.jpg 1024w, https:\/\/www.gpigroup.com\/app\/uploads\/2019\/05\/asa_automation-300x169.jpg 300w, https:\/\/www.gpigroup.com\/app\/uploads\/2019\/05\/asa_automation-768x432.jpg 768w\" sizes=\"auto, (max-width: 1024px) 100vw, 1024px\" \/>\n<div class=\"gpi_signature_title_tech\">\n<h1>Automatizaci\u00f3n de las Farmacias Comunitarias<\/h1>\n<\/div>\n<\/div>\n<div class=\"col-12 col-md-6\">\n<div class=\"asa-symbol\"><img loading=\"lazy\" decoding=\"async\" class=\"alignnone size-medium wp-image-3114\" role=\"img\" src=\"https:\/\/www.gpigroup.com\/app\/uploads\/\/2019\/03\/Automation-1.svg\" alt=\"\" width=\"24\" height=\"24\" \/> AUTOMATION<\/div>\n<\/div>\n<\/div>\n<p>[\/vc_column_text][\/vc_column_inner][\/vc_row_inner][\/vc_column][\/vc_row][vc_row full_width=&#8221;stretch_row&#8221; css=&#8221;.vc_custom_1553766882955{padding-bottom: 30px !important;}&#8221; el_class=&#8221;text-row my-0&#8243;][vc_column width=&#8221;1\/3&#8243;][vc_column_text]<img loading=\"lazy\" decoding=\"async\" width=\"1024\" height=\"576\" src=\"https:\/\/www.gpigroup.com\/app\/uploads\/2019\/05\/asa_automation.jpg\" class=\"asa-image rounded-circle d-md-inline d-none\" alt=\"GPI Automation\" srcset=\"https:\/\/www.gpigroup.com\/app\/uploads\/2019\/05\/asa_automation.jpg 1024w, https:\/\/www.gpigroup.com\/app\/uploads\/2019\/05\/asa_automation-300x169.jpg 300w, https:\/\/www.gpigroup.com\/app\/uploads\/2019\/05\/asa_automation-768x432.jpg 768w\" sizes=\"auto, (max-width: 1024px) 100vw, 1024px\" \/>[\/vc_column_text][\/vc_column][vc_column width=&#8221;2\/3&#8243;][vc_column_text el_class=&#8221;entice&#8221;]<br \/>\nR\u00e1pida, confiable y vers\u00e1til: RIEDL Phasys reduce los desperdicios y moderniza el trabajo de los farmac\u00e9uticos.<br \/>\n[\/vc_column_text][vc_column_text]<strong>Revolucionando la Automatizaci\u00f3n Farmac\u00e9utica<\/strong><\/p>\n<p>Iniciando una nueva era en la automatizaci\u00f3n de farmacias, RIEDL Phasys (PHarmacy Automation SYStem) representa lo m\u00e1ximo en flexibilidad y eficiencia. En su coraz\u00f3n, se encuentra el compromiso de revolucionar la distribuci\u00f3n de medicamentos, combinando la utilizaci\u00f3n \u00f3ptima del espacio con una mejor experiencia del cliente, al tiempo que acelera el servicio al mostrador a una velocidad sin precedentes.<\/p>\n<p>El coraz\u00f3n tecnol\u00f3gico de RIEDL Phasys es su avanzada tecnolog\u00eda de agarre, que establece un nuevo est\u00e1ndar de rendimiento, precisi\u00f3n y confiabilidad en el mercado actual. Impulsado por ejes de movimiento de vanguardia, el gripper se conecta perfectamente con el sistema de control a trav\u00e9s de una red Wi-Fi dedicada, garantizando una comunicaci\u00f3n y operaci\u00f3n sin interrupciones.<\/p>\n<p>Descubre el futuro de la automatizaci\u00f3n farmac\u00e9utica con RIEDL Phasys: donde la innovaci\u00f3n y la eficiencia se encuentran, transformando la manera en que las farmacias operan, receta por receta.<br \/>\n[\/vc_column_text][\/vc_column][\/vc_row][vc_row full_width=&#8221;stretch_row&#8221; css=&#8221;.vc_custom_1553766882955{padding-bottom: 30px !important;}&#8221; el_class=&#8221;text-row my-0&#8243;][vc_column width=&#8221;1\/3&#8243;][vc_column_text el_class=&#8221;entice&#8221;]<\/p>\n<div class=\"gpi_signature_title_tech\">RIEDL Phasys<\/div>\n<p>[\/vc_column_text][\/vc_column][vc_column width=&#8221;2\/3&#8243;][vc_column_text]<strong>Dise\u00f1ado a medida: RIEDL Phasys es personalizable<\/strong><\/p>\n<p>El coraz\u00f3n de cada sistema RIEDL Phasys es su adaptabilidad sin compromisos. Dise\u00f1ado para satisfacer las necesidades de espacio y gesti\u00f3n, cada unidad Phasys est\u00e1 meticulosamente dise\u00f1ada para integrarse a la perfecci\u00f3n en el dise\u00f1o de su farmacia sin necesidad de intervenci\u00f3n estructural.<\/p>\n<p>Pero la personalizaci\u00f3n no termina aqu\u00ed. Con una gama de colores personalizables y la opci\u00f3n de paneles externos de vidrio, cada RIEDL Phasys se convierte en un reflejo \u00fanico de la identidad de tu farmacia. Desde un estilo moderno y elegante hasta uno cl\u00e1sico y acogedor, las posibilidades est\u00e9ticas son infinitas, garantizando que tu farmacia se distinga mientras ofrece eficiencia y servicio sin igual.<\/p>\n<p>Vive la combinaci\u00f3n perfecta de forma y funci\u00f3n con RIEDL Phasys: donde la flexibilidad y el estilo se encuentran, transformando tu farmacia en un faro de innovaci\u00f3n y servicio personalizado.<br \/>\n[\/vc_column_text][vc_images_carousel images=&#8221;147583,147595,147607,147619,147631,147643,147655&#8243; img_size=&#8221;full&#8221; speed=&#8221;3000&#8243; autoplay=&#8221;yes&#8221; wrap=&#8221;yes&#8221;][vc_column_text css=&#8221;&#8221; el_class=&#8221;mb-0&#8243;]<\/p>\n<p style=\"text-align: right;\"><a class=\"btn call-to-action\" href=\"https:\/\/www.gpigroup.com\/app\/uploads\/2025\/01\/2025-Brochure-RIEDL-Phasys_ENG_vision_V6.pdf\" target=\"_blank\" rel=\"noopener\">Descargar el folleto de RIEDL Phasys<\/a><\/p>\n<p>[\/vc_column_text][\/vc_column][\/vc_row][vc_row full_width=&#8221;stretch_row&#8221; css=&#8221;.vc_custom_1553766882955{padding-bottom: 30px !important;}&#8221; el_class=&#8221;text-row my-0&#8243;][vc_column width=&#8221;1\/3&#8243;][vc_column_text el_class=&#8221;entice&#8221;]<\/p>\n<div class=\"gpi_signature_title_tech\">Easy Phasys<\/div>\n<p>[\/vc_column_text][\/vc_column][vc_column width=&#8221;2\/3&#8243;][vc_column_text]<strong>Velocidad, fiabilidad y precisi\u00f3n en un formato est\u00e1ndar<\/strong><\/p>\n<p>Easy Phasys es la soluci\u00f3n ideal para automatizar r\u00e1pidamente y sin esfuerzo la gesti\u00f3n de medicamentos en tu farmacia. Basado en la tecnolog\u00eda probada de RIEDL Phasys, hereda el mismo gripper de alto rendimiento, garantizando los m\u00e1ximos niveles de velocidad y precisi\u00f3n.<\/p>\n<p>Al igual que su hermano mayor, Easy Phasys es el resultado de la colaboraci\u00f3n entre un equipo de ingenieros alemanes con m\u00e1s de dos d\u00e9cadas de experiencia en automatizaci\u00f3n farmac\u00e9utica y el Grupo GPI, l\u00edder en la creaci\u00f3n de soluciones digitales para el sector sanitario.<\/p>\n<p>Disponible en 10 modelos de diferentes tama\u00f1os, Easy Phasys es la opci\u00f3n perfecta para quienes buscan una automatizaci\u00f3n de calidad accesible y sin compromisos.<br \/>\n[\/vc_column_text][vc_single_image image=&#8221;150085&#8243; img_size=&#8221;full&#8221;][vc_column_text css=&#8221;&#8221; el_class=&#8221;mb-0&#8243;]<\/p>\n<p style=\"text-align: right;\"><a class=\"btn call-to-action\" href=\"https:\/\/www.gpigroup.com\/app\/uploads\/2025\/01\/2025-Brochure-Easy-Phasys_ES_V1.pdf\" target=\"_blank\" rel=\"noopener\">Descargar el folleto de Easy Phasys<\/a><\/p>\n<p>[\/vc_column_text][\/vc_column][\/vc_row]<\/p>\n[vc_row full_width=\"stretch_row\" el_class=\"text-row my-0\"][vc_column][vc_row_inner][vc_column_inner width=\"1\/3\"][\/vc_column_inner][vc_column_inner width=\"1\/3\"][vc_column_text el_class=\"text-right text-md-left\"][\/vc_column_text][\/vc_column_inner][vc_column_inner width=\"1\/3\"][vc_column_text el_class=\"text-right\"]<a class=\"btn call-to-action\" href=\"https:\/\/riedlautomation.com\/\" target=\"_blank\" rel=\"noopener noreferrer\">Visit the website<\/a>[\/vc_column_text][\/vc_column_inner][\/vc_row_inner][vc_row_inner][vc_column_inner][vc_raw_html]JTVCY29udGFjdC1mb3JtLTclMjBpZCUzRCUyMjcwODklMjIlMjB0aXRsZSUzRCUyMkRvd25sb2FkJTIwYnJvY2h1cmUlMjBmb3JtJTIwSVQlMjIlMjBodG1sX2lkJTNEJTIyZ3BpLWRvd25sb2FkLWZvcm0lMjIlNUQ=[\/vc_raw_html][\/vc_column_inner][\/vc_row_inner][\/vc_column][\/vc_row][vc_row full_width=\"stretch_row\" el_class=\"vision mb-0 gpi-orange-bg\"][vc_column offset=\"vc_col-lg-3 vc_col-xs-12\"][vc_column_text]\n<h4>Contact our sales team<\/h4>[\/vc_column_text][\/vc_column][vc_column width=\"3\/4\" offset=\"vc_col-lg-offset-0 vc_col-sm-offset-3 vc_col-xs-12\"][vc_raw_html]JTVCY29udGFjdC1mb3JtLTclMjBpZCUzRCUyMjY3MTIlMjIlMjB0aXRsZSUzRCUyMkJ1c2luZXNzJTIwbGluZSUyMGZvcm0lMjIlMjBodG1sX2lkJTNEJTIyZ3BpLWNvbnRhY3QtZm9ybSUyMiU1RA==[\/vc_raw_html][\/vc_column][\/vc_row]<\/div>","protected":false},"excerpt":{"rendered":"<p>[vc_row full_width=&#8221;stretch_row&#8221; css=&#8221;.vc_custom_1715597422046{padding-bottom: 30px !important;}&#8221; el_class=&#8221;text-row my-0&#8243;][vc_column][vc_row_inner][vc_column_inner][vc_column_text] Automatizaci\u00f3n de las Farmacias Comunitarias AUTOMATION [\/vc_column_text][\/vc_column_inner][\/vc_row_inner][\/vc_column][\/vc_row][vc_row full_width=&#8221;stretch_row&#8221; css=&#8221;.vc_custom_1553766882955{padding-bottom: 30px !important;}&#8221; el_class=&#8221;text-row my-0&#8243;][vc_column width=&#8221;1\/3&#8243;][vc_column_text][\/vc_column_text][\/vc_column][vc_column width=&#8221;2\/3&#8243;][vc_column_text el_class=&#8221;entice&#8221;] R\u00e1pida, confiable y vers\u00e1til: RIEDL Phasys reduce los desperdicios y moderniza el trabajo de los farmac\u00e9uticos. [\/vc_column_text][vc_column_text]Revolucionando la Automatizaci\u00f3n Farmac\u00e9utica Iniciando una nueva era en la automatizaci\u00f3n de farmacias, RIEDL Phasys (PHarmacy<\/p>\n","protected":false},"author":1,"featured_media":68629,"parent":0,"menu_order":0,"comment_status":"closed","ping_status":"closed","template":"","meta":{"footnotes":""},"class_list":["post-162502","page","type-page","status-publish","has-post-thumbnail","hentry","section-offerta","business_line-automation"],"yoast_head":"<!-- This site is optimized with the Yoast SEO plugin v27.1.1 - https:\/\/yoast.com\/product\/yoast-seo-wordpress\/ -->\n<title>Automatizaci\u00f3n de las Farmacias Comunitarias | GPI<\/title>\n<meta name=\"description\" content=\"R\u00e1pida, confiable y vers\u00e1til: RIEDL Phasys reduce los desperdicios y moderniza el trabajo de los farmac\u00e9uticos.\" \/>\n<meta name=\"robots\" content=\"index, follow, max-snippet:-1, max-image-preview:large, max-video-preview:-1\" \/>\n<link rel=\"canonical\" href=\"https:\/\/www.gpigroup.com\/es-la\/automatizacion-de-las-farmacias-comunitarias\/\" \/>\n<meta property=\"og:locale\" content=\"es_ES\" \/>\n<meta property=\"og:type\" content=\"article\" \/>\n<meta property=\"og:title\" content=\"Automatizaci\u00f3n de las Farmacias Comunitarias | GPI\" \/>\n<meta property=\"og:description\" content=\"R\u00e1pida, confiable y vers\u00e1til: RIEDL Phasys reduce los desperdicios y moderniza el trabajo de los farmac\u00e9uticos.\" \/>\n<meta property=\"og:url\" content=\"https:\/\/www.gpigroup.com\/es-la\/automatizacion-de-las-farmacias-comunitarias\/\" \/>\n<meta property=\"og:site_name\" content=\"GPI\" \/>\n<meta property=\"article:publisher\" content=\"https:\/\/www.facebook.com\/GruppoGPI\/\" \/>\n<meta property=\"article:modified_time\" content=\"2025-01-29T15:20:36+00:00\" \/>\n<meta property=\"og:image\" content=\"https:\/\/www.gpigroup.com\/app\/uploads\/2019\/04\/og-link-preview-1.png\" \/>\n\t<meta property=\"og:image:width\" content=\"1366\" \/>\n\t<meta property=\"og:image:height\" content=\"768\" \/>\n\t<meta property=\"og:image:type\" content=\"image\/png\" \/>\n<meta name=\"twitter:card\" content=\"summary_large_image\" \/>\n<meta name=\"twitter:label1\" content=\"Est. reading time\" \/>\n\t<meta name=\"twitter:data1\" content=\"5 minutes\" \/>\n<script type=\"application\/ld+json\" class=\"yoast-schema-graph\">{\"@context\":\"https:\/\/schema.org\",\"@graph\":[{\"@type\":\"WebPage\",\"@id\":\"https:\/\/www.gpigroup.com\/es-la\/automatizacion-de-las-farmacias-comunitarias\/\",\"url\":\"https:\/\/www.gpigroup.com\/es-la\/automatizacion-de-las-farmacias-comunitarias\/\",\"name\":\"Automatizaci\u00f3n de las Farmacias Comunitarias | GPI\",\"isPartOf\":{\"@id\":\"https:\/\/www.gpigroup.com\/es-la\/#website\"},\"primaryImageOfPage\":{\"@id\":\"https:\/\/www.gpigroup.com\/es-la\/automatizacion-de-las-farmacias-comunitarias\/#primaryimage\"},\"image\":{\"@id\":\"https:\/\/www.gpigroup.com\/es-la\/automatizacion-de-las-farmacias-comunitarias\/#primaryimage\"},\"thumbnailUrl\":\"https:\/\/www.gpigroup.com\/app\/uploads\/2019\/04\/og-link-preview-1.png\",\"datePublished\":\"2019-03-28T14:22:34+00:00\",\"dateModified\":\"2025-01-29T15:20:36+00:00\",\"description\":\"R\u00e1pida, confiable y vers\u00e1til: RIEDL Phasys reduce los desperdicios y moderniza el trabajo de los farmac\u00e9uticos.\",\"breadcrumb\":{\"@id\":\"https:\/\/www.gpigroup.com\/es-la\/automatizacion-de-las-farmacias-comunitarias\/#breadcrumb\"},\"inLanguage\":\"es-LA\",\"potentialAction\":[{\"@type\":\"ReadAction\",\"target\":[\"https:\/\/www.gpigroup.com\/es-la\/automatizacion-de-las-farmacias-comunitarias\/\"]}]},{\"@type\":\"ImageObject\",\"inLanguage\":\"es-LA\",\"@id\":\"https:\/\/www.gpigroup.com\/es-la\/automatizacion-de-las-farmacias-comunitarias\/#primaryimage\",\"url\":\"https:\/\/www.gpigroup.com\/app\/uploads\/2019\/04\/og-link-preview-1.png\",\"contentUrl\":\"https:\/\/www.gpigroup.com\/app\/uploads\/2019\/04\/og-link-preview-1.png\",\"width\":1366,\"height\":768},{\"@type\":\"BreadcrumbList\",\"@id\":\"https:\/\/www.gpigroup.com\/es-la\/automatizacion-de-las-farmacias-comunitarias\/#breadcrumb\",\"itemListElement\":[{\"@type\":\"ListItem\",\"position\":1,\"name\":\"Home\",\"item\":\"https:\/\/www.gpigroup.com\/es-la\/\"},{\"@type\":\"ListItem\",\"position\":2,\"name\":\"Automatizaci\u00f3n de las Farmacias Comunitarias\"}]},{\"@type\":\"WebSite\",\"@id\":\"https:\/\/www.gpigroup.com\/es-la\/#website\",\"url\":\"https:\/\/www.gpigroup.com\/es-la\/\",\"name\":\"GPI\",\"description\":\"The Healthcare Partner\",\"publisher\":{\"@id\":\"https:\/\/www.gpigroup.com\/es-la\/#organization\"},\"potentialAction\":[{\"@type\":\"SearchAction\",\"target\":{\"@type\":\"EntryPoint\",\"urlTemplate\":\"https:\/\/www.gpigroup.com\/es-la\/?s={search_term_string}\"},\"query-input\":{\"@type\":\"PropertyValueSpecification\",\"valueRequired\":true,\"valueName\":\"search_term_string\"}}],\"inLanguage\":\"es-LA\"},{\"@type\":\"Organization\",\"@id\":\"https:\/\/www.gpigroup.com\/es-la\/#organization\",\"name\":\"GPI S.p.A.\",\"url\":\"https:\/\/www.gpigroup.com\/es-la\/\",\"logo\":{\"@type\":\"ImageObject\",\"inLanguage\":\"es-LA\",\"@id\":\"https:\/\/www.gpigroup.com\/es-la\/#\/schema\/logo\/image\/\",\"url\":\"https:\/\/www.gpigroup.com\/app\/uploads\/2023\/03\/logo-GPI-2019-1.jpg\",\"contentUrl\":\"https:\/\/www.gpigroup.com\/app\/uploads\/2023\/03\/logo-GPI-2019-1.jpg\",\"width\":1946,\"height\":1945,\"caption\":\"GPI S.p.A.\"},\"image\":{\"@id\":\"https:\/\/www.gpigroup.com\/es-la\/#\/schema\/logo\/image\/\"},\"sameAs\":[\"https:\/\/www.facebook.com\/GruppoGPI\/\",\"https:\/\/www.linkedin.com\/company\/gpi-spa\",\"http:\/\/www.youtube.com\/user\/GruppoGPI\"]}]}<\/script>\n<!-- \/ Yoast SEO plugin. -->","yoast_head_json":{"title":"Automatizaci\u00f3n de las Farmacias Comunitarias | GPI","description":"R\u00e1pida, confiable y vers\u00e1til: RIEDL Phasys reduce los desperdicios y moderniza el trabajo de los farmac\u00e9uticos.","robots":{"index":"index","follow":"follow","max-snippet":"max-snippet:-1","max-image-preview":"max-image-preview:large","max-video-preview":"max-video-preview:-1"},"canonical":"https:\/\/www.gpigroup.com\/es-la\/automatizacion-de-las-farmacias-comunitarias\/","og_locale":"es_ES","og_type":"article","og_title":"Automatizaci\u00f3n de las Farmacias Comunitarias | GPI","og_description":"R\u00e1pida, confiable y vers\u00e1til: RIEDL Phasys reduce los desperdicios y moderniza el trabajo de los farmac\u00e9uticos.","og_url":"https:\/\/www.gpigroup.com\/es-la\/automatizacion-de-las-farmacias-comunitarias\/","og_site_name":"GPI","article_publisher":"https:\/\/www.facebook.com\/GruppoGPI\/","article_modified_time":"2025-01-29T15:20:36+00:00","og_image":[{"width":1366,"height":768,"url":"https:\/\/www.gpigroup.com\/app\/uploads\/2019\/04\/og-link-preview-1.png","type":"image\/png"}],"twitter_card":"summary_large_image","twitter_misc":{"Est. reading time":"5 minutes"},"schema":{"@context":"https:\/\/schema.org","@graph":[{"@type":"WebPage","@id":"https:\/\/www.gpigroup.com\/es-la\/automatizacion-de-las-farmacias-comunitarias\/","url":"https:\/\/www.gpigroup.com\/es-la\/automatizacion-de-las-farmacias-comunitarias\/","name":"Automatizaci\u00f3n de las Farmacias Comunitarias | GPI","isPartOf":{"@id":"https:\/\/www.gpigroup.com\/es-la\/#website"},"primaryImageOfPage":{"@id":"https:\/\/www.gpigroup.com\/es-la\/automatizacion-de-las-farmacias-comunitarias\/#primaryimage"},"image":{"@id":"https:\/\/www.gpigroup.com\/es-la\/automatizacion-de-las-farmacias-comunitarias\/#primaryimage"},"thumbnailUrl":"https:\/\/www.gpigroup.com\/app\/uploads\/2019\/04\/og-link-preview-1.png","datePublished":"2019-03-28T14:22:34+00:00","dateModified":"2025-01-29T15:20:36+00:00","description":"R\u00e1pida, confiable y vers\u00e1til: RIEDL Phasys reduce los desperdicios y moderniza el trabajo de los farmac\u00e9uticos.","breadcrumb":{"@id":"https:\/\/www.gpigroup.com\/es-la\/automatizacion-de-las-farmacias-comunitarias\/#breadcrumb"},"inLanguage":"es-LA","potentialAction":[{"@type":"ReadAction","target":["https:\/\/www.gpigroup.com\/es-la\/automatizacion-de-las-farmacias-comunitarias\/"]}]},{"@type":"ImageObject","inLanguage":"es-LA","@id":"https:\/\/www.gpigroup.com\/es-la\/automatizacion-de-las-farmacias-comunitarias\/#primaryimage","url":"https:\/\/www.gpigroup.com\/app\/uploads\/2019\/04\/og-link-preview-1.png","contentUrl":"https:\/\/www.gpigroup.com\/app\/uploads\/2019\/04\/og-link-preview-1.png","width":1366,"height":768},{"@type":"BreadcrumbList","@id":"https:\/\/www.gpigroup.com\/es-la\/automatizacion-de-las-farmacias-comunitarias\/#breadcrumb","itemListElement":[{"@type":"ListItem","position":1,"name":"Home","item":"https:\/\/www.gpigroup.com\/es-la\/"},{"@type":"ListItem","position":2,"name":"Automatizaci\u00f3n de las Farmacias Comunitarias"}]},{"@type":"WebSite","@id":"https:\/\/www.gpigroup.com\/es-la\/#website","url":"https:\/\/www.gpigroup.com\/es-la\/","name":"GPI","description":"The Healthcare Partner","publisher":{"@id":"https:\/\/www.gpigroup.com\/es-la\/#organization"},"potentialAction":[{"@type":"SearchAction","target":{"@type":"EntryPoint","urlTemplate":"https:\/\/www.gpigroup.com\/es-la\/?s={search_term_string}"},"query-input":{"@type":"PropertyValueSpecification","valueRequired":true,"valueName":"search_term_string"}}],"inLanguage":"es-LA"},{"@type":"Organization","@id":"https:\/\/www.gpigroup.com\/es-la\/#organization","name":"GPI S.p.A.","url":"https:\/\/www.gpigroup.com\/es-la\/","logo":{"@type":"ImageObject","inLanguage":"es-LA","@id":"https:\/\/www.gpigroup.com\/es-la\/#\/schema\/logo\/image\/","url":"https:\/\/www.gpigroup.com\/app\/uploads\/2023\/03\/logo-GPI-2019-1.jpg","contentUrl":"https:\/\/www.gpigroup.com\/app\/uploads\/2023\/03\/logo-GPI-2019-1.jpg","width":1946,"height":1945,"caption":"GPI S.p.A."},"image":{"@id":"https:\/\/www.gpigroup.com\/es-la\/#\/schema\/logo\/image\/"},"sameAs":["https:\/\/www.facebook.com\/GruppoGPI\/","https:\/\/www.linkedin.com\/company\/gpi-spa","http:\/\/www.youtube.com\/user\/GruppoGPI"]}]}},"_links":{"self":[{"href":"https:\/\/www.gpigroup.com\/es-la\/wp-json\/wp\/v2\/pages\/162502","targetHints":{"allow":["GET"]}}],"collection":[{"href":"https:\/\/www.gpigroup.com\/es-la\/wp-json\/wp\/v2\/pages"}],"about":[{"href":"https:\/\/www.gpigroup.com\/es-la\/wp-json\/wp\/v2\/types\/page"}],"author":[{"embeddable":true,"href":"https:\/\/www.gpigroup.com\/es-la\/wp-json\/wp\/v2\/users\/1"}],"replies":[{"embeddable":true,"href":"https:\/\/www.gpigroup.com\/es-la\/wp-json\/wp\/v2\/comments?post=162502"}],"version-history":[{"count":4,"href":"https:\/\/www.gpigroup.com\/es-la\/wp-json\/wp\/v2\/pages\/162502\/revisions"}],"predecessor-version":[{"id":164095,"href":"https:\/\/www.gpigroup.com\/es-la\/wp-json\/wp\/v2\/pages\/162502\/revisions\/164095"}],"wp:featuredmedia":[{"embeddable":true,"href":"https:\/\/www.gpigroup.com\/es-la\/wp-json\/wp\/v2\/media\/68629"}],"wp:attachment":[{"href":"https:\/\/www.gpigroup.com\/es-la\/wp-json\/wp\/v2\/media?parent=162502"}],"curies":[{"name":"wp","href":"https:\/\/api.w.org\/{rel}","templated":true}]}}