{"id":160936,"date":"2024-07-27T08:16:24","date_gmt":"2024-07-27T06:16:24","guid":{"rendered":"https:\/\/www.gpigroup.com\/?page_id=160936"},"modified":"2025-01-17T10:29:47","modified_gmt":"2025-01-17T09:29:47","slug":"automatizacion-de-farmacias","status":"publish","type":"page","link":"https:\/\/www.gpigroup.com\/es-la\/automatizacion-de-farmacias\/","title":{"rendered":"Automatizaci\u00f3n de Farmacias"},"content":{"rendered":"<div class=\"wpb-content-wrapper\"><p>[vc_row full_width=&#8221;stretch_row&#8221; css=&#8221;.vc_custom_1553766882955{padding-bottom: 30px !important;}&#8221; el_class=&#8221;text-row my-0&#8243;][vc_column][vc_row_inner][vc_column_inner][vc_column_text css=&#8221;&#8221;]<\/p>\n<div class=\"row asa-title\">\n<div class=\"col-12 col-md-6\">\n<img loading=\"lazy\" decoding=\"async\" width=\"1024\" height=\"576\" src=\"https:\/\/www.gpigroup.com\/app\/uploads\/2019\/05\/asa_automation.jpg\" class=\"asa-image asa-image-mobile rounded-circle d-md-none d-inline\" alt=\"GPI Automation\" srcset=\"https:\/\/www.gpigroup.com\/app\/uploads\/2019\/05\/asa_automation.jpg 1024w, https:\/\/www.gpigroup.com\/app\/uploads\/2019\/05\/asa_automation-300x169.jpg 300w, https:\/\/www.gpigroup.com\/app\/uploads\/2019\/05\/asa_automation-768x432.jpg 768w\" sizes=\"auto, (max-width: 1024px) 100vw, 1024px\" \/>\n<div class=\"gpi_signature_title_tech\">\n<h1>Automatizaci\u00f3n para Farmacias<\/h1>\n<h3>L\u00ednea de productos y soluciones<\/h3>\n<\/div>\n<\/div>\n<\/div>\n<p>[\/vc_column_text][\/vc_column_inner][\/vc_row_inner][vc_row_inner][vc_column_inner width=&#8221;1\/3&#8243;][vc_column_text]<img loading=\"lazy\" decoding=\"async\" width=\"1024\" height=\"576\" src=\"https:\/\/www.gpigroup.com\/app\/uploads\/2019\/05\/asa_automation.jpg\" class=\"asa-image rounded-circle d-md-inline d-none\" alt=\"GPI Automation\" srcset=\"https:\/\/www.gpigroup.com\/app\/uploads\/2019\/05\/asa_automation.jpg 1024w, https:\/\/www.gpigroup.com\/app\/uploads\/2019\/05\/asa_automation-300x169.jpg 300w, https:\/\/www.gpigroup.com\/app\/uploads\/2019\/05\/asa_automation-768x432.jpg 768w\" sizes=\"auto, (max-width: 1024px) 100vw, 1024px\" \/>[\/vc_column_text][\/vc_column_inner][vc_column_inner width=&#8221;2\/3&#8243;][vc_column_text css=&#8221;&#8221;]La soluci\u00f3n completa para la log\u00edstica de medicamentos que reduce los errores en el tratamiento, optimiza los costes, moderniza el trabajo de los farmac\u00e9uticos y mejora la eficiencia en la distribuci\u00f3n farmac\u00e9utica.<\/p>\n<p>El Grupo GPI ofrece soluciones de automatizaci\u00f3n de alto nivel para la gesti\u00f3n farmac\u00e9utica, estableciendo el est\u00e1ndar en el sector.<\/p>\n<p>Nuestros sistemas avanzados est\u00e1n dirigidos a tres categor\u00edas principales de clientes: farmacias hospitalarias, farmacias comunitarias y distribuidores farmac\u00e9uticos (Hub &amp; Spoke).<\/p>\n<p>Dise\u00f1ados para optimizar las operaciones, mejorar la precisi\u00f3n y garantizar un control \u00f3ptimo del inventario, nuestras soluciones ofrecen una fiabilidad y eficiencia incomparables.<\/p>\n<p>Con la tecnolog\u00eda de vanguardia de GPI, las farmacias pueden centrarse en ofrecer una atenci\u00f3n superior a los pacientes, minimizando las complejidades operativas.<\/p>\n<p>\u00danete a los l\u00edderes en gesti\u00f3n farmac\u00e9utica y descubre c\u00f3mo GPI puede transformar tu negocio.<\/p>\n<p>Explora nuestras soluciones y lleva tu farmacia a un nivel superior. El Grupo GPI ofrece soluciones de automatizaci\u00f3n de alto nivel para la gesti\u00f3n farmac\u00e9utica, estableciendo el est\u00e1ndar en el sector.<br \/>\n[\/vc_column_text][vc_single_image image=&#8221;147611&#8243; img_size=&#8221;full&#8221; css=&#8221;&#8221;][\/vc_column_inner][\/vc_row_inner][\/vc_column][\/vc_row][vc_row full_width=&#8221;stretch_row&#8221; disable_element=&#8221;yes&#8221; el_class=&#8221;text-row bl-body vision mb-0 frame-row&#8221;][vc_column el_class=&#8221;frame-column&#8221;][vc_column_text css=&#8221;.vc_custom_1722065292074{margin-bottom: 0px !important;}&#8221;]<\/p>\n<ul>\n<li><strong>\u00daNICO<\/strong> &#8211; Como tu farmaciaDise\u00f1amos y fabricamos tu RIEDL Phasys seg\u00fan tus necesidades espec\u00edficas.<\/li>\n<li><strong>R\u00c1PIDO<\/strong> &#8211; Porque tu tiempo es valiosoRendimiento excepcional que garantiza una dispensaci\u00f3n r\u00e1pida y precisa de medicamentos (envases completos y parciales), con una gesti\u00f3n de carga eficiente (autom\u00e1tica y semi-autom\u00e1tica).<\/li>\n<li><strong>FIABLE<\/strong> &#8211; Nunca se cansaLa precisi\u00f3n en la gesti\u00f3n de envases garantiza una alta continuidad del servicio, eliminando ineficiencias y tiempos de inactividad de las m\u00e1quinas.<\/li>\n<li><strong>AHORRO DE ENERG\u00cdA<\/strong> &#8211; Un robot con consumo &#8220;dom\u00e9stico&#8221;El agarre ligero, la fricci\u00f3n reducida y la tecnolog\u00eda KERS integrada hacen que el sistema RIEDL Phasys sea extremadamente eficiente (consume menos de medio kWh, como un electrodom\u00e9stico com\u00fan).<\/li>\n<li><strong>SIN CABLES<\/strong> &#8211; Sin cables = m\u00e1s libertadGracias a la conexi\u00f3n del agarre al sistema a trav\u00e9s de una red Wi-Fi dedicada, el sistema es m\u00e1s r\u00e1pido, m\u00e1s eficiente energ\u00e9ticamente, m\u00e1s r\u00e1pido de instalar, m\u00e1s f\u00e1cil de usar y mantener.<\/li>\n<li><strong>REDONDO O CUADRADO<\/strong> &#8211; No importaSoporta diferentes formas y productos: t\u00fa eliges qu\u00e9 cargar en tu RIEDL Phasys.<\/li>\n<\/ul>\n<p>[\/vc_column_text][\/vc_column][\/vc_row][vc_row full_width=&#8221;stretch_row&#8221; el_class=&#8221;color-white bg-purple pt-55&#8243;][vc_column][vc_column_text css=&#8221;&#8221;]<\/p>\n<h2 style=\"text-align: center;\">Key features<\/h2>\n<p>[\/vc_column_text][\/vc_column][\/vc_row][vc_row full_width=&#8221;stretch_row&#8221; el_class=&#8221;mb-0 pt-55 bg-purple color-white&#8221; css=&#8221;.vc_custom_1736352858663{margin-bottom: 0px !important;}&#8221;][vc_column width=&#8221;1\/3&#8243;][vc_single_image image=&#8221;153166&#8243; img_size=&#8221;large&#8221; alignment=&#8221;center&#8221; style=&#8221;vc_box_border_circle&#8221; border_color=&#8221;white&#8221; css=&#8221;&#8221; el_class=&#8221;gpi-image-circle-200&#8243;][vc_column_text css=&#8221;&#8221;]<\/p>\n<h4 style=\"text-align: center;\">\u00danico<\/h4>\n<p>[\/vc_column_text][vc_column_text css=&#8221;&#8221;]<\/p>\n<p style=\"text-align: center;\">Dise\u00f1amos y fabricamos tu RIEDL Phasys seg\u00fan tus necesidades espec\u00edficas.<\/p>\n<p>[\/vc_column_text][\/vc_column][vc_column width=&#8221;1\/3&#8243;][vc_single_image image=&#8221;153154&#8243; alignment=&#8221;center&#8221; style=&#8221;vc_box_border_circle&#8221; border_color=&#8221;white&#8221; css=&#8221;&#8221; el_class=&#8221;gpi-image-circle-200&#8243;][vc_column_text css=&#8221;&#8221;]<\/p>\n<h4 style=\"text-align: center;\">R\u00e1pido<\/h4>\n<p>[\/vc_column_text][vc_column_text css=&#8221;&#8221;]<\/p>\n<p style=\"text-align: center;\">Rendimiento excepcional que garantiza una dispensaci\u00f3n r\u00e1pida y precisa de medicamentos (envases completos y parciales), con una gesti\u00f3n de carga eficiente (autom\u00e1tica y semi-autom\u00e1tica).<\/p>\n<p>[\/vc_column_text][\/vc_column][vc_column width=&#8221;1\/3&#8243;][vc_single_image image=&#8221;153142&#8243; alignment=&#8221;center&#8221; style=&#8221;vc_box_border_circle&#8221; border_color=&#8221;white&#8221; css=&#8221;&#8221; el_class=&#8221;gpi-image-circle-200&#8243;][vc_column_text css=&#8221;&#8221;]<\/p>\n<h4 style=\"text-align: center;\">Fiable<\/h4>\n<p>[\/vc_column_text][vc_column_text css=&#8221;&#8221;]<\/p>\n<p style=\"text-align: center;\">La precisi\u00f3n en la gesti\u00f3n de envases garantiza una alta continuidad del servicio, eliminando ineficiencias y tiempos de inactividad de las m\u00e1quinas.<\/p>\n<p>[\/vc_column_text][\/vc_column][\/vc_row][vc_row full_width=&#8221;stretch_row&#8221; el_class=&#8221;mb-0 pt-55 bg-purple color-white&#8221; css=&#8221;.vc_custom_1736352854600{margin-bottom: 30px !important;padding-bottom: 30px !important;}&#8221;][vc_column width=&#8221;1\/3&#8243;][vc_single_image image=&#8221;153130&#8243; alignment=&#8221;center&#8221; style=&#8221;vc_box_border_circle&#8221; border_color=&#8221;white&#8221; css=&#8221;&#8221; el_class=&#8221;gpi-image-circle-200&#8243;][vc_column_text css=&#8221;&#8221;]<\/p>\n<h4 style=\"text-align: center;\">Ahorro de Energ\u00eda<\/h4>\n<p>[\/vc_column_text][vc_column_text css=&#8221;&#8221;]<\/p>\n<p style=\"text-align: center;\">El agarre ligero, la fricci\u00f3n reducida y la tecnolog\u00eda KERS integrada hacen que el sistema RIEDL Phasys sea extremadamente eficiente (consume menos de medio kWh, como un electrodom\u00e9stico com\u00fan).<\/p>\n<p>[\/vc_column_text][\/vc_column][vc_column width=&#8221;1\/3&#8243;][vc_single_image image=&#8221;153118&#8243; img_size=&#8221;large&#8221; alignment=&#8221;center&#8221; style=&#8221;vc_box_border_circle&#8221; border_color=&#8221;white&#8221; css=&#8221;&#8221; el_class=&#8221;gpi-image-circle-200&#8243;][vc_column_text css=&#8221;&#8221;]<\/p>\n<h4 style=\"text-align: center;\">Sin Cables<\/h4>\n<p>[\/vc_column_text][vc_column_text css=&#8221;&#8221;]<\/p>\n<p style=\"text-align: center;\">Gracias a la conexi\u00f3n del agarre al sistema a trav\u00e9s de una red Wi-Fi dedicada, el sistema es m\u00e1s r\u00e1pido, m\u00e1s eficiente energ\u00e9ticamente, m\u00e1s r\u00e1pido de instalar, m\u00e1s f\u00e1cil de usar y mantener.<\/p>\n<p>[\/vc_column_text][\/vc_column][vc_column width=&#8221;1\/3&#8243;][vc_single_image image=&#8221;153082&#8243; alignment=&#8221;center&#8221; style=&#8221;vc_box_border_circle&#8221; border_color=&#8221;white&#8221; css=&#8221;&#8221; el_class=&#8221;gpi-image-circle-200&#8243;][vc_column_text css=&#8221;&#8221;]<\/p>\n<h4 style=\"text-align: center;\">Redondo o Cuadrado<\/h4>\n<p>[\/vc_column_text][vc_column_text css=&#8221;&#8221;]<\/p>\n<p style=\"text-align: center;\">Soporta diferentes formas y productos: t\u00fa eliges qu\u00e9 cargar en tu RIEDL Phasys.<\/p>\n<p>[\/vc_column_text][\/vc_column][\/vc_row][vc_row full_width=&#8221;stretch_row&#8221; css=&#8221;.vc_custom_1730050124215{margin-top: 30px !important;}&#8221; el_class=&#8221;mb-0 pt-55 bg-purple color-white&#8221;][vc_column][vc_column_text css=&#8221;.vc_custom_1735821246164{margin-bottom: 0px !important;}&#8221;]<\/p>\n<h2><span style=\"color: #ffffff;\">Elige el sistema m\u00e1s adecuado para ti<\/span><\/h2>\n<p>[\/vc_column_text][\/vc_column][\/vc_row][vc_row full_width=&#8221;stretch_row&#8221; el_class=&#8221;mb-0 pt-55 bg-purple color-white&#8221; css=&#8221;.vc_custom_1730050156690{margin-bottom: 30px !important;padding-bottom: 30px !important;}&#8221;][vc_column width=&#8221;1\/3&#8243;][vc_single_image image=&#8221;157791&#8243; alignment=&#8221;center&#8221; style=&#8221;vc_box_border_circle&#8221; border_color=&#8221;white&#8221; onclick=&#8221;custom_link&#8221; css=&#8221;&#8221; el_class=&#8221;gpi-image-circle-200&#8243; link=&#8221;https:\/\/www.gpigroup.com\/en-uk\/hospital-automation\/&#8221;][vc_column_text css=&#8221;&#8221;]<\/p>\n<p class=\"title-button\" style=\"text-align: center;\"><a class=\"btn call-to-action ml-auto call-to-action purple-bg-white\" href=\"https:\/\/www.gpigroup.com\/es-la\/automatizacion-hospitalaria-2\/\" rel=\"noopener noreferrer\">Farmacia Hospitalaria<\/a><\/p>\n<p>[\/vc_column_text][\/vc_column][vc_column width=&#8221;1\/3&#8243;][vc_single_image image=&#8221;157779&#8243; img_size=&#8221;large&#8221; alignment=&#8221;center&#8221; style=&#8221;vc_box_border_circle&#8221; border_color=&#8221;white&#8221; onclick=&#8221;custom_link&#8221; css=&#8221;&#8221; el_class=&#8221;gpi-image-circle-200&#8243; link=&#8221;https:\/\/www.gpigroup.com\/en-uk\/community-pharmacy-automation\/&#8221;][vc_column_text css=&#8221;&#8221;]<\/p>\n<p class=\"title-button\" style=\"text-align: center;\"><a class=\"btn call-to-action ml-auto call-to-action purple-bg-white\" href=\"https:\/\/www.gpigroup.com\/es-la\/automatizacion-de-las-farmacias-comunitarias-2\/\" rel=\"noopener noreferrer\">Farmacia Comunitaria<\/a><\/p>\n<p>[\/vc_column_text][\/vc_column][vc_column width=&#8221;1\/3&#8243;][vc_single_image image=&#8221;157767&#8243; alignment=&#8221;center&#8221; style=&#8221;vc_box_border_circle&#8221; border_color=&#8221;white&#8221; onclick=&#8221;custom_link&#8221; css=&#8221;&#8221; el_class=&#8221;gpi-image-circle-200&#8243; link=&#8221;https:\/\/www.gpigroup.com\/en-uk\/wholesalers-and-hubs-automation\/&#8221;][vc_column_text css=&#8221;&#8221;]<\/p>\n<p class=\"title-button\" style=\"text-align: center;\"><a class=\"btn call-to-action ml-auto call-to-action purple-bg-white\" href=\"https:\/\/www.gpigroup.com\/es-la\/automatizacion-para-distribuidores-y-hub\/\" rel=\"noopener noreferrer\">Distribuidores &amp; Hub<\/a><\/p>\n<p>[\/vc_column_text][\/vc_column][\/vc_row][vc_row css=&#8221;.vc_custom_1722257953881{margin-top: 30px !important;}&#8221; el_class=&#8221;entice&#8221;][vc_column][vc_column_text css=&#8221;&#8221; el_class=&#8221;entice&#8221;][\/vc_column_text][\/vc_column][\/vc_row]<\/p>\n[vc_row full_width=\"stretch_row\" el_class=\"vision mb-0 gpi-orange-bg\"][vc_column offset=\"vc_col-lg-3 vc_col-xs-12\"][vc_column_text]\n<h4>Contact our sales team<\/h4>[\/vc_column_text][\/vc_column][vc_column width=\"3\/4\" offset=\"vc_col-lg-offset-0 vc_col-sm-offset-3 vc_col-xs-12\"][vc_raw_html]JTVCY29udGFjdC1mb3JtLTclMjBpZCUzRCUyMjY3MTIlMjIlMjB0aXRsZSUzRCUyMkJ1c2luZXNzJTIwbGluZSUyMGZvcm0lMjIlMjBodG1sX2lkJTNEJTIyZ3BpLWNvbnRhY3QtZm9ybSUyMiU1RA==[\/vc_raw_html][\/vc_column][\/vc_row]<\/div>","protected":false},"excerpt":{"rendered":"<p>[vc_row full_width=&#8221;stretch_row&#8221; css=&#8221;.vc_custom_1553766882955{padding-bottom: 30px !important;}&#8221; el_class=&#8221;text-row my-0&#8243;][vc_column][vc_row_inner][vc_column_inner][vc_column_text css=&#8221;&#8221;] Automatizaci\u00f3n para Farmacias L\u00ednea de productos y soluciones [\/vc_column_text][\/vc_column_inner][\/vc_row_inner][vc_row_inner][vc_column_inner width=&#8221;1\/3&#8243;][vc_column_text][\/vc_column_text][\/vc_column_inner][vc_column_inner width=&#8221;2\/3&#8243;][vc_column_text css=&#8221;&#8221;]La soluci\u00f3n completa para la log\u00edstica de medicamentos que reduce los errores en el tratamiento, optimiza los costes, moderniza el trabajo de los farmac\u00e9uticos y mejora la eficiencia en la distribuci\u00f3n farmac\u00e9utica. El Grupo GPI ofrece<\/p>\n","protected":false},"author":23,"featured_media":68629,"parent":0,"menu_order":0,"comment_status":"closed","ping_status":"closed","template":"","meta":{"footnotes":""},"class_list":["post-160936","page","type-page","status-publish","has-post-thumbnail","hentry","client_type-sanita-privata-clinico-amministrativa-es-la","client_type-sanita-pubblica-clinico-amministrativa-es-la","page_category-line-of-business-es-la","section-offerta","business_line-automation"],"yoast_head":"<!-- This site is optimized with the Yoast SEO plugin v27.1.1 - https:\/\/yoast.com\/product\/yoast-seo-wordpress\/ -->\n<title>Automatizaci\u00f3n de Farmacias | GPI<\/title>\n<meta name=\"description\" content=\"Una soluci\u00f3n integral para la log\u00edstica de medicamentos que reduce los errores en el tratamiento, optimiza los costos, moderniza el flujo de trabajo de los farmac\u00e9uticos y mejora la eficiencia en la distribuci\u00f3n farmac\u00e9utica.\" \/>\n<meta name=\"robots\" content=\"index, follow, max-snippet:-1, max-image-preview:large, max-video-preview:-1\" \/>\n<link rel=\"canonical\" href=\"https:\/\/www.gpigroup.com\/es-la\/automatizacion-de-farmacias\/\" \/>\n<meta property=\"og:locale\" content=\"es_ES\" \/>\n<meta property=\"og:type\" content=\"article\" \/>\n<meta property=\"og:title\" content=\"Automatizaci\u00f3n de Farmacias | GPI\" \/>\n<meta property=\"og:description\" content=\"Una soluci\u00f3n integral para la log\u00edstica de medicamentos que reduce los errores en el tratamiento, optimiza los costos, moderniza el flujo de trabajo de los farmac\u00e9uticos y mejora la eficiencia en la distribuci\u00f3n farmac\u00e9utica.\" \/>\n<meta property=\"og:url\" content=\"https:\/\/www.gpigroup.com\/es-la\/automatizacion-de-farmacias\/\" \/>\n<meta property=\"og:site_name\" content=\"GPI\" \/>\n<meta property=\"article:publisher\" content=\"https:\/\/www.facebook.com\/GruppoGPI\/\" \/>\n<meta property=\"article:modified_time\" content=\"2025-01-17T09:29:47+00:00\" \/>\n<meta property=\"og:image\" content=\"https:\/\/www.gpigroup.com\/app\/uploads\/2019\/04\/og-link-preview-1.png\" \/>\n\t<meta property=\"og:image:width\" content=\"1366\" \/>\n\t<meta property=\"og:image:height\" content=\"768\" \/>\n\t<meta property=\"og:image:type\" content=\"image\/png\" \/>\n<meta name=\"twitter:card\" content=\"summary_large_image\" \/>\n<script type=\"application\/ld+json\" class=\"yoast-schema-graph\">{\"@context\":\"https:\/\/schema.org\",\"@graph\":[{\"@type\":\"WebPage\",\"@id\":\"https:\/\/www.gpigroup.com\/es-la\/automatizacion-de-farmacias\/\",\"url\":\"https:\/\/www.gpigroup.com\/es-la\/automatizacion-de-farmacias\/\",\"name\":\"Automatizaci\u00f3n de Farmacias | GPI\",\"isPartOf\":{\"@id\":\"https:\/\/www.gpigroup.com\/es-la\/#website\"},\"primaryImageOfPage\":{\"@id\":\"https:\/\/www.gpigroup.com\/es-la\/automatizacion-de-farmacias\/#primaryimage\"},\"image\":{\"@id\":\"https:\/\/www.gpigroup.com\/es-la\/automatizacion-de-farmacias\/#primaryimage\"},\"thumbnailUrl\":\"https:\/\/www.gpigroup.com\/app\/uploads\/2019\/04\/og-link-preview-1.png\",\"datePublished\":\"2024-07-27T06:16:24+00:00\",\"dateModified\":\"2025-01-17T09:29:47+00:00\",\"description\":\"Una soluci\u00f3n integral para la log\u00edstica de medicamentos que reduce los errores en el tratamiento, optimiza los costos, moderniza el flujo de trabajo de los farmac\u00e9uticos y mejora la eficiencia en la distribuci\u00f3n farmac\u00e9utica.\",\"breadcrumb\":{\"@id\":\"https:\/\/www.gpigroup.com\/es-la\/automatizacion-de-farmacias\/#breadcrumb\"},\"inLanguage\":\"es-LA\",\"potentialAction\":[{\"@type\":\"ReadAction\",\"target\":[\"https:\/\/www.gpigroup.com\/es-la\/automatizacion-de-farmacias\/\"]}]},{\"@type\":\"ImageObject\",\"inLanguage\":\"es-LA\",\"@id\":\"https:\/\/www.gpigroup.com\/es-la\/automatizacion-de-farmacias\/#primaryimage\",\"url\":\"https:\/\/www.gpigroup.com\/app\/uploads\/2019\/04\/og-link-preview-1.png\",\"contentUrl\":\"https:\/\/www.gpigroup.com\/app\/uploads\/2019\/04\/og-link-preview-1.png\",\"width\":1366,\"height\":768},{\"@type\":\"BreadcrumbList\",\"@id\":\"https:\/\/www.gpigroup.com\/es-la\/automatizacion-de-farmacias\/#breadcrumb\",\"itemListElement\":[{\"@type\":\"ListItem\",\"position\":1,\"name\":\"Home\",\"item\":\"https:\/\/www.gpigroup.com\/es-la\/\"},{\"@type\":\"ListItem\",\"position\":2,\"name\":\"Automatizaci\u00f3n de Farmacias\"}]},{\"@type\":\"WebSite\",\"@id\":\"https:\/\/www.gpigroup.com\/es-la\/#website\",\"url\":\"https:\/\/www.gpigroup.com\/es-la\/\",\"name\":\"GPI\",\"description\":\"The Healthcare Partner\",\"publisher\":{\"@id\":\"https:\/\/www.gpigroup.com\/es-la\/#organization\"},\"potentialAction\":[{\"@type\":\"SearchAction\",\"target\":{\"@type\":\"EntryPoint\",\"urlTemplate\":\"https:\/\/www.gpigroup.com\/es-la\/?s={search_term_string}\"},\"query-input\":{\"@type\":\"PropertyValueSpecification\",\"valueRequired\":true,\"valueName\":\"search_term_string\"}}],\"inLanguage\":\"es-LA\"},{\"@type\":\"Organization\",\"@id\":\"https:\/\/www.gpigroup.com\/es-la\/#organization\",\"name\":\"GPI S.p.A.\",\"url\":\"https:\/\/www.gpigroup.com\/es-la\/\",\"logo\":{\"@type\":\"ImageObject\",\"inLanguage\":\"es-LA\",\"@id\":\"https:\/\/www.gpigroup.com\/es-la\/#\/schema\/logo\/image\/\",\"url\":\"https:\/\/www.gpigroup.com\/app\/uploads\/2023\/03\/logo-GPI-2019-1.jpg\",\"contentUrl\":\"https:\/\/www.gpigroup.com\/app\/uploads\/2023\/03\/logo-GPI-2019-1.jpg\",\"width\":1946,\"height\":1945,\"caption\":\"GPI S.p.A.\"},\"image\":{\"@id\":\"https:\/\/www.gpigroup.com\/es-la\/#\/schema\/logo\/image\/\"},\"sameAs\":[\"https:\/\/www.facebook.com\/GruppoGPI\/\",\"https:\/\/www.linkedin.com\/company\/gpi-spa\",\"http:\/\/www.youtube.com\/user\/GruppoGPI\"]}]}<\/script>\n<!-- \/ Yoast SEO plugin. -->","yoast_head_json":{"title":"Automatizaci\u00f3n de Farmacias | GPI","description":"Una soluci\u00f3n integral para la log\u00edstica de medicamentos que reduce los errores en el tratamiento, optimiza los costos, moderniza el flujo de trabajo de los farmac\u00e9uticos y mejora la eficiencia en la distribuci\u00f3n farmac\u00e9utica.","robots":{"index":"index","follow":"follow","max-snippet":"max-snippet:-1","max-image-preview":"max-image-preview:large","max-video-preview":"max-video-preview:-1"},"canonical":"https:\/\/www.gpigroup.com\/es-la\/automatizacion-de-farmacias\/","og_locale":"es_ES","og_type":"article","og_title":"Automatizaci\u00f3n de Farmacias | GPI","og_description":"Una soluci\u00f3n integral para la log\u00edstica de medicamentos que reduce los errores en el tratamiento, optimiza los costos, moderniza el flujo de trabajo de los farmac\u00e9uticos y mejora la eficiencia en la distribuci\u00f3n farmac\u00e9utica.","og_url":"https:\/\/www.gpigroup.com\/es-la\/automatizacion-de-farmacias\/","og_site_name":"GPI","article_publisher":"https:\/\/www.facebook.com\/GruppoGPI\/","article_modified_time":"2025-01-17T09:29:47+00:00","og_image":[{"width":1366,"height":768,"url":"https:\/\/www.gpigroup.com\/app\/uploads\/2019\/04\/og-link-preview-1.png","type":"image\/png"}],"twitter_card":"summary_large_image","schema":{"@context":"https:\/\/schema.org","@graph":[{"@type":"WebPage","@id":"https:\/\/www.gpigroup.com\/es-la\/automatizacion-de-farmacias\/","url":"https:\/\/www.gpigroup.com\/es-la\/automatizacion-de-farmacias\/","name":"Automatizaci\u00f3n de Farmacias | GPI","isPartOf":{"@id":"https:\/\/www.gpigroup.com\/es-la\/#website"},"primaryImageOfPage":{"@id":"https:\/\/www.gpigroup.com\/es-la\/automatizacion-de-farmacias\/#primaryimage"},"image":{"@id":"https:\/\/www.gpigroup.com\/es-la\/automatizacion-de-farmacias\/#primaryimage"},"thumbnailUrl":"https:\/\/www.gpigroup.com\/app\/uploads\/2019\/04\/og-link-preview-1.png","datePublished":"2024-07-27T06:16:24+00:00","dateModified":"2025-01-17T09:29:47+00:00","description":"Una soluci\u00f3n integral para la log\u00edstica de medicamentos que reduce los errores en el tratamiento, optimiza los costos, moderniza el flujo de trabajo de los farmac\u00e9uticos y mejora la eficiencia en la distribuci\u00f3n farmac\u00e9utica.","breadcrumb":{"@id":"https:\/\/www.gpigroup.com\/es-la\/automatizacion-de-farmacias\/#breadcrumb"},"inLanguage":"es-LA","potentialAction":[{"@type":"ReadAction","target":["https:\/\/www.gpigroup.com\/es-la\/automatizacion-de-farmacias\/"]}]},{"@type":"ImageObject","inLanguage":"es-LA","@id":"https:\/\/www.gpigroup.com\/es-la\/automatizacion-de-farmacias\/#primaryimage","url":"https:\/\/www.gpigroup.com\/app\/uploads\/2019\/04\/og-link-preview-1.png","contentUrl":"https:\/\/www.gpigroup.com\/app\/uploads\/2019\/04\/og-link-preview-1.png","width":1366,"height":768},{"@type":"BreadcrumbList","@id":"https:\/\/www.gpigroup.com\/es-la\/automatizacion-de-farmacias\/#breadcrumb","itemListElement":[{"@type":"ListItem","position":1,"name":"Home","item":"https:\/\/www.gpigroup.com\/es-la\/"},{"@type":"ListItem","position":2,"name":"Automatizaci\u00f3n de Farmacias"}]},{"@type":"WebSite","@id":"https:\/\/www.gpigroup.com\/es-la\/#website","url":"https:\/\/www.gpigroup.com\/es-la\/","name":"GPI","description":"The Healthcare Partner","publisher":{"@id":"https:\/\/www.gpigroup.com\/es-la\/#organization"},"potentialAction":[{"@type":"SearchAction","target":{"@type":"EntryPoint","urlTemplate":"https:\/\/www.gpigroup.com\/es-la\/?s={search_term_string}"},"query-input":{"@type":"PropertyValueSpecification","valueRequired":true,"valueName":"search_term_string"}}],"inLanguage":"es-LA"},{"@type":"Organization","@id":"https:\/\/www.gpigroup.com\/es-la\/#organization","name":"GPI S.p.A.","url":"https:\/\/www.gpigroup.com\/es-la\/","logo":{"@type":"ImageObject","inLanguage":"es-LA","@id":"https:\/\/www.gpigroup.com\/es-la\/#\/schema\/logo\/image\/","url":"https:\/\/www.gpigroup.com\/app\/uploads\/2023\/03\/logo-GPI-2019-1.jpg","contentUrl":"https:\/\/www.gpigroup.com\/app\/uploads\/2023\/03\/logo-GPI-2019-1.jpg","width":1946,"height":1945,"caption":"GPI S.p.A."},"image":{"@id":"https:\/\/www.gpigroup.com\/es-la\/#\/schema\/logo\/image\/"},"sameAs":["https:\/\/www.facebook.com\/GruppoGPI\/","https:\/\/www.linkedin.com\/company\/gpi-spa","http:\/\/www.youtube.com\/user\/GruppoGPI"]}]}},"_links":{"self":[{"href":"https:\/\/www.gpigroup.com\/es-la\/wp-json\/wp\/v2\/pages\/160936","targetHints":{"allow":["GET"]}}],"collection":[{"href":"https:\/\/www.gpigroup.com\/es-la\/wp-json\/wp\/v2\/pages"}],"about":[{"href":"https:\/\/www.gpigroup.com\/es-la\/wp-json\/wp\/v2\/types\/page"}],"author":[{"embeddable":true,"href":"https:\/\/www.gpigroup.com\/es-la\/wp-json\/wp\/v2\/users\/23"}],"replies":[{"embeddable":true,"href":"https:\/\/www.gpigroup.com\/es-la\/wp-json\/wp\/v2\/comments?post=160936"}],"version-history":[{"count":19,"href":"https:\/\/www.gpigroup.com\/es-la\/wp-json\/wp\/v2\/pages\/160936\/revisions"}],"predecessor-version":[{"id":163229,"href":"https:\/\/www.gpigroup.com\/es-la\/wp-json\/wp\/v2\/pages\/160936\/revisions\/163229"}],"wp:featuredmedia":[{"embeddable":true,"href":"https:\/\/www.gpigroup.com\/es-la\/wp-json\/wp\/v2\/media\/68629"}],"wp:attachment":[{"href":"https:\/\/www.gpigroup.com\/es-la\/wp-json\/wp\/v2\/media?parent=160936"}],"curies":[{"name":"wp","href":"https:\/\/api.w.org\/{rel}","templated":true}]}}