{"id":157294,"date":"2024-09-20T17:23:19","date_gmt":"2024-09-20T15:23:19","guid":{"rendered":"https:\/\/www.gpigroup.com\/?page_id=157294"},"modified":"2024-10-24T10:20:58","modified_gmt":"2024-10-24T08:20:58","slug":"gpi4med-criticalcare-24","status":"publish","type":"page","link":"https:\/\/www.gpigroup.com\/es-la\/gpi4med-criticalcare-24\/","title":{"rendered":"Gpi4Med.CRITICALCARE"},"content":{"rendered":"<div class=\"wpb-content-wrapper\"><p>[vc_row full_width=&#8221;stretch_row&#8221; el_class=&#8221;text-row my-0&#8243;][vc_column][vc_row_inner][vc_column_inner][vc_column_text]<\/p>\n<div class=\"row asa-title\">\n<div class=\"col-12 col-md-6\">\n<img loading=\"lazy\" decoding=\"async\" width=\"1024\" height=\"576\" src=\"https:\/\/www.gpigroup.com\/app\/uploads\/2019\/05\/asa_software.jpg\" class=\"asa-image asa-image-mobile rounded-circle d-md-none d-inline\" alt=\"GPI Software\" srcset=\"https:\/\/www.gpigroup.com\/app\/uploads\/2019\/05\/asa_software.jpg 1024w, https:\/\/www.gpigroup.com\/app\/uploads\/2019\/05\/asa_software-300x169.jpg 300w, https:\/\/www.gpigroup.com\/app\/uploads\/2019\/05\/asa_software-768x432.jpg 768w\" sizes=\"auto, (max-width: 1024px) 100vw, 1024px\" \/>\n<div class=\"gpi_signature_title_tech\">\n<h1>Gpi4Med.CRITICALCARE<\/h1>\n<\/div>\n<\/div>\n<div class=\"col-12 col-md-6\">\n<div class=\"asa-symbol\"><img loading=\"lazy\" decoding=\"async\" class=\"alignnone size-medium wp-image-3055\" role=\"img\" src=\"https:\/\/www.gpigroup.com\/app\/uploads\/\/2019\/03\/Software-1.svg\" alt=\"\" width=\"24\" height=\"24\" \/>\u00a0SOFTWARE<\/div>\n<\/div>\n<\/div>\n<p>[\/vc_column_text][\/vc_column_inner][\/vc_row_inner][vc_row_inner el_class=&#8221;bl-body&#8221;][vc_column_inner width=&#8221;1\/3&#8243;][vc_column_text]<img loading=\"lazy\" decoding=\"async\" width=\"1024\" height=\"576\" src=\"https:\/\/www.gpigroup.com\/app\/uploads\/2019\/05\/asa_software.jpg\" class=\"asa-image rounded-circle d-md-inline d-none\" alt=\"GPI Software\" srcset=\"https:\/\/www.gpigroup.com\/app\/uploads\/2019\/05\/asa_software.jpg 1024w, https:\/\/www.gpigroup.com\/app\/uploads\/2019\/05\/asa_software-300x169.jpg 300w, https:\/\/www.gpigroup.com\/app\/uploads\/2019\/05\/asa_software-768x432.jpg 768w\" sizes=\"auto, (max-width: 1024px) 100vw, 1024px\" \/>[\/vc_column_text][\/vc_column_inner][vc_column_inner width=&#8221;2\/3&#8243;][vc_column_text css=&#8221;&#8221; el_class=&#8221;entice&#8221;]Gpi4Med.CRITICALCARE es una suite de software desarrollada para la gesti\u00f3n optimizada y segura de la anestesia, cuidados intensivos y quir\u00f3fanos.[\/vc_column_text][\/vc_column_inner][\/vc_row_inner][vc_row_inner][vc_column_inner width=&#8221;1\/3&#8243;][\/vc_column_inner][vc_column_inner width=&#8221;2\/3&#8243;][vc_column_text css=&#8221;&#8221;]Esta l\u00ednea vertical de productos de la Suite Gpi4Med comprende:<\/p>\n<ul>\n<li><strong>Intensive+<\/strong>: una soluci\u00f3n especializada que ayuda a mejorar la calidad de los cuidados, reducir el riesgo de errores cl\u00ednicos, optimizar el tiempo y gestionar mejor los costes en las unidades de cuidados intensivos.<span style=\"text-decoration: underline;\">Caracter\u00edsticas principales:<\/span>\n<ul>\n<li>Prescripci\u00f3n y planificaci\u00f3n gr\u00e1fica<\/li>\n<li>Vistas retrospectivas por \u00f3rgano<\/li>\n<li>Monitorizaci\u00f3n de di\u00e1lisis y hemofiltraci\u00f3n<\/li>\n<li>Transmisiones dirigidas y abiertas<\/li>\n<li>Informes multidisciplinares (fisioterapia, nutrici\u00f3n, etc.)<\/li>\n<li>Ensayos de trazabilidad y auditor\u00eda<\/li>\n<\/ul>\n<\/li>\n<\/ul>\n<ul>\n<li><strong>Anesthesia:<\/strong> una soluci\u00f3n para la gesti\u00f3n integral de los procesos de anestesia. El software agiliza el flujo de trabajo de la anestesia, antes, durante y despu\u00e9s de la operaci\u00f3n, y ayuda a reducir el riesgo de errores de medicaci\u00f3n y contribuye a controlar los costes farmac\u00e9uticos.<span style=\"text-decoration: underline;\">Caracter\u00edsticas principales:<\/span>\n<ul>\n<li>Digitalizaci\u00f3n de la hoja de consulta preanest\u00e9sica (historial, tratamientos, exploraci\u00f3n, &#8230;)<\/li>\n<li>Digitalizaci\u00f3n de la hoja de monitorizaci\u00f3n en las fases pre y postanest\u00e9sica<\/li>\n<li>Recuperaci\u00f3n autom\u00e1tica de las constantes vitales<\/li>\n<li>Soluci\u00f3n interoperativa, integrada en el HIS y conectada a dispositivos biom\u00e9dicos<\/li>\n<li>Sistema de alertas automatizado y personalizable<span style=\"text-decoration: underline;\">Funciones:<\/span><\/li>\n<li>Consulta y visita preanest\u00e9sica<\/li>\n<li>Intraoperatividad durante el tiempo de la intervenci\u00f3n<\/li>\n<li>Ambulatoria<\/li>\n<li>Unidad de cuidados intensivos<\/li>\n<li>Conectividad \/ Estad\u00edsticas<\/li>\n<\/ul>\n<\/li>\n<\/ul>\n<ul>\n<li><strong>OpRoom<\/strong> es una soluci\u00f3n inform\u00e1tica para organizar y optimizar el proceso quir\u00fargico. Su objetivo es mejorar la eficacia de la gesti\u00f3n de los quir\u00f3fanos. Es una soluci\u00f3n modular, dise\u00f1ada con y para los equipos quir\u00fargicos en colaboraci\u00f3n con varios hospitales universitarios y centros hospitalarios.<span style=\"text-decoration: underline;\">Caracter\u00edsticas principales:<br \/>\n<\/span><\/p>\n<ul>\n<li>Digitalizaci\u00f3n de la hoja de consulta preanest\u00e9sica Gesti\u00f3n de la consulta y del preoperatorio<\/li>\n<li>Planificaci\u00f3n y organizaci\u00f3n del quir\u00f3fano, los equipos m\u00e9dicos y el equipamiento<\/li>\n<li>Verificaci\u00f3n de la lista de comprobaci\u00f3n y organizaci\u00f3n del recorrido del paciente<\/li>\n<li>Gesti\u00f3n de informes y estad\u00edsticas<br \/>\n<span style=\"text-decoration: underline;\"><br \/>\nFunciones:<br \/>\n<\/span><\/li>\n<li>Consulta y preoperatorio<\/li>\n<li>Touch planning and touch intraoperative<\/li>\n<li>Configuraci\u00f3n e informes<\/li>\n<\/ul>\n<\/li>\n<\/ul>\n<ul>\n<li><strong>ImageSI<\/strong> es un sistema de alta tecnolog\u00eda dise\u00f1ado y desarrollado para satisfacer las necesidades espec\u00edficas de los distintos tipos de quir\u00f3fano y apoyar las actividades quir\u00fargicas, docentes y de formaci\u00f3n.<span style=\"text-decoration: underline;\">Principales caracter\u00edsticas:<\/span>\n<ul>\n<li>Enrutamiento de v\u00eddeo, im\u00e1genes y datos adquiridos por los equipos integrados<\/li>\n<li>M\u00f3dulos de integraci\u00f3n e intercambio de datos con los HIS<\/li>\n<li>Archivo web multimedia para actividades formativas<\/li>\n<\/ul>\n<\/li>\n<\/ul>\n<p>[\/vc_column_text][\/vc_column_inner][\/vc_row_inner][\/vc_column][\/vc_row][vc_row][vc_column width=&#8221;1\/3&#8243;][vc_column_text css=&#8221;&#8221; el_class=&#8221;entice&#8221;]<\/p>\n<div class=\"gpi_signature_title_tech\">Gpi4Med<\/div>\n<p>[\/vc_column_text][\/vc_column][vc_column width=&#8221;2\/3&#8243;][vc_column_text css=&#8221;&#8221;]<span style=\"text-decoration: underline;\">Enfoque global en Salud Digital:<\/span><br \/>\nGpi4Med es una suite integral de Gpi, un grupo global con m\u00e1s de 35 a\u00f1os de experiencia en Salud Digital, que facilita el camino hacia la transformaci\u00f3n digital y la atenci\u00f3n sanitaria sostenible.<\/p>\n<p>Todas las soluciones verticales son multiling\u00fces y est\u00e1n instaladas en m\u00e1s de 70 pa\u00edses de todo el mundo. A trav\u00e9s de nuestras oficinas locales, asociados y equipos de asistencia, con sede en todo el mundo, nos esforzamos por potenciar la experiencia y madurez de nuestros clientes en sus respectivos sectores.<\/p>\n<p><span style=\"text-decoration: underline;\">Propuesta de valor \u00fanica<\/span><br \/>\nSoporte INTEGRAL a las \u00e1reas m\u00e9dicas, quir\u00fargicas, cl\u00ednicas y de diagn\u00f3stico<br \/>\nTECNOLOG\u00cdA WEB Y EN LA NUBE, para facilitar los procesos de despliegue, soporte y mantenimiento<br \/>\nINTEGRADO CON UNA VARIEDAD DE DISPOSITIVOS BIOM\u00c9DICOS y softwares de terceros<br \/>\nCERTIFICADO \/ ACREDITADO como software de producto sanitario (MDR, CE, FDA, SFDA, entre otros)<br \/>\nENRIQUECIDO con funciones innovadoras y algoritmos avanzados basados en IA<\/p>\n<p><span style=\"text-decoration: underline;\">Misi\u00f3n<\/span><br \/>\nGracias a GPI4Med, el Grupo GPI aspira a desempe\u00f1ar un papel de liderazgo en la transformaci\u00f3n digital sostenible para la prevenci\u00f3n, el cuidado y el tratamiento de la salud y el bienestar de las personas.<\/p>\n<p><span style=\"text-decoration: underline;\">Visi\u00f3n<\/span><br \/>\nLa suite GPI4Med proporciona un enfoque hol\u00edstico en el \u00e1rea de soluciones de software altamente especializado e integrado en productos sanitarios. Gracias a la suite y a la amplia experiencia de GPI, los hospitales, socios e integradores de sistemas pueden confiar en una \u00fanica fuente para el suministro de soluciones de software de diagn\u00f3stico y cuidados cr\u00edticos.<\/p>\n<p><span style=\"text-decoration: underline;\">Cuantificaci\u00f3n de nuestros \u00e9xitos<\/span><\/p>\n<ul>\n<li style=\"list-style-type: none;\">\n<ul>\n<li>M\u00e1s de 9.000 clientes en m\u00e1s de 70 pa\u00edses<\/li>\n<li>M\u00e1s de 8.000 empleados, que operan en m\u00e1s de 17 pa\u00edses de todo el mundo<\/li>\n<li>N\u00famero 1 en Italia en tecnolog\u00edas de la informaci\u00f3n para el sector sanitario, entre los primeros de la UE.<\/li>\n<li>N\u00famero 1 en Italia en acceso multicanal a tratamientos<\/li>\n<li>Un objetivo final: mejorar la calidad de vida de las personas<\/li>\n<\/ul>\n<\/li>\n<\/ul>\n<p>[\/vc_column_text][\/vc_column][\/vc_row]<\/p>\n[vc_row full_width=\"stretch_row\" el_class=\"vision mb-0 gpi-orange-bg\"][vc_column offset=\"vc_col-lg-3 vc_col-xs-12\"][vc_column_text]\n<h4>Contact our sales team<\/h4>[\/vc_column_text][\/vc_column][vc_column width=\"3\/4\" offset=\"vc_col-lg-offset-0 vc_col-sm-offset-3 vc_col-xs-12\"][vc_raw_html]JTVCY29udGFjdC1mb3JtLTclMjBpZCUzRCUyMjY3MTIlMjIlMjB0aXRsZSUzRCUyMkJ1c2luZXNzJTIwbGluZSUyMGZvcm0lMjIlMjBodG1sX2lkJTNEJTIyZ3BpLWNvbnRhY3QtZm9ybSUyMiU1RA==[\/vc_raw_html][\/vc_column][\/vc_row]<\/div>","protected":false},"excerpt":{"rendered":"<p>[vc_row full_width=&#8221;stretch_row&#8221; el_class=&#8221;text-row my-0&#8243;][vc_column][vc_row_inner][vc_column_inner][vc_column_text] Gpi4Med.CRITICALCARE \u00a0SOFTWARE [\/vc_column_text][\/vc_column_inner][\/vc_row_inner][vc_row_inner el_class=&#8221;bl-body&#8221;][vc_column_inner width=&#8221;1\/3&#8243;][vc_column_text][\/vc_column_text][\/vc_column_inner][vc_column_inner width=&#8221;2\/3&#8243;][vc_column_text css=&#8221;&#8221; el_class=&#8221;entice&#8221;]Gpi4Med.CRITICALCARE es una suite de software desarrollada para la gesti\u00f3n optimizada y segura de la anestesia, cuidados intensivos y quir\u00f3fanos.[\/vc_column_text][\/vc_column_inner][\/vc_row_inner][vc_row_inner][vc_column_inner width=&#8221;1\/3&#8243;][\/vc_column_inner][vc_column_inner width=&#8221;2\/3&#8243;][vc_column_text css=&#8221;&#8221;]Esta l\u00ednea vertical de productos de la Suite Gpi4Med comprende: Intensive+: una soluci\u00f3n especializada que ayuda a mejorar la calidad de los<\/p>\n","protected":false},"author":7,"featured_media":5153,"parent":0,"menu_order":0,"comment_status":"closed","ping_status":"closed","template":"","meta":{"footnotes":""},"class_list":["post-157294","page","type-page","status-publish","has-post-thumbnail","hentry","client_type-sanita-privata-clinico-amministrativa-es-la","client_type-sanita-pubblica-clinico-amministrativa-es-la","section-offerta","business_line-software"],"yoast_head":"<!-- This site is optimized with the Yoast SEO plugin v27.1.1 - https:\/\/yoast.com\/product\/yoast-seo-wordpress\/ -->\n<title>Gpi4Med.CRITICALCARE<\/title>\n<meta name=\"description\" content=\"Gpi4Med.CRITICALCARE es una suite de software desarrollada para la gesti\u00f3n optimizada y segura de la anestesia, cuidados intensivos y quir\u00f3fanos.\" \/>\n<meta name=\"robots\" content=\"index, follow, max-snippet:-1, max-image-preview:large, max-video-preview:-1\" \/>\n<link rel=\"canonical\" href=\"https:\/\/www.gpigroup.com\/es-la\/gpi4med-criticalcare-24\/\" \/>\n<meta property=\"og:locale\" content=\"es_ES\" \/>\n<meta property=\"og:type\" content=\"article\" \/>\n<meta property=\"og:title\" content=\"Gpi4Med.CRITICALCARE\" \/>\n<meta property=\"og:description\" content=\"Gpi4Med.CRITICALCARE es una suite de software desarrollada para la gesti\u00f3n optimizada y segura de la anestesia, cuidados intensivos y quir\u00f3fanos.\" \/>\n<meta property=\"og:url\" content=\"https:\/\/www.gpigroup.com\/es-la\/gpi4med-criticalcare-24\/\" \/>\n<meta property=\"og:site_name\" content=\"GPI\" \/>\n<meta property=\"article:publisher\" content=\"https:\/\/www.facebook.com\/GruppoGPI\/\" \/>\n<meta property=\"article:modified_time\" content=\"2024-10-24T08:20:58+00:00\" \/>\n<meta property=\"og:image\" content=\"https:\/\/www.gpigroup.com\/app\/uploads\/2019\/04\/og-link-preview-1.png\" \/>\n\t<meta property=\"og:image:width\" content=\"1366\" \/>\n\t<meta property=\"og:image:height\" content=\"768\" \/>\n\t<meta property=\"og:image:type\" content=\"image\/png\" \/>\n<meta name=\"twitter:card\" content=\"summary_large_image\" \/>\n<meta name=\"twitter:label1\" content=\"Est. reading time\" \/>\n\t<meta name=\"twitter:data1\" content=\"4 minutes\" \/>\n<script type=\"application\/ld+json\" class=\"yoast-schema-graph\">{\"@context\":\"https:\/\/schema.org\",\"@graph\":[{\"@type\":\"WebPage\",\"@id\":\"https:\/\/www.gpigroup.com\/es-la\/gpi4med-criticalcare-24\/\",\"url\":\"https:\/\/www.gpigroup.com\/es-la\/gpi4med-criticalcare-24\/\",\"name\":\"Gpi4Med.CRITICALCARE\",\"isPartOf\":{\"@id\":\"https:\/\/www.gpigroup.com\/es-la\/#website\"},\"primaryImageOfPage\":{\"@id\":\"https:\/\/www.gpigroup.com\/es-la\/gpi4med-criticalcare-24\/#primaryimage\"},\"image\":{\"@id\":\"https:\/\/www.gpigroup.com\/es-la\/gpi4med-criticalcare-24\/#primaryimage\"},\"thumbnailUrl\":\"https:\/\/www.gpigroup.com\/app\/uploads\/2019\/04\/og-link-preview-1.png\",\"datePublished\":\"2024-09-20T15:23:19+00:00\",\"dateModified\":\"2024-10-24T08:20:58+00:00\",\"description\":\"Gpi4Med.CRITICALCARE es una suite de software desarrollada para la gesti\u00f3n optimizada y segura de la anestesia, cuidados intensivos y quir\u00f3fanos.\",\"breadcrumb\":{\"@id\":\"https:\/\/www.gpigroup.com\/es-la\/gpi4med-criticalcare-24\/#breadcrumb\"},\"inLanguage\":\"es-LA\",\"potentialAction\":[{\"@type\":\"ReadAction\",\"target\":[\"https:\/\/www.gpigroup.com\/es-la\/gpi4med-criticalcare-24\/\"]}]},{\"@type\":\"ImageObject\",\"inLanguage\":\"es-LA\",\"@id\":\"https:\/\/www.gpigroup.com\/es-la\/gpi4med-criticalcare-24\/#primaryimage\",\"url\":\"https:\/\/www.gpigroup.com\/app\/uploads\/2019\/04\/og-link-preview-1.png\",\"contentUrl\":\"https:\/\/www.gpigroup.com\/app\/uploads\/2019\/04\/og-link-preview-1.png\",\"width\":1366,\"height\":768,\"caption\":\"GPI link preview\"},{\"@type\":\"BreadcrumbList\",\"@id\":\"https:\/\/www.gpigroup.com\/es-la\/gpi4med-criticalcare-24\/#breadcrumb\",\"itemListElement\":[{\"@type\":\"ListItem\",\"position\":1,\"name\":\"Home\",\"item\":\"https:\/\/www.gpigroup.com\/es-la\/\"},{\"@type\":\"ListItem\",\"position\":2,\"name\":\"Gpi4Med.CRITICALCARE\"}]},{\"@type\":\"WebSite\",\"@id\":\"https:\/\/www.gpigroup.com\/es-la\/#website\",\"url\":\"https:\/\/www.gpigroup.com\/es-la\/\",\"name\":\"GPI\",\"description\":\"The Healthcare Partner\",\"publisher\":{\"@id\":\"https:\/\/www.gpigroup.com\/es-la\/#organization\"},\"potentialAction\":[{\"@type\":\"SearchAction\",\"target\":{\"@type\":\"EntryPoint\",\"urlTemplate\":\"https:\/\/www.gpigroup.com\/es-la\/?s={search_term_string}\"},\"query-input\":{\"@type\":\"PropertyValueSpecification\",\"valueRequired\":true,\"valueName\":\"search_term_string\"}}],\"inLanguage\":\"es-LA\"},{\"@type\":\"Organization\",\"@id\":\"https:\/\/www.gpigroup.com\/es-la\/#organization\",\"name\":\"GPI S.p.A.\",\"url\":\"https:\/\/www.gpigroup.com\/es-la\/\",\"logo\":{\"@type\":\"ImageObject\",\"inLanguage\":\"es-LA\",\"@id\":\"https:\/\/www.gpigroup.com\/es-la\/#\/schema\/logo\/image\/\",\"url\":\"https:\/\/www.gpigroup.com\/app\/uploads\/2023\/03\/logo-GPI-2019-1.jpg\",\"contentUrl\":\"https:\/\/www.gpigroup.com\/app\/uploads\/2023\/03\/logo-GPI-2019-1.jpg\",\"width\":1946,\"height\":1945,\"caption\":\"GPI S.p.A.\"},\"image\":{\"@id\":\"https:\/\/www.gpigroup.com\/es-la\/#\/schema\/logo\/image\/\"},\"sameAs\":[\"https:\/\/www.facebook.com\/GruppoGPI\/\",\"https:\/\/www.linkedin.com\/company\/gpi-spa\",\"http:\/\/www.youtube.com\/user\/GruppoGPI\"]}]}<\/script>\n<!-- \/ Yoast SEO plugin. -->","yoast_head_json":{"title":"Gpi4Med.CRITICALCARE","description":"Gpi4Med.CRITICALCARE es una suite de software desarrollada para la gesti\u00f3n optimizada y segura de la anestesia, cuidados intensivos y quir\u00f3fanos.","robots":{"index":"index","follow":"follow","max-snippet":"max-snippet:-1","max-image-preview":"max-image-preview:large","max-video-preview":"max-video-preview:-1"},"canonical":"https:\/\/www.gpigroup.com\/es-la\/gpi4med-criticalcare-24\/","og_locale":"es_ES","og_type":"article","og_title":"Gpi4Med.CRITICALCARE","og_description":"Gpi4Med.CRITICALCARE es una suite de software desarrollada para la gesti\u00f3n optimizada y segura de la anestesia, cuidados intensivos y quir\u00f3fanos.","og_url":"https:\/\/www.gpigroup.com\/es-la\/gpi4med-criticalcare-24\/","og_site_name":"GPI","article_publisher":"https:\/\/www.facebook.com\/GruppoGPI\/","article_modified_time":"2024-10-24T08:20:58+00:00","og_image":[{"width":1366,"height":768,"url":"https:\/\/www.gpigroup.com\/app\/uploads\/2019\/04\/og-link-preview-1.png","type":"image\/png"}],"twitter_card":"summary_large_image","twitter_misc":{"Est. reading time":"4 minutes"},"schema":{"@context":"https:\/\/schema.org","@graph":[{"@type":"WebPage","@id":"https:\/\/www.gpigroup.com\/es-la\/gpi4med-criticalcare-24\/","url":"https:\/\/www.gpigroup.com\/es-la\/gpi4med-criticalcare-24\/","name":"Gpi4Med.CRITICALCARE","isPartOf":{"@id":"https:\/\/www.gpigroup.com\/es-la\/#website"},"primaryImageOfPage":{"@id":"https:\/\/www.gpigroup.com\/es-la\/gpi4med-criticalcare-24\/#primaryimage"},"image":{"@id":"https:\/\/www.gpigroup.com\/es-la\/gpi4med-criticalcare-24\/#primaryimage"},"thumbnailUrl":"https:\/\/www.gpigroup.com\/app\/uploads\/2019\/04\/og-link-preview-1.png","datePublished":"2024-09-20T15:23:19+00:00","dateModified":"2024-10-24T08:20:58+00:00","description":"Gpi4Med.CRITICALCARE es una suite de software desarrollada para la gesti\u00f3n optimizada y segura de la anestesia, cuidados intensivos y quir\u00f3fanos.","breadcrumb":{"@id":"https:\/\/www.gpigroup.com\/es-la\/gpi4med-criticalcare-24\/#breadcrumb"},"inLanguage":"es-LA","potentialAction":[{"@type":"ReadAction","target":["https:\/\/www.gpigroup.com\/es-la\/gpi4med-criticalcare-24\/"]}]},{"@type":"ImageObject","inLanguage":"es-LA","@id":"https:\/\/www.gpigroup.com\/es-la\/gpi4med-criticalcare-24\/#primaryimage","url":"https:\/\/www.gpigroup.com\/app\/uploads\/2019\/04\/og-link-preview-1.png","contentUrl":"https:\/\/www.gpigroup.com\/app\/uploads\/2019\/04\/og-link-preview-1.png","width":1366,"height":768,"caption":"GPI link preview"},{"@type":"BreadcrumbList","@id":"https:\/\/www.gpigroup.com\/es-la\/gpi4med-criticalcare-24\/#breadcrumb","itemListElement":[{"@type":"ListItem","position":1,"name":"Home","item":"https:\/\/www.gpigroup.com\/es-la\/"},{"@type":"ListItem","position":2,"name":"Gpi4Med.CRITICALCARE"}]},{"@type":"WebSite","@id":"https:\/\/www.gpigroup.com\/es-la\/#website","url":"https:\/\/www.gpigroup.com\/es-la\/","name":"GPI","description":"The Healthcare Partner","publisher":{"@id":"https:\/\/www.gpigroup.com\/es-la\/#organization"},"potentialAction":[{"@type":"SearchAction","target":{"@type":"EntryPoint","urlTemplate":"https:\/\/www.gpigroup.com\/es-la\/?s={search_term_string}"},"query-input":{"@type":"PropertyValueSpecification","valueRequired":true,"valueName":"search_term_string"}}],"inLanguage":"es-LA"},{"@type":"Organization","@id":"https:\/\/www.gpigroup.com\/es-la\/#organization","name":"GPI S.p.A.","url":"https:\/\/www.gpigroup.com\/es-la\/","logo":{"@type":"ImageObject","inLanguage":"es-LA","@id":"https:\/\/www.gpigroup.com\/es-la\/#\/schema\/logo\/image\/","url":"https:\/\/www.gpigroup.com\/app\/uploads\/2023\/03\/logo-GPI-2019-1.jpg","contentUrl":"https:\/\/www.gpigroup.com\/app\/uploads\/2023\/03\/logo-GPI-2019-1.jpg","width":1946,"height":1945,"caption":"GPI S.p.A."},"image":{"@id":"https:\/\/www.gpigroup.com\/es-la\/#\/schema\/logo\/image\/"},"sameAs":["https:\/\/www.facebook.com\/GruppoGPI\/","https:\/\/www.linkedin.com\/company\/gpi-spa","http:\/\/www.youtube.com\/user\/GruppoGPI"]}]}},"_links":{"self":[{"href":"https:\/\/www.gpigroup.com\/es-la\/wp-json\/wp\/v2\/pages\/157294","targetHints":{"allow":["GET"]}}],"collection":[{"href":"https:\/\/www.gpigroup.com\/es-la\/wp-json\/wp\/v2\/pages"}],"about":[{"href":"https:\/\/www.gpigroup.com\/es-la\/wp-json\/wp\/v2\/types\/page"}],"author":[{"embeddable":true,"href":"https:\/\/www.gpigroup.com\/es-la\/wp-json\/wp\/v2\/users\/7"}],"replies":[{"embeddable":true,"href":"https:\/\/www.gpigroup.com\/es-la\/wp-json\/wp\/v2\/comments?post=157294"}],"version-history":[{"count":1,"href":"https:\/\/www.gpigroup.com\/es-la\/wp-json\/wp\/v2\/pages\/157294\/revisions"}],"predecessor-version":[{"id":157296,"href":"https:\/\/www.gpigroup.com\/es-la\/wp-json\/wp\/v2\/pages\/157294\/revisions\/157296"}],"wp:featuredmedia":[{"embeddable":true,"href":"https:\/\/www.gpigroup.com\/es-la\/wp-json\/wp\/v2\/media\/5153"}],"wp:attachment":[{"href":"https:\/\/www.gpigroup.com\/es-la\/wp-json\/wp\/v2\/media?parent=157294"}],"curies":[{"name":"wp","href":"https:\/\/api.w.org\/{rel}","templated":true}]}}