{"id":157292,"date":"2024-09-20T17:15:57","date_gmt":"2024-09-20T15:15:57","guid":{"rendered":"https:\/\/www.gpigroup.com\/?page_id=157292"},"modified":"2024-10-24T10:21:36","modified_gmt":"2024-10-24T08:21:36","slug":"gpi4med-blood-24","status":"publish","type":"page","link":"https:\/\/www.gpigroup.com\/es-la\/gpi4med-blood-24\/","title":{"rendered":"Gpi4Med.BLOOD"},"content":{"rendered":"<div class=\"wpb-content-wrapper\"><p>[vc_row full_width=&#8221;stretch_row&#8221; el_class=&#8221;text-row my-0&#8243;][vc_column][vc_row_inner][vc_column_inner][vc_column_text css=&#8221;&#8221;]<\/p>\n<div class=\"row asa-title\">\n<div class=\"col-12 col-md-6\">\n<img loading=\"lazy\" decoding=\"async\" width=\"1024\" height=\"576\" src=\"https:\/\/www.gpigroup.com\/app\/uploads\/2019\/05\/asa_software.jpg\" class=\"asa-image asa-image-mobile rounded-circle d-md-none d-inline\" alt=\"GPI Software\" srcset=\"https:\/\/www.gpigroup.com\/app\/uploads\/2019\/05\/asa_software.jpg 1024w, https:\/\/www.gpigroup.com\/app\/uploads\/2019\/05\/asa_software-300x169.jpg 300w, https:\/\/www.gpigroup.com\/app\/uploads\/2019\/05\/asa_software-768x432.jpg 768w\" sizes=\"auto, (max-width: 1024px) 100vw, 1024px\" \/>\n<div class=\"gpi_signature_title_tech\">\n<h1>Gpi4Med.BLOOD<\/h1>\n<\/div>\n<\/div>\n<div class=\"col-12 col-md-6\">\n<div class=\"asa-symbol\"><img loading=\"lazy\" decoding=\"async\" class=\"alignnone size-medium wp-image-3055\" role=\"img\" src=\"https:\/\/www.gpigroup.com\/app\/uploads\/\/2019\/03\/Software-1.svg\" alt=\"\" width=\"24\" height=\"24\" \/>\u00a0SOFTWARE<\/div>\n<\/div>\n<\/div>\n<p>[\/vc_column_text][\/vc_column_inner][\/vc_row_inner][vc_row_inner el_class=&#8221;bl-body&#8221;][vc_column_inner width=&#8221;1\/3&#8243;][vc_column_text]<img loading=\"lazy\" decoding=\"async\" width=\"1024\" height=\"576\" src=\"https:\/\/www.gpigroup.com\/app\/uploads\/2019\/05\/asa_software.jpg\" class=\"asa-image rounded-circle d-md-inline d-none\" alt=\"GPI Software\" srcset=\"https:\/\/www.gpigroup.com\/app\/uploads\/2019\/05\/asa_software.jpg 1024w, https:\/\/www.gpigroup.com\/app\/uploads\/2019\/05\/asa_software-300x169.jpg 300w, https:\/\/www.gpigroup.com\/app\/uploads\/2019\/05\/asa_software-768x432.jpg 768w\" sizes=\"auto, (max-width: 1024px) 100vw, 1024px\" \/>[\/vc_column_text][\/vc_column_inner][vc_column_inner width=&#8221;2\/3&#8243;][vc_column_text css=&#8221;&#8221; el_class=&#8221;entice&#8221;]Gpi4Med.BLOOD es una suite de soluciones de alto nivel dedicada a la gesti\u00f3n segura y eficaz de toda la cadena de suministro de sangre, desde la donaci\u00f3n hasta la transfusi\u00f3n y el trasplante. Con capacidad de gestionar sangre y todas las sustancias de origen humano (SOHO\/MPHO): \u00f3rganos, tejidos, leche materna**, c\u00e9lulas madre.[\/vc_column_text][\/vc_column_inner][\/vc_row_inner][vc_row_inner][vc_column_inner width=&#8221;1\/3&#8243;][\/vc_column_inner][vc_column_inner width=&#8221;2\/3&#8243;][vc_column_text css=&#8221;&#8221;]Gracias a esta Suite, es posible gestionar:<\/p>\n<ul>\n<li><strong>Donaciones de sangre<\/strong>: administrar toda la cadena de donaci\u00f3n, desde la captaci\u00f3n del donante hasta el env\u00edo final de la sangre, incluyendo los tests, el procesamiento de los componentes, el control de calidad y la gesti\u00f3n de las existencias.<\/li>\n<li><strong>Transfusiones de sangre:<\/strong> dar soporte a las peticiones de sangre a trav\u00e9s de una aplicaci\u00f3n web para hospitales que procesa las muestras de sangre de los pacientes, la compatibilidad y la distribuci\u00f3n segura.<br \/>\nTrasplantes: gestionar todo el proceso, desde la donaci\u00f3n, el estado de la lista, los ex\u00e1menes, la tipificaci\u00f3n, las pruebas cruzadas y el trasplante de \u00f3rganos.<\/li>\n<li><strong>Terapia celular:<\/strong> gestionar las colectas de c\u00e9lulas de pacientes (aut\u00f3logas) y donantes (alog\u00e9nicas), los tests y pruebas cruzadas, el control de calidad, el almacenamiento, y la distribuci\u00f3n de los componentes.<br \/>\nBanco de tejidos: gesti\u00f3n integral de tejidos, desde los donados y\/o recolectados hasta su destino final y transplante.<\/li>\n<li><strong>Banco de Leche Humana:<\/strong> gesti\u00f3n de la seguridad, eficiencia y trazabilidad de la leche materna y otros productos en el banco de leche y en las unidades neonatales donde se dispensan las dosis.<\/li>\n<li><strong>LIS:<\/strong> gesti\u00f3n intuitiva y eficiente del flujo de trabajo para la automatizaci\u00f3n de los procesos de laboratorio a todos los niveles.<\/li>\n<li><strong>Gesti\u00f3n de la calidad, panel de KPI e informes:<\/strong> estas soluciones completan la suite para el intercambio y la gesti\u00f3n de la informaci\u00f3n.<\/li>\n<\/ul>\n<p>Esta l\u00ednea de productos verticales de la Suite Gpi4Med incluye aplicaciones modulares, integrables y habilitadas como productos sanitarios:<\/p>\n<p><span style=\"text-decoration: underline;\">Donaci\u00f3n de sangre:<\/span><\/p>\n<ul>\n<li style=\"list-style-type: none;\">\n<ul>\n<li>Soluci\u00f3n de vena a vena que facilita la trazabilidad completa<\/li>\n<li>Configurabilidad total del software<\/li>\n<li>Derechos de acceso de usuarios a varios niveles<\/li>\n<li>Gesti\u00f3n de donantes<\/li>\n<li>Gesti\u00f3n de pacientes<\/li>\n<li>Gesti\u00f3n de los centros de colecta<\/li>\n<li>Gesti\u00f3n de la extracci\u00f3n, el an\u00e1lisis y el procesamiento de la sangre<\/li>\n<li>Seguimiento de todo el proceso de donaci\u00f3n<\/li>\n<\/ul>\n<\/li>\n<\/ul>\n<p><span style=\"text-decoration: underline;\">Transfusi\u00f3n de sangre<\/span><\/p>\n<ul>\n<li style=\"list-style-type: none;\">\n<ul>\n<li>Gesti\u00f3n de pacientes y pedidos<\/li>\n<li>Gesti\u00f3n del inventario de sangre<\/li>\n<li>Portal web para la introducci\u00f3n de pedidos y el registro de transfusiones<\/li>\n<li>Gesti\u00f3n de la compatibilidad y la distribuci\u00f3n con total seguridad<\/li>\n<li>Trazabilidad de los resultados de las pruebas, los analizadores y los reactivos utilizados<\/li>\n<li>Control del proceso de transfusi\u00f3n<\/li>\n<li>Gesti\u00f3n de consumibles, productos sangu\u00edneos primarios e intermedios<\/li>\n<\/ul>\n<\/li>\n<\/ul>\n<p><span style=\"text-decoration: underline;\">Aplicaciones auxiliares:<\/span><\/p>\n<p><strong>DONORPORTAL:<\/strong> Aplicaci\u00f3n web que se integra con el Sistema de Gesti\u00f3n de Bancos de Sangre y facilita la gesti\u00f3n de donantes y asociaciones permitiendo:<\/p>\n<ul>\n<li style=\"list-style-type: none;\">\n<ul>\n<li>Gesti\u00f3n de citas de donantes<\/li>\n<li>Reservas de ofrecimientos para donaciones<\/li>\n<li>Descarga de informes cl\u00ednicos a trav\u00e9s del Portal Web del donante<\/li>\n<\/ul>\n<\/li>\n<\/ul>\n<p><strong>BEDSIDECHECK:<\/strong> un sistema m\u00f3vil para gestionar de forma segura las muestras de sangre y las transfusiones a la cabecera del paciente.<\/p>\n<ul>\n<li style=\"list-style-type: none;\">\n<ul>\n<li>Funcionamiento en l\u00ednea con impresi\u00f3n de pulseras y etiquetas en la sala.<\/li>\n<li>Identificaci\u00f3n segura del paciente, de los tubos de extracci\u00f3n y de los componentes a transfundir<\/li>\n<li>Registro de las constantes vitales del paciente<\/li>\n<\/ul>\n<\/li>\n<\/ul>\n<p><strong>STOCKMANAGER:<\/strong> soluci\u00f3n web para la gesti\u00f3n del inventario de reactivos y cualquier material fungible, que permite una gesti\u00f3n eficaz de las existencias y los pedidos, con la posibilidad de obtener estad\u00edsticas de consumo y optimizaci\u00f3n.<\/p>\n<ul>\n<li style=\"list-style-type: none;\">\n<ul>\n<li>Decodificaci\u00f3n autom\u00e1tica de los c\u00f3digos de barras de los productos<\/li>\n<li>Gesti\u00f3n de inventario<\/li>\n<li>Alertas de inventario bajo<\/li>\n<\/ul>\n<\/li>\n<\/ul>\n<p><strong>QUALITYRECORDS:<\/strong> un sistema eficaz de gesti\u00f3n de la calidad que permite ahorrar mucho tiempo a los operarios y proporciona a los responsables de calidad una amplia gama de herramientas de control y seguimiento de los procesos.<\/p>\n<ul>\n<li style=\"list-style-type: none;\">\n<ul>\n<li>Gesti\u00f3n de la documentaci\u00f3n<\/li>\n<li>Gesti\u00f3n de no conformidades, reclamaciones, acciones preventivas y correctivas y equipamiento.<\/li>\n<li>Auditor\u00edas y revisi\u00f3n por la direcci\u00f3n<\/li>\n<li>Gesti\u00f3n de los requisitos de cualificaci\u00f3n y formaci\u00f3n<\/li>\n<\/ul>\n<\/li>\n<\/ul>\n<p><strong>BUSINESS INTELLIGENCE:<\/strong> un rico conjunto de gr\u00e1ficos e informes que muestran las operaciones de los centros de donaci\u00f3n y transfusi\u00f3n.<\/p>\n<ul>\n<li style=\"list-style-type: none;\">\n<ul>\n<li>Seguimiento de datos hist\u00f3ricos<\/li>\n<li>Visualizaci\u00f3n simult\u00e1nea de an\u00e1lisis multinivel<\/li>\n<li>Seguimiento de los tests realizados, del equipamiento utilizado, del tiempo de respuesta, y del usuario que realiza la prueba<\/li>\n<\/ul>\n<\/li>\n<\/ul>\n<p><strong>WEBLAB.MDW:<\/strong> un middleware para la gesti\u00f3n y el control completos de todo el flujo de trabajo y de los equipos del laboratorio cl\u00ednico.<\/p>\n<ul>\n<li style=\"list-style-type: none;\">\n<ul>\n<li>Gesti\u00f3n de m\u00faltiples laboratorios<\/li>\n<li>Seguimiento de muestras en tiempo real<\/li>\n<li>Adquisici\u00f3n de im\u00e1genes\/gr\u00e1ficos<\/li>\n<\/ul>\n<\/li>\n<\/ul>\n<p>[\/vc_column_text][\/vc_column_inner][\/vc_row_inner][\/vc_column][\/vc_row][vc_row][vc_column width=&#8221;1\/3&#8243;][vc_column_text css=&#8221;&#8221; el_class=&#8221;entice&#8221;]<\/p>\n<div class=\"gpi_signature_title_tech\">Gpi4Med<\/div>\n<p>[\/vc_column_text][\/vc_column][vc_column width=&#8221;2\/3&#8243;][vc_column_text css=&#8221;&#8221;]<span style=\"text-decoration: underline;\">Enfoque global en Salud Digital:<\/span><br \/>\nGpi4Med es una suite integral de Gpi, un grupo global con m\u00e1s de 35 a\u00f1os de experiencia en Salud Digital, que facilita el camino hacia la transformaci\u00f3n digital y la atenci\u00f3n sanitaria sostenible.<\/p>\n<p>Todas las soluciones verticales son multiling\u00fces y est\u00e1n instaladas en m\u00e1s de 70 pa\u00edses de todo el mundo. A trav\u00e9s de nuestras oficinas locales, asociados y equipos de asistencia, con sede en todo el mundo, nos esforzamos por potenciar la experiencia y madurez de nuestros clientes en sus respectivos sectores.<\/p>\n<p><span style=\"text-decoration: underline;\">Propuesta de valor \u00fanica<\/span><br \/>\nSoporte INTEGRAL a las \u00e1reas m\u00e9dicas, quir\u00fargicas, cl\u00ednicas y de diagn\u00f3stico<br \/>\nTECNOLOG\u00cdA WEB Y EN LA NUBE, para facilitar los procesos de despliegue, soporte y mantenimiento<br \/>\nINTEGRADO CON UNA VARIEDAD DE DISPOSITIVOS BIOM\u00c9DICOS y softwares de terceros<br \/>\nCERTIFICADO \/ ACREDITADO como software de producto sanitario (MDR, CE, FDA, SFDA, entre otros)<br \/>\nENRIQUECIDO con funciones innovadoras y algoritmos avanzados basados en IA<\/p>\n<p><span style=\"text-decoration: underline;\">Misi\u00f3n<\/span><br \/>\nGracias a GPI4Med, el Grupo GPI aspira a desempe\u00f1ar un papel de liderazgo en la transformaci\u00f3n digital sostenible para la prevenci\u00f3n, el cuidado y el tratamiento de la salud y el bienestar de las personas.<\/p>\n<p><span style=\"text-decoration: underline;\">Visi\u00f3n<\/span><br \/>\nLa suite GPI4Med proporciona un enfoque hol\u00edstico en el \u00e1rea de soluciones de software altamente especializado e integrado en productos sanitarios. Gracias a la suite y a la amplia experiencia de GPI, los hospitales, socios e integradores de sistemas pueden confiar en una \u00fanica fuente para el suministro de soluciones de software de diagn\u00f3stico y cuidados cr\u00edticos.<\/p>\n<p><span style=\"text-decoration: underline;\">Cuantificaci\u00f3n de nuestros \u00e9xitos<\/span><\/p>\n<ul>\n<li style=\"list-style-type: none;\">\n<ul>\n<li>M\u00e1s de 9.000 clientes en m\u00e1s de 70 pa\u00edses<\/li>\n<li>M\u00e1s de 8.000 empleados, que operan en m\u00e1s de 17 pa\u00edses de todo el mundo<\/li>\n<li>N\u00famero 1 en Italia en tecnolog\u00edas de la informaci\u00f3n para el sector sanitario, entre los primeros de la UE.<\/li>\n<li>N\u00famero 1 en Italia en acceso multicanal a tratamientos<\/li>\n<li>Un objetivo final: mejorar la calidad de vida de las personas<\/li>\n<\/ul>\n<\/li>\n<\/ul>\n<p>[\/vc_column_text][\/vc_column][\/vc_row]<\/p>\n[vc_row full_width=\"stretch_row\" el_class=\"vision mb-0 gpi-orange-bg\"][vc_column offset=\"vc_col-lg-3 vc_col-xs-12\"][vc_column_text]\n<h4>Contact our sales team<\/h4>[\/vc_column_text][\/vc_column][vc_column width=\"3\/4\" offset=\"vc_col-lg-offset-0 vc_col-sm-offset-3 vc_col-xs-12\"][vc_raw_html]JTVCY29udGFjdC1mb3JtLTclMjBpZCUzRCUyMjY3MTIlMjIlMjB0aXRsZSUzRCUyMkJ1c2luZXNzJTIwbGluZSUyMGZvcm0lMjIlMjBodG1sX2lkJTNEJTIyZ3BpLWNvbnRhY3QtZm9ybSUyMiU1RA==[\/vc_raw_html][\/vc_column][\/vc_row]<\/div>","protected":false},"excerpt":{"rendered":"<p>[vc_row full_width=&#8221;stretch_row&#8221; el_class=&#8221;text-row my-0&#8243;][vc_column][vc_row_inner][vc_column_inner][vc_column_text css=&#8221;&#8221;] Gpi4Med.BLOOD \u00a0SOFTWARE [\/vc_column_text][\/vc_column_inner][\/vc_row_inner][vc_row_inner el_class=&#8221;bl-body&#8221;][vc_column_inner width=&#8221;1\/3&#8243;][vc_column_text][\/vc_column_text][\/vc_column_inner][vc_column_inner width=&#8221;2\/3&#8243;][vc_column_text css=&#8221;&#8221; el_class=&#8221;entice&#8221;]Gpi4Med.BLOOD es una suite de soluciones de alto nivel dedicada a la gesti\u00f3n segura y eficaz de toda la cadena de suministro de sangre, desde la donaci\u00f3n hasta la transfusi\u00f3n y el trasplante. Con capacidad de gestionar sangre y todas las sustancias de<\/p>\n","protected":false},"author":7,"featured_media":5153,"parent":0,"menu_order":0,"comment_status":"closed","ping_status":"closed","template":"","meta":{"footnotes":""},"class_list":["post-157292","page","type-page","status-publish","has-post-thumbnail","hentry","client_type-sanita-privata-clinico-amministrativa-es-la","client_type-sanita-pubblica-clinico-amministrativa-es-la","section-offerta","business_line-software"],"yoast_head":"<!-- This site is optimized with the Yoast SEO plugin v27.1.1 - https:\/\/yoast.com\/product\/yoast-seo-wordpress\/ -->\n<title>Gpi4Med.BLOOD<\/title>\n<meta name=\"description\" content=\"Gpi4Med.BLOOD es una suite de soluciones de alto nivel dedicada a la gesti\u00f3n segura y eficaz de toda la cadena de suministro de sangre, desde la donaci\u00f3n hasta la transfusi\u00f3n y el trasplante.\" \/>\n<meta name=\"robots\" content=\"index, follow, max-snippet:-1, max-image-preview:large, max-video-preview:-1\" \/>\n<link rel=\"canonical\" href=\"https:\/\/www.gpigroup.com\/es-la\/gpi4med-blood-24\/\" \/>\n<meta property=\"og:locale\" content=\"es_ES\" \/>\n<meta property=\"og:type\" content=\"article\" \/>\n<meta property=\"og:title\" content=\"Gpi4Med.BLOOD\" \/>\n<meta property=\"og:description\" content=\"Gpi4Med.BLOOD es una suite de soluciones de alto nivel dedicada a la gesti\u00f3n segura y eficaz de toda la cadena de suministro de sangre, desde la donaci\u00f3n hasta la transfusi\u00f3n y el trasplante.\" \/>\n<meta property=\"og:url\" content=\"https:\/\/www.gpigroup.com\/es-la\/gpi4med-blood-24\/\" \/>\n<meta property=\"og:site_name\" content=\"GPI\" \/>\n<meta property=\"article:publisher\" content=\"https:\/\/www.facebook.com\/GruppoGPI\/\" \/>\n<meta property=\"article:modified_time\" content=\"2024-10-24T08:21:36+00:00\" \/>\n<meta property=\"og:image\" content=\"https:\/\/www.gpigroup.com\/app\/uploads\/2019\/04\/og-link-preview-1.png\" \/>\n\t<meta property=\"og:image:width\" content=\"1366\" \/>\n\t<meta property=\"og:image:height\" content=\"768\" \/>\n\t<meta property=\"og:image:type\" content=\"image\/png\" \/>\n<meta name=\"twitter:card\" content=\"summary_large_image\" \/>\n<meta name=\"twitter:label1\" content=\"Est. reading time\" \/>\n\t<meta name=\"twitter:data1\" content=\"6 minutes\" \/>\n<script type=\"application\/ld+json\" class=\"yoast-schema-graph\">{\"@context\":\"https:\/\/schema.org\",\"@graph\":[{\"@type\":\"WebPage\",\"@id\":\"https:\/\/www.gpigroup.com\/es-la\/gpi4med-blood-24\/\",\"url\":\"https:\/\/www.gpigroup.com\/es-la\/gpi4med-blood-24\/\",\"name\":\"Gpi4Med.BLOOD\",\"isPartOf\":{\"@id\":\"https:\/\/www.gpigroup.com\/es-la\/#website\"},\"primaryImageOfPage\":{\"@id\":\"https:\/\/www.gpigroup.com\/es-la\/gpi4med-blood-24\/#primaryimage\"},\"image\":{\"@id\":\"https:\/\/www.gpigroup.com\/es-la\/gpi4med-blood-24\/#primaryimage\"},\"thumbnailUrl\":\"https:\/\/www.gpigroup.com\/app\/uploads\/2019\/04\/og-link-preview-1.png\",\"datePublished\":\"2024-09-20T15:15:57+00:00\",\"dateModified\":\"2024-10-24T08:21:36+00:00\",\"description\":\"Gpi4Med.BLOOD es una suite de soluciones de alto nivel dedicada a la gesti\u00f3n segura y eficaz de toda la cadena de suministro de sangre, desde la donaci\u00f3n hasta la transfusi\u00f3n y el trasplante.\",\"breadcrumb\":{\"@id\":\"https:\/\/www.gpigroup.com\/es-la\/gpi4med-blood-24\/#breadcrumb\"},\"inLanguage\":\"es-LA\",\"potentialAction\":[{\"@type\":\"ReadAction\",\"target\":[\"https:\/\/www.gpigroup.com\/es-la\/gpi4med-blood-24\/\"]}]},{\"@type\":\"ImageObject\",\"inLanguage\":\"es-LA\",\"@id\":\"https:\/\/www.gpigroup.com\/es-la\/gpi4med-blood-24\/#primaryimage\",\"url\":\"https:\/\/www.gpigroup.com\/app\/uploads\/2019\/04\/og-link-preview-1.png\",\"contentUrl\":\"https:\/\/www.gpigroup.com\/app\/uploads\/2019\/04\/og-link-preview-1.png\",\"width\":1366,\"height\":768,\"caption\":\"GPI link preview\"},{\"@type\":\"BreadcrumbList\",\"@id\":\"https:\/\/www.gpigroup.com\/es-la\/gpi4med-blood-24\/#breadcrumb\",\"itemListElement\":[{\"@type\":\"ListItem\",\"position\":1,\"name\":\"Home\",\"item\":\"https:\/\/www.gpigroup.com\/es-la\/\"},{\"@type\":\"ListItem\",\"position\":2,\"name\":\"Gpi4Med.BLOOD\"}]},{\"@type\":\"WebSite\",\"@id\":\"https:\/\/www.gpigroup.com\/es-la\/#website\",\"url\":\"https:\/\/www.gpigroup.com\/es-la\/\",\"name\":\"GPI\",\"description\":\"The Healthcare Partner\",\"publisher\":{\"@id\":\"https:\/\/www.gpigroup.com\/es-la\/#organization\"},\"potentialAction\":[{\"@type\":\"SearchAction\",\"target\":{\"@type\":\"EntryPoint\",\"urlTemplate\":\"https:\/\/www.gpigroup.com\/es-la\/?s={search_term_string}\"},\"query-input\":{\"@type\":\"PropertyValueSpecification\",\"valueRequired\":true,\"valueName\":\"search_term_string\"}}],\"inLanguage\":\"es-LA\"},{\"@type\":\"Organization\",\"@id\":\"https:\/\/www.gpigroup.com\/es-la\/#organization\",\"name\":\"GPI S.p.A.\",\"url\":\"https:\/\/www.gpigroup.com\/es-la\/\",\"logo\":{\"@type\":\"ImageObject\",\"inLanguage\":\"es-LA\",\"@id\":\"https:\/\/www.gpigroup.com\/es-la\/#\/schema\/logo\/image\/\",\"url\":\"https:\/\/www.gpigroup.com\/app\/uploads\/2023\/03\/logo-GPI-2019-1.jpg\",\"contentUrl\":\"https:\/\/www.gpigroup.com\/app\/uploads\/2023\/03\/logo-GPI-2019-1.jpg\",\"width\":1946,\"height\":1945,\"caption\":\"GPI S.p.A.\"},\"image\":{\"@id\":\"https:\/\/www.gpigroup.com\/es-la\/#\/schema\/logo\/image\/\"},\"sameAs\":[\"https:\/\/www.facebook.com\/GruppoGPI\/\",\"https:\/\/www.linkedin.com\/company\/gpi-spa\",\"http:\/\/www.youtube.com\/user\/GruppoGPI\"]}]}<\/script>\n<!-- \/ Yoast SEO plugin. -->","yoast_head_json":{"title":"Gpi4Med.BLOOD","description":"Gpi4Med.BLOOD es una suite de soluciones de alto nivel dedicada a la gesti\u00f3n segura y eficaz de toda la cadena de suministro de sangre, desde la donaci\u00f3n hasta la transfusi\u00f3n y el trasplante.","robots":{"index":"index","follow":"follow","max-snippet":"max-snippet:-1","max-image-preview":"max-image-preview:large","max-video-preview":"max-video-preview:-1"},"canonical":"https:\/\/www.gpigroup.com\/es-la\/gpi4med-blood-24\/","og_locale":"es_ES","og_type":"article","og_title":"Gpi4Med.BLOOD","og_description":"Gpi4Med.BLOOD es una suite de soluciones de alto nivel dedicada a la gesti\u00f3n segura y eficaz de toda la cadena de suministro de sangre, desde la donaci\u00f3n hasta la transfusi\u00f3n y el trasplante.","og_url":"https:\/\/www.gpigroup.com\/es-la\/gpi4med-blood-24\/","og_site_name":"GPI","article_publisher":"https:\/\/www.facebook.com\/GruppoGPI\/","article_modified_time":"2024-10-24T08:21:36+00:00","og_image":[{"width":1366,"height":768,"url":"https:\/\/www.gpigroup.com\/app\/uploads\/2019\/04\/og-link-preview-1.png","type":"image\/png"}],"twitter_card":"summary_large_image","twitter_misc":{"Est. reading time":"6 minutes"},"schema":{"@context":"https:\/\/schema.org","@graph":[{"@type":"WebPage","@id":"https:\/\/www.gpigroup.com\/es-la\/gpi4med-blood-24\/","url":"https:\/\/www.gpigroup.com\/es-la\/gpi4med-blood-24\/","name":"Gpi4Med.BLOOD","isPartOf":{"@id":"https:\/\/www.gpigroup.com\/es-la\/#website"},"primaryImageOfPage":{"@id":"https:\/\/www.gpigroup.com\/es-la\/gpi4med-blood-24\/#primaryimage"},"image":{"@id":"https:\/\/www.gpigroup.com\/es-la\/gpi4med-blood-24\/#primaryimage"},"thumbnailUrl":"https:\/\/www.gpigroup.com\/app\/uploads\/2019\/04\/og-link-preview-1.png","datePublished":"2024-09-20T15:15:57+00:00","dateModified":"2024-10-24T08:21:36+00:00","description":"Gpi4Med.BLOOD es una suite de soluciones de alto nivel dedicada a la gesti\u00f3n segura y eficaz de toda la cadena de suministro de sangre, desde la donaci\u00f3n hasta la transfusi\u00f3n y el trasplante.","breadcrumb":{"@id":"https:\/\/www.gpigroup.com\/es-la\/gpi4med-blood-24\/#breadcrumb"},"inLanguage":"es-LA","potentialAction":[{"@type":"ReadAction","target":["https:\/\/www.gpigroup.com\/es-la\/gpi4med-blood-24\/"]}]},{"@type":"ImageObject","inLanguage":"es-LA","@id":"https:\/\/www.gpigroup.com\/es-la\/gpi4med-blood-24\/#primaryimage","url":"https:\/\/www.gpigroup.com\/app\/uploads\/2019\/04\/og-link-preview-1.png","contentUrl":"https:\/\/www.gpigroup.com\/app\/uploads\/2019\/04\/og-link-preview-1.png","width":1366,"height":768,"caption":"GPI link preview"},{"@type":"BreadcrumbList","@id":"https:\/\/www.gpigroup.com\/es-la\/gpi4med-blood-24\/#breadcrumb","itemListElement":[{"@type":"ListItem","position":1,"name":"Home","item":"https:\/\/www.gpigroup.com\/es-la\/"},{"@type":"ListItem","position":2,"name":"Gpi4Med.BLOOD"}]},{"@type":"WebSite","@id":"https:\/\/www.gpigroup.com\/es-la\/#website","url":"https:\/\/www.gpigroup.com\/es-la\/","name":"GPI","description":"The Healthcare Partner","publisher":{"@id":"https:\/\/www.gpigroup.com\/es-la\/#organization"},"potentialAction":[{"@type":"SearchAction","target":{"@type":"EntryPoint","urlTemplate":"https:\/\/www.gpigroup.com\/es-la\/?s={search_term_string}"},"query-input":{"@type":"PropertyValueSpecification","valueRequired":true,"valueName":"search_term_string"}}],"inLanguage":"es-LA"},{"@type":"Organization","@id":"https:\/\/www.gpigroup.com\/es-la\/#organization","name":"GPI S.p.A.","url":"https:\/\/www.gpigroup.com\/es-la\/","logo":{"@type":"ImageObject","inLanguage":"es-LA","@id":"https:\/\/www.gpigroup.com\/es-la\/#\/schema\/logo\/image\/","url":"https:\/\/www.gpigroup.com\/app\/uploads\/2023\/03\/logo-GPI-2019-1.jpg","contentUrl":"https:\/\/www.gpigroup.com\/app\/uploads\/2023\/03\/logo-GPI-2019-1.jpg","width":1946,"height":1945,"caption":"GPI S.p.A."},"image":{"@id":"https:\/\/www.gpigroup.com\/es-la\/#\/schema\/logo\/image\/"},"sameAs":["https:\/\/www.facebook.com\/GruppoGPI\/","https:\/\/www.linkedin.com\/company\/gpi-spa","http:\/\/www.youtube.com\/user\/GruppoGPI"]}]}},"_links":{"self":[{"href":"https:\/\/www.gpigroup.com\/es-la\/wp-json\/wp\/v2\/pages\/157292","targetHints":{"allow":["GET"]}}],"collection":[{"href":"https:\/\/www.gpigroup.com\/es-la\/wp-json\/wp\/v2\/pages"}],"about":[{"href":"https:\/\/www.gpigroup.com\/es-la\/wp-json\/wp\/v2\/types\/page"}],"author":[{"embeddable":true,"href":"https:\/\/www.gpigroup.com\/es-la\/wp-json\/wp\/v2\/users\/7"}],"replies":[{"embeddable":true,"href":"https:\/\/www.gpigroup.com\/es-la\/wp-json\/wp\/v2\/comments?post=157292"}],"version-history":[{"count":1,"href":"https:\/\/www.gpigroup.com\/es-la\/wp-json\/wp\/v2\/pages\/157292\/revisions"}],"predecessor-version":[{"id":157293,"href":"https:\/\/www.gpigroup.com\/es-la\/wp-json\/wp\/v2\/pages\/157292\/revisions\/157293"}],"wp:featuredmedia":[{"embeddable":true,"href":"https:\/\/www.gpigroup.com\/es-la\/wp-json\/wp\/v2\/media\/5153"}],"wp:attachment":[{"href":"https:\/\/www.gpigroup.com\/es-la\/wp-json\/wp\/v2\/media?parent=157292"}],"curies":[{"name":"wp","href":"https:\/\/api.w.org\/{rel}","templated":true}]}}