{"id":151162,"date":"2024-05-28T16:04:42","date_gmt":"2024-05-28T14:04:42","guid":{"rendered":"https:\/\/www.gpigroup.com\/gpi4med-medical-software-suite\/"},"modified":"2024-10-24T18:09:38","modified_gmt":"2024-10-24T16:09:38","slug":"gpi4med-medical-software-suite","status":"publish","type":"page","link":"https:\/\/www.gpigroup.com\/es-la\/gpi4med-medical-software-suite\/","title":{"rendered":"Gpi4Med Suite"},"content":{"rendered":"<div class=\"wpb-content-wrapper\"><p>[vc_row full_width=&#8221;stretch_row&#8221; css=&#8221;.vc_custom_1553766882955{padding-bottom: 30px !important;}&#8221; el_class=&#8221;text-row my-0&#8243;][vc_column][vc_row_inner][vc_column_inner][vc_column_text]<\/p>\n<div class=\"row asa-title\">\n<div class=\"col-12 col-md-6\">\n<img loading=\"lazy\" decoding=\"async\" width=\"1024\" height=\"576\" src=\"https:\/\/www.gpigroup.com\/app\/uploads\/2019\/05\/asa_software.jpg\" class=\"asa-image asa-image-mobile rounded-circle d-md-none d-inline\" alt=\"GPI Software\" srcset=\"https:\/\/www.gpigroup.com\/app\/uploads\/2019\/05\/asa_software.jpg 1024w, https:\/\/www.gpigroup.com\/app\/uploads\/2019\/05\/asa_software-300x169.jpg 300w, https:\/\/www.gpigroup.com\/app\/uploads\/2019\/05\/asa_software-768x432.jpg 768w\" sizes=\"auto, (max-width: 1024px) 100vw, 1024px\" \/>\n<div class=\"gpi_signature_title_tech\">\n<h1>Gpi4Med &#8211; the Global Suite of Medical Device Software<\/h1>\n<\/div>\n<\/div>\n<\/div>\n<p>[\/vc_column_text][\/vc_column_inner][\/vc_row_inner][vc_row_inner el_class=&#8221;bl-body&#8221;][vc_column_inner width=&#8221;1\/3&#8243;][vc_column_text]<img loading=\"lazy\" decoding=\"async\" width=\"1024\" height=\"576\" src=\"https:\/\/www.gpigroup.com\/app\/uploads\/2019\/05\/asa_software.jpg\" class=\"asa-image rounded-circle d-md-inline d-none\" alt=\"GPI Software\" srcset=\"https:\/\/www.gpigroup.com\/app\/uploads\/2019\/05\/asa_software.jpg 1024w, https:\/\/www.gpigroup.com\/app\/uploads\/2019\/05\/asa_software-300x169.jpg 300w, https:\/\/www.gpigroup.com\/app\/uploads\/2019\/05\/asa_software-768x432.jpg 768w\" sizes=\"auto, (max-width: 1024px) 100vw, 1024px\" \/>[\/vc_column_text][\/vc_column_inner][vc_column_inner width=&#8221;2\/3&#8243;][vc_column_text el_class=&#8221;entice&#8221;]<\/p>\n<h2>Bienvenido a la Gpi4Med Suite: la suite global de software para dispositivos m\u00e9dicos para todos los servicios de diagn\u00f3stico, gesti\u00f3n de sangre, cuidados intensivos y telemedicina.<\/h2>\n<p>[\/vc_column_text][vc_column_text css=&#8221;&#8221;]<img loading=\"lazy\" decoding=\"async\" class=\"wp-image-150981 size-medium alignnone\" src=\"https:\/\/www.gpigroup.com\/app\/uploads\/2024\/05\/Logo-Gpi-Med-Suite-RGB-300x91.jpg\" alt=\"Gpi4Med SUITE\" width=\"300\" height=\"91\" srcset=\"https:\/\/www.gpigroup.com\/app\/uploads\/2024\/05\/Logo-Gpi-Med-Suite-RGB-300x91.jpg 300w, https:\/\/www.gpigroup.com\/app\/uploads\/2024\/05\/Logo-Gpi-Med-Suite-RGB-1024x312.jpg 1024w, https:\/\/www.gpigroup.com\/app\/uploads\/2024\/05\/Logo-Gpi-Med-Suite-RGB-768x234.jpg 768w, https:\/\/www.gpigroup.com\/app\/uploads\/2024\/05\/Logo-Gpi-Med-Suite-RGB-1536x468.jpg 1536w, https:\/\/www.gpigroup.com\/app\/uploads\/2024\/05\/Logo-Gpi-Med-Suite-RGB-2048x624.jpg 2048w\" sizes=\"auto, (max-width: 300px) 100vw, 300px\" \/><\/p>\n<p><strong>GPI4Med<\/strong> es una suite de software m\u00e9dico completa e integrable, totalmente desarrollada y mantenida por el Grupo GPI, que da soporte a una amplia gama de \u00e1reas diagn\u00f3sticas y terap\u00e9uticas altamente especializadas.<\/p>\n<ul>\n<li style=\"font-weight: 400;\" aria-level=\"1\"><span style=\"font-weight: 400;\">N\u00famero 1 en Espa\u00f1a en gesti\u00f3n de bancos de Sangre<\/span><\/li>\n<li style=\"font-weight: 400;\" aria-level=\"1\"><span style=\"font-weight: 400;\">N\u00famero 1 en Espa\u00f1a en gesti\u00f3n de trasfusiones hospitalarias, tanto en el \u00e1mbito privado como p\u00fablico<\/span><\/li>\n<\/ul>\n<p>Desarrollada por la red global de divisiones de software de GPI, un grupo con m\u00e1s de 35 a\u00f1os de experiencia en Salud Digital, la <strong>Suite GPI4Med facilita el camino hacia la transformaci\u00f3n digital y la atenci\u00f3n sanitaria sostenible.\u00a0<\/strong><\/p>\n<p>Esta soluci\u00f3n vertical cubre todas las \u00e1reas de diagn\u00f3stico, incluyendo LIS y Patolog\u00eda Digital, Radiolog\u00eda e Imagen Cl\u00ednica, as\u00ed como las \u00e1reas de Sangre, SoHO\/MPHO y Cuidados Intensivos.<\/p>\n<p>Todas las soluciones verticales son multiling\u00fces y est\u00e1n instaladas en m\u00e1s de 70 pa\u00edses de todo el mundo. A trav\u00e9s de nuestras oficinas locales, distribudores y equipos de asistencia, con sede en todo el mundo, nos esforzamos por potenciar la experiencia y madurez de nuestros clientes en sus respectivos sectores.<\/p>\n<h4>Propuesta de valor \u00fanica<\/h4>\n<p>La suite GPI4Med dispone de un conjunto de funciones avanzadas que representan una propuesta \u00fanica en el mercado de las IT sanitarias. Soporte INTEGRAL a las \u00e1reas m\u00e9dicas, quir\u00fargicas, cl\u00ednicas y de diagn\u00f3stico:<\/p>\n<ul>\n<li>TECNOLOG\u00cdA WEB Y EN LA NUBE, para facilitar los procesos de despliegue, soporte y mantenimiento<\/li>\n<li>INTEGRABLE CON UNA VARIEDAD DE DISPOSITIVOS BIOM\u00c9DICOS y softwares de terceros<\/li>\n<li>CERTIFICADO \/ ACREDITADO como software de producto sanitario (MDR, CE, FDA, SFDA, entre otros)<\/li>\n<li>ENRIQUECIDO con funciones innovadoras y algoritmos avanzados basados en IA<\/li>\n<li>CO-DISE\u00d1ADO con expertos cl\u00ednicos para adaptarse a sus necesidades espec\u00edficas<\/li>\n<\/ul>\n<h4>Ampliaci\u00f3n de HIS y EMR<\/h4>\n<p>En determinadas \u00e1reas geogr\u00e1ficas, la Suite GPI4Med incluye una soluci\u00f3n HIS\/EMR que permite la gesti\u00f3n de pacientes y la funcionalidad de la Historia Cl\u00ednica Digital. Estas aplicaciones ampl\u00edan las capacidades de la Suite para cubrir las numerosas necesidades de software de un hospital.[\/vc_column_text][\/vc_column_inner][\/vc_row_inner][\/vc_column][\/vc_row][vc_row full_width=&#8221;stretch_row&#8221; el_class=&#8221;text-row bl-body bg-purple-to-orange&#8221;][vc_column width=&#8221;1\/3&#8243;][\/vc_column][vc_column width=&#8221;2\/3&#8243;][vc_column_text el_class=&#8221;text-on-bg-gradient-row&#8221;]<\/p>\n<h2><a href=\"https:\/\/www.gpigroup.com\/es-la\/gpi4med-criticalcare\/\"><img loading=\"lazy\" decoding=\"async\" class=\"wp-image-151056 size-medium alignnone\" src=\"https:\/\/www.gpigroup.com\/app\/uploads\/2024\/05\/Logo-Gpi-Med-Critical-Bianco.svg\" alt=\"\" width=\"300\" height=\"300\" \/><\/a><\/h2>\n<p>Un conjunto de software para la gesti\u00f3n optimizada y segura de la anestesia, cuidados intensivos y salas de operaciones.<\/p>\n<p>&nbsp;<\/p>\n<h2><a href=\"https:\/\/www.gpigroup.com\/es-la\/gpi4med-pathology\/\"><img loading=\"lazy\" decoding=\"async\" class=\"wp-image-151020 size-medium alignnone\" src=\"https:\/\/www.gpigroup.com\/app\/uploads\/2024\/05\/Logo-Gpi-Med-Pathology-Bianco.svg\" alt=\"\" width=\"300\" height=\"300\" \/><\/a><\/h2>\n<p>El software innovador para procesos de laboratorio y diagn\u00f3stico seguros y de alta calidad, as\u00ed como para la patolog\u00eda digital. Garantiza la gesti\u00f3n integrada de los procesos anal\u00edticos, organizativos y administrativos, as\u00ed como de las im\u00e1genes, tanto en hospitales como en todo el territorio.<\/p>\n<p>&nbsp;<\/p>\n<h2><a href=\"https:\/\/www.gpigroup.com\/es-la\/gpi4med-blood\/\"><img loading=\"lazy\" decoding=\"async\" class=\"wp-image-151080 size-medium alignnone\" src=\"https:\/\/www.gpigroup.com\/app\/uploads\/2024\/05\/Logo-Gpi-Med-Blood-Bianco.svg\" alt=\"\" width=\"300\" height=\"300\" \/><\/a><\/h2>\n<p>La suite dedicada a la gesti\u00f3n segura y eficiente de toda la cadena de suministro, desde la donaci\u00f3n hasta la transfusi\u00f3n y trasplante de sangre y todas las sustancias de origen humano (SoHO): \u00f3rganos, tejidos, leche materna, c\u00e9lulas madre.<\/p>\n<p>&nbsp;<\/p>\n<h2><a href=\"https:\/\/www.gpigroup.com\/es-la\/gpi4med-lis\/\"><img loading=\"lazy\" decoding=\"async\" class=\"wp-image-151008 size-medium alignnone\" src=\"https:\/\/www.gpigroup.com\/app\/uploads\/2024\/05\/Logo-Gpi-Med-LIS-Banco.svg\" alt=\"\" width=\"300\" height=\"300\" \/><\/a><\/h2>\n<p>El software innovador para procesos de laboratorio y diagn\u00f3stico seguros y de alta calidad. Garantiza la gesti\u00f3n integrada de los procesos anal\u00edticos, organizativos y administrativos tanto en hospitales como en todo el territorio.<\/p>\n<p>&nbsp;<\/p>\n<h2><a href=\"https:\/\/www.gpigroup.com\/es-la\/gpi4med-imaging\/\"><img loading=\"lazy\" decoding=\"async\" class=\"wp-image-151068 size-medium alignnone\" src=\"https:\/\/www.gpigroup.com\/app\/uploads\/2024\/05\/Logo-Gpi-Med-Imaging-Bianco.svg\" alt=\"\" width=\"300\" height=\"300\" \/><\/a><\/h2>\n<p>El sistema de imagen cl\u00ednica para la gesti\u00f3n de todo tipo de im\u00e1genes hospitalarias, incluidos los informes de datos de los pacientes.<\/p>\n<p>&nbsp;<\/p>\n<h2><a href=\"https:\/\/www.gpigroup.com\/es-la\/gpi4med-telemed\/\"><img loading=\"lazy\" decoding=\"async\" class=\"wp-image-151044 size-medium alignnone\" src=\"https:\/\/www.gpigroup.com\/app\/uploads\/2024\/05\/Logo-Gpi-Med-Telemed-Banco.svg\" alt=\"\" width=\"300\" height=\"300\" \/><\/a><\/h2>\n<p>Gpi4Med.TELEMED se compone de productos de software y hardware para telemedicina, telemonitorizaci\u00f3n y teleasistencia, incluida la detecci\u00f3n remota de signos vitales.[\/vc_column_text][\/vc_column][\/vc_row]<\/p>\n[vc_row full_width=\"stretch_row\" el_class=\"vision mb-0 gpi-orange-bg\"][vc_column offset=\"vc_col-lg-3 vc_col-xs-12\"][vc_column_text]\n<h4>Contact our sales team<\/h4>[\/vc_column_text][\/vc_column][vc_column width=\"3\/4\" offset=\"vc_col-lg-offset-0 vc_col-sm-offset-3 vc_col-xs-12\"][vc_raw_html]JTVCY29udGFjdC1mb3JtLTclMjBpZCUzRCUyMjY3MTIlMjIlMjB0aXRsZSUzRCUyMkJ1c2luZXNzJTIwbGluZSUyMGZvcm0lMjIlMjBodG1sX2lkJTNEJTIyZ3BpLWNvbnRhY3QtZm9ybSUyMiU1RA==[\/vc_raw_html][\/vc_column][\/vc_row]<\/div>","protected":false},"excerpt":{"rendered":"<p>[vc_row full_width=&#8221;stretch_row&#8221; css=&#8221;.vc_custom_1553766882955{padding-bottom: 30px !important;}&#8221; el_class=&#8221;text-row my-0&#8243;][vc_column][vc_row_inner][vc_column_inner][vc_column_text] Gpi4Med &#8211; the Global Suite of Medical Device Software [\/vc_column_text][\/vc_column_inner][\/vc_row_inner][vc_row_inner el_class=&#8221;bl-body&#8221;][vc_column_inner width=&#8221;1\/3&#8243;][vc_column_text][\/vc_column_text][\/vc_column_inner][vc_column_inner width=&#8221;2\/3&#8243;][vc_column_text el_class=&#8221;entice&#8221;] Bienvenido a la Gpi4Med Suite: la suite global de software para dispositivos m\u00e9dicos para todos los servicios de diagn\u00f3stico, gesti\u00f3n de sangre, cuidados intensivos y telemedicina. [\/vc_column_text][vc_column_text css=&#8221;&#8221;] GPI4Med es una suite de software<\/p>\n","protected":false},"author":7,"featured_media":68629,"parent":0,"menu_order":0,"comment_status":"closed","ping_status":"closed","template":"","meta":{"footnotes":""},"class_list":["post-151162","page","type-page","status-publish","has-post-thumbnail","hentry","client_type-sanita-privata-clinico-amministrativa-es-la","client_type-sanita-pubblica-clinico-amministrativa-es-la","page_category-line-of-business-es-la","section-offerta","business_line-software"],"yoast_head":"<!-- This site is optimized with the Yoast SEO plugin v27.1.1 - https:\/\/yoast.com\/product\/yoast-seo-wordpress\/ -->\n<title>Gpi4Med Suite | GPI<\/title>\n<meta name=\"description\" content=\"Gpi4Med Suite: la suite global de software para dispositivos m\u00e9dicos para todos los servicios de diagn\u00f3stico, gesti\u00f3n de sangre, cuidados intensivos y telemedicina.\" \/>\n<meta name=\"robots\" content=\"index, follow, max-snippet:-1, max-image-preview:large, max-video-preview:-1\" \/>\n<link rel=\"canonical\" href=\"https:\/\/www.gpigroup.com\/es-la\/gpi4med-medical-software-suite\/\" \/>\n<meta property=\"og:locale\" content=\"es_ES\" \/>\n<meta property=\"og:type\" content=\"article\" \/>\n<meta property=\"og:title\" content=\"Gpi4Med Suite | GPI\" \/>\n<meta property=\"og:description\" content=\"Gpi4Med Suite: la suite global de software para dispositivos m\u00e9dicos para todos los servicios de diagn\u00f3stico, gesti\u00f3n de sangre, cuidados intensivos y telemedicina.\" \/>\n<meta property=\"og:url\" content=\"https:\/\/www.gpigroup.com\/es-la\/gpi4med-medical-software-suite\/\" \/>\n<meta property=\"og:site_name\" content=\"GPI\" \/>\n<meta property=\"article:publisher\" content=\"https:\/\/www.facebook.com\/GruppoGPI\/\" \/>\n<meta property=\"article:modified_time\" content=\"2024-10-24T16:09:38+00:00\" \/>\n<meta property=\"og:image\" content=\"https:\/\/www.gpigroup.com\/app\/uploads\/2019\/04\/og-link-preview-1.png\" \/>\n\t<meta property=\"og:image:width\" content=\"1366\" \/>\n\t<meta property=\"og:image:height\" content=\"768\" \/>\n\t<meta property=\"og:image:type\" content=\"image\/png\" \/>\n<meta name=\"twitter:card\" content=\"summary_large_image\" \/>\n<meta name=\"twitter:label1\" content=\"Est. reading time\" \/>\n\t<meta name=\"twitter:data1\" content=\"5 minutes\" \/>\n<script type=\"application\/ld+json\" class=\"yoast-schema-graph\">{\"@context\":\"https:\/\/schema.org\",\"@graph\":[{\"@type\":\"WebPage\",\"@id\":\"https:\/\/www.gpigroup.com\/es-la\/gpi4med-medical-software-suite\/\",\"url\":\"https:\/\/www.gpigroup.com\/es-la\/gpi4med-medical-software-suite\/\",\"name\":\"Gpi4Med Suite | GPI\",\"isPartOf\":{\"@id\":\"https:\/\/www.gpigroup.com\/es-la\/#website\"},\"primaryImageOfPage\":{\"@id\":\"https:\/\/www.gpigroup.com\/es-la\/gpi4med-medical-software-suite\/#primaryimage\"},\"image\":{\"@id\":\"https:\/\/www.gpigroup.com\/es-la\/gpi4med-medical-software-suite\/#primaryimage\"},\"thumbnailUrl\":\"https:\/\/www.gpigroup.com\/app\/uploads\/2019\/04\/og-link-preview-1.png\",\"datePublished\":\"2024-05-28T14:04:42+00:00\",\"dateModified\":\"2024-10-24T16:09:38+00:00\",\"description\":\"Gpi4Med Suite: la suite global de software para dispositivos m\u00e9dicos para todos los servicios de diagn\u00f3stico, gesti\u00f3n de sangre, cuidados intensivos y telemedicina.\",\"breadcrumb\":{\"@id\":\"https:\/\/www.gpigroup.com\/es-la\/gpi4med-medical-software-suite\/#breadcrumb\"},\"inLanguage\":\"es-LA\",\"potentialAction\":[{\"@type\":\"ReadAction\",\"target\":[\"https:\/\/www.gpigroup.com\/es-la\/gpi4med-medical-software-suite\/\"]}]},{\"@type\":\"ImageObject\",\"inLanguage\":\"es-LA\",\"@id\":\"https:\/\/www.gpigroup.com\/es-la\/gpi4med-medical-software-suite\/#primaryimage\",\"url\":\"https:\/\/www.gpigroup.com\/app\/uploads\/2019\/04\/og-link-preview-1.png\",\"contentUrl\":\"https:\/\/www.gpigroup.com\/app\/uploads\/2019\/04\/og-link-preview-1.png\",\"width\":1366,\"height\":768},{\"@type\":\"BreadcrumbList\",\"@id\":\"https:\/\/www.gpigroup.com\/es-la\/gpi4med-medical-software-suite\/#breadcrumb\",\"itemListElement\":[{\"@type\":\"ListItem\",\"position\":1,\"name\":\"Home\",\"item\":\"https:\/\/www.gpigroup.com\/es-la\/\"},{\"@type\":\"ListItem\",\"position\":2,\"name\":\"Gpi4Med Suite\"}]},{\"@type\":\"WebSite\",\"@id\":\"https:\/\/www.gpigroup.com\/es-la\/#website\",\"url\":\"https:\/\/www.gpigroup.com\/es-la\/\",\"name\":\"GPI\",\"description\":\"The Healthcare Partner\",\"publisher\":{\"@id\":\"https:\/\/www.gpigroup.com\/es-la\/#organization\"},\"potentialAction\":[{\"@type\":\"SearchAction\",\"target\":{\"@type\":\"EntryPoint\",\"urlTemplate\":\"https:\/\/www.gpigroup.com\/es-la\/?s={search_term_string}\"},\"query-input\":{\"@type\":\"PropertyValueSpecification\",\"valueRequired\":true,\"valueName\":\"search_term_string\"}}],\"inLanguage\":\"es-LA\"},{\"@type\":\"Organization\",\"@id\":\"https:\/\/www.gpigroup.com\/es-la\/#organization\",\"name\":\"GPI S.p.A.\",\"url\":\"https:\/\/www.gpigroup.com\/es-la\/\",\"logo\":{\"@type\":\"ImageObject\",\"inLanguage\":\"es-LA\",\"@id\":\"https:\/\/www.gpigroup.com\/es-la\/#\/schema\/logo\/image\/\",\"url\":\"https:\/\/www.gpigroup.com\/app\/uploads\/2023\/03\/logo-GPI-2019-1.jpg\",\"contentUrl\":\"https:\/\/www.gpigroup.com\/app\/uploads\/2023\/03\/logo-GPI-2019-1.jpg\",\"width\":1946,\"height\":1945,\"caption\":\"GPI S.p.A.\"},\"image\":{\"@id\":\"https:\/\/www.gpigroup.com\/es-la\/#\/schema\/logo\/image\/\"},\"sameAs\":[\"https:\/\/www.facebook.com\/GruppoGPI\/\",\"https:\/\/www.linkedin.com\/company\/gpi-spa\",\"http:\/\/www.youtube.com\/user\/GruppoGPI\"]}]}<\/script>\n<!-- \/ Yoast SEO plugin. -->","yoast_head_json":{"title":"Gpi4Med Suite | GPI","description":"Gpi4Med Suite: la suite global de software para dispositivos m\u00e9dicos para todos los servicios de diagn\u00f3stico, gesti\u00f3n de sangre, cuidados intensivos y telemedicina.","robots":{"index":"index","follow":"follow","max-snippet":"max-snippet:-1","max-image-preview":"max-image-preview:large","max-video-preview":"max-video-preview:-1"},"canonical":"https:\/\/www.gpigroup.com\/es-la\/gpi4med-medical-software-suite\/","og_locale":"es_ES","og_type":"article","og_title":"Gpi4Med Suite | GPI","og_description":"Gpi4Med Suite: la suite global de software para dispositivos m\u00e9dicos para todos los servicios de diagn\u00f3stico, gesti\u00f3n de sangre, cuidados intensivos y telemedicina.","og_url":"https:\/\/www.gpigroup.com\/es-la\/gpi4med-medical-software-suite\/","og_site_name":"GPI","article_publisher":"https:\/\/www.facebook.com\/GruppoGPI\/","article_modified_time":"2024-10-24T16:09:38+00:00","og_image":[{"width":1366,"height":768,"url":"https:\/\/www.gpigroup.com\/app\/uploads\/2019\/04\/og-link-preview-1.png","type":"image\/png"}],"twitter_card":"summary_large_image","twitter_misc":{"Est. reading time":"5 minutes"},"schema":{"@context":"https:\/\/schema.org","@graph":[{"@type":"WebPage","@id":"https:\/\/www.gpigroup.com\/es-la\/gpi4med-medical-software-suite\/","url":"https:\/\/www.gpigroup.com\/es-la\/gpi4med-medical-software-suite\/","name":"Gpi4Med Suite | GPI","isPartOf":{"@id":"https:\/\/www.gpigroup.com\/es-la\/#website"},"primaryImageOfPage":{"@id":"https:\/\/www.gpigroup.com\/es-la\/gpi4med-medical-software-suite\/#primaryimage"},"image":{"@id":"https:\/\/www.gpigroup.com\/es-la\/gpi4med-medical-software-suite\/#primaryimage"},"thumbnailUrl":"https:\/\/www.gpigroup.com\/app\/uploads\/2019\/04\/og-link-preview-1.png","datePublished":"2024-05-28T14:04:42+00:00","dateModified":"2024-10-24T16:09:38+00:00","description":"Gpi4Med Suite: la suite global de software para dispositivos m\u00e9dicos para todos los servicios de diagn\u00f3stico, gesti\u00f3n de sangre, cuidados intensivos y telemedicina.","breadcrumb":{"@id":"https:\/\/www.gpigroup.com\/es-la\/gpi4med-medical-software-suite\/#breadcrumb"},"inLanguage":"es-LA","potentialAction":[{"@type":"ReadAction","target":["https:\/\/www.gpigroup.com\/es-la\/gpi4med-medical-software-suite\/"]}]},{"@type":"ImageObject","inLanguage":"es-LA","@id":"https:\/\/www.gpigroup.com\/es-la\/gpi4med-medical-software-suite\/#primaryimage","url":"https:\/\/www.gpigroup.com\/app\/uploads\/2019\/04\/og-link-preview-1.png","contentUrl":"https:\/\/www.gpigroup.com\/app\/uploads\/2019\/04\/og-link-preview-1.png","width":1366,"height":768},{"@type":"BreadcrumbList","@id":"https:\/\/www.gpigroup.com\/es-la\/gpi4med-medical-software-suite\/#breadcrumb","itemListElement":[{"@type":"ListItem","position":1,"name":"Home","item":"https:\/\/www.gpigroup.com\/es-la\/"},{"@type":"ListItem","position":2,"name":"Gpi4Med Suite"}]},{"@type":"WebSite","@id":"https:\/\/www.gpigroup.com\/es-la\/#website","url":"https:\/\/www.gpigroup.com\/es-la\/","name":"GPI","description":"The Healthcare Partner","publisher":{"@id":"https:\/\/www.gpigroup.com\/es-la\/#organization"},"potentialAction":[{"@type":"SearchAction","target":{"@type":"EntryPoint","urlTemplate":"https:\/\/www.gpigroup.com\/es-la\/?s={search_term_string}"},"query-input":{"@type":"PropertyValueSpecification","valueRequired":true,"valueName":"search_term_string"}}],"inLanguage":"es-LA"},{"@type":"Organization","@id":"https:\/\/www.gpigroup.com\/es-la\/#organization","name":"GPI S.p.A.","url":"https:\/\/www.gpigroup.com\/es-la\/","logo":{"@type":"ImageObject","inLanguage":"es-LA","@id":"https:\/\/www.gpigroup.com\/es-la\/#\/schema\/logo\/image\/","url":"https:\/\/www.gpigroup.com\/app\/uploads\/2023\/03\/logo-GPI-2019-1.jpg","contentUrl":"https:\/\/www.gpigroup.com\/app\/uploads\/2023\/03\/logo-GPI-2019-1.jpg","width":1946,"height":1945,"caption":"GPI S.p.A."},"image":{"@id":"https:\/\/www.gpigroup.com\/es-la\/#\/schema\/logo\/image\/"},"sameAs":["https:\/\/www.facebook.com\/GruppoGPI\/","https:\/\/www.linkedin.com\/company\/gpi-spa","http:\/\/www.youtube.com\/user\/GruppoGPI"]}]}},"_links":{"self":[{"href":"https:\/\/www.gpigroup.com\/es-la\/wp-json\/wp\/v2\/pages\/151162","targetHints":{"allow":["GET"]}}],"collection":[{"href":"https:\/\/www.gpigroup.com\/es-la\/wp-json\/wp\/v2\/pages"}],"about":[{"href":"https:\/\/www.gpigroup.com\/es-la\/wp-json\/wp\/v2\/types\/page"}],"author":[{"embeddable":true,"href":"https:\/\/www.gpigroup.com\/es-la\/wp-json\/wp\/v2\/users\/7"}],"replies":[{"embeddable":true,"href":"https:\/\/www.gpigroup.com\/es-la\/wp-json\/wp\/v2\/comments?post=151162"}],"version-history":[{"count":4,"href":"https:\/\/www.gpigroup.com\/es-la\/wp-json\/wp\/v2\/pages\/151162\/revisions"}],"predecessor-version":[{"id":157573,"href":"https:\/\/www.gpigroup.com\/es-la\/wp-json\/wp\/v2\/pages\/151162\/revisions\/157573"}],"wp:featuredmedia":[{"embeddable":true,"href":"https:\/\/www.gpigroup.com\/es-la\/wp-json\/wp\/v2\/media\/68629"}],"wp:attachment":[{"href":"https:\/\/www.gpigroup.com\/es-la\/wp-json\/wp\/v2\/media?parent=151162"}],"curies":[{"name":"wp","href":"https:\/\/api.w.org\/{rel}","templated":true}]}}