{"id":97799,"date":"2023-02-16T11:53:51","date_gmt":"2023-02-16T10:53:51","guid":{"rendered":"https:\/\/www.gpi.it\/backup\/?page_id=97799"},"modified":"2023-04-15T13:36:55","modified_gmt":"2023-04-15T11:36:55","slug":"b-i-and-data-analytics","status":"publish","type":"page","link":"https:\/\/www.gpigroup.com\/en\/b-i-and-data-analytics\/","title":{"rendered":"B.I. and Data Analytics"},"content":{"rendered":"<div class=\"wpb-content-wrapper\"><p>[vc_row full_width=&#8221;stretch_row&#8221; css=&#8221;.vc_custom_1553766882955{padding-bottom: 30px !important;}&#8221; el_class=&#8221;text-row my-0&#8243;][vc_column][vc_row_inner][vc_column_inner][vc_column_text]<\/p>\n<div class=\"row asa-title\">\n<div class=\"col-12 col-md-6\">\n<img loading=\"lazy\" decoding=\"async\" width=\"1024\" height=\"576\" src=\"https:\/\/www.gpigroup.com\/app\/uploads\/2019\/05\/asa_software.jpg\" class=\"asa-image asa-image-mobile rounded-circle d-md-none d-inline\" alt=\"GPI Software\" srcset=\"https:\/\/www.gpigroup.com\/app\/uploads\/2019\/05\/asa_software.jpg 1024w, https:\/\/www.gpigroup.com\/app\/uploads\/2019\/05\/asa_software-300x169.jpg 300w, https:\/\/www.gpigroup.com\/app\/uploads\/2019\/05\/asa_software-768x432.jpg 768w\" sizes=\"auto, (max-width: 1024px) 100vw, 1024px\" \/>\n<div class=\"gpi_signature_title_tech\">\n<h1>B.I. &amp;<br \/>\nData Analytics<\/h1>\n<\/div>\n<\/div>\n<div class=\"col-12 col-md-6\">\n<div class=\"asa-symbol\"><img loading=\"lazy\" decoding=\"async\" class=\"alignnone size-medium wp-image-3055\" role=\"img\" src=\"https:\/\/www.gpigroup.com\/app\/uploads\/\/2019\/03\/Software-1.svg\" alt=\"\" width=\"24\" height=\"24\" \/> DIGITAL INNOVATION AND TECHNOLOGIES<\/div>\n<\/div>\n<\/div>\n<p>[\/vc_column_text][\/vc_column_inner][\/vc_row_inner][vc_row_inner el_class=&#8221;bl-body&#8221;][vc_column_inner width=&#8221;1\/3&#8243;][vc_column_text]<img loading=\"lazy\" decoding=\"async\" width=\"1024\" height=\"576\" src=\"https:\/\/www.gpigroup.com\/app\/uploads\/2019\/05\/asa_software.jpg\" class=\"asa-image rounded-circle d-md-inline d-none\" alt=\"GPI Software\" srcset=\"https:\/\/www.gpigroup.com\/app\/uploads\/2019\/05\/asa_software.jpg 1024w, https:\/\/www.gpigroup.com\/app\/uploads\/2019\/05\/asa_software-300x169.jpg 300w, https:\/\/www.gpigroup.com\/app\/uploads\/2019\/05\/asa_software-768x432.jpg 768w\" sizes=\"auto, (max-width: 1024px) 100vw, 1024px\" \/>[\/vc_column_text][\/vc_column_inner][vc_column_inner width=&#8221;2\/3&#8243;][vc_column_text el_class=&#8221;entice&#8221;]<\/p>\n<h2>Business Intelligence &#038; Data Analytics, the great resource for the Health Departments<br \/>\n<\/h2>\n<p>[\/vc_column_text][vc_column_text]<span style=\"font-weight: 400;\">Collecting, integrating, and extracting the enormous value of data produced in real-time, from different channels, generate significant consequences for healthcare organizations.<\/span><\/p>\n<p><span style=\"font-weight: 400;\">Advanced-Data Quality Management systems and technologies are needed to help make effective decisions and improve user management and service.<\/span><\/p>\n<p><span style=\"font-weight: 400;\">Gpi&#8217;s BI &amp; Data Analytic solutions can process and analyze more and more data, and more quickly, and communicate with existing applications to work continuously.<\/span><\/p>\n<p><span style=\"font-weight: 400;\"><strong>STRENGTHS<\/strong>\u00a0<\/span><\/p>\n<ul>\n<li style=\"font-weight: 400;\" aria-level=\"1\"><span style=\"font-weight: 400;\">Simplicity<\/span><\/li>\n<li style=\"font-weight: 400;\" aria-level=\"1\"><span style=\"font-weight: 400;\">Speed<\/span><\/li>\n<li style=\"font-weight: 400;\" aria-level=\"1\"><span style=\"font-weight: 400;\">Reliability<\/span><\/li>\n<li style=\"font-weight: 400;\" aria-level=\"1\">&nbsp;\n<p><span style=\"font-weight: 400;\">Modularity<\/span><\/li>\n<\/ul>\n<p><span style=\"font-weight: 400;\">In-depth experience, gained over the years, in various contexts:<\/span><\/p>\n<ul>\n<li style=\"font-weight: 400;\" aria-level=\"1\"><span style=\"font-weight: 400;\">Analytical accounting and management control<\/span><\/li>\n<li style=\"font-weight: 400;\" aria-level=\"1\"><span style=\"font-weight: 400;\">Budgeting systems<\/span><\/li>\n<li style=\"font-weight: 400;\" aria-level=\"1\"><span style=\"font-weight: 400;\">Reporting systems<\/span><\/li>\n<li style=\"font-weight: 400;\" aria-level=\"1\"><span style=\"font-weight: 400;\">Forecast models (simulations)<\/span><\/li>\n<li style=\"font-weight: 400;\" aria-level=\"1\"><span style=\"font-weight: 400;\">Comparative analyzes (benchmarking)<\/span><\/li>\n<li style=\"font-weight: 400;\" aria-level=\"1\"><span style=\"font-weight: 400;\">Balanced scorecards<\/span><\/li>\n<li style=\"font-weight: 400;\" aria-level=\"1\"><span style=\"font-weight: 400;\">Governance models<\/span><\/li>\n<li style=\"font-weight: 400;\" aria-level=\"1\"><span style=\"font-weight: 400;\">Regional flows: data production and quality control<\/span><\/li>\n<\/ul>\n<p>[\/vc_column_text][\/vc_column_inner][\/vc_row_inner][\/vc_column][\/vc_row][vc_row full_width=&#8221;stretch_row&#8221; css=&#8221;.vc_custom_1558431976326{padding-bottom: 30px !important;}&#8221; el_class=&#8221;text-row mt-0 bl-body features&#8221;][vc_column][vc_row_inner][vc_column_inner width=&#8221;1\/3&#8243;][\/vc_column_inner][vc_column_inner width=&#8221;2\/3&#8243;][vc_column_text]<\/p>\n<h3>Outsourcing solutions, largely customizable, to meet the different needs of customers.<br \/>\n<\/h3>\n<p>[\/vc_column_text][vc_column_text]<\/p>\n<h4>BI: intelligent support for management decisions<\/h4>\n<p>Our Business Intelligence (BI) solutions help you:<\/p>\n<ul>\n<li>determine the objectives to be pursued<\/li>\n<li>evaluate the results achieved and improvements<\/li>\n<li>verify the impact of decisions on the business.<\/li>\n<li>create management reporting<\/li>\n<li>simplify processes<\/li>\n<li>optimize spending<\/li>\n<\/ul>\n<h4>Data Analytics: precise reporting and greater appropriateness in the provision of health services<br \/>\n<\/h4>\n<p>Gpi provides many years of experience in the analysis and development of specific Data Quality Management solutions for:<\/p>\n<ul>\n<li style=\"font-weight: 400;\" aria-level=\"1\">the production and management of checks and corrections on regional and ministerial reporting flows (for example the flow relating to specialist activity, that of the ED or hospitalizations)<\/li>\n<li style=\"font-weight: 400;\" aria-level=\"1\">the integrated management of mobility, both in economic terms and in terms of data quality<\/li>\n<li style=\"font-weight: 400;\" aria-level=\"1\">the management of economic-health appropriateness checks through the cross-referencing of data relating to hospitalizations, specialist and pharmaceutical activities<\/li>\n<li style=\"font-weight: 400;\" aria-level=\"1\">the management of any disputes, or of the records on which errors have been detected by the Region or the recipient Company.\n<\/li>\n<\/ul>\n<p>[\/vc_column_text][\/vc_column_inner][\/vc_row_inner][\/vc_column][\/vc_row]<\/p>\n[vc_row full_width=\"stretch_row\" el_class=\"vision mb-0 gpi-orange-bg\"][vc_column offset=\"vc_col-lg-3 vc_col-xs-12\"][vc_column_text]\n<h4>Contact our sales team<\/h4>[\/vc_column_text][\/vc_column][vc_column width=\"3\/4\" offset=\"vc_col-lg-offset-0 vc_col-sm-offset-3 vc_col-xs-12\"][vc_raw_html]JTVCY29udGFjdC1mb3JtLTclMjBpZCUzRCUyMjY3MTIlMjIlMjB0aXRsZSUzRCUyMkJ1c2luZXNzJTIwbGluZSUyMGZvcm0lMjIlMjBodG1sX2lkJTNEJTIyZ3BpLWNvbnRhY3QtZm9ybSUyMiU1RA==[\/vc_raw_html][\/vc_column][\/vc_row]<\/div>","protected":false},"excerpt":{"rendered":"<p>[vc_row full_width=&#8221;stretch_row&#8221; css=&#8221;.vc_custom_1553766882955{padding-bottom: 30px !important;}&#8221; el_class=&#8221;text-row my-0&#8243;][vc_column][vc_row_inner][vc_column_inner][vc_column_text] B.I. &amp; Data Analytics DIGITAL INNOVATION AND TECHNOLOGIES [\/vc_column_text][\/vc_column_inner][\/vc_row_inner][vc_row_inner el_class=&#8221;bl-body&#8221;][vc_column_inner width=&#8221;1\/3&#8243;][vc_column_text][\/vc_column_text][\/vc_column_inner][vc_column_inner width=&#8221;2\/3&#8243;][vc_column_text el_class=&#8221;entice&#8221;] Business Intelligence &#038; Data Analytics, the great resource for the Health Departments [\/vc_column_text][vc_column_text]Collecting, integrating, and extracting the enormous value of data produced in real-time, from different channels, generate significant consequences for healthcare organizations. Advanced-Data Quality<\/p>\n","protected":false},"author":23,"featured_media":5154,"parent":0,"menu_order":0,"comment_status":"closed","ping_status":"closed","template":"","meta":{"footnotes":""},"class_list":["post-97799","page","type-page","status-publish","has-post-thumbnail","hentry","client_type-pubblica-amministrazione-en","client_type-sanita-privata-clinico-amministrativa-en","client_type-sanita-pubblica-clinico-amministrativa-en","page_category-line-of-business","section-offerta","business_line-software"],"yoast_head":"<!-- This site is optimized with the Yoast SEO plugin v27.1.1 - https:\/\/yoast.com\/product\/yoast-seo-wordpress\/ -->\n<title>Business Intelligence solutions for Healthcare| GPI<\/title>\n<meta name=\"description\" content=\"Le soluzioni di BI &amp; Data Analytic di Gpi riescono a trattare e analizzare sempre pi\u00f9 dati, e pi\u00f9 rapidamente, e dialogano con le applicazioni esistenti per lavorare in continuit\u00e0.\" \/>\n<meta name=\"robots\" content=\"index, follow, max-snippet:-1, max-image-preview:large, max-video-preview:-1\" \/>\n<link rel=\"canonical\" href=\"https:\/\/www.gpigroup.com\/en\/b-i-and-data-analytics\/\" \/>\n<meta property=\"og:locale\" content=\"en_US\" \/>\n<meta property=\"og:type\" content=\"article\" \/>\n<meta property=\"og:title\" content=\"Business Intelligence solutions for Healthcare| GPI\" \/>\n<meta property=\"og:description\" content=\"Le soluzioni di BI &amp; Data Analytic di Gpi riescono a trattare e analizzare sempre pi\u00f9 dati, e pi\u00f9 rapidamente, e dialogano con le applicazioni esistenti per lavorare in continuit\u00e0.\" \/>\n<meta property=\"og:url\" content=\"https:\/\/www.gpigroup.com\/en\/b-i-and-data-analytics\/\" \/>\n<meta property=\"og:site_name\" content=\"GPI\" \/>\n<meta property=\"article:publisher\" content=\"https:\/\/www.facebook.com\/GruppoGPI\/\" \/>\n<meta property=\"article:modified_time\" content=\"2023-04-15T11:36:55+00:00\" \/>\n<meta property=\"og:image\" content=\"https:\/\/www.gpigroup.com\/app\/uploads\/2019\/04\/og-link-preview-1.png\" \/>\n\t<meta property=\"og:image:width\" content=\"1366\" \/>\n\t<meta property=\"og:image:height\" content=\"768\" \/>\n\t<meta property=\"og:image:type\" content=\"image\/png\" \/>\n<meta name=\"twitter:card\" content=\"summary_large_image\" \/>\n<meta name=\"twitter:label1\" content=\"Est. reading time\" \/>\n\t<meta name=\"twitter:data1\" content=\"2 minutes\" \/>\n<script type=\"application\/ld+json\" class=\"yoast-schema-graph\">{\"@context\":\"https:\/\/schema.org\",\"@graph\":[{\"@type\":\"WebPage\",\"@id\":\"https:\/\/www.gpigroup.com\/en\/b-i-and-data-analytics\/\",\"url\":\"https:\/\/www.gpigroup.com\/en\/b-i-and-data-analytics\/\",\"name\":\"Business Intelligence solutions for Healthcare| GPI\",\"isPartOf\":{\"@id\":\"https:\/\/www.gpigroup.com\/en\/#website\"},\"primaryImageOfPage\":{\"@id\":\"https:\/\/www.gpigroup.com\/en\/b-i-and-data-analytics\/#primaryimage\"},\"image\":{\"@id\":\"https:\/\/www.gpigroup.com\/en\/b-i-and-data-analytics\/#primaryimage\"},\"thumbnailUrl\":\"https:\/\/www.gpigroup.com\/app\/uploads\/2019\/04\/og-link-preview-1.png\",\"datePublished\":\"2023-02-16T10:53:51+00:00\",\"dateModified\":\"2023-04-15T11:36:55+00:00\",\"description\":\"Le soluzioni di BI & Data Analytic di Gpi riescono a trattare e analizzare sempre pi\u00f9 dati, e pi\u00f9 rapidamente, e dialogano con le applicazioni esistenti per lavorare in continuit\u00e0.\",\"breadcrumb\":{\"@id\":\"https:\/\/www.gpigroup.com\/en\/b-i-and-data-analytics\/#breadcrumb\"},\"inLanguage\":\"en-EN\",\"potentialAction\":[{\"@type\":\"ReadAction\",\"target\":[\"https:\/\/www.gpigroup.com\/en\/b-i-and-data-analytics\/\"]}]},{\"@type\":\"ImageObject\",\"inLanguage\":\"en-EN\",\"@id\":\"https:\/\/www.gpigroup.com\/en\/b-i-and-data-analytics\/#primaryimage\",\"url\":\"https:\/\/www.gpigroup.com\/app\/uploads\/2019\/04\/og-link-preview-1.png\",\"contentUrl\":\"https:\/\/www.gpigroup.com\/app\/uploads\/2019\/04\/og-link-preview-1.png\",\"width\":1366,\"height\":768,\"caption\":\"GPI\"},{\"@type\":\"BreadcrumbList\",\"@id\":\"https:\/\/www.gpigroup.com\/en\/b-i-and-data-analytics\/#breadcrumb\",\"itemListElement\":[{\"@type\":\"ListItem\",\"position\":1,\"name\":\"Home\",\"item\":\"https:\/\/www.gpigroup.com\/en\/\"},{\"@type\":\"ListItem\",\"position\":2,\"name\":\"B.I. and Data Analytics\"}]},{\"@type\":\"WebSite\",\"@id\":\"https:\/\/www.gpigroup.com\/en\/#website\",\"url\":\"https:\/\/www.gpigroup.com\/en\/\",\"name\":\"GPI\",\"description\":\"The Healthcare Partner\",\"publisher\":{\"@id\":\"https:\/\/www.gpigroup.com\/en\/#organization\"},\"potentialAction\":[{\"@type\":\"SearchAction\",\"target\":{\"@type\":\"EntryPoint\",\"urlTemplate\":\"https:\/\/www.gpigroup.com\/en\/?s={search_term_string}\"},\"query-input\":{\"@type\":\"PropertyValueSpecification\",\"valueRequired\":true,\"valueName\":\"search_term_string\"}}],\"inLanguage\":\"en-EN\"},{\"@type\":\"Organization\",\"@id\":\"https:\/\/www.gpigroup.com\/en\/#organization\",\"name\":\"GPI S.p.A.\",\"url\":\"https:\/\/www.gpigroup.com\/en\/\",\"logo\":{\"@type\":\"ImageObject\",\"inLanguage\":\"en-EN\",\"@id\":\"https:\/\/www.gpigroup.com\/en\/#\/schema\/logo\/image\/\",\"url\":\"https:\/\/www.gpigroup.com\/app\/uploads\/2023\/03\/logo-GPI-2019-1.jpg\",\"contentUrl\":\"https:\/\/www.gpigroup.com\/app\/uploads\/2023\/03\/logo-GPI-2019-1.jpg\",\"width\":1946,\"height\":1945,\"caption\":\"GPI S.p.A.\"},\"image\":{\"@id\":\"https:\/\/www.gpigroup.com\/en\/#\/schema\/logo\/image\/\"},\"sameAs\":[\"https:\/\/www.facebook.com\/GruppoGPI\/\",\"https:\/\/www.linkedin.com\/company\/gpi-spa\",\"http:\/\/www.youtube.com\/user\/GruppoGPI\"]}]}<\/script>\n<!-- \/ Yoast SEO plugin. -->","yoast_head_json":{"title":"Business Intelligence solutions for Healthcare| GPI","description":"Le soluzioni di BI & Data Analytic di Gpi riescono a trattare e analizzare sempre pi\u00f9 dati, e pi\u00f9 rapidamente, e dialogano con le applicazioni esistenti per lavorare in continuit\u00e0.","robots":{"index":"index","follow":"follow","max-snippet":"max-snippet:-1","max-image-preview":"max-image-preview:large","max-video-preview":"max-video-preview:-1"},"canonical":"https:\/\/www.gpigroup.com\/en\/b-i-and-data-analytics\/","og_locale":"en_US","og_type":"article","og_title":"Business Intelligence solutions for Healthcare| GPI","og_description":"Le soluzioni di BI & Data Analytic di Gpi riescono a trattare e analizzare sempre pi\u00f9 dati, e pi\u00f9 rapidamente, e dialogano con le applicazioni esistenti per lavorare in continuit\u00e0.","og_url":"https:\/\/www.gpigroup.com\/en\/b-i-and-data-analytics\/","og_site_name":"GPI","article_publisher":"https:\/\/www.facebook.com\/GruppoGPI\/","article_modified_time":"2023-04-15T11:36:55+00:00","og_image":[{"width":1366,"height":768,"url":"https:\/\/www.gpigroup.com\/app\/uploads\/2019\/04\/og-link-preview-1.png","type":"image\/png"}],"twitter_card":"summary_large_image","twitter_misc":{"Est. reading time":"2 minutes"},"schema":{"@context":"https:\/\/schema.org","@graph":[{"@type":"WebPage","@id":"https:\/\/www.gpigroup.com\/en\/b-i-and-data-analytics\/","url":"https:\/\/www.gpigroup.com\/en\/b-i-and-data-analytics\/","name":"Business Intelligence solutions for Healthcare| GPI","isPartOf":{"@id":"https:\/\/www.gpigroup.com\/en\/#website"},"primaryImageOfPage":{"@id":"https:\/\/www.gpigroup.com\/en\/b-i-and-data-analytics\/#primaryimage"},"image":{"@id":"https:\/\/www.gpigroup.com\/en\/b-i-and-data-analytics\/#primaryimage"},"thumbnailUrl":"https:\/\/www.gpigroup.com\/app\/uploads\/2019\/04\/og-link-preview-1.png","datePublished":"2023-02-16T10:53:51+00:00","dateModified":"2023-04-15T11:36:55+00:00","description":"Le soluzioni di BI & Data Analytic di Gpi riescono a trattare e analizzare sempre pi\u00f9 dati, e pi\u00f9 rapidamente, e dialogano con le applicazioni esistenti per lavorare in continuit\u00e0.","breadcrumb":{"@id":"https:\/\/www.gpigroup.com\/en\/b-i-and-data-analytics\/#breadcrumb"},"inLanguage":"en-EN","potentialAction":[{"@type":"ReadAction","target":["https:\/\/www.gpigroup.com\/en\/b-i-and-data-analytics\/"]}]},{"@type":"ImageObject","inLanguage":"en-EN","@id":"https:\/\/www.gpigroup.com\/en\/b-i-and-data-analytics\/#primaryimage","url":"https:\/\/www.gpigroup.com\/app\/uploads\/2019\/04\/og-link-preview-1.png","contentUrl":"https:\/\/www.gpigroup.com\/app\/uploads\/2019\/04\/og-link-preview-1.png","width":1366,"height":768,"caption":"GPI"},{"@type":"BreadcrumbList","@id":"https:\/\/www.gpigroup.com\/en\/b-i-and-data-analytics\/#breadcrumb","itemListElement":[{"@type":"ListItem","position":1,"name":"Home","item":"https:\/\/www.gpigroup.com\/en\/"},{"@type":"ListItem","position":2,"name":"B.I. and Data Analytics"}]},{"@type":"WebSite","@id":"https:\/\/www.gpigroup.com\/en\/#website","url":"https:\/\/www.gpigroup.com\/en\/","name":"GPI","description":"The Healthcare Partner","publisher":{"@id":"https:\/\/www.gpigroup.com\/en\/#organization"},"potentialAction":[{"@type":"SearchAction","target":{"@type":"EntryPoint","urlTemplate":"https:\/\/www.gpigroup.com\/en\/?s={search_term_string}"},"query-input":{"@type":"PropertyValueSpecification","valueRequired":true,"valueName":"search_term_string"}}],"inLanguage":"en-EN"},{"@type":"Organization","@id":"https:\/\/www.gpigroup.com\/en\/#organization","name":"GPI S.p.A.","url":"https:\/\/www.gpigroup.com\/en\/","logo":{"@type":"ImageObject","inLanguage":"en-EN","@id":"https:\/\/www.gpigroup.com\/en\/#\/schema\/logo\/image\/","url":"https:\/\/www.gpigroup.com\/app\/uploads\/2023\/03\/logo-GPI-2019-1.jpg","contentUrl":"https:\/\/www.gpigroup.com\/app\/uploads\/2023\/03\/logo-GPI-2019-1.jpg","width":1946,"height":1945,"caption":"GPI S.p.A."},"image":{"@id":"https:\/\/www.gpigroup.com\/en\/#\/schema\/logo\/image\/"},"sameAs":["https:\/\/www.facebook.com\/GruppoGPI\/","https:\/\/www.linkedin.com\/company\/gpi-spa","http:\/\/www.youtube.com\/user\/GruppoGPI"]}]}},"_links":{"self":[{"href":"https:\/\/www.gpigroup.com\/en\/wp-json\/wp\/v2\/pages\/97799","targetHints":{"allow":["GET"]}}],"collection":[{"href":"https:\/\/www.gpigroup.com\/en\/wp-json\/wp\/v2\/pages"}],"about":[{"href":"https:\/\/www.gpigroup.com\/en\/wp-json\/wp\/v2\/types\/page"}],"author":[{"embeddable":true,"href":"https:\/\/www.gpigroup.com\/en\/wp-json\/wp\/v2\/users\/23"}],"replies":[{"embeddable":true,"href":"https:\/\/www.gpigroup.com\/en\/wp-json\/wp\/v2\/comments?post=97799"}],"version-history":[{"count":9,"href":"https:\/\/www.gpigroup.com\/en\/wp-json\/wp\/v2\/pages\/97799\/revisions"}],"predecessor-version":[{"id":101031,"href":"https:\/\/www.gpigroup.com\/en\/wp-json\/wp\/v2\/pages\/97799\/revisions\/101031"}],"wp:featuredmedia":[{"embeddable":true,"href":"https:\/\/www.gpigroup.com\/en\/wp-json\/wp\/v2\/media\/5154"}],"wp:attachment":[{"href":"https:\/\/www.gpigroup.com\/en\/wp-json\/wp\/v2\/media?parent=97799"}],"curies":[{"name":"wp","href":"https:\/\/api.w.org\/{rel}","templated":true}]}}