{"id":85159,"date":"2022-10-20T14:00:34","date_gmt":"2022-10-20T12:00:34","guid":{"rendered":"https:\/\/www.gpi.it\/social-responsability\/"},"modified":"2024-07-23T09:46:38","modified_gmt":"2024-07-23T07:46:38","slug":"social-responsability","status":"publish","type":"page","link":"https:\/\/www.gpigroup.com\/en\/social-responsability\/","title":{"rendered":"Sustainability"},"content":{"rendered":"<div class=\"wpb-content-wrapper\"><p>[vc_row full_width=&#8221;stretch_row&#8221; css=&#8221;.vc_custom_1671012561602{padding-top: 200px !important;padding-bottom: 200px !important;background-image: url(https:\/\/www.gpigroup.com\/app\/uploads\/2021\/06\/GPI_sostenibilita_HOME-copy-scaled-1.jpg?id=43771) !important;background-position: center !important;background-repeat: no-repeat !important;background-size: cover !important;}&#8221; el_class=&#8221;governance-hs&#8221;][vc_column][vc_column_text el_class=&#8221;title-hero-sections&#8221;]<\/p>\n<h1>SUSTAINABILITY<\/h1>\n<p>[\/vc_column_text][vc_column_text el_class=&#8221;description-hero-sections&#8221;]Acting responsibly, daily and strategically[\/vc_column_text][\/vc_column][\/vc_row][vc_row][vc_column][vc_basic_grid post_type=&#8221;post&#8221; max_items=&#8221;3&#8243; item=&#8221;1077&#8243; grid_id=&#8221;vc_gid:1721719723934-b48631e3-71b1-0&#8243; taxonomies=&#8221;2135&#8243;][vc_column_text]<\/p>\n<p style=\"text-align: right;\"><a class=\"btn call-to-action\" href=\"\/en\/social-responsability\/news-esg\">All news<\/a><\/p>\n<p>[\/vc_column_text][\/vc_column][\/vc_row][vc_row][vc_column][vc_row_inner el_class=&#8221;py-5&#8243;][vc_column_inner][vc_column_text]<br \/>\n.<br \/>\n[\/vc_column_text][\/vc_column_inner][\/vc_row_inner][vc_row_inner][vc_column_inner width=&#8221;1\/3&#8243;][\/vc_column_inner][vc_column_inner width=&#8221;2\/3&#8243;][vc_column_text]<em>Il 2023 raccontato in questo Report \u00e8 stato, ancora una volta, un anno di impegno per migliorare il nostro profilo di sostenibilit\u00e0, consapevoli che quello che stiamo facendo \u00e8 un percorso che non prevede una fine. Lo sappiamo: la sostenibilit\u00e0 non \u00e8 uno \u201cstato\u201d definitivo, \u00e8 un cammino continuo, che si compie passo dopo passo, migliorando sempre un po\u2019 di pi\u00f9. Sappiamo anche che la sostenibilit\u00e0 non \u00e8 pi\u00f9 un\u2019opzione secondaria per le aziende, ma un imperativo. Le tendenze emergenti riflettono un mondo imprenditoriale in evoluzione, in cui <strong>responsabilit\u00e0 e innovazione vanno di pari passo<\/strong>.<\/em><\/p>\n<p><em>L\u2019inquietudine generata da un contesto geopolitico delicato, l\u2019instabilit\u00e0 economica e i cambiamenti climatici inducono molti a chiudersi nelle proprie convinzioni e nei propri bisogni personali, financo ad abbandonare sogni e progetti futuri.<\/em><\/p>\n<p><em>Noi no, noi non abdichiamo a questa tentazione, perch\u00e9 senza progettualit\u00e0 per il futuro non c\u2019\u00e8 cambiamento. E <strong>per cambiare le cose serve visione e, soprattutto, fiducia<\/strong>.<\/em><\/p>\n<p>N<em>oi siamo convinti che Gpi possa svolgere un ruolo molto significativo a favore del cambiamento. L\u2019innovazione tecnologica, fortemente orientata al miglioramento della qualit\u00e0 della vita delle persone, contribuisce a ridisegnare il sistema sanitario mettendo al centro le persone anzich\u00e9 la malattia e consente di introdurre nuovi modelli di servizio che affrontano il tema della salute con paradigmi nuovi, come quello della medicina personalizzata o della One-Health. Questo \u00e8 il modo in cui interpretiamo il cambiamento sostenibile in Sanit\u00e0: contribuiamo a rendere i sistemi sanitari sostenibili, affinch\u00e9 i servizi per la salute siano di qualit\u00e0 e accessibili al maggior numero di persone possibile, ovunque nel mondo. E, guardando all\u2019Italia, continueremo a lavorare affinch\u00e9 il nostro sistema nazionale continui a essere pubblico e universalistico, a tutela del diritto alla salute sancito in Costituzione.<\/em><\/p>\n<p><em>Lavoriamo e investiamo convintamente su questa prospettiva, con determinazione e fiducia, in noi stessi, in ci\u00f2 che facciamo e nelle persone che quotidianamente si impegnano per cambiare le cose.<\/em><\/p>\n<p><em>Non rinunciamo alla nostra visione: diamo fiducia al presente, progettiamo un orizzonte possibile e mettiamo a disposizione idee ed energie per realizzare un futuro migliore.<\/em><\/p>\n<p>&nbsp;<\/p>\n<p>Trento, Marzo 2024<\/p>\n<p style=\"text-align: left;\">Fausto Manzana<br \/>\nAmministratore delegato<\/p>\n<p><img loading=\"lazy\" decoding=\"async\" class=\"wp-image-20328 size-thumbnail alignleft\" src=\"https:\/\/www.gpigroup.com\/app\/uploads\/2021\/06\/firma-fausto.jpg\" alt=\"Firmato - Fausto Manzana\" width=\"150\" height=\"150\" \/>[\/vc_column_text][\/vc_column_inner][\/vc_row_inner][vc_row_inner el_class=&#8221;py-5&#8243;][vc_column_inner][vc_column_text]<\/p>\n<div class=\"row social-responsability-title\">\n<div class=\"col-12\">\n<div class=\"gpi_signature_title_tech\">\n<h1>Economic value generated and distributed.<\/h1>\n<\/div>\n<\/div>\n<\/div>\n<p>[\/vc_column_text][\/vc_column_inner][\/vc_row_inner][vc_row_inner][vc_column_inner width=&#8221;1\/3&#8243;][\/vc_column_inner][vc_column_inner width=&#8221;2\/3&#8243;][vc_column_text]In <strong>2021<\/strong>, the distributed economic value, calculated as the difference between the economic value generated and the amount retained in the company, amounted to approximately <strong>EUR 289.5 million<\/strong>. About <strong>55%<\/strong> of the generated value was <strong>allocated to the company&#8217;s personnel<\/strong>. The net result was equal to EUR 11.3 million.[\/vc_column_text][vc_column_text][\/vc_column_text][vc_round_chart stroke_width=&#8221;2&#8243; values=&#8221;%5B%7B%22title%22%3A%22Personale%22%2C%22value%22%3A%2250.9%22%2C%22color%22%3A%22violet%22%7D%2C%7B%22title%22%3A%22Comunit%C3%A0%22%2C%22value%22%3A%220.1%22%2C%22color%22%3A%22pink%22%7D%2C%7B%22title%22%3A%22Fornitori%20capitale%20di%20credito%22%2C%22value%22%3A%224.4%22%2C%22color%22%3A%22purple%22%2C%22custom_color%22%3A%22%23b97ebb%22%7D%2C%7B%22title%22%3A%22Pubblica%20Amministrazione%22%2C%22value%22%3A%221.5%22%2C%22color%22%3A%22orange%22%2C%22custom_color%22%3A%22%23ebebeb%22%7D%2C%7B%22title%22%3A%22Azionisti%22%2C%22value%22%3A%223.3%22%2C%22color%22%3A%22sandy-brown%22%2C%22custom_color%22%3A%22%2300c1cf%22%7D%2C%7B%22title%22%3A%22Fornitori%22%2C%22value%22%3A%2230.6%22%2C%22color%22%3A%22orange%22%2C%22custom_color%22%3A%22%236ab165%22%7D%2C%7B%22title%22%3A%22Trattenuto%20in%20azienda%22%2C%22value%22%3A%229.1%22%2C%22color%22%3A%22chino%22%2C%22custom_color%22%3A%22%238d6dc4%22%7D%5D&#8221; el_class=&#8221;title-chart&#8221;][vc_raw_js]JTNDc2NyaXB0JTNFJTBBJTIwJTIwJTIwJTIwJTI0JTI4ZG9jdW1lbnQlMjkucmVhZHklMjhmdW5jdGlvbiUyMCUyOCUyOSUyMCU3QiUwQSUyMCUyMCUyMCUyMCUyMCUyMCUyMCUyMCUyNCUyOCUyMmNhbnZhcyUyMiUyOS5yZWFkeSUyOGZ1bmN0aW9uJTIwJTI4JTI5JTIwJTdCJTBBJTIwJTIwJTIwJTIwJTIwJTIwJTIwJTIwJTIwJTIwJTIwJTIwY29uc3QlMjBjb250ZXh0JTIwJTNEJTIwJTI0JTI4JTIyY2FudmFzJTIyJTI5LmdldCUyODAlMjkuZ2V0Q29udGV4dCUyOCUyNzJkJTI3JTI5JTNCJTBBJTIwJTIwJTIwJTIwJTIwJTIwJTIwJTIwJTIwJTIwJTIwJTIwY29udGV4dC5fY2xlYXJSZWN0JTIwJTNEJTIwY29udGV4dC5jbGVhclJlY3QlM0IlMEElMjAlMjAlMjAlMjAlMjAlMjAlMjAlMjAlMjAlMjAlMjAlMjBjb250ZXh0LmNsZWFyUmVjdCUyMCUzRCUyMGZ1bmN0aW9uJTIwJTI4eCUyQyUyMHklMkMlMjB3JTJDJTIwaCUyOSUyMCU3QiUwQSUyMCUyMCUyMCUyMCUyMCUyMCUyMCUyMCUyMCUyMCUyMCUyMCUyMCUyMCUyMCUyMGNvbnRleHQuX2NsZWFyUmVjdCUyOHglMkMlMjB5JTJDJTIwdyUyQyUyMGglMjklM0IlMEElMjAlMjAlMjAlMjAlMjAlMjAlMjAlMjAlMjAlMjAlMjAlMjAlMjAlMjAlMjAlMjBpZiUyMCUyOCUyNCUyOCUyMGRvY3VtZW50JTIwJTI5LndpZHRoJTI4JTI5JTIwJTNFJTNEJTIwNzY4JTI5JTIwJTdCJTBBJTIwJTIwJTIwJTIwJTIwJTIwJTIwJTIwJTIwJTIwJTIwJTIwJTIwJTIwJTIwJTIwJTIwJTIwJTIwJTIwbGV0JTIwY2hhcnQlMjAlM0QlMjBDaGFydC5nZXRDaGFydCUyOGNvbnRleHQlMjklM0IlMEElMjAlMjAlMjAlMjAlMjAlMjAlMjAlMjAlMjAlMjAlMjAlMjAlMjAlMjAlMjAlMjAlMjAlMjAlMjAlMjBjaGFydC5vcHRpb25zLnBsdWdpbnMubGVnZW5kLnBvc2l0aW9uJTIwJTNEJTIwJTI3bGVmdCUyNyUzQiUwQSUyMCUyMCUyMCUyMCUyMCUyMCUyMCUyMCUyMCUyMCUyMCUyMCUyMCUyMCUyMCUyMCUyMCUyMCUyMCUyMGNoYXJ0Lm9wdGlvbnMucGx1Z2lucy5sZWdlbmQubGFiZWxzLnBhZGRpbmclMjAlM0QlMjAzMCUzQiUwQSUyMCUyMCUyMCUyMCUyMCUyMCUyMCUyMCUyMCUyMCUyMCUyMCUyMCUyMCUyMCUyMCUyMCUyMCUyMCUyMGNoYXJ0LnVwZGF0ZSUyOCUyOSUzQiUwQSUyMCUyMCUyMCUyMCUyMCUyMCUyMCUyMCUyMCUyMCUyMCUyMCUyMCUyMCUyMCUyMCU3RCUwQSUyMCUyMCUyMCUyMCUyMCUyMCUyMCUyMCUyMCUyMCUyMCUyMCUyMCUyMCUyMCUyMGNvbnRleHQuY2xlYXJSZWN0JTIwJTNEJTIwY29udGV4dC5fY2xlYXJSZWN0JTNCJTIwJTIwJTIwJTIwJTIwJTIwJTIwJTIwJTIwJTIwJTIwJTIwJTIwJTIwJTIwJTIwJTBBJTIwJTIwJTIwJTIwJTIwJTIwJTIwJTIwJTIwJTIwJTIwJTIwJTdEJTNCJTBBJTIwJTIwJTIwJTIwJTIwJTIwJTIwJTIwJTdEJTI5JTNCJTBBJTdEJTI5JTNCJTBBJTNDJTJGc2NyaXB0JTNF[\/vc_raw_js][\/vc_column_inner][\/vc_row_inner][vc_row_inner el_class=&#8221;py-5&#8243;][vc_column_inner][vc_column_text]<\/p>\n<div class=\"row social-responsability-title\">\n<div class=\"col-12\">\n<div class=\"gpi_signature_title_tech\">\n<h1>Non-Financial Statement<\/h1>\n<\/div>\n<\/div>\n<\/div>\n<p>[\/vc_column_text][\/vc_column_inner][\/vc_row_inner][\/vc_column][\/vc_row][vc_row el_class=&#8221;mb-5&#8243;][vc_column][vc_basic_grid post_type=&#8221;document&#8221; max_items=&#8221;10&#8243; style=&#8221;load-more&#8221; element_width=&#8221;12&#8243; gap=&#8221;0&#8243; item=&#8221;85363&#8243; grid_id=&#8221;vc_gid:1721719723938-471a2da6-acd1-7&#8243; taxonomies=&#8221;459&#8243;][\/vc_column][\/vc_row][vc_row full_width=&#8221;stretch_row_content_no_spaces&#8221;][vc_column]<div class=\"gpi-dots-post-slider no-mb lay-image-right\" data-interval=\"3\"><div class=\"gpi-post-slide  \"  ><div class=\"container\"><div class=\"row no-gutters\"><div class=\"gpi-post-slide__image d-flex order-1 col-12 justify-content-center   col-md-8 order-md-2\"><img loading=\"lazy\" decoding=\"async\" width=\"2560\" height=\"1707\" src=\"https:\/\/www.gpigroup.com\/app\/uploads\/2021\/03\/inziative_volley.jpg\" class=\"attachment-full size-full\" alt=\"\" \/><\/div><!-- post-slide__image --><div class=\"gpi-post-slide__content mb-md-auto d-flex flex-column justify-content-around align-items-left-end  col-12 col-md-4 order-md-1 order-2\"><div class=\"gpi-post-slide__content__text__wrapper d-flex flex-column order-2 order-md-1 overflow-auto\"><div class=\"gpi-post-slide__content__text order-3 order-md-3\"><h4 >Sport, a life-style<\/h4><a class=\"btn call-to-action mr-auto\" href=\"https:\/\/www.gpigroup.com\/en\/social-responsability\/gpi-responsabilita-sociale-territorio\/volleyball-a-passion\/\">Learn more<\/a><\/div><\/div><div class=\"gpi-post-slide__content__arrows order-1 order-md-2 mt-md-auto\"><\/div><\/div><!-- post-slide__content --><\/div><!-- row --><\/div><!-- container --><\/div><!-- post-slide -->0<div class=\"gpi-post-slide  \"  ><div class=\"container\"><div class=\"row no-gutters\"><div class=\"gpi-post-slide__image d-flex order-1 col-12 justify-content-center   col-md-8 order-md-2\"><img loading=\"lazy\" decoding=\"async\" width=\"1353\" height=\"1312\" src=\"https:\/\/www.gpigroup.com\/app\/uploads\/2022\/04\/Udine-new-tagliata.jpg\" class=\"attachment-full size-full\" alt=\"\" srcset=\"https:\/\/www.gpigroup.com\/app\/uploads\/2022\/04\/Udine-new-tagliata.jpg 1353w, https:\/\/www.gpigroup.com\/app\/uploads\/2022\/04\/Udine-new-tagliata-300x291.jpg 300w, https:\/\/www.gpigroup.com\/app\/uploads\/2022\/04\/Udine-new-tagliata-1024x993.jpg 1024w, https:\/\/www.gpigroup.com\/app\/uploads\/2022\/04\/Udine-new-tagliata-768x745.jpg 768w\" sizes=\"auto, (max-width: 1353px) 100vw, 1353px\" \/><\/div><!-- post-slide__image --><div class=\"gpi-post-slide__content mb-md-auto d-flex flex-column justify-content-around align-items-left-end  col-12 col-md-4 order-md-1 order-2\"><div class=\"gpi-post-slide__content__text__wrapper d-flex flex-column order-2 order-md-1 overflow-auto\"><div class=\"gpi-post-slide__content__text order-3 order-md-3\"><h4 >Telethon 24H relay race<\/h4><a class=\"btn call-to-action mr-auto\" href=\"https:\/\/www.gpigroup.com\/en\/social-responsability\/gpi-responsabilita-sociale-territorio\/gpi-sostenibilita-telethon\/\">Learn more<\/a><\/div><\/div><div class=\"gpi-post-slide__content__arrows order-1 order-md-2 mt-md-auto\"><\/div><\/div><!-- post-slide__content --><\/div><!-- row --><\/div><!-- container --><\/div><!-- post-slide -->1<div class=\"gpi-post-slide  \"  ><div class=\"container\"><div class=\"row no-gutters\"><div class=\"gpi-post-slide__image d-flex order-1 col-12 justify-content-center   col-md-8 order-md-2\"><img loading=\"lazy\" decoding=\"async\" width=\"1038\" height=\"688\" src=\"https:\/\/www.gpigroup.com\/app\/uploads\/2022\/08\/opportunities.png\" class=\"attachment-full size-full\" alt=\"Next to the school\" srcset=\"https:\/\/www.gpigroup.com\/app\/uploads\/2022\/08\/opportunities.png 1038w, https:\/\/www.gpigroup.com\/app\/uploads\/2022\/08\/opportunities-300x199.png 300w, https:\/\/www.gpigroup.com\/app\/uploads\/2022\/08\/opportunities-1024x679.png 1024w, https:\/\/www.gpigroup.com\/app\/uploads\/2022\/08\/opportunities-768x509.png 768w\" sizes=\"auto, (max-width: 1038px) 100vw, 1038px\" \/><\/div><!-- post-slide__image --><div class=\"gpi-post-slide__content mb-md-auto d-flex flex-column justify-content-around align-items-left-end  col-12 col-md-4 order-md-1 order-2\"><div class=\"gpi-post-slide__content__text__wrapper d-flex flex-column order-2 order-md-1 overflow-auto\"><div class=\"gpi-post-slide__content__text order-3 order-md-3\"><h4 >Next to the School to offer a better job<\/h4><a class=\"btn call-to-action mr-auto\" href=\"https:\/\/www.gpigroup.com\/en\/social-responsability\/gpi-responsabilita-sociale-territorio\/next-to-the-school\/\">Learn more<\/a><\/div><\/div><div class=\"gpi-post-slide__content__arrows order-1 order-md-2 mt-md-auto\"><\/div><\/div><!-- post-slide__content --><\/div><!-- row --><\/div><!-- container --><\/div><!-- post-slide -->2<div class=\"gpi-post-slide  \"  ><div class=\"container\"><div class=\"row no-gutters\"><div class=\"gpi-post-slide__image d-flex order-1 col-12 justify-content-center   col-md-8 order-md-2\"><img loading=\"lazy\" decoding=\"async\" width=\"2560\" height=\"1709\" src=\"https:\/\/www.gpigroup.com\/app\/uploads\/2021\/03\/GPI_riciclare_plastica.jpg\" class=\"attachment-full size-full\" alt=\"Recycle plastic\" \/><\/div><!-- post-slide__image --><div class=\"gpi-post-slide__content mb-md-auto d-flex flex-column justify-content-around align-items-left-end  col-12 col-md-4 order-md-1 order-2\"><div class=\"gpi-post-slide__content__text__wrapper d-flex flex-column order-2 order-md-1 overflow-auto\"><div class=\"gpi-post-slide__content__text order-3 order-md-3\"><h4 >Take plastic out of water<\/h4><a class=\"btn call-to-action mr-auto\" href=\"https:\/\/www.gpigroup.com\/en\/social-responsability\/gpi-responsabilita-sociale-territorio\/acqua-e-sostenibilita\/\">Learn more<\/a><\/div><\/div><div class=\"gpi-post-slide__content__arrows order-1 order-md-2 mt-md-auto\"><\/div><\/div><!-- post-slide__content --><\/div><!-- row --><\/div><!-- container --><\/div><!-- post-slide -->3<\/div>[\/vc_column][\/vc_row]<\/p>\n<\/div>","protected":false},"excerpt":{"rendered":"<p>[vc_row full_width=&#8221;stretch_row&#8221; css=&#8221;.vc_custom_1671012561602{padding-top: 200px !important;padding-bottom: 200px !important;background-image: url(https:\/\/www.gpigroup.com\/app\/uploads\/2021\/06\/GPI_sostenibilita_HOME-copy-scaled-1.jpg?id=43771) !important;background-position: center !important;background-repeat: no-repeat !important;background-size: cover !important;}&#8221; el_class=&#8221;governance-hs&#8221;][vc_column][vc_column_text el_class=&#8221;title-hero-sections&#8221;] SUSTAINABILITY [\/vc_column_text][vc_column_text el_class=&#8221;description-hero-sections&#8221;]Acting responsibly, daily and strategically[\/vc_column_text][\/vc_column][\/vc_row][vc_row][vc_column][vc_basic_grid post_type=&#8221;post&#8221; max_items=&#8221;3&#8243; item=&#8221;1077&#8243; grid_id=&#8221;vc_gid:1721719723934-b48631e3-71b1-0&#8243; taxonomies=&#8221;2135&#8243;][vc_column_text] All news [\/vc_column_text][\/vc_column][\/vc_row][vc_row][vc_column][vc_row_inner el_class=&#8221;py-5&#8243;][vc_column_inner][vc_column_text] . [\/vc_column_text][\/vc_column_inner][\/vc_row_inner][vc_row_inner][vc_column_inner width=&#8221;1\/3&#8243;][\/vc_column_inner][vc_column_inner width=&#8221;2\/3&#8243;][vc_column_text]Il 2023 raccontato in questo Report \u00e8 stato, ancora una volta, un anno di impegno per migliorare il nostro<\/p>\n","protected":false},"author":23,"featured_media":5154,"parent":0,"menu_order":4,"comment_status":"closed","ping_status":"closed","template":"","meta":{"footnotes":""},"class_list":["post-85159","page","type-page","status-publish","has-post-thumbnail","hentry","section-responsabilita-sociale"],"yoast_head":"<!-- This site is optimized with the Yoast SEO plugin v27.1.1 - https:\/\/yoast.com\/product\/yoast-seo-wordpress\/ -->\n<title>Sustainability - Social Responsibility<\/title>\n<meta name=\"description\" content=\"We strongly believe in social responsibility: discover GPI&#039;s daily commitment to sustainability, the environment, and the territory.\" \/>\n<meta name=\"robots\" content=\"noindex, follow\" \/>\n<meta property=\"og:locale\" content=\"en_US\" \/>\n<meta property=\"og:type\" content=\"article\" \/>\n<meta property=\"og:title\" content=\"Sustainability - Social Responsibility\" \/>\n<meta property=\"og:description\" content=\"We strongly believe in social responsibility: discover GPI&#039;s daily commitment to sustainability, the environment, and the territory.\" \/>\n<meta property=\"og:url\" content=\"https:\/\/www.gpigroup.com\/en\/social-responsability\/\" \/>\n<meta property=\"og:site_name\" content=\"GPI\" \/>\n<meta property=\"article:publisher\" content=\"https:\/\/www.facebook.com\/GruppoGPI\/\" \/>\n<meta property=\"article:modified_time\" content=\"2024-07-23T07:46:38+00:00\" \/>\n<meta property=\"og:image\" content=\"https:\/\/www.gpigroup.com\/app\/uploads\/2019\/04\/og-link-preview-1.png\" \/>\n\t<meta property=\"og:image:width\" content=\"1366\" \/>\n\t<meta property=\"og:image:height\" content=\"768\" \/>\n\t<meta property=\"og:image:type\" content=\"image\/png\" \/>\n<meta name=\"twitter:card\" content=\"summary_large_image\" \/>\n<meta name=\"twitter:label1\" content=\"Est. reading time\" \/>\n\t<meta name=\"twitter:data1\" content=\"3 minutes\" \/>\n<script type=\"application\/ld+json\" class=\"yoast-schema-graph\">{\"@context\":\"https:\/\/schema.org\",\"@graph\":[{\"@type\":\"WebPage\",\"@id\":\"https:\/\/www.gpigroup.com\/en\/social-responsability\/\",\"url\":\"https:\/\/www.gpigroup.com\/en\/social-responsability\/\",\"name\":\"Sustainability - Social Responsibility\",\"isPartOf\":{\"@id\":\"https:\/\/www.gpigroup.com\/en\/#website\"},\"primaryImageOfPage\":{\"@id\":\"https:\/\/www.gpigroup.com\/en\/social-responsability\/#primaryimage\"},\"image\":{\"@id\":\"https:\/\/www.gpigroup.com\/en\/social-responsability\/#primaryimage\"},\"thumbnailUrl\":\"https:\/\/www.gpigroup.com\/app\/uploads\/2019\/04\/og-link-preview-1.png\",\"datePublished\":\"2022-10-20T12:00:34+00:00\",\"dateModified\":\"2024-07-23T07:46:38+00:00\",\"description\":\"We strongly believe in social responsibility: discover GPI's daily commitment to sustainability, the environment, and the territory.\",\"breadcrumb\":{\"@id\":\"https:\/\/www.gpigroup.com\/en\/social-responsability\/#breadcrumb\"},\"inLanguage\":\"en-EN\",\"potentialAction\":[{\"@type\":\"ReadAction\",\"target\":[\"https:\/\/www.gpigroup.com\/en\/social-responsability\/\"]}]},{\"@type\":\"ImageObject\",\"inLanguage\":\"en-EN\",\"@id\":\"https:\/\/www.gpigroup.com\/en\/social-responsability\/#primaryimage\",\"url\":\"https:\/\/www.gpigroup.com\/app\/uploads\/2019\/04\/og-link-preview-1.png\",\"contentUrl\":\"https:\/\/www.gpigroup.com\/app\/uploads\/2019\/04\/og-link-preview-1.png\",\"width\":1366,\"height\":768,\"caption\":\"GPI\"},{\"@type\":\"BreadcrumbList\",\"@id\":\"https:\/\/www.gpigroup.com\/en\/social-responsability\/#breadcrumb\",\"itemListElement\":[{\"@type\":\"ListItem\",\"position\":1,\"name\":\"Home\",\"item\":\"https:\/\/www.gpigroup.com\/en\/\"},{\"@type\":\"ListItem\",\"position\":2,\"name\":\"Sustainability\"}]},{\"@type\":\"WebSite\",\"@id\":\"https:\/\/www.gpigroup.com\/en\/#website\",\"url\":\"https:\/\/www.gpigroup.com\/en\/\",\"name\":\"GPI\",\"description\":\"The Healthcare Partner\",\"publisher\":{\"@id\":\"https:\/\/www.gpigroup.com\/en\/#organization\"},\"potentialAction\":[{\"@type\":\"SearchAction\",\"target\":{\"@type\":\"EntryPoint\",\"urlTemplate\":\"https:\/\/www.gpigroup.com\/en\/?s={search_term_string}\"},\"query-input\":{\"@type\":\"PropertyValueSpecification\",\"valueRequired\":true,\"valueName\":\"search_term_string\"}}],\"inLanguage\":\"en-EN\"},{\"@type\":\"Organization\",\"@id\":\"https:\/\/www.gpigroup.com\/en\/#organization\",\"name\":\"GPI S.p.A.\",\"url\":\"https:\/\/www.gpigroup.com\/en\/\",\"logo\":{\"@type\":\"ImageObject\",\"inLanguage\":\"en-EN\",\"@id\":\"https:\/\/www.gpigroup.com\/en\/#\/schema\/logo\/image\/\",\"url\":\"https:\/\/www.gpigroup.com\/app\/uploads\/2023\/03\/logo-GPI-2019-1.jpg\",\"contentUrl\":\"https:\/\/www.gpigroup.com\/app\/uploads\/2023\/03\/logo-GPI-2019-1.jpg\",\"width\":1946,\"height\":1945,\"caption\":\"GPI S.p.A.\"},\"image\":{\"@id\":\"https:\/\/www.gpigroup.com\/en\/#\/schema\/logo\/image\/\"},\"sameAs\":[\"https:\/\/www.facebook.com\/GruppoGPI\/\",\"https:\/\/www.linkedin.com\/company\/gpi-spa\",\"http:\/\/www.youtube.com\/user\/GruppoGPI\"]}]}<\/script>\n<!-- \/ Yoast SEO plugin. -->","yoast_head_json":{"title":"Sustainability - Social Responsibility","description":"We strongly believe in social responsibility: discover GPI's daily commitment to sustainability, the environment, and the territory.","robots":{"index":"noindex","follow":"follow"},"og_locale":"en_US","og_type":"article","og_title":"Sustainability - Social Responsibility","og_description":"We strongly believe in social responsibility: discover GPI's daily commitment to sustainability, the environment, and the territory.","og_url":"https:\/\/www.gpigroup.com\/en\/social-responsability\/","og_site_name":"GPI","article_publisher":"https:\/\/www.facebook.com\/GruppoGPI\/","article_modified_time":"2024-07-23T07:46:38+00:00","og_image":[{"width":1366,"height":768,"url":"https:\/\/www.gpigroup.com\/app\/uploads\/2019\/04\/og-link-preview-1.png","type":"image\/png"}],"twitter_card":"summary_large_image","twitter_misc":{"Est. reading time":"3 minutes"},"schema":{"@context":"https:\/\/schema.org","@graph":[{"@type":"WebPage","@id":"https:\/\/www.gpigroup.com\/en\/social-responsability\/","url":"https:\/\/www.gpigroup.com\/en\/social-responsability\/","name":"Sustainability - Social Responsibility","isPartOf":{"@id":"https:\/\/www.gpigroup.com\/en\/#website"},"primaryImageOfPage":{"@id":"https:\/\/www.gpigroup.com\/en\/social-responsability\/#primaryimage"},"image":{"@id":"https:\/\/www.gpigroup.com\/en\/social-responsability\/#primaryimage"},"thumbnailUrl":"https:\/\/www.gpigroup.com\/app\/uploads\/2019\/04\/og-link-preview-1.png","datePublished":"2022-10-20T12:00:34+00:00","dateModified":"2024-07-23T07:46:38+00:00","description":"We strongly believe in social responsibility: discover GPI's daily commitment to sustainability, the environment, and the territory.","breadcrumb":{"@id":"https:\/\/www.gpigroup.com\/en\/social-responsability\/#breadcrumb"},"inLanguage":"en-EN","potentialAction":[{"@type":"ReadAction","target":["https:\/\/www.gpigroup.com\/en\/social-responsability\/"]}]},{"@type":"ImageObject","inLanguage":"en-EN","@id":"https:\/\/www.gpigroup.com\/en\/social-responsability\/#primaryimage","url":"https:\/\/www.gpigroup.com\/app\/uploads\/2019\/04\/og-link-preview-1.png","contentUrl":"https:\/\/www.gpigroup.com\/app\/uploads\/2019\/04\/og-link-preview-1.png","width":1366,"height":768,"caption":"GPI"},{"@type":"BreadcrumbList","@id":"https:\/\/www.gpigroup.com\/en\/social-responsability\/#breadcrumb","itemListElement":[{"@type":"ListItem","position":1,"name":"Home","item":"https:\/\/www.gpigroup.com\/en\/"},{"@type":"ListItem","position":2,"name":"Sustainability"}]},{"@type":"WebSite","@id":"https:\/\/www.gpigroup.com\/en\/#website","url":"https:\/\/www.gpigroup.com\/en\/","name":"GPI","description":"The Healthcare Partner","publisher":{"@id":"https:\/\/www.gpigroup.com\/en\/#organization"},"potentialAction":[{"@type":"SearchAction","target":{"@type":"EntryPoint","urlTemplate":"https:\/\/www.gpigroup.com\/en\/?s={search_term_string}"},"query-input":{"@type":"PropertyValueSpecification","valueRequired":true,"valueName":"search_term_string"}}],"inLanguage":"en-EN"},{"@type":"Organization","@id":"https:\/\/www.gpigroup.com\/en\/#organization","name":"GPI S.p.A.","url":"https:\/\/www.gpigroup.com\/en\/","logo":{"@type":"ImageObject","inLanguage":"en-EN","@id":"https:\/\/www.gpigroup.com\/en\/#\/schema\/logo\/image\/","url":"https:\/\/www.gpigroup.com\/app\/uploads\/2023\/03\/logo-GPI-2019-1.jpg","contentUrl":"https:\/\/www.gpigroup.com\/app\/uploads\/2023\/03\/logo-GPI-2019-1.jpg","width":1946,"height":1945,"caption":"GPI S.p.A."},"image":{"@id":"https:\/\/www.gpigroup.com\/en\/#\/schema\/logo\/image\/"},"sameAs":["https:\/\/www.facebook.com\/GruppoGPI\/","https:\/\/www.linkedin.com\/company\/gpi-spa","http:\/\/www.youtube.com\/user\/GruppoGPI"]}]}},"_links":{"self":[{"href":"https:\/\/www.gpigroup.com\/en\/wp-json\/wp\/v2\/pages\/85159","targetHints":{"allow":["GET"]}}],"collection":[{"href":"https:\/\/www.gpigroup.com\/en\/wp-json\/wp\/v2\/pages"}],"about":[{"href":"https:\/\/www.gpigroup.com\/en\/wp-json\/wp\/v2\/types\/page"}],"author":[{"embeddable":true,"href":"https:\/\/www.gpigroup.com\/en\/wp-json\/wp\/v2\/users\/23"}],"replies":[{"embeddable":true,"href":"https:\/\/www.gpigroup.com\/en\/wp-json\/wp\/v2\/comments?post=85159"}],"version-history":[{"count":20,"href":"https:\/\/www.gpigroup.com\/en\/wp-json\/wp\/v2\/pages\/85159\/revisions"}],"predecessor-version":[{"id":152600,"href":"https:\/\/www.gpigroup.com\/en\/wp-json\/wp\/v2\/pages\/85159\/revisions\/152600"}],"wp:featuredmedia":[{"embeddable":true,"href":"https:\/\/www.gpigroup.com\/en\/wp-json\/wp\/v2\/media\/5154"}],"wp:attachment":[{"href":"https:\/\/www.gpigroup.com\/en\/wp-json\/wp\/v2\/media?parent=85159"}],"curies":[{"name":"wp","href":"https:\/\/api.w.org\/{rel}","templated":true}]}}