{"id":5308,"date":"2019-03-28T15:37:57","date_gmt":"2019-03-28T14:37:57","guid":{"rendered":"https:\/\/www.gpi.it\/?page_id=5308"},"modified":"2023-04-15T13:44:56","modified_gmt":"2023-04-15T11:44:56","slug":"health-social-care","status":"publish","type":"page","link":"https:\/\/www.gpigroup.com\/en\/health-social-care\/","title":{"rendered":"Health Social Care"},"content":{"rendered":"<div class=\"wpb-content-wrapper\"><p>[vc_row full_width=&#8221;stretch_row&#8221; css=&#8221;.vc_custom_1553766882955{padding-bottom: 30px !important;}&#8221; el_class=&#8221;text-row my-0&#8243;][vc_column][vc_row_inner][vc_column_inner][vc_column_text]<\/p>\n<div class=\"row asa-title\">\n<div class=\"col-12 col-md-6\">\n<img loading=\"lazy\" decoding=\"async\" width=\"1024\" height=\"576\" src=\"https:\/\/www.gpigroup.com\/app\/uploads\/2019\/05\/asa_software.jpg\" class=\"asa-image asa-image-mobile rounded-circle d-md-none d-inline\" alt=\"GPI Software\" srcset=\"https:\/\/www.gpigroup.com\/app\/uploads\/2019\/05\/asa_software.jpg 1024w, https:\/\/www.gpigroup.com\/app\/uploads\/2019\/05\/asa_software-300x169.jpg 300w, https:\/\/www.gpigroup.com\/app\/uploads\/2019\/05\/asa_software-768x432.jpg 768w\" sizes=\"auto, (max-width: 1024px) 100vw, 1024px\" \/>\n<div class=\"gpi_signature_title_tech\">\n<h1>Health<br \/>\nSocial Care<\/h1>\n<\/div>\n<\/div>\n<div class=\"col-12 col-md-6\">\n<div class=\"asa-symbol\"><img loading=\"lazy\" decoding=\"async\" class=\"alignnone size-medium wp-image-3055\" role=\"img\" src=\"https:\/\/www.gpigroup.com\/app\/uploads\/\/2019\/03\/Software-1.svg\" alt=\"\" width=\"24\" height=\"24\" \/>\u00a0SOFTWARE<\/div>\n<\/div>\n<\/div>\n<p>[\/vc_column_text][\/vc_column_inner][\/vc_row_inner][vc_row_inner el_class=&#8221;bl-body&#8221;][vc_column_inner width=&#8221;1\/3&#8243;][vc_column_text]<img loading=\"lazy\" decoding=\"async\" width=\"1024\" height=\"576\" src=\"https:\/\/www.gpigroup.com\/app\/uploads\/2019\/05\/asa_software.jpg\" class=\"asa-image rounded-circle d-md-inline d-none\" alt=\"GPI Software\" srcset=\"https:\/\/www.gpigroup.com\/app\/uploads\/2019\/05\/asa_software.jpg 1024w, https:\/\/www.gpigroup.com\/app\/uploads\/2019\/05\/asa_software-300x169.jpg 300w, https:\/\/www.gpigroup.com\/app\/uploads\/2019\/05\/asa_software-768x432.jpg 768w\" sizes=\"auto, (max-width: 1024px) 100vw, 1024px\" \/>[\/vc_column_text][\/vc_column_inner][vc_column_inner width=&#8221;2\/3&#8243;][vc_column_text el_class=&#8221;entice&#8221;]The innovative suite of software solutions to distribute the social and healthcare range throughout the region using an integrated network.[\/vc_column_text][vc_column_text]\u201cCreate an integrated network of social and healthcare services for assisting the chronically ill, elderly and disabled\u201d is the objective of Italy\u2019s Healthcare System. With this intention, Health Social Care was created, a suite based on an innovative technological platform that integrates all applications and databases from the social and healthcare activities carried out in the region.<br \/>\nHealth Social Care makes it possible to manage all social and healthcare activities provided in hospitals, in regional healthcare structures and at the patient\u2019s home. Thanks to our solution, it is possible to plan, digitise and refine social and healthcare activities with the result of optimising human resources and redeveloping spending.<\/p>\n<h2>Health Social Care includes:<\/h2>\n<ul>\n<li><strong>Regional Services<\/strong>, which makes it possible to manage all the activities carried out by the social and healthcare service in the region: social and healthcare dossier, integrated home care, regional operating centre, residences, day centres, clinics, economic benefits, multi-dimensional assessment units, complex discharge management and hospital-region integration<\/li>\n<li><strong>Legal Medicine<\/strong>, which makes it possible to manage all practices relating to the Legal Medicine Department<\/li>\n<li><strong>Mental Health<\/strong>, which makes it possible to manage all the activities carried out by professionals in the Mental Health Department. The system is designed to manage both child and adult psychiatry<\/li>\n<\/ul>\n<p>Why choose our Health Social Care solution:<\/p>\n<ul>\n<li>It is accessible, simple and easy-to-use: when creating the software, particular attention to paid to guaranteeing consistency and the ability to limit errors, to ease of learning, access to functions and storage<\/li>\n<li>It is flexible, scalable and easy to maintain: the suite is structured as a group of software components organised in application layers that are easy to resize as the data to be managed, or the number of users, grow over time. The solution is designed so that new applications and technologies can be added without having to redesign the system<\/li>\n<li>It guarantees traceability and security criteria: it meets DigitPA directives and personal data protection requirements.<\/li>\n<\/ul>\n<p>[\/vc_column_text][\/vc_column_inner][\/vc_row_inner][\/vc_column][\/vc_row][vc_row full_width=&#8221;stretch_row&#8221; css=&#8221;.vc_custom_1558427976905{padding-bottom: 30px !important;}&#8221; el_class=&#8221;text-row mt-0 features bl-body&#8221;][vc_column][vc_row_inner][vc_column_inner width=&#8221;1\/3&#8243;][\/vc_column_inner][vc_column_inner width=&#8221;2\/3&#8243;][vc_column_text]<strong>Perch\u00e9 scegliere\u00a0la nostra soluzione Health Social Care:<\/strong><\/p>\n<h4>\u00c8 accessibile, semplice e usabile<\/h4>\n<p>Nella realizzazione del software si pone particolare attenzione a garantire coerenza e capacit\u00e0 di limitare gli errori, facilit\u00e0 di apprendimento, di accesso alle funzionalit\u00e0, di memorizzazione<\/p>\n<h4>\u00c8 flessibile, scalabile e facilmente mantenibile<\/h4>\n<p>La suite \u00e8 articolata in un insieme di componenti software organizzati in strati applicativi agevolmente ridimensionabili a fronte della crescita nel tempo dei volumi di dati da gestire, o del numero degli utenti. La soluzione \u00e8 progettata per poter accogliere nuove applicazioni e tecnologie senza dover riprogettare il sistema<\/p>\n<h4>Garantisce i criteri di tracciabilit\u00e0 e sicurezza<\/h4>\n<p>Soddisfa sia le direttive DigitPA sia i requisiti sul trattamento dei dati personali.[\/vc_column_text][\/vc_column_inner][\/vc_row_inner][\/vc_column][\/vc_row]<\/p>\n[vc_row full_width=\"stretch_row\" el_class=\"text-row my-0\"][vc_column][vc_row_inner][vc_column_inner width=\"1\/3\"][\/vc_column_inner][vc_column_inner width=\"1\/3\"][vc_column_text el_class=\"text-right text-md-left\"][\/vc_column_text][\/vc_column_inner][vc_column_inner width=\"1\/3\"][vc_column_text el_class=\"text-right\"]<a class=\"btn call-to-action\" href=\"https:\/\/sisp.gpi.it\/\" target=\"_blank\" rel=\"noopener noreferrer\">Visit the website<\/a>[\/vc_column_text][\/vc_column_inner][\/vc_row_inner][vc_row_inner][vc_column_inner][vc_raw_html]JTVCY29udGFjdC1mb3JtLTclMjBpZCUzRCUyMjcwODklMjIlMjB0aXRsZSUzRCUyMkRvd25sb2FkJTIwYnJvY2h1cmUlMjBmb3JtJTIwSVQlMjIlMjBodG1sX2lkJTNEJTIyZ3BpLWRvd25sb2FkLWZvcm0lMjIlNUQ=[\/vc_raw_html][\/vc_column_inner][\/vc_row_inner][\/vc_column][\/vc_row][vc_row full_width=\"stretch_row\" el_class=\"vision mb-0 gpi-orange-bg\"][vc_column offset=\"vc_col-lg-3 vc_col-xs-12\"][vc_column_text]\n<h4>Contact our sales team<\/h4>[\/vc_column_text][\/vc_column][vc_column width=\"3\/4\" offset=\"vc_col-lg-offset-0 vc_col-sm-offset-3 vc_col-xs-12\"][vc_raw_html]JTVCY29udGFjdC1mb3JtLTclMjBpZCUzRCUyMjY3MTIlMjIlMjB0aXRsZSUzRCUyMkJ1c2luZXNzJTIwbGluZSUyMGZvcm0lMjIlMjBodG1sX2lkJTNEJTIyZ3BpLWNvbnRhY3QtZm9ybSUyMiU1RA==[\/vc_raw_html][\/vc_column][\/vc_row]<\/div>","protected":false},"excerpt":{"rendered":"<p>[vc_row full_width=&#8221;stretch_row&#8221; css=&#8221;.vc_custom_1553766882955{padding-bottom: 30px !important;}&#8221; el_class=&#8221;text-row my-0&#8243;][vc_column][vc_row_inner][vc_column_inner][vc_column_text] Health Social Care \u00a0SOFTWARE [\/vc_column_text][\/vc_column_inner][\/vc_row_inner][vc_row_inner el_class=&#8221;bl-body&#8221;][vc_column_inner width=&#8221;1\/3&#8243;][vc_column_text][\/vc_column_text][\/vc_column_inner][vc_column_inner width=&#8221;2\/3&#8243;][vc_column_text el_class=&#8221;entice&#8221;]The innovative suite of software solutions to distribute the social and healthcare range throughout the region using an integrated network.[\/vc_column_text][vc_column_text]\u201cCreate an integrated network of social and healthcare services for assisting the chronically ill, elderly and disabled\u201d is the objective of<\/p>\n","protected":false},"author":1,"featured_media":5154,"parent":0,"menu_order":0,"comment_status":"closed","ping_status":"closed","template":"","meta":{"footnotes":""},"class_list":["post-5308","page","type-page","status-publish","has-post-thumbnail","hentry","page_category-line-of-business","section-offerta","business_line-software"],"yoast_head":"<!-- This site is optimized with the Yoast SEO plugin v27.1.1 - https:\/\/yoast.com\/product\/yoast-seo-wordpress\/ -->\n<title>Software Sanitari: Health Social Care | GPI<\/title>\n<meta name=\"description\" content=\"The innovative suite of software solutions to distribute the social and healthcare range throughout the region using an integrated network.\" \/>\n<meta name=\"robots\" content=\"index, follow, max-snippet:-1, max-image-preview:large, max-video-preview:-1\" \/>\n<link rel=\"canonical\" href=\"https:\/\/www.gpigroup.com\/en\/health-social-care\/\" \/>\n<meta property=\"og:locale\" content=\"en_US\" \/>\n<meta property=\"og:type\" content=\"article\" \/>\n<meta property=\"og:title\" content=\"Software Sanitari: Health Social Care | GPI\" \/>\n<meta property=\"og:description\" content=\"The innovative suite of software solutions to distribute the social and healthcare range throughout the region using an integrated network.\" \/>\n<meta property=\"og:url\" content=\"https:\/\/www.gpigroup.com\/en\/health-social-care\/\" \/>\n<meta property=\"og:site_name\" content=\"GPI\" \/>\n<meta property=\"article:publisher\" content=\"https:\/\/www.facebook.com\/GruppoGPI\/\" \/>\n<meta property=\"article:modified_time\" content=\"2023-04-15T11:44:56+00:00\" \/>\n<meta property=\"og:image\" content=\"https:\/\/www.gpigroup.com\/app\/uploads\/2019\/04\/og-link-preview-1.png\" \/>\n\t<meta property=\"og:image:width\" content=\"1366\" \/>\n\t<meta property=\"og:image:height\" content=\"768\" \/>\n\t<meta property=\"og:image:type\" content=\"image\/png\" \/>\n<meta name=\"twitter:card\" content=\"summary_large_image\" \/>\n<meta name=\"twitter:label1\" content=\"Est. reading time\" \/>\n\t<meta name=\"twitter:data1\" content=\"3 minutes\" \/>\n<script type=\"application\/ld+json\" class=\"yoast-schema-graph\">{\"@context\":\"https:\/\/schema.org\",\"@graph\":[{\"@type\":\"WebPage\",\"@id\":\"https:\/\/www.gpigroup.com\/en\/health-social-care\/\",\"url\":\"https:\/\/www.gpigroup.com\/en\/health-social-care\/\",\"name\":\"Software Sanitari: Health Social Care | GPI\",\"isPartOf\":{\"@id\":\"https:\/\/www.gpigroup.com\/en\/#website\"},\"primaryImageOfPage\":{\"@id\":\"https:\/\/www.gpigroup.com\/en\/health-social-care\/#primaryimage\"},\"image\":{\"@id\":\"https:\/\/www.gpigroup.com\/en\/health-social-care\/#primaryimage\"},\"thumbnailUrl\":\"https:\/\/www.gpigroup.com\/app\/uploads\/2019\/04\/og-link-preview-1.png\",\"datePublished\":\"2019-03-28T14:37:57+00:00\",\"dateModified\":\"2023-04-15T11:44:56+00:00\",\"description\":\"The innovative suite of software solutions to distribute the social and healthcare range throughout the region using an integrated network.\",\"breadcrumb\":{\"@id\":\"https:\/\/www.gpigroup.com\/en\/health-social-care\/#breadcrumb\"},\"inLanguage\":\"en-EN\",\"potentialAction\":[{\"@type\":\"ReadAction\",\"target\":[\"https:\/\/www.gpigroup.com\/en\/health-social-care\/\"]}]},{\"@type\":\"ImageObject\",\"inLanguage\":\"en-EN\",\"@id\":\"https:\/\/www.gpigroup.com\/en\/health-social-care\/#primaryimage\",\"url\":\"https:\/\/www.gpigroup.com\/app\/uploads\/2019\/04\/og-link-preview-1.png\",\"contentUrl\":\"https:\/\/www.gpigroup.com\/app\/uploads\/2019\/04\/og-link-preview-1.png\",\"width\":1366,\"height\":768,\"caption\":\"GPI\"},{\"@type\":\"BreadcrumbList\",\"@id\":\"https:\/\/www.gpigroup.com\/en\/health-social-care\/#breadcrumb\",\"itemListElement\":[{\"@type\":\"ListItem\",\"position\":1,\"name\":\"Home\",\"item\":\"https:\/\/www.gpigroup.com\/en\/\"},{\"@type\":\"ListItem\",\"position\":2,\"name\":\"Health Social Care\"}]},{\"@type\":\"WebSite\",\"@id\":\"https:\/\/www.gpigroup.com\/en\/#website\",\"url\":\"https:\/\/www.gpigroup.com\/en\/\",\"name\":\"GPI\",\"description\":\"The Healthcare Partner\",\"publisher\":{\"@id\":\"https:\/\/www.gpigroup.com\/en\/#organization\"},\"potentialAction\":[{\"@type\":\"SearchAction\",\"target\":{\"@type\":\"EntryPoint\",\"urlTemplate\":\"https:\/\/www.gpigroup.com\/en\/?s={search_term_string}\"},\"query-input\":{\"@type\":\"PropertyValueSpecification\",\"valueRequired\":true,\"valueName\":\"search_term_string\"}}],\"inLanguage\":\"en-EN\"},{\"@type\":\"Organization\",\"@id\":\"https:\/\/www.gpigroup.com\/en\/#organization\",\"name\":\"GPI S.p.A.\",\"url\":\"https:\/\/www.gpigroup.com\/en\/\",\"logo\":{\"@type\":\"ImageObject\",\"inLanguage\":\"en-EN\",\"@id\":\"https:\/\/www.gpigroup.com\/en\/#\/schema\/logo\/image\/\",\"url\":\"https:\/\/www.gpigroup.com\/app\/uploads\/2023\/03\/logo-GPI-2019-1.jpg\",\"contentUrl\":\"https:\/\/www.gpigroup.com\/app\/uploads\/2023\/03\/logo-GPI-2019-1.jpg\",\"width\":1946,\"height\":1945,\"caption\":\"GPI S.p.A.\"},\"image\":{\"@id\":\"https:\/\/www.gpigroup.com\/en\/#\/schema\/logo\/image\/\"},\"sameAs\":[\"https:\/\/www.facebook.com\/GruppoGPI\/\",\"https:\/\/www.linkedin.com\/company\/gpi-spa\",\"http:\/\/www.youtube.com\/user\/GruppoGPI\"]}]}<\/script>\n<!-- \/ Yoast SEO plugin. -->","yoast_head_json":{"title":"Software Sanitari: Health Social Care | GPI","description":"The innovative suite of software solutions to distribute the social and healthcare range throughout the region using an integrated network.","robots":{"index":"index","follow":"follow","max-snippet":"max-snippet:-1","max-image-preview":"max-image-preview:large","max-video-preview":"max-video-preview:-1"},"canonical":"https:\/\/www.gpigroup.com\/en\/health-social-care\/","og_locale":"en_US","og_type":"article","og_title":"Software Sanitari: Health Social Care | GPI","og_description":"The innovative suite of software solutions to distribute the social and healthcare range throughout the region using an integrated network.","og_url":"https:\/\/www.gpigroup.com\/en\/health-social-care\/","og_site_name":"GPI","article_publisher":"https:\/\/www.facebook.com\/GruppoGPI\/","article_modified_time":"2023-04-15T11:44:56+00:00","og_image":[{"width":1366,"height":768,"url":"https:\/\/www.gpigroup.com\/app\/uploads\/2019\/04\/og-link-preview-1.png","type":"image\/png"}],"twitter_card":"summary_large_image","twitter_misc":{"Est. reading time":"3 minutes"},"schema":{"@context":"https:\/\/schema.org","@graph":[{"@type":"WebPage","@id":"https:\/\/www.gpigroup.com\/en\/health-social-care\/","url":"https:\/\/www.gpigroup.com\/en\/health-social-care\/","name":"Software Sanitari: Health Social Care | GPI","isPartOf":{"@id":"https:\/\/www.gpigroup.com\/en\/#website"},"primaryImageOfPage":{"@id":"https:\/\/www.gpigroup.com\/en\/health-social-care\/#primaryimage"},"image":{"@id":"https:\/\/www.gpigroup.com\/en\/health-social-care\/#primaryimage"},"thumbnailUrl":"https:\/\/www.gpigroup.com\/app\/uploads\/2019\/04\/og-link-preview-1.png","datePublished":"2019-03-28T14:37:57+00:00","dateModified":"2023-04-15T11:44:56+00:00","description":"The innovative suite of software solutions to distribute the social and healthcare range throughout the region using an integrated network.","breadcrumb":{"@id":"https:\/\/www.gpigroup.com\/en\/health-social-care\/#breadcrumb"},"inLanguage":"en-EN","potentialAction":[{"@type":"ReadAction","target":["https:\/\/www.gpigroup.com\/en\/health-social-care\/"]}]},{"@type":"ImageObject","inLanguage":"en-EN","@id":"https:\/\/www.gpigroup.com\/en\/health-social-care\/#primaryimage","url":"https:\/\/www.gpigroup.com\/app\/uploads\/2019\/04\/og-link-preview-1.png","contentUrl":"https:\/\/www.gpigroup.com\/app\/uploads\/2019\/04\/og-link-preview-1.png","width":1366,"height":768,"caption":"GPI"},{"@type":"BreadcrumbList","@id":"https:\/\/www.gpigroup.com\/en\/health-social-care\/#breadcrumb","itemListElement":[{"@type":"ListItem","position":1,"name":"Home","item":"https:\/\/www.gpigroup.com\/en\/"},{"@type":"ListItem","position":2,"name":"Health Social Care"}]},{"@type":"WebSite","@id":"https:\/\/www.gpigroup.com\/en\/#website","url":"https:\/\/www.gpigroup.com\/en\/","name":"GPI","description":"The Healthcare Partner","publisher":{"@id":"https:\/\/www.gpigroup.com\/en\/#organization"},"potentialAction":[{"@type":"SearchAction","target":{"@type":"EntryPoint","urlTemplate":"https:\/\/www.gpigroup.com\/en\/?s={search_term_string}"},"query-input":{"@type":"PropertyValueSpecification","valueRequired":true,"valueName":"search_term_string"}}],"inLanguage":"en-EN"},{"@type":"Organization","@id":"https:\/\/www.gpigroup.com\/en\/#organization","name":"GPI S.p.A.","url":"https:\/\/www.gpigroup.com\/en\/","logo":{"@type":"ImageObject","inLanguage":"en-EN","@id":"https:\/\/www.gpigroup.com\/en\/#\/schema\/logo\/image\/","url":"https:\/\/www.gpigroup.com\/app\/uploads\/2023\/03\/logo-GPI-2019-1.jpg","contentUrl":"https:\/\/www.gpigroup.com\/app\/uploads\/2023\/03\/logo-GPI-2019-1.jpg","width":1946,"height":1945,"caption":"GPI S.p.A."},"image":{"@id":"https:\/\/www.gpigroup.com\/en\/#\/schema\/logo\/image\/"},"sameAs":["https:\/\/www.facebook.com\/GruppoGPI\/","https:\/\/www.linkedin.com\/company\/gpi-spa","http:\/\/www.youtube.com\/user\/GruppoGPI"]}]}},"_links":{"self":[{"href":"https:\/\/www.gpigroup.com\/en\/wp-json\/wp\/v2\/pages\/5308","targetHints":{"allow":["GET"]}}],"collection":[{"href":"https:\/\/www.gpigroup.com\/en\/wp-json\/wp\/v2\/pages"}],"about":[{"href":"https:\/\/www.gpigroup.com\/en\/wp-json\/wp\/v2\/types\/page"}],"author":[{"embeddable":true,"href":"https:\/\/www.gpigroup.com\/en\/wp-json\/wp\/v2\/users\/1"}],"replies":[{"embeddable":true,"href":"https:\/\/www.gpigroup.com\/en\/wp-json\/wp\/v2\/comments?post=5308"}],"version-history":[{"count":4,"href":"https:\/\/www.gpigroup.com\/en\/wp-json\/wp\/v2\/pages\/5308\/revisions"}],"predecessor-version":[{"id":101051,"href":"https:\/\/www.gpigroup.com\/en\/wp-json\/wp\/v2\/pages\/5308\/revisions\/101051"}],"wp:featuredmedia":[{"embeddable":true,"href":"https:\/\/www.gpigroup.com\/en\/wp-json\/wp\/v2\/media\/5154"}],"wp:attachment":[{"href":"https:\/\/www.gpigroup.com\/en\/wp-json\/wp\/v2\/media?parent=5308"}],"curies":[{"name":"wp","href":"https:\/\/api.w.org\/{rel}","templated":true}]}}