{"id":157263,"date":"2024-09-20T16:59:18","date_gmt":"2024-09-20T14:59:18","guid":{"rendered":"https:\/\/www.gpigroup.com\/?page_id=157263"},"modified":"2024-10-22T11:13:09","modified_gmt":"2024-10-22T09:13:09","slug":"gpi4med-imaging","status":"publish","type":"page","link":"https:\/\/www.gpigroup.com\/en\/gpi4med-imaging\/","title":{"rendered":"Gpi4Med.IMAGING"},"content":{"rendered":"<div class=\"wpb-content-wrapper\"><p>[vc_row full_width=&#8221;stretch_row&#8221; el_class=&#8221;text-row my-0&#8243;][vc_column][vc_row_inner][vc_column_inner][vc_column_text css=&#8221;&#8221;]<\/p>\n<div class=\"row asa-title\">\n<div class=\"col-12 col-md-6\">\n<img loading=\"lazy\" decoding=\"async\" width=\"1024\" height=\"576\" src=\"https:\/\/www.gpigroup.com\/app\/uploads\/2019\/05\/asa_software.jpg\" class=\"asa-image asa-image-mobile rounded-circle d-md-none d-inline\" alt=\"GPI Software\" srcset=\"https:\/\/www.gpigroup.com\/app\/uploads\/2019\/05\/asa_software.jpg 1024w, https:\/\/www.gpigroup.com\/app\/uploads\/2019\/05\/asa_software-300x169.jpg 300w, https:\/\/www.gpigroup.com\/app\/uploads\/2019\/05\/asa_software-768x432.jpg 768w\" sizes=\"auto, (max-width: 1024px) 100vw, 1024px\" \/>\n<div class=\"gpi_signature_title_tech\">\n<h1>Gpi4Med.IMAGING<\/h1>\n<\/div>\n<\/div>\n<div class=\"col-12 col-md-6\">\n<div class=\"asa-symbol\"><img loading=\"lazy\" decoding=\"async\" class=\"alignnone size-medium wp-image-3055\" role=\"img\" src=\"https:\/\/www.gpigroup.com\/app\/uploads\/\/2019\/03\/Software-1.svg\" alt=\"\" width=\"24\" height=\"24\" \/>\u00a0SOFTWARE<\/div>\n<\/div>\n<\/div>\n<p>[\/vc_column_text][\/vc_column_inner][\/vc_row_inner][vc_row_inner el_class=&#8221;bl-body&#8221;][vc_column_inner width=&#8221;1\/3&#8243;][vc_column_text]<img loading=\"lazy\" decoding=\"async\" width=\"1024\" height=\"576\" src=\"https:\/\/www.gpigroup.com\/app\/uploads\/2019\/05\/asa_software.jpg\" class=\"asa-image rounded-circle d-md-inline d-none\" alt=\"GPI Software\" srcset=\"https:\/\/www.gpigroup.com\/app\/uploads\/2019\/05\/asa_software.jpg 1024w, https:\/\/www.gpigroup.com\/app\/uploads\/2019\/05\/asa_software-300x169.jpg 300w, https:\/\/www.gpigroup.com\/app\/uploads\/2019\/05\/asa_software-768x432.jpg 768w\" sizes=\"auto, (max-width: 1024px) 100vw, 1024px\" \/>[\/vc_column_text][\/vc_column_inner][vc_column_inner width=&#8221;2\/3&#8243;][vc_column_text css=&#8221;&#8221; el_class=&#8221;entice&#8221;]<span style=\"font-weight: 400;\">Gpi4Med.IMAGING est la suite d&#8217;imagerie num\u00e9rique pour la gestion de tous les types d&#8217;imagerie hospitali\u00e8re, y compris les rapports sur les donn\u00e9es des patients.<\/span>[\/vc_column_text][\/vc_column_inner][\/vc_row_inner][vc_row_inner][vc_column_inner width=&#8221;1\/3&#8243;][\/vc_column_inner][vc_column_inner width=&#8221;2\/3&#8243;][vc_column_text css=&#8221;&#8221;]Cette ligne de produits verticale de Gpi4Med Suite comprend:<\/p>\n<ul>\n<li><strong>Radiology Imaging<\/strong>: une plateforme web int\u00e9gr\u00e9e pour le stockage, la transmission et l&#8217;affichage de toutes les images produites au sein d&#8217;un \u00e9tablissement m\u00e9dical. Elle comprend plusieurs produit:\n<ul>\n<li>RIS soutient les radiologues dans leur prise de d\u00e9cision et les aide \u00e0 prioriser les examens gr\u00e2ce au module de workflow, r\u00e9pondant aux besoins des radiologues, optimisant le flux de travail complet d&#8217;un service d&#8217;imagerie ou dans le cadre de projets de t\u00e9l\u00e9-radiologie.<\/li>\n<li>Le PACS archive les images, les comptes-rendus et toutes les donn\u00e9es multim\u00e9dias en toute s\u00e9curit\u00e9 pour les centres de radiologie, les centres d&#8217;imagerie et les d\u00e9partements. Enti\u00e8rement web et ergonomique, il se distingue par l&#8217;int\u00e9gration de toutes les fonctionnalit\u00e9s d&#8217;un RIS au sein d&#8217;un PACS.<\/li>\n<li>La t\u00e9l\u00e9-radiologie est une solution web qui combine le t\u00e9l\u00e9diagnostic et la t\u00e9l\u00e9consultation. Le t\u00e9l\u00e9diagnostic consiste \u00e0 transmettre les images \u00e0 un radiologue qui les interpr\u00e8te \u00e0 distance avant de partager un rapport tandis que la t\u00e9l\u00e9-expertise consiste \u00e0 faire appel \u00e0 un radiologue \u00e0 distance pour guider l&#8217;examen, confirmer un diagnostic ou partager un second avis m\u00e9dical.<\/li>\n<\/ul>\n<\/li>\n<\/ul>\n<ul>\n<li><span style=\"background-color: var(--bs-body-bg); color: var(--bs-body-color); font-family: var(--bs-body-font-family); font-size: var(--bs-body-font-size); font-weight: var(--bs-body-font-weight); text-align: var(--bs-body-text-align);\"><span style=\"background-color: var(--bs-body-bg); color: var(--bs-body-color); font-family: var(--bs-body-font-family); font-size: var(--bs-body-font-size); font-weight: var(--bs-body-font-weight); text-align: var(--bs-body-text-align);\"><strong>Imaging Stack<\/strong> est une solution d&#8217;imagerie m\u00e9dicale int\u00e9gr\u00e9e avanc\u00e9e : RIS &#8211; PACS &#8211; Interpr\u00e9tation &#8211; AI.<\/span><\/span><span style=\"text-decoration: underline;\">Principales caract\u00e9ristiques:<\/span><\/li>\n<\/ul>\n<ul>\n<li style=\"list-style-type: none;\">\n<ul>\n<li style=\"text-align: left;\">Optimisation de la liste de travail en affichant les annotations pr\u00e9liminaires des examens par l&#8217;IA<br \/>\nInterpr\u00e9tation avanc\u00e9e (diagnostic guid\u00e9)<\/li>\n<li style=\"text-align: left;\">D\u00e9pistage optimal gr\u00e2ce \u00e0 une d\u00e9tection plus pr\u00e9coce et plus rapide<\/li>\n<li style=\"text-align: left;\">IA et t\u00e9l\u00e9-radiologie<\/li>\n<\/ul>\n<\/li>\n<\/ul>\n<ul>\n<li><span style=\"background-color: var(--bs-body-bg); color: var(--bs-body-color); font-family: var(--bs-body-font-family); font-size: var(--bs-body-font-size); font-weight: var(--bs-body-font-weight); text-align: var(--bs-body-text-align);\"><strong>Clinical Imaging<\/strong> est une suite compl\u00e8te de syst\u00e8mes d&#8217;information sp\u00e9cialis\u00e9s pour la gestion des flux de travail et des images dans les d\u00e9partements cliniques, qui comprend plusieurs produits:<\/span>\n<ul>\n<li>EndoxWeb (Endoscopie) soutient la gestion des services effectuant des proc\u00e9dures endoscopiques, diagnostiques et interventionnelles telles que l&#8217;endoscopie digestive, la bronchoscopie, l&#8217;urologie ou la pneumologie.<\/li>\n<li><span style=\"background-color: var(--bs-body-bg); color: var(--bs-body-color); font-family: var(--bs-body-font-family); font-size: var(--bs-body-font-size); font-weight: var(--bs-body-font-weight); text-align: var(--bs-body-text-align);\">Dermox (Dermatologie) permet l&#8217;acquisition d&#8217;images\/vid\u00e9os \u00e0 partir de dermatoscopes et d&#8217;autres appareils. Il est possible d&#8217;extraire des albums de photos \u00e0 partir des r\u00e9sultats de la recherche\/comparaison.<\/span><\/li>\n<li>Optinet (Ophtalmologie) permet une gestion compl\u00e8te des donn\u00e9es personnelles, priv\u00e9es, anamnestiques et cliniques. Il permet \u00e9galement de mettre en place des sessions de streaming et de vid\u00e9oconf\u00e9rence pour la t\u00e9l\u00e9consultation.<\/li>\n<li><span style=\"background-color: var(--bs-body-bg); color: var(--bs-body-color); font-family: var(--bs-body-font-family); font-size: var(--bs-body-font-size); font-weight: var(--bs-body-font-weight); text-align: var(--bs-body-text-align);\">Decia (obst\u00e9trique et gyn\u00e9cologie) permet une gestion am\u00e9lior\u00e9e des informations relatives \u00e0 la sant\u00e9 des femmes pour le d\u00e9pistage et les images provenant de la colposcopie, de l&#8217;hyst\u00e9roscopie, de la mammographie et de la laparoscopie.<\/span><\/li>\n<\/ul>\n<\/li>\n<\/ul>\n<ul>\n<li><strong>OphtAI<\/strong> est une plateforme web de d\u00e9pistage des maladies oculaires bas\u00e9e sur l&#8217;IA qui permet d&#8217;acc\u00e9l\u00e9rer et de s\u00e9curiser les diagnostics de plusieurs dizaines de maladies oculaires parmi les plus courantes (r\u00e9tinopathie diab\u00e9tique, d\u00e9g\u00e9n\u00e9rescence maculaire, glaucome, entre autres).<span style=\"text-decoration: underline;\">Principales caract\u00e9ristiques:<\/span><\/li>\n<\/ul>\n<ul>\n<li style=\"list-style-type: none;\">\n<ul>\n<li>V\u00e9rification de la qualit\u00e9 de l&#8217;image afin d&#8217;\u00e9viter le rappel des patients pour un nouvel examen<\/li>\n<li>Tri pr\u00e9liminaire automatis\u00e9 des patients en fonction de leur criticit\u00e9<\/li>\n<li>Dossiers \u00e9lectroniques centralis\u00e9s des patients<\/li>\n<li>Acc\u00e8s multi-sites<\/li>\n<\/ul>\n<\/li>\n<\/ul>\n<p>[\/vc_column_text][\/vc_column_inner][\/vc_row_inner][\/vc_column][\/vc_row][vc_row][vc_column width=&#8221;1\/3&#8243;][vc_column_text css=&#8221;&#8221; el_class=&#8221;entice&#8221;]<\/p>\n<div class=\"gpi_signature_title_tech\">Gpi4Med<\/div>\n<p>[\/vc_column_text][\/vc_column][vc_column width=&#8221;2\/3&#8243;][vc_column_text css=&#8221;&#8221;]<span style=\"text-decoration: underline;\">Approche globale en Sant\u00e9 Num\u00e9rique:<\/span><br \/>\nGpi4Med est une suite compl\u00e8te de Gpi, un groupe mondial avec 35 ans d&#8217;exp\u00e9rience en Sant\u00e9 Num\u00e9rique, qui facilite la voie vers la transformation technologique et des soins de sant\u00e9 durables.<br \/>\nToutes les solutions verticales sont multilingues et install\u00e9es dans plus de 70 pays \u00e0 travers le monde. Gr\u00e2ce \u00e0 nos bureaux locaux, partenaires et \u00e9quipes de support bas\u00e9es mondialement, nous nous effor\u00e7ons d&#8217;enrichir l&#8217;expertise et la maturit\u00e9 de nos clients dans leurs secteurs respectifs.<\/p>\n<p><span style=\"text-decoration: underline;\">Proposition de Valeur Unique:<\/span><\/p>\n<ul>\n<li>SUPPORT complet aux domaines m\u00e9dicaux, chirurgicaux, cliniques et diagnostiques<\/li>\n<li>Interface WEB pour faciliter les processus de d\u00e9ploiement, de support et de maintenance<\/li>\n<li>CO-CON\u00c7U avec des experts du secteur pour r\u00e9pondre \u00e0 leurs besoins sp\u00e9cifiques<\/li>\n<li>S\u2019INT\u00c8GRE avec une vari\u00e9t\u00e9 de dispositifs biom\u00e9dicaux et de logiciels tiers<\/li>\n<li>CERTIFI\u00c9\/APPROUV\u00c9 en tant que dispositif m\u00e9dical logiciel (MDR, CE, FDA, SFDA, entre autres)<\/li>\n<li>ENRICHIE avec des fonctionnalit\u00e9s innovantes et des algorithmes avanc\u00e9s bas\u00e9s sur l&#8217;IA<\/li>\n<\/ul>\n<p><span style=\"text-decoration: underline;\">Mission:<\/span><br \/>\nGr\u00e2ce \u00e0 Gpi4Med, le Groupe Gpi est pr\u00eat \u00e0 diriger la transformation technologique et durable des processus de pr\u00e9vention, de soins et de traitement de la sant\u00e9 et du bien-\u00eatre des personnes.<\/p>\n<p><span style=\"text-decoration: underline;\">Vision:<\/span><br \/>\n\u00c0 travers Gpi4Med, le Groupe Gpi vise \u00e0 fournir des connaissances et des comp\u00e9tences pour am\u00e9liorer les processus de pr\u00e9vention, d&#8217;assistance et de traitement gr\u00e2ce \u00e0 des logiciels, des services et des technologies pour permettre et responsabiliser les professionnels de sant\u00e9 et les patients.<\/p>\n<p><span style=\"text-decoration: underline;\">Quantifier Nos Succ\u00e8s:<\/span><\/p>\n<ul>\n<li>Plus de 9 000 clients dans plus de 70 pays<\/li>\n<li>Plus de 8 000 employ\u00e9s op\u00e9rant dans plus de 17 pays \u00e0 travers le monde<\/li>\n<li>N\u00b01 en IT Sant\u00e9 en Italie, parmi les leaders en Europe<\/li>\n<li>N\u00b01 en Italie pour l&#8217;acc\u00e8s multicanal aux traitements<\/li>\n<li>Un objectif final: am\u00e9liorer la qualit\u00e9 de vie des personnes<\/li>\n<\/ul>\n<p>[\/vc_column_text][\/vc_column][\/vc_row]<\/p>\n[vc_row full_width=\"stretch_row\" el_class=\"vision mb-0 gpi-orange-bg\"][vc_column offset=\"vc_col-lg-3 vc_col-xs-12\"][vc_column_text]\n<h4>Contact our sales team<\/h4>[\/vc_column_text][\/vc_column][vc_column width=\"3\/4\" offset=\"vc_col-lg-offset-0 vc_col-sm-offset-3 vc_col-xs-12\"][vc_raw_html]JTVCY29udGFjdC1mb3JtLTclMjBpZCUzRCUyMjY3MTIlMjIlMjB0aXRsZSUzRCUyMkJ1c2luZXNzJTIwbGluZSUyMGZvcm0lMjIlMjBodG1sX2lkJTNEJTIyZ3BpLWNvbnRhY3QtZm9ybSUyMiU1RA==[\/vc_raw_html][\/vc_column][\/vc_row]<\/div>","protected":false},"excerpt":{"rendered":"<p>[vc_row full_width=&#8221;stretch_row&#8221; el_class=&#8221;text-row my-0&#8243;][vc_column][vc_row_inner][vc_column_inner][vc_column_text css=&#8221;&#8221;] Gpi4Med.IMAGING \u00a0SOFTWARE [\/vc_column_text][\/vc_column_inner][\/vc_row_inner][vc_row_inner el_class=&#8221;bl-body&#8221;][vc_column_inner width=&#8221;1\/3&#8243;][vc_column_text][\/vc_column_text][\/vc_column_inner][vc_column_inner width=&#8221;2\/3&#8243;][vc_column_text css=&#8221;&#8221; el_class=&#8221;entice&#8221;]Gpi4Med.IMAGING est la suite d&#8217;imagerie num\u00e9rique pour la gestion de tous les types d&#8217;imagerie hospitali\u00e8re, y compris les rapports sur les donn\u00e9es des patients.[\/vc_column_text][\/vc_column_inner][\/vc_row_inner][vc_row_inner][vc_column_inner width=&#8221;1\/3&#8243;][\/vc_column_inner][vc_column_inner width=&#8221;2\/3&#8243;][vc_column_text css=&#8221;&#8221;]Cette ligne de produits verticale de Gpi4Med Suite comprend: Radiology Imaging: une plateforme web int\u00e9gr\u00e9e pour le<\/p>\n","protected":false},"author":7,"featured_media":5153,"parent":0,"menu_order":0,"comment_status":"closed","ping_status":"closed","template":"","meta":{"footnotes":""},"class_list":["post-157263","page","type-page","status-publish","has-post-thumbnail","hentry","client_type-sante-publique-clinique-et-administrative","section-offerta","business_line-software"],"yoast_head":"<!-- This site is optimized with the Yoast SEO plugin v27.1.1 - https:\/\/yoast.com\/product\/yoast-seo-wordpress\/ -->\n<title>Gpi4Med.IMAGING<\/title>\n<meta name=\"description\" content=\"Gpi4Med.IMAGING est la suite d&#039;imagerie num\u00e9rique pour la gestion de tous les types d&#039;imagerie hospitali\u00e8re, y compris les rapports sur les donn\u00e9es des patients.\" \/>\n<meta name=\"robots\" content=\"index, follow, max-snippet:-1, max-image-preview:large, max-video-preview:-1\" \/>\n<link rel=\"canonical\" href=\"https:\/\/www.gpigroup.com\/en\/gpi4med-imaging\/\" \/>\n<meta property=\"og:locale\" content=\"en_US\" \/>\n<meta property=\"og:type\" content=\"article\" \/>\n<meta property=\"og:title\" content=\"Gpi4Med.IMAGING\" \/>\n<meta property=\"og:description\" content=\"Gpi4Med.IMAGING est la suite d&#039;imagerie num\u00e9rique pour la gestion de tous les types d&#039;imagerie hospitali\u00e8re, y compris les rapports sur les donn\u00e9es des patients.\" \/>\n<meta property=\"og:url\" content=\"https:\/\/www.gpigroup.com\/en\/gpi4med-imaging\/\" \/>\n<meta property=\"og:site_name\" content=\"GPI\" \/>\n<meta property=\"article:publisher\" content=\"https:\/\/www.facebook.com\/GruppoGPI\/\" \/>\n<meta property=\"article:modified_time\" content=\"2024-10-22T09:13:09+00:00\" \/>\n<meta property=\"og:image\" content=\"https:\/\/www.gpigroup.com\/app\/uploads\/2019\/04\/og-link-preview-1.png\" \/>\n\t<meta property=\"og:image:width\" content=\"1366\" \/>\n\t<meta property=\"og:image:height\" content=\"768\" \/>\n\t<meta property=\"og:image:type\" content=\"image\/png\" \/>\n<meta name=\"twitter:card\" content=\"summary_large_image\" \/>\n<meta name=\"twitter:label1\" content=\"Est. reading time\" \/>\n\t<meta name=\"twitter:data1\" content=\"5 minutes\" \/>\n<script type=\"application\/ld+json\" class=\"yoast-schema-graph\">{\"@context\":\"https:\/\/schema.org\",\"@graph\":[{\"@type\":\"WebPage\",\"@id\":\"https:\/\/www.gpigroup.com\/en\/gpi4med-imaging\/\",\"url\":\"https:\/\/www.gpigroup.com\/en\/gpi4med-imaging\/\",\"name\":\"Gpi4Med.IMAGING\",\"isPartOf\":{\"@id\":\"https:\/\/www.gpigroup.com\/en\/#website\"},\"primaryImageOfPage\":{\"@id\":\"https:\/\/www.gpigroup.com\/en\/gpi4med-imaging\/#primaryimage\"},\"image\":{\"@id\":\"https:\/\/www.gpigroup.com\/en\/gpi4med-imaging\/#primaryimage\"},\"thumbnailUrl\":\"https:\/\/www.gpigroup.com\/app\/uploads\/2019\/04\/og-link-preview-1.png\",\"datePublished\":\"2024-09-20T14:59:18+00:00\",\"dateModified\":\"2024-10-22T09:13:09+00:00\",\"description\":\"Gpi4Med.IMAGING est la suite d'imagerie num\u00e9rique pour la gestion de tous les types d'imagerie hospitali\u00e8re, y compris les rapports sur les donn\u00e9es des patients.\",\"breadcrumb\":{\"@id\":\"https:\/\/www.gpigroup.com\/en\/gpi4med-imaging\/#breadcrumb\"},\"inLanguage\":\"en-EN\",\"potentialAction\":[{\"@type\":\"ReadAction\",\"target\":[\"https:\/\/www.gpigroup.com\/en\/gpi4med-imaging\/\"]}]},{\"@type\":\"ImageObject\",\"inLanguage\":\"en-EN\",\"@id\":\"https:\/\/www.gpigroup.com\/en\/gpi4med-imaging\/#primaryimage\",\"url\":\"https:\/\/www.gpigroup.com\/app\/uploads\/2019\/04\/og-link-preview-1.png\",\"contentUrl\":\"https:\/\/www.gpigroup.com\/app\/uploads\/2019\/04\/og-link-preview-1.png\",\"width\":1366,\"height\":768,\"caption\":\"GPI link preview\"},{\"@type\":\"BreadcrumbList\",\"@id\":\"https:\/\/www.gpigroup.com\/en\/gpi4med-imaging\/#breadcrumb\",\"itemListElement\":[{\"@type\":\"ListItem\",\"position\":1,\"name\":\"Home\",\"item\":\"https:\/\/www.gpigroup.com\/en\/\"},{\"@type\":\"ListItem\",\"position\":2,\"name\":\"Gpi4Med.IMAGING\"}]},{\"@type\":\"WebSite\",\"@id\":\"https:\/\/www.gpigroup.com\/en\/#website\",\"url\":\"https:\/\/www.gpigroup.com\/en\/\",\"name\":\"GPI\",\"description\":\"The Healthcare Partner\",\"publisher\":{\"@id\":\"https:\/\/www.gpigroup.com\/en\/#organization\"},\"potentialAction\":[{\"@type\":\"SearchAction\",\"target\":{\"@type\":\"EntryPoint\",\"urlTemplate\":\"https:\/\/www.gpigroup.com\/en\/?s={search_term_string}\"},\"query-input\":{\"@type\":\"PropertyValueSpecification\",\"valueRequired\":true,\"valueName\":\"search_term_string\"}}],\"inLanguage\":\"en-EN\"},{\"@type\":\"Organization\",\"@id\":\"https:\/\/www.gpigroup.com\/en\/#organization\",\"name\":\"GPI S.p.A.\",\"url\":\"https:\/\/www.gpigroup.com\/en\/\",\"logo\":{\"@type\":\"ImageObject\",\"inLanguage\":\"en-EN\",\"@id\":\"https:\/\/www.gpigroup.com\/en\/#\/schema\/logo\/image\/\",\"url\":\"https:\/\/www.gpigroup.com\/app\/uploads\/2023\/03\/logo-GPI-2019-1.jpg\",\"contentUrl\":\"https:\/\/www.gpigroup.com\/app\/uploads\/2023\/03\/logo-GPI-2019-1.jpg\",\"width\":1946,\"height\":1945,\"caption\":\"GPI S.p.A.\"},\"image\":{\"@id\":\"https:\/\/www.gpigroup.com\/en\/#\/schema\/logo\/image\/\"},\"sameAs\":[\"https:\/\/www.facebook.com\/GruppoGPI\/\",\"https:\/\/www.linkedin.com\/company\/gpi-spa\",\"http:\/\/www.youtube.com\/user\/GruppoGPI\"]}]}<\/script>\n<!-- \/ Yoast SEO plugin. -->","yoast_head_json":{"title":"Gpi4Med.IMAGING","description":"Gpi4Med.IMAGING est la suite d'imagerie num\u00e9rique pour la gestion de tous les types d'imagerie hospitali\u00e8re, y compris les rapports sur les donn\u00e9es des patients.","robots":{"index":"index","follow":"follow","max-snippet":"max-snippet:-1","max-image-preview":"max-image-preview:large","max-video-preview":"max-video-preview:-1"},"canonical":"https:\/\/www.gpigroup.com\/en\/gpi4med-imaging\/","og_locale":"en_US","og_type":"article","og_title":"Gpi4Med.IMAGING","og_description":"Gpi4Med.IMAGING est la suite d'imagerie num\u00e9rique pour la gestion de tous les types d'imagerie hospitali\u00e8re, y compris les rapports sur les donn\u00e9es des patients.","og_url":"https:\/\/www.gpigroup.com\/en\/gpi4med-imaging\/","og_site_name":"GPI","article_publisher":"https:\/\/www.facebook.com\/GruppoGPI\/","article_modified_time":"2024-10-22T09:13:09+00:00","og_image":[{"width":1366,"height":768,"url":"https:\/\/www.gpigroup.com\/app\/uploads\/2019\/04\/og-link-preview-1.png","type":"image\/png"}],"twitter_card":"summary_large_image","twitter_misc":{"Est. reading time":"5 minutes"},"schema":{"@context":"https:\/\/schema.org","@graph":[{"@type":"WebPage","@id":"https:\/\/www.gpigroup.com\/en\/gpi4med-imaging\/","url":"https:\/\/www.gpigroup.com\/en\/gpi4med-imaging\/","name":"Gpi4Med.IMAGING","isPartOf":{"@id":"https:\/\/www.gpigroup.com\/en\/#website"},"primaryImageOfPage":{"@id":"https:\/\/www.gpigroup.com\/en\/gpi4med-imaging\/#primaryimage"},"image":{"@id":"https:\/\/www.gpigroup.com\/en\/gpi4med-imaging\/#primaryimage"},"thumbnailUrl":"https:\/\/www.gpigroup.com\/app\/uploads\/2019\/04\/og-link-preview-1.png","datePublished":"2024-09-20T14:59:18+00:00","dateModified":"2024-10-22T09:13:09+00:00","description":"Gpi4Med.IMAGING est la suite d'imagerie num\u00e9rique pour la gestion de tous les types d'imagerie hospitali\u00e8re, y compris les rapports sur les donn\u00e9es des patients.","breadcrumb":{"@id":"https:\/\/www.gpigroup.com\/en\/gpi4med-imaging\/#breadcrumb"},"inLanguage":"en-EN","potentialAction":[{"@type":"ReadAction","target":["https:\/\/www.gpigroup.com\/en\/gpi4med-imaging\/"]}]},{"@type":"ImageObject","inLanguage":"en-EN","@id":"https:\/\/www.gpigroup.com\/en\/gpi4med-imaging\/#primaryimage","url":"https:\/\/www.gpigroup.com\/app\/uploads\/2019\/04\/og-link-preview-1.png","contentUrl":"https:\/\/www.gpigroup.com\/app\/uploads\/2019\/04\/og-link-preview-1.png","width":1366,"height":768,"caption":"GPI link preview"},{"@type":"BreadcrumbList","@id":"https:\/\/www.gpigroup.com\/en\/gpi4med-imaging\/#breadcrumb","itemListElement":[{"@type":"ListItem","position":1,"name":"Home","item":"https:\/\/www.gpigroup.com\/en\/"},{"@type":"ListItem","position":2,"name":"Gpi4Med.IMAGING"}]},{"@type":"WebSite","@id":"https:\/\/www.gpigroup.com\/en\/#website","url":"https:\/\/www.gpigroup.com\/en\/","name":"GPI","description":"The Healthcare Partner","publisher":{"@id":"https:\/\/www.gpigroup.com\/en\/#organization"},"potentialAction":[{"@type":"SearchAction","target":{"@type":"EntryPoint","urlTemplate":"https:\/\/www.gpigroup.com\/en\/?s={search_term_string}"},"query-input":{"@type":"PropertyValueSpecification","valueRequired":true,"valueName":"search_term_string"}}],"inLanguage":"en-EN"},{"@type":"Organization","@id":"https:\/\/www.gpigroup.com\/en\/#organization","name":"GPI S.p.A.","url":"https:\/\/www.gpigroup.com\/en\/","logo":{"@type":"ImageObject","inLanguage":"en-EN","@id":"https:\/\/www.gpigroup.com\/en\/#\/schema\/logo\/image\/","url":"https:\/\/www.gpigroup.com\/app\/uploads\/2023\/03\/logo-GPI-2019-1.jpg","contentUrl":"https:\/\/www.gpigroup.com\/app\/uploads\/2023\/03\/logo-GPI-2019-1.jpg","width":1946,"height":1945,"caption":"GPI S.p.A."},"image":{"@id":"https:\/\/www.gpigroup.com\/en\/#\/schema\/logo\/image\/"},"sameAs":["https:\/\/www.facebook.com\/GruppoGPI\/","https:\/\/www.linkedin.com\/company\/gpi-spa","http:\/\/www.youtube.com\/user\/GruppoGPI"]}]}},"_links":{"self":[{"href":"https:\/\/www.gpigroup.com\/en\/wp-json\/wp\/v2\/pages\/157263","targetHints":{"allow":["GET"]}}],"collection":[{"href":"https:\/\/www.gpigroup.com\/en\/wp-json\/wp\/v2\/pages"}],"about":[{"href":"https:\/\/www.gpigroup.com\/en\/wp-json\/wp\/v2\/types\/page"}],"author":[{"embeddable":true,"href":"https:\/\/www.gpigroup.com\/en\/wp-json\/wp\/v2\/users\/7"}],"replies":[{"embeddable":true,"href":"https:\/\/www.gpigroup.com\/en\/wp-json\/wp\/v2\/comments?post=157263"}],"version-history":[{"count":1,"href":"https:\/\/www.gpigroup.com\/en\/wp-json\/wp\/v2\/pages\/157263\/revisions"}],"predecessor-version":[{"id":157265,"href":"https:\/\/www.gpigroup.com\/en\/wp-json\/wp\/v2\/pages\/157263\/revisions\/157265"}],"wp:featuredmedia":[{"embeddable":true,"href":"https:\/\/www.gpigroup.com\/en\/wp-json\/wp\/v2\/media\/5153"}],"wp:attachment":[{"href":"https:\/\/www.gpigroup.com\/en\/wp-json\/wp\/v2\/media?parent=157263"}],"curies":[{"name":"wp","href":"https:\/\/api.w.org\/{rel}","templated":true}]}}