{"id":97889,"date":"2021-04-23T13:43:16","date_gmt":"2021-04-23T11:43:16","guid":{"rendered":"https:\/\/www.gpi.it\/backup\/loesungen-fuer-die-virtuelle-pflege\/"},"modified":"2023-04-17T10:50:57","modified_gmt":"2023-04-17T08:50:57","slug":"loesungen-fuer-die-virtuelle-pflege","status":"publish","type":"page","link":"https:\/\/www.gpigroup.com\/de\/loesungen-fuer-die-virtuelle-pflege\/","title":{"rendered":"L\u00f6sungen f\u00fcr die virtuelle Pflege"},"content":{"rendered":"<div class=\"wpb-content-wrapper\"><p>[vc_row full_width=&#8221;stretch_row&#8221; css=&#8221;.vc_custom_1553766882955{padding-bottom: 30px !important;}&#8221; el_class=&#8221;text-row my-0&#8243;][vc_column][vc_row_inner][vc_column_inner][vc_column_text]<\/p>\n<div class=\"row asa-title\">\n<div class=\"col-12 col-md-6\">\n<img loading=\"lazy\" decoding=\"async\" width=\"1024\" height=\"576\" src=\"https:\/\/www.gpigroup.com\/app\/uploads\/2019\/05\/asa_care.jpg\" class=\"asa-image asa-image-mobile rounded-circle d-md-none d-inline\" alt=\"Gpi Care\" srcset=\"https:\/\/www.gpigroup.com\/app\/uploads\/2019\/05\/asa_care.jpg 1024w, https:\/\/www.gpigroup.com\/app\/uploads\/2019\/05\/asa_care-300x169.jpg 300w, https:\/\/www.gpigroup.com\/app\/uploads\/2019\/05\/asa_care-768x432.jpg 768w\" sizes=\"auto, (max-width: 1024px) 100vw, 1024px\" \/>\n<div class=\"gpi_signature_title_tech\">\n<h1>L\u00f6sungen f\u00fcr die virtuelle Pflege<\/h1>\n<\/div>\n<\/div>\n<div class=\"col-12 col-md-6\">\n<div class=\"asa-symbol\"><img loading=\"lazy\" decoding=\"async\" class=\"alignnone size-medium wp-image-3122\" role=\"img\" src=\"https:\/\/www.gpigroup.com\/app\/uploads\/\/2019\/03\/care-1.svg\" alt=\"\" width=\"24\" height=\"24\" \/>\u00a0CARE<\/div>\n<\/div>\n<\/div>\n<p>[\/vc_column_text][\/vc_column_inner][\/vc_row_inner][vc_row_inner el_class=&#8221;bl-body&#8221;][vc_column_inner width=&#8221;1\/3&#8243;][vc_column_text]<img loading=\"lazy\" decoding=\"async\" width=\"1024\" height=\"576\" src=\"https:\/\/www.gpigroup.com\/app\/uploads\/2019\/05\/asa_care.jpg\" class=\"asa-image rounded-circle d-md-inline d-none\" alt=\"Gpi Care\" srcset=\"https:\/\/www.gpigroup.com\/app\/uploads\/2019\/05\/asa_care.jpg 1024w, https:\/\/www.gpigroup.com\/app\/uploads\/2019\/05\/asa_care-300x169.jpg 300w, https:\/\/www.gpigroup.com\/app\/uploads\/2019\/05\/asa_care-768x432.jpg 768w\" sizes=\"auto, (max-width: 1024px) 100vw, 1024px\" \/>[\/vc_column_text][\/vc_column_inner][vc_column_inner width=&#8221;2\/3&#8243;][vc_column_text el_class=&#8221;entice&#8221;]<\/p>\n<h3>Pohema, die komponierbare L\u00f6sung f\u00fcr die neuen Anforderungen im Gesundheitswesen<\/h3>\n<p>[\/vc_column_text][vc_column_text]<b>POHEMA<\/b><span style=\"font-weight: 400;\"> ist die neue kombinierbare L\u00f6sung von BPC (Business Package Capabilities) f\u00fcr das digitale Gesundheitswesen, die sich an die Szenarien einer sich st\u00e4ndig ver\u00e4ndernden Zukunft anpasst. Ein harmonisches System von anwendungsbezogenen, technologischen und menschlichen Mikrodiensten, um alle Aspekte der virtuellen Pflege zu verwalten.<\/span><\/p>\n<p><span style=\"font-weight: 400;\">Flexibilit\u00e4t ist eine der St\u00e4rken von Pohema: ein harmonisches System aus Anwendung, Technologie und Diensten, das kombiniert werden kann, um zahllose Arten von Arbeitsabl\u00e4ufen zu unterst\u00fctzen und sich an jeden beliebigen Kontext anzupassen sowie <\/span><span style=\"font-weight: 400;\">proaktive Medizin und die Verbesserung der Patientenerfahrung vorantreiben.<\/span><\/p>\n<p><span style=\"font-weight: 400;\">Mit Pohema ist es m\u00f6glich, integrierte Vorhersage-, Pr\u00e4ventions-, Hilfs- und Behandlungsprozesse nach dem Modell des Population Health Managements zu schaffen.<\/span><\/p>\n<p><span style=\"font-weight: 400;\">Das System kann auf unendlich viele Arten konfiguriert werden: Die Komponenten k\u00f6nnen schrittweise ausgew\u00e4hlt und implementiert werden, je nach den Anforderungen des jeweiligen Gebiets und\/oder der jeweiligen Pathologie.<\/span><\/p>\n<ul>\n<li style=\"font-weight: 400;\" aria-level=\"1\"><span style=\"font-weight: 400;\">Patienten\u00fcberwachung<\/span><\/li>\n<li style=\"font-weight: 400;\" aria-level=\"1\"><span style=\"font-weight: 400;\">Patientenportal<\/span><\/li>\n<li style=\"font-weight: 400;\" aria-level=\"1\"><span style=\"font-weight: 400;\">Televisite<\/span><\/li>\n<li style=\"font-weight: 400;\" aria-level=\"1\"><span style=\"font-weight: 400;\">Interaktion mit dem Patienten<\/span><\/li>\n<li style=\"font-weight: 400;\" aria-level=\"1\"><span style=\"font-weight: 400;\">Tele-Rehabilitation<\/span><\/li>\n<li style=\"font-weight: 400;\" aria-level=\"1\"><span style=\"font-weight: 400;\">Speichern &amp; Weiterleiten<\/span><\/li>\n<li style=\"font-weight: 400;\" aria-level=\"1\"><span style=\"font-weight: 400;\">A.I. Algorithmen<\/span><\/li>\n<li style=\"font-weight: 400;\" aria-level=\"1\"><span style=\"font-weight: 400;\">Zusammenarbeit im Pflegeteam<\/span><\/li>\n<li style=\"font-weight: 400;\" aria-level=\"1\"><span style=\"font-weight: 400;\">Digitale Therapeutik<\/span><\/li>\n<\/ul>\n<p><span style=\"font-weight: 400;\">Wir bieten operative und methodische Beratung, um unseren Kunden zu helfen, ein ma\u00dfgeschneidertes Gesundheitsprojekt zu verwirklichen, das alle relevanten Akteure einbezieht und verbindet.<\/span><\/p>\n<p><span style=\"font-weight: 400;\">Seit M\u00e4rz 2020, w\u00e4hrend der COVID-19-Pandemiekrise, hat Pohema auf die verschiedenen Bed\u00fcrfnisse der Gesundheitsbeh\u00f6rden reagiert, um alle Aspekte der Fernhilfe besser zu verwalten. Sp\u00e4ter unterst\u00fctzte Pohema auch die Planung und Einf\u00fchrung des Impfprogramms.<\/span>[\/vc_column_text][\/vc_column_inner][\/vc_row_inner][\/vc_column][\/vc_row]<\/p>\n[vc_row full_width=\"stretch_row\" el_class=\"vision mb-0 gpi-orange-bg\"][vc_column offset=\"vc_col-lg-3 vc_col-xs-12\"][vc_column_text]\n<h4>Contact our sales team<\/h4>[\/vc_column_text][\/vc_column][vc_column width=\"3\/4\" offset=\"vc_col-lg-offset-0 vc_col-sm-offset-3 vc_col-xs-12\"][vc_raw_html]JTVCY29udGFjdC1mb3JtLTclMjBpZCUzRCUyMjg1NDcxJTIyJTIwdGl0bGUlM0QlMjJCdXNpbmVzcyUyMGxpbmUlMjBmb3JtJTIyJTIwaHRtbF9pZCUzRCUyMmdwaS1jb250YWN0LWZvcm0lMjIlNUQ=[\/vc_raw_html][\/vc_column][\/vc_row]<\/div>","protected":false},"excerpt":{"rendered":"<p>[vc_row full_width=&#8221;stretch_row&#8221; css=&#8221;.vc_custom_1553766882955{padding-bottom: 30px !important;}&#8221; el_class=&#8221;text-row my-0&#8243;][vc_column][vc_row_inner][vc_column_inner][vc_column_text] L\u00f6sungen f\u00fcr die virtuelle Pflege \u00a0CARE [\/vc_column_text][\/vc_column_inner][\/vc_row_inner][vc_row_inner el_class=&#8221;bl-body&#8221;][vc_column_inner width=&#8221;1\/3&#8243;][vc_column_text][\/vc_column_text][\/vc_column_inner][vc_column_inner width=&#8221;2\/3&#8243;][vc_column_text el_class=&#8221;entice&#8221;] Pohema, die komponierbare L\u00f6sung f\u00fcr die neuen Anforderungen im Gesundheitswesen [\/vc_column_text][vc_column_text]POHEMA ist die neue kombinierbare L\u00f6sung von BPC (Business Package Capabilities) f\u00fcr das digitale Gesundheitswesen, die sich an die Szenarien einer sich st\u00e4ndig ver\u00e4ndernden Zukunft anpasst. Ein<\/p>\n","protected":false},"author":23,"featured_media":68628,"parent":0,"menu_order":0,"comment_status":"closed","ping_status":"closed","template":"","meta":{"footnotes":""},"class_list":["post-97889","page","type-page","status-publish","has-post-thumbnail","hentry","client_type-gesundheitswesen","client_type-private-gesundheitsversorgung","page_category-angebot","section-offerta","business_line-care"],"yoast_head":"<!-- This site is optimized with the Yoast SEO plugin v27.1.1 - https:\/\/yoast.com\/product\/yoast-seo-wordpress\/ -->\n<title>Virtual Care-L\u00f6sungen f\u00fcr die Telemedizin von GPI<\/title>\n<meta name=\"description\" content=\"Virtual Care-L\u00f6sungen f\u00fcr die Telemedizin von GPI - Pohema, die komponierbare L\u00f6sung f\u00fcr die neuen Anforderungen im Gesundheitswesen\" \/>\n<meta name=\"robots\" content=\"index, follow, max-snippet:-1, max-image-preview:large, max-video-preview:-1\" \/>\n<link rel=\"canonical\" href=\"https:\/\/www.gpigroup.com\/de\/loesungen-fuer-die-virtuelle-pflege\/\" \/>\n<meta property=\"og:locale\" content=\"de_DE\" \/>\n<meta property=\"og:type\" content=\"article\" \/>\n<meta property=\"og:title\" content=\"Virtual Care-L\u00f6sungen f\u00fcr die Telemedizin von GPI\" \/>\n<meta property=\"og:description\" content=\"Virtual Care-L\u00f6sungen f\u00fcr die Telemedizin von GPI - Pohema, die komponierbare L\u00f6sung f\u00fcr die neuen Anforderungen im Gesundheitswesen\" \/>\n<meta property=\"og:url\" content=\"https:\/\/www.gpigroup.com\/de\/loesungen-fuer-die-virtuelle-pflege\/\" \/>\n<meta property=\"og:site_name\" content=\"GPI\" \/>\n<meta property=\"article:publisher\" content=\"https:\/\/www.facebook.com\/GruppoGPI\/\" \/>\n<meta property=\"article:modified_time\" content=\"2023-04-17T08:50:57+00:00\" \/>\n<meta property=\"og:image\" content=\"https:\/\/www.gpigroup.com\/app\/uploads\/2019\/04\/og-link-preview-1.png\" \/>\n\t<meta property=\"og:image:width\" content=\"1366\" \/>\n\t<meta property=\"og:image:height\" content=\"768\" \/>\n\t<meta property=\"og:image:type\" content=\"image\/png\" \/>\n<meta name=\"twitter:card\" content=\"summary_large_image\" \/>\n<meta name=\"twitter:label1\" content=\"Est. reading time\" \/>\n\t<meta name=\"twitter:data1\" content=\"2 minutes\" \/>\n<script type=\"application\/ld+json\" class=\"yoast-schema-graph\">{\"@context\":\"https:\/\/schema.org\",\"@graph\":[{\"@type\":\"WebPage\",\"@id\":\"https:\/\/www.gpigroup.com\/de\/loesungen-fuer-die-virtuelle-pflege\/\",\"url\":\"https:\/\/www.gpigroup.com\/de\/loesungen-fuer-die-virtuelle-pflege\/\",\"name\":\"Virtual Care-L\u00f6sungen f\u00fcr die Telemedizin von GPI\",\"isPartOf\":{\"@id\":\"https:\/\/www.gpigroup.com\/de\/#website\"},\"primaryImageOfPage\":{\"@id\":\"https:\/\/www.gpigroup.com\/de\/loesungen-fuer-die-virtuelle-pflege\/#primaryimage\"},\"image\":{\"@id\":\"https:\/\/www.gpigroup.com\/de\/loesungen-fuer-die-virtuelle-pflege\/#primaryimage\"},\"thumbnailUrl\":\"https:\/\/www.gpigroup.com\/app\/uploads\/2019\/04\/og-link-preview-1.png\",\"datePublished\":\"2021-04-23T11:43:16+00:00\",\"dateModified\":\"2023-04-17T08:50:57+00:00\",\"description\":\"Virtual Care-L\u00f6sungen f\u00fcr die Telemedizin von GPI - Pohema, die komponierbare L\u00f6sung f\u00fcr die neuen Anforderungen im Gesundheitswesen\",\"breadcrumb\":{\"@id\":\"https:\/\/www.gpigroup.com\/de\/loesungen-fuer-die-virtuelle-pflege\/#breadcrumb\"},\"inLanguage\":\"de-DE\",\"potentialAction\":[{\"@type\":\"ReadAction\",\"target\":[\"https:\/\/www.gpigroup.com\/de\/loesungen-fuer-die-virtuelle-pflege\/\"]}]},{\"@type\":\"ImageObject\",\"inLanguage\":\"de-DE\",\"@id\":\"https:\/\/www.gpigroup.com\/de\/loesungen-fuer-die-virtuelle-pflege\/#primaryimage\",\"url\":\"https:\/\/www.gpigroup.com\/app\/uploads\/2019\/04\/og-link-preview-1.png\",\"contentUrl\":\"https:\/\/www.gpigroup.com\/app\/uploads\/2019\/04\/og-link-preview-1.png\",\"width\":1366,\"height\":768},{\"@type\":\"BreadcrumbList\",\"@id\":\"https:\/\/www.gpigroup.com\/de\/loesungen-fuer-die-virtuelle-pflege\/#breadcrumb\",\"itemListElement\":[{\"@type\":\"ListItem\",\"position\":1,\"name\":\"Home\",\"item\":\"https:\/\/www.gpigroup.com\/de\/\"},{\"@type\":\"ListItem\",\"position\":2,\"name\":\"L\u00f6sungen f\u00fcr die virtuelle Pflege\"}]},{\"@type\":\"WebSite\",\"@id\":\"https:\/\/www.gpigroup.com\/de\/#website\",\"url\":\"https:\/\/www.gpigroup.com\/de\/\",\"name\":\"GPI\",\"description\":\"The Healthcare Partner\",\"publisher\":{\"@id\":\"https:\/\/www.gpigroup.com\/de\/#organization\"},\"potentialAction\":[{\"@type\":\"SearchAction\",\"target\":{\"@type\":\"EntryPoint\",\"urlTemplate\":\"https:\/\/www.gpigroup.com\/de\/?s={search_term_string}\"},\"query-input\":{\"@type\":\"PropertyValueSpecification\",\"valueRequired\":true,\"valueName\":\"search_term_string\"}}],\"inLanguage\":\"de-DE\"},{\"@type\":\"Organization\",\"@id\":\"https:\/\/www.gpigroup.com\/de\/#organization\",\"name\":\"GPI S.p.A.\",\"url\":\"https:\/\/www.gpigroup.com\/de\/\",\"logo\":{\"@type\":\"ImageObject\",\"inLanguage\":\"de-DE\",\"@id\":\"https:\/\/www.gpigroup.com\/de\/#\/schema\/logo\/image\/\",\"url\":\"https:\/\/www.gpigroup.com\/app\/uploads\/2023\/03\/logo-GPI-2019-1.jpg\",\"contentUrl\":\"https:\/\/www.gpigroup.com\/app\/uploads\/2023\/03\/logo-GPI-2019-1.jpg\",\"width\":1946,\"height\":1945,\"caption\":\"GPI S.p.A.\"},\"image\":{\"@id\":\"https:\/\/www.gpigroup.com\/de\/#\/schema\/logo\/image\/\"},\"sameAs\":[\"https:\/\/www.facebook.com\/GruppoGPI\/\",\"https:\/\/www.linkedin.com\/company\/gpi-spa\",\"http:\/\/www.youtube.com\/user\/GruppoGPI\"]}]}<\/script>\n<!-- \/ Yoast SEO plugin. -->","yoast_head_json":{"title":"Virtual Care-L\u00f6sungen f\u00fcr die Telemedizin von GPI","description":"Virtual Care-L\u00f6sungen f\u00fcr die Telemedizin von GPI - Pohema, die komponierbare L\u00f6sung f\u00fcr die neuen Anforderungen im Gesundheitswesen","robots":{"index":"index","follow":"follow","max-snippet":"max-snippet:-1","max-image-preview":"max-image-preview:large","max-video-preview":"max-video-preview:-1"},"canonical":"https:\/\/www.gpigroup.com\/de\/loesungen-fuer-die-virtuelle-pflege\/","og_locale":"de_DE","og_type":"article","og_title":"Virtual Care-L\u00f6sungen f\u00fcr die Telemedizin von GPI","og_description":"Virtual Care-L\u00f6sungen f\u00fcr die Telemedizin von GPI - Pohema, die komponierbare L\u00f6sung f\u00fcr die neuen Anforderungen im Gesundheitswesen","og_url":"https:\/\/www.gpigroup.com\/de\/loesungen-fuer-die-virtuelle-pflege\/","og_site_name":"GPI","article_publisher":"https:\/\/www.facebook.com\/GruppoGPI\/","article_modified_time":"2023-04-17T08:50:57+00:00","og_image":[{"width":1366,"height":768,"url":"https:\/\/www.gpigroup.com\/app\/uploads\/2019\/04\/og-link-preview-1.png","type":"image\/png"}],"twitter_card":"summary_large_image","twitter_misc":{"Est. reading time":"2 minutes"},"schema":{"@context":"https:\/\/schema.org","@graph":[{"@type":"WebPage","@id":"https:\/\/www.gpigroup.com\/de\/loesungen-fuer-die-virtuelle-pflege\/","url":"https:\/\/www.gpigroup.com\/de\/loesungen-fuer-die-virtuelle-pflege\/","name":"Virtual Care-L\u00f6sungen f\u00fcr die Telemedizin von GPI","isPartOf":{"@id":"https:\/\/www.gpigroup.com\/de\/#website"},"primaryImageOfPage":{"@id":"https:\/\/www.gpigroup.com\/de\/loesungen-fuer-die-virtuelle-pflege\/#primaryimage"},"image":{"@id":"https:\/\/www.gpigroup.com\/de\/loesungen-fuer-die-virtuelle-pflege\/#primaryimage"},"thumbnailUrl":"https:\/\/www.gpigroup.com\/app\/uploads\/2019\/04\/og-link-preview-1.png","datePublished":"2021-04-23T11:43:16+00:00","dateModified":"2023-04-17T08:50:57+00:00","description":"Virtual Care-L\u00f6sungen f\u00fcr die Telemedizin von GPI - Pohema, die komponierbare L\u00f6sung f\u00fcr die neuen Anforderungen im Gesundheitswesen","breadcrumb":{"@id":"https:\/\/www.gpigroup.com\/de\/loesungen-fuer-die-virtuelle-pflege\/#breadcrumb"},"inLanguage":"de-DE","potentialAction":[{"@type":"ReadAction","target":["https:\/\/www.gpigroup.com\/de\/loesungen-fuer-die-virtuelle-pflege\/"]}]},{"@type":"ImageObject","inLanguage":"de-DE","@id":"https:\/\/www.gpigroup.com\/de\/loesungen-fuer-die-virtuelle-pflege\/#primaryimage","url":"https:\/\/www.gpigroup.com\/app\/uploads\/2019\/04\/og-link-preview-1.png","contentUrl":"https:\/\/www.gpigroup.com\/app\/uploads\/2019\/04\/og-link-preview-1.png","width":1366,"height":768},{"@type":"BreadcrumbList","@id":"https:\/\/www.gpigroup.com\/de\/loesungen-fuer-die-virtuelle-pflege\/#breadcrumb","itemListElement":[{"@type":"ListItem","position":1,"name":"Home","item":"https:\/\/www.gpigroup.com\/de\/"},{"@type":"ListItem","position":2,"name":"L\u00f6sungen f\u00fcr die virtuelle Pflege"}]},{"@type":"WebSite","@id":"https:\/\/www.gpigroup.com\/de\/#website","url":"https:\/\/www.gpigroup.com\/de\/","name":"GPI","description":"The Healthcare Partner","publisher":{"@id":"https:\/\/www.gpigroup.com\/de\/#organization"},"potentialAction":[{"@type":"SearchAction","target":{"@type":"EntryPoint","urlTemplate":"https:\/\/www.gpigroup.com\/de\/?s={search_term_string}"},"query-input":{"@type":"PropertyValueSpecification","valueRequired":true,"valueName":"search_term_string"}}],"inLanguage":"de-DE"},{"@type":"Organization","@id":"https:\/\/www.gpigroup.com\/de\/#organization","name":"GPI S.p.A.","url":"https:\/\/www.gpigroup.com\/de\/","logo":{"@type":"ImageObject","inLanguage":"de-DE","@id":"https:\/\/www.gpigroup.com\/de\/#\/schema\/logo\/image\/","url":"https:\/\/www.gpigroup.com\/app\/uploads\/2023\/03\/logo-GPI-2019-1.jpg","contentUrl":"https:\/\/www.gpigroup.com\/app\/uploads\/2023\/03\/logo-GPI-2019-1.jpg","width":1946,"height":1945,"caption":"GPI S.p.A."},"image":{"@id":"https:\/\/www.gpigroup.com\/de\/#\/schema\/logo\/image\/"},"sameAs":["https:\/\/www.facebook.com\/GruppoGPI\/","https:\/\/www.linkedin.com\/company\/gpi-spa","http:\/\/www.youtube.com\/user\/GruppoGPI"]}]}},"_links":{"self":[{"href":"https:\/\/www.gpigroup.com\/de\/wp-json\/wp\/v2\/pages\/97889","targetHints":{"allow":["GET"]}}],"collection":[{"href":"https:\/\/www.gpigroup.com\/de\/wp-json\/wp\/v2\/pages"}],"about":[{"href":"https:\/\/www.gpigroup.com\/de\/wp-json\/wp\/v2\/types\/page"}],"author":[{"embeddable":true,"href":"https:\/\/www.gpigroup.com\/de\/wp-json\/wp\/v2\/users\/23"}],"replies":[{"embeddable":true,"href":"https:\/\/www.gpigroup.com\/de\/wp-json\/wp\/v2\/comments?post=97889"}],"version-history":[{"count":4,"href":"https:\/\/www.gpigroup.com\/de\/wp-json\/wp\/v2\/pages\/97889\/revisions"}],"predecessor-version":[{"id":101260,"href":"https:\/\/www.gpigroup.com\/de\/wp-json\/wp\/v2\/pages\/97889\/revisions\/101260"}],"wp:featuredmedia":[{"embeddable":true,"href":"https:\/\/www.gpigroup.com\/de\/wp-json\/wp\/v2\/media\/68628"}],"wp:attachment":[{"href":"https:\/\/www.gpigroup.com\/de\/wp-json\/wp\/v2\/media?parent=97889"}],"curies":[{"name":"wp","href":"https:\/\/api.w.org\/{rel}","templated":true}]}}