{"id":97875,"date":"2019-03-28T16:08:04","date_gmt":"2019-03-28T15:08:04","guid":{"rendered":"https:\/\/www.gpi.it\/backup\/blut-und-gewebebank\/"},"modified":"2026-03-18T10:19:56","modified_gmt":"2026-03-18T09:19:56","slug":"blut-und-gewebebank","status":"publish","type":"page","link":"https:\/\/www.gpigroup.com\/de\/blut-und-gewebebank\/","title":{"rendered":"Blut- und Gewebebank"},"content":{"rendered":"<div class=\"wpb-content-wrapper\"><p>[vc_row full_width=&#8221;stretch_row&#8221; css=&#8221;.vc_custom_1553766882955{padding-bottom: 30px !important;}&#8221; el_class=&#8221;text-row my-0&#8243;][vc_column][vc_row_inner][vc_column_inner][vc_column_text]<\/p>\n<div class=\"row asa-title\">\n<div class=\"col-12 col-md-6\">\n<img loading=\"lazy\" decoding=\"async\" width=\"1024\" height=\"576\" src=\"https:\/\/www.gpigroup.com\/app\/uploads\/2019\/05\/asa_software.jpg\" class=\"asa-image asa-image-mobile rounded-circle d-md-none d-inline\" alt=\"GPI Software\" srcset=\"https:\/\/www.gpigroup.com\/app\/uploads\/2019\/05\/asa_software.jpg 1024w, https:\/\/www.gpigroup.com\/app\/uploads\/2019\/05\/asa_software-300x169.jpg 300w, https:\/\/www.gpigroup.com\/app\/uploads\/2019\/05\/asa_software-768x432.jpg 768w\" sizes=\"auto, (max-width: 1024px) 100vw, 1024px\" \/>\n<div class=\"gpi_signature_title_tech\">\n<h1>Blut- und Gewebebank<\/h1>\n<\/div>\n<\/div>\n<div class=\"col-12 col-md-6\">\n<div class=\"asa-symbol\"><img loading=\"lazy\" decoding=\"async\" class=\"alignnone size-medium wp-image-3055\" role=\"img\" src=\"https:\/\/www.gpi.it\/app\/uploads\/\/2019\/03\/Software-1.svg\" alt=\"\" width=\"24\" height=\"24\" \/> TRANSFUSIONSSYSTEME UND LABOR<\/div>\n<\/div>\n<\/div>\n<p>[\/vc_column_text][\/vc_column_inner][\/vc_row_inner][vc_row_inner el_class=&#8221;bl-body&#8221;][vc_column_inner width=&#8221;1\/3&#8243;][vc_column_text]<img loading=\"lazy\" decoding=\"async\" width=\"1024\" height=\"576\" src=\"https:\/\/www.gpigroup.com\/app\/uploads\/2019\/05\/asa_software.jpg\" class=\"asa-image rounded-circle d-md-inline d-none\" alt=\"GPI Software\" srcset=\"https:\/\/www.gpigroup.com\/app\/uploads\/2019\/05\/asa_software.jpg 1024w, https:\/\/www.gpigroup.com\/app\/uploads\/2019\/05\/asa_software-300x169.jpg 300w, https:\/\/www.gpigroup.com\/app\/uploads\/2019\/05\/asa_software-768x432.jpg 768w\" sizes=\"auto, (max-width: 1024px) 100vw, 1024px\" \/>[\/vc_column_text][\/vc_column_inner][vc_column_inner width=&#8221;2\/3&#8243;][vc_column_text el_class=&#8221;entice&#8221;]<\/p>\n<h2>Vollst\u00e4ndige und sichere Verwaltung des \u00d6kosystems von Blut, Gewebe und Muttermilch.<\/h2>\n<p>[\/vc_column_text][vc_column_text]<span style=\"font-weight: 400;\">Flexibles, einfaches und sicheres Management und R\u00fcckverfolgbarkeit aller Transfusions-, Muttermilch- und Gewebeprozesse durch die Kombination von internationaler Erfahrung und profunder Kenntnis des Marktes. Die Blut- und Gewebebank wurde entwickelt, um der Transfusionsversorgungskette intelligente und proaktive L\u00f6sungen zu bieten, dank der Anwendung innovativer und benutzerfreundlicher Methoden und Technologien, die den nationalen und internationalen Branchenstandards entsprechen.<\/span>[\/vc_column_text][vc_column_text]<br \/>\n<span style=\"font-weight: 400;\">Die Module:<\/span><\/p>\n<ul>\n<li aria-level=\"1\"><b>Spende<\/b><\/li>\n<\/ul>\n<p><span style=\"font-weight: 400;\">Verwaltet den gesamten Weg der Spende, von der Spenderrekrutierung bis zum endg\u00fcltigen Versand des Blutes, einschlie\u00dflich Tests, Komponentenverarbeitung, Qualit\u00e4tssicherung und \u00dcberwachung der Lagerbest\u00e4nde.<\/span><\/p>\n<ul>\n<li aria-level=\"1\"><b>Transfusionen<\/b><\/li>\n<\/ul>\n<p><span style=\"font-weight: 400;\">Unterst\u00fctzt Blutbestellungen \u00fcber ein Webportal f\u00fcr Krankenh\u00e4user, die Verarbeitung von Patientenblutproben, die Kompatibilit\u00e4t und die Lieferung mit h\u00f6chster Sicherheit.<\/span><\/p>\n<ul>\n<li aria-level=\"1\"><b>Zellul\u00e4re Therapie und Nabelschnurblutbank\u00a0<\/b><\/li>\n<\/ul>\n<p><span style=\"font-weight: 400;\">Unterst\u00fctzt die Sammlung, Verarbeitung, Lagerung, Verteilung und Verwaltung von Produkten f\u00fcr die hochwertige Zelltherapie.<\/span><\/p>\n<ul>\n<li aria-level=\"1\"><b>Gewebebank<\/b><\/li>\n<\/ul>\n<p><span style=\"font-weight: 400;\">Bietet das gesamte Management von Geweben an, von der Spende und der Gewebeprobe bis zur endg\u00fcltigen Bestimmung und zum Implantat.<\/span><\/p>\n<ul>\n<li aria-level=\"1\"><b>Muttermilchbank<\/b><\/li>\n<\/ul>\n<p><span style=\"font-weight: 400;\">Bietet die beste Verwaltung, Sicherheit, Effizienz und R\u00fcckverfolgbarkeit von Milch und Milchprodukten in der Blutbank und den Neugeborenenstationen, in denen die Dosen abgegeben werden<\/span><\/p>\n<ul>\n<li aria-level=\"1\"><b>LIS<\/b><\/li>\n<\/ul>\n<p><span style=\"font-weight: 400;\">Bietet einen intuitiven und effizienten Arbeitsablauf f\u00fcr die Automatisierung von Laborprozessen auf allen Ebenen.<\/span><br \/>\n[\/vc_column_text][vc_column_text css=&#8221;&#8221;]<\/p>\n<p style=\"text-align: right;\"><a class=\"btn call-to-action\" href=\"https:\/\/blood.gpi4med.com\/\" target=\"_blank\" rel=\"noopener\">Besuchen Sie die GPI4BLOOD Website<\/a><\/p>\n<p>[\/vc_column_text][\/vc_column_inner][\/vc_row_inner][\/vc_column][\/vc_row][vc_row full_width=&#8221;stretch_row&#8221; css=&#8221;.vc_custom_1558428414827{padding-bottom: 30px !important;}&#8221; el_class=&#8221;text-row my-0 bl-body features&#8221;][vc_column][vc_row_inner][vc_column_inner width=&#8221;1\/3&#8243;][\/vc_column_inner][vc_column_inner width=&#8221;2\/3&#8243;][vc_column_text]<\/p>\n<h2>Warum Sie sich f\u00fcr unsere Blut- und Gewebel\u00f6sungen entscheiden sollten:<\/h2>\n<ul>\n<li><span style=\"font-weight: 400;\">Sie sind KOMMUNIKATIV: einfache und intuitive Benutzererfahrung, die dank der Standard-Kommunikationsprotokolle &#8211; HL7 und XML &#8211; leicht zu integrieren sind<\/span><\/li>\n<li><span style=\"font-weight: 400;\">Sie sind ANPASSUNGSF\u00c4HIG: Sie enthalten Module f\u00fcr eine einfache Konfiguration.<\/span><\/li>\n<li><span style=\"font-weight: 400;\">Sie sind SICHER: Sicherheit und Zugang k\u00f6nnen je nach Benutzerrolle konfiguriert werden. Der Zugang zu allen Optionen wird durch verschl\u00fcsselte pers\u00f6nliche Passw\u00f6rter in \u00dcbereinstimmung mit den europ\u00e4ischen GDPR-Datenschutzrichtlinien kontrolliert.<\/span><\/li>\n<li><span style=\"font-weight: 400;\">Sie sind NACHHALTIG: Diese vollst\u00e4ndig webbasierten L\u00f6sungen k\u00f6nnen vor Ort oder in einer Cloud installiert werden, sie erm\u00f6glichen eine schrittweise Einf\u00fchrung, eine geringere Benutzerschulung, niedrige Wartungskosten und den Schutz bestehender Informationsbest\u00e4nde.<\/span><\/li>\n<\/ul>\n<p>[\/vc_column_text][\/vc_column_inner][\/vc_row_inner][\/vc_column][\/vc_row]<\/p>\n[vc_row full_width=\"stretch_row\" el_class=\"vision mb-0 gpi-orange-bg\"][vc_column offset=\"vc_col-lg-3 vc_col-xs-12\"][vc_column_text]\n<h4>Contact our sales team<\/h4>[\/vc_column_text][\/vc_column][vc_column width=\"3\/4\" offset=\"vc_col-lg-offset-0 vc_col-sm-offset-3 vc_col-xs-12\"][vc_raw_html]JTVCY29udGFjdC1mb3JtLTclMjBpZCUzRCUyMjg1NDcxJTIyJTIwdGl0bGUlM0QlMjJCdXNpbmVzcyUyMGxpbmUlMjBmb3JtJTIyJTIwaHRtbF9pZCUzRCUyMmdwaS1jb250YWN0LWZvcm0lMjIlNUQ=[\/vc_raw_html][\/vc_column][\/vc_row]<\/div>","protected":false},"excerpt":{"rendered":"<p>[vc_row full_width=&#8221;stretch_row&#8221; css=&#8221;.vc_custom_1553766882955{padding-bottom: 30px !important;}&#8221; el_class=&#8221;text-row my-0&#8243;][vc_column][vc_row_inner][vc_column_inner][vc_column_text] Blut- und Gewebebank TRANSFUSIONSSYSTEME UND LABOR [\/vc_column_text][\/vc_column_inner][\/vc_row_inner][vc_row_inner el_class=&#8221;bl-body&#8221;][vc_column_inner width=&#8221;1\/3&#8243;][vc_column_text][\/vc_column_text][\/vc_column_inner][vc_column_inner width=&#8221;2\/3&#8243;][vc_column_text el_class=&#8221;entice&#8221;] Vollst\u00e4ndige und sichere Verwaltung des \u00d6kosystems von Blut, Gewebe und Muttermilch. [\/vc_column_text][vc_column_text]Flexibles, einfaches und sicheres Management und R\u00fcckverfolgbarkeit aller Transfusions-, Muttermilch- und Gewebeprozesse durch die Kombination von internationaler Erfahrung und profunder Kenntnis des Marktes. Die Blut- und<\/p>\n","protected":false},"author":1,"featured_media":68628,"parent":0,"menu_order":0,"comment_status":"closed","ping_status":"closed","template":"","meta":{"footnotes":""},"class_list":["post-97875","page","type-page","status-publish","has-post-thumbnail","hentry","section-offerta","business_line-software"],"yoast_head":"<!-- This site is optimized with the Yoast SEO plugin v27.1.1 - https:\/\/yoast.com\/product\/yoast-seo-wordpress\/ -->\n<title>Blut- und Gewebebank<\/title>\n<meta name=\"description\" content=\"Vollst\u00e4ndige und sichere Verwaltung des \u00d6kosystems von Blut, Gewebe und Muttermilch.\" \/>\n<meta name=\"robots\" content=\"index, follow, max-snippet:-1, max-image-preview:large, max-video-preview:-1\" \/>\n<link rel=\"canonical\" href=\"https:\/\/www.gpigroup.com\/de\/blut-und-gewebebank\/\" \/>\n<meta property=\"og:locale\" content=\"de_DE\" \/>\n<meta property=\"og:type\" content=\"article\" \/>\n<meta property=\"og:title\" content=\"Blut- und Gewebebank\" \/>\n<meta property=\"og:description\" content=\"Vollst\u00e4ndige und sichere Verwaltung des \u00d6kosystems von Blut, Gewebe und Muttermilch.\" \/>\n<meta property=\"og:url\" content=\"https:\/\/www.gpigroup.com\/de\/blut-und-gewebebank\/\" \/>\n<meta property=\"og:site_name\" content=\"GPI\" \/>\n<meta property=\"article:publisher\" content=\"https:\/\/www.facebook.com\/GruppoGPI\/\" \/>\n<meta property=\"article:modified_time\" content=\"2026-03-18T09:19:56+00:00\" \/>\n<meta property=\"og:image\" content=\"https:\/\/www.gpigroup.com\/app\/uploads\/2019\/04\/og-link-preview-1.png\" \/>\n\t<meta property=\"og:image:width\" content=\"1366\" \/>\n\t<meta property=\"og:image:height\" content=\"768\" \/>\n\t<meta property=\"og:image:type\" content=\"image\/png\" \/>\n<meta name=\"twitter:card\" content=\"summary_large_image\" \/>\n<meta name=\"twitter:label1\" content=\"Est. reading time\" \/>\n\t<meta name=\"twitter:data1\" content=\"3 minutes\" \/>\n<script type=\"application\/ld+json\" class=\"yoast-schema-graph\">{\"@context\":\"https:\/\/schema.org\",\"@graph\":[{\"@type\":\"WebPage\",\"@id\":\"https:\/\/www.gpigroup.com\/de\/blut-und-gewebebank\/\",\"url\":\"https:\/\/www.gpigroup.com\/de\/blut-und-gewebebank\/\",\"name\":\"Blut- und Gewebebank\",\"isPartOf\":{\"@id\":\"https:\/\/www.gpigroup.com\/de\/#website\"},\"primaryImageOfPage\":{\"@id\":\"https:\/\/www.gpigroup.com\/de\/blut-und-gewebebank\/#primaryimage\"},\"image\":{\"@id\":\"https:\/\/www.gpigroup.com\/de\/blut-und-gewebebank\/#primaryimage\"},\"thumbnailUrl\":\"https:\/\/www.gpigroup.com\/app\/uploads\/2019\/04\/og-link-preview-1.png\",\"datePublished\":\"2019-03-28T15:08:04+00:00\",\"dateModified\":\"2026-03-18T09:19:56+00:00\",\"description\":\"Vollst\u00e4ndige und sichere Verwaltung des \u00d6kosystems von Blut, Gewebe und Muttermilch.\",\"breadcrumb\":{\"@id\":\"https:\/\/www.gpigroup.com\/de\/blut-und-gewebebank\/#breadcrumb\"},\"inLanguage\":\"de-DE\",\"potentialAction\":[{\"@type\":\"ReadAction\",\"target\":[\"https:\/\/www.gpigroup.com\/de\/blut-und-gewebebank\/\"]}]},{\"@type\":\"ImageObject\",\"inLanguage\":\"de-DE\",\"@id\":\"https:\/\/www.gpigroup.com\/de\/blut-und-gewebebank\/#primaryimage\",\"url\":\"https:\/\/www.gpigroup.com\/app\/uploads\/2019\/04\/og-link-preview-1.png\",\"contentUrl\":\"https:\/\/www.gpigroup.com\/app\/uploads\/2019\/04\/og-link-preview-1.png\",\"width\":1366,\"height\":768},{\"@type\":\"BreadcrumbList\",\"@id\":\"https:\/\/www.gpigroup.com\/de\/blut-und-gewebebank\/#breadcrumb\",\"itemListElement\":[{\"@type\":\"ListItem\",\"position\":1,\"name\":\"Home\",\"item\":\"https:\/\/www.gpigroup.com\/de\/\"},{\"@type\":\"ListItem\",\"position\":2,\"name\":\"Blut- und Gewebebank\"}]},{\"@type\":\"WebSite\",\"@id\":\"https:\/\/www.gpigroup.com\/de\/#website\",\"url\":\"https:\/\/www.gpigroup.com\/de\/\",\"name\":\"GPI\",\"description\":\"The Healthcare Partner\",\"publisher\":{\"@id\":\"https:\/\/www.gpigroup.com\/de\/#organization\"},\"potentialAction\":[{\"@type\":\"SearchAction\",\"target\":{\"@type\":\"EntryPoint\",\"urlTemplate\":\"https:\/\/www.gpigroup.com\/de\/?s={search_term_string}\"},\"query-input\":{\"@type\":\"PropertyValueSpecification\",\"valueRequired\":true,\"valueName\":\"search_term_string\"}}],\"inLanguage\":\"de-DE\"},{\"@type\":\"Organization\",\"@id\":\"https:\/\/www.gpigroup.com\/de\/#organization\",\"name\":\"GPI S.p.A.\",\"url\":\"https:\/\/www.gpigroup.com\/de\/\",\"logo\":{\"@type\":\"ImageObject\",\"inLanguage\":\"de-DE\",\"@id\":\"https:\/\/www.gpigroup.com\/de\/#\/schema\/logo\/image\/\",\"url\":\"https:\/\/www.gpigroup.com\/app\/uploads\/2023\/03\/logo-GPI-2019-1.jpg\",\"contentUrl\":\"https:\/\/www.gpigroup.com\/app\/uploads\/2023\/03\/logo-GPI-2019-1.jpg\",\"width\":1946,\"height\":1945,\"caption\":\"GPI S.p.A.\"},\"image\":{\"@id\":\"https:\/\/www.gpigroup.com\/de\/#\/schema\/logo\/image\/\"},\"sameAs\":[\"https:\/\/www.facebook.com\/GruppoGPI\/\",\"https:\/\/www.linkedin.com\/company\/gpi-spa\",\"http:\/\/www.youtube.com\/user\/GruppoGPI\"]}]}<\/script>\n<!-- \/ Yoast SEO plugin. -->","yoast_head_json":{"title":"Blut- und Gewebebank","description":"Vollst\u00e4ndige und sichere Verwaltung des \u00d6kosystems von Blut, Gewebe und Muttermilch.","robots":{"index":"index","follow":"follow","max-snippet":"max-snippet:-1","max-image-preview":"max-image-preview:large","max-video-preview":"max-video-preview:-1"},"canonical":"https:\/\/www.gpigroup.com\/de\/blut-und-gewebebank\/","og_locale":"de_DE","og_type":"article","og_title":"Blut- und Gewebebank","og_description":"Vollst\u00e4ndige und sichere Verwaltung des \u00d6kosystems von Blut, Gewebe und Muttermilch.","og_url":"https:\/\/www.gpigroup.com\/de\/blut-und-gewebebank\/","og_site_name":"GPI","article_publisher":"https:\/\/www.facebook.com\/GruppoGPI\/","article_modified_time":"2026-03-18T09:19:56+00:00","og_image":[{"width":1366,"height":768,"url":"https:\/\/www.gpigroup.com\/app\/uploads\/2019\/04\/og-link-preview-1.png","type":"image\/png"}],"twitter_card":"summary_large_image","twitter_misc":{"Est. reading time":"3 minutes"},"schema":{"@context":"https:\/\/schema.org","@graph":[{"@type":"WebPage","@id":"https:\/\/www.gpigroup.com\/de\/blut-und-gewebebank\/","url":"https:\/\/www.gpigroup.com\/de\/blut-und-gewebebank\/","name":"Blut- und Gewebebank","isPartOf":{"@id":"https:\/\/www.gpigroup.com\/de\/#website"},"primaryImageOfPage":{"@id":"https:\/\/www.gpigroup.com\/de\/blut-und-gewebebank\/#primaryimage"},"image":{"@id":"https:\/\/www.gpigroup.com\/de\/blut-und-gewebebank\/#primaryimage"},"thumbnailUrl":"https:\/\/www.gpigroup.com\/app\/uploads\/2019\/04\/og-link-preview-1.png","datePublished":"2019-03-28T15:08:04+00:00","dateModified":"2026-03-18T09:19:56+00:00","description":"Vollst\u00e4ndige und sichere Verwaltung des \u00d6kosystems von Blut, Gewebe und Muttermilch.","breadcrumb":{"@id":"https:\/\/www.gpigroup.com\/de\/blut-und-gewebebank\/#breadcrumb"},"inLanguage":"de-DE","potentialAction":[{"@type":"ReadAction","target":["https:\/\/www.gpigroup.com\/de\/blut-und-gewebebank\/"]}]},{"@type":"ImageObject","inLanguage":"de-DE","@id":"https:\/\/www.gpigroup.com\/de\/blut-und-gewebebank\/#primaryimage","url":"https:\/\/www.gpigroup.com\/app\/uploads\/2019\/04\/og-link-preview-1.png","contentUrl":"https:\/\/www.gpigroup.com\/app\/uploads\/2019\/04\/og-link-preview-1.png","width":1366,"height":768},{"@type":"BreadcrumbList","@id":"https:\/\/www.gpigroup.com\/de\/blut-und-gewebebank\/#breadcrumb","itemListElement":[{"@type":"ListItem","position":1,"name":"Home","item":"https:\/\/www.gpigroup.com\/de\/"},{"@type":"ListItem","position":2,"name":"Blut- und Gewebebank"}]},{"@type":"WebSite","@id":"https:\/\/www.gpigroup.com\/de\/#website","url":"https:\/\/www.gpigroup.com\/de\/","name":"GPI","description":"The Healthcare Partner","publisher":{"@id":"https:\/\/www.gpigroup.com\/de\/#organization"},"potentialAction":[{"@type":"SearchAction","target":{"@type":"EntryPoint","urlTemplate":"https:\/\/www.gpigroup.com\/de\/?s={search_term_string}"},"query-input":{"@type":"PropertyValueSpecification","valueRequired":true,"valueName":"search_term_string"}}],"inLanguage":"de-DE"},{"@type":"Organization","@id":"https:\/\/www.gpigroup.com\/de\/#organization","name":"GPI S.p.A.","url":"https:\/\/www.gpigroup.com\/de\/","logo":{"@type":"ImageObject","inLanguage":"de-DE","@id":"https:\/\/www.gpigroup.com\/de\/#\/schema\/logo\/image\/","url":"https:\/\/www.gpigroup.com\/app\/uploads\/2023\/03\/logo-GPI-2019-1.jpg","contentUrl":"https:\/\/www.gpigroup.com\/app\/uploads\/2023\/03\/logo-GPI-2019-1.jpg","width":1946,"height":1945,"caption":"GPI S.p.A."},"image":{"@id":"https:\/\/www.gpigroup.com\/de\/#\/schema\/logo\/image\/"},"sameAs":["https:\/\/www.facebook.com\/GruppoGPI\/","https:\/\/www.linkedin.com\/company\/gpi-spa","http:\/\/www.youtube.com\/user\/GruppoGPI"]}]}},"_links":{"self":[{"href":"https:\/\/www.gpigroup.com\/de\/wp-json\/wp\/v2\/pages\/97875","targetHints":{"allow":["GET"]}}],"collection":[{"href":"https:\/\/www.gpigroup.com\/de\/wp-json\/wp\/v2\/pages"}],"about":[{"href":"https:\/\/www.gpigroup.com\/de\/wp-json\/wp\/v2\/types\/page"}],"author":[{"embeddable":true,"href":"https:\/\/www.gpigroup.com\/de\/wp-json\/wp\/v2\/users\/1"}],"replies":[{"embeddable":true,"href":"https:\/\/www.gpigroup.com\/de\/wp-json\/wp\/v2\/comments?post=97875"}],"version-history":[{"count":3,"href":"https:\/\/www.gpigroup.com\/de\/wp-json\/wp\/v2\/pages\/97875\/revisions"}],"predecessor-version":[{"id":189902,"href":"https:\/\/www.gpigroup.com\/de\/wp-json\/wp\/v2\/pages\/97875\/revisions\/189902"}],"wp:featuredmedia":[{"embeddable":true,"href":"https:\/\/www.gpigroup.com\/de\/wp-json\/wp\/v2\/media\/68628"}],"wp:attachment":[{"href":"https:\/\/www.gpigroup.com\/de\/wp-json\/wp\/v2\/media?parent=97875"}],"curies":[{"name":"wp","href":"https:\/\/api.w.org\/{rel}","templated":true}]}}