{"id":85174,"date":"2019-03-06T09:06:51","date_gmt":"2019-03-06T08:06:51","guid":{"rendered":"https:\/\/tstwebgpi01.gpi.it\/azienda\/"},"modified":"2023-04-15T12:18:56","modified_gmt":"2023-04-15T10:18:56","slug":"das-unternehmen","status":"publish","type":"page","link":"https:\/\/www.gpigroup.com\/de\/das-unternehmen\/","title":{"rendered":"Das Unternehmen"},"content":{"rendered":"<div class=\"wpb-content-wrapper\"><p>[vc_row full_width=&#8221;stretch_row&#8221; equal_height=&#8221;yes&#8221; el_class=&#8221;hero-text-block&#8221; css=&#8221;.vc_custom_1681553931298{padding-top: 140px !important;padding-bottom: 140px !important;background-image: url(https:\/\/www.gpigroup.com\/app\/uploads\/2023\/02\/istock-474947522-DT-1.jpg?id=97128) !important;background-position: center !important;background-repeat: no-repeat !important;background-size: cover !important;}&#8221;][vc_column][vc_column_text]<\/p>\n<h1>GPI &#8211; Innovation for<br \/>\nsustainable healthcare<\/h1>\n<p>[\/vc_column_text][\/vc_column][\/vc_row][vc_row full_width=&#8221;stretch_row&#8221; equal_height=&#8221;yes&#8221; css=&#8221;.vc_custom_1677070497736{background-color: #82027e !important;}&#8221; el_class=&#8221;vision py-0&#8243;][vc_column width=&#8221;1\/4&#8243;][vc_column_text]<\/p>\n<h2>360 M\u20ac<\/h2>\n<p>UMSATZ 2022[\/vc_column_text][\/vc_column][vc_column width=&#8221;1\/4&#8243;][vc_column_text]<\/p>\n<h2>+7100<\/h2>\n<p>MITARBEITER 2022[\/vc_column_text][\/vc_column][vc_column width=&#8221;1\/4&#8243;][vc_column_text]<\/p>\n<h2>+3000<\/h2>\n<p>KUNDEN[\/vc_column_text][\/vc_column][vc_column width=&#8221;1\/4&#8243;][vc_column_text]<\/p>\n<h2>+70<\/h2>\n<p>L\u00c4NDER[\/vc_column_text][\/vc_column][\/vc_row][vc_row][vc_column][vc_column_text el_class=&#8221;gpi_signature_title_human&#8221;]<\/p>\n<h2>Wer sind wir<\/h2>\n<p>[\/vc_column_text][vc_row_inner][vc_column_inner width=&#8221;2\/3&#8243; offset=&#8221;vc_col-sm-offset-4&#8243;][vc_column_text]Wir sind eine multinationale Gruppe, die innovative Softwarel\u00f6sungen, Dienstleistungen und Technologien entwickelt, um die digitale Transformation des Gesundheitswesens zu f\u00f6rdern.<\/p>\n<p>Wir entwickeln uns st\u00e4ndig weiter, sind seit 2016 b\u00f6rsennotiert und haben mehr als 3000 Kunden in 70 L\u00e4ndern.<\/p>\n<p>Unsere Vision ist es, Protagonisten bei der technologischen und nachhaltigen Umgestaltung von Pr\u00e4ventions-, Hilfs- und Behandlungsprozessen f\u00fcr die Gesundheit und das Wohlbefinden der Menschen zu werden.<\/p>\n<p>Unsere Aufgabe ist es, Wissen und F\u00e4higkeiten f\u00fcr die kontinuierliche Verbesserung von Sozial- und Gesundheitsprozessen durch Software, Dienstleistungen und Technologien f\u00fcr Fachkr\u00e4fte im Gesundheitswesen und Patienten anzubieten.[\/vc_column_text][\/vc_column_inner][\/vc_row_inner][\/vc_column][\/vc_row][vc_row][vc_column][vc_column_text el_class=&#8221;gpi_signature_title_tech&#8221;]<\/p>\n<h2>Unsere Werte<\/h2>\n<p>[\/vc_column_text][\/vc_column][\/vc_row][vc_row full_width=&#8221;stretch_row&#8221; gap=&#8221;10&#8243; equal_height=&#8221;yes&#8221; content_placement=&#8221;top&#8221; css=&#8221;.vc_custom_1677229535182{background-color: #82027e !important;}&#8221; el_class=&#8221;vision&#8221;][vc_column width=&#8221;1\/4&#8243;][vc_single_image image=&#8221;98545&#8243; alignment=&#8221;center&#8221; style=&#8221;vc_box_border_circle_2&#8243; border_color=&#8221;white&#8221; el_class=&#8221;gpi-image-circle&#8221;][vc_column_text el_class=&#8221;misure&#8221; css=&#8221;.vc_custom_1678878451456{margin-top: 0px !important;border-top-width: 0px !important;padding-top: 0px !important;}&#8221;]<\/p>\n<h4 style=\"text-align: center;\">ETHIK<\/h4>\n<hr style=\"border-top: 4px solid white; width: 50px;\" \/>\n<p style=\"text-align: center;\">Unser Ruf<br \/>\nist die Grundlage<br \/>\nunserer Entwicklung.<br \/>\nIn dem Kontext, in dem<br \/>\nwir t\u00e4tig sind, ist Ethik<br \/>\nein unverzichtbarer Wert.<\/p>\n<p>[\/vc_column_text][\/vc_column][vc_column width=&#8221;1\/4&#8243;][vc_single_image image=&#8221;98557&#8243; alignment=&#8221;center&#8221; style=&#8221;vc_box_border_circle&#8221; border_color=&#8221;white&#8221; el_class=&#8221;gpi-image-circle&#8221;][vc_column_text el_class=&#8221;misure&#8221;]<\/p>\n<h4 style=\"text-align: center;\">VERANTWORTUNG<\/h4>\n<hr style=\"border-top: 4px solid white; width: 50px;\" \/>\n<p style=\"text-align: center;\">Wir sind uns der Verantwortung<br \/>\nunserer Arbeit und ihrer Auswirkungen,<br \/>\ndie sie auf das Wohlbefinden<br \/>\nder Menschen hat, bewusst.<\/p>\n<p>[\/vc_column_text][\/vc_column][vc_column width=&#8221;1\/4&#8243;][vc_single_image image=&#8221;98568&#8243; alignment=&#8221;center&#8221; style=&#8221;vc_box_border_circle&#8221; border_color=&#8221;white&#8221; el_class=&#8221;gpi-image-circle&#8221;][vc_column_text el_class=&#8221;misure&#8221;]<\/p>\n<h4 style=\"text-align: center;\">MENSCHEN<\/h4>\n<hr style=\"border-top: 4px solid white; width: 50px;\" \/>\n<p class=\"grid-detail\" style=\"text-align: center;\">Der Mensch steht im<br \/>\nZentrum unseres<br \/>\nHandelns: Mitarbeiter,<br \/>\nKunden, Patienten&#8230;<br \/>\nWir helfen ihnen beim Aufbau<br \/>\neine bessere Zukunft.<\/p>\n<p>[\/vc_column_text][\/vc_column][vc_column width=&#8221;1\/4&#8243;][vc_single_image image=&#8221;98579&#8243; alignment=&#8221;center&#8221; style=&#8221;vc_box_border_circle&#8221; border_color=&#8221;white&#8221; el_class=&#8221;gpi-image-circle&#8221;][vc_column_text el_class=&#8221;misure&#8221;]<\/p>\n<h4 style=\"text-align: center;\">LEIDENSCHAFT<\/h4>\n<hr style=\"border-top: 4px solid white; width: 50px;\" \/>\n<p class=\"grid-detail\" style=\"text-align: center;\">Die Leidenschaft, die<br \/>\nin unseren Handlungen steckt,<br \/>\ngibt uns<br \/>\ndie Energie zu wachsen<br \/>\nund unser Bestes zu geben &#8211;<br \/>\njeden Tag.<\/p>\n<p>[\/vc_column_text][\/vc_column][\/vc_row][vc_row disable_element=&#8221;yes&#8221;][vc_column][vc_column_text el_class=&#8221;gpi_signature_title_human&#8221; css=&#8221;.vc_custom_1677504997290{padding-bottom: 50px !important;}&#8221;]<\/p>\n<h2>La nostra Storia<\/h2>\n<p>[\/vc_column_text][\/vc_column][\/vc_row][vc_row full_width=&#8221;stretch_row_content_no_spaces&#8221; disable_element=&#8221;yes&#8221;][vc_column]<div class=\"gpi-dots-post-slider gpi-slider-no-button gpi-slider-azienda lay-image-right\" data-interval=\"5\"><\/div>[\/vc_column][\/vc_row][vc_row disable_element=&#8221;yes&#8221;][vc_column][vc_column_text el_class=&#8221;gpi_signature_title_human&#8221;]<\/p>\n<h2>Le societ\u00e0 del Gruppo GPI<\/h2>\n<p>[\/vc_column_text][vc_row_inner][vc_column_inner width=&#8221;2\/3&#8243; offset=&#8221;vc_col-sm-offset-4&#8243;][vc_column_text el_class=&#8221;mb-0&#8243;]Elenco aggiornato al 14 settembre 2022[\/vc_column_text][vc_column_text]<button class=\"btn btn-underlined ml-auto collapsed\" type=\"button\" data-toggle=\"collapse\" data-target=\"#groupSociety\">Mostra tutte<\/button><\/p>\n<div id=\"groupSociety\" class=\"collapse\">\n<div class=\"row line-height-small\">\n<div class=\"col-12 col-md-6 font-weight-bold\">\n<p>GPI SpA<br \/>\n<small>Capogruppo<\/small><\/p>\n<p>ACCURA srl<\/p>\n<p>ARGENTEA srl<\/p>\n<p>BIM ITALIA srl<\/p>\n<p>CLINICHE DELLA BASILICATA srl<\/p>\n<p>CONSORZIO STABILE CENTO ORIZZONTI scarl<\/p>\n<p>CONTACT CARE SOLUTIONS srl<\/p>\n<p>DO.MI.NO srl<\/p>\n<p>ESAKON ITALIA srl<\/p>\n<p>GBIM srl<\/p>\n<p>GPI CYBERDEFENCE srl<\/p>\n<p>GPI LATAM<\/p>\n<p>GPI USA INC.<\/p>\n<p>GPI POLSKA SP. Z.O.O.<\/p>\n<p>GTT &#8211; GRUPPO PER INFORMATICA TECHNOLOGIE<\/p>\n<p>GUYOT-WALSER INFORMATIQUE S.A.S.<\/p>\n<p>HEALTHECH srl<\/p>\n<p>HEMASOFT SL<\/p>\n<p>HEMASOFT AMERICA CORP.<\/p>\n<p>INFORMATICA GROUP OOO<\/p>\n<p>IOP srl<\/p>\n<p>MEDINFO INTERNATIONAL HEMOSERVICE<\/p>\n<p>OSLO ITALIA srl<\/p>\n<p>PEOPLENAV srl<\/p>\n<p>PROFESSIONAL CLINIC SOFTWARE (PCS) GmbH<\/p>\n<p>RIEDL GmbH<\/p>\n<p>UMANA MEDICAL TECHNOLOGIES Ltd.<\/p>\n<p>XIDERA srl<\/p>\n<p>&nbsp;<\/p><\/div>\n<\/div>\n<div class=\"row\"><button class=\"btn btn-underlined mb-4 mt-4 ml-auto hide-collapsable\" type=\"button\" data-toggle=\"collapse\" data-target=\"#groupSociety\">Nascondi<\/button><\/div>\n<\/div>\n<p>[\/vc_column_text][\/vc_column_inner][\/vc_row_inner][\/vc_column][\/vc_row][vc_row full_width=&#8221;stretch_row&#8221; disable_element=&#8221;yes&#8221; css=&#8221;.vc_custom_1678878323778{background-color: #ff6600 !important;}&#8221; el_class=&#8221;vision my-0&#8243;][vc_column width=&#8221;7\/12&#8243;][vc_column_text el_class=&#8221;gpi_signature_title_human_hovered&#8221;]<\/p>\n<h2>I clienti di GPI<\/h2>\n<p>[\/vc_column_text][\/vc_column][vc_column width=&#8221;5\/12&#8243;][\/vc_column][\/vc_row][vc_row][vc_column width=&#8221;1\/2&#8243;][vc_single_image image=&#8221;98782&#8243; img_size=&#8221;full&#8221;][\/vc_column][vc_column width=&#8221;1\/2&#8243;][vc_single_image image=&#8221;98793&#8243; img_size=&#8221;full&#8221;][\/vc_column][\/vc_row]<\/p>\n<\/div>","protected":false},"excerpt":{"rendered":"<p>[vc_row full_width=&#8221;stretch_row&#8221; equal_height=&#8221;yes&#8221; el_class=&#8221;hero-text-block&#8221; css=&#8221;.vc_custom_1681553931298{padding-top: 140px !important;padding-bottom: 140px !important;background-image: url(https:\/\/www.gpigroup.com\/app\/uploads\/2023\/02\/istock-474947522-DT-1.jpg?id=97128) !important;background-position: center !important;background-repeat: no-repeat !important;background-size: cover !important;}&#8221;][vc_column][vc_column_text] GPI &#8211; Innovation for sustainable healthcare [\/vc_column_text][\/vc_column][\/vc_row][vc_row full_width=&#8221;stretch_row&#8221; equal_height=&#8221;yes&#8221; css=&#8221;.vc_custom_1677070497736{background-color: #82027e !important;}&#8221; el_class=&#8221;vision py-0&#8243;][vc_column width=&#8221;1\/4&#8243;][vc_column_text] 360 M\u20ac UMSATZ 2022[\/vc_column_text][\/vc_column][vc_column width=&#8221;1\/4&#8243;][vc_column_text] +7100 MITARBEITER 2022[\/vc_column_text][\/vc_column][vc_column width=&#8221;1\/4&#8243;][vc_column_text] +3000 KUNDEN[\/vc_column_text][\/vc_column][vc_column width=&#8221;1\/4&#8243;][vc_column_text] +70 L\u00c4NDER[\/vc_column_text][\/vc_column][\/vc_row][vc_row][vc_column][vc_column_text el_class=&#8221;gpi_signature_title_human&#8221;] Wer sind wir [\/vc_column_text][vc_row_inner][vc_column_inner width=&#8221;2\/3&#8243; offset=&#8221;vc_col-sm-offset-4&#8243;][vc_column_text]Wir sind eine<\/p>\n","protected":false},"author":1,"featured_media":68628,"parent":0,"menu_order":0,"comment_status":"closed","ping_status":"closed","template":"","meta":{"footnotes":""},"class_list":["post-85174","page","type-page","status-publish","has-post-thumbnail","hentry","section-chi-siamo"],"yoast_head":"<!-- This site is optimized with the Yoast SEO plugin v27.1.1 - https:\/\/yoast.com\/product\/yoast-seo-wordpress\/ -->\n<title>Das Unternehmen | GPI<\/title>\n<meta name=\"description\" content=\"Wir sind eine multinationale Gruppe, die innovative Softwarel\u00f6sungen, Dienstleistungen und Technologien entwickelt, um die digitale Transformation des Gesundheitswesens zu f\u00f6rdern.Wir entwickeln uns st\u00e4ndig weiter, sind seit 2016 b\u00f6rsennotiert und haben mehr als 2700 Kunden in 70 L\u00e4ndern.\" \/>\n<meta name=\"robots\" content=\"index, follow, max-snippet:-1, max-image-preview:large, max-video-preview:-1\" \/>\n<link rel=\"canonical\" href=\"https:\/\/www.gpigroup.com\/de\/das-unternehmen\/\" \/>\n<meta property=\"og:locale\" content=\"de_DE\" \/>\n<meta property=\"og:type\" content=\"article\" \/>\n<meta property=\"og:title\" content=\"Das Unternehmen | GPI\" \/>\n<meta property=\"og:description\" content=\"Wir sind eine multinationale Gruppe, die innovative Softwarel\u00f6sungen, Dienstleistungen und Technologien entwickelt, um die digitale Transformation des Gesundheitswesens zu f\u00f6rdern.Wir entwickeln uns st\u00e4ndig weiter, sind seit 2016 b\u00f6rsennotiert und haben mehr als 2700 Kunden in 70 L\u00e4ndern.\" \/>\n<meta property=\"og:url\" content=\"https:\/\/www.gpigroup.com\/de\/das-unternehmen\/\" \/>\n<meta property=\"og:site_name\" content=\"GPI\" \/>\n<meta property=\"article:publisher\" content=\"https:\/\/www.facebook.com\/GruppoGPI\/\" \/>\n<meta property=\"article:modified_time\" content=\"2023-04-15T10:18:56+00:00\" \/>\n<meta property=\"og:image\" content=\"https:\/\/www.gpigroup.com\/app\/uploads\/2019\/04\/og-link-preview-1.png\" \/>\n\t<meta property=\"og:image:width\" content=\"1366\" \/>\n\t<meta property=\"og:image:height\" content=\"768\" \/>\n\t<meta property=\"og:image:type\" content=\"image\/png\" \/>\n<meta name=\"twitter:card\" content=\"summary_large_image\" \/>\n<meta name=\"twitter:label1\" content=\"Est. reading time\" \/>\n\t<meta name=\"twitter:data1\" content=\"3 minutes\" \/>\n<script type=\"application\/ld+json\" class=\"yoast-schema-graph\">{\"@context\":\"https:\/\/schema.org\",\"@graph\":[{\"@type\":\"WebPage\",\"@id\":\"https:\/\/www.gpigroup.com\/de\/das-unternehmen\/\",\"url\":\"https:\/\/www.gpigroup.com\/de\/das-unternehmen\/\",\"name\":\"Das Unternehmen | GPI\",\"isPartOf\":{\"@id\":\"https:\/\/www.gpigroup.com\/de\/#website\"},\"primaryImageOfPage\":{\"@id\":\"https:\/\/www.gpigroup.com\/de\/das-unternehmen\/#primaryimage\"},\"image\":{\"@id\":\"https:\/\/www.gpigroup.com\/de\/das-unternehmen\/#primaryimage\"},\"thumbnailUrl\":\"https:\/\/www.gpigroup.com\/app\/uploads\/2019\/04\/og-link-preview-1.png\",\"datePublished\":\"2019-03-06T08:06:51+00:00\",\"dateModified\":\"2023-04-15T10:18:56+00:00\",\"description\":\"Wir sind eine multinationale Gruppe, die innovative Softwarel\u00f6sungen, Dienstleistungen und Technologien entwickelt, um die digitale Transformation des Gesundheitswesens zu f\u00f6rdern.Wir entwickeln uns st\u00e4ndig weiter, sind seit 2016 b\u00f6rsennotiert und haben mehr als 2700 Kunden in 70 L\u00e4ndern.\",\"breadcrumb\":{\"@id\":\"https:\/\/www.gpigroup.com\/de\/das-unternehmen\/#breadcrumb\"},\"inLanguage\":\"de-DE\",\"potentialAction\":[{\"@type\":\"ReadAction\",\"target\":[\"https:\/\/www.gpigroup.com\/de\/das-unternehmen\/\"]}]},{\"@type\":\"ImageObject\",\"inLanguage\":\"de-DE\",\"@id\":\"https:\/\/www.gpigroup.com\/de\/das-unternehmen\/#primaryimage\",\"url\":\"https:\/\/www.gpigroup.com\/app\/uploads\/2019\/04\/og-link-preview-1.png\",\"contentUrl\":\"https:\/\/www.gpigroup.com\/app\/uploads\/2019\/04\/og-link-preview-1.png\",\"width\":1366,\"height\":768},{\"@type\":\"BreadcrumbList\",\"@id\":\"https:\/\/www.gpigroup.com\/de\/das-unternehmen\/#breadcrumb\",\"itemListElement\":[{\"@type\":\"ListItem\",\"position\":1,\"name\":\"Home\",\"item\":\"https:\/\/www.gpigroup.com\/de\/\"},{\"@type\":\"ListItem\",\"position\":2,\"name\":\"Das Unternehmen\"}]},{\"@type\":\"WebSite\",\"@id\":\"https:\/\/www.gpigroup.com\/de\/#website\",\"url\":\"https:\/\/www.gpigroup.com\/de\/\",\"name\":\"GPI\",\"description\":\"The Healthcare Partner\",\"publisher\":{\"@id\":\"https:\/\/www.gpigroup.com\/de\/#organization\"},\"potentialAction\":[{\"@type\":\"SearchAction\",\"target\":{\"@type\":\"EntryPoint\",\"urlTemplate\":\"https:\/\/www.gpigroup.com\/de\/?s={search_term_string}\"},\"query-input\":{\"@type\":\"PropertyValueSpecification\",\"valueRequired\":true,\"valueName\":\"search_term_string\"}}],\"inLanguage\":\"de-DE\"},{\"@type\":\"Organization\",\"@id\":\"https:\/\/www.gpigroup.com\/de\/#organization\",\"name\":\"GPI S.p.A.\",\"url\":\"https:\/\/www.gpigroup.com\/de\/\",\"logo\":{\"@type\":\"ImageObject\",\"inLanguage\":\"de-DE\",\"@id\":\"https:\/\/www.gpigroup.com\/de\/#\/schema\/logo\/image\/\",\"url\":\"https:\/\/www.gpigroup.com\/app\/uploads\/2023\/03\/logo-GPI-2019-1.jpg\",\"contentUrl\":\"https:\/\/www.gpigroup.com\/app\/uploads\/2023\/03\/logo-GPI-2019-1.jpg\",\"width\":1946,\"height\":1945,\"caption\":\"GPI S.p.A.\"},\"image\":{\"@id\":\"https:\/\/www.gpigroup.com\/de\/#\/schema\/logo\/image\/\"},\"sameAs\":[\"https:\/\/www.facebook.com\/GruppoGPI\/\",\"https:\/\/www.linkedin.com\/company\/gpi-spa\",\"http:\/\/www.youtube.com\/user\/GruppoGPI\"]}]}<\/script>\n<!-- \/ Yoast SEO plugin. -->","yoast_head_json":{"title":"Das Unternehmen | GPI","description":"Wir sind eine multinationale Gruppe, die innovative Softwarel\u00f6sungen, Dienstleistungen und Technologien entwickelt, um die digitale Transformation des Gesundheitswesens zu f\u00f6rdern.Wir entwickeln uns st\u00e4ndig weiter, sind seit 2016 b\u00f6rsennotiert und haben mehr als 2700 Kunden in 70 L\u00e4ndern.","robots":{"index":"index","follow":"follow","max-snippet":"max-snippet:-1","max-image-preview":"max-image-preview:large","max-video-preview":"max-video-preview:-1"},"canonical":"https:\/\/www.gpigroup.com\/de\/das-unternehmen\/","og_locale":"de_DE","og_type":"article","og_title":"Das Unternehmen | GPI","og_description":"Wir sind eine multinationale Gruppe, die innovative Softwarel\u00f6sungen, Dienstleistungen und Technologien entwickelt, um die digitale Transformation des Gesundheitswesens zu f\u00f6rdern.Wir entwickeln uns st\u00e4ndig weiter, sind seit 2016 b\u00f6rsennotiert und haben mehr als 2700 Kunden in 70 L\u00e4ndern.","og_url":"https:\/\/www.gpigroup.com\/de\/das-unternehmen\/","og_site_name":"GPI","article_publisher":"https:\/\/www.facebook.com\/GruppoGPI\/","article_modified_time":"2023-04-15T10:18:56+00:00","og_image":[{"width":1366,"height":768,"url":"https:\/\/www.gpigroup.com\/app\/uploads\/2019\/04\/og-link-preview-1.png","type":"image\/png"}],"twitter_card":"summary_large_image","twitter_misc":{"Est. reading time":"3 minutes"},"schema":{"@context":"https:\/\/schema.org","@graph":[{"@type":"WebPage","@id":"https:\/\/www.gpigroup.com\/de\/das-unternehmen\/","url":"https:\/\/www.gpigroup.com\/de\/das-unternehmen\/","name":"Das Unternehmen | GPI","isPartOf":{"@id":"https:\/\/www.gpigroup.com\/de\/#website"},"primaryImageOfPage":{"@id":"https:\/\/www.gpigroup.com\/de\/das-unternehmen\/#primaryimage"},"image":{"@id":"https:\/\/www.gpigroup.com\/de\/das-unternehmen\/#primaryimage"},"thumbnailUrl":"https:\/\/www.gpigroup.com\/app\/uploads\/2019\/04\/og-link-preview-1.png","datePublished":"2019-03-06T08:06:51+00:00","dateModified":"2023-04-15T10:18:56+00:00","description":"Wir sind eine multinationale Gruppe, die innovative Softwarel\u00f6sungen, Dienstleistungen und Technologien entwickelt, um die digitale Transformation des Gesundheitswesens zu f\u00f6rdern.Wir entwickeln uns st\u00e4ndig weiter, sind seit 2016 b\u00f6rsennotiert und haben mehr als 2700 Kunden in 70 L\u00e4ndern.","breadcrumb":{"@id":"https:\/\/www.gpigroup.com\/de\/das-unternehmen\/#breadcrumb"},"inLanguage":"de-DE","potentialAction":[{"@type":"ReadAction","target":["https:\/\/www.gpigroup.com\/de\/das-unternehmen\/"]}]},{"@type":"ImageObject","inLanguage":"de-DE","@id":"https:\/\/www.gpigroup.com\/de\/das-unternehmen\/#primaryimage","url":"https:\/\/www.gpigroup.com\/app\/uploads\/2019\/04\/og-link-preview-1.png","contentUrl":"https:\/\/www.gpigroup.com\/app\/uploads\/2019\/04\/og-link-preview-1.png","width":1366,"height":768},{"@type":"BreadcrumbList","@id":"https:\/\/www.gpigroup.com\/de\/das-unternehmen\/#breadcrumb","itemListElement":[{"@type":"ListItem","position":1,"name":"Home","item":"https:\/\/www.gpigroup.com\/de\/"},{"@type":"ListItem","position":2,"name":"Das Unternehmen"}]},{"@type":"WebSite","@id":"https:\/\/www.gpigroup.com\/de\/#website","url":"https:\/\/www.gpigroup.com\/de\/","name":"GPI","description":"The Healthcare Partner","publisher":{"@id":"https:\/\/www.gpigroup.com\/de\/#organization"},"potentialAction":[{"@type":"SearchAction","target":{"@type":"EntryPoint","urlTemplate":"https:\/\/www.gpigroup.com\/de\/?s={search_term_string}"},"query-input":{"@type":"PropertyValueSpecification","valueRequired":true,"valueName":"search_term_string"}}],"inLanguage":"de-DE"},{"@type":"Organization","@id":"https:\/\/www.gpigroup.com\/de\/#organization","name":"GPI S.p.A.","url":"https:\/\/www.gpigroup.com\/de\/","logo":{"@type":"ImageObject","inLanguage":"de-DE","@id":"https:\/\/www.gpigroup.com\/de\/#\/schema\/logo\/image\/","url":"https:\/\/www.gpigroup.com\/app\/uploads\/2023\/03\/logo-GPI-2019-1.jpg","contentUrl":"https:\/\/www.gpigroup.com\/app\/uploads\/2023\/03\/logo-GPI-2019-1.jpg","width":1946,"height":1945,"caption":"GPI S.p.A."},"image":{"@id":"https:\/\/www.gpigroup.com\/de\/#\/schema\/logo\/image\/"},"sameAs":["https:\/\/www.facebook.com\/GruppoGPI\/","https:\/\/www.linkedin.com\/company\/gpi-spa","http:\/\/www.youtube.com\/user\/GruppoGPI"]}]}},"_links":{"self":[{"href":"https:\/\/www.gpigroup.com\/de\/wp-json\/wp\/v2\/pages\/85174","targetHints":{"allow":["GET"]}}],"collection":[{"href":"https:\/\/www.gpigroup.com\/de\/wp-json\/wp\/v2\/pages"}],"about":[{"href":"https:\/\/www.gpigroup.com\/de\/wp-json\/wp\/v2\/types\/page"}],"author":[{"embeddable":true,"href":"https:\/\/www.gpigroup.com\/de\/wp-json\/wp\/v2\/users\/1"}],"replies":[{"embeddable":true,"href":"https:\/\/www.gpigroup.com\/de\/wp-json\/wp\/v2\/comments?post=85174"}],"version-history":[{"count":10,"href":"https:\/\/www.gpigroup.com\/de\/wp-json\/wp\/v2\/pages\/85174\/revisions"}],"predecessor-version":[{"id":100986,"href":"https:\/\/www.gpigroup.com\/de\/wp-json\/wp\/v2\/pages\/85174\/revisions\/100986"}],"wp:featuredmedia":[{"embeddable":true,"href":"https:\/\/www.gpigroup.com\/de\/wp-json\/wp\/v2\/media\/68628"}],"wp:attachment":[{"href":"https:\/\/www.gpigroup.com\/de\/wp-json\/wp\/v2\/media?parent=85174"}],"curies":[{"name":"wp","href":"https:\/\/api.w.org\/{rel}","templated":true}]}}