{"id":162274,"date":"2019-03-28T15:22:00","date_gmt":"2019-03-28T14:22:00","guid":{"rendered":"https:\/\/www.gpigroup.com\/?page_id=162274"},"modified":"2025-01-08T09:32:35","modified_gmt":"2025-01-08T08:32:35","slug":"krankenhausautomatisierung","status":"publish","type":"page","link":"https:\/\/www.gpigroup.com\/de\/krankenhausautomatisierung\/","title":{"rendered":"Krankenhausautomatisierung"},"content":{"rendered":"<div class=\"wpb-content-wrapper\"><p>[vc_row full_width=&#8221;stretch_row&#8221; css=&#8221;.vc_custom_1715597338752{padding-bottom: 30px !important;}&#8221; el_class=&#8221;text-row my-0&#8243;][vc_column][vc_row_inner][vc_column_inner][vc_column_text]<\/p>\n<div class=\"row asa-title\">\n<div class=\"col-12 col-md-6\">\n<img loading=\"lazy\" decoding=\"async\" width=\"1024\" height=\"576\" src=\"https:\/\/www.gpigroup.com\/app\/uploads\/2019\/05\/asa_automation.jpg\" class=\"asa-image asa-image-mobile rounded-circle d-md-none d-inline\" alt=\"GPI Automation\" srcset=\"https:\/\/www.gpigroup.com\/app\/uploads\/2019\/05\/asa_automation.jpg 1024w, https:\/\/www.gpigroup.com\/app\/uploads\/2019\/05\/asa_automation-300x169.jpg 300w, https:\/\/www.gpigroup.com\/app\/uploads\/2019\/05\/asa_automation-768x432.jpg 768w\" sizes=\"auto, (max-width: 1024px) 100vw, 1024px\" \/>\n<div class=\"gpi_signature_title_tech\">\n<h1>Krankenhausautomatisierung<\/h1>\n<\/div>\n<\/div>\n<div class=\"col-12 col-md-6\">\n<div class=\"asa-symbol\"><img loading=\"lazy\" decoding=\"async\" class=\"alignnone size-medium wp-image-3114\" role=\"img\" src=\"https:\/\/www.gpigroup.com\/app\/uploads\/\/2019\/03\/Automation-1.svg\" alt=\"\" width=\"24\" height=\"24\" \/> AUTOMATION<\/div>\n<\/div>\n<\/div>\n<p>[\/vc_column_text][\/vc_column_inner][\/vc_row_inner][\/vc_column][\/vc_row][vc_row full_width=&#8221;stretch_row&#8221; css=&#8221;.vc_custom_1553766882955{padding-bottom: 30px !important;}&#8221; el_class=&#8221;text-row my-0&#8243;][vc_column width=&#8221;1\/3&#8243;][vc_column_text]<img loading=\"lazy\" decoding=\"async\" width=\"1024\" height=\"576\" src=\"https:\/\/www.gpigroup.com\/app\/uploads\/2019\/05\/asa_automation.jpg\" class=\"asa-image rounded-circle d-md-inline d-none\" alt=\"GPI Automation\" srcset=\"https:\/\/www.gpigroup.com\/app\/uploads\/2019\/05\/asa_automation.jpg 1024w, https:\/\/www.gpigroup.com\/app\/uploads\/2019\/05\/asa_automation-300x169.jpg 300w, https:\/\/www.gpigroup.com\/app\/uploads\/2019\/05\/asa_automation-768x432.jpg 768w\" sizes=\"auto, (max-width: 1024px) 100vw, 1024px\" \/>[\/vc_column_text][\/vc_column][vc_column width=&#8221;2\/3&#8243;][vc_column_text el_class=&#8221;entice&#8221;]Die Komplettl\u00f6sung f\u00fcr Medikamentenlogistik \u2013 reduziert Behandlungsfehler und optimiert Managementkosten[\/vc_column_text][vc_column_text]Eine raffinierte Kombination aus Software und Hardware, die sorgf\u00e4ltig entwickelt wurde, um die Medikamentenerkennung und R\u00fcckverfolgbarkeit im pharmazeutischen \u00d6kosystem zu revolutionieren.<\/p>\n<p>Verbesserte Bestandskontrolle, gesteigerte Effizienz bei der Ausgabe und eine vollst\u00e4ndige R\u00fcckverfolgbarkeit aller Artikel werden durch die Implementierung unserer Produktpalette erreicht.[\/vc_column_text][\/vc_column][\/vc_row][vc_row full_width=&#8221;stretch_row&#8221; css=&#8221;.vc_custom_1553766882955{padding-bottom: 30px !important;}&#8221; el_class=&#8221;text-row my-0&#8243;][vc_column width=&#8221;1\/3&#8243;][vc_column_text el_class=&#8221;entice&#8221;]<\/p>\n<div class=\"gpi_signature_title_tech\">RIEDL Phasys ADS<\/div>\n<p>[\/vc_column_text][\/vc_column][vc_column width=&#8221;2\/3&#8243;][vc_column_text]<strong>Pionier der Apothekenautomatisierung f\u00fcr Krankenh\u00e4user<\/strong><\/p>\n<p>Erleben Sie eine neue \u00c4ra der Apothekenautomatisierung mit RIEDL Phasys (PHarmacy Automation SYStem), speziell f\u00fcr Krankenhausapotheken entwickelt. RIEDL Phasys revolutioniert die Medikamentenverteilung und bietet unvergleichliche Flexibilit\u00e4t und Effizienz. Es integriert sich nahtlos in die Arbeitsabl\u00e4ufe von Krankenh\u00e4usern und legt dabei besonderen Fokus auf die Patientenversorgung.<\/p>\n<p>Im Kern optimiert RIEDL Phasys die Raumnutzung und verbessert das Kundenerlebnis. Dank modernster Technologie und intuitivem Design beschleunigt das System die Medikamentenausgabe mit beispielloser Geschwindigkeit und Genauigkeit.<\/p>\n<p>Ein Schl\u00fcsselelement der Leistungsf\u00e4higkeit von RIEDL Phasys ist die hochmoderne Greifertechnologie, die sorgf\u00e4ltig entwickelt wurde, um neue Ma\u00dfst\u00e4be in Pr\u00e4zision und Zuverl\u00e4ssigkeit zu setzen. Integriert mit fortschrittlichen Bewegungsachsen und verbunden \u00fcber dedizierte Wi-Fi-Netzwerke, gew\u00e4hrleistet unser Greifersystem eine reibungslose Kommunikation und einen nahtlosen Betrieb, um Krankenhausapotheken den Anforderungen des modernen Gesundheitswesens gerecht zu werden.[\/vc_column_text][vc_images_carousel images=&#8221;147704,147716,147692,147728,147740,147752,147605&#8243; img_size=&#8221;full&#8221; onclick=&#8221;link_no&#8221; speed=&#8221;2000&#8243; autoplay=&#8221;yes&#8221; wrap=&#8221;yes&#8221;][vc_column_text]<strong>Entdecken Sie die Hauptmerkmale von RIEDL Phasys f\u00fcr Krankenhausapotheken:<\/strong><\/p>\n<ul>\n<li><strong>Hervorragende Leistung<\/strong>: Schnelle und pr\u00e4zise Ausgabe von Medikamenten.<\/li>\n<li><strong>Hohe Zuverl\u00e4ssigkeit<\/strong>: Minimierung von Ausfallzeiten f\u00fcr einen ununterbrochenen Betrieb.<\/li>\n<li><strong>Effizientes Laden<\/strong>: Automatische und halbautomatische Ladeoptionen.<\/li>\n<li><strong>Vielseitige Handhabung<\/strong>: Unterst\u00fctzung verschiedener Verpackungsformen.<\/li>\n<li><strong>Schnelle Ausgabe<\/strong>: Pr\u00e4zise und schnelle Versorgung von Krankenhausstationen und externen Patienten.<\/li>\n<li><strong>Flexibles Paketmanagement<\/strong>: M\u00fchelose Handhabung von internen und Teilpackungen.<\/li>\n<li><strong>Nahtlose Integration<\/strong>: Robuste Anbindung an Krankenhausinformationssysteme f\u00fcr reibungslose Abl\u00e4ufe.<\/li>\n<\/ul>\n<p>Erleben Sie die Effizienz und Zuverl\u00e4ssigkeit von RIEDL Phasys und transformieren Sie Ihre Krankenhausapotheke mit Pr\u00e4zision und Geschwindigkeit.[\/vc_column_text][\/vc_column][\/vc_row][vc_row full_width=&#8221;stretch_row&#8221; css=&#8221;.vc_custom_1553766882955{padding-bottom: 30px !important;}&#8221; el_class=&#8221;text-row my-0&#8243;][vc_column width=&#8221;1\/3&#8243;][vc_column_text el_class=&#8221;entice&#8221;]<\/p>\n<div class=\"gpi_signature_title_tech\">Phasys WMS<\/div>\n<p>[\/vc_column_text][\/vc_column][vc_column width=&#8221;2\/3&#8243;][vc_column_text]<strong>Revolution des Lagerbestandsmanagements<\/strong><\/p>\n<p>Betreten Sie eine neue \u00c4ra der Lagerlogistik mit Phasys WMS \u2013 dem Warehouse Management System, das sich nahtlos in Ihre bestehenden Prozesse integriert, um jeden Aspekt Ihrer Lagerlogistik zu optimieren. Von der Bestandsverwaltung bis hin zu robotergest\u00fctzten und mechanisierten Abl\u00e4ufen ist Phasys WMS darauf ausgelegt, die Effizienz und Produktivit\u00e4t Ihres Lagers auf ein neues Niveau zu heben.[\/vc_column_text][vc_column_text]<strong>Die Hauptmerkmale von Phasys WMS umfassen:<\/strong><\/p>\n<ul>\n<li>Fortschrittliche Bestandsverwaltung: Echtzeit-Transparenz \u00fcber Best\u00e4nde, Standorte und Bewegungen, um Fehlbest\u00e4nde und \u00dcberbest\u00e4nde zu minimieren.<\/li>\n<li>Robotergest\u00fctzte Abl\u00e4ufe: Integration von Robotik und Mechanik f\u00fcr Picking- und Placing-Vorg\u00e4nge, die Arbeitsabl\u00e4ufe optimieren und die manuelle Arbeitsbelastung reduzieren, w\u00e4hrend Genauigkeit und Geschwindigkeit gesteigert werden.<\/li>\n<li>Nahtlose Integration: Reibungslose Anbindung an Ihre bestehenden Verwaltungs-, Buchhaltungs- und Logistikplattformen, um Effizienz und Datenpr\u00e4zision zu verbessern.<\/li>\n<\/ul>\n<p>[\/vc_column_text][vc_column_text]<strong>Mobile App<\/strong><\/p>\n<p>Mit Phasys WMS Mobile wird das Management externer Produkte m\u00fchelos. Die mobile L\u00f6sung ist darauf ausgelegt, die Effizienz und Pr\u00e4zision bei der Handhabung externer Produkte zu steigern und eine optimale Lagerleistung sicherzustellen.<\/p>\n<p>[\/vc_column_text][\/vc_column][\/vc_row][vc_row full_width=&#8221;stretch_row&#8221; css=&#8221;.vc_custom_1553766882955{padding-bottom: 30px !important;}&#8221; el_class=&#8221;text-row my-0&#8243;][vc_column width=&#8221;1\/3&#8243;][vc_column_text el_class=&#8221;entice&#8221;]<\/p>\n<div class=\"gpi_signature_title_tech\">Ward Phasys<\/div>\n<p>[\/vc_column_text][\/vc_column][vc_column width=&#8221;2\/3&#8243;][vc_column_text]Demn\u00e4chst verf\u00fcgbar&#8230;<\/p>\n<p>[\/vc_column_text][\/vc_column][\/vc_row][vc_row full_width=&#8221;stretch_row&#8221; css=&#8221;.vc_custom_1553766882955{padding-bottom: 30px !important;}&#8221; el_class=&#8221;text-row my-0&#8243;][vc_column width=&#8221;1\/3&#8243;][vc_column_text el_class=&#8221;entice&#8221;]<\/p>\n<div class=\"gpi_signature_title_tech\">Phasys Smart Room<\/div>\n<p>[\/vc_column_text][\/vc_column][vc_column width=&#8221;2\/3&#8243;][vc_column_text]<strong>R\u00fcckverfolgbarkeit und Kontrolle von Medizinprodukten<\/strong><\/p>\n<p>Phasys Smart Room ist ein System aus Hardware- und Softwarekomponenten, das in bestehende Informationssysteme und Prozesse integriert werden kann, um Medizinprodukte und andere Artikel einfach und effektiv zu verwalten.<\/p>\n<p>Dank RFID-Technologie erm\u00f6glicht das System eine hochkontrollierte Verwaltung, die die Arbeit des Personals erleichtert und Prozesse optimiert.<\/p>\n<p>Phasys Smart Room verbessert:<\/p>\n<ul>\n<li>logistische Abl\u00e4ufe;<\/li>\n<li>administrative Prozesse;<\/li>\n<li>gesundheitliche Versorgung.<\/li>\n<\/ul>\n<p>[\/vc_column_text][vc_single_image image=&#8221;147467&#8243; img_size=&#8221;full&#8221;][vc_column_text]Das System ist speziell f\u00fcr die Verwaltung aller Produkte ausgelegt, insbesondere von klinisch relevanten und kostenintensiven Materialien und Medizinprodukten. Analysen der Prozesse, statistische Bewertungen und Erfahrungen zeigen, dass durch die pr\u00e4zise Nachverfolgung einer moderaten Anzahl von Produkten 70\u201380 % der Gesamtausgaben \u00fcberwacht werden k\u00f6nnen.[\/vc_column_text][\/vc_column][\/vc_row]<\/p>\n[vc_row full_width=\"stretch_row\" el_class=\"text-row my-0\"][vc_column][vc_row_inner][vc_column_inner width=\"1\/3\"][\/vc_column_inner][vc_column_inner width=\"1\/3\"][vc_column_text el_class=\"text-right text-md-left\"][\/vc_column_text][\/vc_column_inner][vc_column_inner width=\"1\/3\"][vc_column_text el_class=\"text-right\"]<a class=\"btn call-to-action\" href=\"https:\/\/riedlautomation.com\/it\" target=\"_blank\" rel=\"noopener noreferrer\">Visit the website<\/a>[\/vc_column_text][\/vc_column_inner][\/vc_row_inner][vc_row_inner][vc_column_inner][vc_raw_html]JTVCY29udGFjdC1mb3JtLTclMjBpZCUzRCUyMjcwODklMjIlMjB0aXRsZSUzRCUyMkRvd25sb2FkJTIwYnJvY2h1cmUlMjBmb3JtJTIwSVQlMjIlMjBodG1sX2lkJTNEJTIyZ3BpLWRvd25sb2FkLWZvcm0lMjIlNUQ=[\/vc_raw_html][\/vc_column_inner][\/vc_row_inner][\/vc_column][\/vc_row][vc_row full_width=\"stretch_row\" el_class=\"vision mb-0 gpi-orange-bg\"][vc_column offset=\"vc_col-lg-3 vc_col-xs-12\"][vc_column_text]\n<h4>Contact our sales team<\/h4>[\/vc_column_text][\/vc_column][vc_column width=\"3\/4\" offset=\"vc_col-lg-offset-0 vc_col-sm-offset-3 vc_col-xs-12\"][vc_raw_html]JTVCY29udGFjdC1mb3JtLTclMjBpZCUzRCUyMjg1NDcxJTIyJTIwdGl0bGUlM0QlMjJCdXNpbmVzcyUyMGxpbmUlMjBmb3JtJTIyJTIwaHRtbF9pZCUzRCUyMmdwaS1jb250YWN0LWZvcm0lMjIlNUQ=[\/vc_raw_html][\/vc_column][\/vc_row]<\/div>","protected":false},"excerpt":{"rendered":"<p>[vc_row full_width=&#8221;stretch_row&#8221; css=&#8221;.vc_custom_1715597338752{padding-bottom: 30px !important;}&#8221; el_class=&#8221;text-row my-0&#8243;][vc_column][vc_row_inner][vc_column_inner][vc_column_text] Krankenhausautomatisierung AUTOMATION [\/vc_column_text][\/vc_column_inner][\/vc_row_inner][\/vc_column][\/vc_row][vc_row full_width=&#8221;stretch_row&#8221; css=&#8221;.vc_custom_1553766882955{padding-bottom: 30px !important;}&#8221; el_class=&#8221;text-row my-0&#8243;][vc_column width=&#8221;1\/3&#8243;][vc_column_text][\/vc_column_text][\/vc_column][vc_column width=&#8221;2\/3&#8243;][vc_column_text el_class=&#8221;entice&#8221;]Die Komplettl\u00f6sung f\u00fcr Medikamentenlogistik \u2013 reduziert Behandlungsfehler und optimiert Managementkosten[\/vc_column_text][vc_column_text]Eine raffinierte Kombination aus Software und Hardware, die sorgf\u00e4ltig entwickelt wurde, um die Medikamentenerkennung und R\u00fcckverfolgbarkeit im pharmazeutischen \u00d6kosystem zu revolutionieren. Verbesserte Bestandskontrolle, gesteigerte Effizienz bei der Ausgabe<\/p>\n","protected":false},"author":23,"featured_media":68628,"parent":0,"menu_order":0,"comment_status":"closed","ping_status":"closed","template":"","meta":{"footnotes":""},"class_list":["post-162274","page","type-page","status-publish","has-post-thumbnail","hentry","section-offerta","business_line-automation"],"yoast_head":"<!-- This site is optimized with the Yoast SEO plugin v27.1.1 - https:\/\/yoast.com\/product\/yoast-seo-wordpress\/ -->\n<title>Krankenhausautomatisierung | GPI<\/title>\n<meta name=\"description\" content=\"Die Komplettl\u00f6sung f\u00fcr Medikamentenlogistik \u2013 reduziert Behandlungsfehler und optimiert Managementkosten\" \/>\n<meta name=\"robots\" content=\"index, follow, max-snippet:-1, max-image-preview:large, max-video-preview:-1\" \/>\n<link rel=\"canonical\" href=\"https:\/\/www.gpigroup.com\/de\/krankenhausautomatisierung\/\" \/>\n<meta property=\"og:locale\" content=\"de_DE\" \/>\n<meta property=\"og:type\" content=\"article\" \/>\n<meta property=\"og:title\" content=\"Krankenhausautomatisierung | GPI\" \/>\n<meta property=\"og:description\" content=\"Die Komplettl\u00f6sung f\u00fcr Medikamentenlogistik \u2013 reduziert Behandlungsfehler und optimiert Managementkosten\" \/>\n<meta property=\"og:url\" content=\"https:\/\/www.gpigroup.com\/de\/krankenhausautomatisierung\/\" \/>\n<meta property=\"og:site_name\" content=\"GPI\" \/>\n<meta property=\"article:publisher\" content=\"https:\/\/www.facebook.com\/GruppoGPI\/\" \/>\n<meta property=\"article:modified_time\" content=\"2025-01-08T08:32:35+00:00\" \/>\n<meta property=\"og:image\" content=\"https:\/\/www.gpigroup.com\/app\/uploads\/2019\/04\/og-link-preview-1.png\" \/>\n\t<meta property=\"og:image:width\" content=\"1366\" \/>\n\t<meta property=\"og:image:height\" content=\"768\" \/>\n\t<meta property=\"og:image:type\" content=\"image\/png\" \/>\n<meta name=\"twitter:card\" content=\"summary_large_image\" \/>\n<meta name=\"twitter:label1\" content=\"Est. reading time\" \/>\n\t<meta name=\"twitter:data1\" content=\"6 minutes\" \/>\n<script type=\"application\/ld+json\" class=\"yoast-schema-graph\">{\"@context\":\"https:\/\/schema.org\",\"@graph\":[{\"@type\":\"WebPage\",\"@id\":\"https:\/\/www.gpigroup.com\/de\/krankenhausautomatisierung\/\",\"url\":\"https:\/\/www.gpigroup.com\/de\/krankenhausautomatisierung\/\",\"name\":\"Krankenhausautomatisierung | GPI\",\"isPartOf\":{\"@id\":\"https:\/\/www.gpigroup.com\/de\/#website\"},\"primaryImageOfPage\":{\"@id\":\"https:\/\/www.gpigroup.com\/de\/krankenhausautomatisierung\/#primaryimage\"},\"image\":{\"@id\":\"https:\/\/www.gpigroup.com\/de\/krankenhausautomatisierung\/#primaryimage\"},\"thumbnailUrl\":\"https:\/\/www.gpigroup.com\/app\/uploads\/2019\/04\/og-link-preview-1.png\",\"datePublished\":\"2019-03-28T14:22:00+00:00\",\"dateModified\":\"2025-01-08T08:32:35+00:00\",\"description\":\"Die Komplettl\u00f6sung f\u00fcr Medikamentenlogistik \u2013 reduziert Behandlungsfehler und optimiert Managementkosten\",\"breadcrumb\":{\"@id\":\"https:\/\/www.gpigroup.com\/de\/krankenhausautomatisierung\/#breadcrumb\"},\"inLanguage\":\"de-DE\",\"potentialAction\":[{\"@type\":\"ReadAction\",\"target\":[\"https:\/\/www.gpigroup.com\/de\/krankenhausautomatisierung\/\"]}]},{\"@type\":\"ImageObject\",\"inLanguage\":\"de-DE\",\"@id\":\"https:\/\/www.gpigroup.com\/de\/krankenhausautomatisierung\/#primaryimage\",\"url\":\"https:\/\/www.gpigroup.com\/app\/uploads\/2019\/04\/og-link-preview-1.png\",\"contentUrl\":\"https:\/\/www.gpigroup.com\/app\/uploads\/2019\/04\/og-link-preview-1.png\",\"width\":1366,\"height\":768},{\"@type\":\"BreadcrumbList\",\"@id\":\"https:\/\/www.gpigroup.com\/de\/krankenhausautomatisierung\/#breadcrumb\",\"itemListElement\":[{\"@type\":\"ListItem\",\"position\":1,\"name\":\"Home\",\"item\":\"https:\/\/www.gpigroup.com\/de\/\"},{\"@type\":\"ListItem\",\"position\":2,\"name\":\"Krankenhausautomatisierung\"}]},{\"@type\":\"WebSite\",\"@id\":\"https:\/\/www.gpigroup.com\/de\/#website\",\"url\":\"https:\/\/www.gpigroup.com\/de\/\",\"name\":\"GPI\",\"description\":\"The Healthcare Partner\",\"publisher\":{\"@id\":\"https:\/\/www.gpigroup.com\/de\/#organization\"},\"potentialAction\":[{\"@type\":\"SearchAction\",\"target\":{\"@type\":\"EntryPoint\",\"urlTemplate\":\"https:\/\/www.gpigroup.com\/de\/?s={search_term_string}\"},\"query-input\":{\"@type\":\"PropertyValueSpecification\",\"valueRequired\":true,\"valueName\":\"search_term_string\"}}],\"inLanguage\":\"de-DE\"},{\"@type\":\"Organization\",\"@id\":\"https:\/\/www.gpigroup.com\/de\/#organization\",\"name\":\"GPI S.p.A.\",\"url\":\"https:\/\/www.gpigroup.com\/de\/\",\"logo\":{\"@type\":\"ImageObject\",\"inLanguage\":\"de-DE\",\"@id\":\"https:\/\/www.gpigroup.com\/de\/#\/schema\/logo\/image\/\",\"url\":\"https:\/\/www.gpigroup.com\/app\/uploads\/2023\/03\/logo-GPI-2019-1.jpg\",\"contentUrl\":\"https:\/\/www.gpigroup.com\/app\/uploads\/2023\/03\/logo-GPI-2019-1.jpg\",\"width\":1946,\"height\":1945,\"caption\":\"GPI S.p.A.\"},\"image\":{\"@id\":\"https:\/\/www.gpigroup.com\/de\/#\/schema\/logo\/image\/\"},\"sameAs\":[\"https:\/\/www.facebook.com\/GruppoGPI\/\",\"https:\/\/www.linkedin.com\/company\/gpi-spa\",\"http:\/\/www.youtube.com\/user\/GruppoGPI\"]}]}<\/script>\n<!-- \/ Yoast SEO plugin. -->","yoast_head_json":{"title":"Krankenhausautomatisierung | GPI","description":"Die Komplettl\u00f6sung f\u00fcr Medikamentenlogistik \u2013 reduziert Behandlungsfehler und optimiert Managementkosten","robots":{"index":"index","follow":"follow","max-snippet":"max-snippet:-1","max-image-preview":"max-image-preview:large","max-video-preview":"max-video-preview:-1"},"canonical":"https:\/\/www.gpigroup.com\/de\/krankenhausautomatisierung\/","og_locale":"de_DE","og_type":"article","og_title":"Krankenhausautomatisierung | GPI","og_description":"Die Komplettl\u00f6sung f\u00fcr Medikamentenlogistik \u2013 reduziert Behandlungsfehler und optimiert Managementkosten","og_url":"https:\/\/www.gpigroup.com\/de\/krankenhausautomatisierung\/","og_site_name":"GPI","article_publisher":"https:\/\/www.facebook.com\/GruppoGPI\/","article_modified_time":"2025-01-08T08:32:35+00:00","og_image":[{"width":1366,"height":768,"url":"https:\/\/www.gpigroup.com\/app\/uploads\/2019\/04\/og-link-preview-1.png","type":"image\/png"}],"twitter_card":"summary_large_image","twitter_misc":{"Est. reading time":"6 minutes"},"schema":{"@context":"https:\/\/schema.org","@graph":[{"@type":"WebPage","@id":"https:\/\/www.gpigroup.com\/de\/krankenhausautomatisierung\/","url":"https:\/\/www.gpigroup.com\/de\/krankenhausautomatisierung\/","name":"Krankenhausautomatisierung | GPI","isPartOf":{"@id":"https:\/\/www.gpigroup.com\/de\/#website"},"primaryImageOfPage":{"@id":"https:\/\/www.gpigroup.com\/de\/krankenhausautomatisierung\/#primaryimage"},"image":{"@id":"https:\/\/www.gpigroup.com\/de\/krankenhausautomatisierung\/#primaryimage"},"thumbnailUrl":"https:\/\/www.gpigroup.com\/app\/uploads\/2019\/04\/og-link-preview-1.png","datePublished":"2019-03-28T14:22:00+00:00","dateModified":"2025-01-08T08:32:35+00:00","description":"Die Komplettl\u00f6sung f\u00fcr Medikamentenlogistik \u2013 reduziert Behandlungsfehler und optimiert Managementkosten","breadcrumb":{"@id":"https:\/\/www.gpigroup.com\/de\/krankenhausautomatisierung\/#breadcrumb"},"inLanguage":"de-DE","potentialAction":[{"@type":"ReadAction","target":["https:\/\/www.gpigroup.com\/de\/krankenhausautomatisierung\/"]}]},{"@type":"ImageObject","inLanguage":"de-DE","@id":"https:\/\/www.gpigroup.com\/de\/krankenhausautomatisierung\/#primaryimage","url":"https:\/\/www.gpigroup.com\/app\/uploads\/2019\/04\/og-link-preview-1.png","contentUrl":"https:\/\/www.gpigroup.com\/app\/uploads\/2019\/04\/og-link-preview-1.png","width":1366,"height":768},{"@type":"BreadcrumbList","@id":"https:\/\/www.gpigroup.com\/de\/krankenhausautomatisierung\/#breadcrumb","itemListElement":[{"@type":"ListItem","position":1,"name":"Home","item":"https:\/\/www.gpigroup.com\/de\/"},{"@type":"ListItem","position":2,"name":"Krankenhausautomatisierung"}]},{"@type":"WebSite","@id":"https:\/\/www.gpigroup.com\/de\/#website","url":"https:\/\/www.gpigroup.com\/de\/","name":"GPI","description":"The Healthcare Partner","publisher":{"@id":"https:\/\/www.gpigroup.com\/de\/#organization"},"potentialAction":[{"@type":"SearchAction","target":{"@type":"EntryPoint","urlTemplate":"https:\/\/www.gpigroup.com\/de\/?s={search_term_string}"},"query-input":{"@type":"PropertyValueSpecification","valueRequired":true,"valueName":"search_term_string"}}],"inLanguage":"de-DE"},{"@type":"Organization","@id":"https:\/\/www.gpigroup.com\/de\/#organization","name":"GPI S.p.A.","url":"https:\/\/www.gpigroup.com\/de\/","logo":{"@type":"ImageObject","inLanguage":"de-DE","@id":"https:\/\/www.gpigroup.com\/de\/#\/schema\/logo\/image\/","url":"https:\/\/www.gpigroup.com\/app\/uploads\/2023\/03\/logo-GPI-2019-1.jpg","contentUrl":"https:\/\/www.gpigroup.com\/app\/uploads\/2023\/03\/logo-GPI-2019-1.jpg","width":1946,"height":1945,"caption":"GPI S.p.A."},"image":{"@id":"https:\/\/www.gpigroup.com\/de\/#\/schema\/logo\/image\/"},"sameAs":["https:\/\/www.facebook.com\/GruppoGPI\/","https:\/\/www.linkedin.com\/company\/gpi-spa","http:\/\/www.youtube.com\/user\/GruppoGPI"]}]}},"_links":{"self":[{"href":"https:\/\/www.gpigroup.com\/de\/wp-json\/wp\/v2\/pages\/162274","targetHints":{"allow":["GET"]}}],"collection":[{"href":"https:\/\/www.gpigroup.com\/de\/wp-json\/wp\/v2\/pages"}],"about":[{"href":"https:\/\/www.gpigroup.com\/de\/wp-json\/wp\/v2\/types\/page"}],"author":[{"embeddable":true,"href":"https:\/\/www.gpigroup.com\/de\/wp-json\/wp\/v2\/users\/23"}],"replies":[{"embeddable":true,"href":"https:\/\/www.gpigroup.com\/de\/wp-json\/wp\/v2\/comments?post=162274"}],"version-history":[{"count":5,"href":"https:\/\/www.gpigroup.com\/de\/wp-json\/wp\/v2\/pages\/162274\/revisions"}],"predecessor-version":[{"id":162365,"href":"https:\/\/www.gpigroup.com\/de\/wp-json\/wp\/v2\/pages\/162274\/revisions\/162365"}],"wp:featuredmedia":[{"embeddable":true,"href":"https:\/\/www.gpigroup.com\/de\/wp-json\/wp\/v2\/media\/68628"}],"wp:attachment":[{"href":"https:\/\/www.gpigroup.com\/de\/wp-json\/wp\/v2\/media?parent=162274"}],"curies":[{"name":"wp","href":"https:\/\/api.w.org\/{rel}","templated":true}]}}