{"id":162210,"date":"2019-03-28T15:22:34","date_gmt":"2019-03-28T14:22:34","guid":{"rendered":"https:\/\/www.gpigroup.com\/community-pharmacy-automation\/"},"modified":"2025-01-29T16:22:37","modified_gmt":"2025-01-29T15:22:37","slug":"automatisierung-der-apotheken-im-lokalen-bereich","status":"publish","type":"page","link":"https:\/\/www.gpigroup.com\/de\/automatisierung-der-apotheken-im-lokalen-bereich\/","title":{"rendered":"Automatisierung der Apotheken im lokalen Bereich"},"content":{"rendered":"<div class=\"wpb-content-wrapper\"><p>[vc_row full_width=&#8221;stretch_row&#8221; css=&#8221;.vc_custom_1715597422046{padding-bottom: 30px !important;}&#8221; el_class=&#8221;text-row my-0&#8243;][vc_column][vc_row_inner][vc_column_inner][vc_column_text]<\/p>\n<div class=\"row asa-title\">\n<div class=\"col-12 col-md-6\">\n<img loading=\"lazy\" decoding=\"async\" width=\"1024\" height=\"576\" src=\"https:\/\/www.gpigroup.com\/app\/uploads\/2019\/05\/asa_automation.jpg\" class=\"asa-image asa-image-mobile rounded-circle d-md-none d-inline\" alt=\"GPI Automation\" srcset=\"https:\/\/www.gpigroup.com\/app\/uploads\/2019\/05\/asa_automation.jpg 1024w, https:\/\/www.gpigroup.com\/app\/uploads\/2019\/05\/asa_automation-300x169.jpg 300w, https:\/\/www.gpigroup.com\/app\/uploads\/2019\/05\/asa_automation-768x432.jpg 768w\" sizes=\"auto, (max-width: 1024px) 100vw, 1024px\" \/>\n<div class=\"gpi_signature_title_tech\">\n<h1>Automatisierung der Apotheken im lokalen Bereich<\/h1>\n<\/div>\n<\/div>\n<div class=\"col-12 col-md-6\">\n<div class=\"asa-symbol\"><img loading=\"lazy\" decoding=\"async\" class=\"alignnone size-medium wp-image-3114\" role=\"img\" src=\"https:\/\/www.gpigroup.com\/app\/uploads\/\/2019\/03\/Automation-1.svg\" alt=\"\" width=\"24\" height=\"24\" \/> AUTOMATION<\/div>\n<\/div>\n<\/div>\n<p>[\/vc_column_text][\/vc_column_inner][\/vc_row_inner][\/vc_column][\/vc_row][vc_row full_width=&#8221;stretch_row&#8221; css=&#8221;.vc_custom_1553766882955{padding-bottom: 30px !important;}&#8221; el_class=&#8221;text-row my-0&#8243;][vc_column width=&#8221;1\/3&#8243;][vc_column_text]<img loading=\"lazy\" decoding=\"async\" width=\"1024\" height=\"576\" src=\"https:\/\/www.gpigroup.com\/app\/uploads\/2019\/05\/asa_automation.jpg\" class=\"asa-image rounded-circle d-md-inline d-none\" alt=\"GPI Automation\" srcset=\"https:\/\/www.gpigroup.com\/app\/uploads\/2019\/05\/asa_automation.jpg 1024w, https:\/\/www.gpigroup.com\/app\/uploads\/2019\/05\/asa_automation-300x169.jpg 300w, https:\/\/www.gpigroup.com\/app\/uploads\/2019\/05\/asa_automation-768x432.jpg 768w\" sizes=\"auto, (max-width: 1024px) 100vw, 1024px\" \/>[\/vc_column_text][\/vc_column][vc_column width=&#8221;2\/3&#8243;][vc_column_text el_class=&#8221;entice&#8221;]<br \/>\nSchnell, zuverl\u00e4ssig und vielseitig: RIEDL Phasys reduziert Abf\u00e4lle und modernisiert die Arbeit der Apotheker<br \/>\n[\/vc_column_text][vc_column_text]<strong>Revolution der pharmazeutischen Automatisierung<\/strong><\/p>\n<p>Mit der Einf\u00fchrung einer neuen \u00c4ra der Apothekenautomatisierung setzt RIEDL Phasys (PHarmacy Automation SYStem) neue Ma\u00dfst\u00e4be in Flexibilit\u00e4t und Effizienz. Im Mittelpunkt steht das Ziel, die Arzneimittelverteilung zu revolutionieren, indem eine optimale Raumnutzung mit verbesserten Kundenerfahrungen kombiniert wird \u2013 und gleichzeitig ein schnelleres Bedienungstempo am Tresen erm\u00f6glicht wird.<\/p>\n<p>Das technische Herzst\u00fcck von RIEDL Phasys ist seine fortschrittliche Greifertechnologie, die neue Standards in Leistung, Pr\u00e4zision und Zuverl\u00e4ssigkeit auf dem heutigen Markt setzt. Angetrieben von modernsten Bewegungsachsen und \u00fcber ein dediziertes Wi-Fi-Netzwerk nahtlos mit dem Steuersystem verbunden, gew\u00e4hrleistet der Greifer eine st\u00f6rungsfreie Kommunikation und einen reibungslosen Betrieb.<\/p>\n<p>Entdecken Sie die Zukunft der Apothekenautomatisierung mit RIEDL Phasys: Wo Innovation und Effizienz zusammenkommen und die Arbeitsweise von Apotheken \u2013 Rezept f\u00fcr Rezept \u2013 transformiert wird.<br \/>\n[\/vc_column_text][\/vc_column][\/vc_row][vc_row full_width=&#8221;stretch_row&#8221; css=&#8221;.vc_custom_1553766882955{padding-bottom: 30px !important;}&#8221; el_class=&#8221;text-row my-0&#8243;][vc_column width=&#8221;1\/3&#8243;][vc_column_text el_class=&#8221;entice&#8221;]<\/p>\n<div class=\"gpi_signature_title_tech\">RIEDL Phasys<\/div>\n<p>[\/vc_column_text][\/vc_column][vc_column width=&#8221;2\/3&#8243;][vc_column_text]<strong>Ma\u00dfgeschneidert: RIEDL Phasys ist individuell anpassbar<\/strong><\/p>\n<p>Der Kern jedes RIEDL Phasys-Systems ist seine kompromisslose Anpassungsf\u00e4higkeit. Entwickelt f\u00fcr spezifische Anforderungen an Raum und Verwaltung wird jede Phasys-Einheit sorgf\u00e4ltig konzipiert, um sich nahtlos in das Layout Ihrer Apotheke einzuf\u00fcgen, ohne strukturelle \u00c4nderungen zu erfordern.<\/p>\n<p>Doch die Individualisierung geht noch weiter. Mit einer Auswahl an individuell anpassbaren Farben und der M\u00f6glichkeit von Glaspaneelen wird jeder RIEDL Phasys zu einem einzigartigen Spiegelbild der Identit\u00e4t Ihrer Apotheke. Von modern und elegant bis hin zu klassisch und einladend \u2013 die \u00e4sthetischen M\u00f6glichkeiten sind nahezu grenzenlos. So hebt sich Ihre Apotheke nicht nur optisch hervor, sondern bietet auch un\u00fcbertroffene Effizienz und Servicequalit\u00e4t.<\/p>\n<p>Erleben Sie die perfekte Kombination aus Form und Funktion mit RIEDL Phasys: wo Flexibilit\u00e4t und Stil Hand in Hand gehen, um Ihre Apotheke zu einem Leuchtturm f\u00fcr Innovation und ma\u00dfgeschneiderten Service zu machen.<br \/>\n[\/vc_column_text][vc_images_carousel images=&#8221;147581,147593,147605,147617,147629,147641,147653&#8243; img_size=&#8221;full&#8221; speed=&#8221;3000&#8243; autoplay=&#8221;yes&#8221; wrap=&#8221;yes&#8221;][vc_column_text css=&#8221;&#8221; el_class=&#8221;mb-0&#8243;]<\/p>\n<p style=\"text-align: right;\"><a class=\"btn call-to-action\" href=\"https:\/\/www.gpigroup.com\/app\/uploads\/2025\/01\/2025-Brochure-RIEDL-Phasys_DE_vision_V1.pdf\" target=\"_blank\" rel=\"noopener\">Brochure herunterladen: RIEDL Phasys<\/a><\/p>\n<p>[\/vc_column_text][\/vc_column][\/vc_row][vc_row full_width=&#8221;stretch_row&#8221; css=&#8221;.vc_custom_1553766882955{padding-bottom: 30px !important;}&#8221; el_class=&#8221;text-row my-0&#8243;][vc_column width=&#8221;1\/3&#8243;][vc_column_text el_class=&#8221;entice&#8221;]<\/p>\n<div class=\"gpi_signature_title_tech\">Easy Phasys<\/div>\n<p>[\/vc_column_text][\/vc_column][vc_column width=&#8221;2\/3&#8243;][vc_column_text]<strong>Schnelligkeit, Zuverl\u00e4ssigkeit und Pr\u00e4zision in einem Standardformat<\/strong><\/p>\n<p>Easy Phasys ist die ideale L\u00f6sung f\u00fcr eine schnelle und m\u00fchelose Automatisierung der Medikamentenverwaltung in Ihrer Apotheke. Basierend auf der bew\u00e4hrten Technologie von RIEDL Phasys \u00fcbernimmt es den gleichen Hochleistungs-Greifer und gew\u00e4hrleistet h\u00f6chste Geschwindigkeits- und Pr\u00e4zisionsniveaus.<\/p>\n<p>Wie sein gro\u00dfer Bruder ist auch Easy Phasys das Ergebnis der Zusammenarbeit eines Teams deutscher Ingenieure mit \u00fcber zwei Jahrzehnten Erfahrung in der Apothekenautomatisierung und der GPI Gruppe, einem f\u00fchrenden Anbieter digitaler L\u00f6sungen im Gesundheitssektor.<\/p>\n<p>Verf\u00fcgbar in 10 Modellen unterschiedlicher Gr\u00f6\u00dfe, ist Easy Phasys die perfekte Wahl f\u00fcr alle, die eine zug\u00e4ngliche und kompromisslose Automatisierungsl\u00f6sung suchen.<br \/>\n[\/vc_column_text][vc_single_image image=&#8221;150083&#8243; img_size=&#8221;full&#8221;][vc_column_text css=&#8221;&#8221; el_class=&#8221;mb-0&#8243;]<\/p>\n<p style=\"text-align: right;\"><a class=\"btn call-to-action\" href=\"https:\/\/www.gpigroup.com\/app\/uploads\/2025\/01\/2025-Brochure-Easy-Phasys_DE_V2-.pdf\" target=\"_blank\" rel=\"noopener\">Brochure herunterladen: Easy Phasys<\/a><\/p>\n<p>[\/vc_column_text][\/vc_column][\/vc_row]<\/p>\n[vc_row full_width=\"stretch_row\" el_class=\"text-row my-0\"][vc_column][vc_row_inner][vc_column_inner width=\"1\/3\"][\/vc_column_inner][vc_column_inner width=\"1\/3\"][vc_column_text el_class=\"text-right text-md-left\"][\/vc_column_text][\/vc_column_inner][vc_column_inner width=\"1\/3\"][vc_column_text el_class=\"text-right\"]<a class=\"btn call-to-action\" href=\"https:\/\/riedlautomation.com\/\" target=\"_blank\" rel=\"noopener noreferrer\">Visit the website<\/a>[\/vc_column_text][\/vc_column_inner][\/vc_row_inner][vc_row_inner][vc_column_inner][vc_raw_html]JTVCY29udGFjdC1mb3JtLTclMjBpZCUzRCUyMjcwODklMjIlMjB0aXRsZSUzRCUyMkRvd25sb2FkJTIwYnJvY2h1cmUlMjBmb3JtJTIwSVQlMjIlMjBodG1sX2lkJTNEJTIyZ3BpLWRvd25sb2FkLWZvcm0lMjIlNUQ=[\/vc_raw_html][\/vc_column_inner][\/vc_row_inner][\/vc_column][\/vc_row][vc_row full_width=\"stretch_row\" el_class=\"vision mb-0 gpi-orange-bg\"][vc_column offset=\"vc_col-lg-3 vc_col-xs-12\"][vc_column_text]\n<h4>Contact our sales team<\/h4>[\/vc_column_text][\/vc_column][vc_column width=\"3\/4\" offset=\"vc_col-lg-offset-0 vc_col-sm-offset-3 vc_col-xs-12\"][vc_raw_html]JTVCY29udGFjdC1mb3JtLTclMjBpZCUzRCUyMjg1NDcxJTIyJTIwdGl0bGUlM0QlMjJCdXNpbmVzcyUyMGxpbmUlMjBmb3JtJTIyJTIwaHRtbF9pZCUzRCUyMmdwaS1jb250YWN0LWZvcm0lMjIlNUQ=[\/vc_raw_html][\/vc_column][\/vc_row]<\/div>","protected":false},"excerpt":{"rendered":"<p>[vc_row full_width=&#8221;stretch_row&#8221; css=&#8221;.vc_custom_1715597422046{padding-bottom: 30px !important;}&#8221; el_class=&#8221;text-row my-0&#8243;][vc_column][vc_row_inner][vc_column_inner][vc_column_text] Automatisierung der Apotheken im lokalen Bereich AUTOMATION [\/vc_column_text][\/vc_column_inner][\/vc_row_inner][\/vc_column][\/vc_row][vc_row full_width=&#8221;stretch_row&#8221; css=&#8221;.vc_custom_1553766882955{padding-bottom: 30px !important;}&#8221; el_class=&#8221;text-row my-0&#8243;][vc_column width=&#8221;1\/3&#8243;][vc_column_text][\/vc_column_text][\/vc_column][vc_column width=&#8221;2\/3&#8243;][vc_column_text el_class=&#8221;entice&#8221;] Schnell, zuverl\u00e4ssig und vielseitig: RIEDL Phasys reduziert Abf\u00e4lle und modernisiert die Arbeit der Apotheker [\/vc_column_text][vc_column_text]Revolution der pharmazeutischen Automatisierung Mit der Einf\u00fchrung einer neuen \u00c4ra der Apothekenautomatisierung setzt RIEDL Phasys (PHarmacy Automation<\/p>\n","protected":false},"author":1,"featured_media":68628,"parent":0,"menu_order":0,"comment_status":"closed","ping_status":"closed","template":"","meta":{"footnotes":""},"class_list":["post-162210","page","type-page","status-publish","has-post-thumbnail","hentry","section-offerta","business_line-automation"],"yoast_head":"<!-- This site is optimized with the Yoast SEO plugin v27.1.1 - https:\/\/yoast.com\/product\/yoast-seo-wordpress\/ -->\n<title>Automatisierung der Apotheken im lokalen Bereich | GPI<\/title>\n<meta name=\"description\" content=\"Schnell, zuverl\u00e4ssig und vielseitig: RIEDL Phasys reduziert Abf\u00e4lle und modernisiert die Arbeit der Apotheker\" \/>\n<meta name=\"robots\" content=\"index, follow, max-snippet:-1, max-image-preview:large, max-video-preview:-1\" \/>\n<link rel=\"canonical\" href=\"https:\/\/www.gpigroup.com\/de\/automatisierung-der-apotheken-im-lokalen-bereich\/\" \/>\n<meta property=\"og:locale\" content=\"de_DE\" \/>\n<meta property=\"og:type\" content=\"article\" \/>\n<meta property=\"og:title\" content=\"Automatisierung der Apotheken im lokalen Bereich | GPI\" \/>\n<meta property=\"og:description\" content=\"Schnell, zuverl\u00e4ssig und vielseitig: RIEDL Phasys reduziert Abf\u00e4lle und modernisiert die Arbeit der Apotheker\" \/>\n<meta property=\"og:url\" content=\"https:\/\/www.gpigroup.com\/de\/automatisierung-der-apotheken-im-lokalen-bereich\/\" \/>\n<meta property=\"og:site_name\" content=\"GPI\" \/>\n<meta property=\"article:publisher\" content=\"https:\/\/www.facebook.com\/GruppoGPI\/\" \/>\n<meta property=\"article:modified_time\" content=\"2025-01-29T15:22:37+00:00\" \/>\n<meta property=\"og:image\" content=\"https:\/\/www.gpigroup.com\/app\/uploads\/2019\/04\/og-link-preview-1.png\" \/>\n\t<meta property=\"og:image:width\" content=\"1366\" \/>\n\t<meta property=\"og:image:height\" content=\"768\" \/>\n\t<meta property=\"og:image:type\" content=\"image\/png\" \/>\n<meta name=\"twitter:card\" content=\"summary_large_image\" \/>\n<meta name=\"twitter:label1\" content=\"Est. reading time\" \/>\n\t<meta name=\"twitter:data1\" content=\"5 minutes\" \/>\n<script type=\"application\/ld+json\" class=\"yoast-schema-graph\">{\"@context\":\"https:\/\/schema.org\",\"@graph\":[{\"@type\":\"WebPage\",\"@id\":\"https:\/\/www.gpigroup.com\/de\/automatisierung-der-apotheken-im-lokalen-bereich\/\",\"url\":\"https:\/\/www.gpigroup.com\/de\/automatisierung-der-apotheken-im-lokalen-bereich\/\",\"name\":\"Automatisierung der Apotheken im lokalen Bereich | GPI\",\"isPartOf\":{\"@id\":\"https:\/\/www.gpigroup.com\/de\/#website\"},\"primaryImageOfPage\":{\"@id\":\"https:\/\/www.gpigroup.com\/de\/automatisierung-der-apotheken-im-lokalen-bereich\/#primaryimage\"},\"image\":{\"@id\":\"https:\/\/www.gpigroup.com\/de\/automatisierung-der-apotheken-im-lokalen-bereich\/#primaryimage\"},\"thumbnailUrl\":\"https:\/\/www.gpigroup.com\/app\/uploads\/2019\/04\/og-link-preview-1.png\",\"datePublished\":\"2019-03-28T14:22:34+00:00\",\"dateModified\":\"2025-01-29T15:22:37+00:00\",\"description\":\"Schnell, zuverl\u00e4ssig und vielseitig: RIEDL Phasys reduziert Abf\u00e4lle und modernisiert die Arbeit der Apotheker\",\"breadcrumb\":{\"@id\":\"https:\/\/www.gpigroup.com\/de\/automatisierung-der-apotheken-im-lokalen-bereich\/#breadcrumb\"},\"inLanguage\":\"de-DE\",\"potentialAction\":[{\"@type\":\"ReadAction\",\"target\":[\"https:\/\/www.gpigroup.com\/de\/automatisierung-der-apotheken-im-lokalen-bereich\/\"]}]},{\"@type\":\"ImageObject\",\"inLanguage\":\"de-DE\",\"@id\":\"https:\/\/www.gpigroup.com\/de\/automatisierung-der-apotheken-im-lokalen-bereich\/#primaryimage\",\"url\":\"https:\/\/www.gpigroup.com\/app\/uploads\/2019\/04\/og-link-preview-1.png\",\"contentUrl\":\"https:\/\/www.gpigroup.com\/app\/uploads\/2019\/04\/og-link-preview-1.png\",\"width\":1366,\"height\":768},{\"@type\":\"BreadcrumbList\",\"@id\":\"https:\/\/www.gpigroup.com\/de\/automatisierung-der-apotheken-im-lokalen-bereich\/#breadcrumb\",\"itemListElement\":[{\"@type\":\"ListItem\",\"position\":1,\"name\":\"Home\",\"item\":\"https:\/\/www.gpigroup.com\/de\/\"},{\"@type\":\"ListItem\",\"position\":2,\"name\":\"Automatisierung der Apotheken im lokalen Bereich\"}]},{\"@type\":\"WebSite\",\"@id\":\"https:\/\/www.gpigroup.com\/de\/#website\",\"url\":\"https:\/\/www.gpigroup.com\/de\/\",\"name\":\"GPI\",\"description\":\"The Healthcare Partner\",\"publisher\":{\"@id\":\"https:\/\/www.gpigroup.com\/de\/#organization\"},\"potentialAction\":[{\"@type\":\"SearchAction\",\"target\":{\"@type\":\"EntryPoint\",\"urlTemplate\":\"https:\/\/www.gpigroup.com\/de\/?s={search_term_string}\"},\"query-input\":{\"@type\":\"PropertyValueSpecification\",\"valueRequired\":true,\"valueName\":\"search_term_string\"}}],\"inLanguage\":\"de-DE\"},{\"@type\":\"Organization\",\"@id\":\"https:\/\/www.gpigroup.com\/de\/#organization\",\"name\":\"GPI S.p.A.\",\"url\":\"https:\/\/www.gpigroup.com\/de\/\",\"logo\":{\"@type\":\"ImageObject\",\"inLanguage\":\"de-DE\",\"@id\":\"https:\/\/www.gpigroup.com\/de\/#\/schema\/logo\/image\/\",\"url\":\"https:\/\/www.gpigroup.com\/app\/uploads\/2023\/03\/logo-GPI-2019-1.jpg\",\"contentUrl\":\"https:\/\/www.gpigroup.com\/app\/uploads\/2023\/03\/logo-GPI-2019-1.jpg\",\"width\":1946,\"height\":1945,\"caption\":\"GPI S.p.A.\"},\"image\":{\"@id\":\"https:\/\/www.gpigroup.com\/de\/#\/schema\/logo\/image\/\"},\"sameAs\":[\"https:\/\/www.facebook.com\/GruppoGPI\/\",\"https:\/\/www.linkedin.com\/company\/gpi-spa\",\"http:\/\/www.youtube.com\/user\/GruppoGPI\"]}]}<\/script>\n<!-- \/ Yoast SEO plugin. -->","yoast_head_json":{"title":"Automatisierung der Apotheken im lokalen Bereich | GPI","description":"Schnell, zuverl\u00e4ssig und vielseitig: RIEDL Phasys reduziert Abf\u00e4lle und modernisiert die Arbeit der Apotheker","robots":{"index":"index","follow":"follow","max-snippet":"max-snippet:-1","max-image-preview":"max-image-preview:large","max-video-preview":"max-video-preview:-1"},"canonical":"https:\/\/www.gpigroup.com\/de\/automatisierung-der-apotheken-im-lokalen-bereich\/","og_locale":"de_DE","og_type":"article","og_title":"Automatisierung der Apotheken im lokalen Bereich | GPI","og_description":"Schnell, zuverl\u00e4ssig und vielseitig: RIEDL Phasys reduziert Abf\u00e4lle und modernisiert die Arbeit der Apotheker","og_url":"https:\/\/www.gpigroup.com\/de\/automatisierung-der-apotheken-im-lokalen-bereich\/","og_site_name":"GPI","article_publisher":"https:\/\/www.facebook.com\/GruppoGPI\/","article_modified_time":"2025-01-29T15:22:37+00:00","og_image":[{"width":1366,"height":768,"url":"https:\/\/www.gpigroup.com\/app\/uploads\/2019\/04\/og-link-preview-1.png","type":"image\/png"}],"twitter_card":"summary_large_image","twitter_misc":{"Est. reading time":"5 minutes"},"schema":{"@context":"https:\/\/schema.org","@graph":[{"@type":"WebPage","@id":"https:\/\/www.gpigroup.com\/de\/automatisierung-der-apotheken-im-lokalen-bereich\/","url":"https:\/\/www.gpigroup.com\/de\/automatisierung-der-apotheken-im-lokalen-bereich\/","name":"Automatisierung der Apotheken im lokalen Bereich | GPI","isPartOf":{"@id":"https:\/\/www.gpigroup.com\/de\/#website"},"primaryImageOfPage":{"@id":"https:\/\/www.gpigroup.com\/de\/automatisierung-der-apotheken-im-lokalen-bereich\/#primaryimage"},"image":{"@id":"https:\/\/www.gpigroup.com\/de\/automatisierung-der-apotheken-im-lokalen-bereich\/#primaryimage"},"thumbnailUrl":"https:\/\/www.gpigroup.com\/app\/uploads\/2019\/04\/og-link-preview-1.png","datePublished":"2019-03-28T14:22:34+00:00","dateModified":"2025-01-29T15:22:37+00:00","description":"Schnell, zuverl\u00e4ssig und vielseitig: RIEDL Phasys reduziert Abf\u00e4lle und modernisiert die Arbeit der Apotheker","breadcrumb":{"@id":"https:\/\/www.gpigroup.com\/de\/automatisierung-der-apotheken-im-lokalen-bereich\/#breadcrumb"},"inLanguage":"de-DE","potentialAction":[{"@type":"ReadAction","target":["https:\/\/www.gpigroup.com\/de\/automatisierung-der-apotheken-im-lokalen-bereich\/"]}]},{"@type":"ImageObject","inLanguage":"de-DE","@id":"https:\/\/www.gpigroup.com\/de\/automatisierung-der-apotheken-im-lokalen-bereich\/#primaryimage","url":"https:\/\/www.gpigroup.com\/app\/uploads\/2019\/04\/og-link-preview-1.png","contentUrl":"https:\/\/www.gpigroup.com\/app\/uploads\/2019\/04\/og-link-preview-1.png","width":1366,"height":768},{"@type":"BreadcrumbList","@id":"https:\/\/www.gpigroup.com\/de\/automatisierung-der-apotheken-im-lokalen-bereich\/#breadcrumb","itemListElement":[{"@type":"ListItem","position":1,"name":"Home","item":"https:\/\/www.gpigroup.com\/de\/"},{"@type":"ListItem","position":2,"name":"Automatisierung der Apotheken im lokalen Bereich"}]},{"@type":"WebSite","@id":"https:\/\/www.gpigroup.com\/de\/#website","url":"https:\/\/www.gpigroup.com\/de\/","name":"GPI","description":"The Healthcare Partner","publisher":{"@id":"https:\/\/www.gpigroup.com\/de\/#organization"},"potentialAction":[{"@type":"SearchAction","target":{"@type":"EntryPoint","urlTemplate":"https:\/\/www.gpigroup.com\/de\/?s={search_term_string}"},"query-input":{"@type":"PropertyValueSpecification","valueRequired":true,"valueName":"search_term_string"}}],"inLanguage":"de-DE"},{"@type":"Organization","@id":"https:\/\/www.gpigroup.com\/de\/#organization","name":"GPI S.p.A.","url":"https:\/\/www.gpigroup.com\/de\/","logo":{"@type":"ImageObject","inLanguage":"de-DE","@id":"https:\/\/www.gpigroup.com\/de\/#\/schema\/logo\/image\/","url":"https:\/\/www.gpigroup.com\/app\/uploads\/2023\/03\/logo-GPI-2019-1.jpg","contentUrl":"https:\/\/www.gpigroup.com\/app\/uploads\/2023\/03\/logo-GPI-2019-1.jpg","width":1946,"height":1945,"caption":"GPI S.p.A."},"image":{"@id":"https:\/\/www.gpigroup.com\/de\/#\/schema\/logo\/image\/"},"sameAs":["https:\/\/www.facebook.com\/GruppoGPI\/","https:\/\/www.linkedin.com\/company\/gpi-spa","http:\/\/www.youtube.com\/user\/GruppoGPI"]}]}},"_links":{"self":[{"href":"https:\/\/www.gpigroup.com\/de\/wp-json\/wp\/v2\/pages\/162210","targetHints":{"allow":["GET"]}}],"collection":[{"href":"https:\/\/www.gpigroup.com\/de\/wp-json\/wp\/v2\/pages"}],"about":[{"href":"https:\/\/www.gpigroup.com\/de\/wp-json\/wp\/v2\/types\/page"}],"author":[{"embeddable":true,"href":"https:\/\/www.gpigroup.com\/de\/wp-json\/wp\/v2\/users\/1"}],"replies":[{"embeddable":true,"href":"https:\/\/www.gpigroup.com\/de\/wp-json\/wp\/v2\/comments?post=162210"}],"version-history":[{"count":12,"href":"https:\/\/www.gpigroup.com\/de\/wp-json\/wp\/v2\/pages\/162210\/revisions"}],"predecessor-version":[{"id":162490,"href":"https:\/\/www.gpigroup.com\/de\/wp-json\/wp\/v2\/pages\/162210\/revisions\/162490"}],"wp:featuredmedia":[{"embeddable":true,"href":"https:\/\/www.gpigroup.com\/de\/wp-json\/wp\/v2\/media\/68628"}],"wp:attachment":[{"href":"https:\/\/www.gpigroup.com\/de\/wp-json\/wp\/v2\/media?parent=162210"}],"curies":[{"name":"wp","href":"https:\/\/api.w.org\/{rel}","templated":true}]}}