{"id":161022,"date":"2024-04-27T12:01:59","date_gmt":"2024-04-27T10:01:59","guid":{"rendered":"https:\/\/www.gpigroup.com\/wholesalers-and-hubs-automation\/"},"modified":"2025-01-08T18:10:14","modified_gmt":"2025-01-08T17:10:14","slug":"automatisierung-fuer-grosshaendler-und-logistikzentren","status":"publish","type":"page","link":"https:\/\/www.gpigroup.com\/de\/automatisierung-fuer-grosshaendler-und-logistikzentren\/","title":{"rendered":"Automatisierung f\u00fcr Gro\u00dfh\u00e4ndler und Logistikzentren"},"content":{"rendered":"<div class=\"wpb-content-wrapper\"><p>[vc_row full_width=&#8221;stretch_row&#8221; css=&#8221;.vc_custom_1553766882955{padding-bottom: 30px !important;}&#8221; el_class=&#8221;text-row my-0&#8243;][vc_column][vc_row_inner][vc_column_inner][vc_column_text css=&#8221;&#8221;]<\/p>\n<div class=\"row asa-title\">\n<div class=\"col-12 col-md-6\">\n<img loading=\"lazy\" decoding=\"async\" width=\"1024\" height=\"576\" src=\"https:\/\/www.gpigroup.com\/app\/uploads\/2019\/05\/asa_automation.jpg\" class=\"asa-image asa-image-mobile rounded-circle d-md-none d-inline\" alt=\"GPI Automation\" srcset=\"https:\/\/www.gpigroup.com\/app\/uploads\/2019\/05\/asa_automation.jpg 1024w, https:\/\/www.gpigroup.com\/app\/uploads\/2019\/05\/asa_automation-300x169.jpg 300w, https:\/\/www.gpigroup.com\/app\/uploads\/2019\/05\/asa_automation-768x432.jpg 768w\" sizes=\"auto, (max-width: 1024px) 100vw, 1024px\" \/>\n<div class=\"gpi_signature_title_tech\">\n<h1>Automatisierung f&uuml;r H&auml;ndler und Hubs<\/h1>\n<\/div>\n<\/div>\n<div class=\"col-12 col-md-6\">\n<div class=\"asa-symbol\"><img loading=\"lazy\" decoding=\"async\" class=\"alignnone size-medium wp-image-3114\" role=\"img\" src=\"https:\/\/www.gpigroup.com\/app\/uploads\/\/2019\/03\/Automation-1.svg\" alt=\"\" width=\"24\" height=\"24\" \/> AUTOMATION<\/div>\n<\/div>\n<\/div>\n<p>[\/vc_column_text][\/vc_column_inner][\/vc_row_inner][\/vc_column][\/vc_row][vc_row full_width=&#8221;stretch_row&#8221; css=&#8221;.vc_custom_1553766882955{padding-bottom: 30px !important;}&#8221; el_class=&#8221;text-row my-0&#8243;][vc_column width=&#8221;1\/3&#8243;][vc_column_text]<img loading=\"lazy\" decoding=\"async\" width=\"1024\" height=\"576\" src=\"https:\/\/www.gpigroup.com\/app\/uploads\/2019\/05\/asa_automation.jpg\" class=\"asa-image rounded-circle d-md-inline d-none\" alt=\"GPI Automation\" srcset=\"https:\/\/www.gpigroup.com\/app\/uploads\/2019\/05\/asa_automation.jpg 1024w, https:\/\/www.gpigroup.com\/app\/uploads\/2019\/05\/asa_automation-300x169.jpg 300w, https:\/\/www.gpigroup.com\/app\/uploads\/2019\/05\/asa_automation-768x432.jpg 768w\" sizes=\"auto, (max-width: 1024px) 100vw, 1024px\" \/>[\/vc_column_text][\/vc_column][vc_column width=&#8221;2\/3&#8243;][vc_column_text css=&#8221;&#8221; el_class=&#8221;entice&#8221;]Die endg&uuml;ltige L&ouml;sung f&uuml;r Effizienz und Pr&auml;zision in der pharmazeutischen Distribution f&uuml;r Einzelh&auml;ndler und Hubs.[\/vc_column_text][vc_column_text css=&#8221;&#8221;]<strong>Revolutioniere die Effizienz in der pharmazeutischen Distribution mit RIEDL Phasys<\/strong><\/p>\n<p>Betritt eine neue &Auml;ra der Automatisierung f&uuml;r pharmazeutische H&auml;ndler und Hubs mit RIEDL Phasys, dem ma&szlig;geschneiderten System, das entwickelt wurde, um die Identifizierung und Nachverfolgbarkeit von Medikamenten in deinem &Ouml;kosystem zu optimieren. Unsere L&ouml;sung integriert ausgekl&uuml;gelte Software und Hardware, verbessert die Bestandskontrolle, erh&ouml;ht die Effizienz bei der Abgabe und gew&auml;hrleistet eine vollst&auml;ndige Nachverfolgbarkeit aller Produkte.<\/p>\n<p>Das Herzst&uuml;ck der Leistung von RIEDL Phasys liegt in unserer hochmodernen Technologie, die sorgf&auml;ltig entwickelt wurde, um neue Standards in Bezug auf Pr&auml;zision und Zuverl&auml;ssigkeit zu setzen. Dank dedizierter Komponenten und Konfigurationen ist das System optimiert, um die spezifischen Anforderungen von pharmazeutischen H&auml;ndlern zu erf&uuml;llen und sich nahtlos in bestehende Arbeitsabl&auml;ufe zu integrieren.[\/vc_column_text][vc_images_carousel images=&#8221;147997,148009,148021,148033&#8243; img_size=&#8221;full&#8221; onclick=&#8221;link_no&#8221; speed=&#8221;3000&#8243; autoplay=&#8221;yes&#8221; wrap=&#8221;yes&#8221;][vc_column_text css=&#8221;&#8221;]<strong>Entdecke die Hauptmerkmale von RIEDL Phasys f&uuml;r pharmazeutische H&auml;ndler:<\/strong><\/p>\n<ul>\n<li><strong>Au&szlig;ergew&ouml;hnliche Leistung<\/strong>: garantiert eine schnelle und pr&auml;zise Medikamentenabgabe.<\/li>\n<li><strong>Maximale Zuverl&auml;ssigkeit<\/strong>: minimiert Ausfallzeiten f&uuml;r einen ununterbrochenen Service.<\/li>\n<li><strong>Effiziente Lastenverwaltung<\/strong>: automatische und halbautomatische Ladeoptionen zur Maximierung der Effizienz.<\/li>\n<li><strong>Flexible Verpackungsverwaltung<\/strong>: unterst&uuml;tzt problemlos unterschiedliche Verpackungsformen.<\/li>\n<li><strong>Schnelle Abgabe<\/strong>: bedient deine Kunden schnell und pr&auml;zise.<\/li>\n<li><strong>Nahtlose Integration<\/strong>: l&auml;sst sich perfekt in deine bestehenden Informationssysteme f&uuml;r optimierte Abl&auml;ufe integrieren.<\/li>\n<\/ul>\n<p>Erlebe die Effizienz und Zuverl&auml;ssigkeit von RIEDL Phasys und verwandle die pharmazeutische Verteilungslogistik mit Geschwindigkeit und Pr&auml;zision. Revolutioniere die Abl&auml;ufe deines Unternehmens, Schritt f&uuml;r Schritt, mit RIEDL Phasys.<br \/>\nBesuche die Website[\/vc_column_text][\/vc_column][\/vc_row]<\/p>\n[vc_row full_width=\"stretch_row\" el_class=\"text-row my-0\"][vc_column][vc_row_inner][vc_column_inner width=\"1\/3\"][\/vc_column_inner][vc_column_inner width=\"1\/3\"][vc_column_text el_class=\"text-right text-md-left\"][\/vc_column_text][\/vc_column_inner][vc_column_inner width=\"1\/3\"][vc_column_text el_class=\"text-right\"]<a class=\"btn call-to-action\" href=\"https:\/\/riedlautomation.com\/de\" target=\"_blank\" rel=\"noopener noreferrer\">Visit the website<\/a>[\/vc_column_text][\/vc_column_inner][\/vc_row_inner][vc_row_inner][vc_column_inner][vc_raw_html]JTVCY29udGFjdC1mb3JtLTclMjBpZCUzRCUyMjcwODklMjIlMjB0aXRsZSUzRCUyMkRvd25sb2FkJTIwYnJvY2h1cmUlMjBmb3JtJTIwSVQlMjIlMjBodG1sX2lkJTNEJTIyZ3BpLWRvd25sb2FkLWZvcm0lMjIlNUQ=[\/vc_raw_html][\/vc_column_inner][\/vc_row_inner][\/vc_column][\/vc_row][vc_row full_width=\"stretch_row\" el_class=\"vision mb-0 gpi-orange-bg\"][vc_column offset=\"vc_col-lg-3 vc_col-xs-12\"][vc_column_text]\n<h4>Contact our sales team<\/h4>[\/vc_column_text][\/vc_column][vc_column width=\"3\/4\" offset=\"vc_col-lg-offset-0 vc_col-sm-offset-3 vc_col-xs-12\"][vc_raw_html]JTVCY29udGFjdC1mb3JtLTclMjBpZCUzRCUyMjg1NDcxJTIyJTIwdGl0bGUlM0QlMjJCdXNpbmVzcyUyMGxpbmUlMjBmb3JtJTIyJTIwaHRtbF9pZCUzRCUyMmdwaS1jb250YWN0LWZvcm0lMjIlNUQ=[\/vc_raw_html][\/vc_column][\/vc_row]<\/div>","protected":false},"excerpt":{"rendered":"<p>[vc_row full_width=&#8221;stretch_row&#8221; css=&#8221;.vc_custom_1553766882955{padding-bottom: 30px !important;}&#8221; el_class=&#8221;text-row my-0&#8243;][vc_column][vc_row_inner][vc_column_inner][vc_column_text css=&#8221;&#8221;] Automatisierung f&uuml;r H&auml;ndler und Hubs AUTOMATION [\/vc_column_text][\/vc_column_inner][\/vc_row_inner][\/vc_column][\/vc_row][vc_row full_width=&#8221;stretch_row&#8221; css=&#8221;.vc_custom_1553766882955{padding-bottom: 30px !important;}&#8221; el_class=&#8221;text-row my-0&#8243;][vc_column width=&#8221;1\/3&#8243;][vc_column_text][\/vc_column_text][\/vc_column][vc_column width=&#8221;2\/3&#8243;][vc_column_text css=&#8221;&#8221; el_class=&#8221;entice&#8221;]Die endg&uuml;ltige L&ouml;sung f&uuml;r Effizienz und Pr&auml;zision in der pharmazeutischen Distribution f&uuml;r Einzelh&auml;ndler und Hubs.[\/vc_column_text][vc_column_text css=&#8221;&#8221;]Revolutioniere die Effizienz in der pharmazeutischen Distribution mit RIEDL Phasys Betritt eine neue &Auml;ra der Automatisierung<\/p>\n","protected":false},"author":41,"featured_media":68628,"parent":0,"menu_order":0,"comment_status":"closed","ping_status":"closed","template":"","meta":{"footnotes":""},"class_list":["post-161022","page","type-page","status-publish","has-post-thumbnail","hentry","client_type-clinical-administrative-private-healthcare-de","client_type-clinical-administrative-public-health-de","client_type-gesundheitswesen","client_type-private-gesundheitsversorgung","page_category-angebot","section-offerta","business_line-automation"],"yoast_head":"<!-- This site is optimized with the Yoast SEO plugin v27.1.1 - https:\/\/yoast.com\/product\/yoast-seo-wordpress\/ -->\n<title>Automatisiertes Krankenhauslager f\u00fcr Gro\u00dfh\u00e4ndler und Logistikzentren | GPI<\/title>\n<meta name=\"description\" content=\"Die ultimative L\u00f6sung f\u00fcr Effizienz und Pr\u00e4zision in der pharmazeutischen Distribution f\u00fcr Gro\u00dfh\u00e4ndler und Logistikzentren\" \/>\n<meta name=\"robots\" content=\"index, follow, max-snippet:-1, max-image-preview:large, max-video-preview:-1\" \/>\n<link rel=\"canonical\" href=\"https:\/\/www.gpigroup.com\/de\/automatisierung-fuer-grosshaendler-und-logistikzentren\/\" \/>\n<meta property=\"og:locale\" content=\"de_DE\" \/>\n<meta property=\"og:type\" content=\"article\" \/>\n<meta property=\"og:title\" content=\"Automatisiertes Krankenhauslager f\u00fcr Gro\u00dfh\u00e4ndler und Logistikzentren | GPI\" \/>\n<meta property=\"og:description\" content=\"Die ultimative L\u00f6sung f\u00fcr Effizienz und Pr\u00e4zision in der pharmazeutischen Distribution f\u00fcr Gro\u00dfh\u00e4ndler und Logistikzentren\" \/>\n<meta property=\"og:url\" content=\"https:\/\/www.gpigroup.com\/de\/automatisierung-fuer-grosshaendler-und-logistikzentren\/\" \/>\n<meta property=\"og:site_name\" content=\"GPI\" \/>\n<meta property=\"article:publisher\" content=\"https:\/\/www.facebook.com\/GruppoGPI\/\" \/>\n<meta property=\"article:modified_time\" content=\"2025-01-08T17:10:14+00:00\" \/>\n<meta property=\"og:image\" content=\"https:\/\/www.gpigroup.com\/app\/uploads\/2019\/04\/og-link-preview-1.png\" \/>\n\t<meta property=\"og:image:width\" content=\"1366\" \/>\n\t<meta property=\"og:image:height\" content=\"768\" \/>\n\t<meta property=\"og:image:type\" content=\"image\/png\" \/>\n<meta name=\"twitter:card\" content=\"summary_large_image\" \/>\n<meta name=\"twitter:label1\" content=\"Est. reading time\" \/>\n\t<meta name=\"twitter:data1\" content=\"3 minutes\" \/>\n<script type=\"application\/ld+json\" class=\"yoast-schema-graph\">{\"@context\":\"https:\/\/schema.org\",\"@graph\":[{\"@type\":\"WebPage\",\"@id\":\"https:\/\/www.gpigroup.com\/de\/automatisierung-fuer-grosshaendler-und-logistikzentren\/\",\"url\":\"https:\/\/www.gpigroup.com\/de\/automatisierung-fuer-grosshaendler-und-logistikzentren\/\",\"name\":\"Automatisiertes Krankenhauslager f\u00fcr Gro\u00dfh\u00e4ndler und Logistikzentren | GPI\",\"isPartOf\":{\"@id\":\"https:\/\/www.gpigroup.com\/de\/#website\"},\"primaryImageOfPage\":{\"@id\":\"https:\/\/www.gpigroup.com\/de\/automatisierung-fuer-grosshaendler-und-logistikzentren\/#primaryimage\"},\"image\":{\"@id\":\"https:\/\/www.gpigroup.com\/de\/automatisierung-fuer-grosshaendler-und-logistikzentren\/#primaryimage\"},\"thumbnailUrl\":\"https:\/\/www.gpigroup.com\/app\/uploads\/2019\/04\/og-link-preview-1.png\",\"datePublished\":\"2024-04-27T10:01:59+00:00\",\"dateModified\":\"2025-01-08T17:10:14+00:00\",\"description\":\"Die ultimative L\u00f6sung f\u00fcr Effizienz und Pr\u00e4zision in der pharmazeutischen Distribution f\u00fcr Gro\u00dfh\u00e4ndler und Logistikzentren\",\"breadcrumb\":{\"@id\":\"https:\/\/www.gpigroup.com\/de\/automatisierung-fuer-grosshaendler-und-logistikzentren\/#breadcrumb\"},\"inLanguage\":\"de-DE\",\"potentialAction\":[{\"@type\":\"ReadAction\",\"target\":[\"https:\/\/www.gpigroup.com\/de\/automatisierung-fuer-grosshaendler-und-logistikzentren\/\"]}]},{\"@type\":\"ImageObject\",\"inLanguage\":\"de-DE\",\"@id\":\"https:\/\/www.gpigroup.com\/de\/automatisierung-fuer-grosshaendler-und-logistikzentren\/#primaryimage\",\"url\":\"https:\/\/www.gpigroup.com\/app\/uploads\/2019\/04\/og-link-preview-1.png\",\"contentUrl\":\"https:\/\/www.gpigroup.com\/app\/uploads\/2019\/04\/og-link-preview-1.png\",\"width\":1366,\"height\":768},{\"@type\":\"BreadcrumbList\",\"@id\":\"https:\/\/www.gpigroup.com\/de\/automatisierung-fuer-grosshaendler-und-logistikzentren\/#breadcrumb\",\"itemListElement\":[{\"@type\":\"ListItem\",\"position\":1,\"name\":\"Home\",\"item\":\"https:\/\/www.gpigroup.com\/de\/\"},{\"@type\":\"ListItem\",\"position\":2,\"name\":\"Automatisierung f\u00fcr Gro\u00dfh\u00e4ndler und Logistikzentren\"}]},{\"@type\":\"WebSite\",\"@id\":\"https:\/\/www.gpigroup.com\/de\/#website\",\"url\":\"https:\/\/www.gpigroup.com\/de\/\",\"name\":\"GPI\",\"description\":\"The Healthcare Partner\",\"publisher\":{\"@id\":\"https:\/\/www.gpigroup.com\/de\/#organization\"},\"potentialAction\":[{\"@type\":\"SearchAction\",\"target\":{\"@type\":\"EntryPoint\",\"urlTemplate\":\"https:\/\/www.gpigroup.com\/de\/?s={search_term_string}\"},\"query-input\":{\"@type\":\"PropertyValueSpecification\",\"valueRequired\":true,\"valueName\":\"search_term_string\"}}],\"inLanguage\":\"de-DE\"},{\"@type\":\"Organization\",\"@id\":\"https:\/\/www.gpigroup.com\/de\/#organization\",\"name\":\"GPI S.p.A.\",\"url\":\"https:\/\/www.gpigroup.com\/de\/\",\"logo\":{\"@type\":\"ImageObject\",\"inLanguage\":\"de-DE\",\"@id\":\"https:\/\/www.gpigroup.com\/de\/#\/schema\/logo\/image\/\",\"url\":\"https:\/\/www.gpigroup.com\/app\/uploads\/2023\/03\/logo-GPI-2019-1.jpg\",\"contentUrl\":\"https:\/\/www.gpigroup.com\/app\/uploads\/2023\/03\/logo-GPI-2019-1.jpg\",\"width\":1946,\"height\":1945,\"caption\":\"GPI S.p.A.\"},\"image\":{\"@id\":\"https:\/\/www.gpigroup.com\/de\/#\/schema\/logo\/image\/\"},\"sameAs\":[\"https:\/\/www.facebook.com\/GruppoGPI\/\",\"https:\/\/www.linkedin.com\/company\/gpi-spa\",\"http:\/\/www.youtube.com\/user\/GruppoGPI\"]}]}<\/script>\n<!-- \/ Yoast SEO plugin. -->","yoast_head_json":{"title":"Automatisiertes Krankenhauslager f\u00fcr Gro\u00dfh\u00e4ndler und Logistikzentren | GPI","description":"Die ultimative L\u00f6sung f\u00fcr Effizienz und Pr\u00e4zision in der pharmazeutischen Distribution f\u00fcr Gro\u00dfh\u00e4ndler und Logistikzentren","robots":{"index":"index","follow":"follow","max-snippet":"max-snippet:-1","max-image-preview":"max-image-preview:large","max-video-preview":"max-video-preview:-1"},"canonical":"https:\/\/www.gpigroup.com\/de\/automatisierung-fuer-grosshaendler-und-logistikzentren\/","og_locale":"de_DE","og_type":"article","og_title":"Automatisiertes Krankenhauslager f\u00fcr Gro\u00dfh\u00e4ndler und Logistikzentren | GPI","og_description":"Die ultimative L\u00f6sung f\u00fcr Effizienz und Pr\u00e4zision in der pharmazeutischen Distribution f\u00fcr Gro\u00dfh\u00e4ndler und Logistikzentren","og_url":"https:\/\/www.gpigroup.com\/de\/automatisierung-fuer-grosshaendler-und-logistikzentren\/","og_site_name":"GPI","article_publisher":"https:\/\/www.facebook.com\/GruppoGPI\/","article_modified_time":"2025-01-08T17:10:14+00:00","og_image":[{"width":1366,"height":768,"url":"https:\/\/www.gpigroup.com\/app\/uploads\/2019\/04\/og-link-preview-1.png","type":"image\/png"}],"twitter_card":"summary_large_image","twitter_misc":{"Est. reading time":"3 minutes"},"schema":{"@context":"https:\/\/schema.org","@graph":[{"@type":"WebPage","@id":"https:\/\/www.gpigroup.com\/de\/automatisierung-fuer-grosshaendler-und-logistikzentren\/","url":"https:\/\/www.gpigroup.com\/de\/automatisierung-fuer-grosshaendler-und-logistikzentren\/","name":"Automatisiertes Krankenhauslager f\u00fcr Gro\u00dfh\u00e4ndler und Logistikzentren | GPI","isPartOf":{"@id":"https:\/\/www.gpigroup.com\/de\/#website"},"primaryImageOfPage":{"@id":"https:\/\/www.gpigroup.com\/de\/automatisierung-fuer-grosshaendler-und-logistikzentren\/#primaryimage"},"image":{"@id":"https:\/\/www.gpigroup.com\/de\/automatisierung-fuer-grosshaendler-und-logistikzentren\/#primaryimage"},"thumbnailUrl":"https:\/\/www.gpigroup.com\/app\/uploads\/2019\/04\/og-link-preview-1.png","datePublished":"2024-04-27T10:01:59+00:00","dateModified":"2025-01-08T17:10:14+00:00","description":"Die ultimative L\u00f6sung f\u00fcr Effizienz und Pr\u00e4zision in der pharmazeutischen Distribution f\u00fcr Gro\u00dfh\u00e4ndler und Logistikzentren","breadcrumb":{"@id":"https:\/\/www.gpigroup.com\/de\/automatisierung-fuer-grosshaendler-und-logistikzentren\/#breadcrumb"},"inLanguage":"de-DE","potentialAction":[{"@type":"ReadAction","target":["https:\/\/www.gpigroup.com\/de\/automatisierung-fuer-grosshaendler-und-logistikzentren\/"]}]},{"@type":"ImageObject","inLanguage":"de-DE","@id":"https:\/\/www.gpigroup.com\/de\/automatisierung-fuer-grosshaendler-und-logistikzentren\/#primaryimage","url":"https:\/\/www.gpigroup.com\/app\/uploads\/2019\/04\/og-link-preview-1.png","contentUrl":"https:\/\/www.gpigroup.com\/app\/uploads\/2019\/04\/og-link-preview-1.png","width":1366,"height":768},{"@type":"BreadcrumbList","@id":"https:\/\/www.gpigroup.com\/de\/automatisierung-fuer-grosshaendler-und-logistikzentren\/#breadcrumb","itemListElement":[{"@type":"ListItem","position":1,"name":"Home","item":"https:\/\/www.gpigroup.com\/de\/"},{"@type":"ListItem","position":2,"name":"Automatisierung f\u00fcr Gro\u00dfh\u00e4ndler und Logistikzentren"}]},{"@type":"WebSite","@id":"https:\/\/www.gpigroup.com\/de\/#website","url":"https:\/\/www.gpigroup.com\/de\/","name":"GPI","description":"The Healthcare Partner","publisher":{"@id":"https:\/\/www.gpigroup.com\/de\/#organization"},"potentialAction":[{"@type":"SearchAction","target":{"@type":"EntryPoint","urlTemplate":"https:\/\/www.gpigroup.com\/de\/?s={search_term_string}"},"query-input":{"@type":"PropertyValueSpecification","valueRequired":true,"valueName":"search_term_string"}}],"inLanguage":"de-DE"},{"@type":"Organization","@id":"https:\/\/www.gpigroup.com\/de\/#organization","name":"GPI S.p.A.","url":"https:\/\/www.gpigroup.com\/de\/","logo":{"@type":"ImageObject","inLanguage":"de-DE","@id":"https:\/\/www.gpigroup.com\/de\/#\/schema\/logo\/image\/","url":"https:\/\/www.gpigroup.com\/app\/uploads\/2023\/03\/logo-GPI-2019-1.jpg","contentUrl":"https:\/\/www.gpigroup.com\/app\/uploads\/2023\/03\/logo-GPI-2019-1.jpg","width":1946,"height":1945,"caption":"GPI S.p.A."},"image":{"@id":"https:\/\/www.gpigroup.com\/de\/#\/schema\/logo\/image\/"},"sameAs":["https:\/\/www.facebook.com\/GruppoGPI\/","https:\/\/www.linkedin.com\/company\/gpi-spa","http:\/\/www.youtube.com\/user\/GruppoGPI"]}]}},"_links":{"self":[{"href":"https:\/\/www.gpigroup.com\/de\/wp-json\/wp\/v2\/pages\/161022","targetHints":{"allow":["GET"]}}],"collection":[{"href":"https:\/\/www.gpigroup.com\/de\/wp-json\/wp\/v2\/pages"}],"about":[{"href":"https:\/\/www.gpigroup.com\/de\/wp-json\/wp\/v2\/types\/page"}],"author":[{"embeddable":true,"href":"https:\/\/www.gpigroup.com\/de\/wp-json\/wp\/v2\/users\/41"}],"replies":[{"embeddable":true,"href":"https:\/\/www.gpigroup.com\/de\/wp-json\/wp\/v2\/comments?post=161022"}],"version-history":[{"count":6,"href":"https:\/\/www.gpigroup.com\/de\/wp-json\/wp\/v2\/pages\/161022\/revisions"}],"predecessor-version":[{"id":162576,"href":"https:\/\/www.gpigroup.com\/de\/wp-json\/wp\/v2\/pages\/161022\/revisions\/162576"}],"wp:featuredmedia":[{"embeddable":true,"href":"https:\/\/www.gpigroup.com\/de\/wp-json\/wp\/v2\/media\/68628"}],"wp:attachment":[{"href":"https:\/\/www.gpigroup.com\/de\/wp-json\/wp\/v2\/media?parent=161022"}],"curies":[{"name":"wp","href":"https:\/\/api.w.org\/{rel}","templated":true}]}}