{"id":160930,"date":"2024-07-27T08:16:24","date_gmt":"2024-07-27T06:16:24","guid":{"rendered":"https:\/\/www.gpigroup.com\/?page_id=160930"},"modified":"2025-01-17T10:25:45","modified_gmt":"2025-01-17T09:25:45","slug":"apothekenautomatisierung","status":"publish","type":"page","link":"https:\/\/www.gpigroup.com\/de\/apothekenautomatisierung\/","title":{"rendered":"Apothekenautomatisierung"},"content":{"rendered":"<div class=\"wpb-content-wrapper\"><p>[vc_row full_width=&#8221;stretch_row&#8221; css=&#8221;.vc_custom_1553766882955{padding-bottom: 30px !important;}&#8221; el_class=&#8221;text-row my-0&#8243;][vc_column][vc_row_inner][vc_column_inner][vc_column_text css=&#8221;&#8221;]<\/p>\n<div class=\"row asa-title\">\n<div class=\"col-12 col-md-6\">\n<img loading=\"lazy\" decoding=\"async\" width=\"1024\" height=\"576\" src=\"https:\/\/www.gpigroup.com\/app\/uploads\/2019\/05\/asa_automation.jpg\" class=\"asa-image asa-image-mobile rounded-circle d-md-none d-inline\" alt=\"GPI Automation\" srcset=\"https:\/\/www.gpigroup.com\/app\/uploads\/2019\/05\/asa_automation.jpg 1024w, https:\/\/www.gpigroup.com\/app\/uploads\/2019\/05\/asa_automation-300x169.jpg 300w, https:\/\/www.gpigroup.com\/app\/uploads\/2019\/05\/asa_automation-768x432.jpg 768w\" sizes=\"auto, (max-width: 1024px) 100vw, 1024px\" \/>\n<div class=\"gpi_signature_title_tech\">\n<h1>Automatisierung der Apotheken<\/h1>\n<h3>Produktangebot<\/h3>\n<\/div>\n<\/div>\n<\/div>\n<p>[\/vc_column_text][\/vc_column_inner][\/vc_row_inner][vc_row_inner][vc_column_inner width=&#8221;1\/3&#8243;][vc_column_text]<img loading=\"lazy\" decoding=\"async\" width=\"1024\" height=\"576\" src=\"https:\/\/www.gpigroup.com\/app\/uploads\/2019\/05\/asa_automation.jpg\" class=\"asa-image rounded-circle d-md-inline d-none\" alt=\"GPI Automation\" srcset=\"https:\/\/www.gpigroup.com\/app\/uploads\/2019\/05\/asa_automation.jpg 1024w, https:\/\/www.gpigroup.com\/app\/uploads\/2019\/05\/asa_automation-300x169.jpg 300w, https:\/\/www.gpigroup.com\/app\/uploads\/2019\/05\/asa_automation-768x432.jpg 768w\" sizes=\"auto, (max-width: 1024px) 100vw, 1024px\" \/>[\/vc_column_text][\/vc_column_inner][vc_column_inner width=&#8221;2\/3&#8243;][vc_column_text css=&#8221;&#8221;]Eine umfassende L\u00f6sung f\u00fcr die Medikamentenlogistik, die Behandlungsfehler reduziert, Kosten optimiert, den Arbeitsablauf von Apothekern modernisiert und die Effizienz in der pharmazeutischen Distribution verbessert.<\/p>\n<p>Die GPI Gruppe bietet erstklassige L\u00f6sungen f\u00fcr die Automatisierung des pharmazeutischen Managements und setzt damit einen Goldstandard in der Branche.<\/p>\n<p>Unsere fortschrittlichen Systeme richten sich an drei Hauptkundenkategorien: Krankenhausapotheken, \u00f6ffentliche Apotheken und Gro\u00dfh\u00e4ndler im Hub-and-Spoke-Modell.<\/p>\n<p>Entwickelt, um Abl\u00e4ufe zu vereinfachen, die Genauigkeit zu verbessern und eine optimale Bestandskontrolle zu gew\u00e4hrleisten, bieten unsere L\u00f6sungen bemerkenswerte Zuverl\u00e4ssigkeit und Effizienz.<\/p>\n<p>Dank der fortschrittlichen Technologie von GPI k\u00f6nnen sich Apotheken darauf konzentrieren, erstklassige Patientenversorgung zu bieten und gleichzeitig betriebliche Komplexit\u00e4ten zu minimieren.<\/p>\n<p>Schlie\u00dfen Sie sich den Marktf\u00fchrern im pharmazeutischen Management an und entdecken Sie, wie GPI Ihr Gesch\u00e4ft transformieren kann.<\/p>\n<p>Entdecken Sie unsere L\u00f6sungen, die darauf ausgelegt sind, die Abl\u00e4ufe Ihrer Apotheke zu unterst\u00fctzen, zu optimieren und zu verbessern.[\/vc_column_text][vc_single_image image=&#8221;147605&#8243; img_size=&#8221;full&#8221; css=&#8221;&#8221;][\/vc_column_inner][\/vc_row_inner][\/vc_column][\/vc_row][vc_row full_width=&#8221;stretch_row&#8221; disable_element=&#8221;yes&#8221; el_class=&#8221;text-row bl-body vision mb-0 frame-row&#8221;][vc_column el_class=&#8221;frame-column&#8221;][vc_column_text css=&#8221;.vc_custom_1722065292074{margin-bottom: 0px !important;}&#8221;]<\/p>\n<ul>\n<li><strong>Exceptional Performance<\/strong>: ensure swift and accurate medication dispensing.<\/li>\n<li><strong>High Reliability<\/strong>: minimize downtime for uninterrupted service.<\/li>\n<li><strong>Efficient Load Management<\/strong>: automatic and semi-automatic loading options for maximum efficiency.<\/li>\n<li><strong>Flexible Package Handling<\/strong>: easily accommodate various package shapes.<\/li>\n<li><strong>Rapid Dispensing<\/strong>: serve your customers quickly and accurately.<\/li>\n<li><strong>Seamless Integration<\/strong>: integrate seamlessly with your existing information systems for optimised operations.<\/li>\n<\/ul>\n<p>[\/vc_column_text][\/vc_column][\/vc_row][vc_row full_width=&#8221;stretch_row&#8221; disable_element=&#8221;yes&#8221; el_class=&#8221;color-white bg-purple pt-55&#8243;][vc_column][vc_column_text css=&#8221;&#8221;]<\/p>\n<h2 style=\"text-align: center;\">Key features<\/h2>\n<p>[\/vc_column_text][\/vc_column][\/vc_row][vc_row full_width=&#8221;stretch_row&#8221; el_class=&#8221;mb-0 pt-55 bg-purple color-white&#8221; css=&#8221;.vc_custom_1722252887084{margin-bottom: 0px !important;}&#8221;][vc_column width=&#8221;1\/3&#8243;][vc_single_image image=&#8221;153160&#8243; img_size=&#8221;large&#8221; alignment=&#8221;center&#8221; style=&#8221;vc_box_border_circle&#8221; border_color=&#8221;white&#8221; css=&#8221;&#8221; el_class=&#8221;gpi-image-circle-200&#8243;][vc_column_text css=&#8221;&#8221;]<\/p>\n<h4 style=\"text-align: center;\">Einzigartig<\/h4>\n<p>[\/vc_column_text][vc_column_text css=&#8221;&#8221;]<\/p>\n<p style=\"text-align: center;\"><strong>Genau wie Ihre Apotheke<br \/>\n<\/strong><\/p>\n<p>[\/vc_column_text][vc_column_text css=&#8221;&#8221;]<\/p>\n<p style=\"text-align: center;\">Wir entwerfen und bauen Ihr eigenes RIEDL Phasys, genau nach Ihren spezifischen Anforderungen.<\/p>\n<p>[\/vc_column_text][\/vc_column][vc_column width=&#8221;1\/3&#8243;][vc_single_image image=&#8221;153148&#8243; alignment=&#8221;center&#8221; style=&#8221;vc_box_border_circle&#8221; border_color=&#8221;white&#8221; css=&#8221;&#8221; el_class=&#8221;gpi-image-circle-200&#8243;][vc_column_text css=&#8221;&#8221;]<\/p>\n<h4 style=\"text-align: center;\">Schnell<\/h4>\n<p>[\/vc_column_text][vc_column_text css=&#8221;&#8221;]<\/p>\n<p style=\"text-align: center;\"><strong>Weil Ihre Zeit wertvoll ist<br \/>\n<\/strong><\/p>\n<p>[\/vc_column_text][vc_column_text css=&#8221;&#8221;]<\/p>\n<p style=\"text-align: center;\">Au\u00dfergew\u00f6hnliche Leistung sorgt f\u00fcr eine schnelle und pr\u00e4zise Medikamentenausgabe (ganze und teilweise Packungen) mit einer effizienten Ladeverwaltung (automatisch und halbautomatisch).<\/p>\n<p>[\/vc_column_text][\/vc_column][vc_column width=&#8221;1\/3&#8243;][vc_single_image image=&#8221;153136&#8243; alignment=&#8221;center&#8221; style=&#8221;vc_box_border_circle&#8221; border_color=&#8221;white&#8221; css=&#8221;&#8221; el_class=&#8221;gpi-image-circle-200&#8243;][vc_column_text css=&#8221;&#8221;]<\/p>\n<h4 style=\"text-align: center;\">Zuverl\u00e4ssig<\/h4>\n<p>[\/vc_column_text][vc_column_text css=&#8221;&#8221;]<\/p>\n<p style=\"text-align: center;\"><strong>Es wird nie m\u00fcde<br \/>\n<\/strong><\/p>\n<p>[\/vc_column_text][vc_column_text css=&#8221;&#8221;]<\/p>\n<p style=\"text-align: center;\">Die Pr\u00e4zision bei der Handhabung von Packungen gew\u00e4hrleistet eine hohe Servicekontinuit\u00e4t, indem Ineffizienzen und Maschinenausfallzeiten vermieden werden.<\/p>\n<p>[\/vc_column_text][\/vc_column][\/vc_row][vc_row full_width=&#8221;stretch_row&#8221; el_class=&#8221;mb-0 pt-55 bg-purple color-white&#8221; css=&#8221;.vc_custom_1722253072167{margin-bottom: 30px !important;padding-bottom: 30px !important;}&#8221;][vc_column width=&#8221;1\/3&#8243;][vc_single_image image=&#8221;153124&#8243; alignment=&#8221;center&#8221; style=&#8221;vc_box_border_circle&#8221; border_color=&#8221;white&#8221; css=&#8221;&#8221; el_class=&#8221;gpi-image-circle-200&#8243;][vc_column_text css=&#8221;&#8221;]<\/p>\n<h4 style=\"text-align: center;\">Energieeffizient<\/h4>\n<p>[\/vc_column_text][vc_column_text css=&#8221;&#8221;]<\/p>\n<p style=\"text-align: center;\"><strong>Ein Roboter mit &#8220;Haushaltsverbrauch&#8221;<br \/>\n<\/strong><\/p>\n<p>[\/vc_column_text][vc_column_text css=&#8221;&#8221;]<\/p>\n<p style=\"text-align: center;\">Der leichte Greifer, die reduzierte Reibung und die integrierte KERS-Technologie machen das RIEDL Phasys-System \u00e4u\u00dferst kosteneffizient (es verbraucht weniger als 0,5 kWh, wie ein \u00fcbliches Haushaltsger\u00e4t).<\/p>\n<p>[\/vc_column_text][\/vc_column][vc_column width=&#8221;1\/3&#8243;][vc_single_image image=&#8221;153112&#8243; img_size=&#8221;large&#8221; alignment=&#8221;center&#8221; style=&#8221;vc_box_border_circle&#8221; border_color=&#8221;white&#8221; css=&#8221;&#8221; el_class=&#8221;gpi-image-circle-200&#8243;][vc_column_text css=&#8221;&#8221;]<\/p>\n<h4 style=\"text-align: center;\">Wireless<\/h4>\n<p>[\/vc_column_text][vc_column_text css=&#8221;&#8221;]<\/p>\n<p style=\"text-align: center;\"><strong>Keine Kabel = mehr Freiheit<br \/>\n<\/strong><\/p>\n<p>[\/vc_column_text][vc_column_text css=&#8221;&#8221;]<\/p>\n<p style=\"text-align: center;\">Da der Greifer \u00fcber ein dediziertes Wi-Fi-Netzwerk mit dem System verbunden ist, ist er schneller, energieeffizienter, einfacher zu installieren sowie leichter zu bedienen und zu warten.<\/p>\n<p>[\/vc_column_text][\/vc_column][vc_column width=&#8221;1\/3&#8243;][vc_single_image image=&#8221;153076&#8243; alignment=&#8221;center&#8221; style=&#8221;vc_box_border_circle&#8221; border_color=&#8221;white&#8221; css=&#8221;&#8221; el_class=&#8221;gpi-image-circle-200&#8243;][vc_column_text css=&#8221;&#8221;]<\/p>\n<h4 style=\"text-align: center;\">Rund oder quadratisch<\/h4>\n<p>[\/vc_column_text][vc_column_text css=&#8221;&#8221;]<\/p>\n<p style=\"text-align: center;\"><strong>Es macht keinen Unterschied<br \/>\n<\/strong><\/p>\n<p>[\/vc_column_text][vc_column_text css=&#8221;&#8221;]<\/p>\n<p style=\"text-align: center;\">Es unterst\u00fctzt verschiedene Formen und Produkte; Sie entscheiden, was Sie in Ihr RIEDL Phasys laden m\u00f6chten.<\/p>\n<p>[\/vc_column_text][\/vc_column][\/vc_row][vc_row full_width=&#8221;stretch_row&#8221; css=&#8221;.vc_custom_1730050124215{margin-top: 30px !important;}&#8221; el_class=&#8221;mb-0 pt-55 bg-purple color-white&#8221;][vc_column][vc_column_text css=&#8221;.vc_custom_1735821621906{margin-bottom: 0px !important;}&#8221;]<\/p>\n<h2><span style=\"color: #ffffff;\">W\u00e4hlen Sie das System, das zu Ihnen passt<\/span><\/h2>\n<p>[\/vc_column_text][\/vc_column][\/vc_row][vc_row full_width=&#8221;stretch_row&#8221; el_class=&#8221;mb-0 pt-55 bg-purple color-white&#8221; css=&#8221;.vc_custom_1730050156690{margin-bottom: 30px !important;padding-bottom: 30px !important;}&#8221;][vc_column width=&#8221;1\/3&#8243;][vc_single_image image=&#8221;157785&#8243; alignment=&#8221;center&#8221; style=&#8221;vc_box_border_circle&#8221; border_color=&#8221;white&#8221; onclick=&#8221;custom_link&#8221; css=&#8221;&#8221; el_class=&#8221;gpi-image-circle-200&#8243; link=&#8221;https:\/\/www.gpigroup.com\/en-uk\/hospital-automation\/&#8221;][vc_column_text css=&#8221;&#8221;]<\/p>\n<p class=\"title-button\" style=\"text-align: center;\"><a class=\"btn call-to-action ml-auto call-to-action purple-bg-white\" href=\"https:\/\/www.gpigroup.com\/de\/krankenhausautomatisierung\/\" rel=\"noopener noreferrer\">Krankenhausapotheke<\/a><\/p>\n<p>[\/vc_column_text][\/vc_column][vc_column width=&#8221;1\/3&#8243;][vc_single_image image=&#8221;157773&#8243; img_size=&#8221;large&#8221; alignment=&#8221;center&#8221; style=&#8221;vc_box_border_circle&#8221; border_color=&#8221;white&#8221; onclick=&#8221;custom_link&#8221; css=&#8221;&#8221; el_class=&#8221;gpi-image-circle-200&#8243; link=&#8221;https:\/\/www.gpigroup.com\/en-uk\/community-pharmacy-automation\/&#8221;][vc_column_text css=&#8221;&#8221;]<\/p>\n<p class=\"title-button\" style=\"text-align: center;\"><a class=\"btn call-to-action ml-auto call-to-action purple-bg-white\" href=\"https:\/\/www.gpigroup.com\/de\/automatisierung-der-apotheken-im-lokalen-bereich\/\" rel=\"noopener noreferrer\">\u00d6ffentliche Apotheke<\/a><\/p>\n<p>[\/vc_column_text][\/vc_column][vc_column width=&#8221;1\/3&#8243;][vc_single_image image=&#8221;157761&#8243; alignment=&#8221;center&#8221; style=&#8221;vc_box_border_circle&#8221; border_color=&#8221;white&#8221; onclick=&#8221;custom_link&#8221; css=&#8221;&#8221; el_class=&#8221;gpi-image-circle-200&#8243; link=&#8221;https:\/\/www.gpigroup.com\/en-uk\/wholesalers-and-hubs-automation\/&#8221;][vc_column_text css=&#8221;&#8221;]<\/p>\n<p class=\"title-button\" style=\"text-align: center;\"><a class=\"btn call-to-action ml-auto call-to-action purple-bg-white\" href=\"https:\/\/www.gpigroup.com\/de\/automatisierung-fuer-grosshaendler-und-logistikzentren\/\" rel=\"noopener noreferrer\">Gro\u00dfh\u00e4ndler &amp; Hub<\/a><\/p>\n<p>[\/vc_column_text][\/vc_column][\/vc_row][vc_row css=&#8221;.vc_custom_1722257953881{margin-top: 30px !important;}&#8221;][vc_column][vc_column_text css=&#8221;&#8221; el_class=&#8221;entice&#8221;][\/vc_column_text][\/vc_column][\/vc_row]<\/p>\n[vc_row full_width=\"stretch_row\" el_class=\"vision mb-0 gpi-orange-bg\"][vc_column offset=\"vc_col-lg-3 vc_col-xs-12\"][vc_column_text]\n<h4>Contact our sales team<\/h4>[\/vc_column_text][\/vc_column][vc_column width=\"3\/4\" offset=\"vc_col-lg-offset-0 vc_col-sm-offset-3 vc_col-xs-12\"][vc_raw_html]JTVCY29udGFjdC1mb3JtLTclMjBpZCUzRCUyMjg1NDcxJTIyJTIwdGl0bGUlM0QlMjJCdXNpbmVzcyUyMGxpbmUlMjBmb3JtJTIyJTIwaHRtbF9pZCUzRCUyMmdwaS1jb250YWN0LWZvcm0lMjIlNUQ=[\/vc_raw_html][\/vc_column][\/vc_row]<\/div>","protected":false},"excerpt":{"rendered":"<p>[vc_row full_width=&#8221;stretch_row&#8221; css=&#8221;.vc_custom_1553766882955{padding-bottom: 30px !important;}&#8221; el_class=&#8221;text-row my-0&#8243;][vc_column][vc_row_inner][vc_column_inner][vc_column_text css=&#8221;&#8221;] Automatisierung der Apotheken Produktangebot [\/vc_column_text][\/vc_column_inner][\/vc_row_inner][vc_row_inner][vc_column_inner width=&#8221;1\/3&#8243;][vc_column_text][\/vc_column_text][\/vc_column_inner][vc_column_inner width=&#8221;2\/3&#8243;][vc_column_text css=&#8221;&#8221;]Eine umfassende L\u00f6sung f\u00fcr die Medikamentenlogistik, die Behandlungsfehler reduziert, Kosten optimiert, den Arbeitsablauf von Apothekern modernisiert und die Effizienz in der pharmazeutischen Distribution verbessert. Die GPI Gruppe bietet erstklassige L\u00f6sungen f\u00fcr die Automatisierung des pharmazeutischen Managements und setzt damit einen<\/p>\n","protected":false},"author":23,"featured_media":68628,"parent":0,"menu_order":0,"comment_status":"closed","ping_status":"closed","template":"","meta":{"footnotes":""},"class_list":["post-160930","page","type-page","status-publish","has-post-thumbnail","hentry","client_type-gesundheitswesen","client_type-private-gesundheitsversorgung","page_category-angebot","section-offerta","business_line-automation"],"yoast_head":"<!-- This site is optimized with the Yoast SEO plugin v27.1.1 - https:\/\/yoast.com\/product\/yoast-seo-wordpress\/ -->\n<title>Apothekenautomatisierung | GPI<\/title>\n<meta name=\"description\" content=\"Eine umfassende L\u00f6sung f\u00fcr die Medikamentenlogistik, die Behandlungsfehler reduziert, Kosten optimiert, den Arbeitsablauf von Apothekern modernisiert und die Effizienz in der pharmazeutischen Distribution verbessert.\" \/>\n<meta name=\"robots\" content=\"index, follow, max-snippet:-1, max-image-preview:large, max-video-preview:-1\" \/>\n<link rel=\"canonical\" href=\"https:\/\/www.gpigroup.com\/de\/apothekenautomatisierung\/\" \/>\n<meta property=\"og:locale\" content=\"de_DE\" \/>\n<meta property=\"og:type\" content=\"article\" \/>\n<meta property=\"og:title\" content=\"Apothekenautomatisierung | GPI\" \/>\n<meta property=\"og:description\" content=\"Eine umfassende L\u00f6sung f\u00fcr die Medikamentenlogistik, die Behandlungsfehler reduziert, Kosten optimiert, den Arbeitsablauf von Apothekern modernisiert und die Effizienz in der pharmazeutischen Distribution verbessert.\" \/>\n<meta property=\"og:url\" content=\"https:\/\/www.gpigroup.com\/de\/apothekenautomatisierung\/\" \/>\n<meta property=\"og:site_name\" content=\"GPI\" \/>\n<meta property=\"article:publisher\" content=\"https:\/\/www.facebook.com\/GruppoGPI\/\" \/>\n<meta property=\"article:modified_time\" content=\"2025-01-17T09:25:45+00:00\" \/>\n<meta property=\"og:image\" content=\"https:\/\/www.gpigroup.com\/app\/uploads\/2019\/04\/og-link-preview-1.png\" \/>\n\t<meta property=\"og:image:width\" content=\"1366\" \/>\n\t<meta property=\"og:image:height\" content=\"768\" \/>\n\t<meta property=\"og:image:type\" content=\"image\/png\" \/>\n<meta name=\"twitter:card\" content=\"summary_large_image\" \/>\n<meta name=\"twitter:label1\" content=\"Est. reading time\" \/>\n\t<meta name=\"twitter:data1\" content=\"6 minutes\" \/>\n<script type=\"application\/ld+json\" class=\"yoast-schema-graph\">{\"@context\":\"https:\/\/schema.org\",\"@graph\":[{\"@type\":\"WebPage\",\"@id\":\"https:\/\/www.gpigroup.com\/de\/apothekenautomatisierung\/\",\"url\":\"https:\/\/www.gpigroup.com\/de\/apothekenautomatisierung\/\",\"name\":\"Apothekenautomatisierung | GPI\",\"isPartOf\":{\"@id\":\"https:\/\/www.gpigroup.com\/de\/#website\"},\"primaryImageOfPage\":{\"@id\":\"https:\/\/www.gpigroup.com\/de\/apothekenautomatisierung\/#primaryimage\"},\"image\":{\"@id\":\"https:\/\/www.gpigroup.com\/de\/apothekenautomatisierung\/#primaryimage\"},\"thumbnailUrl\":\"https:\/\/www.gpigroup.com\/app\/uploads\/2019\/04\/og-link-preview-1.png\",\"datePublished\":\"2024-07-27T06:16:24+00:00\",\"dateModified\":\"2025-01-17T09:25:45+00:00\",\"description\":\"Eine umfassende L\u00f6sung f\u00fcr die Medikamentenlogistik, die Behandlungsfehler reduziert, Kosten optimiert, den Arbeitsablauf von Apothekern modernisiert und die Effizienz in der pharmazeutischen Distribution verbessert.\",\"breadcrumb\":{\"@id\":\"https:\/\/www.gpigroup.com\/de\/apothekenautomatisierung\/#breadcrumb\"},\"inLanguage\":\"de-DE\",\"potentialAction\":[{\"@type\":\"ReadAction\",\"target\":[\"https:\/\/www.gpigroup.com\/de\/apothekenautomatisierung\/\"]}]},{\"@type\":\"ImageObject\",\"inLanguage\":\"de-DE\",\"@id\":\"https:\/\/www.gpigroup.com\/de\/apothekenautomatisierung\/#primaryimage\",\"url\":\"https:\/\/www.gpigroup.com\/app\/uploads\/2019\/04\/og-link-preview-1.png\",\"contentUrl\":\"https:\/\/www.gpigroup.com\/app\/uploads\/2019\/04\/og-link-preview-1.png\",\"width\":1366,\"height\":768},{\"@type\":\"BreadcrumbList\",\"@id\":\"https:\/\/www.gpigroup.com\/de\/apothekenautomatisierung\/#breadcrumb\",\"itemListElement\":[{\"@type\":\"ListItem\",\"position\":1,\"name\":\"Home\",\"item\":\"https:\/\/www.gpigroup.com\/de\/\"},{\"@type\":\"ListItem\",\"position\":2,\"name\":\"Apothekenautomatisierung\"}]},{\"@type\":\"WebSite\",\"@id\":\"https:\/\/www.gpigroup.com\/de\/#website\",\"url\":\"https:\/\/www.gpigroup.com\/de\/\",\"name\":\"GPI\",\"description\":\"The Healthcare Partner\",\"publisher\":{\"@id\":\"https:\/\/www.gpigroup.com\/de\/#organization\"},\"potentialAction\":[{\"@type\":\"SearchAction\",\"target\":{\"@type\":\"EntryPoint\",\"urlTemplate\":\"https:\/\/www.gpigroup.com\/de\/?s={search_term_string}\"},\"query-input\":{\"@type\":\"PropertyValueSpecification\",\"valueRequired\":true,\"valueName\":\"search_term_string\"}}],\"inLanguage\":\"de-DE\"},{\"@type\":\"Organization\",\"@id\":\"https:\/\/www.gpigroup.com\/de\/#organization\",\"name\":\"GPI S.p.A.\",\"url\":\"https:\/\/www.gpigroup.com\/de\/\",\"logo\":{\"@type\":\"ImageObject\",\"inLanguage\":\"de-DE\",\"@id\":\"https:\/\/www.gpigroup.com\/de\/#\/schema\/logo\/image\/\",\"url\":\"https:\/\/www.gpigroup.com\/app\/uploads\/2023\/03\/logo-GPI-2019-1.jpg\",\"contentUrl\":\"https:\/\/www.gpigroup.com\/app\/uploads\/2023\/03\/logo-GPI-2019-1.jpg\",\"width\":1946,\"height\":1945,\"caption\":\"GPI S.p.A.\"},\"image\":{\"@id\":\"https:\/\/www.gpigroup.com\/de\/#\/schema\/logo\/image\/\"},\"sameAs\":[\"https:\/\/www.facebook.com\/GruppoGPI\/\",\"https:\/\/www.linkedin.com\/company\/gpi-spa\",\"http:\/\/www.youtube.com\/user\/GruppoGPI\"]}]}<\/script>\n<!-- \/ Yoast SEO plugin. -->","yoast_head_json":{"title":"Apothekenautomatisierung | GPI","description":"Eine umfassende L\u00f6sung f\u00fcr die Medikamentenlogistik, die Behandlungsfehler reduziert, Kosten optimiert, den Arbeitsablauf von Apothekern modernisiert und die Effizienz in der pharmazeutischen Distribution verbessert.","robots":{"index":"index","follow":"follow","max-snippet":"max-snippet:-1","max-image-preview":"max-image-preview:large","max-video-preview":"max-video-preview:-1"},"canonical":"https:\/\/www.gpigroup.com\/de\/apothekenautomatisierung\/","og_locale":"de_DE","og_type":"article","og_title":"Apothekenautomatisierung | GPI","og_description":"Eine umfassende L\u00f6sung f\u00fcr die Medikamentenlogistik, die Behandlungsfehler reduziert, Kosten optimiert, den Arbeitsablauf von Apothekern modernisiert und die Effizienz in der pharmazeutischen Distribution verbessert.","og_url":"https:\/\/www.gpigroup.com\/de\/apothekenautomatisierung\/","og_site_name":"GPI","article_publisher":"https:\/\/www.facebook.com\/GruppoGPI\/","article_modified_time":"2025-01-17T09:25:45+00:00","og_image":[{"width":1366,"height":768,"url":"https:\/\/www.gpigroup.com\/app\/uploads\/2019\/04\/og-link-preview-1.png","type":"image\/png"}],"twitter_card":"summary_large_image","twitter_misc":{"Est. reading time":"6 minutes"},"schema":{"@context":"https:\/\/schema.org","@graph":[{"@type":"WebPage","@id":"https:\/\/www.gpigroup.com\/de\/apothekenautomatisierung\/","url":"https:\/\/www.gpigroup.com\/de\/apothekenautomatisierung\/","name":"Apothekenautomatisierung | GPI","isPartOf":{"@id":"https:\/\/www.gpigroup.com\/de\/#website"},"primaryImageOfPage":{"@id":"https:\/\/www.gpigroup.com\/de\/apothekenautomatisierung\/#primaryimage"},"image":{"@id":"https:\/\/www.gpigroup.com\/de\/apothekenautomatisierung\/#primaryimage"},"thumbnailUrl":"https:\/\/www.gpigroup.com\/app\/uploads\/2019\/04\/og-link-preview-1.png","datePublished":"2024-07-27T06:16:24+00:00","dateModified":"2025-01-17T09:25:45+00:00","description":"Eine umfassende L\u00f6sung f\u00fcr die Medikamentenlogistik, die Behandlungsfehler reduziert, Kosten optimiert, den Arbeitsablauf von Apothekern modernisiert und die Effizienz in der pharmazeutischen Distribution verbessert.","breadcrumb":{"@id":"https:\/\/www.gpigroup.com\/de\/apothekenautomatisierung\/#breadcrumb"},"inLanguage":"de-DE","potentialAction":[{"@type":"ReadAction","target":["https:\/\/www.gpigroup.com\/de\/apothekenautomatisierung\/"]}]},{"@type":"ImageObject","inLanguage":"de-DE","@id":"https:\/\/www.gpigroup.com\/de\/apothekenautomatisierung\/#primaryimage","url":"https:\/\/www.gpigroup.com\/app\/uploads\/2019\/04\/og-link-preview-1.png","contentUrl":"https:\/\/www.gpigroup.com\/app\/uploads\/2019\/04\/og-link-preview-1.png","width":1366,"height":768},{"@type":"BreadcrumbList","@id":"https:\/\/www.gpigroup.com\/de\/apothekenautomatisierung\/#breadcrumb","itemListElement":[{"@type":"ListItem","position":1,"name":"Home","item":"https:\/\/www.gpigroup.com\/de\/"},{"@type":"ListItem","position":2,"name":"Apothekenautomatisierung"}]},{"@type":"WebSite","@id":"https:\/\/www.gpigroup.com\/de\/#website","url":"https:\/\/www.gpigroup.com\/de\/","name":"GPI","description":"The Healthcare Partner","publisher":{"@id":"https:\/\/www.gpigroup.com\/de\/#organization"},"potentialAction":[{"@type":"SearchAction","target":{"@type":"EntryPoint","urlTemplate":"https:\/\/www.gpigroup.com\/de\/?s={search_term_string}"},"query-input":{"@type":"PropertyValueSpecification","valueRequired":true,"valueName":"search_term_string"}}],"inLanguage":"de-DE"},{"@type":"Organization","@id":"https:\/\/www.gpigroup.com\/de\/#organization","name":"GPI S.p.A.","url":"https:\/\/www.gpigroup.com\/de\/","logo":{"@type":"ImageObject","inLanguage":"de-DE","@id":"https:\/\/www.gpigroup.com\/de\/#\/schema\/logo\/image\/","url":"https:\/\/www.gpigroup.com\/app\/uploads\/2023\/03\/logo-GPI-2019-1.jpg","contentUrl":"https:\/\/www.gpigroup.com\/app\/uploads\/2023\/03\/logo-GPI-2019-1.jpg","width":1946,"height":1945,"caption":"GPI S.p.A."},"image":{"@id":"https:\/\/www.gpigroup.com\/de\/#\/schema\/logo\/image\/"},"sameAs":["https:\/\/www.facebook.com\/GruppoGPI\/","https:\/\/www.linkedin.com\/company\/gpi-spa","http:\/\/www.youtube.com\/user\/GruppoGPI"]}]}},"_links":{"self":[{"href":"https:\/\/www.gpigroup.com\/de\/wp-json\/wp\/v2\/pages\/160930","targetHints":{"allow":["GET"]}}],"collection":[{"href":"https:\/\/www.gpigroup.com\/de\/wp-json\/wp\/v2\/pages"}],"about":[{"href":"https:\/\/www.gpigroup.com\/de\/wp-json\/wp\/v2\/types\/page"}],"author":[{"embeddable":true,"href":"https:\/\/www.gpigroup.com\/de\/wp-json\/wp\/v2\/users\/23"}],"replies":[{"embeddable":true,"href":"https:\/\/www.gpigroup.com\/de\/wp-json\/wp\/v2\/comments?post=160930"}],"version-history":[{"count":6,"href":"https:\/\/www.gpigroup.com\/de\/wp-json\/wp\/v2\/pages\/160930\/revisions"}],"predecessor-version":[{"id":163219,"href":"https:\/\/www.gpigroup.com\/de\/wp-json\/wp\/v2\/pages\/160930\/revisions\/163219"}],"wp:featuredmedia":[{"embeddable":true,"href":"https:\/\/www.gpigroup.com\/de\/wp-json\/wp\/v2\/media\/68628"}],"wp:attachment":[{"href":"https:\/\/www.gpigroup.com\/de\/wp-json\/wp\/v2\/media?parent=160930"}],"curies":[{"name":"wp","href":"https:\/\/api.w.org\/{rel}","templated":true}]}}