{"id":157147,"date":"2024-09-20T17:27:16","date_gmt":"2024-09-20T15:27:16","guid":{"rendered":"https:\/\/www.gpigroup.com\/?page_id=157147"},"modified":"2024-10-24T10:32:10","modified_gmt":"2024-10-24T08:32:10","slug":"gpi4med-telemed-24","status":"publish","type":"page","link":"https:\/\/www.gpigroup.com\/de\/gpi4med-telemed-24\/","title":{"rendered":"Gpi4Med.TELEMED"},"content":{"rendered":"<div class=\"wpb-content-wrapper\"><p>[vc_row full_width=&#8221;stretch_row&#8221; el_class=&#8221;text-row my-0&#8243;][vc_column][vc_row_inner][vc_column_inner][vc_column_text css=&#8221;&#8221;]<\/p>\n<div class=\"row asa-title\">\n<div class=\"col-12 col-md-6\">\n<img loading=\"lazy\" decoding=\"async\" width=\"1024\" height=\"576\" src=\"https:\/\/www.gpigroup.com\/app\/uploads\/2019\/05\/asa_software.jpg\" class=\"asa-image asa-image-mobile rounded-circle d-md-none d-inline\" alt=\"GPI Software\" srcset=\"https:\/\/www.gpigroup.com\/app\/uploads\/2019\/05\/asa_software.jpg 1024w, https:\/\/www.gpigroup.com\/app\/uploads\/2019\/05\/asa_software-300x169.jpg 300w, https:\/\/www.gpigroup.com\/app\/uploads\/2019\/05\/asa_software-768x432.jpg 768w\" sizes=\"auto, (max-width: 1024px) 100vw, 1024px\" \/>\n<div class=\"gpi_signature_title_tech\">\n<h1>Gpi4Med.TELEMED<\/h1>\n<\/div>\n<\/div>\n<div class=\"col-12 col-md-6\">\n<div class=\"asa-symbol\"><img loading=\"lazy\" decoding=\"async\" class=\"alignnone size-medium wp-image-3055\" role=\"img\" src=\"https:\/\/www.gpigroup.com\/app\/uploads\/\/2019\/03\/Software-1.svg\" alt=\"\" width=\"24\" height=\"24\" \/>\u00a0SOFTWARE<\/div>\n<\/div>\n<\/div>\n<p>[\/vc_column_text][\/vc_column_inner][\/vc_row_inner][vc_row_inner el_class=&#8221;bl-body&#8221;][vc_column_inner width=&#8221;1\/3&#8243;][vc_column_text]<img loading=\"lazy\" decoding=\"async\" width=\"1024\" height=\"576\" src=\"https:\/\/www.gpigroup.com\/app\/uploads\/2019\/05\/asa_software.jpg\" class=\"asa-image rounded-circle d-md-inline d-none\" alt=\"GPI Software\" srcset=\"https:\/\/www.gpigroup.com\/app\/uploads\/2019\/05\/asa_software.jpg 1024w, https:\/\/www.gpigroup.com\/app\/uploads\/2019\/05\/asa_software-300x169.jpg 300w, https:\/\/www.gpigroup.com\/app\/uploads\/2019\/05\/asa_software-768x432.jpg 768w\" sizes=\"auto, (max-width: 1024px) 100vw, 1024px\" \/>[\/vc_column_text][\/vc_column_inner][vc_column_inner width=&#8221;2\/3&#8243;][vc_column_text css=&#8221;&#8221; el_class=&#8221;entice&#8221;]Gpi4Med.TELEMED ist eine Suite von Software- und Hardwareprodukten f\u00fcr Telemedizin, Telemonitoring und Teleassistenz, einschlie\u00dflich der Fern\u00fcberwachung von Vitalzeichen.<br \/>\nDiese spezialisierte Produktlinie der Gpi4Med Suite umfasst:[\/vc_column_text][\/vc_column_inner][\/vc_row_inner][vc_row_inner][vc_column_inner width=&#8221;1\/3&#8243;][\/vc_column_inner][vc_column_inner width=&#8221;2\/3&#8243;][vc_column_text css=&#8221;&#8221;]<\/p>\n<ul>\n<li><strong>POHEMA<\/strong> ist eine vielseitige und modulare L\u00f6sung f\u00fcr die digitale Gesundheitsversorgung, die sich nahtlos in Krankenhaus- und regionale Informationssysteme, Hausarztakten und verschiedene \u00dcberwachungsger\u00e4te integrieren l\u00e4sst. Das modulare System aus Business Package Capabilities (BPCs) passt sich flexibel an sich wandelnde Zukunftsszenarien an und schafft eine neue digitale Erfahrung f\u00fcr Patienten und medizinisches Fachpersonal.<span style=\"text-decoration: underline;\">Hauptfunktionen:<\/span>\n<ul>\n<li>Verwaltung der Patientenrekrutierung und Terminplanung<\/li>\n<li>Management von Phasen der Populationsstaging<\/li>\n<li>Erfassung und \u00dcbermittlung von Vitaldaten und Informationen an ein Servicezentrum<\/li>\n<li>Einrichtung von bidirektionalen Schnittstellen zu beteiligten Stakeholdern<\/li>\n<li>Verarbeitung von Informationen zur Erkennung und Meldung von Anomalien<\/li>\n<li>Hochladen von Daten, die von mobilen Biosensoren erfasst wurden<\/li>\n<li>Sicherstellung der offenen Plattform gem\u00e4\u00df den neuesten internationalen Standards (IHE\/HL7\/FHIR)<\/li>\n<\/ul>\n<\/li>\n<\/ul>\n<ul>\n<li><strong>T1 Heart Monitor (in Partnerschaft mit Umana)<\/strong> ist ein ultrad\u00fcnnes Hardware-Ger\u00e4t mit fortschrittlicher Software, das die Messung, \u00dcbertragung und Analyse von Herzaktivit\u00e4ten und anderen Vitalzeichen erm\u00f6glicht, unterst\u00fctzt durch KI- und ML-Plattformen.<span style=\"text-decoration: underline;\">Hauptfunktionen:<\/span>\n<ul>\n<li>EKG in klinischer Qualit\u00e4t<\/li>\n<li>Herzfrequenz\u00fcberwachung<\/li>\n<li>Systolischer, diastolischer Blutdruck und MAP<\/li>\n<li>\u00dcberwachung der Atemfrequenz<\/li>\n<li>Konfigurierbare Alarme basierend auf Echtzeitdaten<\/li>\n<\/ul>\n<\/li>\n<\/ul>\n<p><span style=\"text-decoration: underline;\">Verwendungsarten:<\/span><\/p>\n<ul>\n<li style=\"list-style-type: none;\">\n<ul>\n<li>Live Monitoring Mode: Die ideale L\u00f6sung f\u00fcr die kontinuierliche Echtzeit\u00fcberwachung von EKG-Signalen und weiteren wichtigen Vitalzeichen wie Herzfrequenz, Atemfrequenz und Blutdruck. Dank des Live-Alarmsystems und des Online-Dashboards k\u00f6nnen medizinische Fachkr\u00e4fte sofort die n\u00f6tigen Ma\u00dfnahmen ergreifen.<\/li>\n<li>Holter Mode: Die ideale L\u00f6sung f\u00fcr EKG-Aufzeichnungen bis zu 24 Stunden. Ein Smartphone in der N\u00e4he ist nicht erforderlich, da die EKG-Daten lokal auf dem T1 Heart Monitor gespeichert werden. Die Daten werden im Standard-EDF-Format heruntergeladen und k\u00f6nnen \u00fcber einen Online-Dashboard-basierten Datenanalysator ausgewertet und in Berichte umgewandelt werden.<\/li>\n<\/ul>\n<\/li>\n<\/ul>\n<p>Der T1 Heart Monitor ist ein hochpr\u00e4zises Medizinprodukt der Klasse IIa f\u00fcr das Telemonitoring von EKG, Herzfrequenz, Atemfrequenz und Blutdruck. Er kombiniert einen ultrad\u00fcnnen Sensor mit einem Transmitter, der das Dashboard in Echtzeit speist.<\/p>\n<ul>\n<li><strong>c-med\u00b0 alpha (in Partnerschaft mit cosinuss\u00b0)<\/strong> ist ein tragbarer, im Ohr sitzender Multiparameter-Sensor, der die kontinuierliche \u00dcberwachung von drei wichtigen Vitalzeichen erm\u00f6glicht: der K\u00f6rperkerntemperatur, der Herzfrequenz und der Sauerstoffs\u00e4ttigung (SpO2). Er vereint die Funktionen zweier h\u00e4ufig verwendeter medizinischer Messger\u00e4te: Thermometer und Pulsoximeter.<span style=\"text-decoration: underline;\">Hauptfunktionen:<\/span>\n<ul>\n<li>Erfassung von Vitalzeichen<\/li>\n<li>Kontinuierlicher Datenstrom<\/li>\n<li>Einfache Integration<\/li>\n<li>Update-F\u00e4higkeiten<\/li>\n<li>Klein und leicht<\/li>\n<\/ul>\n<\/li>\n<\/ul>\n<p>c-med\u00b0 alpha ist ein Multiparameter-Sensor der Klasse IIa von cosinuss\u00b0, der kontinuierliche Datenstr\u00f6me zu K\u00f6rpertemperatur, Sauerstoffs\u00e4ttigung, Herzfrequenz sowie Perfusion und Qualit\u00e4t liefert.[\/vc_column_text][\/vc_column_inner][\/vc_row_inner][\/vc_column][\/vc_row][vc_row][vc_column width=&#8221;1\/3&#8243;][vc_column_text css=&#8221;&#8221; el_class=&#8221;entice&#8221;]<\/p>\n<div class=\"gpi_signature_title_tech\">Gpi4Med<\/div>\n<p>[\/vc_column_text][\/vc_column][vc_column width=&#8221;2\/3&#8243;][vc_column_text css=&#8221;&#8221;]<strong>Globaler Ansatz in Digital Health:<\/strong><\/p>\n<p>Gpi4Med ist eine umfassende Software-Suite von Gpi, einer globalen Unternehmensgruppe mit 35 Jahren Erfahrung in Digital Health. Sie ebnet den Weg zur digitalen Transformation und nachhaltigen Gesundheitsversorgung.<\/p>\n<p>Die spezialisierten L\u00f6sungen sind mehrsprachig und in \u00fcber 70 L\u00e4ndern im Einsatz. \u00dcber unsere lokalen Niederlassungen, Partner und globalen Support-Teams unterst\u00fctzen wir das Wachstum und Know-how unserer Kunden in ihren Branchen.<\/p>\n<p><span style=\"text-decoration: underline;\">Einzigartiger Mehrwert:<\/span><\/p>\n<ul>\n<li>UMFASSENDE Unterst\u00fctzung f\u00fcr medizinische, chirurgische, klinische und diagnostische Bereiche<\/li>\n<li>WEB-Oberfl\u00e4che zur Vereinfachung von Implementierungs-, Support- und Wartungsprozessen<\/li>\n<li>GEMEINSAM mit Fachexperten aus der Branche entwickelt, um spezifische Bed\u00fcrfnisse zu erf\u00fcllen<\/li>\n<li>INTEGRATION mit einer Vielzahl von biomedizinischen Ger\u00e4ten und Softwarel\u00f6sungen Dritter<\/li>\n<li>ZERTIFIZIERT\/FREIGEGEBEN als Software-Medizinprodukt (MDR, CE, FDA, SFDA und andere)<\/li>\n<li>ERWEITERT mit innovativen Funktionen und KI-basierten fortschrittlichen Algorithmen<\/li>\n<\/ul>\n<p><span style=\"text-decoration: underline;\">Mission:<\/span><\/p>\n<p>Mit Gpi4Med will die Gpi eine f\u00fchrende Rolle in der technologischen und nachhaltigen Transformation der Prozesse zur Pr\u00e4vention, Pflege und Behandlung von Gesundheit und Wohlbefinden der Menschen einnehmen.<\/p>\n<p><span style=\"text-decoration: underline;\">Vision:<\/span><\/p>\n<p>Mit Gpi4Med m\u00f6chte die Gpi Group Wissen und Expertise bereitstellen, um durch Software, Dienstleistungen und Technologien die Prozesse in Pr\u00e4vention, Versorgung und Behandlung zu verbessern \u2013 und damit sowohl Gesundheitsfachkr\u00e4fte als auch Patienten st\u00e4rken und unterst\u00fctzen.<\/p>\n<p><span style=\"text-decoration: underline;\">Unsere Erfolge in Zahlen<\/span><\/p>\n<ul>\n<li>\u00dcber 9.000 Kunden in mehr als 70 L\u00e4ndern<\/li>\n<li>Mehr als 8.000 Mitarbeiter in \u00fcber 17 L\u00e4ndern weltweit t\u00e4tig<\/li>\n<li>Nr. 1 im Bereich Healthcare-IT in Italien, einer der f\u00fchrenden Anbieter in der EU<\/li>\n<li>Nr. 1 in Italien f\u00fcr vielf\u00e4ltigen Zugang zu Behandlungen<\/li>\n<li>Ein gemeinsames Ziel: Die Lebensqualit\u00e4t der Menschen verbessern<\/li>\n<\/ul>\n<p>[\/vc_column_text][\/vc_column][\/vc_row]<\/p>\n[vc_row full_width=\"stretch_row\" el_class=\"vision mb-0 gpi-orange-bg\"][vc_column offset=\"vc_col-lg-3 vc_col-xs-12\"][vc_column_text]\n<h4>Contact our sales team<\/h4>[\/vc_column_text][\/vc_column][vc_column width=\"3\/4\" offset=\"vc_col-lg-offset-0 vc_col-sm-offset-3 vc_col-xs-12\"][vc_raw_html]JTVCY29udGFjdC1mb3JtLTclMjBpZCUzRCUyMjg1NDcxJTIyJTIwdGl0bGUlM0QlMjJCdXNpbmVzcyUyMGxpbmUlMjBmb3JtJTIyJTIwaHRtbF9pZCUzRCUyMmdwaS1jb250YWN0LWZvcm0lMjIlNUQ=[\/vc_raw_html][\/vc_column][\/vc_row]<\/div>","protected":false},"excerpt":{"rendered":"<p>[vc_row full_width=&#8221;stretch_row&#8221; el_class=&#8221;text-row my-0&#8243;][vc_column][vc_row_inner][vc_column_inner][vc_column_text css=&#8221;&#8221;] Gpi4Med.TELEMED \u00a0SOFTWARE [\/vc_column_text][\/vc_column_inner][\/vc_row_inner][vc_row_inner el_class=&#8221;bl-body&#8221;][vc_column_inner width=&#8221;1\/3&#8243;][vc_column_text][\/vc_column_text][\/vc_column_inner][vc_column_inner width=&#8221;2\/3&#8243;][vc_column_text css=&#8221;&#8221; el_class=&#8221;entice&#8221;]Gpi4Med.TELEMED ist eine Suite von Software- und Hardwareprodukten f\u00fcr Telemedizin, Telemonitoring und Teleassistenz, einschlie\u00dflich der Fern\u00fcberwachung von Vitalzeichen. Diese spezialisierte Produktlinie der Gpi4Med Suite umfasst:[\/vc_column_text][\/vc_column_inner][\/vc_row_inner][vc_row_inner][vc_column_inner width=&#8221;1\/3&#8243;][\/vc_column_inner][vc_column_inner width=&#8221;2\/3&#8243;][vc_column_text css=&#8221;&#8221;] POHEMA ist eine vielseitige und modulare L\u00f6sung f\u00fcr die digitale Gesundheitsversorgung, die sich nahtlos in<\/p>\n","protected":false},"author":7,"featured_media":5153,"parent":0,"menu_order":0,"comment_status":"closed","ping_status":"closed","template":"","meta":{"footnotes":""},"class_list":["post-157147","page","type-page","status-publish","has-post-thumbnail","hentry","client_type-gesundheitswesen","client_type-private-gesundheitsversorgung","page_category-angebot","section-offerta","business_line-software"],"yoast_head":"<!-- This site is optimized with the Yoast SEO plugin v27.1.1 - https:\/\/yoast.com\/product\/yoast-seo-wordpress\/ -->\n<title>Gpi4Med.TELEMED<\/title>\n<meta name=\"description\" content=\"Gpi4Med.TELEMED ist eine Suite von Software- und Hardwareprodukten f\u00fcr Telemedizin, Telemonitoring und Teleassistenz, einschlie\u00dflich der Fern\u00fcberwachung von Vitalzeichen.\" \/>\n<meta name=\"robots\" content=\"index, follow, max-snippet:-1, max-image-preview:large, max-video-preview:-1\" \/>\n<link rel=\"canonical\" href=\"https:\/\/www.gpigroup.com\/de\/gpi4med-telemed-24\/\" \/>\n<meta property=\"og:locale\" content=\"de_DE\" \/>\n<meta property=\"og:type\" content=\"article\" \/>\n<meta property=\"og:title\" content=\"Gpi4Med.TELEMED\" \/>\n<meta property=\"og:description\" content=\"Gpi4Med.TELEMED ist eine Suite von Software- und Hardwareprodukten f\u00fcr Telemedizin, Telemonitoring und Teleassistenz, einschlie\u00dflich der Fern\u00fcberwachung von Vitalzeichen.\" \/>\n<meta property=\"og:url\" content=\"https:\/\/www.gpigroup.com\/de\/gpi4med-telemed-24\/\" \/>\n<meta property=\"og:site_name\" content=\"GPI\" \/>\n<meta property=\"article:publisher\" content=\"https:\/\/www.facebook.com\/GruppoGPI\/\" \/>\n<meta property=\"article:modified_time\" content=\"2024-10-24T08:32:10+00:00\" \/>\n<meta property=\"og:image\" content=\"https:\/\/www.gpigroup.com\/app\/uploads\/2019\/04\/og-link-preview-1.png\" \/>\n\t<meta property=\"og:image:width\" content=\"1366\" \/>\n\t<meta property=\"og:image:height\" content=\"768\" \/>\n\t<meta property=\"og:image:type\" content=\"image\/png\" \/>\n<meta name=\"twitter:card\" content=\"summary_large_image\" \/>\n<meta name=\"twitter:label1\" content=\"Est. reading time\" \/>\n\t<meta name=\"twitter:data1\" content=\"4 minutes\" \/>\n<script type=\"application\/ld+json\" class=\"yoast-schema-graph\">{\"@context\":\"https:\/\/schema.org\",\"@graph\":[{\"@type\":\"WebPage\",\"@id\":\"https:\/\/www.gpigroup.com\/de\/gpi4med-telemed-24\/\",\"url\":\"https:\/\/www.gpigroup.com\/de\/gpi4med-telemed-24\/\",\"name\":\"Gpi4Med.TELEMED\",\"isPartOf\":{\"@id\":\"https:\/\/www.gpigroup.com\/de\/#website\"},\"primaryImageOfPage\":{\"@id\":\"https:\/\/www.gpigroup.com\/de\/gpi4med-telemed-24\/#primaryimage\"},\"image\":{\"@id\":\"https:\/\/www.gpigroup.com\/de\/gpi4med-telemed-24\/#primaryimage\"},\"thumbnailUrl\":\"https:\/\/www.gpigroup.com\/app\/uploads\/2019\/04\/og-link-preview-1.png\",\"datePublished\":\"2024-09-20T15:27:16+00:00\",\"dateModified\":\"2024-10-24T08:32:10+00:00\",\"description\":\"Gpi4Med.TELEMED ist eine Suite von Software- und Hardwareprodukten f\u00fcr Telemedizin, Telemonitoring und Teleassistenz, einschlie\u00dflich der Fern\u00fcberwachung von Vitalzeichen.\",\"breadcrumb\":{\"@id\":\"https:\/\/www.gpigroup.com\/de\/gpi4med-telemed-24\/#breadcrumb\"},\"inLanguage\":\"de-DE\",\"potentialAction\":[{\"@type\":\"ReadAction\",\"target\":[\"https:\/\/www.gpigroup.com\/de\/gpi4med-telemed-24\/\"]}]},{\"@type\":\"ImageObject\",\"inLanguage\":\"de-DE\",\"@id\":\"https:\/\/www.gpigroup.com\/de\/gpi4med-telemed-24\/#primaryimage\",\"url\":\"https:\/\/www.gpigroup.com\/app\/uploads\/2019\/04\/og-link-preview-1.png\",\"contentUrl\":\"https:\/\/www.gpigroup.com\/app\/uploads\/2019\/04\/og-link-preview-1.png\",\"width\":1366,\"height\":768,\"caption\":\"GPI link preview\"},{\"@type\":\"BreadcrumbList\",\"@id\":\"https:\/\/www.gpigroup.com\/de\/gpi4med-telemed-24\/#breadcrumb\",\"itemListElement\":[{\"@type\":\"ListItem\",\"position\":1,\"name\":\"Home\",\"item\":\"https:\/\/www.gpigroup.com\/de\/\"},{\"@type\":\"ListItem\",\"position\":2,\"name\":\"Gpi4Med.TELEMED\"}]},{\"@type\":\"WebSite\",\"@id\":\"https:\/\/www.gpigroup.com\/de\/#website\",\"url\":\"https:\/\/www.gpigroup.com\/de\/\",\"name\":\"GPI\",\"description\":\"The Healthcare Partner\",\"publisher\":{\"@id\":\"https:\/\/www.gpigroup.com\/de\/#organization\"},\"potentialAction\":[{\"@type\":\"SearchAction\",\"target\":{\"@type\":\"EntryPoint\",\"urlTemplate\":\"https:\/\/www.gpigroup.com\/de\/?s={search_term_string}\"},\"query-input\":{\"@type\":\"PropertyValueSpecification\",\"valueRequired\":true,\"valueName\":\"search_term_string\"}}],\"inLanguage\":\"de-DE\"},{\"@type\":\"Organization\",\"@id\":\"https:\/\/www.gpigroup.com\/de\/#organization\",\"name\":\"GPI S.p.A.\",\"url\":\"https:\/\/www.gpigroup.com\/de\/\",\"logo\":{\"@type\":\"ImageObject\",\"inLanguage\":\"de-DE\",\"@id\":\"https:\/\/www.gpigroup.com\/de\/#\/schema\/logo\/image\/\",\"url\":\"https:\/\/www.gpigroup.com\/app\/uploads\/2023\/03\/logo-GPI-2019-1.jpg\",\"contentUrl\":\"https:\/\/www.gpigroup.com\/app\/uploads\/2023\/03\/logo-GPI-2019-1.jpg\",\"width\":1946,\"height\":1945,\"caption\":\"GPI S.p.A.\"},\"image\":{\"@id\":\"https:\/\/www.gpigroup.com\/de\/#\/schema\/logo\/image\/\"},\"sameAs\":[\"https:\/\/www.facebook.com\/GruppoGPI\/\",\"https:\/\/www.linkedin.com\/company\/gpi-spa\",\"http:\/\/www.youtube.com\/user\/GruppoGPI\"]}]}<\/script>\n<!-- \/ Yoast SEO plugin. -->","yoast_head_json":{"title":"Gpi4Med.TELEMED","description":"Gpi4Med.TELEMED ist eine Suite von Software- und Hardwareprodukten f\u00fcr Telemedizin, Telemonitoring und Teleassistenz, einschlie\u00dflich der Fern\u00fcberwachung von Vitalzeichen.","robots":{"index":"index","follow":"follow","max-snippet":"max-snippet:-1","max-image-preview":"max-image-preview:large","max-video-preview":"max-video-preview:-1"},"canonical":"https:\/\/www.gpigroup.com\/de\/gpi4med-telemed-24\/","og_locale":"de_DE","og_type":"article","og_title":"Gpi4Med.TELEMED","og_description":"Gpi4Med.TELEMED ist eine Suite von Software- und Hardwareprodukten f\u00fcr Telemedizin, Telemonitoring und Teleassistenz, einschlie\u00dflich der Fern\u00fcberwachung von Vitalzeichen.","og_url":"https:\/\/www.gpigroup.com\/de\/gpi4med-telemed-24\/","og_site_name":"GPI","article_publisher":"https:\/\/www.facebook.com\/GruppoGPI\/","article_modified_time":"2024-10-24T08:32:10+00:00","og_image":[{"width":1366,"height":768,"url":"https:\/\/www.gpigroup.com\/app\/uploads\/2019\/04\/og-link-preview-1.png","type":"image\/png"}],"twitter_card":"summary_large_image","twitter_misc":{"Est. reading time":"4 minutes"},"schema":{"@context":"https:\/\/schema.org","@graph":[{"@type":"WebPage","@id":"https:\/\/www.gpigroup.com\/de\/gpi4med-telemed-24\/","url":"https:\/\/www.gpigroup.com\/de\/gpi4med-telemed-24\/","name":"Gpi4Med.TELEMED","isPartOf":{"@id":"https:\/\/www.gpigroup.com\/de\/#website"},"primaryImageOfPage":{"@id":"https:\/\/www.gpigroup.com\/de\/gpi4med-telemed-24\/#primaryimage"},"image":{"@id":"https:\/\/www.gpigroup.com\/de\/gpi4med-telemed-24\/#primaryimage"},"thumbnailUrl":"https:\/\/www.gpigroup.com\/app\/uploads\/2019\/04\/og-link-preview-1.png","datePublished":"2024-09-20T15:27:16+00:00","dateModified":"2024-10-24T08:32:10+00:00","description":"Gpi4Med.TELEMED ist eine Suite von Software- und Hardwareprodukten f\u00fcr Telemedizin, Telemonitoring und Teleassistenz, einschlie\u00dflich der Fern\u00fcberwachung von Vitalzeichen.","breadcrumb":{"@id":"https:\/\/www.gpigroup.com\/de\/gpi4med-telemed-24\/#breadcrumb"},"inLanguage":"de-DE","potentialAction":[{"@type":"ReadAction","target":["https:\/\/www.gpigroup.com\/de\/gpi4med-telemed-24\/"]}]},{"@type":"ImageObject","inLanguage":"de-DE","@id":"https:\/\/www.gpigroup.com\/de\/gpi4med-telemed-24\/#primaryimage","url":"https:\/\/www.gpigroup.com\/app\/uploads\/2019\/04\/og-link-preview-1.png","contentUrl":"https:\/\/www.gpigroup.com\/app\/uploads\/2019\/04\/og-link-preview-1.png","width":1366,"height":768,"caption":"GPI link preview"},{"@type":"BreadcrumbList","@id":"https:\/\/www.gpigroup.com\/de\/gpi4med-telemed-24\/#breadcrumb","itemListElement":[{"@type":"ListItem","position":1,"name":"Home","item":"https:\/\/www.gpigroup.com\/de\/"},{"@type":"ListItem","position":2,"name":"Gpi4Med.TELEMED"}]},{"@type":"WebSite","@id":"https:\/\/www.gpigroup.com\/de\/#website","url":"https:\/\/www.gpigroup.com\/de\/","name":"GPI","description":"The Healthcare Partner","publisher":{"@id":"https:\/\/www.gpigroup.com\/de\/#organization"},"potentialAction":[{"@type":"SearchAction","target":{"@type":"EntryPoint","urlTemplate":"https:\/\/www.gpigroup.com\/de\/?s={search_term_string}"},"query-input":{"@type":"PropertyValueSpecification","valueRequired":true,"valueName":"search_term_string"}}],"inLanguage":"de-DE"},{"@type":"Organization","@id":"https:\/\/www.gpigroup.com\/de\/#organization","name":"GPI S.p.A.","url":"https:\/\/www.gpigroup.com\/de\/","logo":{"@type":"ImageObject","inLanguage":"de-DE","@id":"https:\/\/www.gpigroup.com\/de\/#\/schema\/logo\/image\/","url":"https:\/\/www.gpigroup.com\/app\/uploads\/2023\/03\/logo-GPI-2019-1.jpg","contentUrl":"https:\/\/www.gpigroup.com\/app\/uploads\/2023\/03\/logo-GPI-2019-1.jpg","width":1946,"height":1945,"caption":"GPI S.p.A."},"image":{"@id":"https:\/\/www.gpigroup.com\/de\/#\/schema\/logo\/image\/"},"sameAs":["https:\/\/www.facebook.com\/GruppoGPI\/","https:\/\/www.linkedin.com\/company\/gpi-spa","http:\/\/www.youtube.com\/user\/GruppoGPI"]}]}},"_links":{"self":[{"href":"https:\/\/www.gpigroup.com\/de\/wp-json\/wp\/v2\/pages\/157147","targetHints":{"allow":["GET"]}}],"collection":[{"href":"https:\/\/www.gpigroup.com\/de\/wp-json\/wp\/v2\/pages"}],"about":[{"href":"https:\/\/www.gpigroup.com\/de\/wp-json\/wp\/v2\/types\/page"}],"author":[{"embeddable":true,"href":"https:\/\/www.gpigroup.com\/de\/wp-json\/wp\/v2\/users\/7"}],"replies":[{"embeddable":true,"href":"https:\/\/www.gpigroup.com\/de\/wp-json\/wp\/v2\/comments?post=157147"}],"version-history":[{"count":1,"href":"https:\/\/www.gpigroup.com\/de\/wp-json\/wp\/v2\/pages\/157147\/revisions"}],"predecessor-version":[{"id":157148,"href":"https:\/\/www.gpigroup.com\/de\/wp-json\/wp\/v2\/pages\/157147\/revisions\/157148"}],"wp:featuredmedia":[{"embeddable":true,"href":"https:\/\/www.gpigroup.com\/de\/wp-json\/wp\/v2\/media\/5153"}],"wp:attachment":[{"href":"https:\/\/www.gpigroup.com\/de\/wp-json\/wp\/v2\/media?parent=157147"}],"curies":[{"name":"wp","href":"https:\/\/api.w.org\/{rel}","templated":true}]}}