{"id":157143,"date":"2024-09-20T16:09:30","date_gmt":"2024-09-20T14:09:30","guid":{"rendered":"https:\/\/www.gpigroup.com\/?page_id=157143"},"modified":"2024-10-24T10:32:48","modified_gmt":"2024-10-24T08:32:48","slug":"gpi4med-lis-24","status":"publish","type":"page","link":"https:\/\/www.gpigroup.com\/de\/gpi4med-lis-24\/","title":{"rendered":"Gpi4Med.LIS"},"content":{"rendered":"<div class=\"wpb-content-wrapper\"><p>[vc_row full_width=&#8221;stretch_row&#8221; el_class=&#8221;text-row my-0&#8243;][vc_column][vc_row_inner][vc_column_inner][vc_column_text css=&#8221;&#8221;]<\/p>\n<div class=\"row asa-title\">\n<div class=\"col-12 col-md-6\">\n<img loading=\"lazy\" decoding=\"async\" width=\"1024\" height=\"576\" src=\"https:\/\/www.gpigroup.com\/app\/uploads\/2019\/05\/asa_software.jpg\" class=\"asa-image asa-image-mobile rounded-circle d-md-none d-inline\" alt=\"GPI Software\" srcset=\"https:\/\/www.gpigroup.com\/app\/uploads\/2019\/05\/asa_software.jpg 1024w, https:\/\/www.gpigroup.com\/app\/uploads\/2019\/05\/asa_software-300x169.jpg 300w, https:\/\/www.gpigroup.com\/app\/uploads\/2019\/05\/asa_software-768x432.jpg 768w\" sizes=\"auto, (max-width: 1024px) 100vw, 1024px\" \/>\n<div class=\"gpi_signature_title_tech\">\n<h1>Gpi4Med.LIS<\/h1>\n<\/div>\n<\/div>\n<div class=\"col-12 col-md-6\">\n<div class=\"asa-symbol\"><img loading=\"lazy\" decoding=\"async\" class=\"alignnone size-medium wp-image-3055\" role=\"img\" src=\"https:\/\/www.gpigroup.com\/app\/uploads\/\/2019\/03\/Software-1.svg\" alt=\"\" width=\"24\" height=\"24\" \/>\u00a0SOFTWARE<\/div>\n<\/div>\n<\/div>\n<p>[\/vc_column_text][\/vc_column_inner][\/vc_row_inner][vc_row_inner el_class=&#8221;bl-body&#8221;][vc_column_inner width=&#8221;1\/3&#8243;][vc_column_text]<img loading=\"lazy\" decoding=\"async\" width=\"1024\" height=\"576\" src=\"https:\/\/www.gpigroup.com\/app\/uploads\/2019\/05\/asa_software.jpg\" class=\"asa-image rounded-circle d-md-inline d-none\" alt=\"GPI Software\" srcset=\"https:\/\/www.gpigroup.com\/app\/uploads\/2019\/05\/asa_software.jpg 1024w, https:\/\/www.gpigroup.com\/app\/uploads\/2019\/05\/asa_software-300x169.jpg 300w, https:\/\/www.gpigroup.com\/app\/uploads\/2019\/05\/asa_software-768x432.jpg 768w\" sizes=\"auto, (max-width: 1024px) 100vw, 1024px\" \/>[\/vc_column_text][\/vc_column_inner][vc_column_inner width=&#8221;2\/3&#8243;][vc_column_text css=&#8221;&#8221; el_class=&#8221;entice&#8221;]<span style=\"font-weight: 400;\">Gpi4Med.LIS ist eine innovative Software f\u00fcr sichere und qualitativ hochwertige Labor- und Diagnostikprozesse. Sie erm\u00f6glicht das integrierte Management von analytischen, administrativen und organisatorischen Prozessen, sowohl in Krankenh\u00e4usern als auch im ambulanten Bereich.\u00a0\u00a0<\/span><\/p>\n<p><span style=\"font-weight: 400;\">Diese spezialisierte Produktlinie der Gpi4Med Suite umfasst:<\/span>[\/vc_column_text][\/vc_column_inner][\/vc_row_inner][vc_row_inner][vc_column_inner width=&#8221;1\/3&#8243;][\/vc_column_inner][vc_column_inner width=&#8221;2\/3&#8243;][vc_column_text css=&#8221;&#8221;]<\/p>\n<ul>\n<li><strong>WebLab.MDW (Middleware)<\/strong> ist eine Web-Anwendung zur Ger\u00e4teanbindung, ausgestattet mit einer einfachen und intuitiven Benutzeroberfl\u00e4che.<span style=\"text-decoration: underline;\">Hauptfunktionen:<\/span>\n<ul>\n<li>Proben-Check-in und Check-out<\/li>\n<li>Echtzeit-Kontroll-Dashboard<\/li>\n<li>Vollst\u00e4ndige R\u00fcckverfolgbarkeit der Proben (Sample Tracking)<\/li>\n<li>Validierung von Ergebnissen<\/li>\n<li>Regelbasiertes Expertensystem<\/li>\n<li>Wiederholungen, Reflex-Tests und Verd\u00fcnnungen<\/li>\n<li>Arbeitsblattverwaltung<\/li>\n<li>Erfassung von instrumentellen Flags und jeder Art von Bildern<\/li>\n<li>Bakteriologie-Modul<\/li>\n<li>Integriertes QC-Management und automatischer Versand an externe Qualit\u00e4tskontrolle<\/li>\n<\/ul>\n<\/li>\n<\/ul>\n<ul>\n<li><strong>WebLab (LIS)<\/strong> hat eine native Webarchitektur und eine einfache, benutzerfreundliche Bedienoberfl\u00e4che, die den modernen Browserstandards entspricht und einfach im Touch-Modus genutzt werden kann.<span style=\"text-decoration: underline;\">Hauptfunktionen:<\/span>\n<ul>\n<li>\u00dcbernahme von Aufnahmen aus dem Host (z. B. Order Entry)<\/li>\n<li>\u00dcbernahme von Ergebnissen aus instrumenteller Middleware<\/li>\n<li>Klinische Validierung: automatisch mit Expertensystem<\/li>\n<li>Automatische Erstellung von Berichten in PDF, CDA2 usw.<\/li>\n<li>Digitale Signatur von Berichten<\/li>\n<li>Automatische Ver\u00f6ffentlichung von Berichten<\/li>\n<li>Archivierung von Ergebnissen<span style=\"text-decoration: underline;\">Architektur (WebLab.MDW &amp; WebLab):<\/span><\/li>\n<li>Native WEB-Architektur HTML5<\/li>\n<li>Integration \u00fcber HL7-Protokolle mit HIS, klinischem Repository, EPR, Order Entry usw.<\/li>\n<li>Kompatible Datenbanken: SQL Server und PostgreSQL (Open Source)<\/li>\n<li>Nutzbar in der Cloud oder auf der Infrastruktur des Kunden<\/li>\n<li>Kompatibel mit verschiedenen Browsern und Betriebssystemen<\/li>\n<li>Multi-Zentrum-Verwaltung im gesamten Kundenbereich<\/li>\n<\/ul>\n<\/li>\n<\/ul>\n<p>Beide Module sind als IVD-Ger\u00e4te der Klasse A gem\u00e4\u00df der Europ\u00e4ischen Verordnung 2017\/746 klassifiziert.<br \/>\nDie Systeme entsprechen den gesetzlichen Anforderungen des Gesetzesdekrets 196\/2003 (Datenschutz) in der jeweils geltenden Fassung sowie der EU-Datenschutzverordnung 2016\/679 (DSGVO).[\/vc_column_text][\/vc_column_inner][\/vc_row_inner][\/vc_column][\/vc_row][vc_row][vc_column width=&#8221;1\/3&#8243;][vc_column_text css=&#8221;&#8221; el_class=&#8221;entice&#8221;]<\/p>\n<div class=\"gpi_signature_title_tech\">Gpi4Med<\/div>\n<p>[\/vc_column_text][\/vc_column][vc_column width=&#8221;2\/3&#8243;][vc_column_text css=&#8221;&#8221;]<strong>Globaler Ansatz in Digital Health:<\/strong><\/p>\n<p>Gpi4Med ist eine umfassende Software-Suite von Gpi, einer globalen Unternehmensgruppe mit 35 Jahren Erfahrung in Digital Health. Sie ebnet den Weg zur digitalen Transformation und nachhaltigen Gesundheitsversorgung.<\/p>\n<p>Die spezialisierten L\u00f6sungen sind mehrsprachig und in \u00fcber 70 L\u00e4ndern im Einsatz. \u00dcber unsere lokalen Niederlassungen, Partner und globalen Support-Teams unterst\u00fctzen wir das Wachstum und Know-how unserer Kunden in ihren Branchen.<\/p>\n<p><span style=\"text-decoration: underline;\">Einzigartiger Mehrwert:<\/span><\/p>\n<ul>\n<li>UMFASSENDE Unterst\u00fctzung f\u00fcr medizinische, chirurgische, klinische und diagnostische Bereiche<\/li>\n<li>WEB-Oberfl\u00e4che zur Vereinfachung von Implementierungs-, Support- und Wartungsprozessen<\/li>\n<li>GEMEINSAM mit Fachexperten aus der Branche entwickelt, um spezifische Bed\u00fcrfnisse zu erf\u00fcllen<\/li>\n<li>INTEGRATION mit einer Vielzahl von biomedizinischen Ger\u00e4ten und Softwarel\u00f6sungen Dritter<\/li>\n<li>ZERTIFIZIERT\/FREIGEGEBEN als Software-Medizinprodukt (MDR, CE, FDA, SFDA und andere)<\/li>\n<li>ERWEITERT mit innovativen Funktionen und KI-basierten fortschrittlichen Algorithmen<\/li>\n<\/ul>\n<p><span style=\"text-decoration: underline;\">Mission:<\/span><\/p>\n<p>Mit Gpi4Med will die Gpi eine f\u00fchrende Rolle in der technologischen und nachhaltigen Transformation der Prozesse zur Pr\u00e4vention, Pflege und Behandlung von Gesundheit und Wohlbefinden der Menschen einnehmen.<\/p>\n<p><span style=\"text-decoration: underline;\">Vision:<\/span><\/p>\n<p>Mit Gpi4Med m\u00f6chte die Gpi Group Wissen und Expertise bereitstellen, um durch Software, Dienstleistungen und Technologien die Prozesse in Pr\u00e4vention, Versorgung und Behandlung zu verbessern \u2013 und damit sowohl Gesundheitsfachkr\u00e4fte als auch Patienten st\u00e4rken und unterst\u00fctzen.<\/p>\n<p><span style=\"text-decoration: underline;\">Unsere Erfolge in Zahlen<\/span><\/p>\n<ul>\n<li>\u00dcber 9.000 Kunden in mehr als 70 L\u00e4ndern<\/li>\n<li>Mehr als 8.000 Mitarbeiter in \u00fcber 17 L\u00e4ndern weltweit t\u00e4tig<\/li>\n<li>Nr. 1 im Bereich Healthcare-IT in Italien, einer der f\u00fchrenden Anbieter in der EU<\/li>\n<li>Nr. 1 in Italien f\u00fcr vielf\u00e4ltigen Zugang zu Behandlungen<\/li>\n<li>Ein gemeinsames Ziel: Die Lebensqualit\u00e4t der Menschen verbessern<\/li>\n<\/ul>\n<p>[\/vc_column_text][\/vc_column][\/vc_row]<\/p>\n[vc_row full_width=\"stretch_row\" el_class=\"vision mb-0 gpi-orange-bg\"][vc_column offset=\"vc_col-lg-3 vc_col-xs-12\"][vc_column_text]\n<h4>Contact our sales team<\/h4>[\/vc_column_text][\/vc_column][vc_column width=\"3\/4\" offset=\"vc_col-lg-offset-0 vc_col-sm-offset-3 vc_col-xs-12\"][vc_raw_html]JTVCY29udGFjdC1mb3JtLTclMjBpZCUzRCUyMjg1NDcxJTIyJTIwdGl0bGUlM0QlMjJCdXNpbmVzcyUyMGxpbmUlMjBmb3JtJTIyJTIwaHRtbF9pZCUzRCUyMmdwaS1jb250YWN0LWZvcm0lMjIlNUQ=[\/vc_raw_html][\/vc_column][\/vc_row]<\/div>","protected":false},"excerpt":{"rendered":"<p>[vc_row full_width=&#8221;stretch_row&#8221; el_class=&#8221;text-row my-0&#8243;][vc_column][vc_row_inner][vc_column_inner][vc_column_text css=&#8221;&#8221;] Gpi4Med.LIS \u00a0SOFTWARE [\/vc_column_text][\/vc_column_inner][\/vc_row_inner][vc_row_inner el_class=&#8221;bl-body&#8221;][vc_column_inner width=&#8221;1\/3&#8243;][vc_column_text][\/vc_column_text][\/vc_column_inner][vc_column_inner width=&#8221;2\/3&#8243;][vc_column_text css=&#8221;&#8221; el_class=&#8221;entice&#8221;]Gpi4Med.LIS ist eine innovative Software f\u00fcr sichere und qualitativ hochwertige Labor- und Diagnostikprozesse. Sie erm\u00f6glicht das integrierte Management von analytischen, administrativen und organisatorischen Prozessen, sowohl in Krankenh\u00e4usern als auch im ambulanten Bereich.\u00a0\u00a0 Diese spezialisierte Produktlinie der Gpi4Med Suite umfasst:[\/vc_column_text][\/vc_column_inner][\/vc_row_inner][vc_row_inner][vc_column_inner width=&#8221;1\/3&#8243;][\/vc_column_inner][vc_column_inner width=&#8221;2\/3&#8243;][vc_column_text css=&#8221;&#8221;] WebLab.MDW<\/p>\n","protected":false},"author":7,"featured_media":5153,"parent":0,"menu_order":0,"comment_status":"closed","ping_status":"closed","template":"","meta":{"footnotes":""},"class_list":["post-157143","page","type-page","status-publish","has-post-thumbnail","hentry","client_type-gesundheitswesen","client_type-private-gesundheitsversorgung","page_category-angebot","section-offerta","business_line-software"],"yoast_head":"<!-- This site is optimized with the Yoast SEO plugin v27.1.1 - https:\/\/yoast.com\/product\/yoast-seo-wordpress\/ -->\n<title>Gpi4Med.LIS<\/title>\n<meta name=\"description\" content=\"Gpi4Med.LIS ist eine innovative Software f\u00fcr sichere und qualitativ hochwertige Labor- und Diagnostikprozesse\" \/>\n<meta name=\"robots\" content=\"index, follow, max-snippet:-1, max-image-preview:large, max-video-preview:-1\" \/>\n<link rel=\"canonical\" href=\"https:\/\/www.gpigroup.com\/de\/gpi4med-lis-24\/\" \/>\n<meta property=\"og:locale\" content=\"de_DE\" \/>\n<meta property=\"og:type\" content=\"article\" \/>\n<meta property=\"og:title\" content=\"Gpi4Med.LIS\" \/>\n<meta property=\"og:description\" content=\"Gpi4Med.LIS ist eine innovative Software f\u00fcr sichere und qualitativ hochwertige Labor- und Diagnostikprozesse\" \/>\n<meta property=\"og:url\" content=\"https:\/\/www.gpigroup.com\/de\/gpi4med-lis-24\/\" \/>\n<meta property=\"og:site_name\" content=\"GPI\" \/>\n<meta property=\"article:publisher\" content=\"https:\/\/www.facebook.com\/GruppoGPI\/\" \/>\n<meta property=\"article:modified_time\" content=\"2024-10-24T08:32:48+00:00\" \/>\n<meta property=\"og:image\" content=\"https:\/\/www.gpigroup.com\/app\/uploads\/2019\/04\/og-link-preview-1.png\" \/>\n\t<meta property=\"og:image:width\" content=\"1366\" \/>\n\t<meta property=\"og:image:height\" content=\"768\" \/>\n\t<meta property=\"og:image:type\" content=\"image\/png\" \/>\n<meta name=\"twitter:card\" content=\"summary_large_image\" \/>\n<meta name=\"twitter:label1\" content=\"Est. reading time\" \/>\n\t<meta name=\"twitter:data1\" content=\"3 minutes\" \/>\n<script type=\"application\/ld+json\" class=\"yoast-schema-graph\">{\"@context\":\"https:\/\/schema.org\",\"@graph\":[{\"@type\":\"WebPage\",\"@id\":\"https:\/\/www.gpigroup.com\/de\/gpi4med-lis-24\/\",\"url\":\"https:\/\/www.gpigroup.com\/de\/gpi4med-lis-24\/\",\"name\":\"Gpi4Med.LIS\",\"isPartOf\":{\"@id\":\"https:\/\/www.gpigroup.com\/de\/#website\"},\"primaryImageOfPage\":{\"@id\":\"https:\/\/www.gpigroup.com\/de\/gpi4med-lis-24\/#primaryimage\"},\"image\":{\"@id\":\"https:\/\/www.gpigroup.com\/de\/gpi4med-lis-24\/#primaryimage\"},\"thumbnailUrl\":\"https:\/\/www.gpigroup.com\/app\/uploads\/2019\/04\/og-link-preview-1.png\",\"datePublished\":\"2024-09-20T14:09:30+00:00\",\"dateModified\":\"2024-10-24T08:32:48+00:00\",\"description\":\"Gpi4Med.LIS ist eine innovative Software f\u00fcr sichere und qualitativ hochwertige Labor- und Diagnostikprozesse\",\"breadcrumb\":{\"@id\":\"https:\/\/www.gpigroup.com\/de\/gpi4med-lis-24\/#breadcrumb\"},\"inLanguage\":\"de-DE\",\"potentialAction\":[{\"@type\":\"ReadAction\",\"target\":[\"https:\/\/www.gpigroup.com\/de\/gpi4med-lis-24\/\"]}]},{\"@type\":\"ImageObject\",\"inLanguage\":\"de-DE\",\"@id\":\"https:\/\/www.gpigroup.com\/de\/gpi4med-lis-24\/#primaryimage\",\"url\":\"https:\/\/www.gpigroup.com\/app\/uploads\/2019\/04\/og-link-preview-1.png\",\"contentUrl\":\"https:\/\/www.gpigroup.com\/app\/uploads\/2019\/04\/og-link-preview-1.png\",\"width\":1366,\"height\":768,\"caption\":\"GPI link preview\"},{\"@type\":\"BreadcrumbList\",\"@id\":\"https:\/\/www.gpigroup.com\/de\/gpi4med-lis-24\/#breadcrumb\",\"itemListElement\":[{\"@type\":\"ListItem\",\"position\":1,\"name\":\"Home\",\"item\":\"https:\/\/www.gpigroup.com\/de\/\"},{\"@type\":\"ListItem\",\"position\":2,\"name\":\"Gpi4Med.LIS\"}]},{\"@type\":\"WebSite\",\"@id\":\"https:\/\/www.gpigroup.com\/de\/#website\",\"url\":\"https:\/\/www.gpigroup.com\/de\/\",\"name\":\"GPI\",\"description\":\"The Healthcare Partner\",\"publisher\":{\"@id\":\"https:\/\/www.gpigroup.com\/de\/#organization\"},\"potentialAction\":[{\"@type\":\"SearchAction\",\"target\":{\"@type\":\"EntryPoint\",\"urlTemplate\":\"https:\/\/www.gpigroup.com\/de\/?s={search_term_string}\"},\"query-input\":{\"@type\":\"PropertyValueSpecification\",\"valueRequired\":true,\"valueName\":\"search_term_string\"}}],\"inLanguage\":\"de-DE\"},{\"@type\":\"Organization\",\"@id\":\"https:\/\/www.gpigroup.com\/de\/#organization\",\"name\":\"GPI S.p.A.\",\"url\":\"https:\/\/www.gpigroup.com\/de\/\",\"logo\":{\"@type\":\"ImageObject\",\"inLanguage\":\"de-DE\",\"@id\":\"https:\/\/www.gpigroup.com\/de\/#\/schema\/logo\/image\/\",\"url\":\"https:\/\/www.gpigroup.com\/app\/uploads\/2023\/03\/logo-GPI-2019-1.jpg\",\"contentUrl\":\"https:\/\/www.gpigroup.com\/app\/uploads\/2023\/03\/logo-GPI-2019-1.jpg\",\"width\":1946,\"height\":1945,\"caption\":\"GPI S.p.A.\"},\"image\":{\"@id\":\"https:\/\/www.gpigroup.com\/de\/#\/schema\/logo\/image\/\"},\"sameAs\":[\"https:\/\/www.facebook.com\/GruppoGPI\/\",\"https:\/\/www.linkedin.com\/company\/gpi-spa\",\"http:\/\/www.youtube.com\/user\/GruppoGPI\"]}]}<\/script>\n<!-- \/ Yoast SEO plugin. -->","yoast_head_json":{"title":"Gpi4Med.LIS","description":"Gpi4Med.LIS ist eine innovative Software f\u00fcr sichere und qualitativ hochwertige Labor- und Diagnostikprozesse","robots":{"index":"index","follow":"follow","max-snippet":"max-snippet:-1","max-image-preview":"max-image-preview:large","max-video-preview":"max-video-preview:-1"},"canonical":"https:\/\/www.gpigroup.com\/de\/gpi4med-lis-24\/","og_locale":"de_DE","og_type":"article","og_title":"Gpi4Med.LIS","og_description":"Gpi4Med.LIS ist eine innovative Software f\u00fcr sichere und qualitativ hochwertige Labor- und Diagnostikprozesse","og_url":"https:\/\/www.gpigroup.com\/de\/gpi4med-lis-24\/","og_site_name":"GPI","article_publisher":"https:\/\/www.facebook.com\/GruppoGPI\/","article_modified_time":"2024-10-24T08:32:48+00:00","og_image":[{"width":1366,"height":768,"url":"https:\/\/www.gpigroup.com\/app\/uploads\/2019\/04\/og-link-preview-1.png","type":"image\/png"}],"twitter_card":"summary_large_image","twitter_misc":{"Est. reading time":"3 minutes"},"schema":{"@context":"https:\/\/schema.org","@graph":[{"@type":"WebPage","@id":"https:\/\/www.gpigroup.com\/de\/gpi4med-lis-24\/","url":"https:\/\/www.gpigroup.com\/de\/gpi4med-lis-24\/","name":"Gpi4Med.LIS","isPartOf":{"@id":"https:\/\/www.gpigroup.com\/de\/#website"},"primaryImageOfPage":{"@id":"https:\/\/www.gpigroup.com\/de\/gpi4med-lis-24\/#primaryimage"},"image":{"@id":"https:\/\/www.gpigroup.com\/de\/gpi4med-lis-24\/#primaryimage"},"thumbnailUrl":"https:\/\/www.gpigroup.com\/app\/uploads\/2019\/04\/og-link-preview-1.png","datePublished":"2024-09-20T14:09:30+00:00","dateModified":"2024-10-24T08:32:48+00:00","description":"Gpi4Med.LIS ist eine innovative Software f\u00fcr sichere und qualitativ hochwertige Labor- und Diagnostikprozesse","breadcrumb":{"@id":"https:\/\/www.gpigroup.com\/de\/gpi4med-lis-24\/#breadcrumb"},"inLanguage":"de-DE","potentialAction":[{"@type":"ReadAction","target":["https:\/\/www.gpigroup.com\/de\/gpi4med-lis-24\/"]}]},{"@type":"ImageObject","inLanguage":"de-DE","@id":"https:\/\/www.gpigroup.com\/de\/gpi4med-lis-24\/#primaryimage","url":"https:\/\/www.gpigroup.com\/app\/uploads\/2019\/04\/og-link-preview-1.png","contentUrl":"https:\/\/www.gpigroup.com\/app\/uploads\/2019\/04\/og-link-preview-1.png","width":1366,"height":768,"caption":"GPI link preview"},{"@type":"BreadcrumbList","@id":"https:\/\/www.gpigroup.com\/de\/gpi4med-lis-24\/#breadcrumb","itemListElement":[{"@type":"ListItem","position":1,"name":"Home","item":"https:\/\/www.gpigroup.com\/de\/"},{"@type":"ListItem","position":2,"name":"Gpi4Med.LIS"}]},{"@type":"WebSite","@id":"https:\/\/www.gpigroup.com\/de\/#website","url":"https:\/\/www.gpigroup.com\/de\/","name":"GPI","description":"The Healthcare Partner","publisher":{"@id":"https:\/\/www.gpigroup.com\/de\/#organization"},"potentialAction":[{"@type":"SearchAction","target":{"@type":"EntryPoint","urlTemplate":"https:\/\/www.gpigroup.com\/de\/?s={search_term_string}"},"query-input":{"@type":"PropertyValueSpecification","valueRequired":true,"valueName":"search_term_string"}}],"inLanguage":"de-DE"},{"@type":"Organization","@id":"https:\/\/www.gpigroup.com\/de\/#organization","name":"GPI S.p.A.","url":"https:\/\/www.gpigroup.com\/de\/","logo":{"@type":"ImageObject","inLanguage":"de-DE","@id":"https:\/\/www.gpigroup.com\/de\/#\/schema\/logo\/image\/","url":"https:\/\/www.gpigroup.com\/app\/uploads\/2023\/03\/logo-GPI-2019-1.jpg","contentUrl":"https:\/\/www.gpigroup.com\/app\/uploads\/2023\/03\/logo-GPI-2019-1.jpg","width":1946,"height":1945,"caption":"GPI S.p.A."},"image":{"@id":"https:\/\/www.gpigroup.com\/de\/#\/schema\/logo\/image\/"},"sameAs":["https:\/\/www.facebook.com\/GruppoGPI\/","https:\/\/www.linkedin.com\/company\/gpi-spa","http:\/\/www.youtube.com\/user\/GruppoGPI"]}]}},"_links":{"self":[{"href":"https:\/\/www.gpigroup.com\/de\/wp-json\/wp\/v2\/pages\/157143","targetHints":{"allow":["GET"]}}],"collection":[{"href":"https:\/\/www.gpigroup.com\/de\/wp-json\/wp\/v2\/pages"}],"about":[{"href":"https:\/\/www.gpigroup.com\/de\/wp-json\/wp\/v2\/types\/page"}],"author":[{"embeddable":true,"href":"https:\/\/www.gpigroup.com\/de\/wp-json\/wp\/v2\/users\/7"}],"replies":[{"embeddable":true,"href":"https:\/\/www.gpigroup.com\/de\/wp-json\/wp\/v2\/comments?post=157143"}],"version-history":[{"count":1,"href":"https:\/\/www.gpigroup.com\/de\/wp-json\/wp\/v2\/pages\/157143\/revisions"}],"predecessor-version":[{"id":157144,"href":"https:\/\/www.gpigroup.com\/de\/wp-json\/wp\/v2\/pages\/157143\/revisions\/157144"}],"wp:featuredmedia":[{"embeddable":true,"href":"https:\/\/www.gpigroup.com\/de\/wp-json\/wp\/v2\/media\/5153"}],"wp:attachment":[{"href":"https:\/\/www.gpigroup.com\/de\/wp-json\/wp\/v2\/media?parent=157143"}],"curies":[{"name":"wp","href":"https:\/\/api.w.org\/{rel}","templated":true}]}}