{"id":157141,"date":"2024-09-20T16:59:18","date_gmt":"2024-09-20T14:59:18","guid":{"rendered":"https:\/\/www.gpigroup.com\/?page_id=157141"},"modified":"2024-10-24T10:32:56","modified_gmt":"2024-10-24T08:32:56","slug":"gpi4med-imaging-24","status":"publish","type":"page","link":"https:\/\/www.gpigroup.com\/de\/gpi4med-imaging-24\/","title":{"rendered":"Gpi4Med.IMAGING"},"content":{"rendered":"<div class=\"wpb-content-wrapper\"><p>[vc_row full_width=&#8221;stretch_row&#8221; el_class=&#8221;text-row my-0&#8243;][vc_column][vc_row_inner][vc_column_inner][vc_column_text css=&#8221;&#8221;]<\/p>\n<div class=\"row asa-title\">\n<div class=\"col-12 col-md-6\">\n<img loading=\"lazy\" decoding=\"async\" width=\"1024\" height=\"576\" src=\"https:\/\/www.gpigroup.com\/app\/uploads\/2019\/05\/asa_software.jpg\" class=\"asa-image asa-image-mobile rounded-circle d-md-none d-inline\" alt=\"GPI Software\" srcset=\"https:\/\/www.gpigroup.com\/app\/uploads\/2019\/05\/asa_software.jpg 1024w, https:\/\/www.gpigroup.com\/app\/uploads\/2019\/05\/asa_software-300x169.jpg 300w, https:\/\/www.gpigroup.com\/app\/uploads\/2019\/05\/asa_software-768x432.jpg 768w\" sizes=\"auto, (max-width: 1024px) 100vw, 1024px\" \/>\n<div class=\"gpi_signature_title_tech\">\n<h1>Gpi4Med.IMAGING<\/h1>\n<\/div>\n<\/div>\n<div class=\"col-12 col-md-6\">\n<div class=\"asa-symbol\"><img loading=\"lazy\" decoding=\"async\" class=\"alignnone size-medium wp-image-3055\" role=\"img\" src=\"https:\/\/www.gpigroup.com\/app\/uploads\/\/2019\/03\/Software-1.svg\" alt=\"\" width=\"24\" height=\"24\" \/>\u00a0SOFTWARE<\/div>\n<\/div>\n<\/div>\n<p>[\/vc_column_text][\/vc_column_inner][\/vc_row_inner][vc_row_inner el_class=&#8221;bl-body&#8221;][vc_column_inner width=&#8221;1\/3&#8243;][vc_column_text]<img loading=\"lazy\" decoding=\"async\" width=\"1024\" height=\"576\" src=\"https:\/\/www.gpigroup.com\/app\/uploads\/2019\/05\/asa_software.jpg\" class=\"asa-image rounded-circle d-md-inline d-none\" alt=\"GPI Software\" srcset=\"https:\/\/www.gpigroup.com\/app\/uploads\/2019\/05\/asa_software.jpg 1024w, https:\/\/www.gpigroup.com\/app\/uploads\/2019\/05\/asa_software-300x169.jpg 300w, https:\/\/www.gpigroup.com\/app\/uploads\/2019\/05\/asa_software-768x432.jpg 768w\" sizes=\"auto, (max-width: 1024px) 100vw, 1024px\" \/>[\/vc_column_text][\/vc_column_inner][vc_column_inner width=&#8221;2\/3&#8243;][vc_column_text css=&#8221;&#8221; el_class=&#8221;entice&#8221;]<span style=\"font-weight: 400;\">Gpi4Med.IMAGING ist die digitale Imaging-Suite zur Verwaltung aller Arten von Krankenhausbildgebung, einschlie\u00dflich der Erstellung von Patientenberichten.\u00a0\u00a0<\/span><\/p>\n<p><span style=\"font-weight: 400;\">Diese spezialisierte Produktlinie der Gpi4Med Suite umfasst:<\/span>[\/vc_column_text][\/vc_column_inner][\/vc_row_inner][vc_row_inner][vc_column_inner width=&#8221;1\/3&#8243;][\/vc_column_inner][vc_column_inner width=&#8221;2\/3&#8243;][vc_column_text css=&#8221;&#8221;]<\/p>\n<ul>\n<li><strong>Radiologie-Imaging:<\/strong> Eine integrierte Web-Plattform zur Speicherung, \u00dcbertragung und Anzeige aller Bilder, die in einer medizinischen Einrichtung erstellt werden. Sie umfasst mehrere Produkte:\n<ul>\n<li>RIS unterst\u00fctzt Radiologen bei der Entscheidungsfindung und hilft ihnen, Untersuchungen \u00fcber das Workflow-Modul zu priorisieren. Es erf\u00fcllt die Anforderungen der Radiologen und optimiert den gesamten Workflow einer Bildgebungsabteilung oder in Teleradiologie-Projekten.<\/li>\n<li>PACS archiviert Bilder, Berichte und alle Multimedia-Daten sicher f\u00fcr Radiologiezentren, Bildgebungszentren und -abteilungen. Es ist vollst\u00e4ndig webbasiert, benutzerfreundlich und zeichnet sich dadurch aus, dass es alle Funktionen eines RIS in einem PACS integriert.<\/li>\n<li>Teleradiologie ist eine webbasierte L\u00f6sung, die Telediagnose und Telekonsultation kombiniert. Telediagnose bedeutet, dass die Bilder an einen Radiologen \u00fcbertragen werden, der sie aus der Ferne interpretiert und einen Bericht teilt. Tele-Expertise erm\u00f6glicht es, einen Radiologen aus der Ferne hinzuzuziehen, um die Untersuchung zu leiten, eine Diagnose zu best\u00e4tigen oder eine zweite Meinung einzuholen<\/li>\n<\/ul>\n<\/li>\n<\/ul>\n<ul>\n<li><strong>Imaging Stack<\/strong> ist eine innovative, integrierte medizinische Bildgebungsl\u00f6sung: RIS \u2013 PACS \u2013 Befundung \u2013 KI.<span style=\"text-decoration: underline;\">Hauptfunktionen:<\/span>\n<ul>\n<li>Optimierung der Arbeitsliste durch Anzeige der Voranmerkungen der Untersuchungen durch KI<\/li>\n<li>Fortschrittliche Befundung (gef\u00fchrte Diagnose)<\/li>\n<li><span style=\"background-color: var(--bs-body-bg); color: var(--bs-body-color); font-family: var(--bs-body-font-family); font-size: var(--bs-body-font-size); font-weight: var(--bs-body-font-weight); text-align: var(--bs-body-text-align);\">Optimale Screenings durch fr\u00fchere und schnellere Erkennung<\/span><\/li>\n<li><span style=\"background-color: var(--bs-body-bg); color: var(--bs-body-color); font-family: var(--bs-body-font-family); font-size: var(--bs-body-font-size); font-weight: var(--bs-body-font-weight); text-align: var(--bs-body-text-align);\">KI und Teleradiologie<\/span><\/li>\n<\/ul>\n<\/li>\n<\/ul>\n<ul>\n<li><strong>Klinische Bildgebung<\/strong> ist eine umfassende Suite spezialisierter Informationssysteme f\u00fcr Workflow- und Bildmanagement in klinischen Abteilungen. Sie umfasst mehrere Produkte:\n<ul>\n<li>EndoxWeb (Endoskopie) unterst\u00fctzt die Verwaltung von Dienstleistungen f\u00fcr endoskopische, diagnostische und interventionelle Verfahren, wie z.B. gastrointestinale Endoskopie, Bronchoskopie, Urologie oder Pneumologie.<\/li>\n<li>Dermox (Dermatologie) erm\u00f6glicht die Erfassung von Bildern\/Videos von Dermatoskopen und anderen Ger\u00e4ten. Es k\u00f6nnen Fotoalben aus Such-\/Vergleichsergebnissen extrahiert werden.<\/li>\n<li>Optinet (Ophthalmologie) erm\u00f6glicht eine umfassende Verwaltung pers\u00f6nlicher, privater, anamnestischer und klinischer Daten. Es erlaubt au\u00dferdem das Einrichten von Streaming- und Videokonferenzsitzungen f\u00fcr Telekonsultationen.<\/li>\n<li>Decia (Gyn\u00e4kologie &amp; Geburtshilfe) unterst\u00fctzt ein verbessertes Informationsmanagement f\u00fcr Frauengesundheit, Screening und die Bildgebung aus Kolposkopie, Hysteroskopie, Mammographie und Laparoskopie.<\/li>\n<\/ul>\n<\/li>\n<\/ul>\n<ul>\n<li><strong>OphtAI<\/strong> ist eine KI-basierte, webbasierte Plattform zum Screening von Augenerkrankungen, die die Diagnose von mehreren Dutzend der h\u00e4ufigsten Augenerkrankungen (wie diabetische Retinopathie, Makuladegeneration, Glaukom und andere) beschleunigt und sichert.<span style=\"text-decoration: underline;\"><span style=\"background-color: var(--bs-body-bg); color: var(--bs-body-color); font-family: var(--bs-body-font-family); font-size: var(--bs-body-font-size); font-weight: var(--bs-body-font-weight); text-align: var(--bs-body-text-align); text-decoration: underline;\">Hauptfunktionen:<\/span><\/span>\n<ul>\n<li>\u00dcberpr\u00fcfung der Bildqualit\u00e4t, um erneute Untersuchungen zu vermeiden<\/li>\n<li>Automatische Vorab-Sortierung von Patienten basierend auf der Dringlichkeit<\/li>\n<li>Zentralisierte elektronische Patientenakten<\/li>\n<li>Multi-Site-Zugriff<\/li>\n<\/ul>\n<\/li>\n<\/ul>\n<p>[\/vc_column_text][\/vc_column_inner][\/vc_row_inner][\/vc_column][\/vc_row][vc_row][vc_column width=&#8221;1\/3&#8243;][vc_column_text css=&#8221;&#8221; el_class=&#8221;entice&#8221;]<\/p>\n<div class=\"gpi_signature_title_tech\">Gpi4Med<\/div>\n<p>[\/vc_column_text][\/vc_column][vc_column width=&#8221;2\/3&#8243;][vc_column_text css=&#8221;&#8221;]<strong>Globaler Ansatz in Digital Health:<\/strong><\/p>\n<p>Gpi4Med ist eine umfassende Software-Suite von Gpi, einer globalen Unternehmensgruppe mit 35 Jahren Erfahrung in Digital Health. Sie ebnet den Weg zur digitalen Transformation und nachhaltigen Gesundheitsversorgung.<\/p>\n<p>Die spezialisierten L\u00f6sungen sind mehrsprachig und in \u00fcber 70 L\u00e4ndern im Einsatz. \u00dcber unsere lokalen Niederlassungen, Partner und globalen Support-Teams unterst\u00fctzen wir das Wachstum und Know-how unserer Kunden in ihren Branchen.<\/p>\n<p><span style=\"text-decoration: underline;\">Einzigartiger Mehrwert:<\/span><\/p>\n<ul>\n<li>UMFASSENDE Unterst\u00fctzung f\u00fcr medizinische, chirurgische, klinische und diagnostische Bereiche<\/li>\n<li>WEB-Oberfl\u00e4che zur Vereinfachung von Implementierungs-, Support- und Wartungsprozessen<\/li>\n<li>GEMEINSAM mit Fachexperten aus der Branche entwickelt, um spezifische Bed\u00fcrfnisse zu erf\u00fcllen<\/li>\n<li>INTEGRATION mit einer Vielzahl von biomedizinischen Ger\u00e4ten und Softwarel\u00f6sungen Dritter<\/li>\n<li>ZERTIFIZIERT\/FREIGEGEBEN als Software-Medizinprodukt (MDR, CE, FDA, SFDA und andere)<\/li>\n<li>ERWEITERT mit innovativen Funktionen und KI-basierten fortschrittlichen Algorithmen<\/li>\n<\/ul>\n<p><span style=\"text-decoration: underline;\">Mission:<\/span><\/p>\n<p>Mit Gpi4Med will die Gpi eine f\u00fchrende Rolle in der technologischen und nachhaltigen Transformation der Prozesse zur Pr\u00e4vention, Pflege und Behandlung von Gesundheit und Wohlbefinden der Menschen einnehmen.<\/p>\n<p><span style=\"text-decoration: underline;\">Vision:<\/span><\/p>\n<p>Mit Gpi4Med m\u00f6chte die Gpi Group Wissen und Expertise bereitstellen, um durch Software, Dienstleistungen und Technologien die Prozesse in Pr\u00e4vention, Versorgung und Behandlung zu verbessern \u2013 und damit sowohl Gesundheitsfachkr\u00e4fte als auch Patienten st\u00e4rken und unterst\u00fctzen.<\/p>\n<p><span style=\"text-decoration: underline;\">Unsere Erfolge in Zahlen<\/span><\/p>\n<ul>\n<li>\u00dcber 9.000 Kunden in mehr als 70 L\u00e4ndern<\/li>\n<li>Mehr als 8.000 Mitarbeiter in \u00fcber 17 L\u00e4ndern weltweit t\u00e4tig<\/li>\n<li>Nr. 1 im Bereich Healthcare-IT in Italien, einer der f\u00fchrenden Anbieter in der EU<\/li>\n<li>Nr. 1 in Italien f\u00fcr vielf\u00e4ltigen Zugang zu Behandlungen<\/li>\n<li>Ein gemeinsames Ziel: Die Lebensqualit\u00e4t der Menschen verbessern<\/li>\n<\/ul>\n<p>[\/vc_column_text][\/vc_column][\/vc_row]<\/p>\n[vc_row full_width=\"stretch_row\" el_class=\"vision mb-0 gpi-orange-bg\"][vc_column offset=\"vc_col-lg-3 vc_col-xs-12\"][vc_column_text]\n<h4>Contact our sales team<\/h4>[\/vc_column_text][\/vc_column][vc_column width=\"3\/4\" offset=\"vc_col-lg-offset-0 vc_col-sm-offset-3 vc_col-xs-12\"][vc_raw_html]JTVCY29udGFjdC1mb3JtLTclMjBpZCUzRCUyMjg1NDcxJTIyJTIwdGl0bGUlM0QlMjJCdXNpbmVzcyUyMGxpbmUlMjBmb3JtJTIyJTIwaHRtbF9pZCUzRCUyMmdwaS1jb250YWN0LWZvcm0lMjIlNUQ=[\/vc_raw_html][\/vc_column][\/vc_row]<\/div>","protected":false},"excerpt":{"rendered":"<p>[vc_row full_width=&#8221;stretch_row&#8221; el_class=&#8221;text-row my-0&#8243;][vc_column][vc_row_inner][vc_column_inner][vc_column_text css=&#8221;&#8221;] Gpi4Med.IMAGING \u00a0SOFTWARE [\/vc_column_text][\/vc_column_inner][\/vc_row_inner][vc_row_inner el_class=&#8221;bl-body&#8221;][vc_column_inner width=&#8221;1\/3&#8243;][vc_column_text][\/vc_column_text][\/vc_column_inner][vc_column_inner width=&#8221;2\/3&#8243;][vc_column_text css=&#8221;&#8221; el_class=&#8221;entice&#8221;]Gpi4Med.IMAGING ist die digitale Imaging-Suite zur Verwaltung aller Arten von Krankenhausbildgebung, einschlie\u00dflich der Erstellung von Patientenberichten.\u00a0\u00a0 Diese spezialisierte Produktlinie der Gpi4Med Suite umfasst:[\/vc_column_text][\/vc_column_inner][\/vc_row_inner][vc_row_inner][vc_column_inner width=&#8221;1\/3&#8243;][\/vc_column_inner][vc_column_inner width=&#8221;2\/3&#8243;][vc_column_text css=&#8221;&#8221;] Radiologie-Imaging: Eine integrierte Web-Plattform zur Speicherung, \u00dcbertragung und Anzeige aller Bilder, die in einer medizinischen Einrichtung erstellt<\/p>\n","protected":false},"author":7,"featured_media":5153,"parent":0,"menu_order":0,"comment_status":"closed","ping_status":"closed","template":"","meta":{"footnotes":""},"class_list":["post-157141","page","type-page","status-publish","has-post-thumbnail","hentry","client_type-gesundheitswesen","client_type-private-gesundheitsversorgung","page_category-angebot","section-offerta","business_line-software"],"yoast_head":"<!-- This site is optimized with the Yoast SEO plugin v27.1.1 - https:\/\/yoast.com\/product\/yoast-seo-wordpress\/ -->\n<title>Gpi4Med.IMAGING<\/title>\n<meta name=\"description\" content=\"Gpi4Med.IMAGING ist die digitale Imaging-Suite zur Verwaltung aller Arten von Krankenhausbildgebung, einschlie\u00dflich der Erstellung von Patientenberichten.\u00a0\u00a0\" \/>\n<meta name=\"robots\" content=\"index, follow, max-snippet:-1, max-image-preview:large, max-video-preview:-1\" \/>\n<link rel=\"canonical\" href=\"https:\/\/www.gpigroup.com\/de\/gpi4med-imaging-24\/\" \/>\n<meta property=\"og:locale\" content=\"de_DE\" \/>\n<meta property=\"og:type\" content=\"article\" \/>\n<meta property=\"og:title\" content=\"Gpi4Med.IMAGING\" \/>\n<meta property=\"og:description\" content=\"Gpi4Med.IMAGING ist die digitale Imaging-Suite zur Verwaltung aller Arten von Krankenhausbildgebung, einschlie\u00dflich der Erstellung von Patientenberichten.\u00a0\u00a0\" \/>\n<meta property=\"og:url\" content=\"https:\/\/www.gpigroup.com\/de\/gpi4med-imaging-24\/\" \/>\n<meta property=\"og:site_name\" content=\"GPI\" \/>\n<meta property=\"article:publisher\" content=\"https:\/\/www.facebook.com\/GruppoGPI\/\" \/>\n<meta property=\"article:modified_time\" content=\"2024-10-24T08:32:56+00:00\" \/>\n<meta property=\"og:image\" content=\"https:\/\/www.gpigroup.com\/app\/uploads\/2019\/04\/og-link-preview-1.png\" \/>\n\t<meta property=\"og:image:width\" content=\"1366\" \/>\n\t<meta property=\"og:image:height\" content=\"768\" \/>\n\t<meta property=\"og:image:type\" content=\"image\/png\" \/>\n<meta name=\"twitter:card\" content=\"summary_large_image\" \/>\n<meta name=\"twitter:label1\" content=\"Est. reading time\" \/>\n\t<meta name=\"twitter:data1\" content=\"4 minutes\" \/>\n<script type=\"application\/ld+json\" class=\"yoast-schema-graph\">{\"@context\":\"https:\/\/schema.org\",\"@graph\":[{\"@type\":\"WebPage\",\"@id\":\"https:\/\/www.gpigroup.com\/de\/gpi4med-imaging-24\/\",\"url\":\"https:\/\/www.gpigroup.com\/de\/gpi4med-imaging-24\/\",\"name\":\"Gpi4Med.IMAGING\",\"isPartOf\":{\"@id\":\"https:\/\/www.gpigroup.com\/de\/#website\"},\"primaryImageOfPage\":{\"@id\":\"https:\/\/www.gpigroup.com\/de\/gpi4med-imaging-24\/#primaryimage\"},\"image\":{\"@id\":\"https:\/\/www.gpigroup.com\/de\/gpi4med-imaging-24\/#primaryimage\"},\"thumbnailUrl\":\"https:\/\/www.gpigroup.com\/app\/uploads\/2019\/04\/og-link-preview-1.png\",\"datePublished\":\"2024-09-20T14:59:18+00:00\",\"dateModified\":\"2024-10-24T08:32:56+00:00\",\"description\":\"Gpi4Med.IMAGING ist die digitale Imaging-Suite zur Verwaltung aller Arten von Krankenhausbildgebung, einschlie\u00dflich der Erstellung von Patientenberichten.\u00a0\u00a0\",\"breadcrumb\":{\"@id\":\"https:\/\/www.gpigroup.com\/de\/gpi4med-imaging-24\/#breadcrumb\"},\"inLanguage\":\"de-DE\",\"potentialAction\":[{\"@type\":\"ReadAction\",\"target\":[\"https:\/\/www.gpigroup.com\/de\/gpi4med-imaging-24\/\"]}]},{\"@type\":\"ImageObject\",\"inLanguage\":\"de-DE\",\"@id\":\"https:\/\/www.gpigroup.com\/de\/gpi4med-imaging-24\/#primaryimage\",\"url\":\"https:\/\/www.gpigroup.com\/app\/uploads\/2019\/04\/og-link-preview-1.png\",\"contentUrl\":\"https:\/\/www.gpigroup.com\/app\/uploads\/2019\/04\/og-link-preview-1.png\",\"width\":1366,\"height\":768,\"caption\":\"GPI link preview\"},{\"@type\":\"BreadcrumbList\",\"@id\":\"https:\/\/www.gpigroup.com\/de\/gpi4med-imaging-24\/#breadcrumb\",\"itemListElement\":[{\"@type\":\"ListItem\",\"position\":1,\"name\":\"Home\",\"item\":\"https:\/\/www.gpigroup.com\/de\/\"},{\"@type\":\"ListItem\",\"position\":2,\"name\":\"Gpi4Med.IMAGING\"}]},{\"@type\":\"WebSite\",\"@id\":\"https:\/\/www.gpigroup.com\/de\/#website\",\"url\":\"https:\/\/www.gpigroup.com\/de\/\",\"name\":\"GPI\",\"description\":\"The Healthcare Partner\",\"publisher\":{\"@id\":\"https:\/\/www.gpigroup.com\/de\/#organization\"},\"potentialAction\":[{\"@type\":\"SearchAction\",\"target\":{\"@type\":\"EntryPoint\",\"urlTemplate\":\"https:\/\/www.gpigroup.com\/de\/?s={search_term_string}\"},\"query-input\":{\"@type\":\"PropertyValueSpecification\",\"valueRequired\":true,\"valueName\":\"search_term_string\"}}],\"inLanguage\":\"de-DE\"},{\"@type\":\"Organization\",\"@id\":\"https:\/\/www.gpigroup.com\/de\/#organization\",\"name\":\"GPI S.p.A.\",\"url\":\"https:\/\/www.gpigroup.com\/de\/\",\"logo\":{\"@type\":\"ImageObject\",\"inLanguage\":\"de-DE\",\"@id\":\"https:\/\/www.gpigroup.com\/de\/#\/schema\/logo\/image\/\",\"url\":\"https:\/\/www.gpigroup.com\/app\/uploads\/2023\/03\/logo-GPI-2019-1.jpg\",\"contentUrl\":\"https:\/\/www.gpigroup.com\/app\/uploads\/2023\/03\/logo-GPI-2019-1.jpg\",\"width\":1946,\"height\":1945,\"caption\":\"GPI S.p.A.\"},\"image\":{\"@id\":\"https:\/\/www.gpigroup.com\/de\/#\/schema\/logo\/image\/\"},\"sameAs\":[\"https:\/\/www.facebook.com\/GruppoGPI\/\",\"https:\/\/www.linkedin.com\/company\/gpi-spa\",\"http:\/\/www.youtube.com\/user\/GruppoGPI\"]}]}<\/script>\n<!-- \/ Yoast SEO plugin. -->","yoast_head_json":{"title":"Gpi4Med.IMAGING","description":"Gpi4Med.IMAGING ist die digitale Imaging-Suite zur Verwaltung aller Arten von Krankenhausbildgebung, einschlie\u00dflich der Erstellung von Patientenberichten.\u00a0\u00a0","robots":{"index":"index","follow":"follow","max-snippet":"max-snippet:-1","max-image-preview":"max-image-preview:large","max-video-preview":"max-video-preview:-1"},"canonical":"https:\/\/www.gpigroup.com\/de\/gpi4med-imaging-24\/","og_locale":"de_DE","og_type":"article","og_title":"Gpi4Med.IMAGING","og_description":"Gpi4Med.IMAGING ist die digitale Imaging-Suite zur Verwaltung aller Arten von Krankenhausbildgebung, einschlie\u00dflich der Erstellung von Patientenberichten.\u00a0\u00a0","og_url":"https:\/\/www.gpigroup.com\/de\/gpi4med-imaging-24\/","og_site_name":"GPI","article_publisher":"https:\/\/www.facebook.com\/GruppoGPI\/","article_modified_time":"2024-10-24T08:32:56+00:00","og_image":[{"width":1366,"height":768,"url":"https:\/\/www.gpigroup.com\/app\/uploads\/2019\/04\/og-link-preview-1.png","type":"image\/png"}],"twitter_card":"summary_large_image","twitter_misc":{"Est. reading time":"4 minutes"},"schema":{"@context":"https:\/\/schema.org","@graph":[{"@type":"WebPage","@id":"https:\/\/www.gpigroup.com\/de\/gpi4med-imaging-24\/","url":"https:\/\/www.gpigroup.com\/de\/gpi4med-imaging-24\/","name":"Gpi4Med.IMAGING","isPartOf":{"@id":"https:\/\/www.gpigroup.com\/de\/#website"},"primaryImageOfPage":{"@id":"https:\/\/www.gpigroup.com\/de\/gpi4med-imaging-24\/#primaryimage"},"image":{"@id":"https:\/\/www.gpigroup.com\/de\/gpi4med-imaging-24\/#primaryimage"},"thumbnailUrl":"https:\/\/www.gpigroup.com\/app\/uploads\/2019\/04\/og-link-preview-1.png","datePublished":"2024-09-20T14:59:18+00:00","dateModified":"2024-10-24T08:32:56+00:00","description":"Gpi4Med.IMAGING ist die digitale Imaging-Suite zur Verwaltung aller Arten von Krankenhausbildgebung, einschlie\u00dflich der Erstellung von Patientenberichten.\u00a0\u00a0","breadcrumb":{"@id":"https:\/\/www.gpigroup.com\/de\/gpi4med-imaging-24\/#breadcrumb"},"inLanguage":"de-DE","potentialAction":[{"@type":"ReadAction","target":["https:\/\/www.gpigroup.com\/de\/gpi4med-imaging-24\/"]}]},{"@type":"ImageObject","inLanguage":"de-DE","@id":"https:\/\/www.gpigroup.com\/de\/gpi4med-imaging-24\/#primaryimage","url":"https:\/\/www.gpigroup.com\/app\/uploads\/2019\/04\/og-link-preview-1.png","contentUrl":"https:\/\/www.gpigroup.com\/app\/uploads\/2019\/04\/og-link-preview-1.png","width":1366,"height":768,"caption":"GPI link preview"},{"@type":"BreadcrumbList","@id":"https:\/\/www.gpigroup.com\/de\/gpi4med-imaging-24\/#breadcrumb","itemListElement":[{"@type":"ListItem","position":1,"name":"Home","item":"https:\/\/www.gpigroup.com\/de\/"},{"@type":"ListItem","position":2,"name":"Gpi4Med.IMAGING"}]},{"@type":"WebSite","@id":"https:\/\/www.gpigroup.com\/de\/#website","url":"https:\/\/www.gpigroup.com\/de\/","name":"GPI","description":"The Healthcare Partner","publisher":{"@id":"https:\/\/www.gpigroup.com\/de\/#organization"},"potentialAction":[{"@type":"SearchAction","target":{"@type":"EntryPoint","urlTemplate":"https:\/\/www.gpigroup.com\/de\/?s={search_term_string}"},"query-input":{"@type":"PropertyValueSpecification","valueRequired":true,"valueName":"search_term_string"}}],"inLanguage":"de-DE"},{"@type":"Organization","@id":"https:\/\/www.gpigroup.com\/de\/#organization","name":"GPI S.p.A.","url":"https:\/\/www.gpigroup.com\/de\/","logo":{"@type":"ImageObject","inLanguage":"de-DE","@id":"https:\/\/www.gpigroup.com\/de\/#\/schema\/logo\/image\/","url":"https:\/\/www.gpigroup.com\/app\/uploads\/2023\/03\/logo-GPI-2019-1.jpg","contentUrl":"https:\/\/www.gpigroup.com\/app\/uploads\/2023\/03\/logo-GPI-2019-1.jpg","width":1946,"height":1945,"caption":"GPI S.p.A."},"image":{"@id":"https:\/\/www.gpigroup.com\/de\/#\/schema\/logo\/image\/"},"sameAs":["https:\/\/www.facebook.com\/GruppoGPI\/","https:\/\/www.linkedin.com\/company\/gpi-spa","http:\/\/www.youtube.com\/user\/GruppoGPI"]}]}},"_links":{"self":[{"href":"https:\/\/www.gpigroup.com\/de\/wp-json\/wp\/v2\/pages\/157141","targetHints":{"allow":["GET"]}}],"collection":[{"href":"https:\/\/www.gpigroup.com\/de\/wp-json\/wp\/v2\/pages"}],"about":[{"href":"https:\/\/www.gpigroup.com\/de\/wp-json\/wp\/v2\/types\/page"}],"author":[{"embeddable":true,"href":"https:\/\/www.gpigroup.com\/de\/wp-json\/wp\/v2\/users\/7"}],"replies":[{"embeddable":true,"href":"https:\/\/www.gpigroup.com\/de\/wp-json\/wp\/v2\/comments?post=157141"}],"version-history":[{"count":1,"href":"https:\/\/www.gpigroup.com\/de\/wp-json\/wp\/v2\/pages\/157141\/revisions"}],"predecessor-version":[{"id":157142,"href":"https:\/\/www.gpigroup.com\/de\/wp-json\/wp\/v2\/pages\/157141\/revisions\/157142"}],"wp:featuredmedia":[{"embeddable":true,"href":"https:\/\/www.gpigroup.com\/de\/wp-json\/wp\/v2\/media\/5153"}],"wp:attachment":[{"href":"https:\/\/www.gpigroup.com\/de\/wp-json\/wp\/v2\/media?parent=157141"}],"curies":[{"name":"wp","href":"https:\/\/api.w.org\/{rel}","templated":true}]}}