{"id":157139,"date":"2024-09-20T17:15:57","date_gmt":"2024-09-20T15:15:57","guid":{"rendered":"https:\/\/www.gpigroup.com\/?page_id=157139"},"modified":"2024-10-24T10:33:27","modified_gmt":"2024-10-24T08:33:27","slug":"gpi4med-blood-24","status":"publish","type":"page","link":"https:\/\/www.gpigroup.com\/de\/gpi4med-blood-24\/","title":{"rendered":"Gpi4Med.BLOOD"},"content":{"rendered":"<div class=\"wpb-content-wrapper\"><p>[vc_row full_width=&#8221;stretch_row&#8221; el_class=&#8221;text-row my-0&#8243;][vc_column][vc_row_inner][vc_column_inner][vc_column_text css=&#8221;&#8221;]<\/p>\n<div class=\"row asa-title\">\n<div class=\"col-12 col-md-6\">\n<img loading=\"lazy\" decoding=\"async\" width=\"1024\" height=\"576\" src=\"https:\/\/www.gpigroup.com\/app\/uploads\/2019\/05\/asa_software.jpg\" class=\"asa-image asa-image-mobile rounded-circle d-md-none d-inline\" alt=\"GPI Software\" srcset=\"https:\/\/www.gpigroup.com\/app\/uploads\/2019\/05\/asa_software.jpg 1024w, https:\/\/www.gpigroup.com\/app\/uploads\/2019\/05\/asa_software-300x169.jpg 300w, https:\/\/www.gpigroup.com\/app\/uploads\/2019\/05\/asa_software-768x432.jpg 768w\" sizes=\"auto, (max-width: 1024px) 100vw, 1024px\" \/>\n<div class=\"gpi_signature_title_tech\">\n<h1>Gpi4Med.BLOOD<\/h1>\n<\/div>\n<\/div>\n<div class=\"col-12 col-md-6\">\n<div class=\"asa-symbol\"><img loading=\"lazy\" decoding=\"async\" class=\"alignnone size-medium wp-image-3055\" role=\"img\" src=\"https:\/\/www.gpigroup.com\/app\/uploads\/\/2019\/03\/Software-1.svg\" alt=\"\" width=\"24\" height=\"24\" \/>\u00a0SOFTWARE<\/div>\n<\/div>\n<\/div>\n<p>[\/vc_column_text][\/vc_column_inner][\/vc_row_inner][vc_row_inner el_class=&#8221;bl-body&#8221;][vc_column_inner width=&#8221;1\/3&#8243;][vc_column_text]<img loading=\"lazy\" decoding=\"async\" width=\"1024\" height=\"576\" src=\"https:\/\/www.gpigroup.com\/app\/uploads\/2019\/05\/asa_software.jpg\" class=\"asa-image rounded-circle d-md-inline d-none\" alt=\"GPI Software\" srcset=\"https:\/\/www.gpigroup.com\/app\/uploads\/2019\/05\/asa_software.jpg 1024w, https:\/\/www.gpigroup.com\/app\/uploads\/2019\/05\/asa_software-300x169.jpg 300w, https:\/\/www.gpigroup.com\/app\/uploads\/2019\/05\/asa_software-768x432.jpg 768w\" sizes=\"auto, (max-width: 1024px) 100vw, 1024px\" \/>[\/vc_column_text][\/vc_column_inner][vc_column_inner width=&#8221;2\/3&#8243;][vc_column_text css=&#8221;&#8221; el_class=&#8221;entice&#8221;]<span style=\"font-weight: 400;\">Gpi4Med.BLOOD ist eine Suite hochentwickelter L\u00f6sungen, die der sicheren und effizienten Verwaltung der gesamten Blutversorgungskette gewidmet ist \u2013 von der Spende bis zur Transfusion und Transplantation von Blut sowie aller Substanzen menschlichen Ursprungs (SOHO\/MPHO), wie Organe, Gewebe, Muttermilch und Stammzellen. Diese Suite erm\u00f6glicht die Verwaltung folgender Bereiche:<\/span>[\/vc_column_text][\/vc_column_inner][\/vc_row_inner][vc_row_inner][vc_column_inner width=&#8221;1\/3&#8243;][\/vc_column_inner][vc_column_inner width=&#8221;2\/3&#8243;][vc_column_text css=&#8221;&#8221;]<\/p>\n<ul>\n<li><strong>Blutspenden:<\/strong> Verwaltung der gesamten Spendenkette, von der Spendergewinnung bis zum Versand des Blutprodukts, einschlie\u00dflich Testung, Komponentenverarbeitung, Qualit\u00e4tssicherung und Bestands\u00fcberwachung.<\/li>\n<li><strong>Bluttransfusionen:<\/strong> Unterst\u00fctzung der Blutbestellungen \u00fcber ein Web-Portal f\u00fcr Krankenh\u00e4user, das Patientenblutproben, Kompatibilit\u00e4tspr\u00fcfungen und sichere Verteilung verarbeitet.<\/li>\n<li><strong>Transplantationen:<\/strong> Verwaltung des gesamten Prozesses von der Spende \u00fcber den Status auf Wartelisten, Untersuchungen, Typisierung, Kreuzproben bis zur Organtransplantation.<\/li>\n<li><strong>Zelltherapie:<\/strong> Unterst\u00fctzung der Entnahme, Kontrolle, Lagerung, Kreuzproben, Verteilung und Verwaltung von Zellen von Patienten und Spendern.<\/li>\n<li><strong>Gewebebank:<\/strong> Ganzheitliches Gewebemanagement von gespendeten und\/oder entnommenen Geweben bis zur endg\u00fcltigen Bestimmung und Implantation.<\/li>\n<li><strong>Muttermilchbank:<\/strong> Verwaltung von Sicherheit, Effizienz und R\u00fcckverfolgbarkeit von Milch und Milchprodukten in der Milchbank und in neonatologischen Einheiten, wo die Dosen abgegeben werden.<\/li>\n<li><strong>LIS:<\/strong> Intuitive und effiziente Workflow-Verwaltung f\u00fcr die Automatisierung von Laborprozessen auf allen Ebenen.<\/li>\n<li><strong>Qualit\u00e4tsmanagement, Analyzer-Middleware, KPI-Dashboard und Reporting:<\/strong> Diese L\u00f6sungen runden die Suite f\u00fcr Informationsaustausch und -management ab.<\/li>\n<\/ul>\n<p>Die spezialisierte Produktlinie der Gpi4Med Suite umfasst integrierte Anwendungs-Module, die als Medizinprodukt zertifiziert sind und folgende Bereiche abdecken:<\/p>\n<p><span style=\"text-decoration: underline;\">Blutspende:<\/span><\/p>\n<ul>\n<li style=\"list-style-type: none;\">\n<ul>\n<li>&#8220;Arm-zu-Arm&#8221;-L\u00f6sung zur vollst\u00e4ndigen R\u00fcckverfolgbarkeit<\/li>\n<li>Vollst\u00e4ndig konfigurierbare Software<\/li>\n<li>Benutzerzugriffsrechte auf mehreren Ebenen<\/li>\n<li>Spenderverwaltung<\/li>\n<li>Patientenverwaltung<\/li>\n<li>Verwaltung von Entnahmestellen<\/li>\n<li>Verwaltung von Blutentnahme, Testung und Verarbeitung<\/li>\n<li>Nachverfolgung der gesamten Spendenreise<\/li>\n<\/ul>\n<\/li>\n<\/ul>\n<p><span style=\"text-decoration: underline;\">Bluttransfusion:<\/span><\/p>\n<ul>\n<li style=\"list-style-type: none;\">\n<ul>\n<li>Patienten- und Auftragsverwaltung<\/li>\n<li>Blutbestandsverwaltung<\/li>\n<li>Web-Portal f\u00fcr Auftragseingang und Transfusionsregistrierung<\/li>\n<li>Sicheres Management von Kompatibilit\u00e4t und Verteilung<\/li>\n<li>R\u00fcckverfolgbarkeit von Testergebnissen, Analysatoren und verwendeten Reagenzien<\/li>\n<li>Transfusionsprozess<\/li>\n<li>Verwaltung von Einwegmaterialien, Rohstoffen und Zwischenprodukten<\/li>\n<\/ul>\n<\/li>\n<\/ul>\n<p><span style=\"text-decoration: underline;\">Zusatzprodukte:<\/span><\/p>\n<ul>\n<li><strong>DONORPORTAL:<\/strong> Ein Web-System, das in das Blood Bank Management System (BBMS) integriert ist und die Spender- und Verbandsverwaltung erleichtert:\n<ul>\n<li>Terminplanung f\u00fcr Spender<\/li>\n<li>Buchung von Spenden<\/li>\n<li>M\u00f6glichkeit f\u00fcr Spender, ihren eigenen klinischen Bericht \u00fcber das Web-Portal herunterzuladen<\/li>\n<\/ul>\n<\/li>\n<\/ul>\n<ul>\n<li><strong>BEDSIDECHECK:<\/strong> Ein mobiles System zur sicheren Verwaltung von Blutproben und Transfusionen am Patientenbett.\n<ul>\n<li>Online-Betrieb mit Druck von Armb\u00e4ndern und Etiketten auf der Station<\/li>\n<li>Sichere Identifikation des Patienten, der Entnahmer\u00f6hrchen und der zu Transfusionskomponenten<\/li>\n<li>\u00dcberwachung der Vitalwerte des Patienten<\/li>\n<\/ul>\n<\/li>\n<\/ul>\n<ul>\n<li><strong>STOCKMANAGER:<\/strong> Eine webbasierte L\u00f6sung zur Verwaltung von Reagenzien und Verbrauchsmaterialbest\u00e4nden, die eine effektive Lager- und Auftragsverwaltung erm\u00f6glicht und Verbrauchsstatistiken und Optimierungsm\u00f6glichkeiten bietet.\n<ul>\n<li>Automatisches Auslesen von Produktbarcodes<\/li>\n<li>Bestandsverwaltung<\/li>\n<li>Benachrichtigungen bei niedrigem Bestand<\/li>\n<\/ul>\n<\/li>\n<\/ul>\n<ul>\n<li><strong>QUALITYRECORDS<\/strong>: Ein effizientes Qualit\u00e4tsmanagementsystem, das den Betreibern erhebliche Zeitersparnis erm\u00f6glicht und Qualit\u00e4tsmanagern eine Vielzahl von Prozesskontroll- und \u00dcberwachungswerkzeugen bietet.\n<ul>\n<li>Dokumentenmanagement<\/li>\n<li>Verwaltung von Abweichungen, Beschwerden, pr\u00e4ventiven und korrektiven Ma\u00dfnahmen, Ausr\u00fcstung<\/li>\n<li>Audits und Management-Reviews<\/li>\n<li>Qualifikations- und Schulungsanforderungs-Management<\/li>\n<\/ul>\n<\/li>\n<\/ul>\n<ul>\n<li><strong>BUSINESS INTELLIGENCE:<\/strong> Eine umfassende Auswahl an visuellen Dashboards und Berichten zur Darstellung der Abl\u00e4ufe in Blutspende- und Transfusionszentren.\n<ul>\n<li>\u00dcberwachung historischer Daten<\/li>\n<li>Gleichzeitige Darstellung von mehrstufigen Analysen<\/li>\n<li>\u00dcberwachung der durchgef\u00fchrten Tests, z. B. der verwendeten Ger\u00e4te, der Reaktionszeit, der<\/li>\n<li>Testdurchf\u00fchrung durch Benutzer<\/li>\n<\/ul>\n<\/li>\n<\/ul>\n<ul>\n<li><strong>WEBLAB.MDW<\/strong>: Eine Middleware f\u00fcr das vollst\u00e4ndige Management und die Kontrolle des gesamten Workflows und der klinischen Laborger\u00e4te.\n<ul>\n<li>Management mehrerer Labore<\/li>\n<li>Echtzeit-Tracking von Proben<\/li>\n<li>Erfassung von Bildern\/Grafiken<\/li>\n<\/ul>\n<\/li>\n<\/ul>\n<p>[\/vc_column_text][\/vc_column_inner][\/vc_row_inner][\/vc_column][\/vc_row][vc_row][vc_column width=&#8221;1\/3&#8243;][vc_column_text css=&#8221;&#8221; el_class=&#8221;entice&#8221;]<\/p>\n<div class=\"gpi_signature_title_tech\">Gpi4Med<\/div>\n<p>[\/vc_column_text][\/vc_column][vc_column width=&#8221;2\/3&#8243;][vc_column_text css=&#8221;&#8221;]<strong>Globaler Ansatz in Digital Health:<\/strong><\/p>\n<p>Gpi4Med ist eine umfassende Software-Suite von Gpi, einer globalen Unternehmensgruppe mit 35 Jahren Erfahrung in Digital Health. Sie ebnet den Weg zur digitalen Transformation und nachhaltigen Gesundheitsversorgung.<\/p>\n<p>Die spezialisierten L\u00f6sungen sind mehrsprachig und in \u00fcber 70 L\u00e4ndern im Einsatz. \u00dcber unsere lokalen Niederlassungen, Partner und globalen Support-Teams unterst\u00fctzen wir das Wachstum und Know-how unserer Kunden in ihren Branchen.<\/p>\n<p><span style=\"text-decoration: underline;\">Einzigartiger Mehrwert:<\/span><\/p>\n<ul>\n<li>UMFASSENDE Unterst\u00fctzung f\u00fcr medizinische, chirurgische, klinische und diagnostische Bereiche<\/li>\n<li>WEB-Oberfl\u00e4che zur Vereinfachung von Implementierungs-, Support- und Wartungsprozessen<\/li>\n<li>GEMEINSAM mit Fachexperten aus der Branche entwickelt, um spezifische Bed\u00fcrfnisse zu erf\u00fcllen<\/li>\n<li>INTEGRATION mit einer Vielzahl von biomedizinischen Ger\u00e4ten und Softwarel\u00f6sungen Dritter<\/li>\n<li>ZERTIFIZIERT\/FREIGEGEBEN als Software-Medizinprodukt (MDR, CE, FDA, SFDA und andere)<\/li>\n<li>ERWEITERT mit innovativen Funktionen und KI-basierten fortschrittlichen Algorithmen<\/li>\n<\/ul>\n<p><span style=\"text-decoration: underline;\">Mission:<\/span><\/p>\n<p>Mit Gpi4Med will die Gpi eine f\u00fchrende Rolle in der technologischen und nachhaltigen Transformation der Prozesse zur Pr\u00e4vention, Pflege und Behandlung von Gesundheit und Wohlbefinden der Menschen einnehmen.<\/p>\n<p><span style=\"text-decoration: underline;\">Vision:<\/span><\/p>\n<p>Mit Gpi4Med m\u00f6chte die Gpi Group Wissen und Expertise bereitstellen, um durch Software, Dienstleistungen und Technologien die Prozesse in Pr\u00e4vention, Versorgung und Behandlung zu verbessern \u2013 und damit sowohl Gesundheitsfachkr\u00e4fte als auch Patienten st\u00e4rken und unterst\u00fctzen.<\/p>\n<p><span style=\"text-decoration: underline;\">Unsere Erfolge in Zahlen<\/span><\/p>\n<ul>\n<li>\u00dcber 9.000 Kunden in mehr als 70 L\u00e4ndern<\/li>\n<li>Mehr als 8.000 Mitarbeiter in \u00fcber 17 L\u00e4ndern weltweit t\u00e4tig<\/li>\n<li>Nr. 1 im Bereich Healthcare-IT in Italien, einer der f\u00fchrenden Anbieter in der EU<\/li>\n<li>Nr. 1 in Italien f\u00fcr vielf\u00e4ltigen Zugang zu Behandlungen<\/li>\n<li>Ein gemeinsames Ziel: Die Lebensqualit\u00e4t der Menschen verbessern<\/li>\n<\/ul>\n<p>[\/vc_column_text][\/vc_column][\/vc_row]<\/p>\n[vc_row full_width=\"stretch_row\" el_class=\"vision mb-0 gpi-orange-bg\"][vc_column offset=\"vc_col-lg-3 vc_col-xs-12\"][vc_column_text]\n<h4>Contact our sales team<\/h4>[\/vc_column_text][\/vc_column][vc_column width=\"3\/4\" offset=\"vc_col-lg-offset-0 vc_col-sm-offset-3 vc_col-xs-12\"][vc_raw_html]JTVCY29udGFjdC1mb3JtLTclMjBpZCUzRCUyMjg1NDcxJTIyJTIwdGl0bGUlM0QlMjJCdXNpbmVzcyUyMGxpbmUlMjBmb3JtJTIyJTIwaHRtbF9pZCUzRCUyMmdwaS1jb250YWN0LWZvcm0lMjIlNUQ=[\/vc_raw_html][\/vc_column][\/vc_row]<\/div>","protected":false},"excerpt":{"rendered":"<p>[vc_row full_width=&#8221;stretch_row&#8221; el_class=&#8221;text-row my-0&#8243;][vc_column][vc_row_inner][vc_column_inner][vc_column_text css=&#8221;&#8221;] Gpi4Med.BLOOD \u00a0SOFTWARE [\/vc_column_text][\/vc_column_inner][\/vc_row_inner][vc_row_inner el_class=&#8221;bl-body&#8221;][vc_column_inner width=&#8221;1\/3&#8243;][vc_column_text][\/vc_column_text][\/vc_column_inner][vc_column_inner width=&#8221;2\/3&#8243;][vc_column_text css=&#8221;&#8221; el_class=&#8221;entice&#8221;]Gpi4Med.BLOOD ist eine Suite hochentwickelter L\u00f6sungen, die der sicheren und effizienten Verwaltung der gesamten Blutversorgungskette gewidmet ist \u2013 von der Spende bis zur Transfusion und Transplantation von Blut sowie aller Substanzen menschlichen Ursprungs (SOHO\/MPHO), wie Organe, Gewebe, Muttermilch und Stammzellen. Diese Suite erm\u00f6glicht<\/p>\n","protected":false},"author":7,"featured_media":5153,"parent":0,"menu_order":0,"comment_status":"closed","ping_status":"closed","template":"","meta":{"footnotes":""},"class_list":["post-157139","page","type-page","status-publish","has-post-thumbnail","hentry","client_type-gesundheitswesen","client_type-private-gesundheitsversorgung","page_category-angebot","section-offerta","business_line-software"],"yoast_head":"<!-- This site is optimized with the Yoast SEO plugin v27.1.1 - https:\/\/yoast.com\/product\/yoast-seo-wordpress\/ -->\n<title>Gpi4Med.BLOOD | GPI<\/title>\n<meta name=\"description\" content=\"Gpi4Med.BLOOD ist eine Suite hochentwickelter L\u00f6sungen, die der sicheren und effizienten Verwaltung der gesamten Blutversorgungskette\" \/>\n<meta name=\"robots\" content=\"index, follow, max-snippet:-1, max-image-preview:large, max-video-preview:-1\" \/>\n<link rel=\"canonical\" href=\"https:\/\/www.gpigroup.com\/de\/gpi4med-blood-24\/\" \/>\n<meta property=\"og:locale\" content=\"de_DE\" \/>\n<meta property=\"og:type\" content=\"article\" \/>\n<meta property=\"og:title\" content=\"Gpi4Med.BLOOD | GPI\" \/>\n<meta property=\"og:description\" content=\"Gpi4Med.BLOOD ist eine Suite hochentwickelter L\u00f6sungen, die der sicheren und effizienten Verwaltung der gesamten Blutversorgungskette\" \/>\n<meta property=\"og:url\" content=\"https:\/\/www.gpigroup.com\/de\/gpi4med-blood-24\/\" \/>\n<meta property=\"og:site_name\" content=\"GPI\" \/>\n<meta property=\"article:publisher\" content=\"https:\/\/www.facebook.com\/GruppoGPI\/\" \/>\n<meta property=\"article:modified_time\" content=\"2024-10-24T08:33:27+00:00\" \/>\n<meta property=\"og:image\" content=\"https:\/\/www.gpigroup.com\/app\/uploads\/2019\/04\/og-link-preview-1.png\" \/>\n\t<meta property=\"og:image:width\" content=\"1366\" \/>\n\t<meta property=\"og:image:height\" content=\"768\" \/>\n\t<meta property=\"og:image:type\" content=\"image\/png\" \/>\n<meta name=\"twitter:card\" content=\"summary_large_image\" \/>\n<meta name=\"twitter:label1\" content=\"Est. reading time\" \/>\n\t<meta name=\"twitter:data1\" content=\"5 minutes\" \/>\n<script type=\"application\/ld+json\" class=\"yoast-schema-graph\">{\"@context\":\"https:\/\/schema.org\",\"@graph\":[{\"@type\":\"WebPage\",\"@id\":\"https:\/\/www.gpigroup.com\/de\/gpi4med-blood-24\/\",\"url\":\"https:\/\/www.gpigroup.com\/de\/gpi4med-blood-24\/\",\"name\":\"Gpi4Med.BLOOD | GPI\",\"isPartOf\":{\"@id\":\"https:\/\/www.gpigroup.com\/de\/#website\"},\"primaryImageOfPage\":{\"@id\":\"https:\/\/www.gpigroup.com\/de\/gpi4med-blood-24\/#primaryimage\"},\"image\":{\"@id\":\"https:\/\/www.gpigroup.com\/de\/gpi4med-blood-24\/#primaryimage\"},\"thumbnailUrl\":\"https:\/\/www.gpigroup.com\/app\/uploads\/2019\/04\/og-link-preview-1.png\",\"datePublished\":\"2024-09-20T15:15:57+00:00\",\"dateModified\":\"2024-10-24T08:33:27+00:00\",\"description\":\"Gpi4Med.BLOOD ist eine Suite hochentwickelter L\u00f6sungen, die der sicheren und effizienten Verwaltung der gesamten Blutversorgungskette\",\"breadcrumb\":{\"@id\":\"https:\/\/www.gpigroup.com\/de\/gpi4med-blood-24\/#breadcrumb\"},\"inLanguage\":\"de-DE\",\"potentialAction\":[{\"@type\":\"ReadAction\",\"target\":[\"https:\/\/www.gpigroup.com\/de\/gpi4med-blood-24\/\"]}]},{\"@type\":\"ImageObject\",\"inLanguage\":\"de-DE\",\"@id\":\"https:\/\/www.gpigroup.com\/de\/gpi4med-blood-24\/#primaryimage\",\"url\":\"https:\/\/www.gpigroup.com\/app\/uploads\/2019\/04\/og-link-preview-1.png\",\"contentUrl\":\"https:\/\/www.gpigroup.com\/app\/uploads\/2019\/04\/og-link-preview-1.png\",\"width\":1366,\"height\":768,\"caption\":\"GPI link preview\"},{\"@type\":\"BreadcrumbList\",\"@id\":\"https:\/\/www.gpigroup.com\/de\/gpi4med-blood-24\/#breadcrumb\",\"itemListElement\":[{\"@type\":\"ListItem\",\"position\":1,\"name\":\"Home\",\"item\":\"https:\/\/www.gpigroup.com\/de\/\"},{\"@type\":\"ListItem\",\"position\":2,\"name\":\"Gpi4Med.BLOOD\"}]},{\"@type\":\"WebSite\",\"@id\":\"https:\/\/www.gpigroup.com\/de\/#website\",\"url\":\"https:\/\/www.gpigroup.com\/de\/\",\"name\":\"GPI\",\"description\":\"The Healthcare Partner\",\"publisher\":{\"@id\":\"https:\/\/www.gpigroup.com\/de\/#organization\"},\"potentialAction\":[{\"@type\":\"SearchAction\",\"target\":{\"@type\":\"EntryPoint\",\"urlTemplate\":\"https:\/\/www.gpigroup.com\/de\/?s={search_term_string}\"},\"query-input\":{\"@type\":\"PropertyValueSpecification\",\"valueRequired\":true,\"valueName\":\"search_term_string\"}}],\"inLanguage\":\"de-DE\"},{\"@type\":\"Organization\",\"@id\":\"https:\/\/www.gpigroup.com\/de\/#organization\",\"name\":\"GPI S.p.A.\",\"url\":\"https:\/\/www.gpigroup.com\/de\/\",\"logo\":{\"@type\":\"ImageObject\",\"inLanguage\":\"de-DE\",\"@id\":\"https:\/\/www.gpigroup.com\/de\/#\/schema\/logo\/image\/\",\"url\":\"https:\/\/www.gpigroup.com\/app\/uploads\/2023\/03\/logo-GPI-2019-1.jpg\",\"contentUrl\":\"https:\/\/www.gpigroup.com\/app\/uploads\/2023\/03\/logo-GPI-2019-1.jpg\",\"width\":1946,\"height\":1945,\"caption\":\"GPI S.p.A.\"},\"image\":{\"@id\":\"https:\/\/www.gpigroup.com\/de\/#\/schema\/logo\/image\/\"},\"sameAs\":[\"https:\/\/www.facebook.com\/GruppoGPI\/\",\"https:\/\/www.linkedin.com\/company\/gpi-spa\",\"http:\/\/www.youtube.com\/user\/GruppoGPI\"]}]}<\/script>\n<!-- \/ Yoast SEO plugin. -->","yoast_head_json":{"title":"Gpi4Med.BLOOD | GPI","description":"Gpi4Med.BLOOD ist eine Suite hochentwickelter L\u00f6sungen, die der sicheren und effizienten Verwaltung der gesamten Blutversorgungskette","robots":{"index":"index","follow":"follow","max-snippet":"max-snippet:-1","max-image-preview":"max-image-preview:large","max-video-preview":"max-video-preview:-1"},"canonical":"https:\/\/www.gpigroup.com\/de\/gpi4med-blood-24\/","og_locale":"de_DE","og_type":"article","og_title":"Gpi4Med.BLOOD | GPI","og_description":"Gpi4Med.BLOOD ist eine Suite hochentwickelter L\u00f6sungen, die der sicheren und effizienten Verwaltung der gesamten Blutversorgungskette","og_url":"https:\/\/www.gpigroup.com\/de\/gpi4med-blood-24\/","og_site_name":"GPI","article_publisher":"https:\/\/www.facebook.com\/GruppoGPI\/","article_modified_time":"2024-10-24T08:33:27+00:00","og_image":[{"width":1366,"height":768,"url":"https:\/\/www.gpigroup.com\/app\/uploads\/2019\/04\/og-link-preview-1.png","type":"image\/png"}],"twitter_card":"summary_large_image","twitter_misc":{"Est. reading time":"5 minutes"},"schema":{"@context":"https:\/\/schema.org","@graph":[{"@type":"WebPage","@id":"https:\/\/www.gpigroup.com\/de\/gpi4med-blood-24\/","url":"https:\/\/www.gpigroup.com\/de\/gpi4med-blood-24\/","name":"Gpi4Med.BLOOD | GPI","isPartOf":{"@id":"https:\/\/www.gpigroup.com\/de\/#website"},"primaryImageOfPage":{"@id":"https:\/\/www.gpigroup.com\/de\/gpi4med-blood-24\/#primaryimage"},"image":{"@id":"https:\/\/www.gpigroup.com\/de\/gpi4med-blood-24\/#primaryimage"},"thumbnailUrl":"https:\/\/www.gpigroup.com\/app\/uploads\/2019\/04\/og-link-preview-1.png","datePublished":"2024-09-20T15:15:57+00:00","dateModified":"2024-10-24T08:33:27+00:00","description":"Gpi4Med.BLOOD ist eine Suite hochentwickelter L\u00f6sungen, die der sicheren und effizienten Verwaltung der gesamten Blutversorgungskette","breadcrumb":{"@id":"https:\/\/www.gpigroup.com\/de\/gpi4med-blood-24\/#breadcrumb"},"inLanguage":"de-DE","potentialAction":[{"@type":"ReadAction","target":["https:\/\/www.gpigroup.com\/de\/gpi4med-blood-24\/"]}]},{"@type":"ImageObject","inLanguage":"de-DE","@id":"https:\/\/www.gpigroup.com\/de\/gpi4med-blood-24\/#primaryimage","url":"https:\/\/www.gpigroup.com\/app\/uploads\/2019\/04\/og-link-preview-1.png","contentUrl":"https:\/\/www.gpigroup.com\/app\/uploads\/2019\/04\/og-link-preview-1.png","width":1366,"height":768,"caption":"GPI link preview"},{"@type":"BreadcrumbList","@id":"https:\/\/www.gpigroup.com\/de\/gpi4med-blood-24\/#breadcrumb","itemListElement":[{"@type":"ListItem","position":1,"name":"Home","item":"https:\/\/www.gpigroup.com\/de\/"},{"@type":"ListItem","position":2,"name":"Gpi4Med.BLOOD"}]},{"@type":"WebSite","@id":"https:\/\/www.gpigroup.com\/de\/#website","url":"https:\/\/www.gpigroup.com\/de\/","name":"GPI","description":"The Healthcare Partner","publisher":{"@id":"https:\/\/www.gpigroup.com\/de\/#organization"},"potentialAction":[{"@type":"SearchAction","target":{"@type":"EntryPoint","urlTemplate":"https:\/\/www.gpigroup.com\/de\/?s={search_term_string}"},"query-input":{"@type":"PropertyValueSpecification","valueRequired":true,"valueName":"search_term_string"}}],"inLanguage":"de-DE"},{"@type":"Organization","@id":"https:\/\/www.gpigroup.com\/de\/#organization","name":"GPI S.p.A.","url":"https:\/\/www.gpigroup.com\/de\/","logo":{"@type":"ImageObject","inLanguage":"de-DE","@id":"https:\/\/www.gpigroup.com\/de\/#\/schema\/logo\/image\/","url":"https:\/\/www.gpigroup.com\/app\/uploads\/2023\/03\/logo-GPI-2019-1.jpg","contentUrl":"https:\/\/www.gpigroup.com\/app\/uploads\/2023\/03\/logo-GPI-2019-1.jpg","width":1946,"height":1945,"caption":"GPI S.p.A."},"image":{"@id":"https:\/\/www.gpigroup.com\/de\/#\/schema\/logo\/image\/"},"sameAs":["https:\/\/www.facebook.com\/GruppoGPI\/","https:\/\/www.linkedin.com\/company\/gpi-spa","http:\/\/www.youtube.com\/user\/GruppoGPI"]}]}},"_links":{"self":[{"href":"https:\/\/www.gpigroup.com\/de\/wp-json\/wp\/v2\/pages\/157139","targetHints":{"allow":["GET"]}}],"collection":[{"href":"https:\/\/www.gpigroup.com\/de\/wp-json\/wp\/v2\/pages"}],"about":[{"href":"https:\/\/www.gpigroup.com\/de\/wp-json\/wp\/v2\/types\/page"}],"author":[{"embeddable":true,"href":"https:\/\/www.gpigroup.com\/de\/wp-json\/wp\/v2\/users\/7"}],"replies":[{"embeddable":true,"href":"https:\/\/www.gpigroup.com\/de\/wp-json\/wp\/v2\/comments?post=157139"}],"version-history":[{"count":1,"href":"https:\/\/www.gpigroup.com\/de\/wp-json\/wp\/v2\/pages\/157139\/revisions"}],"predecessor-version":[{"id":157140,"href":"https:\/\/www.gpigroup.com\/de\/wp-json\/wp\/v2\/pages\/157139\/revisions\/157140"}],"wp:featuredmedia":[{"embeddable":true,"href":"https:\/\/www.gpigroup.com\/de\/wp-json\/wp\/v2\/media\/5153"}],"wp:attachment":[{"href":"https:\/\/www.gpigroup.com\/de\/wp-json\/wp\/v2\/media?parent=157139"}],"curies":[{"name":"wp","href":"https:\/\/api.w.org\/{rel}","templated":true}]}}