{"id":157126,"date":"2024-09-20T17:23:19","date_gmt":"2024-09-20T15:23:19","guid":{"rendered":"https:\/\/www.gpigroup.com\/?page_id=157126"},"modified":"2024-10-24T10:33:13","modified_gmt":"2024-10-24T08:33:13","slug":"gpi4med-criticalcare-24","status":"publish","type":"page","link":"https:\/\/www.gpigroup.com\/de\/gpi4med-criticalcare-24\/","title":{"rendered":"Gpi4Med.CRITICALCARE"},"content":{"rendered":"<div class=\"wpb-content-wrapper\"><p>[vc_row full_width=&#8221;stretch_row&#8221; el_class=&#8221;text-row my-0&#8243;][vc_column][vc_row_inner][vc_column_inner][vc_column_text]<\/p>\n<div class=\"row asa-title\">\n<div class=\"col-12 col-md-6\">\n<img loading=\"lazy\" decoding=\"async\" width=\"1024\" height=\"576\" src=\"https:\/\/www.gpigroup.com\/app\/uploads\/2019\/05\/asa_software.jpg\" class=\"asa-image asa-image-mobile rounded-circle d-md-none d-inline\" alt=\"GPI Software\" srcset=\"https:\/\/www.gpigroup.com\/app\/uploads\/2019\/05\/asa_software.jpg 1024w, https:\/\/www.gpigroup.com\/app\/uploads\/2019\/05\/asa_software-300x169.jpg 300w, https:\/\/www.gpigroup.com\/app\/uploads\/2019\/05\/asa_software-768x432.jpg 768w\" sizes=\"auto, (max-width: 1024px) 100vw, 1024px\" \/>\n<div class=\"gpi_signature_title_tech\">\n<h1>Gpi4Med.CRITICALCARE<\/h1>\n<\/div>\n<\/div>\n<div class=\"col-12 col-md-6\">\n<div class=\"asa-symbol\"><img loading=\"lazy\" decoding=\"async\" class=\"alignnone size-medium wp-image-3055\" role=\"img\" src=\"https:\/\/www.gpigroup.com\/app\/uploads\/\/2019\/03\/Software-1.svg\" alt=\"\" width=\"24\" height=\"24\" \/>\u00a0SOFTWARE<\/div>\n<\/div>\n<\/div>\n<p>[\/vc_column_text][\/vc_column_inner][\/vc_row_inner][vc_row_inner el_class=&#8221;bl-body&#8221;][vc_column_inner width=&#8221;1\/3&#8243;][vc_column_text]<img loading=\"lazy\" decoding=\"async\" width=\"1024\" height=\"576\" src=\"https:\/\/www.gpigroup.com\/app\/uploads\/2019\/05\/asa_software.jpg\" class=\"asa-image rounded-circle d-md-inline d-none\" alt=\"GPI Software\" srcset=\"https:\/\/www.gpigroup.com\/app\/uploads\/2019\/05\/asa_software.jpg 1024w, https:\/\/www.gpigroup.com\/app\/uploads\/2019\/05\/asa_software-300x169.jpg 300w, https:\/\/www.gpigroup.com\/app\/uploads\/2019\/05\/asa_software-768x432.jpg 768w\" sizes=\"auto, (max-width: 1024px) 100vw, 1024px\" \/>[\/vc_column_text][\/vc_column_inner][vc_column_inner width=&#8221;2\/3&#8243;][vc_column_text css=&#8221;&#8221; el_class=&#8221;entice&#8221;]<span style=\"font-weight: 400;\">Gpi4Med.CRITICALCARE ist eine Softwaresuite, die f\u00fcr das optimierte und sichere Management von An\u00e4sthesie, Intensivpflege und Operationss\u00e4len entwickelt wurde.\u00a0<\/span><\/p>\n<p><span style=\"font-weight: 400;\">Diese spezialisierte Produktlinie der Gpi4Med Suite umfasst:<\/span>[\/vc_column_text][\/vc_column_inner][\/vc_row_inner][vc_row_inner][vc_column_inner width=&#8221;1\/3&#8243;][\/vc_column_inner][vc_column_inner width=&#8221;2\/3&#8243;][vc_column_text css=&#8221;&#8221;]<\/p>\n<ul>\n<li><strong>Intensive+<\/strong>: Eine spezialisierte L\u00f6sung zur Verbesserung der Pflegequalit\u00e4t, Reduzierung klinischer Fehler, Optimierung der Zeit und besseren Kostenkontrolle in Intensivstationen.<span style=\"text-decoration: underline;\">Hauptfunktionen:<\/span>\n<ul>\n<li>Verschreibungen und grafische Planung<\/li>\n<li>Retrospektive Ansichten nach Organ<\/li>\n<li>\u00dcberwachung von Dialyse und H\u00e4mofiltration<\/li>\n<li>Zielgerichtete und offene \u00dcbertragungen<\/li>\n<li>Multidisziplin\u00e4re Dokumente (Physiotherapie, Ern\u00e4hrungsberatung usw.)<\/li>\n<li>R\u00fcckverfolgbarkeit und Audit Trails<\/li>\n<\/ul>\n<\/li>\n<li><strong>An\u00e4sthesie:<\/strong> Eine L\u00f6sung f\u00fcr das integrierte Management von An\u00e4sthesieprozessen. Die Software vereinfacht den An\u00e4sthesie-Workflow vor, w\u00e4hrend und nach der Operation, minimiert Medikationsfehler und tr\u00e4gt zur Kontrolle der Arzneimittelkosten bei.<span style=\"text-decoration: underline;\">Hauptfunktionen: \u2022<\/span>\n<ul>\n<li>Digitalisierung des pr\u00e4an\u00e4sthetischen Konsultationsblatts (Anamnese, Behandlungen, Untersuchung usw.)<\/li>\n<li>Digitalisierung des \u00dcberwachungsblatts in den Phasen vor und nach der An\u00e4sthesie<\/li>\n<li>Automatische Erfassung der Vitaldaten<\/li>\n<li>Interoperable L\u00f6sung, in das HIS integriert und an biomedizinische Ger\u00e4te angeschlossen<\/li>\n<li>Automatisiertes und anpassbares Alarmsystem<span style=\"text-decoration: underline;\">Funktionen:<\/span><\/li>\n<li>Konsultation und pr\u00e4an\u00e4sthetischer Besuch<\/li>\n<li>Intraoperativer Einsatz w\u00e4hrend der Operationszeit<\/li>\n<li>Ambulanz<\/li>\n<li>Intensivstation<\/li>\n<li>Konnektivit\u00e4t \/ Statistiken<\/li>\n<\/ul>\n<\/li>\n<\/ul>\n<ul>\n<li><strong>OpRoom:<\/strong> Eine Softwarel\u00f6sung zur Organisation und Optimierung des chirurgischen Prozesses. Ziel ist es, die Effizienz des OP-Managements zu verbessern. Die modulare L\u00f6sung wurde in Zusammenarbeit mit chirurgischen Teams, Universit\u00e4tskliniken und Krankenh\u00e4usern entwickelt.<span style=\"text-decoration: underline;\">Hauptfunktionen:<\/span>\n<ul>\n<li>Management der Konsultations- und pr\u00e4operativen Phase<\/li>\n<li>Planung und Organisation des Operationssaals, der medizinischen Teams und der Ausr\u00fcstung<\/li>\n<li>Checklisten\u00fcberpr\u00fcfung und Organisation des Patientenverlaufs<\/li>\n<li>Verwaltung von Berichten und Statistiken<span style=\"text-decoration: underline;\">Funktionen:<\/span><\/li>\n<li>Konsultation und Pr\u00e4-OP<\/li>\n<li>Touchscreen-Planung und intraoperative Steuerung<\/li>\n<li>Einrichtung und Berichte<\/li>\n<\/ul>\n<\/li>\n<\/ul>\n<ul>\n<li><strong>ImageSI<\/strong>: Ein Hightech-System, das speziell entwickelt wurde, um den Anforderungen verschiedener OP-Typen gerecht zu werden und chirurgische, Lehr- und Trainingsaktivit\u00e4ten zu unterst\u00fctzen.<span style=\"text-decoration: underline;\">Hauptfunktionen:<\/span>\n<ul>\n<li>Routing von Videos, Bildern und Daten, die von der integrierten Ausr\u00fcstung erfasst wurden<\/li>\n<li>Integrations- und Datenaustauschmodule mit Krankenhausinformationssystemen<\/li>\n<li>Multimedia-Webarchiv f\u00fcr Lehraktivit\u00e4ten<\/li>\n<\/ul>\n<\/li>\n<\/ul>\n<p>[\/vc_column_text][\/vc_column_inner][\/vc_row_inner][\/vc_column][\/vc_row][vc_row][vc_column width=&#8221;1\/3&#8243;][vc_column_text css=&#8221;&#8221; el_class=&#8221;entice&#8221;]<\/p>\n<div class=\"gpi_signature_title_tech\">Gpi4Med<\/div>\n<p>[\/vc_column_text][\/vc_column][vc_column width=&#8221;2\/3&#8243;][vc_column_text css=&#8221;&#8221;]<strong>Globaler Ansatz in Digital Health:<\/strong><\/p>\n<p>Gpi4Med ist eine umfassende Software-Suite von Gpi, einer globalen Unternehmensgruppe mit 35 Jahren Erfahrung in Digital Health. Sie ebnet den Weg zur digitalen Transformation und nachhaltigen Gesundheitsversorgung.<\/p>\n<p>Die spezialisierten L\u00f6sungen sind mehrsprachig und in \u00fcber 70 L\u00e4ndern im Einsatz. \u00dcber unsere lokalen Niederlassungen, Partner und globalen Support-Teams unterst\u00fctzen wir das Wachstum und Know-how unserer Kunden in ihren Branchen.<\/p>\n<p><span style=\"text-decoration: underline;\">Einzigartiger Mehrwert:<\/span><\/p>\n<ul>\n<li>UMFASSENDE Unterst\u00fctzung f\u00fcr medizinische, chirurgische, klinische und diagnostische Bereiche<\/li>\n<li>WEB-Oberfl\u00e4che zur Vereinfachung von Implementierungs-, Support- und Wartungsprozessen<\/li>\n<li>GEMEINSAM mit Fachexperten aus der Branche entwickelt, um spezifische Bed\u00fcrfnisse zu erf\u00fcllen<\/li>\n<li>INTEGRATION mit einer Vielzahl von biomedizinischen Ger\u00e4ten und Softwarel\u00f6sungen Dritter<\/li>\n<li>ZERTIFIZIERT\/FREIGEGEBEN als Software-Medizinprodukt (MDR, CE, FDA, SFDA und andere)<\/li>\n<li>ERWEITERT mit innovativen Funktionen und KI-basierten fortschrittlichen Algorithmen<\/li>\n<\/ul>\n<p><span style=\"text-decoration: underline;\">Mission:<\/span><\/p>\n<p>Mit Gpi4Med will die Gpi eine f\u00fchrende Rolle in der technologischen und nachhaltigen Transformation der Prozesse zur Pr\u00e4vention, Pflege und Behandlung von Gesundheit und Wohlbefinden der Menschen einnehmen.<\/p>\n<p><span style=\"text-decoration: underline;\">Vision:<\/span><\/p>\n<p>Mit Gpi4Med m\u00f6chte die Gpi Group Wissen und Expertise bereitstellen, um durch Software, Dienstleistungen und Technologien die Prozesse in Pr\u00e4vention, Versorgung und Behandlung zu verbessern \u2013 und damit sowohl Gesundheitsfachkr\u00e4fte als auch Patienten st\u00e4rken und unterst\u00fctzen.<\/p>\n<p><span style=\"text-decoration: underline;\">Unsere Erfolge in Zahlen<\/span><\/p>\n<ul>\n<li>\u00dcber 9.000 Kunden in mehr als 70 L\u00e4ndern<\/li>\n<li>Mehr als 8.000 Mitarbeiter in \u00fcber 17 L\u00e4ndern weltweit t\u00e4tig<\/li>\n<li>Nr. 1 im Bereich Healthcare-IT in Italien, einer der f\u00fchrenden Anbieter in der EU<\/li>\n<li>Nr. 1 in Italien f\u00fcr vielf\u00e4ltigen Zugang zu Behandlungen<\/li>\n<li>Ein gemeinsames Ziel: Die Lebensqualit\u00e4t der Menschen verbessern<\/li>\n<\/ul>\n<p>[\/vc_column_text][\/vc_column][\/vc_row]<\/p>\n[vc_row full_width=\"stretch_row\" el_class=\"vision mb-0 gpi-orange-bg\"][vc_column offset=\"vc_col-lg-3 vc_col-xs-12\"][vc_column_text]\n<h4>Contact our sales team<\/h4>[\/vc_column_text][\/vc_column][vc_column width=\"3\/4\" offset=\"vc_col-lg-offset-0 vc_col-sm-offset-3 vc_col-xs-12\"][vc_raw_html]JTVCY29udGFjdC1mb3JtLTclMjBpZCUzRCUyMjg1NDcxJTIyJTIwdGl0bGUlM0QlMjJCdXNpbmVzcyUyMGxpbmUlMjBmb3JtJTIyJTIwaHRtbF9pZCUzRCUyMmdwaS1jb250YWN0LWZvcm0lMjIlNUQ=[\/vc_raw_html][\/vc_column][\/vc_row]<\/div>","protected":false},"excerpt":{"rendered":"<p>[vc_row full_width=&#8221;stretch_row&#8221; el_class=&#8221;text-row my-0&#8243;][vc_column][vc_row_inner][vc_column_inner][vc_column_text] Gpi4Med.CRITICALCARE \u00a0SOFTWARE [\/vc_column_text][\/vc_column_inner][\/vc_row_inner][vc_row_inner el_class=&#8221;bl-body&#8221;][vc_column_inner width=&#8221;1\/3&#8243;][vc_column_text][\/vc_column_text][\/vc_column_inner][vc_column_inner width=&#8221;2\/3&#8243;][vc_column_text css=&#8221;&#8221; el_class=&#8221;entice&#8221;]Gpi4Med.CRITICALCARE ist eine Softwaresuite, die f\u00fcr das optimierte und sichere Management von An\u00e4sthesie, Intensivpflege und Operationss\u00e4len entwickelt wurde.\u00a0 Diese spezialisierte Produktlinie der Gpi4Med Suite umfasst:[\/vc_column_text][\/vc_column_inner][\/vc_row_inner][vc_row_inner][vc_column_inner width=&#8221;1\/3&#8243;][\/vc_column_inner][vc_column_inner width=&#8221;2\/3&#8243;][vc_column_text css=&#8221;&#8221;] Intensive+: Eine spezialisierte L\u00f6sung zur Verbesserung der Pflegequalit\u00e4t, Reduzierung klinischer Fehler, Optimierung der Zeit und besseren<\/p>\n","protected":false},"author":7,"featured_media":5153,"parent":0,"menu_order":0,"comment_status":"closed","ping_status":"closed","template":"","meta":{"footnotes":""},"class_list":["post-157126","page","type-page","status-publish","has-post-thumbnail","hentry","client_type-gesundheitswesen","client_type-private-gesundheitsversorgung","page_category-angebot","section-offerta","business_line-software"],"yoast_head":"<!-- This site is optimized with the Yoast SEO plugin v27.1.1 - https:\/\/yoast.com\/product\/yoast-seo-wordpress\/ -->\n<title>Gpi4Med.CRITICALCARE<\/title>\n<meta name=\"description\" content=\"Gpi4Med.CRITICALCARE ist eine Softwaresuite, die f\u00fcr das optimierte und sichere Management von An\u00e4sthesie, Intensivpflege und Operationss\u00e4len entwickelt wurde.\u00a0\" \/>\n<meta name=\"robots\" content=\"index, follow, max-snippet:-1, max-image-preview:large, max-video-preview:-1\" \/>\n<link rel=\"canonical\" href=\"https:\/\/www.gpigroup.com\/de\/gpi4med-criticalcare-24\/\" \/>\n<meta property=\"og:locale\" content=\"de_DE\" \/>\n<meta property=\"og:type\" content=\"article\" \/>\n<meta property=\"og:title\" content=\"Gpi4Med.CRITICALCARE\" \/>\n<meta property=\"og:description\" content=\"Gpi4Med.CRITICALCARE ist eine Softwaresuite, die f\u00fcr das optimierte und sichere Management von An\u00e4sthesie, Intensivpflege und Operationss\u00e4len entwickelt wurde.\u00a0\" \/>\n<meta property=\"og:url\" content=\"https:\/\/www.gpigroup.com\/de\/gpi4med-criticalcare-24\/\" \/>\n<meta property=\"og:site_name\" content=\"GPI\" \/>\n<meta property=\"article:publisher\" content=\"https:\/\/www.facebook.com\/GruppoGPI\/\" \/>\n<meta property=\"article:modified_time\" content=\"2024-10-24T08:33:13+00:00\" \/>\n<meta property=\"og:image\" content=\"https:\/\/www.gpigroup.com\/app\/uploads\/2019\/04\/og-link-preview-1.png\" \/>\n\t<meta property=\"og:image:width\" content=\"1366\" \/>\n\t<meta property=\"og:image:height\" content=\"768\" \/>\n\t<meta property=\"og:image:type\" content=\"image\/png\" \/>\n<meta name=\"twitter:card\" content=\"summary_large_image\" \/>\n<meta name=\"twitter:label1\" content=\"Est. reading time\" \/>\n\t<meta name=\"twitter:data1\" content=\"4 minutes\" \/>\n<script type=\"application\/ld+json\" class=\"yoast-schema-graph\">{\"@context\":\"https:\/\/schema.org\",\"@graph\":[{\"@type\":\"WebPage\",\"@id\":\"https:\/\/www.gpigroup.com\/de\/gpi4med-criticalcare-24\/\",\"url\":\"https:\/\/www.gpigroup.com\/de\/gpi4med-criticalcare-24\/\",\"name\":\"Gpi4Med.CRITICALCARE\",\"isPartOf\":{\"@id\":\"https:\/\/www.gpigroup.com\/de\/#website\"},\"primaryImageOfPage\":{\"@id\":\"https:\/\/www.gpigroup.com\/de\/gpi4med-criticalcare-24\/#primaryimage\"},\"image\":{\"@id\":\"https:\/\/www.gpigroup.com\/de\/gpi4med-criticalcare-24\/#primaryimage\"},\"thumbnailUrl\":\"https:\/\/www.gpigroup.com\/app\/uploads\/2019\/04\/og-link-preview-1.png\",\"datePublished\":\"2024-09-20T15:23:19+00:00\",\"dateModified\":\"2024-10-24T08:33:13+00:00\",\"description\":\"Gpi4Med.CRITICALCARE ist eine Softwaresuite, die f\u00fcr das optimierte und sichere Management von An\u00e4sthesie, Intensivpflege und Operationss\u00e4len entwickelt wurde.\u00a0\",\"breadcrumb\":{\"@id\":\"https:\/\/www.gpigroup.com\/de\/gpi4med-criticalcare-24\/#breadcrumb\"},\"inLanguage\":\"de-DE\",\"potentialAction\":[{\"@type\":\"ReadAction\",\"target\":[\"https:\/\/www.gpigroup.com\/de\/gpi4med-criticalcare-24\/\"]}]},{\"@type\":\"ImageObject\",\"inLanguage\":\"de-DE\",\"@id\":\"https:\/\/www.gpigroup.com\/de\/gpi4med-criticalcare-24\/#primaryimage\",\"url\":\"https:\/\/www.gpigroup.com\/app\/uploads\/2019\/04\/og-link-preview-1.png\",\"contentUrl\":\"https:\/\/www.gpigroup.com\/app\/uploads\/2019\/04\/og-link-preview-1.png\",\"width\":1366,\"height\":768,\"caption\":\"GPI link preview\"},{\"@type\":\"BreadcrumbList\",\"@id\":\"https:\/\/www.gpigroup.com\/de\/gpi4med-criticalcare-24\/#breadcrumb\",\"itemListElement\":[{\"@type\":\"ListItem\",\"position\":1,\"name\":\"Home\",\"item\":\"https:\/\/www.gpigroup.com\/de\/\"},{\"@type\":\"ListItem\",\"position\":2,\"name\":\"Gpi4Med.CRITICALCARE\"}]},{\"@type\":\"WebSite\",\"@id\":\"https:\/\/www.gpigroup.com\/de\/#website\",\"url\":\"https:\/\/www.gpigroup.com\/de\/\",\"name\":\"GPI\",\"description\":\"The Healthcare Partner\",\"publisher\":{\"@id\":\"https:\/\/www.gpigroup.com\/de\/#organization\"},\"potentialAction\":[{\"@type\":\"SearchAction\",\"target\":{\"@type\":\"EntryPoint\",\"urlTemplate\":\"https:\/\/www.gpigroup.com\/de\/?s={search_term_string}\"},\"query-input\":{\"@type\":\"PropertyValueSpecification\",\"valueRequired\":true,\"valueName\":\"search_term_string\"}}],\"inLanguage\":\"de-DE\"},{\"@type\":\"Organization\",\"@id\":\"https:\/\/www.gpigroup.com\/de\/#organization\",\"name\":\"GPI S.p.A.\",\"url\":\"https:\/\/www.gpigroup.com\/de\/\",\"logo\":{\"@type\":\"ImageObject\",\"inLanguage\":\"de-DE\",\"@id\":\"https:\/\/www.gpigroup.com\/de\/#\/schema\/logo\/image\/\",\"url\":\"https:\/\/www.gpigroup.com\/app\/uploads\/2023\/03\/logo-GPI-2019-1.jpg\",\"contentUrl\":\"https:\/\/www.gpigroup.com\/app\/uploads\/2023\/03\/logo-GPI-2019-1.jpg\",\"width\":1946,\"height\":1945,\"caption\":\"GPI S.p.A.\"},\"image\":{\"@id\":\"https:\/\/www.gpigroup.com\/de\/#\/schema\/logo\/image\/\"},\"sameAs\":[\"https:\/\/www.facebook.com\/GruppoGPI\/\",\"https:\/\/www.linkedin.com\/company\/gpi-spa\",\"http:\/\/www.youtube.com\/user\/GruppoGPI\"]}]}<\/script>\n<!-- \/ Yoast SEO plugin. -->","yoast_head_json":{"title":"Gpi4Med.CRITICALCARE","description":"Gpi4Med.CRITICALCARE ist eine Softwaresuite, die f\u00fcr das optimierte und sichere Management von An\u00e4sthesie, Intensivpflege und Operationss\u00e4len entwickelt wurde.\u00a0","robots":{"index":"index","follow":"follow","max-snippet":"max-snippet:-1","max-image-preview":"max-image-preview:large","max-video-preview":"max-video-preview:-1"},"canonical":"https:\/\/www.gpigroup.com\/de\/gpi4med-criticalcare-24\/","og_locale":"de_DE","og_type":"article","og_title":"Gpi4Med.CRITICALCARE","og_description":"Gpi4Med.CRITICALCARE ist eine Softwaresuite, die f\u00fcr das optimierte und sichere Management von An\u00e4sthesie, Intensivpflege und Operationss\u00e4len entwickelt wurde.\u00a0","og_url":"https:\/\/www.gpigroup.com\/de\/gpi4med-criticalcare-24\/","og_site_name":"GPI","article_publisher":"https:\/\/www.facebook.com\/GruppoGPI\/","article_modified_time":"2024-10-24T08:33:13+00:00","og_image":[{"width":1366,"height":768,"url":"https:\/\/www.gpigroup.com\/app\/uploads\/2019\/04\/og-link-preview-1.png","type":"image\/png"}],"twitter_card":"summary_large_image","twitter_misc":{"Est. reading time":"4 minutes"},"schema":{"@context":"https:\/\/schema.org","@graph":[{"@type":"WebPage","@id":"https:\/\/www.gpigroup.com\/de\/gpi4med-criticalcare-24\/","url":"https:\/\/www.gpigroup.com\/de\/gpi4med-criticalcare-24\/","name":"Gpi4Med.CRITICALCARE","isPartOf":{"@id":"https:\/\/www.gpigroup.com\/de\/#website"},"primaryImageOfPage":{"@id":"https:\/\/www.gpigroup.com\/de\/gpi4med-criticalcare-24\/#primaryimage"},"image":{"@id":"https:\/\/www.gpigroup.com\/de\/gpi4med-criticalcare-24\/#primaryimage"},"thumbnailUrl":"https:\/\/www.gpigroup.com\/app\/uploads\/2019\/04\/og-link-preview-1.png","datePublished":"2024-09-20T15:23:19+00:00","dateModified":"2024-10-24T08:33:13+00:00","description":"Gpi4Med.CRITICALCARE ist eine Softwaresuite, die f\u00fcr das optimierte und sichere Management von An\u00e4sthesie, Intensivpflege und Operationss\u00e4len entwickelt wurde.\u00a0","breadcrumb":{"@id":"https:\/\/www.gpigroup.com\/de\/gpi4med-criticalcare-24\/#breadcrumb"},"inLanguage":"de-DE","potentialAction":[{"@type":"ReadAction","target":["https:\/\/www.gpigroup.com\/de\/gpi4med-criticalcare-24\/"]}]},{"@type":"ImageObject","inLanguage":"de-DE","@id":"https:\/\/www.gpigroup.com\/de\/gpi4med-criticalcare-24\/#primaryimage","url":"https:\/\/www.gpigroup.com\/app\/uploads\/2019\/04\/og-link-preview-1.png","contentUrl":"https:\/\/www.gpigroup.com\/app\/uploads\/2019\/04\/og-link-preview-1.png","width":1366,"height":768,"caption":"GPI link preview"},{"@type":"BreadcrumbList","@id":"https:\/\/www.gpigroup.com\/de\/gpi4med-criticalcare-24\/#breadcrumb","itemListElement":[{"@type":"ListItem","position":1,"name":"Home","item":"https:\/\/www.gpigroup.com\/de\/"},{"@type":"ListItem","position":2,"name":"Gpi4Med.CRITICALCARE"}]},{"@type":"WebSite","@id":"https:\/\/www.gpigroup.com\/de\/#website","url":"https:\/\/www.gpigroup.com\/de\/","name":"GPI","description":"The Healthcare Partner","publisher":{"@id":"https:\/\/www.gpigroup.com\/de\/#organization"},"potentialAction":[{"@type":"SearchAction","target":{"@type":"EntryPoint","urlTemplate":"https:\/\/www.gpigroup.com\/de\/?s={search_term_string}"},"query-input":{"@type":"PropertyValueSpecification","valueRequired":true,"valueName":"search_term_string"}}],"inLanguage":"de-DE"},{"@type":"Organization","@id":"https:\/\/www.gpigroup.com\/de\/#organization","name":"GPI S.p.A.","url":"https:\/\/www.gpigroup.com\/de\/","logo":{"@type":"ImageObject","inLanguage":"de-DE","@id":"https:\/\/www.gpigroup.com\/de\/#\/schema\/logo\/image\/","url":"https:\/\/www.gpigroup.com\/app\/uploads\/2023\/03\/logo-GPI-2019-1.jpg","contentUrl":"https:\/\/www.gpigroup.com\/app\/uploads\/2023\/03\/logo-GPI-2019-1.jpg","width":1946,"height":1945,"caption":"GPI S.p.A."},"image":{"@id":"https:\/\/www.gpigroup.com\/de\/#\/schema\/logo\/image\/"},"sameAs":["https:\/\/www.facebook.com\/GruppoGPI\/","https:\/\/www.linkedin.com\/company\/gpi-spa","http:\/\/www.youtube.com\/user\/GruppoGPI"]}]}},"_links":{"self":[{"href":"https:\/\/www.gpigroup.com\/de\/wp-json\/wp\/v2\/pages\/157126","targetHints":{"allow":["GET"]}}],"collection":[{"href":"https:\/\/www.gpigroup.com\/de\/wp-json\/wp\/v2\/pages"}],"about":[{"href":"https:\/\/www.gpigroup.com\/de\/wp-json\/wp\/v2\/types\/page"}],"author":[{"embeddable":true,"href":"https:\/\/www.gpigroup.com\/de\/wp-json\/wp\/v2\/users\/7"}],"replies":[{"embeddable":true,"href":"https:\/\/www.gpigroup.com\/de\/wp-json\/wp\/v2\/comments?post=157126"}],"version-history":[{"count":1,"href":"https:\/\/www.gpigroup.com\/de\/wp-json\/wp\/v2\/pages\/157126\/revisions"}],"predecessor-version":[{"id":157127,"href":"https:\/\/www.gpigroup.com\/de\/wp-json\/wp\/v2\/pages\/157126\/revisions\/157127"}],"wp:featuredmedia":[{"embeddable":true,"href":"https:\/\/www.gpigroup.com\/de\/wp-json\/wp\/v2\/media\/5153"}],"wp:attachment":[{"href":"https:\/\/www.gpigroup.com\/de\/wp-json\/wp\/v2\/media?parent=157126"}],"curies":[{"name":"wp","href":"https:\/\/api.w.org\/{rel}","templated":true}]}}